{"id":5595,"date":"2020-01-07T11:46:22","date_gmt":"2020-01-07T11:46:22","guid":{"rendered":"https:\/\/sit.com.mt\/conferences\/services\/"},"modified":"2021-03-25T14:53:02","modified_gmt":"2021-03-25T14:53:02","slug":"servicios","status":"publish","type":"page","link":"https:\/\/sit.com.mt\/es\/servicios\/conferencias\/servicios\/","title":{"rendered":"Servicios de conferencias"},"content":{"rendered":"<div class=\"landing-banner-block\">\n    <div class=\"landing-banner-wrap inline-bg-image lazyload\" style=\"background-image:inherit;\" data-bg-image=\"url(https:\/\/sit.com.mt\/wp-content\/uploads\/2020\/01\/services.png)\">\n        \n            <div class=\"content-box\" data-aos=\"fade-up\">\n                                    <h1 class=\"h1\">Nuestros Servicios<\/h1>\n                                                    <p class=\"para\">Creamos experiencias \u00fanicas que mueven corazones, mentes y empresas. \u00bfEl resultado? tus eventos, y tu, un gran \u00e9xito una y otra vez.<\/p>\n                            <\/div>\n            \n                    <\/div>\n        \n    <\/div>\n\n<div class=\"image-desc-large-blocks-block\">\n    <div class=\"image-desc-large-blocks-wrap\">\n            <div class=\"img-desc-large-box\" data-aos=\"fade-up\" tabindex=\"1\">\n\n                        <div class=\"img inline-bg-image lazyload\" role=\"img\" aria-label=\"Blurred lobby at the hotel\" style=\"background-image:inherit;\" data-bg-image=\"url(https:\/\/sit.com.mt\/wp-content\/uploads\/2020\/01\/hotels-lobby.png)\"><\/div>\n\n            <div class=\"block-title\">\n                <div class=\"v-align\">\n                    <div class=\"title\">EN UN HOTEL<\/div>\n                <\/div>\n            <\/div>\n\n            <div class=\"block-content\">\n                <div class=\"title\">EN UN HOTEL<\/div>\n                <div class=\"para\"><p>\u2014<\/p>\n<p>&nbsp;<\/p>\n<p>Gracias a las grandes inversiones realizadas por nuestros hoteles en los \u00faltimos a\u00f1os, la mayor\u00eda de nuestras propiedades 4 * y 5 * pueden presumir de una excelente selecci\u00f3n de salas de reuniones bien equipadas y de \u00faltima generaci\u00f3n.<\/p>\n<\/div>\n            <\/div>\n\n        <\/div>\n            <div class=\"img-desc-large-box\" data-aos=\"fade-up\" tabindex=\"1\">\n\n                        <div class=\"img inline-bg-image lazyload\" role=\"img\" aria-label=\"Conference microphone at the meeting room\" style=\"background-image:inherit;\" data-bg-image=\"url(https:\/\/sit.com.mt\/wp-content\/uploads\/2020\/01\/conference-microphone.png)\"><\/div>\n\n            <div class=\"block-title\">\n                <div class=\"v-align\">\n                    <div class=\"title\">EN UN CENTRO DE CONFERENCIAS Y CONVENCIONES<\/div>\n                <\/div>\n            <\/div>\n\n            <div class=\"block-content\">\n                <div class=\"title\">EN UN CENTRO DE CONFERENCIAS Y CONVENCIONES<\/div>\n                <div class=\"para\"><p>\u2014<\/p>\n<p>Hay un total de 5 Centros de Conferencias y Convenciones en nuestra peque\u00f1a isla. Dos est\u00e1n ubicados en hoteles de 5 * en St. Julians (distancia a pie de un sinf\u00edn de opciones hoteleras de 5 *, 4 * y 3 *). Otro se encuentra en un hotel de 4 * en la zona norte . De los 2 \u00faltimos; Uno es un lugar\u00a0 especificamente dise\u00f1ado conferencias y exposiciones\u00a0 \u00a0el otro es un hospital espectacularmente restaurado, originalmente construido por los Caballeros de San Juan.<\/p>\n<\/div>\n            <\/div>\n\n        <\/div>\n            <div class=\"img-desc-large-box\" data-aos=\"fade-up\" tabindex=\"1\">\n\n                        <div class=\"img inline-bg-image lazyload\" role=\"img\" aria-label=\"business meeting in a historical place\" style=\"background-image:inherit;\" data-bg-image=\"url(https:\/\/sit.com.mt\/wp-content\/uploads\/2020\/05\/meeting-in-a-creative-location.jpg)\"><\/div>\n\n            <div class=\"block-title\">\n                <div class=\"v-align\">\n                    <div class=\"title\">EN UNA UBICACI\u00d3N CREATIVA<\/div>\n                <\/div>\n            <\/div>\n\n            <div class=\"block-content\">\n                <div class=\"title\">EN UNA UBICACI\u00d3N CREATIVA<\/div>\n                <div class=\"para\"><p>\u2014<\/p>\n<p>&nbsp;<\/p>\n<p>Cuando se trata de planificar una conferencia, la ubicaci\u00f3n es clave. Atr\u00e1s quedaron los d\u00edas en que los delegados estaban felices sentandose en una sala de reuniones todo el d\u00eda. Los asistentes\u00a0 esperan m\u00e1s. Con m\u00e1s de 300 d\u00edas de sol, las ubicaciones al aire libre en las islas maltesas son muchas. Se puede elegir desde jardines hasta miradores, fortalezas hist\u00f3ricas, playas, terrazas o edificios antiguos llenos de car\u00e1cter.<\/p>\n<\/div>\n            <\/div>\n\n        <\/div>\n            <div class=\"img-desc-large-box\" data-aos=\"fade-up\" tabindex=\"1\">\n\n                        <div class=\"img inline-bg-image lazyload\" role=\"img\" aria-label=\"AV amplifier\" style=\"background-image:inherit;\" data-bg-image=\"url(https:\/\/sit.com.mt\/wp-content\/uploads\/2020\/01\/amplifier-audio-mixer.png)\"><\/div>\n\n            <div class=\"block-title\">\n                <div class=\"v-align\">\n                    <div class=\"title\">EQUIPO A \/V<\/div>\n                <\/div>\n            <\/div>\n\n            <div class=\"block-content\">\n                <div class=\"title\">EQUIPO A \/V<\/div>\n                <div class=\"para\"><p>\u2014<\/p>\n<p>&nbsp;<\/p>\n<p>Los componentes audiovisuales son cruciales para el \u00e9xito de su reuni\u00f3n y no deben pasarse por alto. Lo tenemos cubierto con equipos de conferencias de \u00faltima generaci\u00f3n, desde un clicker b\u00e1sico hasta un proyector de hologramas..<\/p>\n<\/div>\n            <\/div>\n\n        <\/div>\n            <div class=\"img-desc-large-box\" data-aos=\"fade-up\" tabindex=\"1\">\n\n                        <div class=\"img inline-bg-image lazyload\" role=\"img\" aria-label=\"conference speaker during the speech\" style=\"background-image:inherit;\" data-bg-image=\"url(https:\/\/sit.com.mt\/wp-content\/uploads\/2020\/06\/conference-speaker.jpg)\"><\/div>\n\n            <div class=\"block-title\">\n                <div class=\"v-align\">\n                    <div class=\"title\">ASISTENTES &#038; PONENTES PARA LA CONFERENCIA<\/div>\n                <\/div>\n            <\/div>\n\n            <div class=\"block-content\">\n                <div class=\"title\">ASISTENTES &#038; PONENTES PARA LA CONFERENCIA<\/div>\n                <div class=\"para\"><p>\u2014<\/p>\n<p>&nbsp;<\/p>\n<p>No importa el tama\u00f1o de tu conferencia, contamos con un fant\u00e1stico equipo de asistentes de conferencias profesionales, experimentados y multiling\u00fces a nuestro alcance. Desde anfitriones b\u00e1sicos hasta funcionarios de enlace capacitados, tenemos la mano de obra para satisfacer tus necesidades.<\/p>\n<\/div>\n            <\/div>\n\n        <\/div>\n            <div class=\"img-desc-large-box\" data-aos=\"fade-up\" tabindex=\"1\">\n\n                        <div class=\"img inline-bg-image lazyload\" role=\"img\" aria-label=\"hand using computer wireless mouse\" style=\"background-image:inherit;\" data-bg-image=\"url(https:\/\/sit.com.mt\/wp-content\/uploads\/2020\/01\/apple-click-connection-392018.png)\"><\/div>\n\n            <div class=\"block-title\">\n                <div class=\"v-align\">\n                    <div class=\"title\">DISE\u00d1O VISUAL DIGITAL &#038; CONTENIDO<\/div>\n                <\/div>\n            <\/div>\n\n            <div class=\"block-content\">\n                <div class=\"title\">DISE\u00d1O VISUAL DIGITAL &#038; CONTENIDO<\/div>\n                <div class=\"para\"><p>\u2014<\/p>\n<p>&nbsp;<\/p>\n<p>La innovaci\u00f3n, el pensamiento original y un enfoque global son las herramientas de nuestro oficio. Nos enfocamos en hacer que tu evento se destaque:\u00a0 con gr\u00e1ficos de eventos \u00fanicos y llamativos. Desde el sitio web y l redes sociales, hasta los dise\u00f1os de logotipo, insignias y telones de fondo para la conferencia, capta la atenci\u00f3n de tus delegados con nuestros dise\u00f1os profesionales.<\/p>\n<\/div>\n            <\/div>\n\n        <\/div>\n    <\/div><\/div>\n\n<div class=\"tsdb-block\">\n    <div class=\"tsdb-wrap grey-bg includes-bg-text \">\n            <div class=\"inner\">\n\n                                \n                                \n                                                    <div class=\"para\" data-aos=\"fade-up\"><p>Independientemente del tama\u00f1o y la naturaleza de su conferencia, SIT cuenta  con la experiencia para hacerlo. Desde una sala de juntas privada para 10 personas, o un \u00e1rea para una multitud de 10,000, las posibilidades son infinitas. Con instalaciones de vanguardia inmersas en cientos de a\u00f1os de historia hasta ultramodernas, Malta cumple todos los requisitos.<\/p>\n<\/div>\n                \n                                                    <a href=\"\/es\/contacto\/\" class=\"button\" target=\"\" data-aos=\"fade-up\">Cont\u00e1ctanos<\/a>\n                                \n                \n            <\/div>\n\n                            <div class=\"bg-text\" data-aos=\"fade-up\">Destacado<\/div>\n                    <\/div>\n    \n    <\/div>\n\n<div class=\"image-desc-blocks-block\">\n    <div class=\"image-desc-blocks-wrap\">\n                    <a href=\"\/es\/servicios\/conferencias\/\" class=\"link-wrap\" target=\"\">\n            <div class=\"img-desc-box\" data-aos=\"fade-up\" data-aos-offset=\"50\">\n\n                                <div class=\"img inline-bg-image lazyload\" role=\"img\" aria-label=\"aluminum chairs in a conference room\" style=\"background-image:inherit;\" data-bg-image=\"url(https:\/\/sit.com.mt\/wp-content\/uploads\/2020\/01\/aluminum-chairs-conference-691485.png)\"><\/div>\n\n                <div class=\"block-title\">\n                    <div class=\"title\">CONFERENCIAS<\/div>\n                <\/div>\n\n                <div class=\"block-content\">\n                    <div class=\"title\">CONFERENCIAS<\/div>\n                    \n                    <p class=\"para\">Si est\u00e1s pensando en organizar una conferencia internacional, una convenci\u00f3n multinivel o un foro anual, rel\u00e1jate, cumpliremos con tus m\u00e1s altas expectativas.\r\n<\/p>\n                    \n                                            <span class=\"more-link\">Leer m\u00e1s  <\/span>\n                                    <\/div>\n\n            <\/div>\n        <\/a>\n                    <a href=\"http:\/\/conferences\/asociaciones-reuniones\" class=\"link-wrap\" target=\"\">\n            <div class=\"img-desc-box\" data-aos=\"fade-up\" data-aos-offset=\"50\">\n\n                                <div class=\"img inline-bg-image lazyload\" role=\"img\" aria-label=\"Associations\" style=\"background-image:inherit;\" data-bg-image=\"url(https:\/\/sit.com.mt\/wp-content\/uploads\/2020\/01\/OH1E090.png)\"><\/div>\n\n                <div class=\"block-title\">\n                    <div class=\"title\">ASOCIACIONES<\/div>\n                <\/div>\n\n                <div class=\"block-content\">\n                    <div class=\"title\">ASOCIACIONES<\/div>\n                    \n                    <p class=\"para\">Los organizadores de reuniones de asociaciones internacionales pueden confiar en SIT para encontrar soluciones a todos los objetivos de sus eventos: sedes; asesoramiento t\u00e9cnico; asistencia enl transporte de delegados; planificaci\u00f3n completa de convenciones o servicios ad hoc.\r\n<\/p>\n                    \n                                            <span class=\"more-link\">Leer m\u00e1s  <\/span>\n                                    <\/div>\n\n            <\/div>\n        <\/a>\n                    <a href=\"\/es\/portafolio\/#conferencias\" class=\"link-wrap\" target=\"\">\n            <div class=\"img-desc-box\" data-aos=\"fade-up\" data-aos-offset=\"50\">\n\n                                <div class=\"img inline-bg-image lazyload\" role=\"img\" aria-label=\"Case Studies\" style=\"background-image:inherit;\" data-bg-image=\"url(https:\/\/sit.com.mt\/wp-content\/uploads\/2020\/01\/OB820S0.png)\"><\/div>\n\n                <div class=\"block-title\">\n                    <div class=\"title\">CASOS DE ESTUDIO<\/div>\n                <\/div>\n\n                <div class=\"block-content\">\n                    <div class=\"title\">CASOS DE ESTUDIO<\/div>\n                    \n                    <p class=\"para\">Nuestro trabajo: Insp\u00edrate!\r\n<\/p>\n                    \n                                            <span class=\"more-link\">Leer m\u00e1s  <\/span>\n                                    <\/div>\n\n            <\/div>\n        <\/a>\n                    <a href=\"\" class=\"link-wrap\" target=\"\">\n            <div class=\"img-desc-box\" data-aos=\"fade-up\" data-aos-offset=\"50\">\n\n                                <div class=\"img inline-bg-image\" role=\"img\" aria-label=\"\" style=\"background-image: url();\"><\/div>\n\n                <div class=\"block-title\">\n                    <div class=\"title\"><\/div>\n                <\/div>\n\n                <div class=\"block-content\">\n                    <div class=\"title\"><\/div>\n                    \n                    <p class=\"para\"><\/p>\n                    \n                                    <\/div>\n\n            <\/div>\n        <\/a>\n    <\/div><\/div>","protected":false},"excerpt":{"rendered":"","protected":false},"author":6,"featured_media":0,"parent":5565,"menu_order":0,"comment_status":"closed","ping_status":"closed","template":"","meta":{"footnotes":""},"categories":[],"class_list":["post-5595","page","type-page","status-publish","hentry"],"acf":[],"yoast_head":"<!-- This site is optimized with the Yoast SEO plugin v25.3 - https:\/\/yoast.com\/wordpress\/plugins\/seo\/ -->\n<title>Servicios de conferencias y gesti\u00f3n de conferencias | SIT Malta<\/title>\n<meta name=\"description\" content=\"SIT se enorgullece de manejar servicios de conferencias de alta calidad para eventos de cualquier tama\u00f1o para una serie de clientes corporativos l\u00edderes en todo el mundo.\" \/>\n<meta name=\"robots\" content=\"index, follow, max-snippet:-1, max-image-preview:large, max-video-preview:-1\" \/>\n<link rel=\"canonical\" href=\"https:\/\/sit.com.mt\/es\/servicios\/conferencias\/servicios\/\" \/>\n<meta property=\"og:locale\" content=\"es_ES\" \/>\n<meta property=\"og:type\" content=\"article\" \/>\n<meta property=\"og:title\" content=\"Servicios de conferencias y gesti\u00f3n de conferencias | SIT Malta\" \/>\n<meta property=\"og:description\" content=\"SIT se enorgullece de manejar servicios de conferencias de alta calidad para eventos de cualquier tama\u00f1o para una serie de clientes corporativos l\u00edderes en todo el mundo.\" \/>\n<meta property=\"og:url\" content=\"https:\/\/sit.com.mt\/es\/servicios\/conferencias\/servicios\/\" \/>\n<meta property=\"og:site_name\" content=\"SIT Malta\" \/>\n<meta property=\"article:modified_time\" content=\"2021-03-25T14:53:02+00:00\" \/>\n<meta name=\"twitter:card\" content=\"summary_large_image\" \/>\n<script type=\"application\/ld+json\" class=\"yoast-schema-graph\">{\"@context\":\"https:\/\/schema.org\",\"@graph\":[{\"@type\":\"WebPage\",\"@id\":\"https:\/\/sit.com.mt\/es\/servicios\/conferencias\/servicios\/\",\"url\":\"https:\/\/sit.com.mt\/es\/servicios\/conferencias\/servicios\/\",\"name\":\"Servicios de conferencias y gesti\u00f3n de conferencias | SIT Malta\",\"isPartOf\":{\"@id\":\"https:\/\/sit.com.mt\/#website\"},\"datePublished\":\"2020-01-07T11:46:22+00:00\",\"dateModified\":\"2021-03-25T14:53:02+00:00\",\"description\":\"SIT se enorgullece de manejar servicios de conferencias de alta calidad para eventos de cualquier tama\u00f1o para una serie de clientes corporativos l\u00edderes en todo el mundo.\",\"breadcrumb\":{\"@id\":\"https:\/\/sit.com.mt\/es\/servicios\/conferencias\/servicios\/#breadcrumb\"},\"inLanguage\":\"es\",\"potentialAction\":[{\"@type\":\"ReadAction\",\"target\":[\"https:\/\/sit.com.mt\/es\/servicios\/conferencias\/servicios\/\"]}]},{\"@type\":\"BreadcrumbList\",\"@id\":\"https:\/\/sit.com.mt\/es\/servicios\/conferencias\/servicios\/#breadcrumb\",\"itemListElement\":[{\"@type\":\"ListItem\",\"position\":1,\"name\":\"Home\",\"item\":\"https:\/\/sit.com.mt\/es\/\"},{\"@type\":\"ListItem\",\"position\":2,\"name\":\"Servicios\",\"item\":\"https:\/\/sit.com.mt\/es\/servicios\/\"},{\"@type\":\"ListItem\",\"position\":3,\"name\":\"Conferencias\",\"item\":\"https:\/\/sit.com.mt\/es\/servicios\/conferencias\/\"},{\"@type\":\"ListItem\",\"position\":4,\"name\":\"Servicios de conferencias\"}]},{\"@type\":\"WebSite\",\"@id\":\"https:\/\/sit.com.mt\/#website\",\"url\":\"https:\/\/sit.com.mt\/\",\"name\":\"SIT Malta\",\"description\":\"Unique Travel Programs\",\"publisher\":{\"@id\":\"https:\/\/sit.com.mt\/#organization\"},\"potentialAction\":[{\"@type\":\"SearchAction\",\"target\":{\"@type\":\"EntryPoint\",\"urlTemplate\":\"https:\/\/sit.com.mt\/?s={search_term_string}\"},\"query-input\":{\"@type\":\"PropertyValueSpecification\",\"valueRequired\":true,\"valueName\":\"search_term_string\"}}],\"inLanguage\":\"es\"},{\"@type\":\"Organization\",\"@id\":\"https:\/\/sit.com.mt\/#organization\",\"name\":\"SIT Mailta\",\"url\":\"https:\/\/sit.com.mt\/\",\"logo\":{\"@type\":\"ImageObject\",\"inLanguage\":\"es\",\"@id\":\"https:\/\/sit.com.mt\/#\/schema\/logo\/image\/\",\"url\":\"https:\/\/sit.com.mt\/wp-content\/uploads\/2020\/01\/main-logo-new.svg\",\"contentUrl\":\"https:\/\/sit.com.mt\/wp-content\/uploads\/2020\/01\/main-logo-new.svg\",\"width\":1,\"height\":1,\"caption\":\"SIT Mailta\"},\"image\":{\"@id\":\"https:\/\/sit.com.mt\/#\/schema\/logo\/image\/\"}}]}<\/script>\n<!-- \/ Yoast SEO plugin. -->","yoast_head_json":{"title":"Servicios de conferencias y gesti\u00f3n de conferencias | SIT Malta","description":"SIT se enorgullece de manejar servicios de conferencias de alta calidad para eventos de cualquier tama\u00f1o para una serie de clientes corporativos l\u00edderes en todo el mundo.","robots":{"index":"index","follow":"follow","max-snippet":"max-snippet:-1","max-image-preview":"max-image-preview:large","max-video-preview":"max-video-preview:-1"},"canonical":"https:\/\/sit.com.mt\/es\/servicios\/conferencias\/servicios\/","og_locale":"es_ES","og_type":"article","og_title":"Servicios de conferencias y gesti\u00f3n de conferencias | SIT Malta","og_description":"SIT se enorgullece de manejar servicios de conferencias de alta calidad para eventos de cualquier tama\u00f1o para una serie de clientes corporativos l\u00edderes en todo el mundo.","og_url":"https:\/\/sit.com.mt\/es\/servicios\/conferencias\/servicios\/","og_site_name":"SIT Malta","article_modified_time":"2021-03-25T14:53:02+00:00","twitter_card":"summary_large_image","schema":{"@context":"https:\/\/schema.org","@graph":[{"@type":"WebPage","@id":"https:\/\/sit.com.mt\/es\/servicios\/conferencias\/servicios\/","url":"https:\/\/sit.com.mt\/es\/servicios\/conferencias\/servicios\/","name":"Servicios de conferencias y gesti\u00f3n de conferencias | SIT Malta","isPartOf":{"@id":"https:\/\/sit.com.mt\/#website"},"datePublished":"2020-01-07T11:46:22+00:00","dateModified":"2021-03-25T14:53:02+00:00","description":"SIT se enorgullece de manejar servicios de conferencias de alta calidad para eventos de cualquier tama\u00f1o para una serie de clientes corporativos l\u00edderes en todo el mundo.","breadcrumb":{"@id":"https:\/\/sit.com.mt\/es\/servicios\/conferencias\/servicios\/#breadcrumb"},"inLanguage":"es","potentialAction":[{"@type":"ReadAction","target":["https:\/\/sit.com.mt\/es\/servicios\/conferencias\/servicios\/"]}]},{"@type":"BreadcrumbList","@id":"https:\/\/sit.com.mt\/es\/servicios\/conferencias\/servicios\/#breadcrumb","itemListElement":[{"@type":"ListItem","position":1,"name":"Home","item":"https:\/\/sit.com.mt\/es\/"},{"@type":"ListItem","position":2,"name":"Servicios","item":"https:\/\/sit.com.mt\/es\/servicios\/"},{"@type":"ListItem","position":3,"name":"Conferencias","item":"https:\/\/sit.com.mt\/es\/servicios\/conferencias\/"},{"@type":"ListItem","position":4,"name":"Servicios de conferencias"}]},{"@type":"WebSite","@id":"https:\/\/sit.com.mt\/#website","url":"https:\/\/sit.com.mt\/","name":"SIT Malta","description":"Unique Travel Programs","publisher":{"@id":"https:\/\/sit.com.mt\/#organization"},"potentialAction":[{"@type":"SearchAction","target":{"@type":"EntryPoint","urlTemplate":"https:\/\/sit.com.mt\/?s={search_term_string}"},"query-input":{"@type":"PropertyValueSpecification","valueRequired":true,"valueName":"search_term_string"}}],"inLanguage":"es"},{"@type":"Organization","@id":"https:\/\/sit.com.mt\/#organization","name":"SIT Mailta","url":"https:\/\/sit.com.mt\/","logo":{"@type":"ImageObject","inLanguage":"es","@id":"https:\/\/sit.com.mt\/#\/schema\/logo\/image\/","url":"https:\/\/sit.com.mt\/wp-content\/uploads\/2020\/01\/main-logo-new.svg","contentUrl":"https:\/\/sit.com.mt\/wp-content\/uploads\/2020\/01\/main-logo-new.svg","width":1,"height":1,"caption":"SIT Mailta"},"image":{"@id":"https:\/\/sit.com.mt\/#\/schema\/logo\/image\/"}}]}},"_links":{"self":[{"href":"https:\/\/sit.com.mt\/es\/wp-json\/wp\/v2\/pages\/5595","targetHints":{"allow":["GET"]}}],"collection":[{"href":"https:\/\/sit.com.mt\/es\/wp-json\/wp\/v2\/pages"}],"about":[{"href":"https:\/\/sit.com.mt\/es\/wp-json\/wp\/v2\/types\/page"}],"author":[{"embeddable":true,"href":"https:\/\/sit.com.mt\/es\/wp-json\/wp\/v2\/users\/6"}],"replies":[{"embeddable":true,"href":"https:\/\/sit.com.mt\/es\/wp-json\/wp\/v2\/comments?post=5595"}],"version-history":[{"count":0,"href":"https:\/\/sit.com.mt\/es\/wp-json\/wp\/v2\/pages\/5595\/revisions"}],"up":[{"embeddable":true,"href":"https:\/\/sit.com.mt\/es\/wp-json\/wp\/v2\/pages\/5565"}],"wp:attachment":[{"href":"https:\/\/sit.com.mt\/es\/wp-json\/wp\/v2\/media?parent=5595"}],"wp:term":[{"taxonomy":"category","embeddable":true,"href":"https:\/\/sit.com.mt\/es\/wp-json\/wp\/v2\/categories?post=5595"}],"curies":[{"name":"wp","href":"https:\/\/api.w.org\/{rel}","templated":true}]}}