{"id":5606,"date":"2019-12-23T15:08:56","date_gmt":"2019-12-23T15:08:56","guid":{"rendered":"https:\/\/sit.com.mt\/conferences\/association-meetings\/"},"modified":"2021-03-25T14:18:13","modified_gmt":"2021-03-25T14:18:13","slug":"asociaciones-reuniones","status":"publish","type":"page","link":"https:\/\/sit.com.mt\/es\/servicios\/conferencias\/asociaciones-reuniones\/","title":{"rendered":"Reuniones de Asociaciones Association Meetings"},"content":{"rendered":"<div class=\"landing-banner-block\">\n    <div class=\"landing-banner-wrap inline-bg-image lazyload\" style=\"background-image:inherit;\" data-bg-image=\"url(https:\/\/sit.com.mt\/wp-content\/uploads\/2020\/05\/associations-scaled.jpeg)\">\n        \n            <div class=\"content-box\" data-aos=\"fade-up\">\n                                    <h1 class=\"h1\">Reuniones de Asociaciones <\/h1>\n                                                    <p class=\"para\">A lo largo de sus 40 a\u00f1os de historia, SIT se ha dedicado a desarrollar un \u00e1rea \u00fanica de especializaci\u00f3n: las reuniones de asociaciones internacionales. SIT tiene como objetivo dar forma y valor al futuro de las reuniones de asociaciones internacionales.\r\n<\/p>\n                            <\/div>\n            \n                    <\/div>\n        \n    <\/div>\n\n<div class=\"image-desc-large-blocks-block\">\n    <div class=\"image-desc-large-blocks-wrap\">\n            <div class=\"img-desc-large-box\" data-aos=\"fade-up\" tabindex=\"1\">\n\n                        <div class=\"img inline-bg-image lazyload\" role=\"img\" aria-label=\"people planning meeting\" style=\"background-image:inherit;\" data-bg-image=\"url(https:\/\/sit.com.mt\/wp-content\/uploads\/2020\/05\/financial-support-scaled.jpg)\"><\/div>\n\n            <div class=\"block-title\">\n                <div class=\"v-align\">\n                    <div class=\"title\">FINANCIAMIENTO Y APOYO FINANCIERO<\/div>\n                <\/div>\n            <\/div>\n\n            <div class=\"block-content\">\n                <div class=\"title\">FINANCIAMIENTO Y APOYO FINANCIERO<\/div>\n                <div class=\"para\"><p>\u2014<\/p>\n<p>&nbsp;<\/p>\n<p>Malta es una opci\u00f3n ganadora para las reuniones de Asociaciones. La amplia conectividad con muchos aeropuertos y centros europeos, la relaci\u00f3n calidad-precio y el clima c\u00e1lido y soleado son solo algunas de las razones.<\/p>\n<p>&nbsp;<\/p>\n<p><a href=\"https:\/\/sit.com.mt\/contact\/\">Cont\u00e1ctanos para esquemas de soporte<\/a><\/p>\n<\/div>\n            <\/div>\n\n        <\/div>\n            <div class=\"img-desc-large-box\" data-aos=\"fade-up\" tabindex=\"1\">\n\n                        <div class=\"img inline-bg-image lazyload\" role=\"img\" aria-label=\"Departure terminal at Malta Airport\" style=\"background-image:inherit;\" data-bg-image=\"url(https:\/\/sit.com.mt\/wp-content\/uploads\/2019\/12\/malta-airport.png)\"><\/div>\n\n            <div class=\"block-title\">\n                <div class=\"v-align\">\n                    <div class=\"title\">PROCESO DE LLEGADA<\/div>\n                <\/div>\n            <\/div>\n\n            <div class=\"block-content\">\n                <div class=\"title\">PROCESO DE LLEGADA<\/div>\n                <div class=\"para\"><p>\u2014<\/p>\n<p>&nbsp;<\/p>\n<p>Todos los delegados llegar\u00e1n al Aeropuerto Internacional de Malta y podr\u00e1n ser recibidos por los asistentes de conferencias de Special Interest Travel Ltd.<\/p>\n<p>Para los VIP, se puede proporcionar un asistente dedicado, la sala de llegadas de La Vallette y un autom\u00f3vil de lujo privado con ch\u00f3fer, mientras que un mostrador de exclusivo y autobuses de enlace se pueden organizar para los delegados.<\/p>\n<\/div>\n            <\/div>\n\n        <\/div>\n            <div class=\"img-desc-large-box\" data-aos=\"fade-up\" tabindex=\"1\">\n\n                        <div class=\"img inline-bg-image lazyload\" role=\"img\" aria-label=\"hand filling the check-in form using pen\" style=\"background-image:inherit;\" data-bg-image=\"url(https:\/\/sit.com.mt\/wp-content\/uploads\/2019\/12\/filling-the-form.png)\"><\/div>\n\n            <div class=\"block-title\">\n                <div class=\"v-align\">\n                    <div class=\"title\">CHECK-IN <\/div>\n                <\/div>\n            <\/div>\n\n            <div class=\"block-content\">\n                <div class=\"title\">CHECK-IN <\/div>\n                <div class=\"para\"><p>\u2014<\/p>\n<p>Todo el proceso de registro se puede gestionar a trav\u00e9s del sitio web del evento.<\/p>\n<p>Se pueden crear secciones separadas para cada tipo de participante (expositor, orador o delegado), y todo el proceso, incluidas las reservas y los pagos del hotel, se puede automatizar a trav\u00e9s del sitio.<\/p>\n<p>Alternativamente, nuestro equipo interno de registro puede procesar cada llegada y pago individualmente.<\/p>\n<\/div>\n            <\/div>\n\n        <\/div>\n            <div class=\"img-desc-large-box\" data-aos=\"fade-up\" tabindex=\"1\">\n\n                        <div class=\"img inline-bg-image lazyload\" role=\"img\" aria-label=\"paper event project concept\" style=\"background-image:inherit;\" data-bg-image=\"url(https:\/\/sit.com.mt\/wp-content\/uploads\/2019\/12\/event-concept.png)\"><\/div>\n\n            <div class=\"block-title\">\n                <div class=\"v-align\">\n                    <div class=\"title\">MERCADEO<\/div>\n                <\/div>\n            <\/div>\n\n            <div class=\"block-content\">\n                <div class=\"title\">MERCADEO<\/div>\n                <div class=\"para\"><p>\u2014<\/p>\n<p>&nbsp;<\/p>\n<p>El experimentado equipo de mercadeo interno de SIT puede manejar el proceso de marketing de principio a fin, incluyendo:<\/p>\n<p>Dise\u00f1o y creaci\u00f3n de materiales de mercadeo como el sitio web del evento, aplicaciones , p\u00e1ginas de redes sociales, plantillas de mailshot, art\u00edculos de revistas, etc.<\/p>\n<p>Contacto directo con el p\u00fablico objetivo por correo y tel\u00e9fono.<\/p>\n<\/div>\n            <\/div>\n\n        <\/div>\n            <div class=\"img-desc-large-box\" data-aos=\"fade-up\" tabindex=\"1\">\n\n                        <div class=\"img inline-bg-image lazyload\" role=\"img\" aria-label=\"\" style=\"background-image:inherit;\" data-bg-image=\"url(https:\/\/sit.com.mt\/wp-content\/uploads\/2019\/12\/ass-1.png)\"><\/div>\n\n            <div class=\"block-title\">\n                <div class=\"v-align\">\n                    <div class=\"title\">ORADORES<\/div>\n                <\/div>\n            <\/div>\n\n            <div class=\"block-content\">\n                <div class=\"title\">ORADORES<\/div>\n                <div class=\"para\"><p>\u2014<\/p>\n<p>&nbsp;<\/p>\n<p>Los buenos oradores son la clave del \u00e9xito de cualquier evento y, a trav\u00e9s de nuestras afiliaciones con el grupo de empresas M. Demajo y nuestros 40 a\u00f1os de experiencia, Special Interest Travel Ltd. est\u00e1 en contacto con algunos de los mejores!<\/p>\n<p>Desde figuras pol\u00edticas actuales y pasadas hasta expertos especializados en la materia, SIT puede encontrar los mejores oradores para tu evento.<\/p>\n<\/div>\n            <\/div>\n\n        <\/div>\n            <div class=\"img-desc-large-box\" data-aos=\"fade-up\" tabindex=\"1\">\n\n                        <div class=\"img inline-bg-image lazyload\" role=\"img\" aria-label=\"conference setup with event material on the table\" style=\"background-image:inherit;\" data-bg-image=\"url(https:\/\/sit.com.mt\/wp-content\/uploads\/2019\/12\/event-materials.png)\"><\/div>\n\n            <div class=\"block-title\">\n                <div class=\"v-align\">\n                    <div class=\"title\">MATERIAL DEL EVENTO<\/div>\n                <\/div>\n            <\/div>\n\n            <div class=\"block-content\">\n                <div class=\"title\">MATERIAL DEL EVENTO<\/div>\n                <div class=\"para\"><p>\u2014<\/p>\n<p>&nbsp;<\/p>\n<p>Todo el material del evento se puede dise\u00f1ar y producir en Malta.<\/p>\n<p>Desde insignias y programas interactivos hasta temas y regalos memorables para eventos, Special Interest Travel Ltd. puede satisfacer todos tus requisitos de producci\u00f3n.<\/p>\n<\/div>\n            <\/div>\n\n        <\/div>\n            <div class=\"img-desc-large-box\" data-aos=\"fade-up\" tabindex=\"1\">\n\n                        <div class=\"img inline-bg-image lazyload\" role=\"img\" aria-label=\"People shaking hands at the hotel's lobby\" style=\"background-image:inherit;\" data-bg-image=\"url(https:\/\/sit.com.mt\/wp-content\/uploads\/2019\/12\/shaking-hands.png)\"><\/div>\n\n            <div class=\"block-title\">\n                <div class=\"v-align\">\n                    <div class=\"title\">REGISTRO<\/div>\n                <\/div>\n            <\/div>\n\n            <div class=\"block-content\">\n                <div class=\"title\">REGISTRO<\/div>\n                <div class=\"para\"><p>\u2014<\/p>\n<p>&nbsp;<\/p>\n<p>Los expositores podr\u00e1n recoger sus insignias con nuestros asistentes de conferencia y configurar sus stands.<\/p>\n<p>Los ponentes podr\u00e1n recoger sus Badges y ensayar sus presentaciones con nuestros T\u00e9cnicos.<\/p>\n<\/div>\n            <\/div>\n\n        <\/div>\n    <\/div><\/div>\n\n<div class=\"team-contact-block\">\n    <div class=\"team-contact-wrap light-bg includes-bg-text\">\n        <div class=\"inner\">\n\n            <h2 class=\"h2\" data-aos=\"fade-up\">Get in touch<\/h2>\n            <h4 class=\"h4\" data-aos=\"fade-up\">CONTACT ONE OF OUR TEAM MEMBERS BELOW<\/h4>\n\n            <div class=\"contains-team\">\n                                                            <a href=\"mailto:tnaudi@sit.com.mt\" class=\"person\" data-aos=\"fade-up\">\n\n                                                        <div class=\"img inline-bg-image lazyload\" role=\"img\" aria-label=\"\" style=\"background-image:inherit;\" data-bg-image=\"url(https:\/\/sit.com.mt\/wp-content\/uploads\/2023\/03\/ThomasNaudi.png)\"><\/div>\n\n                            <div class=\"name\">Thomas Naudi<\/div>\n                            <div class=\"role\">General Manager<\/div>\n                            <div class=\"subtitle\"><\/div>\n\n                        <\/a>\n                                            <a href=\"mailto:rgafa@sit.com.mt\" class=\"person\" data-aos=\"fade-up\">\n\n                                                        <div class=\"img inline-bg-image lazyload\" role=\"img\" aria-label=\"Roberta\" style=\"background-image:inherit;\" data-bg-image=\"url(https:\/\/sit.com.mt\/wp-content\/uploads\/2020\/02\/Roberta-Gafa-min-scaled-e1581431694485.jpg)\"><\/div>\n\n                            <div class=\"name\">Roberta Gafa <\/div>\n                            <div class=\"role\">Division Manager<\/div>\n                            <div class=\"subtitle\"><\/div>\n\n                        <\/a>\n                                                <\/div>\n        <\/div>\n        <div class=\"bg-text\" data-aos=\"fade-up\">Exclusive<\/div>\n    <\/div>\n    <\/div>\n\n<div class=\"tsdb-block\">\n    <div class=\"tsdb-wrap grey-bg includes-bg-text \">\n            <div class=\"inner\">\n\n                                \n                                \n                                                    <div class=\"para\" data-aos=\"fade-up\"><p>Los ejecutivos de asociaciones internacionales pueden confiar en SIT para encontrar soluciones para todos los objetivos de su evento: selecci\u00f3n del lugar;  asesor\u00eda t\u00e9cnica ; asistencia con el transporte de delegados; planificaci\u00f3n completa de convenciones o servicios ad hoc.<\/p>\n<\/div>\n                \n                                                    <a href=\"\/es\/contact\" class=\"button\" target=\"\" data-aos=\"fade-up\">Cont\u00e1ctanos<\/a>\n                                \n                \n            <\/div>\n\n                            <div class=\"bg-text\" data-aos=\"fade-up\">Confiables<\/div>\n                    <\/div>\n    \n    <\/div>\n\n<div class=\"image-desc-blocks-block\">\n    <div class=\"image-desc-blocks-wrap\">\n                    <a href=\"\/es\/servicios\/conferencias\/\" class=\"link-wrap\" target=\"\">\n            <div class=\"img-desc-box\" data-aos=\"fade-up\" data-aos-offset=\"50\">\n\n                                <div class=\"img inline-bg-image lazyload\" role=\"img\" aria-label=\"aluminum chairs in a conference room\" style=\"background-image:inherit;\" data-bg-image=\"url(https:\/\/sit.com.mt\/wp-content\/uploads\/2020\/01\/aluminum-chairs-conference-691485.png)\"><\/div>\n\n                <div class=\"block-title\">\n                    <div class=\"title\">CONFERENCIAS<\/div>\n                <\/div>\n\n                <div class=\"block-content\">\n                    <div class=\"title\">CONFERENCIAS<\/div>\n                    \n                    <p class=\"para\">Si est\u00e1s pensando en organizar una conferencia internacional, una convenci\u00f3n multinivel o un foro anual, rel\u00e1jate, cumpliremos con tus m\u00e1s altas expectativas.<\/p>\n                    \n                                            <span class=\"more-link\">Leer m\u00e1s<\/span>\n                                    <\/div>\n\n            <\/div>\n        <\/a>\n                    <a href=\"\/es\/servicios\/conferencias\/servicios\" class=\"link-wrap\" target=\"\">\n            <div class=\"img-desc-box\" data-aos=\"fade-up\" data-aos-offset=\"50\">\n\n                                <div class=\"img inline-bg-image lazyload\" role=\"img\" aria-label=\"\" style=\"background-image:inherit;\" data-bg-image=\"url(https:\/\/sit.com.mt\/wp-content\/uploads\/2019\/12\/conf-2.png)\"><\/div>\n\n                <div class=\"block-title\">\n                    <div class=\"title\">SERVICIO DE CONFERENCIAS<\/div>\n                <\/div>\n\n                <div class=\"block-content\">\n                    <div class=\"title\">SERVICIO DE CONFERENCIAS<\/div>\n                    \n                    <p class=\"para\">Los organizadores de reuniones de asociaciones internacionales pueden confiar en SIT para encontrar soluciones para todos los objetivos de sus eventos: selecci\u00f3n de lugares; asesoramiento t\u00e9cnico; asistencia con el transporte de delegados; planificaci\u00f3n completa de convenciones o servicios ad hoc\r\n<\/p>\n                    \n                                            <span class=\"more-link\">Leer m\u00e1s<\/span>\n                                    <\/div>\n\n            <\/div>\n        <\/a>\n                    <a href=\"\/es\/portfolio\/#conferences\" class=\"link-wrap\" target=\"\">\n            <div class=\"img-desc-box\" data-aos=\"fade-up\" data-aos-offset=\"50\">\n\n                                <div class=\"img inline-bg-image lazyload\" role=\"img\" aria-label=\"\" style=\"background-image:inherit;\" data-bg-image=\"url(https:\/\/sit.com.mt\/wp-content\/uploads\/2019\/12\/conf-1.png)\"><\/div>\n\n                <div class=\"block-title\">\n                    <div class=\"title\">CASOS DE ESTUDIO<\/div>\n                <\/div>\n\n                <div class=\"block-content\">\n                    <div class=\"title\">CASOS DE ESTUDIO<\/div>\n                    \n                    <p class=\"para\">Nuestro trabajo: Insp\u00edrate!\r\n<\/p>\n                    \n                                            <span class=\"more-link\">Leer m\u00e1s<\/span>\n                                    <\/div>\n\n            <\/div>\n        <\/a>\n    <\/div><\/div>","protected":false},"excerpt":{"rendered":"","protected":false},"author":6,"featured_media":0,"parent":5565,"menu_order":0,"comment_status":"closed","ping_status":"closed","template":"","meta":{"footnotes":""},"categories":[],"class_list":["post-5606","page","type-page","status-publish","hentry"],"acf":[],"yoast_head":"<!-- This site is optimized with the Yoast SEO plugin v25.3 - https:\/\/yoast.com\/wordpress\/plugins\/seo\/ -->\n<title>Reuniones de asociaci\u00f3n y reuniones corporativas | SIT Malta<\/title>\n<meta name=\"description\" content=\"Los organizadores de reuniones de asociaciones pueden confiar en SIT para encontrar soluciones para todos los objetivos de su evento: selecci\u00f3n del lugar, asesoramiento t\u00e9cnico y asistencia con el transporte\" \/>\n<meta name=\"robots\" content=\"index, follow, max-snippet:-1, max-image-preview:large, max-video-preview:-1\" \/>\n<link rel=\"canonical\" href=\"https:\/\/sit.com.mt\/es\/servicios\/conferencias\/asociaciones-reuniones\/\" \/>\n<meta property=\"og:locale\" content=\"es_ES\" \/>\n<meta property=\"og:type\" content=\"article\" \/>\n<meta property=\"og:title\" content=\"Reuniones de asociaci\u00f3n y reuniones corporativas | SIT Malta\" \/>\n<meta property=\"og:description\" content=\"Los organizadores de reuniones de asociaciones pueden confiar en SIT para encontrar soluciones para todos los objetivos de su evento: selecci\u00f3n del lugar, asesoramiento t\u00e9cnico y asistencia con el transporte\" \/>\n<meta property=\"og:url\" content=\"https:\/\/sit.com.mt\/es\/servicios\/conferencias\/asociaciones-reuniones\/\" \/>\n<meta property=\"og:site_name\" content=\"SIT Malta\" \/>\n<meta property=\"article:modified_time\" content=\"2021-03-25T14:18:13+00:00\" \/>\n<meta name=\"twitter:card\" content=\"summary_large_image\" \/>\n<script type=\"application\/ld+json\" class=\"yoast-schema-graph\">{\"@context\":\"https:\/\/schema.org\",\"@graph\":[{\"@type\":\"WebPage\",\"@id\":\"https:\/\/sit.com.mt\/es\/servicios\/conferencias\/asociaciones-reuniones\/\",\"url\":\"https:\/\/sit.com.mt\/es\/servicios\/conferencias\/asociaciones-reuniones\/\",\"name\":\"Reuniones de asociaci\u00f3n y reuniones corporativas | SIT Malta\",\"isPartOf\":{\"@id\":\"https:\/\/sit.com.mt\/#website\"},\"datePublished\":\"2019-12-23T15:08:56+00:00\",\"dateModified\":\"2021-03-25T14:18:13+00:00\",\"description\":\"Los organizadores de reuniones de asociaciones pueden confiar en SIT para encontrar soluciones para todos los objetivos de su evento: selecci\u00f3n del lugar, asesoramiento t\u00e9cnico y asistencia con el transporte\",\"breadcrumb\":{\"@id\":\"https:\/\/sit.com.mt\/es\/servicios\/conferencias\/asociaciones-reuniones\/#breadcrumb\"},\"inLanguage\":\"es\",\"potentialAction\":[{\"@type\":\"ReadAction\",\"target\":[\"https:\/\/sit.com.mt\/es\/servicios\/conferencias\/asociaciones-reuniones\/\"]}]},{\"@type\":\"BreadcrumbList\",\"@id\":\"https:\/\/sit.com.mt\/es\/servicios\/conferencias\/asociaciones-reuniones\/#breadcrumb\",\"itemListElement\":[{\"@type\":\"ListItem\",\"position\":1,\"name\":\"Home\",\"item\":\"https:\/\/sit.com.mt\/es\/\"},{\"@type\":\"ListItem\",\"position\":2,\"name\":\"Servicios\",\"item\":\"https:\/\/sit.com.mt\/es\/servicios\/\"},{\"@type\":\"ListItem\",\"position\":3,\"name\":\"Conferencias\",\"item\":\"https:\/\/sit.com.mt\/es\/servicios\/conferencias\/\"},{\"@type\":\"ListItem\",\"position\":4,\"name\":\"Reuniones de Asociaciones Association Meetings\"}]},{\"@type\":\"WebSite\",\"@id\":\"https:\/\/sit.com.mt\/#website\",\"url\":\"https:\/\/sit.com.mt\/\",\"name\":\"SIT Malta\",\"description\":\"Unique Travel Programs\",\"publisher\":{\"@id\":\"https:\/\/sit.com.mt\/#organization\"},\"potentialAction\":[{\"@type\":\"SearchAction\",\"target\":{\"@type\":\"EntryPoint\",\"urlTemplate\":\"https:\/\/sit.com.mt\/?s={search_term_string}\"},\"query-input\":{\"@type\":\"PropertyValueSpecification\",\"valueRequired\":true,\"valueName\":\"search_term_string\"}}],\"inLanguage\":\"es\"},{\"@type\":\"Organization\",\"@id\":\"https:\/\/sit.com.mt\/#organization\",\"name\":\"SIT Mailta\",\"url\":\"https:\/\/sit.com.mt\/\",\"logo\":{\"@type\":\"ImageObject\",\"inLanguage\":\"es\",\"@id\":\"https:\/\/sit.com.mt\/#\/schema\/logo\/image\/\",\"url\":\"https:\/\/sit.com.mt\/wp-content\/uploads\/2020\/01\/main-logo-new.svg\",\"contentUrl\":\"https:\/\/sit.com.mt\/wp-content\/uploads\/2020\/01\/main-logo-new.svg\",\"width\":1,\"height\":1,\"caption\":\"SIT Mailta\"},\"image\":{\"@id\":\"https:\/\/sit.com.mt\/#\/schema\/logo\/image\/\"}}]}<\/script>\n<!-- \/ Yoast SEO plugin. -->","yoast_head_json":{"title":"Reuniones de asociaci\u00f3n y reuniones corporativas | SIT Malta","description":"Los organizadores de reuniones de asociaciones pueden confiar en SIT para encontrar soluciones para todos los objetivos de su evento: selecci\u00f3n del lugar, asesoramiento t\u00e9cnico y asistencia con el transporte","robots":{"index":"index","follow":"follow","max-snippet":"max-snippet:-1","max-image-preview":"max-image-preview:large","max-video-preview":"max-video-preview:-1"},"canonical":"https:\/\/sit.com.mt\/es\/servicios\/conferencias\/asociaciones-reuniones\/","og_locale":"es_ES","og_type":"article","og_title":"Reuniones de asociaci\u00f3n y reuniones corporativas | SIT Malta","og_description":"Los organizadores de reuniones de asociaciones pueden confiar en SIT para encontrar soluciones para todos los objetivos de su evento: selecci\u00f3n del lugar, asesoramiento t\u00e9cnico y asistencia con el transporte","og_url":"https:\/\/sit.com.mt\/es\/servicios\/conferencias\/asociaciones-reuniones\/","og_site_name":"SIT Malta","article_modified_time":"2021-03-25T14:18:13+00:00","twitter_card":"summary_large_image","schema":{"@context":"https:\/\/schema.org","@graph":[{"@type":"WebPage","@id":"https:\/\/sit.com.mt\/es\/servicios\/conferencias\/asociaciones-reuniones\/","url":"https:\/\/sit.com.mt\/es\/servicios\/conferencias\/asociaciones-reuniones\/","name":"Reuniones de asociaci\u00f3n y reuniones corporativas | SIT Malta","isPartOf":{"@id":"https:\/\/sit.com.mt\/#website"},"datePublished":"2019-12-23T15:08:56+00:00","dateModified":"2021-03-25T14:18:13+00:00","description":"Los organizadores de reuniones de asociaciones pueden confiar en SIT para encontrar soluciones para todos los objetivos de su evento: selecci\u00f3n del lugar, asesoramiento t\u00e9cnico y asistencia con el transporte","breadcrumb":{"@id":"https:\/\/sit.com.mt\/es\/servicios\/conferencias\/asociaciones-reuniones\/#breadcrumb"},"inLanguage":"es","potentialAction":[{"@type":"ReadAction","target":["https:\/\/sit.com.mt\/es\/servicios\/conferencias\/asociaciones-reuniones\/"]}]},{"@type":"BreadcrumbList","@id":"https:\/\/sit.com.mt\/es\/servicios\/conferencias\/asociaciones-reuniones\/#breadcrumb","itemListElement":[{"@type":"ListItem","position":1,"name":"Home","item":"https:\/\/sit.com.mt\/es\/"},{"@type":"ListItem","position":2,"name":"Servicios","item":"https:\/\/sit.com.mt\/es\/servicios\/"},{"@type":"ListItem","position":3,"name":"Conferencias","item":"https:\/\/sit.com.mt\/es\/servicios\/conferencias\/"},{"@type":"ListItem","position":4,"name":"Reuniones de Asociaciones Association Meetings"}]},{"@type":"WebSite","@id":"https:\/\/sit.com.mt\/#website","url":"https:\/\/sit.com.mt\/","name":"SIT Malta","description":"Unique Travel Programs","publisher":{"@id":"https:\/\/sit.com.mt\/#organization"},"potentialAction":[{"@type":"SearchAction","target":{"@type":"EntryPoint","urlTemplate":"https:\/\/sit.com.mt\/?s={search_term_string}"},"query-input":{"@type":"PropertyValueSpecification","valueRequired":true,"valueName":"search_term_string"}}],"inLanguage":"es"},{"@type":"Organization","@id":"https:\/\/sit.com.mt\/#organization","name":"SIT Mailta","url":"https:\/\/sit.com.mt\/","logo":{"@type":"ImageObject","inLanguage":"es","@id":"https:\/\/sit.com.mt\/#\/schema\/logo\/image\/","url":"https:\/\/sit.com.mt\/wp-content\/uploads\/2020\/01\/main-logo-new.svg","contentUrl":"https:\/\/sit.com.mt\/wp-content\/uploads\/2020\/01\/main-logo-new.svg","width":1,"height":1,"caption":"SIT Mailta"},"image":{"@id":"https:\/\/sit.com.mt\/#\/schema\/logo\/image\/"}}]}},"_links":{"self":[{"href":"https:\/\/sit.com.mt\/es\/wp-json\/wp\/v2\/pages\/5606","targetHints":{"allow":["GET"]}}],"collection":[{"href":"https:\/\/sit.com.mt\/es\/wp-json\/wp\/v2\/pages"}],"about":[{"href":"https:\/\/sit.com.mt\/es\/wp-json\/wp\/v2\/types\/page"}],"author":[{"embeddable":true,"href":"https:\/\/sit.com.mt\/es\/wp-json\/wp\/v2\/users\/6"}],"replies":[{"embeddable":true,"href":"https:\/\/sit.com.mt\/es\/wp-json\/wp\/v2\/comments?post=5606"}],"version-history":[{"count":0,"href":"https:\/\/sit.com.mt\/es\/wp-json\/wp\/v2\/pages\/5606\/revisions"}],"up":[{"embeddable":true,"href":"https:\/\/sit.com.mt\/es\/wp-json\/wp\/v2\/pages\/5565"}],"wp:attachment":[{"href":"https:\/\/sit.com.mt\/es\/wp-json\/wp\/v2\/media?parent=5606"}],"wp:term":[{"taxonomy":"category","embeddable":true,"href":"https:\/\/sit.com.mt\/es\/wp-json\/wp\/v2\/categories?post=5606"}],"curies":[{"name":"wp","href":"https:\/\/api.w.org\/{rel}","templated":true}]}}