{"id":5628,"date":"2020-01-15T08:24:55","date_gmt":"2020-01-15T08:24:55","guid":{"rendered":"https:\/\/sit.com.mt\/incentives\/services\/"},"modified":"2021-02-20T09:47:25","modified_gmt":"2021-02-20T09:47:25","slug":"nuestros-servicios","status":"publish","type":"page","link":"https:\/\/sit.com.mt\/es\/servicios\/incentivos\/nuestros-servicios\/","title":{"rendered":"Services"},"content":{"rendered":"<div class=\"landing-banner-block\">\n    <div class=\"landing-banner-wrap inline-bg-image lazyload\" style=\"background-image:inherit;\" data-bg-image=\"url(https:\/\/sit.com.mt\/wp-content\/uploads\/2020\/01\/517.png)\">\n        \n            <div class=\"content-box\" data-aos=\"fade-up\">\n                                    <h1 class=\"h1\">Nuestros Servicios<\/h1>\n                                                    <p class=\"para\">Nosotros creamos. Tu celebras. La vida es un acontecimiento. Hazlo memorable.\r\n<\/p>\n                            <\/div>\n            \n                    <\/div>\n        \n    <\/div>\n\n<div class=\"image-desc-large-blocks-block\">\n    <div class=\"image-desc-large-blocks-wrap\">\n            <div class=\"img-desc-large-box\" data-aos=\"fade-up\" tabindex=\"1\">\n\n                        <div class=\"img inline-bg-image lazyload\" role=\"img\" aria-label=\"People Holding Blue Self-Built Boat\" style=\"background-image:inherit;\" data-bg-image=\"url(https:\/\/sit.com.mt\/wp-content\/uploads\/2020\/05\/men-in-blue-holding-blue-boat-977241-scaled.jpg)\"><\/div>\n\n            <div class=\"block-title\">\n                <div class=\"v-align\">\n                    <div class=\"title\">Actividades de Trabajo en Equipo ( Team Building)<\/div>\n                <\/div>\n            <\/div>\n\n            <div class=\"block-content\">\n                <div class=\"title\">Actividades de Trabajo en Equipo ( Team Building)<\/div>\n                <div class=\"para\"><p>\u2014<\/p>\n<p>&nbsp;<\/p>\n<p>Involucre, inspire y unifique a su equipo de trabajo con un poderoso programa de formaci\u00f3n de equipos. Nos tomamos el tiempo para aprender sobre su grupo y ofrecer las mejores actividades con un toque local. Nos enfocamos en mejorar la comunicaci\u00f3n y generar confianza dentro de su equipo, mientras creamos un programa din\u00e1mico que aborda todos sus objetivos.<\/p>\n<\/div>\n            <\/div>\n\n        <\/div>\n            <div class=\"img-desc-large-box\" data-aos=\"fade-up\" tabindex=\"1\">\n\n                        <div class=\"img inline-bg-image lazyload\" role=\"img\" aria-label=\"Culture\" style=\"background-image:inherit;\" data-bg-image=\"url(https:\/\/sit.com.mt\/wp-content\/uploads\/2020\/01\/knight-116591_1920.png)\"><\/div>\n\n            <div class=\"block-title\">\n                <div class=\"v-align\">\n                    <div class=\"title\">CULTURAL<\/div>\n                <\/div>\n            <\/div>\n\n            <div class=\"block-content\">\n                <div class=\"title\">CULTURAL<\/div>\n                <div class=\"para\"><p>\u2014<\/p>\n<p>&nbsp;<\/p>\n<p>Demos los regalos de las maravillas locales, la autenticidad y la singularidad a sus participantes. Juntos podemos mostrarles nuestros 7000 a\u00f1os de historia; con espectaculares templos y museos, impresionante arquitectura y espectaculares fortificaciones; todos muestran una maravillosa mezcla de influencias de m\u00e1s de 14 nacionalidades que han ocupado nuestras islas a lo largo de los a\u00f1os.<\/p>\n<\/div>\n            <\/div>\n\n        <\/div>\n            <div class=\"img-desc-large-box\" data-aos=\"fade-up\" tabindex=\"1\">\n\n                        <div class=\"img inline-bg-image lazyload\" role=\"img\" aria-label=\"Beautiful Gala Dinner Setup\" style=\"background-image:inherit;\" data-bg-image=\"url(https:\/\/sit.com.mt\/wp-content\/uploads\/2020\/05\/the-greatest-show.jpeg)\"><\/div>\n\n            <div class=\"block-title\">\n                <div class=\"v-align\">\n                    <div class=\"title\">CENAS DE GALA Y  CEREMONIAS DE PREMIOS<\/div>\n                <\/div>\n            <\/div>\n\n            <div class=\"block-content\">\n                <div class=\"title\">CENAS DE GALA Y  CEREMONIAS DE PREMIOS<\/div>\n                <div class=\"para\"><p>\u2014<\/p>\n<p>&nbsp;<\/p>\n<p>Ya sea que est\u00e9 buscando un c\u00f3ctel o un almuerzo hist\u00f3rico; una gala de celebraci\u00f3n \/ ceremonia de premiaci\u00f3n o un concierto privado, SIT puede hacerlo m\u00e1s especial en uno de nuestras locaciones completamente inesperadas. En una playa al atardecer con las olas rompiendo a sus pies o en un antiguo Fuerte construido por los Caballeros para protegernos de los invasores, con SIT, toda la isla es tu locaci\u00f3n.<\/p>\n<\/div>\n            <\/div>\n\n        <\/div>\n            <div class=\"img-desc-large-box\" data-aos=\"fade-up\" tabindex=\"1\">\n\n                        <div class=\"img inline-bg-image lazyload\" role=\"img\" aria-label=\"Scuba diver in maltese waters\" style=\"background-image:inherit;\" data-bg-image=\"url(https:\/\/sit.com.mt\/wp-content\/uploads\/2020\/01\/scuba-diver-1049945_1920-1.png)\"><\/div>\n\n            <div class=\"block-title\">\n                <div class=\"v-align\">\n                    <div class=\"title\">AVENTURAS<\/div>\n                <\/div>\n            <\/div>\n\n            <div class=\"block-content\">\n                <div class=\"title\">AVENTURAS<\/div>\n                <div class=\"para\"><p>\u2014<\/p>\n<p>&nbsp;<\/p>\n<p>En SIT, estamos ansiosos por mostrar los destinos que conocemos y amamos al asegurar las mejores actividades para su programa, incluidas actividades locales aut\u00e9nticas, recorridos alternativos, excursiones dentro y fuera de los caminos tradicionales, aventuras tur\u00edsticas, viajes \u00fanicos en bicicleta, barco, a caballo, jeeps, segway e incluso a pie.<\/p>\n<\/div>\n            <\/div>\n\n        <\/div>\n            <div class=\"img-desc-large-box\" data-aos=\"fade-up\" tabindex=\"1\">\n\n                        <div class=\"img inline-bg-image lazyload\" role=\"img\" aria-label=\"Growing Grapes For Wine\" style=\"background-image:inherit;\" data-bg-image=\"url(https:\/\/sit.com.mt\/wp-content\/uploads\/2020\/01\/berries-blur-blurry-39351.png)\"><\/div>\n\n            <div class=\"block-title\">\n                <div class=\"v-align\">\n                    <div class=\"title\">RESPETUOSOS DEL MEDIO AMBIENTE <\/div>\n                <\/div>\n            <\/div>\n\n            <div class=\"block-content\">\n                <div class=\"title\">RESPETUOSOS DEL MEDIO AMBIENTE <\/div>\n                <div class=\"para\"><p>\u2014<\/p>\n<p>&nbsp;<\/p>\n<p>Su negocio depende del medio ambiente y lo afecta de muchas formas. Ser amigable con el medio ambiente puede ahorrarle dinero, brindarle buena publicidad e incluso atraer nuevos clientes. SIT puede ofrecer una gama completa de ideas de incentivos ecol\u00f3gicos para su evento, ayud\u00e1ndole a reducir la huella de carbono de su empresa.<\/p>\n<\/div>\n            <\/div>\n\n        <\/div>\n            <div class=\"img-desc-large-box\" data-aos=\"fade-up\" tabindex=\"1\">\n\n                        <div class=\"img inline-bg-image lazyload\" role=\"img\" aria-label=\"Stage Set For Private Event\" style=\"background-image:inherit;\" data-bg-image=\"url(https:\/\/sit.com.mt\/wp-content\/uploads\/2020\/05\/demajo-event-stage.jpeg)\"><\/div>\n\n            <div class=\"block-title\">\n                <div class=\"v-align\">\n                    <div class=\"title\">EVENTOS, FESTIVALES Y CONCIERTOS <\/div>\n                <\/div>\n            <\/div>\n\n            <div class=\"block-content\">\n                <div class=\"title\">EVENTOS, FESTIVALES Y CONCIERTOS <\/div>\n                <div class=\"para\"><p>\u2014<\/p>\n<p>&nbsp;<\/p>\n<p>A trav\u00e9s de conocimientos y conexiones \u00fanicas, podemos ofrecer a su grupo acceso especial a lanzamientos y vistas previas exclusivas, eventos limitados y actividades inesperadas o hiperlocales.<\/p>\n<\/div>\n            <\/div>\n\n        <\/div>\n    <\/div><\/div>\n\n<div class=\"tsdb-block\">\n    <div class=\"tsdb-wrap grey-bg includes-bg-text \">\n            <div class=\"inner\">\n\n                                \n                                \n                                                    <div class=\"para\" data-aos=\"fade-up\"><p>Deje que SIT le ayude a crear, personalizar y ofrecer experiencias que reflejen su agradecimiento.<\/p>\n<\/div>\n                \n                                                    <a href=\"\/es\/contacto\/\" class=\"button\" target=\"\" data-aos=\"fade-up\">Cont\u00e1ctenos<\/a>\n                                \n                \n            <\/div>\n\n                            <div class=\"bg-text\" data-aos=\"fade-up\">Confiables<\/div>\n                    <\/div>\n    \n    <\/div>\n\n<div class=\"image-desc-blocks-block\">\n    <div class=\"image-desc-blocks-wrap\">\n                    <a href=\"\/es\/portafolio\/#incentivos\" class=\"link-wrap\" target=\"\">\n            <div class=\"img-desc-box\" data-aos=\"fade-up\" data-aos-offset=\"50\">\n\n                                <div class=\"img inline-bg-image lazyload\" role=\"img\" aria-label=\"\" style=\"background-image:inherit;\" data-bg-image=\"url(https:\/\/sit.com.mt\/wp-content\/uploads\/2019\/12\/incentives-3.png)\"><\/div>\n\n                <div class=\"block-title\">\n                    <div class=\"title\">Casos de Estudio<\/div>\n                <\/div>\n\n                <div class=\"block-content\">\n                    <div class=\"title\">Casos de Estudio<\/div>\n                    \n                    <p class=\"para\">Estamos orgullosos de compartir nuestros logros.<\/p>\n                    \n                                            <span class=\"more-link\">Leer m\u00e1s<\/span>\n                                    <\/div>\n\n            <\/div>\n        <\/a>\n                    <a href=\"\/es\/servicios\/incentivos\/responsabilidad-social-empresarial-malta\" class=\"link-wrap\" target=\"\">\n            <div class=\"img-desc-box\" data-aos=\"fade-up\" data-aos-offset=\"50\">\n\n                                <div class=\"img inline-bg-image lazyload\" role=\"img\" aria-label=\"people preparing to the tree planting\" style=\"background-image:inherit;\" data-bg-image=\"url(https:\/\/sit.com.mt\/wp-content\/uploads\/2019\/12\/incentives-1.png)\"><\/div>\n\n                <div class=\"block-title\">\n                    <div class=\"title\">RSC<\/div>\n                <\/div>\n\n                <div class=\"block-content\">\n                    <div class=\"title\">RSC<\/div>\n                    \n                    <p class=\"para\">Hagamos  todo lo posible por proteger nuestro medio ambiente.<\/p>\n                    \n                                            <span class=\"more-link\">Leer m\u00e1s<\/span>\n                                    <\/div>\n\n            <\/div>\n        <\/a>\n                    <a href=\"\/es\/servicios\/incentivos\/sicilia\" class=\"link-wrap\" target=\"\">\n            <div class=\"img-desc-box\" data-aos=\"fade-up\" data-aos-offset=\"50\">\n\n                                <div class=\"img inline-bg-image lazyload\" role=\"img\" aria-label=\"colorful Sicily's house with character\" style=\"background-image:inherit;\" data-bg-image=\"url(https:\/\/sit.com.mt\/wp-content\/uploads\/2019\/12\/sicily-house.png)\"><\/div>\n\n                <div class=\"block-title\">\n                    <div class=\"title\">Sicilia<\/div>\n                <\/div>\n\n                <div class=\"block-content\">\n                    <div class=\"title\">Sicilia<\/div>\n                    \n                    <p class=\"para\">En Sicilia los colores no solo terminan en sus ojos, entran en sus venas y huesos. &#8211; Fabrizio Caramagna<\/p>\n                    \n                                            <span class=\"more-link\">Leer m\u00e1s<\/span>\n                                    <\/div>\n\n            <\/div>\n        <\/a>\n    <\/div><\/div>","protected":false},"excerpt":{"rendered":"","protected":false},"author":6,"featured_media":0,"parent":5573,"menu_order":0,"comment_status":"closed","ping_status":"closed","template":"","meta":{"footnotes":""},"categories":[],"class_list":["post-5628","page","type-page","status-publish","hentry"],"acf":[],"yoast_head":"<!-- This site is optimized with the Yoast SEO plugin v25.3 - https:\/\/yoast.com\/wordpress\/plugins\/seo\/ -->\n<title>Organizador de incentivos Malta | SIT Malta<\/title>\n<meta name=\"description\" content=\"Whether it is incentive trip, team-building or business travel. We are more than happy to help you create, customize and deliver experiences that embody your appreciation.\" \/>\n<meta name=\"robots\" content=\"index, follow, max-snippet:-1, max-image-preview:large, max-video-preview:-1\" \/>\n<link rel=\"canonical\" href=\"https:\/\/sit.com.mt\/es\/servicios\/incentivos\/nuestros-servicios\/\" \/>\n<meta property=\"og:locale\" content=\"es_ES\" \/>\n<meta property=\"og:type\" content=\"article\" \/>\n<meta property=\"og:title\" content=\"Organizador de incentivos Malta | SIT Malta\" \/>\n<meta property=\"og:description\" content=\"Whether it is incentive trip, team-building or business travel. We are more than happy to help you create, customize and deliver experiences that embody your appreciation.\" \/>\n<meta property=\"og:url\" content=\"https:\/\/sit.com.mt\/es\/servicios\/incentivos\/nuestros-servicios\/\" \/>\n<meta property=\"og:site_name\" content=\"SIT Malta\" \/>\n<meta property=\"article:modified_time\" content=\"2021-02-20T09:47:25+00:00\" \/>\n<meta name=\"twitter:card\" content=\"summary_large_image\" \/>\n<script type=\"application\/ld+json\" class=\"yoast-schema-graph\">{\"@context\":\"https:\/\/schema.org\",\"@graph\":[{\"@type\":\"WebPage\",\"@id\":\"https:\/\/sit.com.mt\/es\/servicios\/incentivos\/nuestros-servicios\/\",\"url\":\"https:\/\/sit.com.mt\/es\/servicios\/incentivos\/nuestros-servicios\/\",\"name\":\"Organizador de incentivos Malta | SIT Malta\",\"isPartOf\":{\"@id\":\"https:\/\/sit.com.mt\/#website\"},\"datePublished\":\"2020-01-15T08:24:55+00:00\",\"dateModified\":\"2021-02-20T09:47:25+00:00\",\"description\":\"Whether it is incentive trip, team-building or business travel. We are more than happy to help you create, customize and deliver experiences that embody your appreciation.\",\"breadcrumb\":{\"@id\":\"https:\/\/sit.com.mt\/es\/servicios\/incentivos\/nuestros-servicios\/#breadcrumb\"},\"inLanguage\":\"es\",\"potentialAction\":[{\"@type\":\"ReadAction\",\"target\":[\"https:\/\/sit.com.mt\/es\/servicios\/incentivos\/nuestros-servicios\/\"]}]},{\"@type\":\"BreadcrumbList\",\"@id\":\"https:\/\/sit.com.mt\/es\/servicios\/incentivos\/nuestros-servicios\/#breadcrumb\",\"itemListElement\":[{\"@type\":\"ListItem\",\"position\":1,\"name\":\"Home\",\"item\":\"https:\/\/sit.com.mt\/es\/\"},{\"@type\":\"ListItem\",\"position\":2,\"name\":\"Servicios\",\"item\":\"https:\/\/sit.com.mt\/es\/servicios\/\"},{\"@type\":\"ListItem\",\"position\":3,\"name\":\"Incentivos\",\"item\":\"https:\/\/sit.com.mt\/es\/servicios\/incentivos\/\"},{\"@type\":\"ListItem\",\"position\":4,\"name\":\"Services\"}]},{\"@type\":\"WebSite\",\"@id\":\"https:\/\/sit.com.mt\/#website\",\"url\":\"https:\/\/sit.com.mt\/\",\"name\":\"SIT Malta\",\"description\":\"Unique Travel Programs\",\"publisher\":{\"@id\":\"https:\/\/sit.com.mt\/#organization\"},\"potentialAction\":[{\"@type\":\"SearchAction\",\"target\":{\"@type\":\"EntryPoint\",\"urlTemplate\":\"https:\/\/sit.com.mt\/?s={search_term_string}\"},\"query-input\":{\"@type\":\"PropertyValueSpecification\",\"valueRequired\":true,\"valueName\":\"search_term_string\"}}],\"inLanguage\":\"es\"},{\"@type\":\"Organization\",\"@id\":\"https:\/\/sit.com.mt\/#organization\",\"name\":\"SIT Mailta\",\"url\":\"https:\/\/sit.com.mt\/\",\"logo\":{\"@type\":\"ImageObject\",\"inLanguage\":\"es\",\"@id\":\"https:\/\/sit.com.mt\/#\/schema\/logo\/image\/\",\"url\":\"https:\/\/sit.com.mt\/wp-content\/uploads\/2020\/01\/main-logo-new.svg\",\"contentUrl\":\"https:\/\/sit.com.mt\/wp-content\/uploads\/2020\/01\/main-logo-new.svg\",\"width\":1,\"height\":1,\"caption\":\"SIT Mailta\"},\"image\":{\"@id\":\"https:\/\/sit.com.mt\/#\/schema\/logo\/image\/\"}}]}<\/script>\n<!-- \/ Yoast SEO plugin. -->","yoast_head_json":{"title":"Organizador de incentivos Malta | SIT Malta","description":"Whether it is incentive trip, team-building or business travel. We are more than happy to help you create, customize and deliver experiences that embody your appreciation.","robots":{"index":"index","follow":"follow","max-snippet":"max-snippet:-1","max-image-preview":"max-image-preview:large","max-video-preview":"max-video-preview:-1"},"canonical":"https:\/\/sit.com.mt\/es\/servicios\/incentivos\/nuestros-servicios\/","og_locale":"es_ES","og_type":"article","og_title":"Organizador de incentivos Malta | SIT Malta","og_description":"Whether it is incentive trip, team-building or business travel. We are more than happy to help you create, customize and deliver experiences that embody your appreciation.","og_url":"https:\/\/sit.com.mt\/es\/servicios\/incentivos\/nuestros-servicios\/","og_site_name":"SIT Malta","article_modified_time":"2021-02-20T09:47:25+00:00","twitter_card":"summary_large_image","schema":{"@context":"https:\/\/schema.org","@graph":[{"@type":"WebPage","@id":"https:\/\/sit.com.mt\/es\/servicios\/incentivos\/nuestros-servicios\/","url":"https:\/\/sit.com.mt\/es\/servicios\/incentivos\/nuestros-servicios\/","name":"Organizador de incentivos Malta | SIT Malta","isPartOf":{"@id":"https:\/\/sit.com.mt\/#website"},"datePublished":"2020-01-15T08:24:55+00:00","dateModified":"2021-02-20T09:47:25+00:00","description":"Whether it is incentive trip, team-building or business travel. We are more than happy to help you create, customize and deliver experiences that embody your appreciation.","breadcrumb":{"@id":"https:\/\/sit.com.mt\/es\/servicios\/incentivos\/nuestros-servicios\/#breadcrumb"},"inLanguage":"es","potentialAction":[{"@type":"ReadAction","target":["https:\/\/sit.com.mt\/es\/servicios\/incentivos\/nuestros-servicios\/"]}]},{"@type":"BreadcrumbList","@id":"https:\/\/sit.com.mt\/es\/servicios\/incentivos\/nuestros-servicios\/#breadcrumb","itemListElement":[{"@type":"ListItem","position":1,"name":"Home","item":"https:\/\/sit.com.mt\/es\/"},{"@type":"ListItem","position":2,"name":"Servicios","item":"https:\/\/sit.com.mt\/es\/servicios\/"},{"@type":"ListItem","position":3,"name":"Incentivos","item":"https:\/\/sit.com.mt\/es\/servicios\/incentivos\/"},{"@type":"ListItem","position":4,"name":"Services"}]},{"@type":"WebSite","@id":"https:\/\/sit.com.mt\/#website","url":"https:\/\/sit.com.mt\/","name":"SIT Malta","description":"Unique Travel Programs","publisher":{"@id":"https:\/\/sit.com.mt\/#organization"},"potentialAction":[{"@type":"SearchAction","target":{"@type":"EntryPoint","urlTemplate":"https:\/\/sit.com.mt\/?s={search_term_string}"},"query-input":{"@type":"PropertyValueSpecification","valueRequired":true,"valueName":"search_term_string"}}],"inLanguage":"es"},{"@type":"Organization","@id":"https:\/\/sit.com.mt\/#organization","name":"SIT Mailta","url":"https:\/\/sit.com.mt\/","logo":{"@type":"ImageObject","inLanguage":"es","@id":"https:\/\/sit.com.mt\/#\/schema\/logo\/image\/","url":"https:\/\/sit.com.mt\/wp-content\/uploads\/2020\/01\/main-logo-new.svg","contentUrl":"https:\/\/sit.com.mt\/wp-content\/uploads\/2020\/01\/main-logo-new.svg","width":1,"height":1,"caption":"SIT Mailta"},"image":{"@id":"https:\/\/sit.com.mt\/#\/schema\/logo\/image\/"}}]}},"_links":{"self":[{"href":"https:\/\/sit.com.mt\/es\/wp-json\/wp\/v2\/pages\/5628","targetHints":{"allow":["GET"]}}],"collection":[{"href":"https:\/\/sit.com.mt\/es\/wp-json\/wp\/v2\/pages"}],"about":[{"href":"https:\/\/sit.com.mt\/es\/wp-json\/wp\/v2\/types\/page"}],"author":[{"embeddable":true,"href":"https:\/\/sit.com.mt\/es\/wp-json\/wp\/v2\/users\/6"}],"replies":[{"embeddable":true,"href":"https:\/\/sit.com.mt\/es\/wp-json\/wp\/v2\/comments?post=5628"}],"version-history":[{"count":0,"href":"https:\/\/sit.com.mt\/es\/wp-json\/wp\/v2\/pages\/5628\/revisions"}],"up":[{"embeddable":true,"href":"https:\/\/sit.com.mt\/es\/wp-json\/wp\/v2\/pages\/5573"}],"wp:attachment":[{"href":"https:\/\/sit.com.mt\/es\/wp-json\/wp\/v2\/media?parent=5628"}],"wp:term":[{"taxonomy":"category","embeddable":true,"href":"https:\/\/sit.com.mt\/es\/wp-json\/wp\/v2\/categories?post=5628"}],"curies":[{"name":"wp","href":"https:\/\/api.w.org\/{rel}","templated":true}]}}