{"id":5633,"date":"2020-01-15T08:55:34","date_gmt":"2020-01-15T08:55:34","guid":{"rendered":"https:\/\/sit.com.mt\/incentives\/corporate-social-responsibility-malta\/"},"modified":"2021-02-20T09:47:19","modified_gmt":"2021-02-20T09:47:19","slug":"responsabilidad-social-empresarial-malta","status":"publish","type":"page","link":"https:\/\/sit.com.mt\/es\/servicios\/incentivos\/responsabilidad-social-empresarial-malta\/","title":{"rendered":"Corporate Social Responsibility"},"content":{"rendered":"<div class=\"landing-banner-block\">\n    <div class=\"landing-banner-wrap inline-bg-image lazyload\" style=\"background-image:inherit;\" data-bg-image=\"url(https:\/\/sit.com.mt\/wp-content\/uploads\/2020\/05\/adventure-backlit-dawn-dusk-207896-scaled-e1588771443731.jpg)\">\n        \n            <div class=\"content-box\" data-aos=\"fade-up\">\n                                    <h1 class=\"h1\">RESPONSABILIDAD SOCIAL CORPORATIVA<\/h1>\n                                                    <p class=\"para\">Nos tomamos en serio la RSE y buscamos integrar la responsabilidad social y medioambiental en los diversos aspectos de nuestro negocio.\r\n<\/p>\n                            <\/div>\n            \n                    <\/div>\n        \n    <\/div>\n\n<div class=\"image-desc-large-blocks-block\">\n    <div class=\"image-desc-large-blocks-wrap\">\n            <div class=\"img-desc-large-box\" data-aos=\"fade-up\" tabindex=\"1\">\n\n                        <div class=\"img inline-bg-image lazyload\" role=\"img\" aria-label=\"People stack hands for csr teambuilding activity\" style=\"background-image:inherit;\" data-bg-image=\"url(https:\/\/sit.com.mt\/wp-content\/uploads\/2020\/01\/people-stack-hands.png)\"><\/div>\n\n            <div class=\"block-title\">\n                <div class=\"v-align\">\n                    <div class=\"title\">ACTIVIDADES DE TRABAJO EN EQUIPO- <\/div>\n                <\/div>\n            <\/div>\n\n            <div class=\"block-content\">\n                <div class=\"title\">ACTIVIDADES DE TRABAJO EN EQUIPO- <\/div>\n                <div class=\"para\"><p>\u2014<\/p>\n<p>&nbsp;<\/p>\n<p>Los eventos de formaci\u00f3n de equipos con un componente de responsabilidad social corporativa (RSC) ayudan a los equipos de trabajo a vivir sus valores y tener una luz positiva sobre su marca.<\/p>\n<\/div>\n            <\/div>\n\n        <\/div>\n            <div class=\"img-desc-large-box\" data-aos=\"fade-up\" tabindex=\"1\">\n\n                        <div class=\"img inline-bg-image lazyload\" role=\"img\" aria-label=\"Giving Back\" style=\"background-image:inherit;\" data-bg-image=\"url(https:\/\/sit.com.mt\/wp-content\/uploads\/2020\/01\/action-adult-advice-1120344.png)\"><\/div>\n\n            <div class=\"block-title\">\n                <div class=\"v-align\">\n                    <div class=\"title\">RETRIBUIR<\/div>\n                <\/div>\n            <\/div>\n\n            <div class=\"block-content\">\n                <div class=\"title\">RETRIBUIR<\/div>\n                <div class=\"para\"><p>\u2014<\/p>\n<p>&nbsp;<\/p>\n<p>Una gran oportunidad para retribuir a la comunidad y apoyar sus objetivos de Responsabilidad Social Corporativa. Renovar escuelas u orfanatos son un ejemplo perfecto de esto.<\/p>\n<\/div>\n            <\/div>\n\n        <\/div>\n            <div class=\"img-desc-large-box\" data-aos=\"fade-up\" tabindex=\"1\">\n\n                        <div class=\"img inline-bg-image lazyload\" role=\"img\" aria-label=\"Team Morale\" style=\"background-image:inherit;\" data-bg-image=\"url(https:\/\/sit.com.mt\/wp-content\/uploads\/2020\/01\/2646517-e1579078105894.png)\"><\/div>\n\n            <div class=\"block-title\">\n                <div class=\"v-align\">\n                    <div class=\"title\">MORAL DE EQUIPO<\/div>\n                <\/div>\n            <\/div>\n\n            <div class=\"block-content\">\n                <div class=\"title\">MORAL DE EQUIPO<\/div>\n                <div class=\"para\"><p>\u2014<\/p>\n<p>&nbsp;<\/p>\n<p>El sentido de compartido de prop\u00f3sito generado por una actividad\u00a0 significativa de RSE significativa ayudar significativamente a mejorar la moral y el compromiso del equipo de trabajo. Los estudios muestran que las empresas que demuestran que se toman en serio el logro de sus objetivos de RSE tienen m\u00e1s probabilidades de retener a sus empleados.<\/p>\n<\/div>\n            <\/div>\n\n        <\/div>\n            <div class=\"img-desc-large-box\" data-aos=\"fade-up\" tabindex=\"1\">\n\n                        <div class=\"img inline-bg-image lazyload\" role=\"img\" aria-label=\"Business People In Suits Shaking Hand\" style=\"background-image:inherit;\" data-bg-image=\"url(https:\/\/sit.com.mt\/wp-content\/uploads\/2020\/01\/31214.png)\"><\/div>\n\n            <div class=\"block-title\">\n                <div class=\"v-align\">\n                    <div class=\"title\">RELACIONES COMERCIALES <\/div>\n                <\/div>\n            <\/div>\n\n            <div class=\"block-content\">\n                <div class=\"title\">RELACIONES COMERCIALES <\/div>\n                <div class=\"para\"><p>\u2014<\/p>\n<p>&nbsp;<\/p>\n<p>Los eventos de RSE con clientes tambi\u00e9n son una forma significativa de hacer crecer sus relaciones comerciales. Sus clientes ver\u00e1n el enfoque positivo de su empresa en retribuir y su personal podr\u00e1 conectarse con sus clientes en un ambiente relajado e informal.<\/p>\n<\/div>\n            <\/div>\n\n        <\/div>\n            <div class=\"img-desc-large-box\" data-aos=\"fade-up\" tabindex=\"1\">\n\n                        <div class=\"img inline-bg-image lazyload\" role=\"img\" aria-label=\"Girl with plant in the hand\" style=\"background-image:inherit;\" data-bg-image=\"url(https:\/\/sit.com.mt\/wp-content\/uploads\/2020\/01\/466663-PFX5MU-129.png)\"><\/div>\n\n            <div class=\"block-title\">\n                <div class=\"v-align\">\n                    <div class=\"title\">COMPENSAR SU HUELLA DE CARBONO <\/div>\n                <\/div>\n            <\/div>\n\n            <div class=\"block-content\">\n                <div class=\"title\">COMPENSAR SU HUELLA DE CARBONO <\/div>\n                <div class=\"para\"><p>\u2014<\/p>\n<p>&nbsp;<\/p>\n<p>Una actividad de RSE amigable con el medio ambiente, como plantar \u00e1rboles, es una manera fant\u00e1stica de compensar la huella de carbono de su empresa, especialmente cuando, a lo largo del programa, se combina con otras actividades ecol\u00f3gicas.<\/p>\n<\/div>\n            <\/div>\n\n        <\/div>\n            <div class=\"img-desc-large-box\" data-aos=\"fade-up\" tabindex=\"1\">\n\n                        <div class=\"img inline-bg-image lazyload\" role=\"img\" aria-label=\"Aearial Shot Of People During Charity-Swim\" style=\"background-image:inherit;\" data-bg-image=\"url(https:\/\/sit.com.mt\/wp-content\/uploads\/2020\/01\/action-aerial-shot-daylight-1936957.png)\"><\/div>\n\n            <div class=\"block-title\">\n                <div class=\"v-align\">\n                    <div class=\"title\">SALUD Y BIENESTAR<\/div>\n                <\/div>\n            <\/div>\n\n            <div class=\"block-content\">\n                <div class=\"title\">SALUD Y BIENESTAR<\/div>\n                <div class=\"para\"><p>\u2014<\/p>\n<p>&nbsp;<\/p>\n<p>La creaci\u00f3n de un evento de caridad o un ciclo alrededor de Malta, no solo puede recaudar dinero para una buena causa, sino que tambi\u00e9n puede ayudar a su personal a adoptar un estilo de vida m\u00e1s saludable y activo. Esto, a su vez, aumenta su bienestar y rendimiento laboral.<\/p>\n<\/div>\n            <\/div>\n\n        <\/div>\n    <\/div><\/div>\n\n<div class=\"tsdb-block\">\n    <div class=\"tsdb-wrap grey-bg includes-bg-text \">\n            <div class=\"inner\">\n\n                                \n                                \n                                                    <div class=\"para\" data-aos=\"fade-up\"><p>Para desbloquear todo el potencial de individuos y la comunidad para dar forma a un futuro sostenible<\/p>\n<\/div>\n                \n                                                    <a href=\"\/es\/contacto\/\" class=\"button\" target=\"\" data-aos=\"fade-up\">CONT\u00c1CTENOS<\/a>\n                                \n                \n            <\/div>\n\n                            <div class=\"bg-text\" data-aos=\"fade-up\">Sustainability<\/div>\n                    <\/div>\n    \n    <\/div>\n\n<div class=\"image-desc-blocks-block\">\n    <div class=\"image-desc-blocks-wrap\">\n                    <a href=\"\/es\/servicios\/incentivos\/nuestros-servicios\/\" class=\"link-wrap\" target=\"\">\n            <div class=\"img-desc-box\" data-aos=\"fade-up\" data-aos-offset=\"50\">\n\n                                <div class=\"img inline-bg-image lazyload\" role=\"img\" aria-label=\"people raising their hands\" style=\"background-image:inherit;\" data-bg-image=\"url(https:\/\/sit.com.mt\/wp-content\/uploads\/2020\/05\/people-raising-their-hands-3453047-scaled.jpg)\"><\/div>\n\n                <div class=\"block-title\">\n                    <div class=\"title\">Nuestros Servicios<\/div>\n                <\/div>\n\n                <div class=\"block-content\">\n                    <div class=\"title\">Nuestros Servicios<\/div>\n                    \n                    <p class=\"para\">Why settle for anything else, when you can have it all? By choosing SIT, you will be opening doors to endless possibilities. <\/p>\n                    \n                                            <span class=\"more-link\">Leer m\u00e1s<\/span>\n                                    <\/div>\n\n            <\/div>\n        <\/a>\n                    <a href=\"\/es\/portfolio\/#incentivos\" class=\"link-wrap\" target=\"\">\n            <div class=\"img-desc-box\" data-aos=\"fade-up\" data-aos-offset=\"50\">\n\n                                <div class=\"img inline-bg-image lazyload\" role=\"img\" aria-label=\"\" style=\"background-image:inherit;\" data-bg-image=\"url(https:\/\/sit.com.mt\/wp-content\/uploads\/2019\/12\/incentives-3.png)\"><\/div>\n\n                <div class=\"block-title\">\n                    <div class=\"title\">Casos de Estudio<\/div>\n                <\/div>\n\n                <div class=\"block-content\">\n                    <div class=\"title\">Casos de Estudio<\/div>\n                    \n                    <p class=\"para\">Get enticed by our work <\/p>\n                    \n                                            <span class=\"more-link\">Leer m\u00e1s<\/span>\n                                    <\/div>\n\n            <\/div>\n        <\/a>\n                    <a href=\"\/es\/servicios\/incentivos\/sicilia\" class=\"link-wrap\" target=\"\">\n            <div class=\"img-desc-box\" data-aos=\"fade-up\" data-aos-offset=\"50\">\n\n                                <div class=\"img inline-bg-image lazyload\" role=\"img\" aria-label=\"colorful Sicily's house with character\" style=\"background-image:inherit;\" data-bg-image=\"url(https:\/\/sit.com.mt\/wp-content\/uploads\/2019\/12\/sicily-house.png)\"><\/div>\n\n                <div class=\"block-title\">\n                    <div class=\"title\">Sicilia<\/div>\n                <\/div>\n\n                <div class=\"block-content\">\n                    <div class=\"title\">Sicilia<\/div>\n                    \n                    <p class=\"para\">\u201cIn Sicilia abbiamo tutto. Ci manca il resto.\u201d \u2013 Pino Caruso <\/p>\n                    \n                                            <span class=\"more-link\">Leer m\u00e1s<\/span>\n                                    <\/div>\n\n            <\/div>\n        <\/a>\n    <\/div><\/div>","protected":false},"excerpt":{"rendered":"","protected":false},"author":6,"featured_media":0,"parent":5573,"menu_order":0,"comment_status":"closed","ping_status":"closed","template":"","meta":{"footnotes":""},"categories":[],"class_list":["post-5633","page","type-page","status-publish","hentry"],"acf":[],"yoast_head":"<!-- This site is optimized with the Yoast SEO plugin v25.3 - https:\/\/yoast.com\/wordpress\/plugins\/seo\/ -->\n<title>Apoye sus objetivos de responsabilidad social Empresarial| SIT Malta<\/title>\n<meta name=\"description\" content=\"We\u2019re serious about CSR in Malta and seeks to integrate social and environmental responsibility into the various aspects of our business.\" \/>\n<meta name=\"robots\" content=\"index, follow, max-snippet:-1, max-image-preview:large, max-video-preview:-1\" \/>\n<link rel=\"canonical\" href=\"https:\/\/sit.com.mt\/es\/servicios\/incentivos\/responsabilidad-social-empresarial-malta\/\" \/>\n<meta property=\"og:locale\" content=\"es_ES\" \/>\n<meta property=\"og:type\" content=\"article\" \/>\n<meta property=\"og:title\" content=\"Apoye sus objetivos de responsabilidad social Empresarial| SIT Malta\" \/>\n<meta property=\"og:description\" content=\"We\u2019re serious about CSR in Malta and seeks to integrate social and environmental responsibility into the various aspects of our business.\" \/>\n<meta property=\"og:url\" content=\"https:\/\/sit.com.mt\/es\/servicios\/incentivos\/responsabilidad-social-empresarial-malta\/\" \/>\n<meta property=\"og:site_name\" content=\"SIT Malta\" \/>\n<meta property=\"article:modified_time\" content=\"2021-02-20T09:47:19+00:00\" \/>\n<meta name=\"twitter:card\" content=\"summary_large_image\" \/>\n<script type=\"application\/ld+json\" class=\"yoast-schema-graph\">{\"@context\":\"https:\/\/schema.org\",\"@graph\":[{\"@type\":\"WebPage\",\"@id\":\"https:\/\/sit.com.mt\/es\/servicios\/incentivos\/responsabilidad-social-empresarial-malta\/\",\"url\":\"https:\/\/sit.com.mt\/es\/servicios\/incentivos\/responsabilidad-social-empresarial-malta\/\",\"name\":\"Apoye sus objetivos de responsabilidad social Empresarial| SIT Malta\",\"isPartOf\":{\"@id\":\"https:\/\/sit.com.mt\/#website\"},\"datePublished\":\"2020-01-15T08:55:34+00:00\",\"dateModified\":\"2021-02-20T09:47:19+00:00\",\"description\":\"We\u2019re serious about CSR in Malta and seeks to integrate social and environmental responsibility into the various aspects of our business.\",\"breadcrumb\":{\"@id\":\"https:\/\/sit.com.mt\/es\/servicios\/incentivos\/responsabilidad-social-empresarial-malta\/#breadcrumb\"},\"inLanguage\":\"es\",\"potentialAction\":[{\"@type\":\"ReadAction\",\"target\":[\"https:\/\/sit.com.mt\/es\/servicios\/incentivos\/responsabilidad-social-empresarial-malta\/\"]}]},{\"@type\":\"BreadcrumbList\",\"@id\":\"https:\/\/sit.com.mt\/es\/servicios\/incentivos\/responsabilidad-social-empresarial-malta\/#breadcrumb\",\"itemListElement\":[{\"@type\":\"ListItem\",\"position\":1,\"name\":\"Home\",\"item\":\"https:\/\/sit.com.mt\/es\/\"},{\"@type\":\"ListItem\",\"position\":2,\"name\":\"Servicios\",\"item\":\"https:\/\/sit.com.mt\/es\/servicios\/\"},{\"@type\":\"ListItem\",\"position\":3,\"name\":\"Incentivos\",\"item\":\"https:\/\/sit.com.mt\/es\/servicios\/incentivos\/\"},{\"@type\":\"ListItem\",\"position\":4,\"name\":\"Corporate Social Responsibility\"}]},{\"@type\":\"WebSite\",\"@id\":\"https:\/\/sit.com.mt\/#website\",\"url\":\"https:\/\/sit.com.mt\/\",\"name\":\"SIT Malta\",\"description\":\"Unique Travel Programs\",\"publisher\":{\"@id\":\"https:\/\/sit.com.mt\/#organization\"},\"potentialAction\":[{\"@type\":\"SearchAction\",\"target\":{\"@type\":\"EntryPoint\",\"urlTemplate\":\"https:\/\/sit.com.mt\/?s={search_term_string}\"},\"query-input\":{\"@type\":\"PropertyValueSpecification\",\"valueRequired\":true,\"valueName\":\"search_term_string\"}}],\"inLanguage\":\"es\"},{\"@type\":\"Organization\",\"@id\":\"https:\/\/sit.com.mt\/#organization\",\"name\":\"SIT Mailta\",\"url\":\"https:\/\/sit.com.mt\/\",\"logo\":{\"@type\":\"ImageObject\",\"inLanguage\":\"es\",\"@id\":\"https:\/\/sit.com.mt\/#\/schema\/logo\/image\/\",\"url\":\"https:\/\/sit.com.mt\/wp-content\/uploads\/2020\/01\/main-logo-new.svg\",\"contentUrl\":\"https:\/\/sit.com.mt\/wp-content\/uploads\/2020\/01\/main-logo-new.svg\",\"width\":1,\"height\":1,\"caption\":\"SIT Mailta\"},\"image\":{\"@id\":\"https:\/\/sit.com.mt\/#\/schema\/logo\/image\/\"}}]}<\/script>\n<!-- \/ Yoast SEO plugin. -->","yoast_head_json":{"title":"Apoye sus objetivos de responsabilidad social Empresarial| SIT Malta","description":"We\u2019re serious about CSR in Malta and seeks to integrate social and environmental responsibility into the various aspects of our business.","robots":{"index":"index","follow":"follow","max-snippet":"max-snippet:-1","max-image-preview":"max-image-preview:large","max-video-preview":"max-video-preview:-1"},"canonical":"https:\/\/sit.com.mt\/es\/servicios\/incentivos\/responsabilidad-social-empresarial-malta\/","og_locale":"es_ES","og_type":"article","og_title":"Apoye sus objetivos de responsabilidad social Empresarial| SIT Malta","og_description":"We\u2019re serious about CSR in Malta and seeks to integrate social and environmental responsibility into the various aspects of our business.","og_url":"https:\/\/sit.com.mt\/es\/servicios\/incentivos\/responsabilidad-social-empresarial-malta\/","og_site_name":"SIT Malta","article_modified_time":"2021-02-20T09:47:19+00:00","twitter_card":"summary_large_image","schema":{"@context":"https:\/\/schema.org","@graph":[{"@type":"WebPage","@id":"https:\/\/sit.com.mt\/es\/servicios\/incentivos\/responsabilidad-social-empresarial-malta\/","url":"https:\/\/sit.com.mt\/es\/servicios\/incentivos\/responsabilidad-social-empresarial-malta\/","name":"Apoye sus objetivos de responsabilidad social Empresarial| SIT Malta","isPartOf":{"@id":"https:\/\/sit.com.mt\/#website"},"datePublished":"2020-01-15T08:55:34+00:00","dateModified":"2021-02-20T09:47:19+00:00","description":"We\u2019re serious about CSR in Malta and seeks to integrate social and environmental responsibility into the various aspects of our business.","breadcrumb":{"@id":"https:\/\/sit.com.mt\/es\/servicios\/incentivos\/responsabilidad-social-empresarial-malta\/#breadcrumb"},"inLanguage":"es","potentialAction":[{"@type":"ReadAction","target":["https:\/\/sit.com.mt\/es\/servicios\/incentivos\/responsabilidad-social-empresarial-malta\/"]}]},{"@type":"BreadcrumbList","@id":"https:\/\/sit.com.mt\/es\/servicios\/incentivos\/responsabilidad-social-empresarial-malta\/#breadcrumb","itemListElement":[{"@type":"ListItem","position":1,"name":"Home","item":"https:\/\/sit.com.mt\/es\/"},{"@type":"ListItem","position":2,"name":"Servicios","item":"https:\/\/sit.com.mt\/es\/servicios\/"},{"@type":"ListItem","position":3,"name":"Incentivos","item":"https:\/\/sit.com.mt\/es\/servicios\/incentivos\/"},{"@type":"ListItem","position":4,"name":"Corporate Social Responsibility"}]},{"@type":"WebSite","@id":"https:\/\/sit.com.mt\/#website","url":"https:\/\/sit.com.mt\/","name":"SIT Malta","description":"Unique Travel Programs","publisher":{"@id":"https:\/\/sit.com.mt\/#organization"},"potentialAction":[{"@type":"SearchAction","target":{"@type":"EntryPoint","urlTemplate":"https:\/\/sit.com.mt\/?s={search_term_string}"},"query-input":{"@type":"PropertyValueSpecification","valueRequired":true,"valueName":"search_term_string"}}],"inLanguage":"es"},{"@type":"Organization","@id":"https:\/\/sit.com.mt\/#organization","name":"SIT Mailta","url":"https:\/\/sit.com.mt\/","logo":{"@type":"ImageObject","inLanguage":"es","@id":"https:\/\/sit.com.mt\/#\/schema\/logo\/image\/","url":"https:\/\/sit.com.mt\/wp-content\/uploads\/2020\/01\/main-logo-new.svg","contentUrl":"https:\/\/sit.com.mt\/wp-content\/uploads\/2020\/01\/main-logo-new.svg","width":1,"height":1,"caption":"SIT Mailta"},"image":{"@id":"https:\/\/sit.com.mt\/#\/schema\/logo\/image\/"}}]}},"_links":{"self":[{"href":"https:\/\/sit.com.mt\/es\/wp-json\/wp\/v2\/pages\/5633","targetHints":{"allow":["GET"]}}],"collection":[{"href":"https:\/\/sit.com.mt\/es\/wp-json\/wp\/v2\/pages"}],"about":[{"href":"https:\/\/sit.com.mt\/es\/wp-json\/wp\/v2\/types\/page"}],"author":[{"embeddable":true,"href":"https:\/\/sit.com.mt\/es\/wp-json\/wp\/v2\/users\/6"}],"replies":[{"embeddable":true,"href":"https:\/\/sit.com.mt\/es\/wp-json\/wp\/v2\/comments?post=5633"}],"version-history":[{"count":0,"href":"https:\/\/sit.com.mt\/es\/wp-json\/wp\/v2\/pages\/5633\/revisions"}],"up":[{"embeddable":true,"href":"https:\/\/sit.com.mt\/es\/wp-json\/wp\/v2\/pages\/5573"}],"wp:attachment":[{"href":"https:\/\/sit.com.mt\/es\/wp-json\/wp\/v2\/media?parent=5633"}],"wp:term":[{"taxonomy":"category","embeddable":true,"href":"https:\/\/sit.com.mt\/es\/wp-json\/wp\/v2\/categories?post=5633"}],"curies":[{"name":"wp","href":"https:\/\/api.w.org\/{rel}","templated":true}]}}