{"id":5663,"date":"2020-02-03T13:24:47","date_gmt":"2020-02-03T13:24:47","guid":{"rendered":"https:\/\/sit.com.mt\/special-interest-groups\/pilgrimage\/"},"modified":"2021-02-20T10:53:53","modified_gmt":"2021-02-20T10:53:53","slug":"peregrinaje","status":"publish","type":"page","link":"https:\/\/sit.com.mt\/es\/servicios\/grupos-de-interes-especial\/peregrinaje\/","title":{"rendered":"Pilgrimage"},"content":{"rendered":"<div class=\"landing-banner-block\">\n    <div class=\"landing-banner-wrap inline-bg-image lazyload\" style=\"background-image:inherit;\" data-bg-image=\"url(https:\/\/sit.com.mt\/wp-content\/uploads\/2020\/01\/citadel-3424572_1920-min.jpg)\">\n        \n            <div class=\"content-box\" data-aos=\"fade-up\">\n                                    <h1 class=\"h1\">Grupos de Peregrinaje<\/h1>\n                                                    <p class=\"para\">La religi\u00f3n ha dominado la historia de Malta desde que las primeras personas se asentaran en Malta, y se puede ver la importancia de la religi\u00f3n en todo el paisaje malt\u00e9s hasta el d\u00eda de hoy. Si est\u00e1 interesado en c\u00f3mo la gente de Malta mantuvo sus creencias religiosas, es posible que desee embarcarse en un itinerario religioso para enriquecer su conocimiento de las islas.\r\n<\/p>\n                            <\/div>\n            \n                    <\/div>\n        \n    <\/div>\n\n<div class=\"tsdb-block\">\n    <div class=\"tsdb-wrap grey-bg includes-bg-text \">\n            <div class=\"inner\">\n\n                                \n                                \n                                                    <div class=\"para\" data-aos=\"fade-up\"><p>Se cree que Malta fue el primer pa\u00eds que se convirti\u00f3 al cristianismo, cuando San Pablo naufrag\u00f3 en las islas en el 60 d.C. y su gruta todav\u00eda es visitada por miles de turistas cada a\u00f1o. Entre los siglos XVI y XVIII, Malta fue gobernada por los Caballeros de San Juan y sigue siendo uno de los pa\u00edses m\u00e1s devotamente cat\u00f3licos del mundo. <\/p>\n<\/div>\n                \n                                                \n                                    <span class=\"full-arrow is-bottom long\" data-aos=\"fade-down\"><\/span>\n                \n            <\/div>\n\n                            <div class=\"bg-text\" data-aos=\"fade-up\">Religioso<\/div>\n                    <\/div>\n    \n    <\/div>\n\n<div class=\"tab-title-desc-block\">\n    <div class=\"tab-title-desc-wrap\">\n    <div class=\"inner clearfix\">\n\n        <ul id=\"tabs-nav\" class=\"tabs-nav\" data-aos=\"fade-right\">\n                                            \n                <li>\n                    <a href=\"#tabs-content\" data-tab=\"#tab1\" class=\"tab-nav\">\n                        <span class=\"step-title\">D\u00eda 1<\/span>\n                        <span class=\"tab-title\">ASISTENCIA EN LA LLEGADA<\/span>\n                        <span class=\"full-arrow is-right no-margin shortest\"><\/span>\n                    <\/a>\n                <\/li>\n\n                            \n                <li>\n                    <a href=\"#tabs-content\" data-tab=\"#tab2\" class=\"tab-nav\">\n                        <span class=\"step-title\">D\u00eda 2<\/span>\n                        <span class=\"tab-title\">EXPLORE GOZO<\/span>\n                        <span class=\"full-arrow is-right no-margin shortest\"><\/span>\n                    <\/a>\n                <\/li>\n\n                            \n                <li>\n                    <a href=\"#tabs-content\" data-tab=\"#tab3\" class=\"tab-nav\">\n                        <span class=\"step-title\">D\u00eda 3<\/span>\n                        <span class=\"tab-title\">VALLETTA<\/span>\n                        <span class=\"full-arrow is-right no-margin shortest\"><\/span>\n                    <\/a>\n                <\/li>\n\n                            \n                <li>\n                    <a href=\"#tabs-content\" data-tab=\"#tab4\" class=\"tab-nav\">\n                        <span class=\"step-title\">D\u00eda 4<\/span>\n                        <span class=\"tab-title\">LAS TRES CIUDADES<\/span>\n                        <span class=\"full-arrow is-right no-margin shortest\"><\/span>\n                    <\/a>\n                <\/li>\n\n                            <\/ul>\n\n        <div id=\"tabs-content\" class=\"tabs-content\" data-aos=\"fade-left\">\n                                                            \n                <div id=\"tab1\" class=\"para tab-content\">\n                    <p>A su llegada, tendr\u00e1 una celebraci\u00f3n privada de la Santa Misa en la iglesia de Nuestra Se\u00f1ora de la Inmaculada Concepci\u00f3n en Cospicua.<\/p>\n                <\/div>\n\n                                            \n                <div id=\"tab2\" class=\"para tab-content\">\n                    <p>Su recorrido comenzar\u00e1 con una visita a los templos megal\u00edticos m\u00e1s antiguos del mundo llamados \u00abTemplos de Ggantija\u00bb. Luego visitar\u00e1 las grutas de Xaghra, la iglesia de Xewkija y las incre\u00edbles cuevas de Calypso que tambi\u00e9n se han mencionado en La Odisea de Homero. El final del recorrido lo lleva a la Bas\u00edlica Milagrosa de Ta &#8216;Pinu y la Ciudadela fortificada de Victoria.<\/p>\n                <\/div>\n\n                                            \n                <div id=\"tab3\" class=\"para tab-content\">\n                    <p>Descubra la ciudad capital de Malta y aprenda sobre sus fundadores, los Caballeros de San Juan. Durante este recorrido tambi\u00e9n visitar\u00e1 la concatedral de San Juan, donde encontrar\u00e1 la pintura de la decapitaci\u00f3n de San Juan Bautista pintada por Caravaggio. Tambi\u00e9n visitar\u00e1 la iglesia del naufragio de San Pablo que contiene las reliquias de San Pablo y Casa Rocca Piccola, un palacio del siglo XVI. No debe perderse la incre\u00edble vista panor\u00e1mica de los jardines Upper Barracca desde donde se puede disfrutar de una vista impresionante del puerto.<\/p>\n                <\/div>\n\n                                            \n                <div id=\"tab4\" class=\"para tab-content\">\n                    <p>Su d\u00eda comenzar\u00e1 con una misa matutina privada, despu\u00e9s de la cual disfrutar\u00e1 de un recorrido de medio d\u00eda por las 3 ciudades portuarias fortificadas de Senglea, Vittoriosa y Cospicua, que se han utilizado desde la \u00e9poca fenicia. En este recorrido, tambi\u00e9n visitar\u00e1 la Iglesia Senglea y la Iglesia de San Lorenzo.<br \/>\nSalida con asistencia SIT.<\/p>\n                <\/div>\n\n                            <\/div>\n    <\/div>\n<\/div><\/div>\n\n<div class=\"image-slider-block\">\n    <div class=\"image-slider-wrap\">\n\n    <div class=\"slider-container no-padding\" data-aos=\"fade-up\">\n        <div class=\"image-slider\">\n                                    \n                                \n                    <div>\n                        <div class=\"img inline-bg-image lazyload\" role=\"img\" aria-label=\"Ta' Pinu\" style=\"background-image:inherit;\" data-bg-image=\"url(https:\/\/sit.com.mt\/wp-content\/uploads\/2020\/02\/tapinu-2945279_1920-min.jpg)\"><\/div>\n                    <\/div>\n\n                                        \n                            \n                                \n                    <div>\n                        <div class=\"img inline-bg-image lazyload\" role=\"img\" aria-label=\"Church\" style=\"background-image:inherit;\" data-bg-image=\"url(https:\/\/sit.com.mt\/wp-content\/uploads\/2020\/02\/St_Johns_Co-cathedral_Valletta_Malta_2014_8-min.jpg)\"><\/div>\n                    <\/div>\n\n                                        \n                            \n                                \n                    <div>\n                        <div class=\"img inline-bg-image lazyload\" role=\"img\" aria-label=\"Cathedral\" style=\"background-image:inherit;\" data-bg-image=\"url(https:\/\/sit.com.mt\/wp-content\/uploads\/2020\/02\/piqsels.com-id-zhvey-min-scaled.jpg)\"><\/div>\n                    <\/div>\n\n                                        \n                            \n                                \n                    <div>\n                        <div class=\"img inline-bg-image lazyload\" role=\"img\" aria-label=\"Mellieha Church\" style=\"background-image:inherit;\" data-bg-image=\"url(https:\/\/sit.com.mt\/wp-content\/uploads\/2020\/02\/5929525747_72dc927b4a_c-min.jpg)\"><\/div>\n                    <\/div>\n\n                                        \n                            \n                                \n                    <div>\n                        <div class=\"img inline-bg-image lazyload\" role=\"img\" aria-label=\"Balluta Bay\" style=\"background-image:inherit;\" data-bg-image=\"url(https:\/\/sit.com.mt\/wp-content\/uploads\/2020\/02\/4023039990_b3d3c15e48_c-min.jpg)\"><\/div>\n                    <\/div>\n\n                                        \n                            \n                                \n                    <div>\n                        <div class=\"img inline-bg-image lazyload\" role=\"img\" aria-label=\"Mosta Dome\" style=\"background-image:inherit;\" data-bg-image=\"url(https:\/\/sit.com.mt\/wp-content\/uploads\/2020\/02\/3122452622_6cd2033702_c-min.jpg)\"><\/div>\n                    <\/div>\n\n                                        \n                            <\/div>\n        <span class=\"prevBtn\" tabindex=\"1\">\n            <span class=\"full-arrow is-left short white\"><\/span>\n        <\/span>\n        <span class=\"nextBtn\" tabindex=\"1\">\n            <span class=\"full-arrow is-right short white\"><\/span>\n        <\/span>\n    <\/div>\n<\/div><\/div>\n\n<div class=\"tsdb-block\">\n    <div class=\"tsdb-wrap grey-bg includes-bg-text \">\n            <div class=\"inner\">\n\n                                \n                                \n                                                    <div class=\"para\" data-aos=\"fade-up\"><p>Ya sea que est\u00e9 interesado en observar la devoci\u00f3n religiosa, tambi\u00e9n se pueden ver la gran cantidad de actividades religiosas que tienen lugar durante el a\u00f1o. Muchas procesiones cristianas se llevan a cabo durante el a\u00f1o, como Nuestra Se\u00f1ora de los Dolores, Domingo de Ramos, Viernes Santo y Domingo de Resurrecci\u00f3n. Si visita Malta durante el verano, aseg\u00farese de participar en uno de los festivales en cada ciudad y pueblo de las islas.<\/p>\n<\/div>\n                \n                                                    <a href=\"\/contact\/\" class=\"button\" target=\"\" data-aos=\"fade-up\">Contact Us<\/a>\n                                \n                                    <span class=\"full-arrow is-bottom long\" data-aos=\"fade-down\"><\/span>\n                \n            <\/div>\n\n                            <div class=\"bg-text\" data-aos=\"fade-up\">Iglesias<\/div>\n                    <\/div>\n    \n    <\/div>\n\n<div class=\"image-desc-blocks-block\">\n    <div class=\"image-desc-blocks-wrap\">\n                    <a href=\"\/es\/servicios\/grupos-de-interes-especial\/grupos-culturales\/\" class=\"link-wrap\" target=\"\">\n            <div class=\"img-desc-box\" data-aos=\"fade-up\" data-aos-offset=\"50\">\n\n                                <div class=\"img inline-bg-image lazyload\" role=\"img\" aria-label=\"Mdina Entrance\" style=\"background-image:inherit;\" data-bg-image=\"url(https:\/\/sit.com.mt\/wp-content\/uploads\/2020\/02\/mdina-gate.jpg)\"><\/div>\n\n                <div class=\"block-title\">\n                    <div class=\"title\">Cultural-Tours<\/div>\n                <\/div>\n\n                <div class=\"block-content\">\n                    <div class=\"title\">Cultural-Tours<\/div>\n                    \n                    <p class=\"para\">Descubra por qu\u00e9 lo es la joya arquitect\u00f3nica e hist\u00f3rica de La Valeta, la actual capital de Malta. Fundada despu\u00e9s de la victoria del Gran Asedio de 1565 por los Caballeros de San Juan, la ciudad en s\u00ed es un monumento.<\/p>\n                    \n                                            <span class=\"more-link\">Leer m\u00e1s<\/span>\n                                    <\/div>\n\n            <\/div>\n        <\/a>\n                    <a href=\"\/es\/servicios\/grupos-de-interes-especial\/rutas-gastronomicas-y-vinicolas\/\" class=\"link-wrap\" target=\"\">\n            <div class=\"img-desc-box\" data-aos=\"fade-up\" data-aos-offset=\"50\">\n\n                                <div class=\"img inline-bg-image lazyload\" role=\"img\" aria-label=\"Gozo Plater with maltese cheese\" style=\"background-image:inherit;\" data-bg-image=\"url(https:\/\/sit.com.mt\/wp-content\/uploads\/2020\/02\/Gozo-platter.jpg)\"><\/div>\n\n                <div class=\"block-title\">\n                    <div class=\"title\">Comida &#038; Vino-Tours<\/div>\n                <\/div>\n\n                <div class=\"block-content\">\n                    <div class=\"title\">Comida &#038; Vino-Tours<\/div>\n                    \n                    <p class=\"para\">A trav\u00e9s del lenguaje de la comida, le contar\u00e1n las historias detr\u00e1s de la capital de Malta, sus edificios, su historia y eventos, y sus habitantes, que son un crisol de diferentes culturas, una gastronomia que fusiona muchas influencias.<\/p>\n                    \n                                            <span class=\"more-link\">Leer m\u00e1s<\/span>\n                                    <\/div>\n\n            <\/div>\n        <\/a>\n                    <a href=\"\/es\/servicios\/grupos-de-interes-especial\/cruceros\/\" class=\"link-wrap\" target=\"\">\n            <div class=\"img-desc-box\" data-aos=\"fade-up\" data-aos-offset=\"50\">\n\n                                <div class=\"img inline-bg-image lazyload\" role=\"img\" aria-label=\"Turkish Gullets Berthed at Blue Lagoon\" style=\"background-image:inherit;\" data-bg-image=\"url(https:\/\/sit.com.mt\/wp-content\/uploads\/2020\/07\/turkish-gullets-comino-scaled.jpg)\"><\/div>\n\n                <div class=\"block-title\">\n                    <div class=\"title\">Cruceros<\/div>\n                <\/div>\n\n                <div class=\"block-content\">\n                    <div class=\"title\">Cruceros<\/div>\n                    \n                    <p class=\"para\">Experimente la belleza pr\u00edstina de Gozo en un paseo en barco al atardecer. En su propia fiesta privada, descubra la Laguna Azul lejos de las multitudes de turistas y disfrute del horizonte costero iluminado con hermosos tonos de rosa y naranja.<\/p>\n                    \n                                            <span class=\"more-link\">Leer m\u00e1s<\/span>\n                                    <\/div>\n\n            <\/div>\n        <\/a>\n    <\/div><\/div>","protected":false},"excerpt":{"rendered":"","protected":false},"author":6,"featured_media":0,"parent":5602,"menu_order":0,"comment_status":"closed","ping_status":"closed","template":"","meta":{"footnotes":""},"categories":[67],"class_list":["post-5663","page","type-page","status-publish","hentry","category-services-es"],"acf":[],"yoast_head":"<!-- This site is optimized with the Yoast SEO plugin v25.3 - https:\/\/yoast.com\/wordpress\/plugins\/seo\/ -->\n<title>Pilgrimage Groups &amp; Religious Tours | SIT Malta<\/title>\n<meta name=\"description\" content=\"Malta is well-known among Pilgrimage Groups from all over the world. Our Islands are brimming with religious history and infrastructure such as churches and cathedrals.\" \/>\n<meta name=\"robots\" content=\"index, follow, max-snippet:-1, max-image-preview:large, max-video-preview:-1\" \/>\n<link rel=\"canonical\" href=\"https:\/\/sit.com.mt\/es\/servicios\/grupos-de-interes-especial\/peregrinaje\/\" \/>\n<meta property=\"og:locale\" content=\"es_ES\" \/>\n<meta property=\"og:type\" content=\"article\" \/>\n<meta property=\"og:title\" content=\"Pilgrimage Groups &amp; Religious Tours | SIT Malta\" \/>\n<meta property=\"og:description\" content=\"Malta is well-known among Pilgrimage Groups from all over the world. Our Islands are brimming with religious history and infrastructure such as churches and cathedrals.\" \/>\n<meta property=\"og:url\" content=\"https:\/\/sit.com.mt\/es\/servicios\/grupos-de-interes-especial\/peregrinaje\/\" \/>\n<meta property=\"og:site_name\" content=\"SIT Malta\" \/>\n<meta property=\"article:modified_time\" content=\"2021-02-20T10:53:53+00:00\" \/>\n<meta name=\"twitter:card\" content=\"summary_large_image\" \/>\n<script type=\"application\/ld+json\" class=\"yoast-schema-graph\">{\"@context\":\"https:\/\/schema.org\",\"@graph\":[{\"@type\":\"WebPage\",\"@id\":\"https:\/\/sit.com.mt\/es\/servicios\/grupos-de-interes-especial\/peregrinaje\/\",\"url\":\"https:\/\/sit.com.mt\/es\/servicios\/grupos-de-interes-especial\/peregrinaje\/\",\"name\":\"Pilgrimage Groups & Religious Tours | SIT Malta\",\"isPartOf\":{\"@id\":\"https:\/\/sit.com.mt\/#website\"},\"datePublished\":\"2020-02-03T13:24:47+00:00\",\"dateModified\":\"2021-02-20T10:53:53+00:00\",\"description\":\"Malta is well-known among Pilgrimage Groups from all over the world. Our Islands are brimming with religious history and infrastructure such as churches and cathedrals.\",\"breadcrumb\":{\"@id\":\"https:\/\/sit.com.mt\/es\/servicios\/grupos-de-interes-especial\/peregrinaje\/#breadcrumb\"},\"inLanguage\":\"es\",\"potentialAction\":[{\"@type\":\"ReadAction\",\"target\":[\"https:\/\/sit.com.mt\/es\/servicios\/grupos-de-interes-especial\/peregrinaje\/\"]}]},{\"@type\":\"BreadcrumbList\",\"@id\":\"https:\/\/sit.com.mt\/es\/servicios\/grupos-de-interes-especial\/peregrinaje\/#breadcrumb\",\"itemListElement\":[{\"@type\":\"ListItem\",\"position\":1,\"name\":\"Home\",\"item\":\"https:\/\/sit.com.mt\/es\/\"},{\"@type\":\"ListItem\",\"position\":2,\"name\":\"Servicios\",\"item\":\"https:\/\/sit.com.mt\/es\/servicios\/\"},{\"@type\":\"ListItem\",\"position\":3,\"name\":\"Grupos de Inter\u00e9s Especial\",\"item\":\"https:\/\/sit.com.mt\/es\/servicios\/grupos-de-interes-especial\/\"},{\"@type\":\"ListItem\",\"position\":4,\"name\":\"Pilgrimage\"}]},{\"@type\":\"WebSite\",\"@id\":\"https:\/\/sit.com.mt\/#website\",\"url\":\"https:\/\/sit.com.mt\/\",\"name\":\"SIT Malta\",\"description\":\"Unique Travel Programs\",\"publisher\":{\"@id\":\"https:\/\/sit.com.mt\/#organization\"},\"potentialAction\":[{\"@type\":\"SearchAction\",\"target\":{\"@type\":\"EntryPoint\",\"urlTemplate\":\"https:\/\/sit.com.mt\/?s={search_term_string}\"},\"query-input\":{\"@type\":\"PropertyValueSpecification\",\"valueRequired\":true,\"valueName\":\"search_term_string\"}}],\"inLanguage\":\"es\"},{\"@type\":\"Organization\",\"@id\":\"https:\/\/sit.com.mt\/#organization\",\"name\":\"SIT Mailta\",\"url\":\"https:\/\/sit.com.mt\/\",\"logo\":{\"@type\":\"ImageObject\",\"inLanguage\":\"es\",\"@id\":\"https:\/\/sit.com.mt\/#\/schema\/logo\/image\/\",\"url\":\"https:\/\/sit.com.mt\/wp-content\/uploads\/2020\/01\/main-logo-new.svg\",\"contentUrl\":\"https:\/\/sit.com.mt\/wp-content\/uploads\/2020\/01\/main-logo-new.svg\",\"width\":1,\"height\":1,\"caption\":\"SIT Mailta\"},\"image\":{\"@id\":\"https:\/\/sit.com.mt\/#\/schema\/logo\/image\/\"}}]}<\/script>\n<!-- \/ Yoast SEO plugin. -->","yoast_head_json":{"title":"Pilgrimage Groups & Religious Tours | SIT Malta","description":"Malta is well-known among Pilgrimage Groups from all over the world. Our Islands are brimming with religious history and infrastructure such as churches and cathedrals.","robots":{"index":"index","follow":"follow","max-snippet":"max-snippet:-1","max-image-preview":"max-image-preview:large","max-video-preview":"max-video-preview:-1"},"canonical":"https:\/\/sit.com.mt\/es\/servicios\/grupos-de-interes-especial\/peregrinaje\/","og_locale":"es_ES","og_type":"article","og_title":"Pilgrimage Groups & Religious Tours | SIT Malta","og_description":"Malta is well-known among Pilgrimage Groups from all over the world. Our Islands are brimming with religious history and infrastructure such as churches and cathedrals.","og_url":"https:\/\/sit.com.mt\/es\/servicios\/grupos-de-interes-especial\/peregrinaje\/","og_site_name":"SIT Malta","article_modified_time":"2021-02-20T10:53:53+00:00","twitter_card":"summary_large_image","schema":{"@context":"https:\/\/schema.org","@graph":[{"@type":"WebPage","@id":"https:\/\/sit.com.mt\/es\/servicios\/grupos-de-interes-especial\/peregrinaje\/","url":"https:\/\/sit.com.mt\/es\/servicios\/grupos-de-interes-especial\/peregrinaje\/","name":"Pilgrimage Groups & Religious Tours | SIT Malta","isPartOf":{"@id":"https:\/\/sit.com.mt\/#website"},"datePublished":"2020-02-03T13:24:47+00:00","dateModified":"2021-02-20T10:53:53+00:00","description":"Malta is well-known among Pilgrimage Groups from all over the world. Our Islands are brimming with religious history and infrastructure such as churches and cathedrals.","breadcrumb":{"@id":"https:\/\/sit.com.mt\/es\/servicios\/grupos-de-interes-especial\/peregrinaje\/#breadcrumb"},"inLanguage":"es","potentialAction":[{"@type":"ReadAction","target":["https:\/\/sit.com.mt\/es\/servicios\/grupos-de-interes-especial\/peregrinaje\/"]}]},{"@type":"BreadcrumbList","@id":"https:\/\/sit.com.mt\/es\/servicios\/grupos-de-interes-especial\/peregrinaje\/#breadcrumb","itemListElement":[{"@type":"ListItem","position":1,"name":"Home","item":"https:\/\/sit.com.mt\/es\/"},{"@type":"ListItem","position":2,"name":"Servicios","item":"https:\/\/sit.com.mt\/es\/servicios\/"},{"@type":"ListItem","position":3,"name":"Grupos de Inter\u00e9s Especial","item":"https:\/\/sit.com.mt\/es\/servicios\/grupos-de-interes-especial\/"},{"@type":"ListItem","position":4,"name":"Pilgrimage"}]},{"@type":"WebSite","@id":"https:\/\/sit.com.mt\/#website","url":"https:\/\/sit.com.mt\/","name":"SIT Malta","description":"Unique Travel Programs","publisher":{"@id":"https:\/\/sit.com.mt\/#organization"},"potentialAction":[{"@type":"SearchAction","target":{"@type":"EntryPoint","urlTemplate":"https:\/\/sit.com.mt\/?s={search_term_string}"},"query-input":{"@type":"PropertyValueSpecification","valueRequired":true,"valueName":"search_term_string"}}],"inLanguage":"es"},{"@type":"Organization","@id":"https:\/\/sit.com.mt\/#organization","name":"SIT Mailta","url":"https:\/\/sit.com.mt\/","logo":{"@type":"ImageObject","inLanguage":"es","@id":"https:\/\/sit.com.mt\/#\/schema\/logo\/image\/","url":"https:\/\/sit.com.mt\/wp-content\/uploads\/2020\/01\/main-logo-new.svg","contentUrl":"https:\/\/sit.com.mt\/wp-content\/uploads\/2020\/01\/main-logo-new.svg","width":1,"height":1,"caption":"SIT Mailta"},"image":{"@id":"https:\/\/sit.com.mt\/#\/schema\/logo\/image\/"}}]}},"_links":{"self":[{"href":"https:\/\/sit.com.mt\/es\/wp-json\/wp\/v2\/pages\/5663","targetHints":{"allow":["GET"]}}],"collection":[{"href":"https:\/\/sit.com.mt\/es\/wp-json\/wp\/v2\/pages"}],"about":[{"href":"https:\/\/sit.com.mt\/es\/wp-json\/wp\/v2\/types\/page"}],"author":[{"embeddable":true,"href":"https:\/\/sit.com.mt\/es\/wp-json\/wp\/v2\/users\/6"}],"replies":[{"embeddable":true,"href":"https:\/\/sit.com.mt\/es\/wp-json\/wp\/v2\/comments?post=5663"}],"version-history":[{"count":0,"href":"https:\/\/sit.com.mt\/es\/wp-json\/wp\/v2\/pages\/5663\/revisions"}],"up":[{"embeddable":true,"href":"https:\/\/sit.com.mt\/es\/wp-json\/wp\/v2\/pages\/5602"}],"wp:attachment":[{"href":"https:\/\/sit.com.mt\/es\/wp-json\/wp\/v2\/media?parent=5663"}],"wp:term":[{"taxonomy":"category","embeddable":true,"href":"https:\/\/sit.com.mt\/es\/wp-json\/wp\/v2\/categories?post=5663"}],"curies":[{"name":"wp","href":"https:\/\/api.w.org\/{rel}","templated":true}]}}