{"id":5672,"date":"2020-02-03T13:42:55","date_gmt":"2020-02-03T13:42:55","guid":{"rendered":"https:\/\/sit.com.mt\/special-interest-groups\/food-and-wine-tours\/"},"modified":"2021-02-22T10:13:24","modified_gmt":"2021-02-22T10:13:24","slug":"rutas-gastronomicas-y-vinicolas","status":"publish","type":"page","link":"https:\/\/sit.com.mt\/es\/servicios\/grupos-de-interes-especial\/rutas-gastronomicas-y-vinicolas\/","title":{"rendered":"TOURS GASTRON\u00d3MICOS Y ENOL\u00d3GICOS"},"content":{"rendered":"<div class=\"landing-banner-block\">\n    <div class=\"landing-banner-wrap inline-bg-image lazyload\" style=\"background-image:inherit;\" data-bg-image=\"url(https:\/\/sit.com.mt\/wp-content\/uploads\/2020\/05\/farm-land-during-sunset-51947-e1592563518402.jpg)\">\n        \n            <div class=\"content-box\" data-aos=\"fade-up\">\n                                    <h1 class=\"h1\">TOURS GASTRON\u00d3MICOS Y ENOL\u00d3GICOS<\/h1>\n                                                    <p class=\"para\">La bien conocida historia de Malta se remonta aproximadamente al a\u00f1o 5000 a. C. y desde entonces ha experimentado una multitud de influencias, no solo en la cultura sino tambi\u00e9n en la gastronom\u00eda. Todos los que controlaron Malta dejaron su huella: los romanos, los \u00e1rabes y los Caballeros para empezar. La cocina maltesa es el resultado de una larga amistad entre los isle\u00f1os y los numerosos colonos que a lo largo de los a\u00f1os han invadido las islas de Malta. \r\n\r\n<\/p>\n                            <\/div>\n            \n                    <\/div>\n        \n    <\/div>\n\n<div class=\"tsdb-block\">\n    <div class=\"tsdb-wrap grey-bg  no-bottom-padding\">\n            <div class=\"inner\">\n\n                                \n                                \n                                                    <div class=\"para\" data-aos=\"fade-up\"><p>Explora la Malta rural, conoce a los lugare\u00f1os y prueba delicias reci\u00e9n hechas, durante esta excursi\u00f3n de \u00abd\u00eda completo\u00bb fuera de lo com\u00fan. Compartir\u00e1s este tour con un grupo muy peque\u00f1o de otros invitados. Un gu\u00eda local destacar\u00e1 lugares \u00fanicos para hacer turismo con una importancia hist\u00f3rica, cultural y ecol\u00f3gica fascinante. Podr\u00e1s experimentar los centros de  las villas y, lo m\u00e1s importante, visitar lugares que no son accesibles para el turista habitual &#8230; \u00a1o incluso para los lugare\u00f1os!<\/p>\n<\/div>\n                \n                                                \n                                    <span class=\"full-arrow is-bottom long\" data-aos=\"fade-down\"><\/span>\n                \n            <\/div>\n\n                    <\/div>\n    \n    <\/div>\n\n<div class=\"tab-title-desc-block\">\n    <div class=\"tab-title-desc-wrap\">\n    <div class=\"inner clearfix\">\n\n        <ul id=\"tabs-nav\" class=\"tabs-nav\" data-aos=\"fade-right\">\n                                            \n                <li>\n                    <a href=\"#tabs-content\" data-tab=\"#tab1\" class=\"tab-nav\">\n                        <span class=\"step-title\">Dia 1<\/span>\n                        <span class=\"tab-title\">ASISTENCIA EN LA LLEGADA<\/span>\n                        <span class=\"full-arrow is-right no-margin shortest\"><\/span>\n                    <\/a>\n                <\/li>\n\n                            \n                <li>\n                    <a href=\"#tabs-content\" data-tab=\"#tab2\" class=\"tab-nav\">\n                        <span class=\"step-title\">Dia 2<\/span>\n                        <span class=\"tab-title\">EXPLORA GOZO- DIA COMPLETO<\/span>\n                        <span class=\"full-arrow is-right no-margin shortest\"><\/span>\n                    <\/a>\n                <\/li>\n\n                            \n                <li>\n                    <a href=\"#tabs-content\" data-tab=\"#tab3\" class=\"tab-nav\">\n                        <span class=\"step-title\">Dia 3<\/span>\n                        <span class=\"tab-title\">VALLETTA &#038; MDINA<\/span>\n                        <span class=\"full-arrow is-right no-margin shortest\"><\/span>\n                    <\/a>\n                <\/li>\n\n                            \n                <li>\n                    <a href=\"#tabs-content\" data-tab=\"#tab4\" class=\"tab-nav\">\n                        <span class=\"step-title\">Dia 4<\/span>\n                        <span class=\"tab-title\">LIMESTONE HERITAGE ( PATRIMONIO DE PIEDRA CALIZA)<\/span>\n                        <span class=\"full-arrow is-right no-margin shortest\"><\/span>\n                    <\/a>\n                <\/li>\n\n                            <\/ul>\n\n        <div id=\"tabs-content\" class=\"tabs-content\" data-aos=\"fade-left\">\n                                                            \n                <div id=\"tab1\" class=\"para tab-content\">\n                    <p>En tu primera noche en Malta, experimenta la mejor cena con espect\u00e1culo folcl\u00f3rico de la isla, una noche de delicias culinarias locales acompa\u00f1ada de bailes tradicionales.<\/p>\n                <\/div>\n\n                                            \n                <div id=\"tab2\" class=\"para tab-content\">\n                    <p>Disfruta de una aventura culinaria de d\u00eda completo en la isla hermana de Gozo, en Malta. Aqu\u00ed tendr\u00e1s una visita guiada a un olivar, un paseo por los vi\u00f1edos y una experiencia interactiva con animales de granja. Durante estos recorridos, podr\u00e1s catar el vino y  degustar la comida local de la isla. Para terminar, tendr\u00e1s la incre\u00edble experiencia Focaccia Baking Masterclass (Clase de cocina) que no te puedes perder.<\/p>\n                <\/div>\n\n                                            \n                <div id=\"tab3\" class=\"para tab-content\">\n                    <p>Durante esta excursi\u00f3n de d\u00eda completo, tendr\u00e1s el privilegio de visitar la actual capital de Malta, La Valeta; y la antigua capital, Mdina, tambi\u00e9n conocida como la ciudad silenciosa. Estas visitas ser\u00e1n seguidas por una exquisita degustaci\u00f3n de quesos y vinos que seguramente te mantendr\u00e1n pidiendo m\u00e1s.<\/p>\n                <\/div>\n\n                                            \n                <div id=\"tab4\" class=\"para tab-content\">\n                    <p>En su \u00faltimo d\u00eda, disfrutar\u00e1s de un recorrido de medio d\u00eda por el \u00abPatrimonio de la piedra caliza\u00bb, una antigua cantera convertida en una atracci\u00f3n tur\u00edstica. Aqu\u00ed podr\u00e1s disfrutar de un almuerzo de agricultores tipo buffet , que consiste en delicias caseras artesanales maltesas<\/p>\n<p>Salida con asistencia SIT.<\/p>\n                <\/div>\n\n                            <\/div>\n    <\/div>\n<\/div><\/div>\n\n<div class=\"image-slider-block\">\n    <div class=\"image-slider-wrap\">\n\n    <div class=\"slider-container no-padding\" data-aos=\"fade-up\">\n        <div class=\"image-slider\">\n                                    \n                                \n                    <div>\n                        <div class=\"img inline-bg-image lazyload\" role=\"img\" aria-label=\"Cheese\" style=\"background-image:inherit;\" data-bg-image=\"url(https:\/\/sit.com.mt\/wp-content\/uploads\/2020\/02\/1024px-Malta_Gbejniet-min.jpg)\"><\/div>\n                    <\/div>\n\n                                        \n                            \n                                \n                    <div>\n                        <div class=\"img inline-bg-image lazyload\" role=\"img\" aria-label=\"Maltese sweets\" style=\"background-image:inherit;\" data-bg-image=\"url(https:\/\/sit.com.mt\/wp-content\/uploads\/2020\/02\/cookies-1643790_1920-min.jpg)\"><\/div>\n                    <\/div>\n\n                                        \n                            \n                                \n                    <div>\n                        <div class=\"img inline-bg-image lazyload\" role=\"img\" aria-label=\"Honey rings\" style=\"background-image:inherit;\" data-bg-image=\"url(https:\/\/sit.com.mt\/wp-content\/uploads\/2020\/02\/malta-821188_1920-min.jpg)\"><\/div>\n                    <\/div>\n\n                                        \n                            \n                                \n                    <div>\n                        <div class=\"img inline-bg-image lazyload\" role=\"img\" aria-label=\"Wine glasses\" style=\"background-image:inherit;\" data-bg-image=\"url(https:\/\/sit.com.mt\/wp-content\/uploads\/2020\/02\/rose-table-holidays-tableware-min.jpg)\"><\/div>\n                    <\/div>\n\n                                        \n                            \n                                \n                    <div>\n                        <div class=\"img inline-bg-image lazyload\" role=\"img\" aria-label=\"Traditional sweets\" style=\"background-image:inherit;\" data-bg-image=\"url(https:\/\/sit.com.mt\/wp-content\/uploads\/2020\/02\/S\u00fc\u00dfigkeiten_auf_dem_Markt_von_Marsaxlokk_Nov_2014-min.jpg)\"><\/div>\n                    <\/div>\n\n                                        \n                            <\/div>\n        <span class=\"prevBtn\" tabindex=\"1\">\n            <span class=\"full-arrow is-left short white\"><\/span>\n        <\/span>\n        <span class=\"nextBtn\" tabindex=\"1\">\n            <span class=\"full-arrow is-right short white\"><\/span>\n        <\/span>\n    <\/div>\n<\/div><\/div>\n\n<div class=\"tsdb-block\">\n    <div class=\"tsdb-wrap grey-bg includes-bg-text \">\n            <div class=\"inner\">\n\n                                \n                                \n                                                    <div class=\"para\" data-aos=\"fade-up\"><p>Aprende m\u00e1s sobre la historia de la gastronom\u00eda maltesa y celebra tus sentidos con muestras de los mejores productos de Malta.<\/p>\n<\/div>\n                \n                                                    <a href=\"\/es\/contacto\/\" class=\"button\" target=\"\" data-aos=\"fade-up\">CONT\u00c1CTANOS<\/a>\n                                \n                \n            <\/div>\n\n                            <div class=\"bg-text\" data-aos=\"fade-up\">Cocina<\/div>\n                    <\/div>\n    \n    <\/div>\n\n<div class=\"image-desc-blocks-block\">\n    <div class=\"image-desc-blocks-wrap\">\n                    <a href=\"\/es\/servicios\/grupos-de-interes-especial\/rutas-gastronomicas-y-vinicolas\/\" class=\"link-wrap\" target=\"\">\n            <div class=\"img-desc-box\" data-aos=\"fade-up\" data-aos-offset=\"50\">\n\n                                <div class=\"img inline-bg-image lazyload\" role=\"img\" aria-label=\"Orange Trees At Maltese Gardens\" style=\"background-image:inherit;\" data-bg-image=\"url(https:\/\/sit.com.mt\/wp-content\/uploads\/2020\/02\/orange-tree.jpg)\"><\/div>\n\n                <div class=\"block-title\">\n                    <div class=\"title\">Agroturismo<\/div>\n                <\/div>\n\n                <div class=\"block-content\">\n                    <div class=\"title\">Agroturismo<\/div>\n                    \n                    <p class=\"para\">Nuestros Tours est\u00e1n dirigidos a todos los grupos de edad, fomentan el crecimiento rural sostenible y proporcionan una experiencia realista.<\/p>\n                    \n                                            <span class=\"more-link\">Leer m\u00e1s<\/span>\n                                    <\/div>\n\n            <\/div>\n        <\/a>\n                    <a href=\"\/es\/servicios\/grupos-de-interes-especial\/recorridos-a-pie\/\" class=\"link-wrap\" target=\"\">\n            <div class=\"img-desc-box\" data-aos=\"fade-up\" data-aos-offset=\"50\">\n\n                                <div class=\"img inline-bg-image lazyload\" role=\"img\" aria-label=\"Feet walking\" style=\"background-image:inherit;\" data-bg-image=\"url(https:\/\/sit.com.mt\/wp-content\/uploads\/2020\/01\/fashion-footwear-grass-outdoors-631986-scaled.jpg)\"><\/div>\n\n                <div class=\"block-title\">\n                    <div class=\"title\">Recorridos a pie<\/div>\n                <\/div>\n\n                <div class=\"block-content\">\n                    <div class=\"title\">Recorridos a pie<\/div>\n                    \n                    <p class=\"para\">Aprende la historia de Malta durante la Segunda Guerra Mundial en un recorrido a pie por La Valeta. Ve monumentos y lugares de inter\u00e9s de guerra, como el Monumento a la RAF, Porta Reale, Pjazza Teatru Irjal, Strada Stretta, Misrah San Gorg y Victoria Gate.<\/p>\n                    \n                                            <span class=\"more-link\">Leer m\u00e1s<\/span>\n                                    <\/div>\n\n            <\/div>\n        <\/a>\n                    <a href=\"\/es\/servicios\/grupos-de-interes-especial\/grupos-culturales\/\" class=\"link-wrap\" target=\"\">\n            <div class=\"img-desc-box\" data-aos=\"fade-up\" data-aos-offset=\"50\">\n\n                                <div class=\"img inline-bg-image lazyload\" role=\"img\" aria-label=\"Mdina Entrance\" style=\"background-image:inherit;\" data-bg-image=\"url(https:\/\/sit.com.mt\/wp-content\/uploads\/2020\/02\/mdina-gate.jpg)\"><\/div>\n\n                <div class=\"block-title\">\n                    <div class=\"title\">Grupos Culturales<\/div>\n                <\/div>\n\n                <div class=\"block-content\">\n                    <div class=\"title\">Grupos Culturales<\/div>\n                    \n                    <p class=\"para\">Descubra templos megal\u00edticos antiguos malteses y los mejores sitios arqueol\u00f3gicos de su fascinante historia.<\/p>\n                    \n                                            <span class=\"more-link\">Leer m\u00e1s<\/span>\n                                    <\/div>\n\n            <\/div>\n        <\/a>\n    <\/div><\/div>\n\n\n<p><\/p>\n","protected":false},"excerpt":{"rendered":"","protected":false},"author":6,"featured_media":0,"parent":5602,"menu_order":0,"comment_status":"closed","ping_status":"closed","template":"","meta":{"footnotes":""},"categories":[],"class_list":["post-5672","page","type-page","status-publish","hentry"],"acf":[],"yoast_head":"<!-- This site is optimized with the Yoast SEO plugin v25.3 - https:\/\/yoast.com\/wordpress\/plugins\/seo\/ -->\n<title>Food &amp; Wine Tours - Maltese Cuisine | SIT Malta<\/title>\n<meta name=\"description\" content=\"A journey into the Maltese Cuisine and enjoy traditional food that Malta has to offer, from cheeses and wine to savoury and sweets\" \/>\n<meta name=\"robots\" content=\"index, follow, max-snippet:-1, max-image-preview:large, max-video-preview:-1\" \/>\n<link rel=\"canonical\" href=\"https:\/\/sit.com.mt\/es\/servicios\/grupos-de-interes-especial\/rutas-gastronomicas-y-vinicolas\/\" \/>\n<meta property=\"og:locale\" content=\"es_ES\" \/>\n<meta property=\"og:type\" content=\"article\" \/>\n<meta property=\"og:title\" content=\"Food &amp; Wine Tours - Maltese Cuisine | SIT Malta\" \/>\n<meta property=\"og:description\" content=\"A journey into the Maltese Cuisine and enjoy traditional food that Malta has to offer, from cheeses and wine to savoury and sweets\" \/>\n<meta property=\"og:url\" content=\"https:\/\/sit.com.mt\/es\/servicios\/grupos-de-interes-especial\/rutas-gastronomicas-y-vinicolas\/\" \/>\n<meta property=\"og:site_name\" content=\"SIT Malta\" \/>\n<meta property=\"article:modified_time\" content=\"2021-02-22T10:13:24+00:00\" \/>\n<meta name=\"twitter:card\" content=\"summary_large_image\" \/>\n<script type=\"application\/ld+json\" class=\"yoast-schema-graph\">{\"@context\":\"https:\/\/schema.org\",\"@graph\":[{\"@type\":\"WebPage\",\"@id\":\"https:\/\/sit.com.mt\/es\/servicios\/grupos-de-interes-especial\/rutas-gastronomicas-y-vinicolas\/\",\"url\":\"https:\/\/sit.com.mt\/es\/servicios\/grupos-de-interes-especial\/rutas-gastronomicas-y-vinicolas\/\",\"name\":\"Food & Wine Tours - Maltese Cuisine | SIT Malta\",\"isPartOf\":{\"@id\":\"https:\/\/sit.com.mt\/#website\"},\"datePublished\":\"2020-02-03T13:42:55+00:00\",\"dateModified\":\"2021-02-22T10:13:24+00:00\",\"description\":\"A journey into the Maltese Cuisine and enjoy traditional food that Malta has to offer, from cheeses and wine to savoury and sweets\",\"breadcrumb\":{\"@id\":\"https:\/\/sit.com.mt\/es\/servicios\/grupos-de-interes-especial\/rutas-gastronomicas-y-vinicolas\/#breadcrumb\"},\"inLanguage\":\"es\",\"potentialAction\":[{\"@type\":\"ReadAction\",\"target\":[\"https:\/\/sit.com.mt\/es\/servicios\/grupos-de-interes-especial\/rutas-gastronomicas-y-vinicolas\/\"]}]},{\"@type\":\"BreadcrumbList\",\"@id\":\"https:\/\/sit.com.mt\/es\/servicios\/grupos-de-interes-especial\/rutas-gastronomicas-y-vinicolas\/#breadcrumb\",\"itemListElement\":[{\"@type\":\"ListItem\",\"position\":1,\"name\":\"Home\",\"item\":\"https:\/\/sit.com.mt\/es\/\"},{\"@type\":\"ListItem\",\"position\":2,\"name\":\"Servicios\",\"item\":\"https:\/\/sit.com.mt\/es\/servicios\/\"},{\"@type\":\"ListItem\",\"position\":3,\"name\":\"Grupos de Inter\u00e9s Especial\",\"item\":\"https:\/\/sit.com.mt\/es\/servicios\/grupos-de-interes-especial\/\"},{\"@type\":\"ListItem\",\"position\":4,\"name\":\"TOURS GASTRON\u00d3MICOS Y ENOL\u00d3GICOS\"}]},{\"@type\":\"WebSite\",\"@id\":\"https:\/\/sit.com.mt\/#website\",\"url\":\"https:\/\/sit.com.mt\/\",\"name\":\"SIT Malta\",\"description\":\"Unique Travel Programs\",\"publisher\":{\"@id\":\"https:\/\/sit.com.mt\/#organization\"},\"potentialAction\":[{\"@type\":\"SearchAction\",\"target\":{\"@type\":\"EntryPoint\",\"urlTemplate\":\"https:\/\/sit.com.mt\/?s={search_term_string}\"},\"query-input\":{\"@type\":\"PropertyValueSpecification\",\"valueRequired\":true,\"valueName\":\"search_term_string\"}}],\"inLanguage\":\"es\"},{\"@type\":\"Organization\",\"@id\":\"https:\/\/sit.com.mt\/#organization\",\"name\":\"SIT Mailta\",\"url\":\"https:\/\/sit.com.mt\/\",\"logo\":{\"@type\":\"ImageObject\",\"inLanguage\":\"es\",\"@id\":\"https:\/\/sit.com.mt\/#\/schema\/logo\/image\/\",\"url\":\"https:\/\/sit.com.mt\/wp-content\/uploads\/2020\/01\/main-logo-new.svg\",\"contentUrl\":\"https:\/\/sit.com.mt\/wp-content\/uploads\/2020\/01\/main-logo-new.svg\",\"width\":1,\"height\":1,\"caption\":\"SIT Mailta\"},\"image\":{\"@id\":\"https:\/\/sit.com.mt\/#\/schema\/logo\/image\/\"}}]}<\/script>\n<!-- \/ Yoast SEO plugin. -->","yoast_head_json":{"title":"Food & Wine Tours - Maltese Cuisine | SIT Malta","description":"A journey into the Maltese Cuisine and enjoy traditional food that Malta has to offer, from cheeses and wine to savoury and sweets","robots":{"index":"index","follow":"follow","max-snippet":"max-snippet:-1","max-image-preview":"max-image-preview:large","max-video-preview":"max-video-preview:-1"},"canonical":"https:\/\/sit.com.mt\/es\/servicios\/grupos-de-interes-especial\/rutas-gastronomicas-y-vinicolas\/","og_locale":"es_ES","og_type":"article","og_title":"Food & Wine Tours - Maltese Cuisine | SIT Malta","og_description":"A journey into the Maltese Cuisine and enjoy traditional food that Malta has to offer, from cheeses and wine to savoury and sweets","og_url":"https:\/\/sit.com.mt\/es\/servicios\/grupos-de-interes-especial\/rutas-gastronomicas-y-vinicolas\/","og_site_name":"SIT Malta","article_modified_time":"2021-02-22T10:13:24+00:00","twitter_card":"summary_large_image","schema":{"@context":"https:\/\/schema.org","@graph":[{"@type":"WebPage","@id":"https:\/\/sit.com.mt\/es\/servicios\/grupos-de-interes-especial\/rutas-gastronomicas-y-vinicolas\/","url":"https:\/\/sit.com.mt\/es\/servicios\/grupos-de-interes-especial\/rutas-gastronomicas-y-vinicolas\/","name":"Food & Wine Tours - Maltese Cuisine | SIT Malta","isPartOf":{"@id":"https:\/\/sit.com.mt\/#website"},"datePublished":"2020-02-03T13:42:55+00:00","dateModified":"2021-02-22T10:13:24+00:00","description":"A journey into the Maltese Cuisine and enjoy traditional food that Malta has to offer, from cheeses and wine to savoury and sweets","breadcrumb":{"@id":"https:\/\/sit.com.mt\/es\/servicios\/grupos-de-interes-especial\/rutas-gastronomicas-y-vinicolas\/#breadcrumb"},"inLanguage":"es","potentialAction":[{"@type":"ReadAction","target":["https:\/\/sit.com.mt\/es\/servicios\/grupos-de-interes-especial\/rutas-gastronomicas-y-vinicolas\/"]}]},{"@type":"BreadcrumbList","@id":"https:\/\/sit.com.mt\/es\/servicios\/grupos-de-interes-especial\/rutas-gastronomicas-y-vinicolas\/#breadcrumb","itemListElement":[{"@type":"ListItem","position":1,"name":"Home","item":"https:\/\/sit.com.mt\/es\/"},{"@type":"ListItem","position":2,"name":"Servicios","item":"https:\/\/sit.com.mt\/es\/servicios\/"},{"@type":"ListItem","position":3,"name":"Grupos de Inter\u00e9s Especial","item":"https:\/\/sit.com.mt\/es\/servicios\/grupos-de-interes-especial\/"},{"@type":"ListItem","position":4,"name":"TOURS GASTRON\u00d3MICOS Y ENOL\u00d3GICOS"}]},{"@type":"WebSite","@id":"https:\/\/sit.com.mt\/#website","url":"https:\/\/sit.com.mt\/","name":"SIT Malta","description":"Unique Travel Programs","publisher":{"@id":"https:\/\/sit.com.mt\/#organization"},"potentialAction":[{"@type":"SearchAction","target":{"@type":"EntryPoint","urlTemplate":"https:\/\/sit.com.mt\/?s={search_term_string}"},"query-input":{"@type":"PropertyValueSpecification","valueRequired":true,"valueName":"search_term_string"}}],"inLanguage":"es"},{"@type":"Organization","@id":"https:\/\/sit.com.mt\/#organization","name":"SIT Mailta","url":"https:\/\/sit.com.mt\/","logo":{"@type":"ImageObject","inLanguage":"es","@id":"https:\/\/sit.com.mt\/#\/schema\/logo\/image\/","url":"https:\/\/sit.com.mt\/wp-content\/uploads\/2020\/01\/main-logo-new.svg","contentUrl":"https:\/\/sit.com.mt\/wp-content\/uploads\/2020\/01\/main-logo-new.svg","width":1,"height":1,"caption":"SIT Mailta"},"image":{"@id":"https:\/\/sit.com.mt\/#\/schema\/logo\/image\/"}}]}},"_links":{"self":[{"href":"https:\/\/sit.com.mt\/es\/wp-json\/wp\/v2\/pages\/5672","targetHints":{"allow":["GET"]}}],"collection":[{"href":"https:\/\/sit.com.mt\/es\/wp-json\/wp\/v2\/pages"}],"about":[{"href":"https:\/\/sit.com.mt\/es\/wp-json\/wp\/v2\/types\/page"}],"author":[{"embeddable":true,"href":"https:\/\/sit.com.mt\/es\/wp-json\/wp\/v2\/users\/6"}],"replies":[{"embeddable":true,"href":"https:\/\/sit.com.mt\/es\/wp-json\/wp\/v2\/comments?post=5672"}],"version-history":[{"count":0,"href":"https:\/\/sit.com.mt\/es\/wp-json\/wp\/v2\/pages\/5672\/revisions"}],"up":[{"embeddable":true,"href":"https:\/\/sit.com.mt\/es\/wp-json\/wp\/v2\/pages\/5602"}],"wp:attachment":[{"href":"https:\/\/sit.com.mt\/es\/wp-json\/wp\/v2\/media?parent=5672"}],"wp:term":[{"taxonomy":"category","embeddable":true,"href":"https:\/\/sit.com.mt\/es\/wp-json\/wp\/v2\/categories?post=5672"}],"curies":[{"name":"wp","href":"https:\/\/api.w.org\/{rel}","templated":true}]}}