{"id":5676,"date":"2020-02-05T09:24:11","date_gmt":"2020-02-05T09:24:11","guid":{"rendered":"https:\/\/sit.com.mt\/special-interest-groups\/sport-tours\/"},"modified":"2021-10-31T09:07:43","modified_gmt":"2021-10-31T09:07:43","slug":"tours-deportivos","status":"publish","type":"page","link":"https:\/\/sit.com.mt\/es\/servicios\/grupos-de-interes-especial\/tours-deportivos\/","title":{"rendered":"Sport Tours"},"content":{"rendered":"<div class=\"landing-banner-block\">\n    <div class=\"landing-banner-wrap inline-bg-image lazyload\" style=\"background-image:inherit;\" data-bg-image=\"url(https:\/\/sit.com.mt\/wp-content\/uploads\/2020\/07\/Running-23.jpg)\">\n        \n            <div class=\"content-box\" data-aos=\"fade-up\">\n                                    <h1 class=\"h1\">TOURS DEPORTIVOS<\/h1>\n                                                    <p class=\"para\">Malta es un peque\u00f1o pa\u00eds lleno de deportes que combinan agua, costas espectaculares y una arquitectura impresionante.\r\n<\/p>\n                            <\/div>\n            \n                    <\/div>\n        \n    <\/div>\n\n<div class=\"tsdb-block\">\n    <div class=\"tsdb-wrap grey-bg  no-bottom-padding\">\n            <div class=\"inner\">\n\n                                \n                                \n                                                    <div class=\"para\" data-aos=\"fade-up\"><p>Los paisajes, la costa y la geolog\u00eda de las islas maltesas son ideales para salir al aire libre y superar los l\u00edmites a trav\u00e9s de muchos deportes emocionantes y diferentes. Ya sea que desee jugar rugby, f\u00fatbol, netball o cricket, venga y disfrute del sol durante todo el a\u00f1o siempre que pueda incluirlo en la apretada agenda de su equipo.<\/p>\n<\/div>\n                \n                                                \n                                    <span class=\"full-arrow is-bottom long\" data-aos=\"fade-down\"><\/span>\n                \n            <\/div>\n\n                    <\/div>\n    \n    <\/div>\n\n<div class=\"tab-title-desc-block\">\n    <div class=\"tab-title-desc-wrap\">\n    <div class=\"inner clearfix\">\n\n        <ul id=\"tabs-nav\" class=\"tabs-nav\" data-aos=\"fade-right\">\n                                            \n                <li>\n                    <a href=\"#tabs-content\" data-tab=\"#tab1\" class=\"tab-nav\">\n                        <span class=\"step-title\"> 1<\/span>\n                        <span class=\"tab-title\">CAMPOS DE ENTRENAMIENTO<\/span>\n                        <span class=\"full-arrow is-right no-margin shortest\"><\/span>\n                    <\/a>\n                <\/li>\n\n                            \n                <li>\n                    <a href=\"#tabs-content\" data-tab=\"#tab2\" class=\"tab-nav\">\n                        <span class=\"step-title\"> 2<\/span>\n                        <span class=\"tab-title\">ACOMODACI\u00d3N DEL EQUIPO <\/span>\n                        <span class=\"full-arrow is-right no-margin shortest\"><\/span>\n                    <\/a>\n                <\/li>\n\n                            \n                <li>\n                    <a href=\"#tabs-content\" data-tab=\"#tab3\" class=\"tab-nav\">\n                        <span class=\"step-title\"> 3<\/span>\n                        <span class=\"tab-title\">FACILIDADES DEPORTIVAS<\/span>\n                        <span class=\"full-arrow is-right no-margin shortest\"><\/span>\n                    <\/a>\n                <\/li>\n\n                            \n                <li>\n                    <a href=\"#tabs-content\" data-tab=\"#tab4\" class=\"tab-nav\">\n                        <span class=\"step-title\"> 4<\/span>\n                        <span class=\"tab-title\">CELEBRACIONES<\/span>\n                        <span class=\"full-arrow is-right no-margin shortest\"><\/span>\n                    <\/a>\n                <\/li>\n\n                            <\/ul>\n\n        <div id=\"tabs-content\" class=\"tabs-content\" data-aos=\"fade-left\">\n                                                            \n                <div id=\"tab1\" class=\"para tab-content\">\n                    <p>SIT alinea a los entrenadores, asesores y maestros para llevar el desempe\u00f1o de su equipo al siguiente nivel. Cons\u00faltenos para organizar competiciones con asociaciones locales. Organice paquetes de acondicionamiento con profesores de yoga o masajistas para estirar o rejuvenecer m\u00fasculos cansados.<\/p>\n                <\/div>\n\n                                            \n                <div id=\"tab2\" class=\"para tab-content\">\n                    <p>Malta ofrece alojamiento cerca de los principales complejos deportivos, desde apartamentos con cocina hasta hoteles de lujo de 5 estrellas. \u00bfQu\u00e9 pasa con el combustible saludable? SIT puede organizar comidas que aseguren que los atletas se desempe\u00f1en a su mejor.<\/p>\n                <\/div>\n\n                                            \n                <div id=\"tab3\" class=\"para tab-content\">\n                    <p>Sobre todas las islas, Malta ofrece instalaciones deportivas y campos de entrenamiento para diversas disciplinas deportivas. La isla atiende a equipos que juegan f\u00fatbol, tenis, golf, squash, rugby, baloncesto, hockey, cricket, deportes acu\u00e1ticos\u2026 la lista contin\u00faa.<\/p>\n                <\/div>\n\n                                            \n                <div id=\"tab4\" class=\"para tab-content\">\n                    <p>Despu\u00e9s de todo ese arduo trabajo, \u00a1celebre los logros de su grupo! Desde barbacoas en la playa hasta entregas de premios, SIT coordina ocasiones que inspiran y recompensan. Si los equipos quieren ir m\u00e1s all\u00e1 de la vida nocturna, organizaremos el transporte a los mejores lugares de vida nocturna de Malta desde Paceville a Gianpula.<\/p>\n<p>Salida con asistencia SIT.<\/p>\n                <\/div>\n\n                            <\/div>\n    <\/div>\n<\/div><\/div>\n\n<div class=\"image-slider-block\">\n    <div class=\"image-slider-wrap\">\n\n    <div class=\"slider-container no-padding\" data-aos=\"fade-up\">\n        <div class=\"image-slider\">\n                                    \n                                \n                    <div>\n                        <div class=\"img inline-bg-image lazyload\" role=\"img\" aria-label=\"Polo pitch\" style=\"background-image:inherit;\" data-bg-image=\"url(https:\/\/sit.com.mt\/wp-content\/uploads\/2020\/02\/1024px-Piscina_8583021638-min.jpg)\"><\/div>\n                    <\/div>\n\n                                        \n                            \n                                \n                    <div>\n                        <div class=\"img inline-bg-image lazyload\" role=\"img\" aria-label=\"Football game\" style=\"background-image:inherit;\" data-bg-image=\"url(https:\/\/sit.com.mt\/wp-content\/uploads\/2020\/02\/1024px-Rabat_Ajax_Football_Ground-min.jpg)\"><\/div>\n                    <\/div>\n\n                                        \n                            \n                                \n                    <div>\n                        <div class=\"img inline-bg-image lazyload\" role=\"img\" aria-label=\"Bon fire\" style=\"background-image:inherit;\" data-bg-image=\"url(https:\/\/sit.com.mt\/wp-content\/uploads\/2020\/02\/campfire-984020_1920-min-e1594306734111.jpg)\"><\/div>\n                    <\/div>\n\n                                        \n                            \n                                \n                    <div>\n                        <div class=\"img inline-bg-image lazyload\" role=\"img\" aria-label=\"\" style=\"background-image:inherit;\" data-bg-image=\"url(https:\/\/sit.com.mt\/wp-content\/uploads\/2020\/07\/Stadium-Flag-scaled.jpg)\"><\/div>\n                    <\/div>\n\n                                        \n                            \n                                \n                    <div>\n                        <div class=\"img inline-bg-image lazyload\" role=\"img\" aria-label=\"National stadium\" style=\"background-image:inherit;\" data-bg-image=\"url(https:\/\/sit.com.mt\/wp-content\/uploads\/2020\/02\/stadium-min.jpg)\"><\/div>\n                    <\/div>\n\n                                        \n                            \n                                \n                    <div>\n                        <div class=\"img inline-bg-image lazyload\" role=\"img\" aria-label=\"\" style=\"background-image:inherit;\" data-bg-image=\"url(https:\/\/sit.com.mt\/wp-content\/uploads\/2020\/07\/Horse-Racing-1-scaled.jpg)\"><\/div>\n                    <\/div>\n\n                                        \n                            \n                                \n                    <div>\n                        <div class=\"img inline-bg-image lazyload\" role=\"img\" aria-label=\"\" style=\"background-image:inherit;\" data-bg-image=\"url(https:\/\/sit.com.mt\/wp-content\/uploads\/2020\/07\/Abseiling-9-scaled.jpg)\"><\/div>\n                    <\/div>\n\n                                        \n                            \n                                \n                    <div>\n                        <div class=\"img inline-bg-image lazyload\" role=\"img\" aria-label=\"\" style=\"background-image:inherit;\" data-bg-image=\"url(https:\/\/sit.com.mt\/wp-content\/uploads\/2020\/07\/Waterpolo.jpg)\"><\/div>\n                    <\/div>\n\n                                        \n                            \n                                \n                    <div>\n                        <div class=\"img inline-bg-image lazyload\" role=\"img\" aria-label=\"\" style=\"background-image:inherit;\" data-bg-image=\"url(https:\/\/sit.com.mt\/wp-content\/uploads\/2020\/07\/Wind-Surfing-scaled.jpg)\"><\/div>\n                    <\/div>\n\n                                        \n                            <\/div>\n        <span class=\"prevBtn\" tabindex=\"1\">\n            <span class=\"full-arrow is-left short white\"><\/span>\n        <\/span>\n        <span class=\"nextBtn\" tabindex=\"1\">\n            <span class=\"full-arrow is-right short white\"><\/span>\n        <\/span>\n    <\/div>\n<\/div><\/div>\n\n<div class=\"tsdb-block\">\n    <div class=\"tsdb-wrap grey-bg includes-bg-text \">\n            <div class=\"inner\">\n\n                                \n                                \n                                                    <div class=\"para\" data-aos=\"fade-up\"><p>Permita que SIT haga todo el trabajo, para que pueda concentrarse en relajarse y explorar nuestra hermosa isla, que ofrece una gran cantidad de actividades, experiencias e instalaciones.<\/p>\n<\/div>\n                \n                                                    <a href=\"\/es\/contacto\/\" class=\"button\" target=\"\" data-aos=\"fade-up\">CONT\u00c1CTENOS <\/a>\n                                \n                \n            <\/div>\n\n                            <div class=\"bg-text\" data-aos=\"fade-up\">Deportes<\/div>\n                    <\/div>\n    \n    <\/div>\n\n<div class=\"image-desc-blocks-block\">\n    <div class=\"image-desc-blocks-wrap\">\n                    <a href=\"\/es\/servicios\/grupos-de-interes-especial\/recorridos-a-pie\/\" class=\"link-wrap\" target=\"\">\n            <div class=\"img-desc-box\" data-aos=\"fade-up\" data-aos-offset=\"50\">\n\n                                <div class=\"img inline-bg-image lazyload\" role=\"img\" aria-label=\"Feet walking\" style=\"background-image:inherit;\" data-bg-image=\"url(https:\/\/sit.com.mt\/wp-content\/uploads\/2020\/01\/fashion-footwear-grass-outdoors-631986-scaled.jpg)\"><\/div>\n\n                <div class=\"block-title\">\n                    <div class=\"title\">Tours a pie- Caminatas y Senderismo<\/div>\n                <\/div>\n\n                <div class=\"block-content\">\n                    <div class=\"title\">Tours a pie- Caminatas y Senderismo<\/div>\n                    \n                    <p class=\"para\">P\u00f3ngase las botas y salga por los estrechos caminos de los granjeros de las plazas del pueblo. Se encontrar\u00e1 en un entorno atemporal, muy solo incluso en la temporada alta.<\/p>\n                    \n                                            <span class=\"more-link\">Leer m\u00e1s<\/span>\n                                    <\/div>\n\n            <\/div>\n        <\/a>\n                    <a href=\"\/es\/servicios\/grupos-de-interes-especial\/buceo\/\" class=\"link-wrap\" target=\"\">\n            <div class=\"img-desc-box\" data-aos=\"fade-up\" data-aos-offset=\"50\">\n\n                                <div class=\"img inline-bg-image lazyload\" role=\"img\" aria-label=\"Diving\" style=\"background-image:inherit;\" data-bg-image=\"url(https:\/\/sit.com.mt\/wp-content\/uploads\/2020\/02\/cave-diving-palau-pacific-min.jpg)\"><\/div>\n\n                <div class=\"block-title\">\n                    <div class=\"title\">Submarinismo-Buceo<\/div>\n                <\/div>\n\n                <div class=\"block-content\">\n                    <div class=\"title\">Submarinismo-Buceo<\/div>\n                    \n                    <p class=\"para\">El buceo de Malta es adecuado para principiantes, avanzados y t\u00e9cnicos buceadores. Se llega a cuevas, arrecifes y pecios desde la costa o en barco. Uno de los sitios de buceo m\u00e1s populares de Malta es el Blue Hole, ubicado en la costa oeste de Gozo<\/p>\n                    \n                                            <span class=\"more-link\">Leer m\u00e1s<\/span>\n                                    <\/div>\n\n            <\/div>\n        <\/a>\n                    <a href=\"\/es\/servicios\/grupos-de-interes-especial\/viaje-en-velero\/\" class=\"link-wrap\" target=\"\">\n            <div class=\"img-desc-box\" data-aos=\"fade-up\" data-aos-offset=\"50\">\n\n                                <div class=\"img inline-bg-image lazyload\" role=\"img\" aria-label=\"Sailing Yacht At The Entrance To Valletta Grand Harbour\" style=\"background-image:inherit;\" data-bg-image=\"url(https:\/\/sit.com.mt\/wp-content\/uploads\/2020\/02\/sailing-yacht.jpg)\"><\/div>\n\n                <div class=\"block-title\">\n                    <div class=\"title\">Viajes en  Velero<\/div>\n                <\/div>\n\n                <div class=\"block-content\">\n                    <div class=\"title\">Viajes en  Velero<\/div>\n                    \n                    <p class=\"para\">Disfrute de un tour en barco privado por Comino y el sur de Gozo. Explore las playas solitarias, nade y practique snorkel en las c\u00e1lidas aguas. Explore el mar Mediterr\u00e1neo con un capit\u00e1n amistoso mientras descubre secretos ocultos y crea recuerdos inolvidables.<\/p>\n                    \n                                            <span class=\"more-link\">Leer m\u00e1s<\/span>\n                                    <\/div>\n\n            <\/div>\n        <\/a>\n    <\/div><\/div>\n\n\n<p><\/p>\n","protected":false},"excerpt":{"rendered":"","protected":false},"author":6,"featured_media":0,"parent":5602,"menu_order":0,"comment_status":"closed","ping_status":"closed","template":"","meta":{"footnotes":""},"categories":[],"class_list":["post-5676","page","type-page","status-publish","hentry"],"acf":[],"yoast_head":"<!-- This site is optimized with the Yoast SEO plugin v25.3 - https:\/\/yoast.com\/wordpress\/plugins\/seo\/ -->\n<title>Tours deportivos Malta y campos de entrenamiento | SIT Malta<\/title>\n<meta name=\"description\" content=\"SIT atiende a equipos deportivos: organiza competiciones, campos de entrenamiento, se ocupa de la log\u00edstica y organiza comidas saludables, pero tambi\u00e9n celebra los logros.\" \/>\n<meta name=\"robots\" content=\"index, follow, max-snippet:-1, max-image-preview:large, max-video-preview:-1\" \/>\n<link rel=\"canonical\" href=\"https:\/\/sit.com.mt\/es\/servicios\/grupos-de-interes-especial\/tours-deportivos\/\" \/>\n<meta property=\"og:locale\" content=\"es_ES\" \/>\n<meta property=\"og:type\" content=\"article\" \/>\n<meta property=\"og:title\" content=\"Tours deportivos Malta y campos de entrenamiento | SIT Malta\" \/>\n<meta property=\"og:description\" content=\"SIT atiende a equipos deportivos: organiza competiciones, campos de entrenamiento, se ocupa de la log\u00edstica y organiza comidas saludables, pero tambi\u00e9n celebra los logros.\" \/>\n<meta property=\"og:url\" content=\"https:\/\/sit.com.mt\/es\/servicios\/grupos-de-interes-especial\/tours-deportivos\/\" \/>\n<meta property=\"og:site_name\" content=\"SIT Malta\" \/>\n<meta property=\"article:modified_time\" content=\"2021-10-31T09:07:43+00:00\" \/>\n<meta name=\"twitter:card\" content=\"summary_large_image\" \/>\n<script type=\"application\/ld+json\" class=\"yoast-schema-graph\">{\"@context\":\"https:\/\/schema.org\",\"@graph\":[{\"@type\":\"WebPage\",\"@id\":\"https:\/\/sit.com.mt\/es\/servicios\/grupos-de-interes-especial\/tours-deportivos\/\",\"url\":\"https:\/\/sit.com.mt\/es\/servicios\/grupos-de-interes-especial\/tours-deportivos\/\",\"name\":\"Tours deportivos Malta y campos de entrenamiento | SIT Malta\",\"isPartOf\":{\"@id\":\"https:\/\/sit.com.mt\/#website\"},\"datePublished\":\"2020-02-05T09:24:11+00:00\",\"dateModified\":\"2021-10-31T09:07:43+00:00\",\"description\":\"SIT atiende a equipos deportivos: organiza competiciones, campos de entrenamiento, se ocupa de la log\u00edstica y organiza comidas saludables, pero tambi\u00e9n celebra los logros.\",\"breadcrumb\":{\"@id\":\"https:\/\/sit.com.mt\/es\/servicios\/grupos-de-interes-especial\/tours-deportivos\/#breadcrumb\"},\"inLanguage\":\"es\",\"potentialAction\":[{\"@type\":\"ReadAction\",\"target\":[\"https:\/\/sit.com.mt\/es\/servicios\/grupos-de-interes-especial\/tours-deportivos\/\"]}]},{\"@type\":\"BreadcrumbList\",\"@id\":\"https:\/\/sit.com.mt\/es\/servicios\/grupos-de-interes-especial\/tours-deportivos\/#breadcrumb\",\"itemListElement\":[{\"@type\":\"ListItem\",\"position\":1,\"name\":\"Home\",\"item\":\"https:\/\/sit.com.mt\/es\/\"},{\"@type\":\"ListItem\",\"position\":2,\"name\":\"Servicios\",\"item\":\"https:\/\/sit.com.mt\/es\/servicios\/\"},{\"@type\":\"ListItem\",\"position\":3,\"name\":\"Grupos de Inter\u00e9s Especial\",\"item\":\"https:\/\/sit.com.mt\/es\/servicios\/grupos-de-interes-especial\/\"},{\"@type\":\"ListItem\",\"position\":4,\"name\":\"Sport Tours\"}]},{\"@type\":\"WebSite\",\"@id\":\"https:\/\/sit.com.mt\/#website\",\"url\":\"https:\/\/sit.com.mt\/\",\"name\":\"SIT Malta\",\"description\":\"Unique Travel Programs\",\"publisher\":{\"@id\":\"https:\/\/sit.com.mt\/#organization\"},\"potentialAction\":[{\"@type\":\"SearchAction\",\"target\":{\"@type\":\"EntryPoint\",\"urlTemplate\":\"https:\/\/sit.com.mt\/?s={search_term_string}\"},\"query-input\":{\"@type\":\"PropertyValueSpecification\",\"valueRequired\":true,\"valueName\":\"search_term_string\"}}],\"inLanguage\":\"es\"},{\"@type\":\"Organization\",\"@id\":\"https:\/\/sit.com.mt\/#organization\",\"name\":\"SIT Mailta\",\"url\":\"https:\/\/sit.com.mt\/\",\"logo\":{\"@type\":\"ImageObject\",\"inLanguage\":\"es\",\"@id\":\"https:\/\/sit.com.mt\/#\/schema\/logo\/image\/\",\"url\":\"https:\/\/sit.com.mt\/wp-content\/uploads\/2020\/01\/main-logo-new.svg\",\"contentUrl\":\"https:\/\/sit.com.mt\/wp-content\/uploads\/2020\/01\/main-logo-new.svg\",\"width\":1,\"height\":1,\"caption\":\"SIT Mailta\"},\"image\":{\"@id\":\"https:\/\/sit.com.mt\/#\/schema\/logo\/image\/\"}}]}<\/script>\n<!-- \/ Yoast SEO plugin. -->","yoast_head_json":{"title":"Tours deportivos Malta y campos de entrenamiento | SIT Malta","description":"SIT atiende a equipos deportivos: organiza competiciones, campos de entrenamiento, se ocupa de la log\u00edstica y organiza comidas saludables, pero tambi\u00e9n celebra los logros.","robots":{"index":"index","follow":"follow","max-snippet":"max-snippet:-1","max-image-preview":"max-image-preview:large","max-video-preview":"max-video-preview:-1"},"canonical":"https:\/\/sit.com.mt\/es\/servicios\/grupos-de-interes-especial\/tours-deportivos\/","og_locale":"es_ES","og_type":"article","og_title":"Tours deportivos Malta y campos de entrenamiento | SIT Malta","og_description":"SIT atiende a equipos deportivos: organiza competiciones, campos de entrenamiento, se ocupa de la log\u00edstica y organiza comidas saludables, pero tambi\u00e9n celebra los logros.","og_url":"https:\/\/sit.com.mt\/es\/servicios\/grupos-de-interes-especial\/tours-deportivos\/","og_site_name":"SIT Malta","article_modified_time":"2021-10-31T09:07:43+00:00","twitter_card":"summary_large_image","schema":{"@context":"https:\/\/schema.org","@graph":[{"@type":"WebPage","@id":"https:\/\/sit.com.mt\/es\/servicios\/grupos-de-interes-especial\/tours-deportivos\/","url":"https:\/\/sit.com.mt\/es\/servicios\/grupos-de-interes-especial\/tours-deportivos\/","name":"Tours deportivos Malta y campos de entrenamiento | SIT Malta","isPartOf":{"@id":"https:\/\/sit.com.mt\/#website"},"datePublished":"2020-02-05T09:24:11+00:00","dateModified":"2021-10-31T09:07:43+00:00","description":"SIT atiende a equipos deportivos: organiza competiciones, campos de entrenamiento, se ocupa de la log\u00edstica y organiza comidas saludables, pero tambi\u00e9n celebra los logros.","breadcrumb":{"@id":"https:\/\/sit.com.mt\/es\/servicios\/grupos-de-interes-especial\/tours-deportivos\/#breadcrumb"},"inLanguage":"es","potentialAction":[{"@type":"ReadAction","target":["https:\/\/sit.com.mt\/es\/servicios\/grupos-de-interes-especial\/tours-deportivos\/"]}]},{"@type":"BreadcrumbList","@id":"https:\/\/sit.com.mt\/es\/servicios\/grupos-de-interes-especial\/tours-deportivos\/#breadcrumb","itemListElement":[{"@type":"ListItem","position":1,"name":"Home","item":"https:\/\/sit.com.mt\/es\/"},{"@type":"ListItem","position":2,"name":"Servicios","item":"https:\/\/sit.com.mt\/es\/servicios\/"},{"@type":"ListItem","position":3,"name":"Grupos de Inter\u00e9s Especial","item":"https:\/\/sit.com.mt\/es\/servicios\/grupos-de-interes-especial\/"},{"@type":"ListItem","position":4,"name":"Sport Tours"}]},{"@type":"WebSite","@id":"https:\/\/sit.com.mt\/#website","url":"https:\/\/sit.com.mt\/","name":"SIT Malta","description":"Unique Travel Programs","publisher":{"@id":"https:\/\/sit.com.mt\/#organization"},"potentialAction":[{"@type":"SearchAction","target":{"@type":"EntryPoint","urlTemplate":"https:\/\/sit.com.mt\/?s={search_term_string}"},"query-input":{"@type":"PropertyValueSpecification","valueRequired":true,"valueName":"search_term_string"}}],"inLanguage":"es"},{"@type":"Organization","@id":"https:\/\/sit.com.mt\/#organization","name":"SIT Mailta","url":"https:\/\/sit.com.mt\/","logo":{"@type":"ImageObject","inLanguage":"es","@id":"https:\/\/sit.com.mt\/#\/schema\/logo\/image\/","url":"https:\/\/sit.com.mt\/wp-content\/uploads\/2020\/01\/main-logo-new.svg","contentUrl":"https:\/\/sit.com.mt\/wp-content\/uploads\/2020\/01\/main-logo-new.svg","width":1,"height":1,"caption":"SIT Mailta"},"image":{"@id":"https:\/\/sit.com.mt\/#\/schema\/logo\/image\/"}}]}},"_links":{"self":[{"href":"https:\/\/sit.com.mt\/es\/wp-json\/wp\/v2\/pages\/5676","targetHints":{"allow":["GET"]}}],"collection":[{"href":"https:\/\/sit.com.mt\/es\/wp-json\/wp\/v2\/pages"}],"about":[{"href":"https:\/\/sit.com.mt\/es\/wp-json\/wp\/v2\/types\/page"}],"author":[{"embeddable":true,"href":"https:\/\/sit.com.mt\/es\/wp-json\/wp\/v2\/users\/6"}],"replies":[{"embeddable":true,"href":"https:\/\/sit.com.mt\/es\/wp-json\/wp\/v2\/comments?post=5676"}],"version-history":[{"count":1,"href":"https:\/\/sit.com.mt\/es\/wp-json\/wp\/v2\/pages\/5676\/revisions"}],"predecessor-version":[{"id":8436,"href":"https:\/\/sit.com.mt\/es\/wp-json\/wp\/v2\/pages\/5676\/revisions\/8436"}],"up":[{"embeddable":true,"href":"https:\/\/sit.com.mt\/es\/wp-json\/wp\/v2\/pages\/5602"}],"wp:attachment":[{"href":"https:\/\/sit.com.mt\/es\/wp-json\/wp\/v2\/media?parent=5676"}],"wp:term":[{"taxonomy":"category","embeddable":true,"href":"https:\/\/sit.com.mt\/es\/wp-json\/wp\/v2\/categories?post=5676"}],"curies":[{"name":"wp","href":"https:\/\/api.w.org\/{rel}","templated":true}]}}