{"id":5679,"date":"2020-12-02T14:40:32","date_gmt":"2020-12-02T14:40:32","guid":{"rendered":"https:\/\/sit.com.mt\/special-interest-groups\/english-language-student-groups\/"},"modified":"2021-10-31T09:07:12","modified_gmt":"2021-10-31T09:07:12","slug":"grupos-de-estudiantes-en-ingles","status":"publish","type":"page","link":"https:\/\/sit.com.mt\/es\/servicios\/grupos-de-interes-especial\/grupos-de-estudiantes-en-ingles\/","title":{"rendered":"English Language Schools"},"content":{"rendered":"<div class=\"landing-banner-block\">\n    <div class=\"landing-banner-wrap inline-bg-image\" style=\"background-image: url();\">\n        \n            <div class=\"content-box\" data-aos=\"fade-up\">\n                                    <h1 class=\"h1\">ESCUELAS DE INGLES<\/h1>\n                                                    <p class=\"para\">En Malta, encontrar\u00e1s muchas escuelas de ingl\u00e9s acreditadas para elegir y puedes estar seguro que tendr\u00e1s la mejor ense\u00f1anza de ingl\u00e9s que puedes obtener de nuestros profesores de ingl\u00e9s certificados. Adem\u00e1s, dado que el segundo idioma oficial de Malta es el Ingl\u00e9s, los estudiantes tendr\u00e1n amplias oportunidades de practicar con locales y extranjeros por igual mientras se divierten en nuestras hermosas islas.\r\n<\/p>\n                            <\/div>\n            \n                    <\/div>\n        \n    <\/div>\n\n<div class=\"tsdb-block\">\n    <div class=\"tsdb-wrap grey-bg  no-bottom-padding\">\n            <div class=\"inner\">\n\n                                \n                                \n                                                    <div class=\"para\" data-aos=\"fade-up\"><p>Hay muchas actividades para elegir en el archipi\u00e9lago malt\u00e9s, as\u00ed que ten la seguridad que tus estudiantes tendr\u00e1n la combinaci\u00f3n perfecta de aprendizaje divertido en el aula combinado con excelentes actividades extracurriculares para dejarlos con ganas de m\u00e1s.<\/p>\n<\/div>\n                \n                                                \n                                    <span class=\"full-arrow is-bottom long\" data-aos=\"fade-down\"><\/span>\n                \n            <\/div>\n\n                    <\/div>\n    \n    <\/div>\n\n<div class=\"tab-title-desc-block\">\n    <div class=\"tab-title-desc-wrap\">\n    <div class=\"inner clearfix\">\n\n        <ul id=\"tabs-nav\" class=\"tabs-nav\" data-aos=\"fade-right\">\n                                            \n                <li>\n                    <a href=\"#tabs-content\" data-tab=\"#tab1\" class=\"tab-nav\">\n                        <span class=\"step-title\">Dia 1<\/span>\n                        <span class=\"tab-title\">ASISTENCIA EN LA LLEGADA Y TOUR<\/span>\n                        <span class=\"full-arrow is-right no-margin shortest\"><\/span>\n                    <\/a>\n                <\/li>\n\n                            \n                <li>\n                    <a href=\"#tabs-content\" data-tab=\"#tab2\" class=\"tab-nav\">\n                        <span class=\"step-title\">Dia 2<\/span>\n                        <span class=\"tab-title\">ESCUELA &#038; VISITA A LA VILLA DE POPEYE<\/span>\n                        <span class=\"full-arrow is-right no-margin shortest\"><\/span>\n                    <\/a>\n                <\/li>\n\n                            \n                <li>\n                    <a href=\"#tabs-content\" data-tab=\"#tab3\" class=\"tab-nav\">\n                        <span class=\"step-title\">Dia 3<\/span>\n                        <span class=\"tab-title\">ESCUELA, SENDERISMO &#038; LASER TAG AL AIRE LIBRE<\/span>\n                        <span class=\"full-arrow is-right no-margin shortest\"><\/span>\n                    <\/a>\n                <\/li>\n\n                            \n                <li>\n                    <a href=\"#tabs-content\" data-tab=\"#tab4\" class=\"tab-nav\">\n                        <span class=\"step-title\">Dia 4<\/span>\n                        <span class=\"tab-title\">ESCUELA &#038; DEPORTES ACU\u00c1TICOS<\/span>\n                        <span class=\"full-arrow is-right no-margin shortest\"><\/span>\n                    <\/a>\n                <\/li>\n\n                            \n                <li>\n                    <a href=\"#tabs-content\" data-tab=\"#tab5\" class=\"tab-nav\">\n                        <span class=\"step-title\">Dia 5<\/span>\n                        <span class=\"tab-title\">ESCUELA &#038; CABALGATA<\/span>\n                        <span class=\"full-arrow is-right no-margin shortest\"><\/span>\n                    <\/a>\n                <\/li>\n\n                            \n                <li>\n                    <a href=\"#tabs-content\" data-tab=\"#tab6\" class=\"tab-nav\">\n                        <span class=\"step-title\">Dia 6<\/span>\n                        <span class=\"tab-title\">ESCUELA Y FIESTA EN BOTE<\/span>\n                        <span class=\"full-arrow is-right no-margin shortest\"><\/span>\n                    <\/a>\n                <\/li>\n\n                            \n                <li>\n                    <a href=\"#tabs-content\" data-tab=\"#tab7\" class=\"tab-nav\">\n                        <span class=\"step-title\">Dia 7<\/span>\n                        <span class=\"tab-title\">DIA COMPLETO EN GOZO<\/span>\n                        <span class=\"full-arrow is-right no-margin shortest\"><\/span>\n                    <\/a>\n                <\/li>\n\n                            \n                <li>\n                    <a href=\"#tabs-content\" data-tab=\"#tab8\" class=\"tab-nav\">\n                        <span class=\"step-title\">Dia 8<\/span>\n                        <span class=\"tab-title\">TOUR Y SALIDA CON ASISTENCIA<\/span>\n                        <span class=\"full-arrow is-right no-margin shortest\"><\/span>\n                    <\/a>\n                <\/li>\n\n                            <\/ul>\n\n        <div id=\"tabs-content\" class=\"tabs-content\" data-aos=\"fade-left\">\n                                                            \n                <div id=\"tab1\" class=\"para tab-content\">\n                    <p>Despu\u00e9s de ser recogidos en el aeropuerto, dir\u00edjase a La Valeta y s\u00fabase a un Segway para absorber la belleza de nuestra capital de una manera \u00fanica. Combinado con una b\u00fasqueda del tesoro, este recorrido har\u00e1 que los estudiantes piensen, trabajen juntos y aumenten su conciencia de su entorno.<\/p>\n                <\/div>\n\n                                            \n                <div id=\"tab2\" class=\"para tab-content\">\n                    <p>Despu\u00e9s de las lecciones de la ma\u00f1ana, dir\u00edjase a la fant\u00e1stica Villa de Popeye que fue el escenario de rodaje de la famosa pel\u00edcula \u00abPopeye\u00bb de 1980. Este pueblo est\u00e1 abierto todo el a\u00f1o con actividades lideradas por un equipo de animadores y famosos personajes de dibujos animados, donde remara, saltara en trampolines acu\u00e1ticos, creara una pel\u00edcula y otros.<\/p>\n                <\/div>\n\n                                            \n                <div id=\"tab3\" class=\"para tab-content\">\n                    <p>Pase la tarde explorando Malta mientras recorre algunos de nuestros incre\u00edbles paisajes. Luego, prep\u00e1rese para una emocionante actividad de tag laser al aire libre.<\/p>\n                <\/div>\n\n                                            \n                <div id=\"tab4\" class=\"para tab-content\">\n                    <p>\u00bfQu\u00e9 mejor manera de refrescarse que disfrutar de algunos deportes acu\u00e1ticos despu\u00e9s de clases? Divi\u00e9rtase con deportes acu\u00e1ticos como el paseo en sof\u00e1, el paseo en banana, motos acu\u00e1ticas y buceo.<\/p>\n                <\/div>\n\n                                            \n                <div id=\"tab5\" class=\"para tab-content\">\n                    <p>Disfrute de una de las partes m\u00e1s pintorescas de nuestras hermosas islas, en la paz y tranquilidad de montar a caballo en un hist\u00f3rico parque natural ubicado en el noreste de Malta. La caminata al atardecer lo lleva a lo largo de la costa y los acantilados dorados de Malta con vistas a Gozo y las escenas panor\u00e1micas del legendario mar Mediterr\u00e1neo de aguas cristalinas.<\/p>\n                <\/div>\n\n                                            \n                <div id=\"tab6\" class=\"para tab-content\">\n                    <p>Celebre el final de su semana escolar con una incre\u00edble fiesta en barco en la que podr\u00e1 navegar por nuestras incre\u00edbles islas mientras baila al ritmo de algunas melodias incre\u00edbles donde tambi\u00e9n puede comer lo que desee.<\/p>\n                <\/div>\n\n                                            \n                <div id=\"tab7\" class=\"para tab-content\">\n                    <p>Llega a Gozo con estilo montando las olas en una lancha r\u00e1pida. Una vez que llegue, encontrar\u00e1 jeeps esper\u00e1ndole donde se dividir\u00e1n en grupos y te embarcar\u00e1n en una aventura en la que su misi\u00f3n es resolver una serie de acertijos antes de que los otros equipos lleguen primero. Para hacerlo m\u00e1s interesante, puede agregar \u00abTiro con arco\u00bb, \u00abRappel\u00bb o \u00abTirolesa\u00bb.<\/p>\n                <\/div>\n\n                                            \n                <div id=\"tab8\" class=\"para tab-content\">\n                    <p>Termine su \u00faltimo d\u00eda en nuestra hermosa isla con un recorrido por la incre\u00edble Gruta Azul y el colorido pueblo de pescadores de Marsaxlokk.<\/p>\n<p>Salida con asistencia SIT.<\/p>\n                <\/div>\n\n                            <\/div>\n    <\/div>\n<\/div><\/div>\n\n<div class=\"image-slider-block\">\n    <div class=\"image-slider-wrap\">\n\n    <div class=\"slider-container no-padding\" data-aos=\"fade-up\">\n        <div class=\"image-slider\">\n                                    \n                                                        \n                            \n                                                        \n                            \n                                                        \n                            \n                                                        \n                            \n                                                        \n                            <\/div>\n        <span class=\"prevBtn\" tabindex=\"1\">\n            <span class=\"full-arrow is-left short white\"><\/span>\n        <\/span>\n        <span class=\"nextBtn\" tabindex=\"1\">\n            <span class=\"full-arrow is-right short white\"><\/span>\n        <\/span>\n    <\/div>\n<\/div><\/div>\n\n<div class=\"tsdb-block\">\n    <div class=\"tsdb-wrap grey-bg includes-bg-text \">\n            <div class=\"inner\">\n\n                                \n                                \n                                                    <div class=\"para\" data-aos=\"fade-up\"><p>Las actividades anteriores no son restrictivas, ya que se pueden adaptar a tu itinerario y a los deseos de su coraz\u00f3n. \u00a1Cont\u00e1ctanos y nos aseguraremos de brindarles a tus estudiantes una estad\u00eda inolvidable!<\/p>\n<\/div>\n                \n                                                    <a href=\"\/contact\/\" class=\"button\" target=\"\" data-aos=\"fade-up\">CONT\u00c1CTANOS<\/a>\n                                \n                \n            <\/div>\n\n                            <div class=\"bg-text\" data-aos=\"fade-up\">Sol<\/div>\n                    <\/div>\n    \n    <\/div>\n\n<div class=\"image-desc-blocks-block\">\n    <div class=\"image-desc-blocks-wrap\">\n                    <a href=\"\/es\/servicios\/grupos-de-interes-especial\/tours-deportivos\/\" class=\"link-wrap\" target=\"\">\n            <div class=\"img-desc-box\" data-aos=\"fade-up\" data-aos-offset=\"50\">\n\n                                <div class=\"img inline-bg-image lazyload\" role=\"img\" aria-label=\"National stadium\" style=\"background-image:inherit;\" data-bg-image=\"url(https:\/\/sit.com.mt\/wp-content\/uploads\/2020\/02\/stadium-min.jpg)\"><\/div>\n\n                <div class=\"block-title\">\n                    <div class=\"title\">Tours Deportivos<\/div>\n                <\/div>\n\n                <div class=\"block-content\">\n                    <div class=\"title\">Tours Deportivos<\/div>\n                    \n                    <p class=\"para\">Malta es un destino popular para excursiones deportivas con su clima suave y hermosos paisajes. Disfruta de algunos entrenamientos fabulosos, juega partidos con oponentes localesy t\u00f3mate un tiempo para aprovechar al m\u00e1ximo todo lo que esta hermosa peque\u00f1a isla tiene para ofrecer.<\/p>\n                    \n                                            <span class=\"more-link\">Leer m\u00e1s<\/span>\n                                    <\/div>\n\n            <\/div>\n        <\/a>\n                    <a href=\"\/es\/servicios\/grupos-de-interes-especial\/recorridos-a-pie\/\" class=\"link-wrap\" target=\"\">\n            <div class=\"img-desc-box\" data-aos=\"fade-up\" data-aos-offset=\"50\">\n\n                                <div class=\"img inline-bg-image lazyload\" role=\"img\" aria-label=\"Feet walking\" style=\"background-image:inherit;\" data-bg-image=\"url(https:\/\/sit.com.mt\/wp-content\/uploads\/2020\/01\/fashion-footwear-grass-outdoors-631986-scaled.jpg)\"><\/div>\n\n                <div class=\"block-title\">\n                    <div class=\"title\">Recorridos a pie<\/div>\n                <\/div>\n\n                <div class=\"block-content\">\n                    <div class=\"title\">Recorridos a pie<\/div>\n                    \n                    <p class=\"para\">Explora la tranquila isla de Gozo, donde las estaciones determinan el ritmo de vida. Impregnado de folclore, Gozo es considerada la m\u00edtica isla calypso de la Odisea de Homero. <\/p>\n                    \n                                            <span class=\"more-link\">Leer m\u00e1s<\/span>\n                                    <\/div>\n\n            <\/div>\n        <\/a>\n                    <a href=\"\/es\/servicios\/grupos-de-interes-especial\/viaje-en-velero\/\" class=\"link-wrap\" target=\"\">\n            <div class=\"img-desc-box\" data-aos=\"fade-up\" data-aos-offset=\"50\">\n\n                                <div class=\"img inline-bg-image lazyload\" role=\"img\" aria-label=\"Sailing Yacht At The Entrance To Valletta Grand Harbour\" style=\"background-image:inherit;\" data-bg-image=\"url(https:\/\/sit.com.mt\/wp-content\/uploads\/2020\/02\/sailing-yacht.jpg)\"><\/div>\n\n                <div class=\"block-title\">\n                    <div class=\"title\">Viajes en Velero<\/div>\n                <\/div>\n\n                <div class=\"block-content\">\n                    <div class=\"title\">Viajes en Velero<\/div>\n                    \n                    <p class=\"para\">Navega por el impresionante mar Mediterr\u00e1neo y disfruta de una vista frontal de las pintorescas islas maltesas. Decide a d\u00f3nde vas y comienza tu aventura. Rel\u00e1jate con los hermosos lugares de inter\u00e9s y la suave brisa del mar, mientras navega a trav\u00e9s del agua.<\/p>\n                    \n                                            <span class=\"more-link\">Leer m\u00e1s<\/span>\n                                    <\/div>\n\n            <\/div>\n        <\/a>\n    <\/div><\/div>","protected":false},"excerpt":{"rendered":"","protected":false},"author":6,"featured_media":0,"parent":5602,"menu_order":0,"comment_status":"closed","ping_status":"closed","template":"","meta":{"footnotes":""},"categories":[],"class_list":["post-5679","page","type-page","status-publish","hentry"],"acf":[],"yoast_head":"<!-- This site is optimized with the Yoast SEO plugin v25.3 - https:\/\/yoast.com\/wordpress\/plugins\/seo\/ -->\n<title>Planifica grupos de estudiantes de idioma ingl\u00e9s en Malta con SIT<\/title>\n<meta name=\"description\" content=\"En Malta, no se trata solo de aprender ingl\u00e9s, nuestro programa seguramente ayudar\u00e1 a tus estudiantes a sumergirse en la cultura maltesa mientras tambi\u00e9n realizan actividades divertidas.\" \/>\n<meta name=\"robots\" content=\"index, follow, max-snippet:-1, max-image-preview:large, max-video-preview:-1\" \/>\n<link rel=\"canonical\" href=\"https:\/\/sit.com.mt\/es\/servicios\/grupos-de-interes-especial\/grupos-de-estudiantes-en-ingles\/\" \/>\n<meta property=\"og:locale\" content=\"es_ES\" \/>\n<meta property=\"og:type\" content=\"article\" \/>\n<meta property=\"og:title\" content=\"Planifica grupos de estudiantes de idioma ingl\u00e9s en Malta con SIT\" \/>\n<meta property=\"og:description\" content=\"En Malta, no se trata solo de aprender ingl\u00e9s, nuestro programa seguramente ayudar\u00e1 a tus estudiantes a sumergirse en la cultura maltesa mientras tambi\u00e9n realizan actividades divertidas.\" \/>\n<meta property=\"og:url\" content=\"https:\/\/sit.com.mt\/es\/servicios\/grupos-de-interes-especial\/grupos-de-estudiantes-en-ingles\/\" \/>\n<meta property=\"og:site_name\" content=\"SIT Malta\" \/>\n<meta property=\"article:modified_time\" content=\"2021-10-31T09:07:12+00:00\" \/>\n<meta name=\"twitter:card\" content=\"summary_large_image\" \/>\n<script type=\"application\/ld+json\" class=\"yoast-schema-graph\">{\"@context\":\"https:\/\/schema.org\",\"@graph\":[{\"@type\":\"WebPage\",\"@id\":\"https:\/\/sit.com.mt\/es\/servicios\/grupos-de-interes-especial\/grupos-de-estudiantes-en-ingles\/\",\"url\":\"https:\/\/sit.com.mt\/es\/servicios\/grupos-de-interes-especial\/grupos-de-estudiantes-en-ingles\/\",\"name\":\"Planifica grupos de estudiantes de idioma ingl\u00e9s en Malta con SIT\",\"isPartOf\":{\"@id\":\"https:\/\/sit.com.mt\/#website\"},\"datePublished\":\"2020-12-02T14:40:32+00:00\",\"dateModified\":\"2021-10-31T09:07:12+00:00\",\"description\":\"En Malta, no se trata solo de aprender ingl\u00e9s, nuestro programa seguramente ayudar\u00e1 a tus estudiantes a sumergirse en la cultura maltesa mientras tambi\u00e9n realizan actividades divertidas.\",\"breadcrumb\":{\"@id\":\"https:\/\/sit.com.mt\/es\/servicios\/grupos-de-interes-especial\/grupos-de-estudiantes-en-ingles\/#breadcrumb\"},\"inLanguage\":\"es\",\"potentialAction\":[{\"@type\":\"ReadAction\",\"target\":[\"https:\/\/sit.com.mt\/es\/servicios\/grupos-de-interes-especial\/grupos-de-estudiantes-en-ingles\/\"]}]},{\"@type\":\"BreadcrumbList\",\"@id\":\"https:\/\/sit.com.mt\/es\/servicios\/grupos-de-interes-especial\/grupos-de-estudiantes-en-ingles\/#breadcrumb\",\"itemListElement\":[{\"@type\":\"ListItem\",\"position\":1,\"name\":\"Home\",\"item\":\"https:\/\/sit.com.mt\/es\/\"},{\"@type\":\"ListItem\",\"position\":2,\"name\":\"Servicios\",\"item\":\"https:\/\/sit.com.mt\/es\/servicios\/\"},{\"@type\":\"ListItem\",\"position\":3,\"name\":\"Grupos de Inter\u00e9s Especial\",\"item\":\"https:\/\/sit.com.mt\/es\/servicios\/grupos-de-interes-especial\/\"},{\"@type\":\"ListItem\",\"position\":4,\"name\":\"English Language Schools\"}]},{\"@type\":\"WebSite\",\"@id\":\"https:\/\/sit.com.mt\/#website\",\"url\":\"https:\/\/sit.com.mt\/\",\"name\":\"SIT Malta\",\"description\":\"Unique Travel Programs\",\"publisher\":{\"@id\":\"https:\/\/sit.com.mt\/#organization\"},\"potentialAction\":[{\"@type\":\"SearchAction\",\"target\":{\"@type\":\"EntryPoint\",\"urlTemplate\":\"https:\/\/sit.com.mt\/?s={search_term_string}\"},\"query-input\":{\"@type\":\"PropertyValueSpecification\",\"valueRequired\":true,\"valueName\":\"search_term_string\"}}],\"inLanguage\":\"es\"},{\"@type\":\"Organization\",\"@id\":\"https:\/\/sit.com.mt\/#organization\",\"name\":\"SIT Mailta\",\"url\":\"https:\/\/sit.com.mt\/\",\"logo\":{\"@type\":\"ImageObject\",\"inLanguage\":\"es\",\"@id\":\"https:\/\/sit.com.mt\/#\/schema\/logo\/image\/\",\"url\":\"https:\/\/sit.com.mt\/wp-content\/uploads\/2020\/01\/main-logo-new.svg\",\"contentUrl\":\"https:\/\/sit.com.mt\/wp-content\/uploads\/2020\/01\/main-logo-new.svg\",\"width\":1,\"height\":1,\"caption\":\"SIT Mailta\"},\"image\":{\"@id\":\"https:\/\/sit.com.mt\/#\/schema\/logo\/image\/\"}}]}<\/script>\n<!-- \/ Yoast SEO plugin. -->","yoast_head_json":{"title":"Planifica grupos de estudiantes de idioma ingl\u00e9s en Malta con SIT","description":"En Malta, no se trata solo de aprender ingl\u00e9s, nuestro programa seguramente ayudar\u00e1 a tus estudiantes a sumergirse en la cultura maltesa mientras tambi\u00e9n realizan actividades divertidas.","robots":{"index":"index","follow":"follow","max-snippet":"max-snippet:-1","max-image-preview":"max-image-preview:large","max-video-preview":"max-video-preview:-1"},"canonical":"https:\/\/sit.com.mt\/es\/servicios\/grupos-de-interes-especial\/grupos-de-estudiantes-en-ingles\/","og_locale":"es_ES","og_type":"article","og_title":"Planifica grupos de estudiantes de idioma ingl\u00e9s en Malta con SIT","og_description":"En Malta, no se trata solo de aprender ingl\u00e9s, nuestro programa seguramente ayudar\u00e1 a tus estudiantes a sumergirse en la cultura maltesa mientras tambi\u00e9n realizan actividades divertidas.","og_url":"https:\/\/sit.com.mt\/es\/servicios\/grupos-de-interes-especial\/grupos-de-estudiantes-en-ingles\/","og_site_name":"SIT Malta","article_modified_time":"2021-10-31T09:07:12+00:00","twitter_card":"summary_large_image","schema":{"@context":"https:\/\/schema.org","@graph":[{"@type":"WebPage","@id":"https:\/\/sit.com.mt\/es\/servicios\/grupos-de-interes-especial\/grupos-de-estudiantes-en-ingles\/","url":"https:\/\/sit.com.mt\/es\/servicios\/grupos-de-interes-especial\/grupos-de-estudiantes-en-ingles\/","name":"Planifica grupos de estudiantes de idioma ingl\u00e9s en Malta con SIT","isPartOf":{"@id":"https:\/\/sit.com.mt\/#website"},"datePublished":"2020-12-02T14:40:32+00:00","dateModified":"2021-10-31T09:07:12+00:00","description":"En Malta, no se trata solo de aprender ingl\u00e9s, nuestro programa seguramente ayudar\u00e1 a tus estudiantes a sumergirse en la cultura maltesa mientras tambi\u00e9n realizan actividades divertidas.","breadcrumb":{"@id":"https:\/\/sit.com.mt\/es\/servicios\/grupos-de-interes-especial\/grupos-de-estudiantes-en-ingles\/#breadcrumb"},"inLanguage":"es","potentialAction":[{"@type":"ReadAction","target":["https:\/\/sit.com.mt\/es\/servicios\/grupos-de-interes-especial\/grupos-de-estudiantes-en-ingles\/"]}]},{"@type":"BreadcrumbList","@id":"https:\/\/sit.com.mt\/es\/servicios\/grupos-de-interes-especial\/grupos-de-estudiantes-en-ingles\/#breadcrumb","itemListElement":[{"@type":"ListItem","position":1,"name":"Home","item":"https:\/\/sit.com.mt\/es\/"},{"@type":"ListItem","position":2,"name":"Servicios","item":"https:\/\/sit.com.mt\/es\/servicios\/"},{"@type":"ListItem","position":3,"name":"Grupos de Inter\u00e9s Especial","item":"https:\/\/sit.com.mt\/es\/servicios\/grupos-de-interes-especial\/"},{"@type":"ListItem","position":4,"name":"English Language Schools"}]},{"@type":"WebSite","@id":"https:\/\/sit.com.mt\/#website","url":"https:\/\/sit.com.mt\/","name":"SIT Malta","description":"Unique Travel Programs","publisher":{"@id":"https:\/\/sit.com.mt\/#organization"},"potentialAction":[{"@type":"SearchAction","target":{"@type":"EntryPoint","urlTemplate":"https:\/\/sit.com.mt\/?s={search_term_string}"},"query-input":{"@type":"PropertyValueSpecification","valueRequired":true,"valueName":"search_term_string"}}],"inLanguage":"es"},{"@type":"Organization","@id":"https:\/\/sit.com.mt\/#organization","name":"SIT Mailta","url":"https:\/\/sit.com.mt\/","logo":{"@type":"ImageObject","inLanguage":"es","@id":"https:\/\/sit.com.mt\/#\/schema\/logo\/image\/","url":"https:\/\/sit.com.mt\/wp-content\/uploads\/2020\/01\/main-logo-new.svg","contentUrl":"https:\/\/sit.com.mt\/wp-content\/uploads\/2020\/01\/main-logo-new.svg","width":1,"height":1,"caption":"SIT Mailta"},"image":{"@id":"https:\/\/sit.com.mt\/#\/schema\/logo\/image\/"}}]}},"_links":{"self":[{"href":"https:\/\/sit.com.mt\/es\/wp-json\/wp\/v2\/pages\/5679","targetHints":{"allow":["GET"]}}],"collection":[{"href":"https:\/\/sit.com.mt\/es\/wp-json\/wp\/v2\/pages"}],"about":[{"href":"https:\/\/sit.com.mt\/es\/wp-json\/wp\/v2\/types\/page"}],"author":[{"embeddable":true,"href":"https:\/\/sit.com.mt\/es\/wp-json\/wp\/v2\/users\/6"}],"replies":[{"embeddable":true,"href":"https:\/\/sit.com.mt\/es\/wp-json\/wp\/v2\/comments?post=5679"}],"version-history":[{"count":1,"href":"https:\/\/sit.com.mt\/es\/wp-json\/wp\/v2\/pages\/5679\/revisions"}],"predecessor-version":[{"id":8435,"href":"https:\/\/sit.com.mt\/es\/wp-json\/wp\/v2\/pages\/5679\/revisions\/8435"}],"up":[{"embeddable":true,"href":"https:\/\/sit.com.mt\/es\/wp-json\/wp\/v2\/pages\/5602"}],"wp:attachment":[{"href":"https:\/\/sit.com.mt\/es\/wp-json\/wp\/v2\/media?parent=5679"}],"wp:term":[{"taxonomy":"category","embeddable":true,"href":"https:\/\/sit.com.mt\/es\/wp-json\/wp\/v2\/categories?post=5679"}],"curies":[{"name":"wp","href":"https:\/\/api.w.org\/{rel}","templated":true}]}}