{"id":5694,"date":"2020-02-05T09:42:10","date_gmt":"2020-02-05T09:42:10","guid":{"rendered":"https:\/\/sit.com.mt\/special-interest-groups\/scuba-diving\/"},"modified":"2021-02-20T10:35:59","modified_gmt":"2021-02-20T10:35:59","slug":"buceo","status":"publish","type":"page","link":"https:\/\/sit.com.mt\/es\/servicios\/grupos-de-interes-especial\/buceo\/","title":{"rendered":"Scuba Diving"},"content":{"rendered":"<div class=\"landing-banner-block\">\n    <div class=\"landing-banner-wrap inline-bg-image lazyload\" style=\"background-image:inherit;\" data-bg-image=\"url(https:\/\/sit.com.mt\/wp-content\/uploads\/2020\/02\/cave-diving-palau-pacific-min.jpg)\">\n        \n            <div class=\"content-box\" data-aos=\"fade-up\">\n                                    <h1 class=\"h1\">SUBMARINISMO-BUCEO<\/h1>\n                                                    <p class=\"para\">El tranquilo y claro mar malt\u00e9s ofrece una excelente visibilidad, mientras que la posibilidad de peces peligrosos es extremadamente baja y, por primera vez, los buceadores y los principiantes se establecen las condiciones finales. Hay muchas inmersiones dif\u00edciles para elegir para los buceadores m\u00e1s experimentados.\r\n<\/p>\n                            <\/div>\n            \n                    <\/div>\n        \n    <\/div>\n\n<div class=\"tsdb-block\">\n    <div class=\"tsdb-wrap grey-bg includes-bg-text \">\n            <div class=\"inner\">\n\n                                \n                                \n                                                    <div class=\"para\" data-aos=\"fade-up\"><p>El azul claro del mar Mediterr\u00e1neo de las islas maltesas es ideal para bucear. Estas tres islas ofrecen incre\u00edbles oportunidades de buceo con una gran cantidad de arrecifes, cuevas y restos de naufragios que hacen del buceo aqu\u00ed uno de los m\u00e1s fascinantes del Mediterr\u00e1neo.<\/p>\n<\/div>\n                \n                                                \n                                    <span class=\"full-arrow is-bottom long\" data-aos=\"fade-down\"><\/span>\n                \n            <\/div>\n\n                            <div class=\"bg-text\" data-aos=\"fade-up\">Mar<\/div>\n                    <\/div>\n    \n    <\/div>\n\n<div class=\"tab-title-desc-block\">\n    <div class=\"tab-title-desc-wrap\">\n    <div class=\"inner clearfix\">\n\n        <ul id=\"tabs-nav\" class=\"tabs-nav\" data-aos=\"fade-right\">\n                                            \n                <li>\n                    <a href=\"#tabs-content\" data-tab=\"#tab1\" class=\"tab-nav\">\n                        <span class=\"step-title\">D\u00eda 1<\/span>\n                        <span class=\"tab-title\">ASISTENCIA EN LA LLEGADA<\/span>\n                        <span class=\"full-arrow is-right no-margin shortest\"><\/span>\n                    <\/a>\n                <\/li>\n\n                            \n                <li>\n                    <a href=\"#tabs-content\" data-tab=\"#tab2\" class=\"tab-nav\">\n                        <span class=\"step-title\">D\u00eda 2<\/span>\n                        <span class=\"tab-title\">BUCEO EN MALTA\u2013 DIA COMPLETO<\/span>\n                        <span class=\"full-arrow is-right no-margin shortest\"><\/span>\n                    <\/a>\n                <\/li>\n\n                            \n                <li>\n                    <a href=\"#tabs-content\" data-tab=\"#tab3\" class=\"tab-nav\">\n                        <span class=\"step-title\">D\u00eda 3<\/span>\n                        <span class=\"tab-title\">BUCEO EN GOZO- DIA COMPLETO <\/span>\n                        <span class=\"full-arrow is-right no-margin shortest\"><\/span>\n                    <\/a>\n                <\/li>\n\n                            \n                <li>\n                    <a href=\"#tabs-content\" data-tab=\"#tab4\" class=\"tab-nav\">\n                        <span class=\"step-title\">D\u00eda 4<\/span>\n                        <span class=\"tab-title\">BUCEO EN COMINO<\/span>\n                        <span class=\"full-arrow is-right no-margin shortest\"><\/span>\n                    <\/a>\n                <\/li>\n\n                            \n                <li>\n                    <a href=\"#tabs-content\" data-tab=\"#tab5\" class=\"tab-nav\">\n                        <span class=\"step-title\">D\u00eda 5<\/span>\n                        <span class=\"tab-title\">PREPARACI\u00d3N PARA SU VUELO DE REGRESO<\/span>\n                        <span class=\"full-arrow is-right no-margin shortest\"><\/span>\n                    <\/a>\n                <\/li>\n\n                            \n                <li>\n                    <a href=\"#tabs-content\" data-tab=\"#tab6\" class=\"tab-nav\">\n                        <span class=\"step-title\">D\u00eda 6<\/span>\n                        <span class=\"tab-title\">SALIDA CON ASISTENCIA<\/span>\n                        <span class=\"full-arrow is-right no-margin shortest\"><\/span>\n                    <\/a>\n                <\/li>\n\n                            <\/ul>\n\n        <div id=\"tabs-content\" class=\"tabs-content\" data-aos=\"fade-left\">\n                                                            \n                <div id=\"tab1\" class=\"para tab-content\">\n                    <p>El d\u00eda de su llegada, disfrutar\u00e1 de una relajante sesi\u00f3n de buceo de medio d\u00eda en Fortizza Reef, que es adecuada para todos los niveles de experiencia. Esta \u00e1rea tiene muchas cavernas, t\u00faneles, arcos y muchas m\u00e1s \u00e1reas para explorar, incluida una sorprendente cantidad de vida marina.<\/p>\n                <\/div>\n\n                                            \n                <div id=\"tab2\" class=\"para tab-content\">\n                    <p>En su segundo d\u00eda, podr\u00e1 explorar completamente las \u00e1reas de buceo de Malta, incluidas las cuevas de Marfa Point, Ghar Lapsi y el suroeste de Wied iz-Zurrieq, donde se puede explorar el pecio UM-EL-Faroud. Para hacer este d\u00eda m\u00e1s interesante, viajar\u00e1 en jeeps a cada lugar.<\/p>\n                <\/div>\n\n                                            \n                <div id=\"tab3\" class=\"para tab-content\">\n                    <p>Gozo, la isla hermana de Malta, tambi\u00e9n es un para\u00edso para el buceo, ya que se pueden explorar lugares como Coral Cave, Double Arch Reef y Mgarr ix-Xini. En este d\u00eda, tambi\u00e9n viajar\u00e1 en jeeps a cada ubicaci\u00f3n, lo que le permitir\u00e1 apreciar la belleza \u00fanica de Gozo.<\/p>\n                <\/div>\n\n                                            \n                <div id=\"tab4\" class=\"para tab-content\">\n                    <p>Comino es otra isla del archipi\u00e9lago de Malta y se encuentra entre Malta y Gozo. En esta peque\u00f1a isla, aprender\u00e1 sobre Lantern Point, Cominotto Rock y su arrecife, y tambi\u00e9n explorar\u00e1 las cuevas de Santa Maria. \u00a1Una experiencia que no se puede perder! <\/p>\n                <\/div>\n\n                                            \n                <div id=\"tab5\" class=\"para tab-content\">\n                    <p>Prep\u00e1rese para el vuelo que se avecina y expulse nitr\u00f3geno con un d\u00eda lleno de aventuras sin buceo. Pruebe la traves\u00eda al nivel del mar, que le permite experimentar la escalada en roca, pero con la ventaja adicional de una ca\u00edda muy corta al mar en caso de que no pueda continuar con la ruta elegida.<\/p>\n                <\/div>\n\n                                            \n                <div id=\"tab6\" class=\"para tab-content\">\n                    <p>Salida hacia el Aeropuerto con asistencia SIT<\/p>\n                <\/div>\n\n                            <\/div>\n    <\/div>\n<\/div><\/div>\n\n<div class=\"image-slider-block\">\n    <div class=\"image-slider-wrap\">\n\n    <div class=\"slider-container no-padding\" data-aos=\"fade-up\">\n        <div class=\"image-slider\">\n                                    \n                                \n                    <div>\n                        <div class=\"img inline-bg-image lazyload\" role=\"img\" aria-label=\"Scuba Diving\" style=\"background-image:inherit;\" data-bg-image=\"url(https:\/\/sit.com.mt\/wp-content\/uploads\/2020\/02\/scuba-diver-1049945_1920-min.jpg)\"><\/div>\n                    <\/div>\n\n                                        \n                            \n                                \n                    <div>\n                        <div class=\"img inline-bg-image lazyload\" role=\"img\" aria-label=\"Diving\" style=\"background-image:inherit;\" data-bg-image=\"url(https:\/\/sit.com.mt\/wp-content\/uploads\/2020\/02\/diving-underwater-sea-scuba-min.jpg)\"><\/div>\n                    <\/div>\n\n                                        \n                            \n                                \n                    <div>\n                        <div class=\"img inline-bg-image lazyload\" role=\"img\" aria-label=\"Diving cave\" style=\"background-image:inherit;\" data-bg-image=\"url(https:\/\/sit.com.mt\/wp-content\/uploads\/2020\/02\/diving-1151577_1280-min.jpg)\"><\/div>\n                    <\/div>\n\n                                        \n                            \n                                \n                    <div>\n                        <div class=\"img inline-bg-image lazyload\" role=\"img\" aria-label=\"Diving\" style=\"background-image:inherit;\" data-bg-image=\"url(https:\/\/sit.com.mt\/wp-content\/uploads\/2020\/02\/cave-diving-palau-pacific-min.jpg)\"><\/div>\n                    <\/div>\n\n                                        \n                            \n                                \n                    <div>\n                        <div class=\"img inline-bg-image lazyload\" role=\"img\" aria-label=\"Diving wreck\" style=\"background-image:inherit;\" data-bg-image=\"url(https:\/\/sit.com.mt\/wp-content\/uploads\/2020\/02\/14925300645_5baeb552c4_c-min.jpg)\"><\/div>\n                    <\/div>\n\n                                        \n                            <\/div>\n        <span class=\"prevBtn\" tabindex=\"1\">\n            <span class=\"full-arrow is-left short white\"><\/span>\n        <\/span>\n        <span class=\"nextBtn\" tabindex=\"1\">\n            <span class=\"full-arrow is-right short white\"><\/span>\n        <\/span>\n    <\/div>\n<\/div><\/div>\n\n<div class=\"tsdb-block\">\n    <div class=\"tsdb-wrap grey-bg includes-bg-text \">\n            <div class=\"inner\">\n\n                                \n                                \n                                                    <div class=\"para\" data-aos=\"fade-up\"><p>Si solo desea bucear en Malta, hay muchos sitios de buceo para elegir. No es relevante si no tiene un compa\u00f1ero, deje que uno de nuestros instructores profesionales le gu\u00ede por algunos de los mejores lugares para bucear en el Mediterr\u00e1neo.<\/p>\n<\/div>\n                \n                                                    <a href=\"\/contact\/\" class=\"button\" target=\"\" data-aos=\"fade-up\">CONT\u00c1CTENOS <\/a>\n                                \n                \n            <\/div>\n\n                            <div class=\"bg-text\" data-aos=\"fade-up\">Tranquilidad<\/div>\n                    <\/div>\n    \n    <\/div>\n\n<div class=\"image-desc-blocks-block\">\n    <div class=\"image-desc-blocks-wrap\">\n                    <a href=\"\/es\/servicios\/grupos-de-interes-especial\/tours-deportivos\/\" class=\"link-wrap\" target=\"\">\n            <div class=\"img-desc-box\" data-aos=\"fade-up\" data-aos-offset=\"50\">\n\n                                <div class=\"img inline-bg-image lazyload\" role=\"img\" aria-label=\"National stadium\" style=\"background-image:inherit;\" data-bg-image=\"url(https:\/\/sit.com.mt\/wp-content\/uploads\/2020\/02\/stadium-min.jpg)\"><\/div>\n\n                <div class=\"block-title\">\n                    <div class=\"title\">Tours Deportivos<\/div>\n                <\/div>\n\n                <div class=\"block-content\">\n                    <div class=\"title\">Tours Deportivos<\/div>\n                    \n                    <p class=\"para\">Malta es un destino popular para excursiones deportivas con su clima templado y hermosos paisajes. Disfrute de un entrenamiento fabuloso, juegue partidos con rivales locales y t\u00f3mase el tiempo para aprovechar al m\u00e1ximo todo lo que esta hermosa isla tiene para ofrecer.<\/p>\n                    \n                                            <span class=\"more-link\">Leer m\u00e1s<\/span>\n                                    <\/div>\n\n            <\/div>\n        <\/a>\n                    <a href=\"\/es\/servicios\/grupos-de-interes-especial\/recorridos-a-pie\/\" class=\"link-wrap\" target=\"\">\n            <div class=\"img-desc-box\" data-aos=\"fade-up\" data-aos-offset=\"50\">\n\n                                <div class=\"img inline-bg-image lazyload\" role=\"img\" aria-label=\"Feet walking\" style=\"background-image:inherit;\" data-bg-image=\"url(https:\/\/sit.com.mt\/wp-content\/uploads\/2020\/01\/fashion-footwear-grass-outdoors-631986-scaled.jpg)\"><\/div>\n\n                <div class=\"block-title\">\n                    <div class=\"title\">Tours a pie- Caminatas &#038; Senderismo<\/div>\n                <\/div>\n\n                <div class=\"block-content\">\n                    <div class=\"title\">Tours a pie- Caminatas &#038; Senderismo<\/div>\n                    \n                    <p class=\"para\">Explore la tranquila isla de Gozo, donde las estaciones determinan el ritmo de la vida. Llena de folclore, Gozo se considera la m\u00edtica isla Calipso de la Odisea de Homero.<\/p>\n                    \n                                            <span class=\"more-link\">Leer m\u00e1s<\/span>\n                                    <\/div>\n\n            <\/div>\n        <\/a>\n                    <a href=\"\/es\/servicios\/grupos-de-interes-especial\/viaje-en-velero\/\" class=\"link-wrap\" target=\"\">\n            <div class=\"img-desc-box\" data-aos=\"fade-up\" data-aos-offset=\"50\">\n\n                                <div class=\"img inline-bg-image lazyload\" role=\"img\" aria-label=\"Sailing Yacht At The Entrance To Valletta Grand Harbour\" style=\"background-image:inherit;\" data-bg-image=\"url(https:\/\/sit.com.mt\/wp-content\/uploads\/2020\/02\/sailing-yacht.jpg)\"><\/div>\n\n                <div class=\"block-title\">\n                    <div class=\"title\">Navegando en Velero<\/div>\n                <\/div>\n\n                <div class=\"block-content\">\n                    <div class=\"title\">Navegando en Velero<\/div>\n                    \n                    <p class=\"para\">Navegue por el impresionante mar Mediterr\u00e1neo y disfrute de una vista desde el asiento delantero de las pintorescas islas maltesas. Decide a d\u00f3nde vas y comienza tu aventura. Rel\u00e1jese con las hermosas vistas y la suave brisa del mar, mientras navega por el agua.<\/p>\n                    \n                                            <span class=\"more-link\">Leer m\u00e1s<\/span>\n                                    <\/div>\n\n            <\/div>\n        <\/a>\n    <\/div><\/div>\n\n\n<p><\/p>\n","protected":false},"excerpt":{"rendered":"","protected":false},"author":6,"featured_media":0,"parent":5602,"menu_order":0,"comment_status":"closed","ping_status":"closed","template":"","meta":{"footnotes":""},"categories":[],"class_list":["post-5694","page","type-page","status-publish","hentry"],"acf":[],"yoast_head":"<!-- This site is optimized with the Yoast SEO plugin v25.3 - https:\/\/yoast.com\/wordpress\/plugins\/seo\/ -->\n<title>Scuba Diving Tours in Malta with Special Interest Travel<\/title>\n<meta name=\"description\" content=\"Scuba Diving Tours available for beginners and experienced divers alike! Dive into the Maltese deep blue sea and explore the hidden treasures and sea life!\" \/>\n<meta name=\"robots\" content=\"index, follow, max-snippet:-1, max-image-preview:large, max-video-preview:-1\" \/>\n<link rel=\"canonical\" href=\"https:\/\/sit.com.mt\/es\/servicios\/grupos-de-interes-especial\/buceo\/\" \/>\n<meta property=\"og:locale\" content=\"es_ES\" \/>\n<meta property=\"og:type\" content=\"article\" \/>\n<meta property=\"og:title\" content=\"Scuba Diving Tours in Malta with Special Interest Travel\" \/>\n<meta property=\"og:description\" content=\"Scuba Diving Tours available for beginners and experienced divers alike! Dive into the Maltese deep blue sea and explore the hidden treasures and sea life!\" \/>\n<meta property=\"og:url\" content=\"https:\/\/sit.com.mt\/es\/servicios\/grupos-de-interes-especial\/buceo\/\" \/>\n<meta property=\"og:site_name\" content=\"SIT Malta\" \/>\n<meta property=\"article:modified_time\" content=\"2021-02-20T10:35:59+00:00\" \/>\n<meta name=\"twitter:card\" content=\"summary_large_image\" \/>\n<script type=\"application\/ld+json\" class=\"yoast-schema-graph\">{\"@context\":\"https:\/\/schema.org\",\"@graph\":[{\"@type\":\"WebPage\",\"@id\":\"https:\/\/sit.com.mt\/es\/servicios\/grupos-de-interes-especial\/buceo\/\",\"url\":\"https:\/\/sit.com.mt\/es\/servicios\/grupos-de-interes-especial\/buceo\/\",\"name\":\"Scuba Diving Tours in Malta with Special Interest Travel\",\"isPartOf\":{\"@id\":\"https:\/\/sit.com.mt\/#website\"},\"datePublished\":\"2020-02-05T09:42:10+00:00\",\"dateModified\":\"2021-02-20T10:35:59+00:00\",\"description\":\"Scuba Diving Tours available for beginners and experienced divers alike! Dive into the Maltese deep blue sea and explore the hidden treasures and sea life!\",\"breadcrumb\":{\"@id\":\"https:\/\/sit.com.mt\/es\/servicios\/grupos-de-interes-especial\/buceo\/#breadcrumb\"},\"inLanguage\":\"es\",\"potentialAction\":[{\"@type\":\"ReadAction\",\"target\":[\"https:\/\/sit.com.mt\/es\/servicios\/grupos-de-interes-especial\/buceo\/\"]}]},{\"@type\":\"BreadcrumbList\",\"@id\":\"https:\/\/sit.com.mt\/es\/servicios\/grupos-de-interes-especial\/buceo\/#breadcrumb\",\"itemListElement\":[{\"@type\":\"ListItem\",\"position\":1,\"name\":\"Home\",\"item\":\"https:\/\/sit.com.mt\/es\/\"},{\"@type\":\"ListItem\",\"position\":2,\"name\":\"Servicios\",\"item\":\"https:\/\/sit.com.mt\/es\/servicios\/\"},{\"@type\":\"ListItem\",\"position\":3,\"name\":\"Grupos de Inter\u00e9s Especial\",\"item\":\"https:\/\/sit.com.mt\/es\/servicios\/grupos-de-interes-especial\/\"},{\"@type\":\"ListItem\",\"position\":4,\"name\":\"Scuba Diving\"}]},{\"@type\":\"WebSite\",\"@id\":\"https:\/\/sit.com.mt\/#website\",\"url\":\"https:\/\/sit.com.mt\/\",\"name\":\"SIT Malta\",\"description\":\"Unique Travel Programs\",\"publisher\":{\"@id\":\"https:\/\/sit.com.mt\/#organization\"},\"potentialAction\":[{\"@type\":\"SearchAction\",\"target\":{\"@type\":\"EntryPoint\",\"urlTemplate\":\"https:\/\/sit.com.mt\/?s={search_term_string}\"},\"query-input\":{\"@type\":\"PropertyValueSpecification\",\"valueRequired\":true,\"valueName\":\"search_term_string\"}}],\"inLanguage\":\"es\"},{\"@type\":\"Organization\",\"@id\":\"https:\/\/sit.com.mt\/#organization\",\"name\":\"SIT Mailta\",\"url\":\"https:\/\/sit.com.mt\/\",\"logo\":{\"@type\":\"ImageObject\",\"inLanguage\":\"es\",\"@id\":\"https:\/\/sit.com.mt\/#\/schema\/logo\/image\/\",\"url\":\"https:\/\/sit.com.mt\/wp-content\/uploads\/2020\/01\/main-logo-new.svg\",\"contentUrl\":\"https:\/\/sit.com.mt\/wp-content\/uploads\/2020\/01\/main-logo-new.svg\",\"width\":1,\"height\":1,\"caption\":\"SIT Mailta\"},\"image\":{\"@id\":\"https:\/\/sit.com.mt\/#\/schema\/logo\/image\/\"}}]}<\/script>\n<!-- \/ Yoast SEO plugin. -->","yoast_head_json":{"title":"Scuba Diving Tours in Malta with Special Interest Travel","description":"Scuba Diving Tours available for beginners and experienced divers alike! Dive into the Maltese deep blue sea and explore the hidden treasures and sea life!","robots":{"index":"index","follow":"follow","max-snippet":"max-snippet:-1","max-image-preview":"max-image-preview:large","max-video-preview":"max-video-preview:-1"},"canonical":"https:\/\/sit.com.mt\/es\/servicios\/grupos-de-interes-especial\/buceo\/","og_locale":"es_ES","og_type":"article","og_title":"Scuba Diving Tours in Malta with Special Interest Travel","og_description":"Scuba Diving Tours available for beginners and experienced divers alike! Dive into the Maltese deep blue sea and explore the hidden treasures and sea life!","og_url":"https:\/\/sit.com.mt\/es\/servicios\/grupos-de-interes-especial\/buceo\/","og_site_name":"SIT Malta","article_modified_time":"2021-02-20T10:35:59+00:00","twitter_card":"summary_large_image","schema":{"@context":"https:\/\/schema.org","@graph":[{"@type":"WebPage","@id":"https:\/\/sit.com.mt\/es\/servicios\/grupos-de-interes-especial\/buceo\/","url":"https:\/\/sit.com.mt\/es\/servicios\/grupos-de-interes-especial\/buceo\/","name":"Scuba Diving Tours in Malta with Special Interest Travel","isPartOf":{"@id":"https:\/\/sit.com.mt\/#website"},"datePublished":"2020-02-05T09:42:10+00:00","dateModified":"2021-02-20T10:35:59+00:00","description":"Scuba Diving Tours available for beginners and experienced divers alike! Dive into the Maltese deep blue sea and explore the hidden treasures and sea life!","breadcrumb":{"@id":"https:\/\/sit.com.mt\/es\/servicios\/grupos-de-interes-especial\/buceo\/#breadcrumb"},"inLanguage":"es","potentialAction":[{"@type":"ReadAction","target":["https:\/\/sit.com.mt\/es\/servicios\/grupos-de-interes-especial\/buceo\/"]}]},{"@type":"BreadcrumbList","@id":"https:\/\/sit.com.mt\/es\/servicios\/grupos-de-interes-especial\/buceo\/#breadcrumb","itemListElement":[{"@type":"ListItem","position":1,"name":"Home","item":"https:\/\/sit.com.mt\/es\/"},{"@type":"ListItem","position":2,"name":"Servicios","item":"https:\/\/sit.com.mt\/es\/servicios\/"},{"@type":"ListItem","position":3,"name":"Grupos de Inter\u00e9s Especial","item":"https:\/\/sit.com.mt\/es\/servicios\/grupos-de-interes-especial\/"},{"@type":"ListItem","position":4,"name":"Scuba Diving"}]},{"@type":"WebSite","@id":"https:\/\/sit.com.mt\/#website","url":"https:\/\/sit.com.mt\/","name":"SIT Malta","description":"Unique Travel Programs","publisher":{"@id":"https:\/\/sit.com.mt\/#organization"},"potentialAction":[{"@type":"SearchAction","target":{"@type":"EntryPoint","urlTemplate":"https:\/\/sit.com.mt\/?s={search_term_string}"},"query-input":{"@type":"PropertyValueSpecification","valueRequired":true,"valueName":"search_term_string"}}],"inLanguage":"es"},{"@type":"Organization","@id":"https:\/\/sit.com.mt\/#organization","name":"SIT Mailta","url":"https:\/\/sit.com.mt\/","logo":{"@type":"ImageObject","inLanguage":"es","@id":"https:\/\/sit.com.mt\/#\/schema\/logo\/image\/","url":"https:\/\/sit.com.mt\/wp-content\/uploads\/2020\/01\/main-logo-new.svg","contentUrl":"https:\/\/sit.com.mt\/wp-content\/uploads\/2020\/01\/main-logo-new.svg","width":1,"height":1,"caption":"SIT Mailta"},"image":{"@id":"https:\/\/sit.com.mt\/#\/schema\/logo\/image\/"}}]}},"_links":{"self":[{"href":"https:\/\/sit.com.mt\/es\/wp-json\/wp\/v2\/pages\/5694","targetHints":{"allow":["GET"]}}],"collection":[{"href":"https:\/\/sit.com.mt\/es\/wp-json\/wp\/v2\/pages"}],"about":[{"href":"https:\/\/sit.com.mt\/es\/wp-json\/wp\/v2\/types\/page"}],"author":[{"embeddable":true,"href":"https:\/\/sit.com.mt\/es\/wp-json\/wp\/v2\/users\/6"}],"replies":[{"embeddable":true,"href":"https:\/\/sit.com.mt\/es\/wp-json\/wp\/v2\/comments?post=5694"}],"version-history":[{"count":0,"href":"https:\/\/sit.com.mt\/es\/wp-json\/wp\/v2\/pages\/5694\/revisions"}],"up":[{"embeddable":true,"href":"https:\/\/sit.com.mt\/es\/wp-json\/wp\/v2\/pages\/5602"}],"wp:attachment":[{"href":"https:\/\/sit.com.mt\/es\/wp-json\/wp\/v2\/media?parent=5694"}],"wp:term":[{"taxonomy":"category","embeddable":true,"href":"https:\/\/sit.com.mt\/es\/wp-json\/wp\/v2\/categories?post=5694"}],"curies":[{"name":"wp","href":"https:\/\/api.w.org\/{rel}","templated":true}]}}