{"id":5708,"date":"2020-02-05T15:37:20","date_gmt":"2020-02-05T15:37:20","guid":{"rendered":"https:\/\/sit.com.mt\/special-interest-groups\/cruises\/"},"modified":"2021-02-20T10:26:23","modified_gmt":"2021-02-20T10:26:23","slug":"cruceros","status":"publish","type":"page","link":"https:\/\/sit.com.mt\/es\/servicios\/grupos-de-interes-especial\/cruceros\/","title":{"rendered":"Cruises"},"content":{"rendered":"<div class=\"landing-banner-block\">\n    <div class=\"landing-banner-wrap inline-bg-image lazyload\" style=\"background-image:inherit;\" data-bg-image=\"url(https:\/\/sit.com.mt\/wp-content\/uploads\/2020\/06\/Malta-Comino-1498526_1920-e1594728386255.jpg)\">\n        \n            <div class=\"content-box\" data-aos=\"fade-up\">\n                                    <h1 class=\"h1\">Cruceros<\/h1>\n                                                    <p class=\"para\">Todos los cruceros est\u00e1n especialmente dise\u00f1ados para aprovechar al m\u00e1ximo la inolvidable costa de Malta, sus aguas cristalinas y sus m\u00e1gicas vistas. La Valeta y las Tres Ciudades, con sus formidables fortificaciones, escarpados acantilados y las bah\u00edas apartadas alrededor de Malta, Gozo y Comino &#8230; todos se ven muy diferentes desde la cubierta. As\u00ed que s\u00fabase a un crucero por el puerto o tome un crucero por la isla m\u00e1s largo y experimente Malta desde un \u00e1ngulo diferente. \r\n<\/p>\n                            <\/div>\n            \n                    <\/div>\n        \n    <\/div>\n\n<div class=\"tsdb-block\">\n    <div class=\"tsdb-wrap grey-bg  no-bottom-padding\">\n            <div class=\"inner\">\n\n                                                    <h2 class=\"h2\" data-aos=\"fade-up\">Cruceros<\/h2>\n                \n                                \n                                                    <div class=\"para\" data-aos=\"fade-up\"><p>Tendr\u00e1 la oportunidad de capturar fotograf\u00edas incre\u00edbles y disfrutar de fant\u00e1sticas vistas de La Valeta y las Tres Ciudades vistas desde el nivel del mar. Todos van acompa\u00f1ados de un comentario detallado durante el crucero, ilumin\u00e1ndolo con los hechos importantes del Gran Asedio de 1565 y la Segunda Guerra Mundial, episodios que enriquecieron enormemente la belleza del Gran Puerto.<\/p>\n<\/div>\n                \n                                                \n                                    <span class=\"full-arrow is-bottom long\" data-aos=\"fade-down\"><\/span>\n                \n            <\/div>\n\n                    <\/div>\n    \n    <\/div>\n\n<div class=\"tab-title-desc-block\">\n    <div class=\"tab-title-desc-wrap\">\n    <div class=\"inner clearfix\">\n\n        <ul id=\"tabs-nav\" class=\"tabs-nav\" data-aos=\"fade-right\">\n                                            \n                <li>\n                    <a href=\"#tabs-content\" data-tab=\"#tab1\" class=\"tab-nav\">\n                        <span class=\"step-title\"> 1<\/span>\n                        <span class=\"tab-title\">CRUCERO POR LA BAHIA <\/span>\n                        <span class=\"full-arrow is-right no-margin shortest\"><\/span>\n                    <\/a>\n                <\/li>\n\n                            \n                <li>\n                    <a href=\"#tabs-content\" data-tab=\"#tab2\" class=\"tab-nav\">\n                        <span class=\"step-title\"> 2<\/span>\n                        <span class=\"tab-title\">CRUCERO POR LAS TRES CIUDADES<\/span>\n                        <span class=\"full-arrow is-right no-margin shortest\"><\/span>\n                    <\/a>\n                <\/li>\n\n                            \n                <li>\n                    <a href=\"#tabs-content\" data-tab=\"#tab3\" class=\"tab-nav\">\n                        <span class=\"step-title\"> 3<\/span>\n                        <span class=\"tab-title\">CRUCERO ALREDEDOR DE MALTA<\/span>\n                        <span class=\"full-arrow is-right no-margin shortest\"><\/span>\n                    <\/a>\n                <\/li>\n\n                            \n                <li>\n                    <a href=\"#tabs-content\" data-tab=\"#tab4\" class=\"tab-nav\">\n                        <span class=\"step-title\"> 4<\/span>\n                        <span class=\"tab-title\">CRUCERO POR LA LAGUNA AZUL Y COMINO<\/span>\n                        <span class=\"full-arrow is-right no-margin shortest\"><\/span>\n                    <\/a>\n                <\/li>\n\n                            \n                <li>\n                    <a href=\"#tabs-content\" data-tab=\"#tab5\" class=\"tab-nav\">\n                        <span class=\"step-title\"> 5<\/span>\n                        <span class=\"tab-title\">CRUCERO POR COMINO Y GOZO<\/span>\n                        <span class=\"full-arrow is-right no-margin shortest\"><\/span>\n                    <\/a>\n                <\/li>\n\n                            \n                <li>\n                    <a href=\"#tabs-content\" data-tab=\"#tab6\" class=\"tab-nav\">\n                        <span class=\"step-title\"> 6<\/span>\n                        <span class=\"tab-title\">CRUCERO AL ATARDECER<\/span>\n                        <span class=\"full-arrow is-right no-margin shortest\"><\/span>\n                    <\/a>\n                <\/li>\n\n                            <\/ul>\n\n        <div id=\"tabs-content\" class=\"tabs-content\" data-aos=\"fade-left\">\n                                                            \n                <div id=\"tab1\" class=\"para tab-content\">\n                    <p>Si desea saber m\u00e1s sobre el Gran Puerto de Malta, el Puerto de Marsamxetto y su historia, \u00a1este es el crucero para usted! Durante este crucero visitar\u00e1 ambos puertos y ver\u00e1 fortalezas hist\u00f3ricas, almenas y los diez arroyos del mar. Un comentario detallado sobre lo que est\u00e1 viendo estar\u00e1 en vivo durante todo el crucero.<\/p>\n                <\/div>\n\n                                            \n                <div id=\"tab2\" class=\"para tab-content\">\n                                    <\/div>\n\n                                            \n                <div id=\"tab3\" class=\"para tab-content\">\n                    <p>Esta memorable excursi\u00f3n de un d\u00eda completo le mostrar\u00e1 de qu\u00e9 se trata la costa de Malta. Comenzando y terminando en Sliema, el yate tendr\u00e1 una vista panor\u00e1mica de Malta mientras permanece cerca de la costa para echar un vistazo a los impresionantes acantilados y otras bellezas naturales. Luego se dirigir\u00e1 a Comino y atracar\u00e1 all\u00ed para que pueda explorar la isla, nadar y relajarse en su bah\u00eda.<\/p>\n                <\/div>\n\n                                            \n                <div id=\"tab4\" class=\"para tab-content\">\n                    <p>Si le apetece pasar el d\u00eda relaj\u00e1ndose, tomando el sol, nadando y buceando en las aguas cristalinas de la laguna azul, este es el crucero para usted. \u00a1Este crucero lo lleva directamente a Comino, donde puede hacer todo esto y m\u00e1s! El barco permanecer\u00e1 anclado en  la laguna azul y podr\u00e1 utilizar todas sus instalaciones, incluido el bar completamente abastecido.<\/p>\n                <\/div>\n\n                                            \n                <div id=\"tab5\" class=\"para tab-content\">\n                    <p>Este crucero lo llevar\u00e1 a explorar la costa norte de Malta, Gozo y Comino. Una vez que llegue a Gozo, desembarcar\u00e1 y experimentar\u00e1 un recorrido tur\u00edstico por la isla. Inmediatamente despu\u00e9s, abordar\u00e1 el bote nuevamente que zarpar\u00e1 hacia Comino y atracar\u00e1 en la Laguna Azul, donde podr\u00e1 pasar tiempo relaj\u00e1ndose, nadando, buceando y m\u00e1s en sus aguas cristalinas.<\/p>\n                <\/div>\n\n                                            \n                <div id=\"tab6\" class=\"para tab-content\">\n                    <p>\u00bfQu\u00e9 mejor manera de terminar el d\u00eda que experimentar un crucero al atardecer? Este crucero lo lleva a la isla de Comino, donde atraca en la Laguna Azul y le permite explorar la isla, nadar, hacer snorkel, bucear o simplemente relajarse en la playa mientras contempla la puesta de sol m\u00e1s impresionante hasta la fecha. Durante su estad\u00eda en Comino, a\u00fan tendr\u00e1 acceso al bote y todas sus instalaciones, incluido el bar, el ba\u00f1o, la ducha y m\u00e1s.<\/p>\n                <\/div>\n\n                            <\/div>\n    <\/div>\n<\/div><\/div>\n\n<div class=\"image-slider-block\">\n    <div class=\"image-slider-wrap\">\n\n    <div class=\"slider-container no-padding\" data-aos=\"fade-up\">\n        <div class=\"image-slider\">\n                <\/div>\n        <span class=\"prevBtn\" tabindex=\"1\">\n            <span class=\"full-arrow is-left short white\"><\/span>\n        <\/span>\n        <span class=\"nextBtn\" tabindex=\"1\">\n            <span class=\"full-arrow is-right short white\"><\/span>\n        <\/span>\n    <\/div>\n<\/div><\/div>\n\n<div class=\"tsdb-block\">\n    <div class=\"tsdb-wrap grey-bg includes-bg-text \">\n            <div class=\"inner\">\n\n                                \n                                \n                                                    <div class=\"para\" data-aos=\"fade-up\"><p>Planifiquemos la mejor experiencia para sus compa\u00f1eros, familia o personal. \u00a1Coloca tus velas, flota con la brisa y disfruta del verano de Malta con una diferencia!<\/p>\n<\/div>\n                \n                                                    <a href=\"\/contact\/\" class=\"button\" target=\"\" data-aos=\"fade-up\">CONT\u00c1CTENOS<\/a>\n                                \n                \n            <\/div>\n\n                            <div class=\"bg-text\" data-aos=\"fade-up\">Magical<\/div>\n                    <\/div>\n    \n    <\/div>\n\n<div class=\"image-desc-blocks-block\">\n    <div class=\"image-desc-blocks-wrap\">\n<\/div><\/div>\n\n\n<p><\/p>\n","protected":false},"excerpt":{"rendered":"","protected":false},"author":6,"featured_media":0,"parent":5602,"menu_order":0,"comment_status":"closed","ping_status":"closed","template":"","meta":{"footnotes":""},"categories":[],"class_list":["post-5708","page","type-page","status-publish","hentry"],"acf":[],"yoast_head":"<!-- This site is optimized with the Yoast SEO plugin v25.3 - https:\/\/yoast.com\/wordpress\/plugins\/seo\/ -->\n<title>Private Boat Charters &amp; Private Cruises Malta | SIT Malta<\/title>\n<meta name=\"description\" content=\"Try our Private Boat Charters and get on board of one of SIT cruises to experience the unforgettable coastline, Malta&#039;s clear blue waters and magical views.\" \/>\n<meta name=\"robots\" content=\"index, follow, max-snippet:-1, max-image-preview:large, max-video-preview:-1\" \/>\n<link rel=\"canonical\" href=\"https:\/\/sit.com.mt\/es\/servicios\/grupos-de-interes-especial\/cruceros\/\" \/>\n<meta property=\"og:locale\" content=\"es_ES\" \/>\n<meta property=\"og:type\" content=\"article\" \/>\n<meta property=\"og:title\" content=\"Private Boat Charters &amp; Private Cruises Malta | SIT Malta\" \/>\n<meta property=\"og:description\" content=\"Try our Private Boat Charters and get on board of one of SIT cruises to experience the unforgettable coastline, Malta&#039;s clear blue waters and magical views.\" \/>\n<meta property=\"og:url\" content=\"https:\/\/sit.com.mt\/es\/servicios\/grupos-de-interes-especial\/cruceros\/\" \/>\n<meta property=\"og:site_name\" content=\"SIT Malta\" \/>\n<meta property=\"article:modified_time\" content=\"2021-02-20T10:26:23+00:00\" \/>\n<meta name=\"twitter:card\" content=\"summary_large_image\" \/>\n<script type=\"application\/ld+json\" class=\"yoast-schema-graph\">{\"@context\":\"https:\/\/schema.org\",\"@graph\":[{\"@type\":\"WebPage\",\"@id\":\"https:\/\/sit.com.mt\/es\/servicios\/grupos-de-interes-especial\/cruceros\/\",\"url\":\"https:\/\/sit.com.mt\/es\/servicios\/grupos-de-interes-especial\/cruceros\/\",\"name\":\"Private Boat Charters & Private Cruises Malta | SIT Malta\",\"isPartOf\":{\"@id\":\"https:\/\/sit.com.mt\/#website\"},\"datePublished\":\"2020-02-05T15:37:20+00:00\",\"dateModified\":\"2021-02-20T10:26:23+00:00\",\"description\":\"Try our Private Boat Charters and get on board of one of SIT cruises to experience the unforgettable coastline, Malta's clear blue waters and magical views.\",\"breadcrumb\":{\"@id\":\"https:\/\/sit.com.mt\/es\/servicios\/grupos-de-interes-especial\/cruceros\/#breadcrumb\"},\"inLanguage\":\"es\",\"potentialAction\":[{\"@type\":\"ReadAction\",\"target\":[\"https:\/\/sit.com.mt\/es\/servicios\/grupos-de-interes-especial\/cruceros\/\"]}]},{\"@type\":\"BreadcrumbList\",\"@id\":\"https:\/\/sit.com.mt\/es\/servicios\/grupos-de-interes-especial\/cruceros\/#breadcrumb\",\"itemListElement\":[{\"@type\":\"ListItem\",\"position\":1,\"name\":\"Home\",\"item\":\"https:\/\/sit.com.mt\/es\/\"},{\"@type\":\"ListItem\",\"position\":2,\"name\":\"Servicios\",\"item\":\"https:\/\/sit.com.mt\/es\/servicios\/\"},{\"@type\":\"ListItem\",\"position\":3,\"name\":\"Grupos de Inter\u00e9s Especial\",\"item\":\"https:\/\/sit.com.mt\/es\/servicios\/grupos-de-interes-especial\/\"},{\"@type\":\"ListItem\",\"position\":4,\"name\":\"Cruises\"}]},{\"@type\":\"WebSite\",\"@id\":\"https:\/\/sit.com.mt\/#website\",\"url\":\"https:\/\/sit.com.mt\/\",\"name\":\"SIT Malta\",\"description\":\"Unique Travel Programs\",\"publisher\":{\"@id\":\"https:\/\/sit.com.mt\/#organization\"},\"potentialAction\":[{\"@type\":\"SearchAction\",\"target\":{\"@type\":\"EntryPoint\",\"urlTemplate\":\"https:\/\/sit.com.mt\/?s={search_term_string}\"},\"query-input\":{\"@type\":\"PropertyValueSpecification\",\"valueRequired\":true,\"valueName\":\"search_term_string\"}}],\"inLanguage\":\"es\"},{\"@type\":\"Organization\",\"@id\":\"https:\/\/sit.com.mt\/#organization\",\"name\":\"SIT Mailta\",\"url\":\"https:\/\/sit.com.mt\/\",\"logo\":{\"@type\":\"ImageObject\",\"inLanguage\":\"es\",\"@id\":\"https:\/\/sit.com.mt\/#\/schema\/logo\/image\/\",\"url\":\"https:\/\/sit.com.mt\/wp-content\/uploads\/2020\/01\/main-logo-new.svg\",\"contentUrl\":\"https:\/\/sit.com.mt\/wp-content\/uploads\/2020\/01\/main-logo-new.svg\",\"width\":1,\"height\":1,\"caption\":\"SIT Mailta\"},\"image\":{\"@id\":\"https:\/\/sit.com.mt\/#\/schema\/logo\/image\/\"}}]}<\/script>\n<!-- \/ Yoast SEO plugin. -->","yoast_head_json":{"title":"Private Boat Charters & Private Cruises Malta | SIT Malta","description":"Try our Private Boat Charters and get on board of one of SIT cruises to experience the unforgettable coastline, Malta's clear blue waters and magical views.","robots":{"index":"index","follow":"follow","max-snippet":"max-snippet:-1","max-image-preview":"max-image-preview:large","max-video-preview":"max-video-preview:-1"},"canonical":"https:\/\/sit.com.mt\/es\/servicios\/grupos-de-interes-especial\/cruceros\/","og_locale":"es_ES","og_type":"article","og_title":"Private Boat Charters & Private Cruises Malta | SIT Malta","og_description":"Try our Private Boat Charters and get on board of one of SIT cruises to experience the unforgettable coastline, Malta's clear blue waters and magical views.","og_url":"https:\/\/sit.com.mt\/es\/servicios\/grupos-de-interes-especial\/cruceros\/","og_site_name":"SIT Malta","article_modified_time":"2021-02-20T10:26:23+00:00","twitter_card":"summary_large_image","schema":{"@context":"https:\/\/schema.org","@graph":[{"@type":"WebPage","@id":"https:\/\/sit.com.mt\/es\/servicios\/grupos-de-interes-especial\/cruceros\/","url":"https:\/\/sit.com.mt\/es\/servicios\/grupos-de-interes-especial\/cruceros\/","name":"Private Boat Charters & Private Cruises Malta | SIT Malta","isPartOf":{"@id":"https:\/\/sit.com.mt\/#website"},"datePublished":"2020-02-05T15:37:20+00:00","dateModified":"2021-02-20T10:26:23+00:00","description":"Try our Private Boat Charters and get on board of one of SIT cruises to experience the unforgettable coastline, Malta's clear blue waters and magical views.","breadcrumb":{"@id":"https:\/\/sit.com.mt\/es\/servicios\/grupos-de-interes-especial\/cruceros\/#breadcrumb"},"inLanguage":"es","potentialAction":[{"@type":"ReadAction","target":["https:\/\/sit.com.mt\/es\/servicios\/grupos-de-interes-especial\/cruceros\/"]}]},{"@type":"BreadcrumbList","@id":"https:\/\/sit.com.mt\/es\/servicios\/grupos-de-interes-especial\/cruceros\/#breadcrumb","itemListElement":[{"@type":"ListItem","position":1,"name":"Home","item":"https:\/\/sit.com.mt\/es\/"},{"@type":"ListItem","position":2,"name":"Servicios","item":"https:\/\/sit.com.mt\/es\/servicios\/"},{"@type":"ListItem","position":3,"name":"Grupos de Inter\u00e9s Especial","item":"https:\/\/sit.com.mt\/es\/servicios\/grupos-de-interes-especial\/"},{"@type":"ListItem","position":4,"name":"Cruises"}]},{"@type":"WebSite","@id":"https:\/\/sit.com.mt\/#website","url":"https:\/\/sit.com.mt\/","name":"SIT Malta","description":"Unique Travel Programs","publisher":{"@id":"https:\/\/sit.com.mt\/#organization"},"potentialAction":[{"@type":"SearchAction","target":{"@type":"EntryPoint","urlTemplate":"https:\/\/sit.com.mt\/?s={search_term_string}"},"query-input":{"@type":"PropertyValueSpecification","valueRequired":true,"valueName":"search_term_string"}}],"inLanguage":"es"},{"@type":"Organization","@id":"https:\/\/sit.com.mt\/#organization","name":"SIT Mailta","url":"https:\/\/sit.com.mt\/","logo":{"@type":"ImageObject","inLanguage":"es","@id":"https:\/\/sit.com.mt\/#\/schema\/logo\/image\/","url":"https:\/\/sit.com.mt\/wp-content\/uploads\/2020\/01\/main-logo-new.svg","contentUrl":"https:\/\/sit.com.mt\/wp-content\/uploads\/2020\/01\/main-logo-new.svg","width":1,"height":1,"caption":"SIT Mailta"},"image":{"@id":"https:\/\/sit.com.mt\/#\/schema\/logo\/image\/"}}]}},"_links":{"self":[{"href":"https:\/\/sit.com.mt\/es\/wp-json\/wp\/v2\/pages\/5708","targetHints":{"allow":["GET"]}}],"collection":[{"href":"https:\/\/sit.com.mt\/es\/wp-json\/wp\/v2\/pages"}],"about":[{"href":"https:\/\/sit.com.mt\/es\/wp-json\/wp\/v2\/types\/page"}],"author":[{"embeddable":true,"href":"https:\/\/sit.com.mt\/es\/wp-json\/wp\/v2\/users\/6"}],"replies":[{"embeddable":true,"href":"https:\/\/sit.com.mt\/es\/wp-json\/wp\/v2\/comments?post=5708"}],"version-history":[{"count":0,"href":"https:\/\/sit.com.mt\/es\/wp-json\/wp\/v2\/pages\/5708\/revisions"}],"up":[{"embeddable":true,"href":"https:\/\/sit.com.mt\/es\/wp-json\/wp\/v2\/pages\/5602"}],"wp:attachment":[{"href":"https:\/\/sit.com.mt\/es\/wp-json\/wp\/v2\/media?parent=5708"}],"wp:term":[{"taxonomy":"category","embeddable":true,"href":"https:\/\/sit.com.mt\/es\/wp-json\/wp\/v2\/categories?post=5708"}],"curies":[{"name":"wp","href":"https:\/\/api.w.org\/{rel}","templated":true}]}}