{"id":5718,"date":"2020-02-03T14:08:45","date_gmt":"2020-02-03T14:08:45","guid":{"rendered":"https:\/\/sit.com.mt\/special-interest-groups\/agritourism-travel\/"},"modified":"2021-02-20T10:27:10","modified_gmt":"2021-02-20T10:27:10","slug":"viajes-agroturismo","status":"publish","type":"page","link":"https:\/\/sit.com.mt\/es\/servicios\/grupos-de-interes-especial\/viajes-agroturismo\/","title":{"rendered":"Agritourism Travel"},"content":{"rendered":"<div class=\"landing-banner-block\">\n    <div class=\"landing-banner-wrap inline-bg-image lazyload\" style=\"background-image:inherit;\" data-bg-image=\"url(https:\/\/sit.com.mt\/wp-content\/uploads\/2020\/02\/orange-tree.jpg)\">\n        \n            <div class=\"content-box\" data-aos=\"fade-up\">\n                                    <h1 class=\"h1\">Viajes de agroturismo<\/h1>\n                                                    <p class=\"para\">La agricultura maltesa se caracteriza por \u00e1reas comparativamente m\u00e1s peque\u00f1as, a diferencia de nuestros pa\u00edses vecinos del Mediterr\u00e1neo y Europa continental. Ha sido un factor distintivo en el desarrollo de la agricultura maltesa contempor\u00e1nea en combinaci\u00f3n con nuestro clima y suelos ricos en calcio.\r\n<\/p>\n                            <\/div>\n            \n                    <\/div>\n        \n    <\/div>\n\n<div class=\"tsdb-block\">\n    <div class=\"tsdb-wrap grey-bg  no-bottom-padding\">\n            <div class=\"inner\">\n\n                                \n                                \n                                                    <div class=\"para\" data-aos=\"fade-up\"><p>El agroturismo en Malta y Gozo sigue siendo un concepto nuevo. Sin embargo, dado que la gente est\u00e1 cada vez m\u00e1s interesada en c\u00f3mo se producen sus alimentos, el agroturismo tambi\u00e9n est\u00e1 ganando lentamente reconocimiento en Malta. Las granjas de agroturismo en Malta ofrecen diferentes tipos de recorridos tanto para adultos como para ni\u00f1os. Los ni\u00f1os que visitan las granjas pueden ver cerdos vivos, patos, \u00e1rboles frutales y mucho m\u00e1s que los fascinar\u00e1 y los mantendr\u00e1 ocupados. El objetivo de muchas granjas de agroturismo en Malta y Gozo es educar y promover el desarrollo rural sostenible y ofrecer experiencia pr\u00e1ctica, por lo que si no puede quedarse en una de estas granjas, visitarlas por un d\u00eda tambi\u00e9n es muy emocionante.<\/p>\n<\/div>\n                \n                                                \n                                    <span class=\"full-arrow is-bottom long\" data-aos=\"fade-down\"><\/span>\n                \n            <\/div>\n\n                    <\/div>\n    \n    <\/div>\n\n<div class=\"tab-title-desc-block\">\n    <div class=\"tab-title-desc-wrap\">\n    <div class=\"inner clearfix\">\n\n        <ul id=\"tabs-nav\" class=\"tabs-nav\" data-aos=\"fade-right\">\n                                            \n                <li>\n                    <a href=\"#tabs-content\" data-tab=\"#tab1\" class=\"tab-nav\">\n                        <span class=\"step-title\">Dia 1<\/span>\n                        <span class=\"tab-title\">LLEGADA CON ASISTENCIA<\/span>\n                        <span class=\"full-arrow is-right no-margin shortest\"><\/span>\n                    <\/a>\n                <\/li>\n\n                            \n                <li>\n                    <a href=\"#tabs-content\" data-tab=\"#tab2\" class=\"tab-nav\">\n                        <span class=\"step-title\">Dia 2<\/span>\n                        <span class=\"tab-title\">EXPERIENCIA EN GOZO \u2013 DIA COMPLETO<\/span>\n                        <span class=\"full-arrow is-right no-margin shortest\"><\/span>\n                    <\/a>\n                <\/li>\n\n                            \n                <li>\n                    <a href=\"#tabs-content\" data-tab=\"#tab3\" class=\"tab-nav\">\n                        <span class=\"step-title\">Dia 3<\/span>\n                        <span class=\"tab-title\">RETO RURAL EN MALTA<\/span>\n                        <span class=\"full-arrow is-right no-margin shortest\"><\/span>\n                    <\/a>\n                <\/li>\n\n                            \n                <li>\n                    <a href=\"#tabs-content\" data-tab=\"#tab4\" class=\"tab-nav\">\n                        <span class=\"step-title\">Dia 4<\/span>\n                        <span class=\"tab-title\">HUERTO DE FRUTAS TAS-SALUT<\/span>\n                        <span class=\"full-arrow is-right no-margin shortest\"><\/span>\n                    <\/a>\n                <\/li>\n\n                            <\/ul>\n\n        <div id=\"tabs-content\" class=\"tabs-content\" data-aos=\"fade-left\">\n                                                            \n                <div id=\"tab1\" class=\"para tab-content\">\n                    <p>A su llegada, tendr\u00e1 un recorrido de medio d\u00eda por el \u00abPatrimonio de la piedra caliza\u00bb, una antigua cantera convertida en una atracci\u00f3n tur\u00edstica. Durante esta visita, podr\u00e1 participar en diversas actividades de su elecci\u00f3n como  haciendo liomccello y escultura en piedra caliza.<\/p>\n                <\/div>\n\n                                            \n                <div id=\"tab2\" class=\"para tab-content\">\n                    <p>Esta experiencia de d\u00eda completo en Gozo seguramente lo mantendr\u00e1 impresionado con todo lo que esta isla tiene para ofrecer. Visitar\u00e1 las salinas de la isla y recorrer\u00e1 la finca Ta &#8216;Mena, que cuenta con un jard\u00edn de frutas, un olivar, un huerto de naranjos y vi\u00f1edos, todo mientras contempla las pintorescas vistas de Marsalforn, la ciudadela y sus alrededores.<\/p>\n                <\/div>\n\n                                            \n                <div id=\"tab3\" class=\"para tab-content\">\n                    <p>Pase el d\u00eda explorando el campo de Malta, conozca a los lugare\u00f1os y disfrute de delicias reci\u00e9n hechas en un viaje culinario fuera de lo com\u00fan. Adem\u00e1s, tambi\u00e9n experimentar\u00e1 la recolecci\u00f3n de sal marina, la recolecci\u00f3n de frutas o la elaboraciones manuales. \u00a1Una experiencia que no se puede perder!<\/p>\n                <\/div>\n\n                                            \n                <div id=\"tab4\" class=\"para tab-content\">\n                    <p>Este huerto familiar de frutas se encuentra en la parte norte de Malta. Aqu\u00ed, tendr\u00e1 la oportunidad de pasear entre \u00e1rboles frutales y degustar los jugos, mermeladas y conservas reci\u00e9n hechos.<br \/>\nSalida con asistencia. Planifiquemos la mejor experiencia para sus compa\u00f1eros, familia o personal. \u00a1Coloca tus velas, flota con la brisa y disfruta del verano de Malta con una diferencia!<\/p>\n                <\/div>\n\n                            <\/div>\n    <\/div>\n<\/div><\/div>\n\n<div class=\"image-slider-block\">\n    <div class=\"image-slider-wrap\">\n\n    <div class=\"slider-container no-padding\" data-aos=\"fade-up\">\n        <div class=\"image-slider\">\n                                    \n                                \n                    <div>\n                        <div class=\"img inline-bg-image lazyload\" role=\"img\" aria-label=\"Salt pans\" style=\"background-image:inherit;\" data-bg-image=\"url(https:\/\/sit.com.mt\/wp-content\/uploads\/2020\/02\/marsalforn-2643634_1920-min.jpg)\"><\/div>\n                    <\/div>\n\n                                        \n                            \n                                \n                    <div>\n                        <div class=\"img inline-bg-image lazyload\" role=\"img\" aria-label=\"Orange Trees At Maltese Gardens\" style=\"background-image:inherit;\" data-bg-image=\"url(https:\/\/sit.com.mt\/wp-content\/uploads\/2020\/02\/orange-tree.jpg)\"><\/div>\n                    <\/div>\n\n                                        \n                            \n                                \n                    <div>\n                        <div class=\"img inline-bg-image lazyload\" role=\"img\" aria-label=\"harvested grapes\" style=\"background-image:inherit;\" data-bg-image=\"url(https:\/\/sit.com.mt\/wp-content\/uploads\/2020\/02\/pxfuel.com-grapes-min-scaled.jpg)\"><\/div>\n                    <\/div>\n\n                                        \n                            \n                                \n                    <div>\n                        <div class=\"img inline-bg-image lazyload\" role=\"img\" aria-label=\"Olives\" style=\"background-image:inherit;\" data-bg-image=\"url(https:\/\/sit.com.mt\/wp-content\/uploads\/2020\/02\/pxfuel.com-olives-min-scaled.jpg)\"><\/div>\n                    <\/div>\n\n                                        \n                            \n                                \n                    <div>\n                        <div class=\"img inline-bg-image lazyload\" role=\"img\" aria-label=\"Chicken\" style=\"background-image:inherit;\" data-bg-image=\"url(https:\/\/sit.com.mt\/wp-content\/uploads\/2020\/02\/pxfuel.com-rooster-min-scaled.jpg)\"><\/div>\n                    <\/div>\n\n                                        \n                            \n                                \n                    <div>\n                        <div class=\"img inline-bg-image lazyload\" role=\"img\" aria-label=\"Bizzilla\" style=\"background-image:inherit;\" data-bg-image=\"url(https:\/\/sit.com.mt\/wp-content\/uploads\/2020\/02\/pxfuel.com-min-scaled.jpg)\"><\/div>\n                    <\/div>\n\n                                        \n                            <\/div>\n        <span class=\"prevBtn\" tabindex=\"1\">\n            <span class=\"full-arrow is-left short white\"><\/span>\n        <\/span>\n        <span class=\"nextBtn\" tabindex=\"1\">\n            <span class=\"full-arrow is-right short white\"><\/span>\n        <\/span>\n    <\/div>\n<\/div><\/div>\n\n<div class=\"tsdb-block\">\n    <div class=\"tsdb-wrap grey-bg includes-bg-text \">\n            <div class=\"inner\">\n\n                                \n                                \n                                                    <div class=\"para\" data-aos=\"fade-up\"><p>Si est\u00e1 planeando pasar sus vacaciones en Malta pero est\u00e1 buscando una experiencia un poco m\u00e1s org\u00e1nica, entonces una aventura con tem\u00e1tica de agroturismo podr\u00eda ser lo que necesita.<\/p>\n<\/div>\n                \n                                                    <a href=\"\/es\/contacto\/\" class=\"button\" target=\"\" data-aos=\"fade-up\">CONT\u00c1CTENOS<\/a>\n                                \n                \n            <\/div>\n\n                            <div class=\"bg-text\" data-aos=\"fade-up\">Rural<\/div>\n                    <\/div>\n    \n    <\/div>\n\n<div class=\"image-desc-blocks-block\">\n    <div class=\"image-desc-blocks-wrap\">\n                    <a href=\"\/es\/servicios\/grupos-de-interes-especial\/grupos-culturales\/\" class=\"link-wrap\" target=\"\">\n            <div class=\"img-desc-box\" data-aos=\"fade-up\" data-aos-offset=\"50\">\n\n                                <div class=\"img inline-bg-image lazyload\" role=\"img\" aria-label=\"Mdina Entrance\" style=\"background-image:inherit;\" data-bg-image=\"url(https:\/\/sit.com.mt\/wp-content\/uploads\/2020\/02\/mdina-gate.jpg)\"><\/div>\n\n                <div class=\"block-title\">\n                    <div class=\"title\">Cultural Tours<\/div>\n                <\/div>\n\n                <div class=\"block-content\">\n                    <div class=\"title\">Cultural Tours<\/div>\n                    \n                    <p class=\"para\">Discover the elegance and cultural heritage of Valletta, the emblematic seaside capital of Malta. Take a personalised tour of your must-see destinations.<\/p>\n                    \n                                            <span class=\"more-link\">Leer m\u00e1s<\/span>\n                                    <\/div>\n\n            <\/div>\n        <\/a>\n                    <a href=\"\/es\/servicios\/grupos-de-interes-especial\/recorridos-a-pie\/\" class=\"link-wrap\" target=\"\">\n            <div class=\"img-desc-box\" data-aos=\"fade-up\" data-aos-offset=\"50\">\n\n                                <div class=\"img inline-bg-image lazyload\" role=\"img\" aria-label=\"Feet walking\" style=\"background-image:inherit;\" data-bg-image=\"url(https:\/\/sit.com.mt\/wp-content\/uploads\/2020\/01\/fashion-footwear-grass-outdoors-631986-scaled.jpg)\"><\/div>\n\n                <div class=\"block-title\">\n                    <div class=\"title\">Walking Tours<\/div>\n                <\/div>\n\n                <div class=\"block-content\">\n                    <div class=\"title\">Walking Tours<\/div>\n                    \n                    <p class=\"para\">An in-depth walking tour of one of the most beautiful cities in Europe, Valletta, the capital of Malta.<\/p>\n                    \n                                            <span class=\"more-link\">Leer m\u00e1s<\/span>\n                                    <\/div>\n\n            <\/div>\n        <\/a>\n                    <a href=\"\/es\/servicios\/grupos-de-interes-especial\/rutas-gastronomicas-y-vinicolas\/\" class=\"link-wrap\" target=\"\">\n            <div class=\"img-desc-box\" data-aos=\"fade-up\" data-aos-offset=\"50\">\n\n                                <div class=\"img inline-bg-image lazyload\" role=\"img\" aria-label=\"Gozo Plater with maltese cheese\" style=\"background-image:inherit;\" data-bg-image=\"url(https:\/\/sit.com.mt\/wp-content\/uploads\/2020\/02\/Gozo-platter.jpg)\"><\/div>\n\n                <div class=\"block-title\">\n                    <div class=\"title\">Food &#038; Wine Tours<\/div>\n                <\/div>\n\n                <div class=\"block-content\">\n                    <div class=\"title\">Food &#038; Wine Tours<\/div>\n                    \n                    <p class=\"para\">Learn more about the history of the Maltese gastronomy and enjoy your senses with samples of Malta&#8217;s finest produce.<\/p>\n                    \n                                            <span class=\"more-link\">Leer m\u00e1s<\/span>\n                                    <\/div>\n\n            <\/div>\n        <\/a>\n    <\/div><\/div>","protected":false},"excerpt":{"rendered":"","protected":false},"author":6,"featured_media":0,"parent":5602,"menu_order":0,"comment_status":"closed","ping_status":"closed","template":"","meta":{"footnotes":""},"categories":[],"class_list":["post-5718","page","type-page","status-publish","hentry"],"acf":[],"yoast_head":"<!-- This site is optimized with the Yoast SEO plugin v25.3 - https:\/\/yoast.com\/wordpress\/plugins\/seo\/ -->\n<title>Agritourism Travel &amp; Sustainable Events in Malta | Special Interest Travel<\/title>\n<meta name=\"description\" content=\"Explore the Maltese rural lifestyle and experience the artisinal and traditional activities that are still present on the island.\" \/>\n<meta name=\"robots\" content=\"index, follow, max-snippet:-1, max-image-preview:large, max-video-preview:-1\" \/>\n<link rel=\"canonical\" href=\"https:\/\/sit.com.mt\/es\/servicios\/grupos-de-interes-especial\/viajes-agroturismo\/\" \/>\n<meta property=\"og:locale\" content=\"es_ES\" \/>\n<meta property=\"og:type\" content=\"article\" \/>\n<meta property=\"og:title\" content=\"Agritourism Travel &amp; Sustainable Events in Malta | Special Interest Travel\" \/>\n<meta property=\"og:description\" content=\"Explore the Maltese rural lifestyle and experience the artisinal and traditional activities that are still present on the island.\" \/>\n<meta property=\"og:url\" content=\"https:\/\/sit.com.mt\/es\/servicios\/grupos-de-interes-especial\/viajes-agroturismo\/\" \/>\n<meta property=\"og:site_name\" content=\"SIT Malta\" \/>\n<meta property=\"article:modified_time\" content=\"2021-02-20T10:27:10+00:00\" \/>\n<meta name=\"twitter:card\" content=\"summary_large_image\" \/>\n<script type=\"application\/ld+json\" class=\"yoast-schema-graph\">{\"@context\":\"https:\/\/schema.org\",\"@graph\":[{\"@type\":\"WebPage\",\"@id\":\"https:\/\/sit.com.mt\/es\/servicios\/grupos-de-interes-especial\/viajes-agroturismo\/\",\"url\":\"https:\/\/sit.com.mt\/es\/servicios\/grupos-de-interes-especial\/viajes-agroturismo\/\",\"name\":\"Agritourism Travel & Sustainable Events in Malta | Special Interest Travel\",\"isPartOf\":{\"@id\":\"https:\/\/sit.com.mt\/#website\"},\"datePublished\":\"2020-02-03T14:08:45+00:00\",\"dateModified\":\"2021-02-20T10:27:10+00:00\",\"description\":\"Explore the Maltese rural lifestyle and experience the artisinal and traditional activities that are still present on the island.\",\"breadcrumb\":{\"@id\":\"https:\/\/sit.com.mt\/es\/servicios\/grupos-de-interes-especial\/viajes-agroturismo\/#breadcrumb\"},\"inLanguage\":\"es\",\"potentialAction\":[{\"@type\":\"ReadAction\",\"target\":[\"https:\/\/sit.com.mt\/es\/servicios\/grupos-de-interes-especial\/viajes-agroturismo\/\"]}]},{\"@type\":\"BreadcrumbList\",\"@id\":\"https:\/\/sit.com.mt\/es\/servicios\/grupos-de-interes-especial\/viajes-agroturismo\/#breadcrumb\",\"itemListElement\":[{\"@type\":\"ListItem\",\"position\":1,\"name\":\"Home\",\"item\":\"https:\/\/sit.com.mt\/es\/\"},{\"@type\":\"ListItem\",\"position\":2,\"name\":\"Servicios\",\"item\":\"https:\/\/sit.com.mt\/es\/servicios\/\"},{\"@type\":\"ListItem\",\"position\":3,\"name\":\"Grupos de Inter\u00e9s Especial\",\"item\":\"https:\/\/sit.com.mt\/es\/servicios\/grupos-de-interes-especial\/\"},{\"@type\":\"ListItem\",\"position\":4,\"name\":\"Agritourism Travel\"}]},{\"@type\":\"WebSite\",\"@id\":\"https:\/\/sit.com.mt\/#website\",\"url\":\"https:\/\/sit.com.mt\/\",\"name\":\"SIT Malta\",\"description\":\"Unique Travel Programs\",\"publisher\":{\"@id\":\"https:\/\/sit.com.mt\/#organization\"},\"potentialAction\":[{\"@type\":\"SearchAction\",\"target\":{\"@type\":\"EntryPoint\",\"urlTemplate\":\"https:\/\/sit.com.mt\/?s={search_term_string}\"},\"query-input\":{\"@type\":\"PropertyValueSpecification\",\"valueRequired\":true,\"valueName\":\"search_term_string\"}}],\"inLanguage\":\"es\"},{\"@type\":\"Organization\",\"@id\":\"https:\/\/sit.com.mt\/#organization\",\"name\":\"SIT Mailta\",\"url\":\"https:\/\/sit.com.mt\/\",\"logo\":{\"@type\":\"ImageObject\",\"inLanguage\":\"es\",\"@id\":\"https:\/\/sit.com.mt\/#\/schema\/logo\/image\/\",\"url\":\"https:\/\/sit.com.mt\/wp-content\/uploads\/2020\/01\/main-logo-new.svg\",\"contentUrl\":\"https:\/\/sit.com.mt\/wp-content\/uploads\/2020\/01\/main-logo-new.svg\",\"width\":1,\"height\":1,\"caption\":\"SIT Mailta\"},\"image\":{\"@id\":\"https:\/\/sit.com.mt\/#\/schema\/logo\/image\/\"}}]}<\/script>\n<!-- \/ Yoast SEO plugin. -->","yoast_head_json":{"title":"Agritourism Travel & Sustainable Events in Malta | Special Interest Travel","description":"Explore the Maltese rural lifestyle and experience the artisinal and traditional activities that are still present on the island.","robots":{"index":"index","follow":"follow","max-snippet":"max-snippet:-1","max-image-preview":"max-image-preview:large","max-video-preview":"max-video-preview:-1"},"canonical":"https:\/\/sit.com.mt\/es\/servicios\/grupos-de-interes-especial\/viajes-agroturismo\/","og_locale":"es_ES","og_type":"article","og_title":"Agritourism Travel & Sustainable Events in Malta | Special Interest Travel","og_description":"Explore the Maltese rural lifestyle and experience the artisinal and traditional activities that are still present on the island.","og_url":"https:\/\/sit.com.mt\/es\/servicios\/grupos-de-interes-especial\/viajes-agroturismo\/","og_site_name":"SIT Malta","article_modified_time":"2021-02-20T10:27:10+00:00","twitter_card":"summary_large_image","schema":{"@context":"https:\/\/schema.org","@graph":[{"@type":"WebPage","@id":"https:\/\/sit.com.mt\/es\/servicios\/grupos-de-interes-especial\/viajes-agroturismo\/","url":"https:\/\/sit.com.mt\/es\/servicios\/grupos-de-interes-especial\/viajes-agroturismo\/","name":"Agritourism Travel & Sustainable Events in Malta | Special Interest Travel","isPartOf":{"@id":"https:\/\/sit.com.mt\/#website"},"datePublished":"2020-02-03T14:08:45+00:00","dateModified":"2021-02-20T10:27:10+00:00","description":"Explore the Maltese rural lifestyle and experience the artisinal and traditional activities that are still present on the island.","breadcrumb":{"@id":"https:\/\/sit.com.mt\/es\/servicios\/grupos-de-interes-especial\/viajes-agroturismo\/#breadcrumb"},"inLanguage":"es","potentialAction":[{"@type":"ReadAction","target":["https:\/\/sit.com.mt\/es\/servicios\/grupos-de-interes-especial\/viajes-agroturismo\/"]}]},{"@type":"BreadcrumbList","@id":"https:\/\/sit.com.mt\/es\/servicios\/grupos-de-interes-especial\/viajes-agroturismo\/#breadcrumb","itemListElement":[{"@type":"ListItem","position":1,"name":"Home","item":"https:\/\/sit.com.mt\/es\/"},{"@type":"ListItem","position":2,"name":"Servicios","item":"https:\/\/sit.com.mt\/es\/servicios\/"},{"@type":"ListItem","position":3,"name":"Grupos de Inter\u00e9s Especial","item":"https:\/\/sit.com.mt\/es\/servicios\/grupos-de-interes-especial\/"},{"@type":"ListItem","position":4,"name":"Agritourism Travel"}]},{"@type":"WebSite","@id":"https:\/\/sit.com.mt\/#website","url":"https:\/\/sit.com.mt\/","name":"SIT Malta","description":"Unique Travel Programs","publisher":{"@id":"https:\/\/sit.com.mt\/#organization"},"potentialAction":[{"@type":"SearchAction","target":{"@type":"EntryPoint","urlTemplate":"https:\/\/sit.com.mt\/?s={search_term_string}"},"query-input":{"@type":"PropertyValueSpecification","valueRequired":true,"valueName":"search_term_string"}}],"inLanguage":"es"},{"@type":"Organization","@id":"https:\/\/sit.com.mt\/#organization","name":"SIT Mailta","url":"https:\/\/sit.com.mt\/","logo":{"@type":"ImageObject","inLanguage":"es","@id":"https:\/\/sit.com.mt\/#\/schema\/logo\/image\/","url":"https:\/\/sit.com.mt\/wp-content\/uploads\/2020\/01\/main-logo-new.svg","contentUrl":"https:\/\/sit.com.mt\/wp-content\/uploads\/2020\/01\/main-logo-new.svg","width":1,"height":1,"caption":"SIT Mailta"},"image":{"@id":"https:\/\/sit.com.mt\/#\/schema\/logo\/image\/"}}]}},"_links":{"self":[{"href":"https:\/\/sit.com.mt\/es\/wp-json\/wp\/v2\/pages\/5718","targetHints":{"allow":["GET"]}}],"collection":[{"href":"https:\/\/sit.com.mt\/es\/wp-json\/wp\/v2\/pages"}],"about":[{"href":"https:\/\/sit.com.mt\/es\/wp-json\/wp\/v2\/types\/page"}],"author":[{"embeddable":true,"href":"https:\/\/sit.com.mt\/es\/wp-json\/wp\/v2\/users\/6"}],"replies":[{"embeddable":true,"href":"https:\/\/sit.com.mt\/es\/wp-json\/wp\/v2\/comments?post=5718"}],"version-history":[{"count":0,"href":"https:\/\/sit.com.mt\/es\/wp-json\/wp\/v2\/pages\/5718\/revisions"}],"up":[{"embeddable":true,"href":"https:\/\/sit.com.mt\/es\/wp-json\/wp\/v2\/pages\/5602"}],"wp:attachment":[{"href":"https:\/\/sit.com.mt\/es\/wp-json\/wp\/v2\/media?parent=5718"}],"wp:term":[{"taxonomy":"category","embeddable":true,"href":"https:\/\/sit.com.mt\/es\/wp-json\/wp\/v2\/categories?post=5718"}],"curies":[{"name":"wp","href":"https:\/\/api.w.org\/{rel}","templated":true}]}}