{"id":5734,"date":"2020-02-03T14:41:29","date_gmt":"2020-02-03T14:41:29","guid":{"rendered":"https:\/\/sit.com.mt\/special-interest-groups\/walking-tours\/"},"modified":"2021-02-22T10:04:15","modified_gmt":"2021-02-22T10:04:15","slug":"recorridos-a-pie","status":"publish","type":"page","link":"https:\/\/sit.com.mt\/es\/servicios\/grupos-de-interes-especial\/recorridos-a-pie\/","title":{"rendered":"Recorridos a Pie-Senderismo"},"content":{"rendered":"<div class=\"landing-banner-block\">\n    <div class=\"landing-banner-wrap inline-bg-image lazyload\" style=\"background-image:inherit;\" data-bg-image=\"url(https:\/\/sit.com.mt\/wp-content\/uploads\/2020\/06\/diogo-tavares-rcngqAAfYK0-unsplash-scaled-e1592561556944.jpg)\">\n        \n            <div class=\"content-box\" data-aos=\"fade-up\">\n                                    <h1 class=\"h1\">Recorridos a Pie-Senderismo<\/h1>\n                                                    <p class=\"para\">Las islas ofrecen algunas de las vistas m\u00e1s espectaculares del Mediterr\u00e1neo. Lo primero que debes hacer es determinar qu\u00e9 tipo de vista prefiere: acantilados dram\u00e1ticos que se sumergen en las olas, escarpados, matorrales o valles secretos y verdes. En el camino,  encontrar\u00e1s  antiguas ruinas prehist\u00f3ricas, capillas de cuevas y palacios desolados de los Caballeros.\r\n<\/p>\n                            <\/div>\n            \n                    <\/div>\n        \n    <\/div>\n\n<div class=\"tsdb-block\">\n    <div class=\"tsdb-wrap grey-bg  no-bottom-padding\">\n            <div class=\"inner\">\n\n                                \n                                \n                                                    <div class=\"para\" data-aos=\"fade-up\"><p>Desde mediados de noviembre hasta mediados de mayo, las islas maltesas son verdes y exuberantes. Los campos est\u00e1n repletos de verduras y los bordes de los caminos est\u00e1n alfombrados de hinojo, tr\u00e9bol, lirio silvestre y mirto. Cada caminata tiene una duraci\u00f3n moderada y la mayor\u00eda se puede extender o acortar para adaptarse a los gustos individuales, te llevan a trav\u00e9s de una variedad de paisajes y caracter\u00edsticas de inter\u00e9s hist\u00f3rico, ambiental y cultural, se describe en detalle y se acompa\u00f1a de un mapa claro y est\u00e1 respaldado por una secci\u00f3n de contexto que ofrece una descripci\u00f3n general de la historia, la geolog\u00eda, las plantas y la vida silvestre de Malta y Gozo para que puedas comprender y apreciar mejor las muchas caracter\u00edsticas fascinantes de su entorno y cultura.<\/p>\n<\/div>\n                \n                                                \n                                    <span class=\"full-arrow is-bottom long\" data-aos=\"fade-down\"><\/span>\n                \n            <\/div>\n\n                    <\/div>\n    \n    <\/div>\n\n<div class=\"tab-title-desc-block\">\n    <div class=\"tab-title-desc-wrap\">\n    <div class=\"inner clearfix\">\n\n        <ul id=\"tabs-nav\" class=\"tabs-nav\" data-aos=\"fade-right\">\n                                            \n                <li>\n                    <a href=\"#tabs-content\" data-tab=\"#tab1\" class=\"tab-nav\">\n                        <span class=\"step-title\">Dia 1<\/span>\n                        <span class=\"tab-title\">Llegada con Asistencia<\/span>\n                        <span class=\"full-arrow is-right no-margin shortest\"><\/span>\n                    <\/a>\n                <\/li>\n\n                            \n                <li>\n                    <a href=\"#tabs-content\" data-tab=\"#tab2\" class=\"tab-nav\">\n                        <span class=\"step-title\">Dia 2<\/span>\n                        <span class=\"tab-title\">Explora Malta<\/span>\n                        <span class=\"full-arrow is-right no-margin shortest\"><\/span>\n                    <\/a>\n                <\/li>\n\n                            \n                <li>\n                    <a href=\"#tabs-content\" data-tab=\"#tab3\" class=\"tab-nav\">\n                        <span class=\"step-title\">Dia 3<\/span>\n                        <span class=\"tab-title\">Explora Gozo<\/span>\n                        <span class=\"full-arrow is-right no-margin shortest\"><\/span>\n                    <\/a>\n                <\/li>\n\n                            \n                <li>\n                    <a href=\"#tabs-content\" data-tab=\"#tab4\" class=\"tab-nav\">\n                        <span class=\"step-title\">Dia 4<\/span>\n                        <span class=\"tab-title\">Opcional<\/span>\n                        <span class=\"full-arrow is-right no-margin shortest\"><\/span>\n                    <\/a>\n                <\/li>\n\n                            \n                <li>\n                    <a href=\"#tabs-content\" data-tab=\"#tab5\" class=\"tab-nav\">\n                        <span class=\"step-title\">Dia 5<\/span>\n                        <span class=\"tab-title\">Explora Comino<\/span>\n                        <span class=\"full-arrow is-right no-margin shortest\"><\/span>\n                    <\/a>\n                <\/li>\n\n                            \n                <li>\n                    <a href=\"#tabs-content\" data-tab=\"#tab6\" class=\"tab-nav\">\n                        <span class=\"step-title\">Dia 6<\/span>\n                        <span class=\"tab-title\">Regreso con Asistencia SIT<\/span>\n                        <span class=\"full-arrow is-right no-margin shortest\"><\/span>\n                    <\/a>\n                <\/li>\n\n                            <\/ul>\n\n        <div id=\"tabs-content\" class=\"tabs-content\" data-aos=\"fade-left\">\n                                                            \n                <div id=\"tab1\" class=\"para tab-content\">\n                    <p>Pon un pie en Malta y comienza disfrutando de un tour de medio d\u00eda en la capital de Malta, \u00abLa Valeta\u00bb, \u00abuna ciudad construida por caballeros para caballeros\u00bb. Aqu\u00ed visitar\u00e1s la concatedral de San Juan y ver\u00e1s la \u00abDecapitaci\u00f3n de San Juan Bautista\u00bb, pintada por Caravaggio. Tambi\u00e9n visitar\u00e1s el Palacio Magisterial y los Jardines Upper Barracca, donde podr\u00e1s disfrutar de una incre\u00edble vista panor\u00e1mica del Gran Puerto..<\/p>\n                <\/div>\n\n                                            \n                <div id=\"tab2\" class=\"para tab-content\">\n                    <p>Del\u00e9itate con una caminata impresionante que comienza en los majestuosos acantilados de Dingli, pasa por el campo de Fawwara y termina en el peque\u00f1o puerto de Wied iz-Zurrieq. Las vistas al mar seguramente ser\u00e1n una gran atracci\u00f3n durante tu caminata. Sum\u00e9rjete en el campo circundante mientras te maravillas con el mar Mediterr\u00e1neo.<\/p>\n                <\/div>\n\n                                            \n                <div id=\"tab3\" class=\"para tab-content\">\n                    <p>La ruta comienza en la ciudad costera norte de Marsalforn y serpentea hacia la ciudad suroriental de Mgarr. Admira el paisaje que se extiende desde la Ciudadela de Victoria hasta la bah\u00eda de Marsalforn. Visita la legendaria cueva Calypso. Toma un respiro en Ramla Bay y sum\u00e9rjete en la costa salvaje de Gozo.<\/p>\n                <\/div>\n\n                                            \n                <div id=\"tab4\" class=\"para tab-content\">\n                    <p>Tiempo libre con la adici\u00f3n opcional de visitas culturales, como una visita a la antigua capital de Malta, Mdina, o Limestone Heritage, una cantera convertida en atracci\u00f3n tur\u00edstica.<\/p>\n                <\/div>\n\n                                            \n                <div id=\"tab5\" class=\"para tab-content\">\n                    <p>Comino, la isla hermana m\u00e1s peque\u00f1a de Malta, tambi\u00e9n es un para\u00edso para caminar. Esta ruta circular a pie por la isla comienza y termina en la Laguna Azul y, mientras camina, puede observar los acantilados ind\u00f3mitos y oler las hierbas silvestres. Dado que se trata de un \u00e1rea altamente protegida de algo menos de 3 km\u00b2, tambi\u00e9n es un para\u00edso para las aves y la tranquilidad. \u00a1Realmente un gran paseo!<\/p>\n                <\/div>\n\n                                            \n                <div id=\"tab6\" class=\"para tab-content\">\n                    <p>Regreso con Asistencia SIT<\/p>\n                <\/div>\n\n                            <\/div>\n    <\/div>\n<\/div><\/div>\n\n<div class=\"image-slider-block\">\n    <div class=\"image-slider-wrap\">\n\n    <div class=\"slider-container no-padding\" data-aos=\"fade-up\">\n        <div class=\"image-slider\">\n                                    \n                                \n                    <div>\n                        <div class=\"img inline-bg-image lazyload\" role=\"img\" aria-label=\"Malta coast\" style=\"background-image:inherit;\" data-bg-image=\"url(https:\/\/sit.com.mt\/wp-content\/uploads\/2020\/02\/pikrepo.com-min-scaled.jpg)\"><\/div>\n                    <\/div>\n\n                                        \n                            \n                                \n                    <div>\n                        <div class=\"img inline-bg-image lazyload\" role=\"img\" aria-label=\"Walking Tour\" style=\"background-image:inherit;\" data-bg-image=\"url(https:\/\/sit.com.mt\/wp-content\/uploads\/2020\/02\/people-1988285_1920-min.jpg)\"><\/div>\n                    <\/div>\n\n                                        \n                            \n                                \n                    <div>\n                        <div class=\"img inline-bg-image lazyload\" role=\"img\" aria-label=\"Salvatur\" style=\"background-image:inherit;\" data-bg-image=\"url(https:\/\/sit.com.mt\/wp-content\/uploads\/2020\/02\/hill-3981177_1920-min.jpg)\"><\/div>\n                    <\/div>\n\n                                        \n                            \n                                \n                    <div>\n                        <div class=\"img inline-bg-image lazyload\" role=\"img\" aria-label=\"Hiking\" style=\"background-image:inherit;\" data-bg-image=\"url(https:\/\/sit.com.mt\/wp-content\/uploads\/2020\/02\/pxfuel.com-min-1-scaled.jpg)\"><\/div>\n                    <\/div>\n\n                                        \n                            \n                                \n                    <div>\n                        <div class=\"img inline-bg-image lazyload\" role=\"img\" aria-label=\"\" style=\"background-image:inherit;\" data-bg-image=\"url(https:\/\/sit.com.mt\/wp-content\/uploads\/2020\/07\/Cittadella-Gozo-scaled.jpg)\"><\/div>\n                    <\/div>\n\n                                        \n                            \n                                \n                    <div>\n                        <div class=\"img inline-bg-image lazyload\" role=\"img\" aria-label=\"\" style=\"background-image:inherit;\" data-bg-image=\"url(https:\/\/sit.com.mt\/wp-content\/uploads\/2020\/07\/luke-tanis-3QDrA2JLXk-unsplash-scaled.jpg)\"><\/div>\n                    <\/div>\n\n                                        \n                            <\/div>\n        <span class=\"prevBtn\" tabindex=\"1\">\n            <span class=\"full-arrow is-left short white\"><\/span>\n        <\/span>\n        <span class=\"nextBtn\" tabindex=\"1\">\n            <span class=\"full-arrow is-right short white\"><\/span>\n        <\/span>\n    <\/div>\n<\/div><\/div>\n\n<div class=\"tsdb-block\">\n    <div class=\"tsdb-wrap grey-bg includes-bg-text \">\n            <div class=\"inner\">\n\n                                \n                                \n                                                    <div class=\"para\" data-aos=\"fade-up\"><p>Si est\u00e1s planeando pasar sus vacaciones en Malta pero est\u00e1s buscando una experiencia un poco m\u00e1s org\u00e1nica, entonces una aventura con tem\u00e1tica de agroturismo podr\u00eda ser lo que necesitas.<\/p>\n<\/div>\n                \n                                                    <a href=\"\/es\/contacto\/\" class=\"button\" target=\"\" data-aos=\"fade-up\">CONT\u00c1CTANOS <\/a>\n                                \n                \n            <\/div>\n\n                            <div class=\"bg-text\" data-aos=\"fade-up\">Explora<\/div>\n                    <\/div>\n    \n    <\/div>\n\n<div class=\"image-desc-blocks-block\">\n    <div class=\"image-desc-blocks-wrap\">\n                    <a href=\"\/es\/servicios\/grupos-de-interes-especial\/viajes-agroturismo\/\" class=\"link-wrap\" target=\"\">\n            <div class=\"img-desc-box\" data-aos=\"fade-up\" data-aos-offset=\"50\">\n\n                                <div class=\"img inline-bg-image lazyload\" role=\"img\" aria-label=\"Orange Trees At Maltese Gardens\" style=\"background-image:inherit;\" data-bg-image=\"url(https:\/\/sit.com.mt\/wp-content\/uploads\/2020\/02\/orange-tree.jpg)\"><\/div>\n\n                <div class=\"block-title\">\n                    <div class=\"title\">Agroturismo<\/div>\n                <\/div>\n\n                <div class=\"block-content\">\n                    <div class=\"title\">Agroturismo<\/div>\n                    \n                    <p class=\"para\">Durante los recorridos, aprender\u00e1s de primera mano c\u00f3mo los agricultores malteses en el pasado y el presente han adaptado con \u00e9xito sus m\u00e9todos a estos desaf\u00edos espec\u00edficos para tener un producto de alta calidad.<\/p>\n                    \n                                            <span class=\"more-link\">Leer m\u00e1s<\/span>\n                                    <\/div>\n\n            <\/div>\n        <\/a>\n                    <a href=\"\/es\/servicios\/grupos-de-interes-especial\/buceo\/\" class=\"link-wrap\" target=\"\">\n            <div class=\"img-desc-box\" data-aos=\"fade-up\" data-aos-offset=\"50\">\n\n                                <div class=\"img inline-bg-image lazyload\" role=\"img\" aria-label=\"Diving\" style=\"background-image:inherit;\" data-bg-image=\"url(https:\/\/sit.com.mt\/wp-content\/uploads\/2020\/02\/cave-diving-palau-pacific-min.jpg)\"><\/div>\n\n                <div class=\"block-title\">\n                    <div class=\"title\">Buceo<\/div>\n                <\/div>\n\n                <div class=\"block-content\">\n                    <div class=\"title\">Buceo<\/div>\n                    \n                    <p class=\"para\">El buceo invernal en Malta proporciona el beneficio de que muchas especies de peces migren en tierra a aguas m\u00e1s poco profundas y ligeramente m\u00e1s c\u00e1lidas que no est\u00e1n amenazadas por los nadadores en esa \u00e9poca del a\u00f1o. Esto da a los buceadores una oportunidad mucho mayor para estudiar y fotografiar la vida marina.<\/p>\n                    \n                                            <span class=\"more-link\">Leer m\u00e1s<\/span>\n                                    <\/div>\n\n            <\/div>\n        <\/a>\n                    <a href=\"\/es\/servicios\/grupos-de-interes-especial\/cruceros\/\" class=\"link-wrap\" target=\"\">\n            <div class=\"img-desc-box\" data-aos=\"fade-up\" data-aos-offset=\"50\">\n\n                                <div class=\"img inline-bg-image lazyload\" role=\"img\" aria-label=\"\" style=\"background-image:inherit;\" data-bg-image=\"url(https:\/\/sit.com.mt\/wp-content\/uploads\/2020\/06\/Malta-Comino-1498526_1920-e1594728386255.jpg)\"><\/div>\n\n                <div class=\"block-title\">\n                    <div class=\"title\">Cruceros<\/div>\n                <\/div>\n\n                <div class=\"block-content\">\n                    <div class=\"title\">Cruceros<\/div>\n                    \n                    <p class=\"para\">Sum\u00e9rgete en el Mar Mediterr\u00e1neo Azul y nada con los peces. Debes salir del puerto para nadar y bucear en la Laguna Azul y la Laguna de Cristal despu\u00e9s de ayudar a la tripulaci\u00f3n con las velas, mientras que tambi\u00e9n exploras las cuevas de Comino.<\/p>\n                    \n                                            <span class=\"more-link\">Leer m\u00e1s<\/span>\n                                    <\/div>\n\n            <\/div>\n        <\/a>\n    <\/div><\/div>","protected":false},"excerpt":{"rendered":"","protected":false},"author":6,"featured_media":0,"parent":5602,"menu_order":0,"comment_status":"closed","ping_status":"closed","template":"","meta":{"footnotes":""},"categories":[],"class_list":["post-5734","page","type-page","status-publish","hentry"],"acf":[],"yoast_head":"<!-- This site is optimized with the Yoast SEO plugin v25.3 - https:\/\/yoast.com\/wordpress\/plugins\/seo\/ -->\n<title>Walking Tours, Trekking &amp; Hiking in Malta | Special Interest Travel<\/title>\n<meta name=\"description\" content=\"Surround yourself with Malta&#039;s countryside and enjoy breathtaking views that one can enjoy with our amazing Walking Tours taking place in Malta, Gozo &amp; Comino.\" \/>\n<meta name=\"robots\" content=\"index, follow, max-snippet:-1, max-image-preview:large, max-video-preview:-1\" \/>\n<link rel=\"canonical\" href=\"https:\/\/sit.com.mt\/es\/servicios\/grupos-de-interes-especial\/recorridos-a-pie\/\" \/>\n<meta property=\"og:locale\" content=\"es_ES\" \/>\n<meta property=\"og:type\" content=\"article\" \/>\n<meta property=\"og:title\" content=\"Walking Tours, Trekking &amp; Hiking in Malta | Special Interest Travel\" \/>\n<meta property=\"og:description\" content=\"Surround yourself with Malta&#039;s countryside and enjoy breathtaking views that one can enjoy with our amazing Walking Tours taking place in Malta, Gozo &amp; Comino.\" \/>\n<meta property=\"og:url\" content=\"https:\/\/sit.com.mt\/es\/servicios\/grupos-de-interes-especial\/recorridos-a-pie\/\" \/>\n<meta property=\"og:site_name\" content=\"SIT Malta\" \/>\n<meta property=\"article:modified_time\" content=\"2021-02-22T10:04:15+00:00\" \/>\n<meta name=\"twitter:card\" content=\"summary_large_image\" \/>\n<script type=\"application\/ld+json\" class=\"yoast-schema-graph\">{\"@context\":\"https:\/\/schema.org\",\"@graph\":[{\"@type\":\"WebPage\",\"@id\":\"https:\/\/sit.com.mt\/es\/servicios\/grupos-de-interes-especial\/recorridos-a-pie\/\",\"url\":\"https:\/\/sit.com.mt\/es\/servicios\/grupos-de-interes-especial\/recorridos-a-pie\/\",\"name\":\"Walking Tours, Trekking & Hiking in Malta | Special Interest Travel\",\"isPartOf\":{\"@id\":\"https:\/\/sit.com.mt\/#website\"},\"datePublished\":\"2020-02-03T14:41:29+00:00\",\"dateModified\":\"2021-02-22T10:04:15+00:00\",\"description\":\"Surround yourself with Malta's countryside and enjoy breathtaking views that one can enjoy with our amazing Walking Tours taking place in Malta, Gozo & Comino.\",\"breadcrumb\":{\"@id\":\"https:\/\/sit.com.mt\/es\/servicios\/grupos-de-interes-especial\/recorridos-a-pie\/#breadcrumb\"},\"inLanguage\":\"es\",\"potentialAction\":[{\"@type\":\"ReadAction\",\"target\":[\"https:\/\/sit.com.mt\/es\/servicios\/grupos-de-interes-especial\/recorridos-a-pie\/\"]}]},{\"@type\":\"BreadcrumbList\",\"@id\":\"https:\/\/sit.com.mt\/es\/servicios\/grupos-de-interes-especial\/recorridos-a-pie\/#breadcrumb\",\"itemListElement\":[{\"@type\":\"ListItem\",\"position\":1,\"name\":\"Home\",\"item\":\"https:\/\/sit.com.mt\/es\/\"},{\"@type\":\"ListItem\",\"position\":2,\"name\":\"Servicios\",\"item\":\"https:\/\/sit.com.mt\/es\/servicios\/\"},{\"@type\":\"ListItem\",\"position\":3,\"name\":\"Grupos de Inter\u00e9s Especial\",\"item\":\"https:\/\/sit.com.mt\/es\/servicios\/grupos-de-interes-especial\/\"},{\"@type\":\"ListItem\",\"position\":4,\"name\":\"Recorridos a Pie-Senderismo\"}]},{\"@type\":\"WebSite\",\"@id\":\"https:\/\/sit.com.mt\/#website\",\"url\":\"https:\/\/sit.com.mt\/\",\"name\":\"SIT Malta\",\"description\":\"Unique Travel Programs\",\"publisher\":{\"@id\":\"https:\/\/sit.com.mt\/#organization\"},\"potentialAction\":[{\"@type\":\"SearchAction\",\"target\":{\"@type\":\"EntryPoint\",\"urlTemplate\":\"https:\/\/sit.com.mt\/?s={search_term_string}\"},\"query-input\":{\"@type\":\"PropertyValueSpecification\",\"valueRequired\":true,\"valueName\":\"search_term_string\"}}],\"inLanguage\":\"es\"},{\"@type\":\"Organization\",\"@id\":\"https:\/\/sit.com.mt\/#organization\",\"name\":\"SIT Mailta\",\"url\":\"https:\/\/sit.com.mt\/\",\"logo\":{\"@type\":\"ImageObject\",\"inLanguage\":\"es\",\"@id\":\"https:\/\/sit.com.mt\/#\/schema\/logo\/image\/\",\"url\":\"https:\/\/sit.com.mt\/wp-content\/uploads\/2020\/01\/main-logo-new.svg\",\"contentUrl\":\"https:\/\/sit.com.mt\/wp-content\/uploads\/2020\/01\/main-logo-new.svg\",\"width\":1,\"height\":1,\"caption\":\"SIT Mailta\"},\"image\":{\"@id\":\"https:\/\/sit.com.mt\/#\/schema\/logo\/image\/\"}}]}<\/script>\n<!-- \/ Yoast SEO plugin. -->","yoast_head_json":{"title":"Walking Tours, Trekking & Hiking in Malta | Special Interest Travel","description":"Surround yourself with Malta's countryside and enjoy breathtaking views that one can enjoy with our amazing Walking Tours taking place in Malta, Gozo & Comino.","robots":{"index":"index","follow":"follow","max-snippet":"max-snippet:-1","max-image-preview":"max-image-preview:large","max-video-preview":"max-video-preview:-1"},"canonical":"https:\/\/sit.com.mt\/es\/servicios\/grupos-de-interes-especial\/recorridos-a-pie\/","og_locale":"es_ES","og_type":"article","og_title":"Walking Tours, Trekking & Hiking in Malta | Special Interest Travel","og_description":"Surround yourself with Malta's countryside and enjoy breathtaking views that one can enjoy with our amazing Walking Tours taking place in Malta, Gozo & Comino.","og_url":"https:\/\/sit.com.mt\/es\/servicios\/grupos-de-interes-especial\/recorridos-a-pie\/","og_site_name":"SIT Malta","article_modified_time":"2021-02-22T10:04:15+00:00","twitter_card":"summary_large_image","schema":{"@context":"https:\/\/schema.org","@graph":[{"@type":"WebPage","@id":"https:\/\/sit.com.mt\/es\/servicios\/grupos-de-interes-especial\/recorridos-a-pie\/","url":"https:\/\/sit.com.mt\/es\/servicios\/grupos-de-interes-especial\/recorridos-a-pie\/","name":"Walking Tours, Trekking & Hiking in Malta | Special Interest Travel","isPartOf":{"@id":"https:\/\/sit.com.mt\/#website"},"datePublished":"2020-02-03T14:41:29+00:00","dateModified":"2021-02-22T10:04:15+00:00","description":"Surround yourself with Malta's countryside and enjoy breathtaking views that one can enjoy with our amazing Walking Tours taking place in Malta, Gozo & Comino.","breadcrumb":{"@id":"https:\/\/sit.com.mt\/es\/servicios\/grupos-de-interes-especial\/recorridos-a-pie\/#breadcrumb"},"inLanguage":"es","potentialAction":[{"@type":"ReadAction","target":["https:\/\/sit.com.mt\/es\/servicios\/grupos-de-interes-especial\/recorridos-a-pie\/"]}]},{"@type":"BreadcrumbList","@id":"https:\/\/sit.com.mt\/es\/servicios\/grupos-de-interes-especial\/recorridos-a-pie\/#breadcrumb","itemListElement":[{"@type":"ListItem","position":1,"name":"Home","item":"https:\/\/sit.com.mt\/es\/"},{"@type":"ListItem","position":2,"name":"Servicios","item":"https:\/\/sit.com.mt\/es\/servicios\/"},{"@type":"ListItem","position":3,"name":"Grupos de Inter\u00e9s Especial","item":"https:\/\/sit.com.mt\/es\/servicios\/grupos-de-interes-especial\/"},{"@type":"ListItem","position":4,"name":"Recorridos a Pie-Senderismo"}]},{"@type":"WebSite","@id":"https:\/\/sit.com.mt\/#website","url":"https:\/\/sit.com.mt\/","name":"SIT Malta","description":"Unique Travel Programs","publisher":{"@id":"https:\/\/sit.com.mt\/#organization"},"potentialAction":[{"@type":"SearchAction","target":{"@type":"EntryPoint","urlTemplate":"https:\/\/sit.com.mt\/?s={search_term_string}"},"query-input":{"@type":"PropertyValueSpecification","valueRequired":true,"valueName":"search_term_string"}}],"inLanguage":"es"},{"@type":"Organization","@id":"https:\/\/sit.com.mt\/#organization","name":"SIT Mailta","url":"https:\/\/sit.com.mt\/","logo":{"@type":"ImageObject","inLanguage":"es","@id":"https:\/\/sit.com.mt\/#\/schema\/logo\/image\/","url":"https:\/\/sit.com.mt\/wp-content\/uploads\/2020\/01\/main-logo-new.svg","contentUrl":"https:\/\/sit.com.mt\/wp-content\/uploads\/2020\/01\/main-logo-new.svg","width":1,"height":1,"caption":"SIT Mailta"},"image":{"@id":"https:\/\/sit.com.mt\/#\/schema\/logo\/image\/"}}]}},"_links":{"self":[{"href":"https:\/\/sit.com.mt\/es\/wp-json\/wp\/v2\/pages\/5734","targetHints":{"allow":["GET"]}}],"collection":[{"href":"https:\/\/sit.com.mt\/es\/wp-json\/wp\/v2\/pages"}],"about":[{"href":"https:\/\/sit.com.mt\/es\/wp-json\/wp\/v2\/types\/page"}],"author":[{"embeddable":true,"href":"https:\/\/sit.com.mt\/es\/wp-json\/wp\/v2\/users\/6"}],"replies":[{"embeddable":true,"href":"https:\/\/sit.com.mt\/es\/wp-json\/wp\/v2\/comments?post=5734"}],"version-history":[{"count":0,"href":"https:\/\/sit.com.mt\/es\/wp-json\/wp\/v2\/pages\/5734\/revisions"}],"up":[{"embeddable":true,"href":"https:\/\/sit.com.mt\/es\/wp-json\/wp\/v2\/pages\/5602"}],"wp:attachment":[{"href":"https:\/\/sit.com.mt\/es\/wp-json\/wp\/v2\/media?parent=5734"}],"wp:term":[{"taxonomy":"category","embeddable":true,"href":"https:\/\/sit.com.mt\/es\/wp-json\/wp\/v2\/categories?post=5734"}],"curies":[{"name":"wp","href":"https:\/\/api.w.org\/{rel}","templated":true}]}}