{"id":5744,"date":"2020-01-08T10:28:21","date_gmt":"2020-01-08T10:28:21","guid":{"rendered":"https:\/\/sit.com.mt\/portfolio\/"},"modified":"2021-02-22T09:07:08","modified_gmt":"2021-02-22T09:07:08","slug":"portafolio","status":"publish","type":"page","link":"https:\/\/sit.com.mt\/es\/portafolio\/","title":{"rendered":"Portafolio"},"content":{"rendered":"<div class=\"landing-banner-block\">\n    <div class=\"landing-banner-wrap inline-bg-image lazyload\" style=\"background-image:inherit;\" data-bg-image=\"url(https:\/\/sit.com.mt\/wp-content\/uploads\/2020\/07\/74614091_1522323567907643_2912593550220722176_o.jpg)\">\n        \n            <div class=\"content-box\" data-aos=\"fade-up\">\n                                    <h1 class=\"h1\">Portafolio<\/h1>\n                                                    <p class=\"para\">Con m\u00e1s de 40 a\u00f1os en el negocio, nos consideramos expertos y nuestras historias de \u00e9xito hablan por s\u00ed solas.\r\n<\/p>\n                            <\/div>\n            \n                    <\/div>\n        \n    <\/div>\n\n<div class=\"portfolio-block\">\n    <div class=\"portfolio-wrap light-bg includes-bg-text\">\n    <div class=\"inner\">\n\n        \n        <ul id=\"filter-categories\" class=\"portfolio-category-tabs\" data-aos=\"fade-up\">\n            \n                <li data-filter=\"*\" id=\"show-all\" class=\"category-tab selected reciente-tab\">\n\n                    \n\n            <div class=\"cat-icon reciente\" style=\"background: linear-gradient(to right, #f98408, #ffec00);\">\n                <img decoding=\"async\" data-src=\"https:\/\/sit.com.mt\/wp-content\/uploads\/2019\/12\/time.svg\" alt=\"\" src=\"data:image\/gif;base64,R0lGODlhAQABAAAAACH5BAEKAAEALAAAAAABAAEAAAICTAEAOw==\" class=\"lazyload\" \/>\n            <\/div>\n\n            \n                    <div class=\"term-title\" style=\"color: #f98408\">Reciente<\/div>\n                <\/li>\n\n            \n                <li data-filter=\".viajes-grupales\" class=\"category-tab  viajes-grupales-tab\">\n\n                    \n\n            <div class=\"cat-icon viajes-grupales\" style=\"background: linear-gradient(to right, #68ab30, #b7cb1a);\">\n                <img decoding=\"async\" data-src=\"https:\/\/sit.com.mt\/wp-content\/uploads\/2020\/01\/group-travel.svg\" alt=\"\" src=\"data:image\/gif;base64,R0lGODlhAQABAAAAACH5BAEKAAEALAAAAAABAAEAAAICTAEAOw==\" class=\"lazyload\" \/>\n            <\/div>\n\n            \n                    <div class=\"term-title\" style=\"color: #68ab30\">Viajes Grupales<\/div>\n                <\/li>\n\n            \n                <li data-filter=\".incentivos\" class=\"category-tab  incentivos-tab\">\n\n                    \n\n            <div class=\"cat-icon incentivos\" style=\"background: linear-gradient(to right, #015dab, #009fea);\">\n                <img decoding=\"async\" data-src=\"https:\/\/sit.com.mt\/wp-content\/uploads\/2020\/01\/incentives.svg\" alt=\"\" src=\"data:image\/gif;base64,R0lGODlhAQABAAAAACH5BAEKAAEALAAAAAABAAEAAAICTAEAOw==\" class=\"lazyload\" \/>\n            <\/div>\n\n            \n                    <div class=\"term-title\" style=\"color: #015dab\">Incentivos<\/div>\n                <\/li>\n\n            \n                <li data-filter=\".conferencias\" class=\"category-tab  conferencias-tab\">\n\n                    \n\n            <div class=\"cat-icon conferencias\" style=\"background: linear-gradient(to right, #901816, #cb2b1c);\">\n                <img decoding=\"async\" data-src=\"https:\/\/sit.com.mt\/wp-content\/uploads\/2019\/12\/lamp.svg\" alt=\"\" src=\"data:image\/gif;base64,R0lGODlhAQABAAAAACH5BAEKAAEALAAAAAABAAEAAAICTAEAOw==\" class=\"lazyload\" \/>\n            <\/div>\n\n            \n                    <div class=\"term-title\" style=\"color: #901816\">Conferencias<\/div>\n                <\/li>\n\n                    <\/ul>\n\n        <div class=\"portfolio-page-links\">\n            \n            <a href=\"https:\/\/sit.com.mt\/es\/portafolio\/salt-post-covid-group\/\" class=\"portfolio-link  incentivos\">\n                <div class=\"portfolio inline-bg-image lazyload\" style=\"background-image:inherit;\" data-bg-image=\"url(https:\/\/sit.com.mt\/wp-content\/uploads\/2020\/11\/20201009_162157-scaled-e1630075692985.jpg)\">\n\n                    <div class=\"narrow-column\">\n                        <div class=\"v-align\">\n                            <div class=\"portfolio-title\">Grupo Post-Covid<\/div>\n                        <\/div>\n                    <\/div>\n\n                <\/div>\n            <\/a>\n\n            \n            <a href=\"https:\/\/sit.com.mt\/es\/portafolio\/byk-incentive-trip\/\" class=\"portfolio-link  incentivos reciente\">\n                <div class=\"portfolio inline-bg-image lazyload\" style=\"background-image:inherit;\" data-bg-image=\"url(https:\/\/sit.com.mt\/wp-content\/uploads\/2020\/08\/72113654_515779652593991_8674156126125686784_n.jpg)\">\n\n                    <div class=\"narrow-column\">\n                        <div class=\"v-align\">\n                            <div class=\"portfolio-title\">VIAJE DE INCENTIVO BYK<\/div>\n                        <\/div>\n                    <\/div>\n\n                <\/div>\n            <\/a>\n\n            \n            <a href=\"https:\/\/sit.com.mt\/es\/portafolio\/building-a-boat\/\" class=\"portfolio-link  incentivos\">\n                <div class=\"portfolio inline-bg-image lazyload\" style=\"background-image:inherit;\" data-bg-image=\"url(https:\/\/sit.com.mt\/wp-content\/uploads\/2020\/06\/teambuilding-malta.jpg)\">\n\n                    <div class=\"narrow-column\">\n                        <div class=\"v-align\">\n                            <div class=\"portfolio-title\">Construyendo un Barco<\/div>\n                        <\/div>\n                    <\/div>\n\n                <\/div>\n            <\/a>\n\n            \n            <a href=\"https:\/\/sit.com.mt\/es\/portafolio\/gala-dinner-by-the-sea\/\" class=\"portfolio-link  incentivos\">\n                <div class=\"portfolio inline-bg-image lazyload\" style=\"background-image:inherit;\" data-bg-image=\"url(https:\/\/sit.com.mt\/wp-content\/uploads\/2020\/07\/IMGP2487-scaled-e1594731913735.jpg)\">\n\n                    <div class=\"narrow-column\">\n                        <div class=\"v-align\">\n                            <div class=\"portfolio-title\">Cena de Gala Frente al Mar<\/div>\n                        <\/div>\n                    <\/div>\n\n                <\/div>\n            <\/a>\n\n            \n            <a href=\"https:\/\/sit.com.mt\/es\/portafolio\/maltese-presidency-of-the-eu-2\/\" class=\"portfolio-link  conferencias\">\n                <div class=\"portfolio inline-bg-image lazyload\" style=\"background-image:inherit;\" data-bg-image=\"url(https:\/\/sit.com.mt\/wp-content\/uploads\/2020\/06\/IMG_3191-1-1-scaled.jpg)\">\n\n                    <div class=\"narrow-column\">\n                        <div class=\"v-align\">\n                            <div class=\"portfolio-title\">Sesiones Grupales al Aire Libre (Breakout Rooms)<\/div>\n                        <\/div>\n                    <\/div>\n\n                <\/div>\n            <\/a>\n\n            \n            <a href=\"https:\/\/sit.com.mt\/es\/portafolio\/maltese-presidency-of-the-eu\/\" class=\"portfolio-link  conferencias\">\n                <div class=\"portfolio inline-bg-image lazyload\" style=\"background-image:inherit;\" data-bg-image=\"url(https:\/\/sit.com.mt\/wp-content\/uploads\/2021\/03\/517px-Logo_Maltese_EU_presidency_of_the_Council_of_the_European_Union_2017.svg-e1616440979391.png)\">\n\n                    <div class=\"narrow-column\">\n                        <div class=\"v-align\">\n                            <div class=\"portfolio-title\">PRESIDENCIA MALTESA DEL CONSEJO DE LA UE 2017<\/div>\n                        <\/div>\n                    <\/div>\n\n                <\/div>\n            <\/a>\n\n            \n            <a href=\"https:\/\/sit.com.mt\/es\/portafolio\/ceremonia-de-premiacion\/\" class=\"portfolio-link  incentivos\">\n                <div class=\"portfolio inline-bg-image lazyload\" style=\"background-image:inherit;\" data-bg-image=\"url(https:\/\/sit.com.mt\/wp-content\/uploads\/2020\/04\/wine-2373500_1920-min.jpg)\">\n\n                    <div class=\"narrow-column\">\n                        <div class=\"v-align\">\n                            <div class=\"portfolio-title\">Ceremonia de Premiaci\u00f3n<\/div>\n                        <\/div>\n                    <\/div>\n\n                <\/div>\n            <\/a>\n\n            \n            <a href=\"https:\/\/sit.com.mt\/es\/portafolio\/busqueda-del-tesoro-en-lanchas-rapidas\/\" class=\"portfolio-link  incentivos\">\n                <div class=\"portfolio inline-bg-image lazyload\" style=\"background-image:inherit;\" data-bg-image=\"url(https:\/\/sit.com.mt\/wp-content\/uploads\/2020\/04\/red-and-black-wooden-chest-on-white-sand-1252907-min-scaled.jpg)\">\n\n                    <div class=\"narrow-column\">\n                        <div class=\"v-align\">\n                            <div class=\"portfolio-title\">B\u00fasqueda Del Tesoro En Lanchas R\u00e1pidas<\/div>\n                        <\/div>\n                    <\/div>\n\n                <\/div>\n            <\/a>\n\n            \n            <a href=\"https:\/\/sit.com.mt\/es\/portafolio\/champan-sorpresa-a-bordo\/\" class=\"portfolio-link  incentivos\">\n                <div class=\"portfolio inline-bg-image lazyload\" style=\"background-image:inherit;\" data-bg-image=\"url(https:\/\/sit.com.mt\/wp-content\/uploads\/2020\/04\/drink-3615178_1920.jpg)\">\n\n                    <div class=\"narrow-column\">\n                        <div class=\"v-align\">\n                            <div class=\"portfolio-title\">Champ\u00e1n: Sorpresa A Bordo<\/div>\n                        <\/div>\n                    <\/div>\n\n                <\/div>\n            <\/a>\n\n            \n            <a href=\"https:\/\/sit.com.mt\/es\/portafolio\/russian-indian-pharmaceutical\/\" class=\"portfolio-link  viajes-grupales\">\n                <div class=\"portfolio inline-bg-image lazyload\" style=\"background-image:inherit;\" data-bg-image=\"url(https:\/\/sit.com.mt\/wp-content\/uploads\/2019\/12\/ass-1.png)\">\n\n                    <div class=\"narrow-column\">\n                        <div class=\"v-align\">\n                            <div class=\"portfolio-title\">Russian &amp; Indian Pharmaceutical<\/div>\n                        <\/div>\n                    <\/div>\n\n                <\/div>\n            <\/a>\n\n            \n            <a href=\"https:\/\/sit.com.mt\/es\/portafolio\/live-dental-surgery\/\" class=\"portfolio-link  conferencias\">\n                <div class=\"portfolio inline-bg-image lazyload\" style=\"background-image:inherit;\" data-bg-image=\"url(https:\/\/sit.com.mt\/wp-content\/uploads\/2020\/04\/dental-2450751_1280-min.jpg)\">\n\n                    <div class=\"narrow-column\">\n                        <div class=\"v-align\">\n                            <div class=\"portfolio-title\">Live Dental Surgery<\/div>\n                        <\/div>\n                    <\/div>\n\n                <\/div>\n            <\/a>\n\n                    <\/div>\n\n                                    <button id=\"load-more\" class=\"button load-more\">Cargar m\u00e1s<\/button>\n                    \n    <\/div>\n                        <div class=\"bg-text\" data-aos=\"fade-up\"> Inspiraci\u00f3n <\/div>\n            <\/div><\/div>\n\n<div class=\"tsdb-block nbp\">\n    <div class=\"tsdb-wrap white-bg  \">\n            <div class=\"inner\">\n\n                                                    <h2 class=\"h2\" data-aos=\"fade-up\">Descubre m\u00e1s<\/h2>\n                \n                                                    <h4 class=\"h4\" data-aos=\"fade-up\">Los eventos memorables no ocurren por casualidad. Resulta que son nuestro negocio.<\/h4>\n                \n                                \n                                                \n                                    <span class=\"full-arrow is-bottom long\" data-aos=\"fade-down\"><\/span>\n                \n            <\/div>\n\n                    <\/div>\n    \n    <\/div>\n\n<div class=\"image-desc-blocks-block\">\n    <div class=\"image-desc-blocks-wrap\">\n                    <a href=\"\/es\/servicios\/conferencias\/\" class=\"link-wrap\" target=\"\">\n            <div class=\"img-desc-box\" data-aos=\"fade-up\" data-aos-offset=\"50\">\n\n                                <div class=\"img inline-bg-image lazyload\" role=\"img\" aria-label=\"aluminum chairs in a conference room\" style=\"background-image:inherit;\" data-bg-image=\"url(https:\/\/sit.com.mt\/wp-content\/uploads\/2020\/01\/aluminum-chairs-conference-691485.png)\"><\/div>\n\n                <div class=\"block-title\">\n                    <div class=\"title\">Conferencias<\/div>\n                <\/div>\n\n                <div class=\"block-content\">\n                    <div class=\"title\">Conferencias<\/div>\n                    \n                    <p class=\"para\">Con 5 centros de conferencias espec\u00edficos en la isla, los lugares de conferencias de Malta tienen m\u00e1s que ofrecer que el agua mineral omnipresente, las mentas frescas y la luz del d\u00eda. <\/p>\n                    \n                                            <span class=\"more-link\">Leer m\u00e1s<\/span>\n                                    <\/div>\n\n            <\/div>\n        <\/a>\n                    <a href=\"\/es\/servicios\/incentivos\/\" class=\"link-wrap\" target=\"\">\n            <div class=\"img-desc-box\" data-aos=\"fade-up\" data-aos-offset=\"50\">\n\n                                <div class=\"img inline-bg-image lazyload\" role=\"img\" aria-label=\"People Gathers For Private Event In Valletta's Gardens\" style=\"background-image:inherit;\" data-bg-image=\"url(https:\/\/sit.com.mt\/wp-content\/uploads\/2019\/12\/corporate-event-malta.png)\"><\/div>\n\n                <div class=\"block-title\">\n                    <div class=\"title\">Incentivos<\/div>\n                <\/div>\n\n                <div class=\"block-content\">\n                    <div class=\"title\">Incentivos<\/div>\n                    \n                    <p class=\"para\">Para incentivos tan \u00fanicos como tu. Hacemos el trabajo, tu tienes la diversi\u00f3n.<\/p>\n                    \n                                            <span class=\"more-link\">Leer m\u00e1s<\/span>\n                                    <\/div>\n\n            <\/div>\n        <\/a>\n                    <a href=\"\/es\/servicios\/grupos-de-interes-especial\/\" class=\"link-wrap\" target=\"\">\n            <div class=\"img-desc-box\" data-aos=\"fade-up\" data-aos-offset=\"50\">\n\n                                <div class=\"img inline-bg-image lazyload\" role=\"img\" aria-label=\"\" style=\"background-image:inherit;\" data-bg-image=\"url(https:\/\/sit.com.mt\/wp-content\/uploads\/2020\/05\/mike-nahlii-qk10uRxzRTc-unsplash.jpg)\"><\/div>\n\n                <div class=\"block-title\">\n                    <div class=\"title\">Grupos de Inter\u00e9s Especial<\/div>\n                <\/div>\n\n                <div class=\"block-content\">\n                    <div class=\"title\">Grupos de Inter\u00e9s Especial<\/div>\n                    \n                    <p class=\"para\"><\/p>\n                    \n                                            <span class=\"more-link\">Leer m\u00e1s<\/span>\n                                    <\/div>\n\n            <\/div>\n        <\/a>\n    <\/div><\/div>","protected":false},"excerpt":{"rendered":"","protected":false},"author":6,"featured_media":0,"parent":0,"menu_order":0,"comment_status":"closed","ping_status":"closed","template":"","meta":{"footnotes":""},"categories":[],"class_list":["post-5744","page","type-page","status-publish","hentry"],"acf":[],"yoast_head":"<!-- This site is optimized with the Yoast SEO plugin v25.3 - https:\/\/yoast.com\/wordpress\/plugins\/seo\/ -->\n<title>Portafolio de Eventos | Special Interest Travel Malta<\/title>\n<meta name=\"description\" content=\"Memorable events don\u2019t just happen. They happen to be our business.\" \/>\n<meta name=\"robots\" content=\"index, follow, max-snippet:-1, max-image-preview:large, max-video-preview:-1\" \/>\n<link rel=\"canonical\" href=\"https:\/\/sit.com.mt\/es\/portafolio\/\" \/>\n<meta property=\"og:locale\" content=\"es_ES\" \/>\n<meta property=\"og:type\" content=\"article\" \/>\n<meta property=\"og:title\" content=\"Portafolio de Eventos | Special Interest Travel Malta\" \/>\n<meta property=\"og:description\" content=\"Memorable events don\u2019t just happen. They happen to be our business.\" \/>\n<meta property=\"og:url\" content=\"https:\/\/sit.com.mt\/es\/portafolio\/\" \/>\n<meta property=\"og:site_name\" content=\"SIT Malta\" \/>\n<meta property=\"article:modified_time\" content=\"2021-02-22T09:07:08+00:00\" \/>\n<meta name=\"twitter:card\" content=\"summary_large_image\" \/>\n<script type=\"application\/ld+json\" class=\"yoast-schema-graph\">{\"@context\":\"https:\/\/schema.org\",\"@graph\":[{\"@type\":\"WebPage\",\"@id\":\"https:\/\/sit.com.mt\/es\/portafolio\/\",\"url\":\"https:\/\/sit.com.mt\/es\/portafolio\/\",\"name\":\"Portafolio de Eventos | Special Interest Travel Malta\",\"isPartOf\":{\"@id\":\"https:\/\/sit.com.mt\/#website\"},\"datePublished\":\"2020-01-08T10:28:21+00:00\",\"dateModified\":\"2021-02-22T09:07:08+00:00\",\"description\":\"Memorable events don\u2019t just happen. They happen to be our business.\",\"breadcrumb\":{\"@id\":\"https:\/\/sit.com.mt\/es\/portafolio\/#breadcrumb\"},\"inLanguage\":\"es\",\"potentialAction\":[{\"@type\":\"ReadAction\",\"target\":[\"https:\/\/sit.com.mt\/es\/portafolio\/\"]}]},{\"@type\":\"BreadcrumbList\",\"@id\":\"https:\/\/sit.com.mt\/es\/portafolio\/#breadcrumb\",\"itemListElement\":[{\"@type\":\"ListItem\",\"position\":1,\"name\":\"Home\",\"item\":\"https:\/\/sit.com.mt\/es\/\"},{\"@type\":\"ListItem\",\"position\":2,\"name\":\"Portafolio\"}]},{\"@type\":\"WebSite\",\"@id\":\"https:\/\/sit.com.mt\/#website\",\"url\":\"https:\/\/sit.com.mt\/\",\"name\":\"SIT Malta\",\"description\":\"Unique Travel Programs\",\"publisher\":{\"@id\":\"https:\/\/sit.com.mt\/#organization\"},\"potentialAction\":[{\"@type\":\"SearchAction\",\"target\":{\"@type\":\"EntryPoint\",\"urlTemplate\":\"https:\/\/sit.com.mt\/?s={search_term_string}\"},\"query-input\":{\"@type\":\"PropertyValueSpecification\",\"valueRequired\":true,\"valueName\":\"search_term_string\"}}],\"inLanguage\":\"es\"},{\"@type\":\"Organization\",\"@id\":\"https:\/\/sit.com.mt\/#organization\",\"name\":\"SIT Mailta\",\"url\":\"https:\/\/sit.com.mt\/\",\"logo\":{\"@type\":\"ImageObject\",\"inLanguage\":\"es\",\"@id\":\"https:\/\/sit.com.mt\/#\/schema\/logo\/image\/\",\"url\":\"https:\/\/sit.com.mt\/wp-content\/uploads\/2020\/01\/main-logo-new.svg\",\"contentUrl\":\"https:\/\/sit.com.mt\/wp-content\/uploads\/2020\/01\/main-logo-new.svg\",\"width\":1,\"height\":1,\"caption\":\"SIT Mailta\"},\"image\":{\"@id\":\"https:\/\/sit.com.mt\/#\/schema\/logo\/image\/\"}}]}<\/script>\n<!-- \/ Yoast SEO plugin. -->","yoast_head_json":{"title":"Portafolio de Eventos | Special Interest Travel Malta","description":"Memorable events don\u2019t just happen. They happen to be our business.","robots":{"index":"index","follow":"follow","max-snippet":"max-snippet:-1","max-image-preview":"max-image-preview:large","max-video-preview":"max-video-preview:-1"},"canonical":"https:\/\/sit.com.mt\/es\/portafolio\/","og_locale":"es_ES","og_type":"article","og_title":"Portafolio de Eventos | Special Interest Travel Malta","og_description":"Memorable events don\u2019t just happen. They happen to be our business.","og_url":"https:\/\/sit.com.mt\/es\/portafolio\/","og_site_name":"SIT Malta","article_modified_time":"2021-02-22T09:07:08+00:00","twitter_card":"summary_large_image","schema":{"@context":"https:\/\/schema.org","@graph":[{"@type":"WebPage","@id":"https:\/\/sit.com.mt\/es\/portafolio\/","url":"https:\/\/sit.com.mt\/es\/portafolio\/","name":"Portafolio de Eventos | Special Interest Travel Malta","isPartOf":{"@id":"https:\/\/sit.com.mt\/#website"},"datePublished":"2020-01-08T10:28:21+00:00","dateModified":"2021-02-22T09:07:08+00:00","description":"Memorable events don\u2019t just happen. They happen to be our business.","breadcrumb":{"@id":"https:\/\/sit.com.mt\/es\/portafolio\/#breadcrumb"},"inLanguage":"es","potentialAction":[{"@type":"ReadAction","target":["https:\/\/sit.com.mt\/es\/portafolio\/"]}]},{"@type":"BreadcrumbList","@id":"https:\/\/sit.com.mt\/es\/portafolio\/#breadcrumb","itemListElement":[{"@type":"ListItem","position":1,"name":"Home","item":"https:\/\/sit.com.mt\/es\/"},{"@type":"ListItem","position":2,"name":"Portafolio"}]},{"@type":"WebSite","@id":"https:\/\/sit.com.mt\/#website","url":"https:\/\/sit.com.mt\/","name":"SIT Malta","description":"Unique Travel Programs","publisher":{"@id":"https:\/\/sit.com.mt\/#organization"},"potentialAction":[{"@type":"SearchAction","target":{"@type":"EntryPoint","urlTemplate":"https:\/\/sit.com.mt\/?s={search_term_string}"},"query-input":{"@type":"PropertyValueSpecification","valueRequired":true,"valueName":"search_term_string"}}],"inLanguage":"es"},{"@type":"Organization","@id":"https:\/\/sit.com.mt\/#organization","name":"SIT Mailta","url":"https:\/\/sit.com.mt\/","logo":{"@type":"ImageObject","inLanguage":"es","@id":"https:\/\/sit.com.mt\/#\/schema\/logo\/image\/","url":"https:\/\/sit.com.mt\/wp-content\/uploads\/2020\/01\/main-logo-new.svg","contentUrl":"https:\/\/sit.com.mt\/wp-content\/uploads\/2020\/01\/main-logo-new.svg","width":1,"height":1,"caption":"SIT Mailta"},"image":{"@id":"https:\/\/sit.com.mt\/#\/schema\/logo\/image\/"}}]}},"_links":{"self":[{"href":"https:\/\/sit.com.mt\/es\/wp-json\/wp\/v2\/pages\/5744","targetHints":{"allow":["GET"]}}],"collection":[{"href":"https:\/\/sit.com.mt\/es\/wp-json\/wp\/v2\/pages"}],"about":[{"href":"https:\/\/sit.com.mt\/es\/wp-json\/wp\/v2\/types\/page"}],"author":[{"embeddable":true,"href":"https:\/\/sit.com.mt\/es\/wp-json\/wp\/v2\/users\/6"}],"replies":[{"embeddable":true,"href":"https:\/\/sit.com.mt\/es\/wp-json\/wp\/v2\/comments?post=5744"}],"version-history":[{"count":0,"href":"https:\/\/sit.com.mt\/es\/wp-json\/wp\/v2\/pages\/5744\/revisions"}],"wp:attachment":[{"href":"https:\/\/sit.com.mt\/es\/wp-json\/wp\/v2\/media?parent=5744"}],"wp:term":[{"taxonomy":"category","embeddable":true,"href":"https:\/\/sit.com.mt\/es\/wp-json\/wp\/v2\/categories?post=5744"}],"curies":[{"name":"wp","href":"https:\/\/api.w.org\/{rel}","templated":true}]}}