{"id":5769,"date":"2020-01-09T13:25:19","date_gmt":"2020-01-09T13:25:19","guid":{"rendered":"https:\/\/sit.com.mt\/events\/"},"modified":"2021-10-31T08:59:00","modified_gmt":"2021-10-31T08:59:00","slug":"eventos","status":"publish","type":"page","link":"https:\/\/sit.com.mt\/es\/eventos\/","title":{"rendered":"Events"},"content":{"rendered":"<div class=\"events-banner-block\">\n    <div class=\"events-banner-wrap inline-bg-image lazyload\" style=\"background-image:inherit;\" data-bg-image=\"url(https:\/\/sit.com.mt\/wp-content\/uploads\/2020\/07\/Isle-of-MTV-2015-285-scaled-e1594734724740.jpg)\">\n        \n            <div class=\"content-box\" data-aos=\"fade-up\">\n              \n                <h1 class=\"h1\">Eventos<\/h1>\n\n                <form action=\"#\" class=\"form-inputs\">\n\n                    <label for=\"search_text\" class=\"search-text-label\">B\u00fasqueda por:<\/label>\n                    \n                    <input type=\"date\" class=\"search-date-field\" name=\"search_date\" placeholder=\"Fecha\" value=\"\" \/>\n\n                    <input id=\"search_text\" type=\"text\" name=\"search_text\" class=\"search-text-field\" placeholder=\"Palabras clave\/s\" value=\"\" \/>\n\n                    <button type=\"submit\" name=\"submit_events_search\" class=\"search-events-button\">\n                        \n                                                                                                                                                        <img decoding=\"async\" data-src=\"https:\/\/sit.com.mt\/wp-content\/uploads\/2019\/12\/search.svg\" class=\"icon lazyload\" alt=\"\" src=\"data:image\/gif;base64,R0lGODlhAQABAAAAACH5BAEKAAEALAAAAAABAAEAAAICTAEAOw==\" \/>\n                                                                                                        <\/button>\n\n                <\/form>\n\n            <\/div>\n            \n        <\/div>\n        \n    <\/div>\n\n<div class=\"categories-filter-block\">\n    <div class=\"categories-filter-wrap\">\n            <div class=\"inner\">\n\n                <ul class=\"categories-list\" data-aos=\"fade-up\" data-aos-offset=\"50\">\n\n                                    <li class=\"category selected\">\n                        <a href=\"https:\/\/sit.com.mt\/es\/wp-json\/wp\/v2\/pages\/5769\">All<\/a>\n                    <\/li>\n                                    <li class=\"category\">\n                        <a href=\"https:\/\/sit.com.mt\/es\/wp-json\/wp\/v2\/pages\/5769?cat=experiencias\">Experiencias<\/a>\n                    <\/li>\n                                    <li class=\"category\">\n                        <a href=\"https:\/\/sit.com.mt\/es\/wp-json\/wp\/v2\/pages\/5769?cat=ferias\">Ferias<\/a>\n                    <\/li>\n                                    <li class=\"category\">\n                        <a href=\"https:\/\/sit.com.mt\/es\/wp-json\/wp\/v2\/pages\/5769?cat=festivales-y-eventos\">Festivales y Eventos<\/a>\n                    <\/li>\n                                <\/ul>\n\n                <span class=\"full-arrow is-bottom jumbo\" data-aos=\"fade-down\"><\/span>\n\n            <\/div>\n        <\/div>\n    \n<\/div>\n\n<div class=\"recent-posts-block\">\n    <div class=\"recent-posts-wrap light-bg includes-bg-text\">\n            <div class=\"inner\">\n        \n                                    \n                    <div class=\"post-box\" data-aos=\"fade-up\">\n\n                        <a href=\"https:\/\/sit.com.mt\/es\/republic-day-malta\/\">\n                            <div class=\"post-img inline-bg-image lazyload\" style=\"background-image:inherit;\" data-bg-image=\"url(https:\/\/sit.com.mt\/wp-content\/uploads\/2021\/12\/republicdaymalta-e1652203757539.jpg)\">\n                                <div class=\"post-date\">\n                                    <div class=\"v-align\">\n                                        <div class=\"date\">13 December 2021<\/div>\n                                    <\/div>\n                                <\/div>\n                            <\/div>\n                        <\/a>\n\n                        <div class=\"post-content\">\n\n                            <a href=\"https:\/\/sit.com.mt\/es\/republic-day-malta\/\" class=\"link\">\n                                <div class=\"title\">Republic Day Malta<\/div>\n                            <\/a>\n                            <p class=\"para\">Today, December 13 is the Republic Day in Malta!<\/p>\n\n                            <a href=\"https:\/\/sit.com.mt\/es\/republic-day-malta\/\" class=\"read-more link\">Read more <span class=\"full-arrow is-right no-margin shortest\"><\/span><\/a>\n                            \n                            <div class=\"categories\"><\/div>\n\n                        <\/div>\n\n                    <\/div>\n\n                                    \n                    <div class=\"post-box\" data-aos=\"fade-up\">\n\n                        <a href=\"https:\/\/sit.com.mt\/es\/desde-el-30-de-noviembre-estare-en-ibtm-barcelona\/\">\n                            <div class=\"post-img inline-bg-image lazyload\" style=\"background-image:inherit;\" data-bg-image=\"url(https:\/\/sit.com.mt\/wp-content\/uploads\/2021\/11\/vamosIBTM.jpg)\">\n                                <div class=\"post-date\">\n                                    <div class=\"v-align\">\n                                        <div class=\"date\">30 November 2021<\/div>\n                                    <\/div>\n                                <\/div>\n                            <\/div>\n                        <\/a>\n\n                        <div class=\"post-content\">\n\n                            <a href=\"https:\/\/sit.com.mt\/es\/desde-el-30-de-noviembre-estare-en-ibtm-barcelona\/\" class=\"link\">\n                                <div class=\"title\">Desde el 30 de Noviembre SIT \u00abestar\u00e1 en IBTM, Barcelona!!!<\/div>\n                            <\/a>\n                            <p class=\"para\">Hablemos de Malta. Nos vemos en IBTM World 2021<\/p>\n\n                            <a href=\"https:\/\/sit.com.mt\/es\/desde-el-30-de-noviembre-estare-en-ibtm-barcelona\/\" class=\"read-more link\">Read more <span class=\"full-arrow is-right no-margin shortest\"><\/span><\/a>\n                            \n                            <div class=\"categories\"><\/div>\n\n                        <\/div>\n\n                    <\/div>\n\n                                    \n                    <div class=\"post-box\" data-aos=\"fade-up\">\n\n                        <a href=\"https:\/\/sit.com.mt\/es\/your-next-corporate-event-in-an-18th-century-palace\/\">\n                            <div class=\"post-img inline-bg-image lazyload\" style=\"background-image:inherit;\" data-bg-image=\"url(https:\/\/sit.com.mt\/wp-content\/uploads\/2021\/11\/IMG_1135-scaled.jpg)\">\n                                <div class=\"post-date\">\n                                    <div class=\"v-align\">\n                                        <div class=\"date\">23 October 2021<\/div>\n                                    <\/div>\n                                <\/div>\n                            <\/div>\n                        <\/a>\n\n                        <div class=\"post-content\">\n\n                            <a href=\"https:\/\/sit.com.mt\/es\/your-next-corporate-event-in-an-18th-century-palace\/\" class=\"link\">\n                                <div class=\"title\">Your next corporate event in an 18th century palace.<\/div>\n                            <\/a>\n                            <p class=\"para\">There is nothing like a Palace steeped in history to inspire and awaken creativity. Plan your next event with us! <\/p>\n\n                            <a href=\"https:\/\/sit.com.mt\/es\/your-next-corporate-event-in-an-18th-century-palace\/\" class=\"read-more link\">Read more <span class=\"full-arrow is-right no-margin shortest\"><\/span><\/a>\n                            \n                            <div class=\"categories\"> Experiencias<\/div>\n\n                        <\/div>\n\n                    <\/div>\n\n                \n            <\/div>\n            <div class=\"bg-text\" data-aos=\"fade-up\">Otros<\/div>\n        <\/div>\n    \n<\/div>\n\n<div class=\"show-all-posts-block\">\n    <div class=\"show-all-posts-wrap\">\n            <div class=\"inner\">\n\n                                    <h2 class=\"h2\">Eventos Masivos<\/h2>\n                \n                \n                \n                    <div class=\"pagination clearfix\">\n                        <span aria-current=\"page\" class=\"page-numbers current\">1<\/span>\n<a class=\"page-numbers\" href=\"https:\/\/sit.com.mt\/es\/wp-json\/wp\/v2\/pages\/5769\/page\/2\/\">2<\/a>\n<a class=\"page-numbers\" href=\"https:\/\/sit.com.mt\/es\/wp-json\/wp\/v2\/pages\/5769\/page\/3\/\">3<\/a>\n<a class=\"page-numbers\" href=\"https:\/\/sit.com.mt\/es\/wp-json\/wp\/v2\/pages\/5769\/page\/4\/\">4<\/a>\n<a class=\"page-numbers\" href=\"https:\/\/sit.com.mt\/es\/wp-json\/wp\/v2\/pages\/5769\/page\/5\/\">5<\/a>\n<span class=\"page-numbers dots\">&hellip;<\/span>\n<a class=\"page-numbers\" href=\"https:\/\/sit.com.mt\/es\/wp-json\/wp\/v2\/pages\/5769\/page\/10\/\">10<\/a>\n<a class=\"next page-numbers\" href=\"https:\/\/sit.com.mt\/es\/wp-json\/wp\/v2\/pages\/5769\/page\/2\/\">><\/a>                    <\/div>\n\n                \n            <\/div>\n        <\/div>\n    <\/div>","protected":false},"excerpt":{"rendered":"","protected":false},"author":6,"featured_media":0,"parent":0,"menu_order":0,"comment_status":"closed","ping_status":"closed","template":"","meta":{"footnotes":""},"categories":[],"class_list":["post-5769","page","type-page","status-publish","hentry"],"acf":[],"yoast_head":"<!-- This site is optimized with the Yoast SEO plugin v25.3 - https:\/\/yoast.com\/wordpress\/plugins\/seo\/ -->\n<title>Eventos en Malta 2021 | Special Interest Travel DMC<\/title>\n<meta name=\"description\" content=\"Malta alberga muchos eventos incre\u00edbles cada a\u00f1o. Festivales de m\u00fasica, festivales de fuegos artificiales, fiestas de pueblo, carnaval, celebraciones de semana santa, exposiciones, conciertos y muchos m\u00e1s.\" \/>\n<meta name=\"robots\" content=\"index, follow, max-snippet:-1, max-image-preview:large, max-video-preview:-1\" \/>\n<link rel=\"canonical\" href=\"https:\/\/sit.com.mt\/es\/eventos\/\" \/>\n<meta property=\"og:locale\" content=\"es_ES\" \/>\n<meta property=\"og:type\" content=\"article\" \/>\n<meta property=\"og:title\" content=\"Eventos en Malta 2021 | Special Interest Travel DMC\" \/>\n<meta property=\"og:description\" content=\"Malta alberga muchos eventos incre\u00edbles cada a\u00f1o. Festivales de m\u00fasica, festivales de fuegos artificiales, fiestas de pueblo, carnaval, celebraciones de semana santa, exposiciones, conciertos y muchos m\u00e1s.\" \/>\n<meta property=\"og:url\" content=\"https:\/\/sit.com.mt\/es\/eventos\/\" \/>\n<meta property=\"og:site_name\" content=\"SIT Malta\" \/>\n<meta property=\"article:modified_time\" content=\"2021-10-31T08:59:00+00:00\" \/>\n<meta name=\"twitter:card\" content=\"summary_large_image\" \/>\n<script type=\"application\/ld+json\" class=\"yoast-schema-graph\">{\"@context\":\"https:\/\/schema.org\",\"@graph\":[{\"@type\":\"WebPage\",\"@id\":\"https:\/\/sit.com.mt\/es\/eventos\/\",\"url\":\"https:\/\/sit.com.mt\/es\/eventos\/\",\"name\":\"Eventos en Malta 2021 | Special Interest Travel DMC\",\"isPartOf\":{\"@id\":\"https:\/\/sit.com.mt\/#website\"},\"datePublished\":\"2020-01-09T13:25:19+00:00\",\"dateModified\":\"2021-10-31T08:59:00+00:00\",\"description\":\"Malta alberga muchos eventos incre\u00edbles cada a\u00f1o. Festivales de m\u00fasica, festivales de fuegos artificiales, fiestas de pueblo, carnaval, celebraciones de semana santa, exposiciones, conciertos y muchos m\u00e1s.\",\"breadcrumb\":{\"@id\":\"https:\/\/sit.com.mt\/es\/eventos\/#breadcrumb\"},\"inLanguage\":\"es\",\"potentialAction\":[{\"@type\":\"ReadAction\",\"target\":[\"https:\/\/sit.com.mt\/es\/eventos\/\"]}]},{\"@type\":\"BreadcrumbList\",\"@id\":\"https:\/\/sit.com.mt\/es\/eventos\/#breadcrumb\",\"itemListElement\":[{\"@type\":\"ListItem\",\"position\":1,\"name\":\"Home\",\"item\":\"https:\/\/sit.com.mt\/es\/\"},{\"@type\":\"ListItem\",\"position\":2,\"name\":\"Events\"}]},{\"@type\":\"WebSite\",\"@id\":\"https:\/\/sit.com.mt\/#website\",\"url\":\"https:\/\/sit.com.mt\/\",\"name\":\"SIT Malta\",\"description\":\"Unique Travel Programs\",\"publisher\":{\"@id\":\"https:\/\/sit.com.mt\/#organization\"},\"potentialAction\":[{\"@type\":\"SearchAction\",\"target\":{\"@type\":\"EntryPoint\",\"urlTemplate\":\"https:\/\/sit.com.mt\/?s={search_term_string}\"},\"query-input\":{\"@type\":\"PropertyValueSpecification\",\"valueRequired\":true,\"valueName\":\"search_term_string\"}}],\"inLanguage\":\"es\"},{\"@type\":\"Organization\",\"@id\":\"https:\/\/sit.com.mt\/#organization\",\"name\":\"SIT Mailta\",\"url\":\"https:\/\/sit.com.mt\/\",\"logo\":{\"@type\":\"ImageObject\",\"inLanguage\":\"es\",\"@id\":\"https:\/\/sit.com.mt\/#\/schema\/logo\/image\/\",\"url\":\"https:\/\/sit.com.mt\/wp-content\/uploads\/2020\/01\/main-logo-new.svg\",\"contentUrl\":\"https:\/\/sit.com.mt\/wp-content\/uploads\/2020\/01\/main-logo-new.svg\",\"width\":1,\"height\":1,\"caption\":\"SIT Mailta\"},\"image\":{\"@id\":\"https:\/\/sit.com.mt\/#\/schema\/logo\/image\/\"}}]}<\/script>\n<!-- \/ Yoast SEO plugin. -->","yoast_head_json":{"title":"Eventos en Malta 2021 | Special Interest Travel DMC","description":"Malta alberga muchos eventos incre\u00edbles cada a\u00f1o. Festivales de m\u00fasica, festivales de fuegos artificiales, fiestas de pueblo, carnaval, celebraciones de semana santa, exposiciones, conciertos y muchos m\u00e1s.","robots":{"index":"index","follow":"follow","max-snippet":"max-snippet:-1","max-image-preview":"max-image-preview:large","max-video-preview":"max-video-preview:-1"},"canonical":"https:\/\/sit.com.mt\/es\/eventos\/","og_locale":"es_ES","og_type":"article","og_title":"Eventos en Malta 2021 | Special Interest Travel DMC","og_description":"Malta alberga muchos eventos incre\u00edbles cada a\u00f1o. Festivales de m\u00fasica, festivales de fuegos artificiales, fiestas de pueblo, carnaval, celebraciones de semana santa, exposiciones, conciertos y muchos m\u00e1s.","og_url":"https:\/\/sit.com.mt\/es\/eventos\/","og_site_name":"SIT Malta","article_modified_time":"2021-10-31T08:59:00+00:00","twitter_card":"summary_large_image","schema":{"@context":"https:\/\/schema.org","@graph":[{"@type":"WebPage","@id":"https:\/\/sit.com.mt\/es\/eventos\/","url":"https:\/\/sit.com.mt\/es\/eventos\/","name":"Eventos en Malta 2021 | Special Interest Travel DMC","isPartOf":{"@id":"https:\/\/sit.com.mt\/#website"},"datePublished":"2020-01-09T13:25:19+00:00","dateModified":"2021-10-31T08:59:00+00:00","description":"Malta alberga muchos eventos incre\u00edbles cada a\u00f1o. Festivales de m\u00fasica, festivales de fuegos artificiales, fiestas de pueblo, carnaval, celebraciones de semana santa, exposiciones, conciertos y muchos m\u00e1s.","breadcrumb":{"@id":"https:\/\/sit.com.mt\/es\/eventos\/#breadcrumb"},"inLanguage":"es","potentialAction":[{"@type":"ReadAction","target":["https:\/\/sit.com.mt\/es\/eventos\/"]}]},{"@type":"BreadcrumbList","@id":"https:\/\/sit.com.mt\/es\/eventos\/#breadcrumb","itemListElement":[{"@type":"ListItem","position":1,"name":"Home","item":"https:\/\/sit.com.mt\/es\/"},{"@type":"ListItem","position":2,"name":"Events"}]},{"@type":"WebSite","@id":"https:\/\/sit.com.mt\/#website","url":"https:\/\/sit.com.mt\/","name":"SIT Malta","description":"Unique Travel Programs","publisher":{"@id":"https:\/\/sit.com.mt\/#organization"},"potentialAction":[{"@type":"SearchAction","target":{"@type":"EntryPoint","urlTemplate":"https:\/\/sit.com.mt\/?s={search_term_string}"},"query-input":{"@type":"PropertyValueSpecification","valueRequired":true,"valueName":"search_term_string"}}],"inLanguage":"es"},{"@type":"Organization","@id":"https:\/\/sit.com.mt\/#organization","name":"SIT Mailta","url":"https:\/\/sit.com.mt\/","logo":{"@type":"ImageObject","inLanguage":"es","@id":"https:\/\/sit.com.mt\/#\/schema\/logo\/image\/","url":"https:\/\/sit.com.mt\/wp-content\/uploads\/2020\/01\/main-logo-new.svg","contentUrl":"https:\/\/sit.com.mt\/wp-content\/uploads\/2020\/01\/main-logo-new.svg","width":1,"height":1,"caption":"SIT Mailta"},"image":{"@id":"https:\/\/sit.com.mt\/#\/schema\/logo\/image\/"}}]}},"_links":{"self":[{"href":"https:\/\/sit.com.mt\/es\/wp-json\/wp\/v2\/pages\/5769","targetHints":{"allow":["GET"]}}],"collection":[{"href":"https:\/\/sit.com.mt\/es\/wp-json\/wp\/v2\/pages"}],"about":[{"href":"https:\/\/sit.com.mt\/es\/wp-json\/wp\/v2\/types\/page"}],"author":[{"embeddable":true,"href":"https:\/\/sit.com.mt\/es\/wp-json\/wp\/v2\/users\/6"}],"replies":[{"embeddable":true,"href":"https:\/\/sit.com.mt\/es\/wp-json\/wp\/v2\/comments?post=5769"}],"version-history":[{"count":1,"href":"https:\/\/sit.com.mt\/es\/wp-json\/wp\/v2\/pages\/5769\/revisions"}],"predecessor-version":[{"id":8430,"href":"https:\/\/sit.com.mt\/es\/wp-json\/wp\/v2\/pages\/5769\/revisions\/8430"}],"wp:attachment":[{"href":"https:\/\/sit.com.mt\/es\/wp-json\/wp\/v2\/media?parent=5769"}],"wp:term":[{"taxonomy":"category","embeddable":true,"href":"https:\/\/sit.com.mt\/es\/wp-json\/wp\/v2\/categories?post=5769"}],"curies":[{"name":"wp","href":"https:\/\/api.w.org\/{rel}","templated":true}]}}