{"id":5825,"date":"2020-01-15T13:54:49","date_gmt":"2020-01-15T13:54:49","guid":{"rendered":"https:\/\/sit.com.mt\/portfolio\/speedboat-treasure-hunt\/"},"modified":"2021-03-30T06:38:20","modified_gmt":"2021-03-30T06:38:20","slug":"busqueda-del-tesoro-en-lanchas-rapidas","status":"publish","type":"page","link":"https:\/\/sit.com.mt\/es\/portafolio\/busqueda-del-tesoro-en-lanchas-rapidas\/","title":{"rendered":"B\u00fasqueda Del Tesoro En Lanchas R\u00e1pidas"},"content":{"rendered":"<div class=\"landing-banner-block\">\n    <div class=\"landing-banner-wrap inline-bg-image lazyload\" style=\"background-image:inherit;\" data-bg-image=\"url(https:\/\/sit.com.mt\/wp-content\/uploads\/2020\/04\/red-and-black-wooden-chest-on-white-sand-1252907-min-scaled.jpg)\">\n        \n            <div class=\"content-box\" data-aos=\"fade-up\">\n                <div class=\"v-align\">                    <h1 class=\"h1\">B\u00fasqueda Del Tesoro En Lanchas R\u00e1pidas<\/h1>\n                <\/div>                            <\/div>\n            \n                    <\/div>\n        \n    <\/div>\n\n<div class=\"portfolio-details-block\">\n    <div class=\"portfolio-details-wrap\">\n    <div class=\"inner\">\n                    \n                <div class=\"portfolio-detail\" data-aos=\"fade-up\" data-aos-offset=\"50\">\n\n                                                                <img decoding=\"async\" data-src=\"https:\/\/sit.com.mt\/wp-content\/uploads\/2020\/01\/flag.svg\" class=\"icon lazyload\" alt=\"\" src=\"data:image\/gif;base64,R0lGODlhAQABAAAAACH5BAEKAAEALAAAAAABAAEAAAICTAEAOw==\" \/>\n                    \n                    <div class=\"type\">INDUSTRIA<\/div>\n                    <h3 class=\"data\">Formaci\u00f3n de equipos de trabajo ( Team building)<\/h3>\n                    <p class=\"para\"><\/p>\n\n                <\/div>\n            \n                <div class=\"portfolio-detail\" data-aos=\"fade-up\" data-aos-offset=\"50\">\n\n                                                                <img decoding=\"async\" data-src=\"https:\/\/sit.com.mt\/wp-content\/uploads\/2020\/01\/team.svg\" class=\"icon lazyload\" alt=\"\" src=\"data:image\/gif;base64,R0lGODlhAQABAAAAACH5BAEKAAEALAAAAAABAAEAAAICTAEAOw==\" \/>\n                    \n                    <div class=\"type\">ASISTENCIA<\/div>\n                    <h3 class=\"data\">140 personas<\/h3>\n                    <p class=\"para\">a bordo de 24 lanchas r\u00e1pidas.\r\n<\/p>\n\n                <\/div>\n                        <\/div>\n<\/div><\/div>\n\n<div class=\"portfolio-info-block\">\n    <div class=\"portfolio-info-wrap dark-bg\">\n    <div class=\"inner\">\n                    \n                <div class=\"portfolio-info\" data-aos=\"fade-up\">\n\n                    <h3 class=\"title\">EL RETO<\/h3>\n\n                                                                <img decoding=\"async\" data-src=\"https:\/\/sit.com.mt\/wp-content\/uploads\/2020\/01\/tiny-logo.svg\" class=\"icon lazyload\" alt=\"\" src=\"data:image\/gif;base64,R0lGODlhAQABAAAAACH5BAEKAAEALAAAAAABAAEAAAICTAEAOw==\" \/>\n                    \n                    <div class=\"para\"><p>Rotar 24 lanchas r\u00e1pidas entre 6 ubicaciones y calcular el tiempo para que los equipos completaran una actividad en cada ubicaci\u00f3n, la mayor preocupaci\u00f3n era que un equipo llegara a la actividad fuera de su horario y tuviera que esperar para participar (Odiamos dejar delegados esperando cualquier cosa!). El otro desaf\u00edo principal que tuvimos que considerar fue la seguridad. Con nuestros clientes entrando y saliendo de las lanchas r\u00e1pidas y pasando el d\u00eda bajo el sol, \u00a1quer\u00edamos asegurarnos de no tener ning\u00fan accidente!<\/p>\n<\/div>\n\n                                                        <\/div>\n\n            \n                <div class=\"portfolio-info\" data-aos=\"fade-up\">\n\n                    <h3 class=\"title\">NUESTRA SOLUCI\u00d3N<\/h3>\n\n                                                                <img decoding=\"async\" data-src=\"https:\/\/sit.com.mt\/wp-content\/uploads\/2020\/01\/tiny-logo.svg\" class=\"icon lazyload\" alt=\"\" src=\"data:image\/gif;base64,R0lGODlhAQABAAAAACH5BAEKAAEALAAAAAABAAEAAAICTAEAOw==\" \/>\n                    \n                    <div class=\"para\"><p>La log\u00edstica de los tiempos fue la m\u00e1s f\u00e1cil de resolver. Tuvimos 24 capitanes de lanchas r\u00e1pidas involucrados en cada reuni\u00f3n en el lugar. Su experiencia en velocidad del viento, oleaje y potencia del motor nos ayud\u00f3 a planificar los tiempos a la perfecci\u00f3n. Por cuestiones de seguridad, incorporamos a nuestro confiable Asesor de Riesgos. Con su gu\u00eda, agregamos socorristas y proporcionamos a todos los delegados zapatos antideslizantes, sombreros para el sol y un suministro de agua fr\u00eda durante la actividad.<\/p>\n<\/div>\n\n                                                        <\/div>\n\n            \n                <div class=\"portfolio-info\" data-aos=\"fade-up\">\n\n                    <h3 class=\"title\">EL RESULTADO<\/h3>\n\n                                                                <img decoding=\"async\" data-src=\"https:\/\/sit.com.mt\/wp-content\/uploads\/2020\/01\/tiny-logo.svg\" class=\"icon lazyload\" alt=\"\" src=\"data:image\/gif;base64,R0lGODlhAQABAAAAACH5BAEKAAEALAAAAAABAAEAAAICTAEAOw==\" \/>\n                    \n                    <div class=\"para\"><p>\u00a1Un d\u00eda lleno de adrenalina que transcurri\u00f3 como un reloj! Los comentarios de los delegados fueron incre\u00edbles e incluso obtuvimos un agradecimiento especial del propio gran jefe despu\u00e9s del evento.<\/p>\n<\/div>\n\n                                                        <\/div>\n\n                        <\/div>\n<\/div><\/div>\n\n<div class=\"image-slider-block\">\n    <div class=\"image-slider-wrap\">\n\n    <div class=\"slider-container no-padding\" data-aos=\"fade-up\">\n        <div class=\"image-slider\">\n                                    \n                                \n                    <div>\n                        <div class=\"img inline-bg-image lazyload\" role=\"img\" aria-label=\"speed boat\" style=\"background-image:inherit;\" data-bg-image=\"url(https:\/\/sit.com.mt\/wp-content\/uploads\/2020\/04\/cruise-3604783_1920-min.jpg)\"><\/div>\n                    <\/div>\n\n                                        \n                            \n                                \n                    <div>\n                        <div class=\"img inline-bg-image lazyload\" role=\"img\" aria-label=\"boat\" style=\"background-image:inherit;\" data-bg-image=\"url(https:\/\/sit.com.mt\/wp-content\/uploads\/2020\/04\/photo-of-speed-boat-on-sea-3274984-min-scaled.jpg)\"><\/div>\n                    <\/div>\n\n                                        \n                            \n                                \n                    <div>\n                        <div class=\"img inline-bg-image lazyload\" role=\"img\" aria-label=\"GPS\" style=\"background-image:inherit;\" data-bg-image=\"url(https:\/\/sit.com.mt\/wp-content\/uploads\/2020\/04\/gps-473888_1920-min.jpg)\"><\/div>\n                    <\/div>\n\n                                        \n                            <\/div>\n        <span class=\"prevBtn\" tabindex=\"1\">\n            <span class=\"full-arrow is-left short white\"><\/span>\n        <\/span>\n        <span class=\"nextBtn\" tabindex=\"1\">\n            <span class=\"full-arrow is-right short white\"><\/span>\n        <\/span>\n    <\/div>\n<\/div><\/div>\n\n<div class=\"more-portfolio-block\">\n    <div class=\"more-portfolio-wrap\">\n\n        <h2 class=\"h2\" data-aos=\"fade-up\">Explorar m\u00e1s <\/h2>\n        <h4 class=\"h4\" data-aos=\"fade-up\"><\/h4>\n        <span class=\"full-arrow is-bottom long\" data-aos=\"fade-down\"><\/span>\n\n        <div class=\"light-bg\">\n            <div class=\"inner\">\n                \n                <div class=\"slider-container negative-padding\" data-aos=\"fade-up\">\n                    <div class=\"more-portfolios-slider\">\n                    \n                        \n                            <div>\n                                <a href=\"https:\/\/sit.com.mt\/es\/portafolio\/salt-post-covid-group\/\" class=\"portfolio-link\">\n                                    <div class=\"portfolio inline-bg-image lazyload\" style=\"background-image:inherit;\" data-bg-image=\"url(https:\/\/sit.com.mt\/wp-content\/uploads\/2020\/11\/20201009_162157-scaled-e1630075692985.jpg)\">\n    \n                                        <div class=\"narrow-column\">\n                                            <div class=\"v-align\">\n                                                <div class=\"portfolio-title\">Grupo Post-Covid<\/div>\n                                            <\/div>\n                                        <\/div>\n    \n                                    <\/div>\n                                <\/a>\n                            <\/div>\n\n                        \n                            <div>\n                                <a href=\"https:\/\/sit.com.mt\/es\/portafolio\/byk-incentive-trip\/\" class=\"portfolio-link\">\n                                    <div class=\"portfolio inline-bg-image lazyload\" style=\"background-image:inherit;\" data-bg-image=\"url(https:\/\/sit.com.mt\/wp-content\/uploads\/2020\/08\/72113654_515779652593991_8674156126125686784_n.jpg)\">\n    \n                                        <div class=\"narrow-column\">\n                                            <div class=\"v-align\">\n                                                <div class=\"portfolio-title\">VIAJE DE INCENTIVO BYK<\/div>\n                                            <\/div>\n                                        <\/div>\n    \n                                    <\/div>\n                                <\/a>\n                            <\/div>\n\n                        \n                            <div>\n                                <a href=\"https:\/\/sit.com.mt\/es\/portafolio\/building-a-boat\/\" class=\"portfolio-link\">\n                                    <div class=\"portfolio inline-bg-image lazyload\" style=\"background-image:inherit;\" data-bg-image=\"url(https:\/\/sit.com.mt\/wp-content\/uploads\/2020\/06\/teambuilding-malta.jpg)\">\n    \n                                        <div class=\"narrow-column\">\n                                            <div class=\"v-align\">\n                                                <div class=\"portfolio-title\">Construyendo un Barco<\/div>\n                                            <\/div>\n                                        <\/div>\n    \n                                    <\/div>\n                                <\/a>\n                            <\/div>\n\n                        \n                            <div>\n                                <a href=\"https:\/\/sit.com.mt\/es\/portafolio\/gala-dinner-by-the-sea\/\" class=\"portfolio-link\">\n                                    <div class=\"portfolio inline-bg-image lazyload\" style=\"background-image:inherit;\" data-bg-image=\"url(https:\/\/sit.com.mt\/wp-content\/uploads\/2020\/07\/IMGP2487-scaled-e1594731913735.jpg)\">\n    \n                                        <div class=\"narrow-column\">\n                                            <div class=\"v-align\">\n                                                <div class=\"portfolio-title\">Cena de Gala Frente al Mar<\/div>\n                                            <\/div>\n                                        <\/div>\n    \n                                    <\/div>\n                                <\/a>\n                            <\/div>\n\n                        \n                            <div>\n                                <a href=\"https:\/\/sit.com.mt\/es\/portafolio\/maltese-presidency-of-the-eu-2\/\" class=\"portfolio-link\">\n                                    <div class=\"portfolio inline-bg-image lazyload\" style=\"background-image:inherit;\" data-bg-image=\"url(https:\/\/sit.com.mt\/wp-content\/uploads\/2020\/06\/IMG_3191-1-1-scaled.jpg)\">\n    \n                                        <div class=\"narrow-column\">\n                                            <div class=\"v-align\">\n                                                <div class=\"portfolio-title\">Sesiones Grupales al Aire Libre (Breakout Rooms)<\/div>\n                                            <\/div>\n                                        <\/div>\n    \n                                    <\/div>\n                                <\/a>\n                            <\/div>\n\n                        \n                            <div>\n                                <a href=\"https:\/\/sit.com.mt\/es\/portafolio\/maltese-presidency-of-the-eu\/\" class=\"portfolio-link\">\n                                    <div class=\"portfolio inline-bg-image lazyload\" style=\"background-image:inherit;\" data-bg-image=\"url(https:\/\/sit.com.mt\/wp-content\/uploads\/2021\/03\/517px-Logo_Maltese_EU_presidency_of_the_Council_of_the_European_Union_2017.svg-e1616440979391.png)\">\n    \n                                        <div class=\"narrow-column\">\n                                            <div class=\"v-align\">\n                                                <div class=\"portfolio-title\">PRESIDENCIA MALTESA DEL CONSEJO DE LA UE 2017<\/div>\n                                            <\/div>\n                                        <\/div>\n    \n                                    <\/div>\n                                <\/a>\n                            <\/div>\n\n                        \n                    <\/div>\n                    <span class=\"prevBtn\" tabindex=\"1\">\n                        <span class=\"full-arrow is-left white short\"><\/span>\n                    <\/span>\n                    <span class=\"nextBtn\" tabindex=\"1\">\n                        <span class=\"full-arrow is-right white short\"><\/span>\n                    <\/span>\n                <\/div>\n\n                                                    <a href=\"\/es\/portafolio\/\" class=\"button\" target=\"\" data-aos=\"fade-up\">Nuestro Portafolio<\/a>\n                                \n            <\/div>\n        <\/div>\n\n    <\/div>\n    <\/div>\n\n<div class=\"testimonials-block ntbp\">\n    <div class=\"testimonials-wrap\">\n\n                        \n        \n                <div class=\"inline-bg-image lazyload\" style=\"background-image:inherit;\" data-bg-image=\"url(https:\/\/sit.com.mt\/wp-content\/uploads\/2019\/12\/testimonials.png)\">\n            <div class=\"slider-container\" data-aos=\"fade-up\">\n                <div class=\"slider\">\n                                            \n                            <div>\n                                                                    <img decoding=\"async\" data-src=\"https:\/\/sit.com.mt\/wp-content\/uploads\/2019\/12\/quote.svg\" class=\"quote-icon lazyload\" alt=\"\" src=\"data:image\/gif;base64,R0lGODlhAQABAAAAACH5BAEKAAEALAAAAAABAAEAAAICTAEAOw==\" \/>\n                                                                <div class=\"para\"><p>You did a wonderful job in the organization of the Rotary Club Annual Event and the locations and logistics of it all really impressed my group of usually pampered Germans. Everybody was amazed at the efficiency and perfection of the organization and timing of every part of this trip.<\/p>\n<\/div>\n                                <span class=\"reviewer\">Mark (Germany)<\/span>\n                            <\/div>\n\n                        \n                            <div>\n                                                                    <img decoding=\"async\" data-src=\"https:\/\/sit.com.mt\/wp-content\/uploads\/2019\/12\/quote.svg\" class=\"quote-icon lazyload\" alt=\"\" src=\"data:image\/gif;base64,R0lGODlhAQABAAAAACH5BAEKAAEALAAAAAABAAEAAAICTAEAOw==\" \/>\n                                                                <div class=\"para\"><p>You did a wonderful job in the organization of the Rotary Club Annual Event and the locations and logistics of it all really impressed my group of usually pampered Germans. Everybody was amazed at the efficiency and perfection of the organization and timing of every part of this trip.<\/p>\n<\/div>\n                                <span class=\"reviewer\">Jimmy (Austria)<\/span>\n                            <\/div>\n\n                                                            <\/div>\n                <span class=\"prevBtn\" tabindex=\"1\">\n                    <span class=\"full-arrow is-left short\"><\/span>\n                <\/span>\n                <span class=\"nextBtn\" tabindex=\"1\">\n                    <span class=\"full-arrow is-right short\"><\/span>\n                <\/span>\n            <\/div>\n        <\/div>\n\n    <\/div>\n    <\/div>","protected":false},"excerpt":{"rendered":"","protected":false},"author":6,"featured_media":2531,"parent":5744,"menu_order":0,"comment_status":"closed","ping_status":"closed","template":"","meta":{"footnotes":""},"categories":[80],"class_list":["post-5825","page","type-page","status-publish","has-post-thumbnail","hentry","category-incentivos"],"acf":[],"yoast_head":"<!-- This site is optimized with the Yoast SEO plugin v25.3 - https:\/\/yoast.com\/wordpress\/plugins\/seo\/ -->\n<title>B\u00fasqueda Del Tesoro En Lanchas R\u00e1pidas - SIT Malta<\/title>\n<meta name=\"robots\" content=\"index, follow, max-snippet:-1, max-image-preview:large, max-video-preview:-1\" \/>\n<link rel=\"canonical\" href=\"https:\/\/sit.com.mt\/es\/portafolio\/busqueda-del-tesoro-en-lanchas-rapidas\/\" \/>\n<meta property=\"og:locale\" content=\"es_ES\" \/>\n<meta property=\"og:type\" content=\"article\" \/>\n<meta property=\"og:title\" content=\"B\u00fasqueda Del Tesoro En Lanchas R\u00e1pidas - SIT Malta\" \/>\n<meta property=\"og:url\" content=\"https:\/\/sit.com.mt\/es\/portafolio\/busqueda-del-tesoro-en-lanchas-rapidas\/\" \/>\n<meta property=\"og:site_name\" content=\"SIT Malta\" \/>\n<meta property=\"article:modified_time\" content=\"2021-03-30T06:38:20+00:00\" \/>\n<meta property=\"og:image\" content=\"https:\/\/sit.com.mt\/wp-content\/uploads\/2020\/04\/red-and-black-wooden-chest-on-white-sand-1252907-min-scaled.jpg\" \/>\n\t<meta property=\"og:image:width\" content=\"2560\" \/>\n\t<meta property=\"og:image:height\" content=\"1505\" \/>\n\t<meta property=\"og:image:type\" content=\"image\/jpeg\" \/>\n<meta name=\"twitter:card\" content=\"summary_large_image\" \/>\n<script type=\"application\/ld+json\" class=\"yoast-schema-graph\">{\"@context\":\"https:\/\/schema.org\",\"@graph\":[{\"@type\":\"WebPage\",\"@id\":\"https:\/\/sit.com.mt\/es\/portafolio\/busqueda-del-tesoro-en-lanchas-rapidas\/\",\"url\":\"https:\/\/sit.com.mt\/es\/portafolio\/busqueda-del-tesoro-en-lanchas-rapidas\/\",\"name\":\"B\u00fasqueda Del Tesoro En Lanchas R\u00e1pidas - SIT Malta\",\"isPartOf\":{\"@id\":\"https:\/\/sit.com.mt\/#website\"},\"primaryImageOfPage\":{\"@id\":\"https:\/\/sit.com.mt\/es\/portafolio\/busqueda-del-tesoro-en-lanchas-rapidas\/#primaryimage\"},\"image\":{\"@id\":\"https:\/\/sit.com.mt\/es\/portafolio\/busqueda-del-tesoro-en-lanchas-rapidas\/#primaryimage\"},\"thumbnailUrl\":\"https:\/\/sit.com.mt\/wp-content\/uploads\/2020\/04\/red-and-black-wooden-chest-on-white-sand-1252907-min-scaled.jpg\",\"datePublished\":\"2020-01-15T13:54:49+00:00\",\"dateModified\":\"2021-03-30T06:38:20+00:00\",\"breadcrumb\":{\"@id\":\"https:\/\/sit.com.mt\/es\/portafolio\/busqueda-del-tesoro-en-lanchas-rapidas\/#breadcrumb\"},\"inLanguage\":\"es\",\"potentialAction\":[{\"@type\":\"ReadAction\",\"target\":[\"https:\/\/sit.com.mt\/es\/portafolio\/busqueda-del-tesoro-en-lanchas-rapidas\/\"]}]},{\"@type\":\"ImageObject\",\"inLanguage\":\"es\",\"@id\":\"https:\/\/sit.com.mt\/es\/portafolio\/busqueda-del-tesoro-en-lanchas-rapidas\/#primaryimage\",\"url\":\"https:\/\/sit.com.mt\/wp-content\/uploads\/2020\/04\/red-and-black-wooden-chest-on-white-sand-1252907-min-scaled.jpg\",\"contentUrl\":\"https:\/\/sit.com.mt\/wp-content\/uploads\/2020\/04\/red-and-black-wooden-chest-on-white-sand-1252907-min-scaled.jpg\",\"width\":2560,\"height\":1505,\"caption\":\"Chest\"},{\"@type\":\"BreadcrumbList\",\"@id\":\"https:\/\/sit.com.mt\/es\/portafolio\/busqueda-del-tesoro-en-lanchas-rapidas\/#breadcrumb\",\"itemListElement\":[{\"@type\":\"ListItem\",\"position\":1,\"name\":\"Home\",\"item\":\"https:\/\/sit.com.mt\/es\/\"},{\"@type\":\"ListItem\",\"position\":2,\"name\":\"Portafolio\",\"item\":\"https:\/\/sit.com.mt\/es\/portafolio\/\"},{\"@type\":\"ListItem\",\"position\":3,\"name\":\"B\u00fasqueda Del Tesoro En Lanchas R\u00e1pidas\"}]},{\"@type\":\"WebSite\",\"@id\":\"https:\/\/sit.com.mt\/#website\",\"url\":\"https:\/\/sit.com.mt\/\",\"name\":\"SIT Malta\",\"description\":\"Unique Travel Programs\",\"publisher\":{\"@id\":\"https:\/\/sit.com.mt\/#organization\"},\"potentialAction\":[{\"@type\":\"SearchAction\",\"target\":{\"@type\":\"EntryPoint\",\"urlTemplate\":\"https:\/\/sit.com.mt\/?s={search_term_string}\"},\"query-input\":{\"@type\":\"PropertyValueSpecification\",\"valueRequired\":true,\"valueName\":\"search_term_string\"}}],\"inLanguage\":\"es\"},{\"@type\":\"Organization\",\"@id\":\"https:\/\/sit.com.mt\/#organization\",\"name\":\"SIT Mailta\",\"url\":\"https:\/\/sit.com.mt\/\",\"logo\":{\"@type\":\"ImageObject\",\"inLanguage\":\"es\",\"@id\":\"https:\/\/sit.com.mt\/#\/schema\/logo\/image\/\",\"url\":\"https:\/\/sit.com.mt\/wp-content\/uploads\/2020\/01\/main-logo-new.svg\",\"contentUrl\":\"https:\/\/sit.com.mt\/wp-content\/uploads\/2020\/01\/main-logo-new.svg\",\"width\":1,\"height\":1,\"caption\":\"SIT Mailta\"},\"image\":{\"@id\":\"https:\/\/sit.com.mt\/#\/schema\/logo\/image\/\"}}]}<\/script>\n<!-- \/ Yoast SEO plugin. -->","yoast_head_json":{"title":"B\u00fasqueda Del Tesoro En Lanchas R\u00e1pidas - SIT Malta","robots":{"index":"index","follow":"follow","max-snippet":"max-snippet:-1","max-image-preview":"max-image-preview:large","max-video-preview":"max-video-preview:-1"},"canonical":"https:\/\/sit.com.mt\/es\/portafolio\/busqueda-del-tesoro-en-lanchas-rapidas\/","og_locale":"es_ES","og_type":"article","og_title":"B\u00fasqueda Del Tesoro En Lanchas R\u00e1pidas - SIT Malta","og_url":"https:\/\/sit.com.mt\/es\/portafolio\/busqueda-del-tesoro-en-lanchas-rapidas\/","og_site_name":"SIT Malta","article_modified_time":"2021-03-30T06:38:20+00:00","og_image":[{"width":2560,"height":1505,"url":"https:\/\/sit.com.mt\/wp-content\/uploads\/2020\/04\/red-and-black-wooden-chest-on-white-sand-1252907-min-scaled.jpg","type":"image\/jpeg"}],"twitter_card":"summary_large_image","schema":{"@context":"https:\/\/schema.org","@graph":[{"@type":"WebPage","@id":"https:\/\/sit.com.mt\/es\/portafolio\/busqueda-del-tesoro-en-lanchas-rapidas\/","url":"https:\/\/sit.com.mt\/es\/portafolio\/busqueda-del-tesoro-en-lanchas-rapidas\/","name":"B\u00fasqueda Del Tesoro En Lanchas R\u00e1pidas - SIT Malta","isPartOf":{"@id":"https:\/\/sit.com.mt\/#website"},"primaryImageOfPage":{"@id":"https:\/\/sit.com.mt\/es\/portafolio\/busqueda-del-tesoro-en-lanchas-rapidas\/#primaryimage"},"image":{"@id":"https:\/\/sit.com.mt\/es\/portafolio\/busqueda-del-tesoro-en-lanchas-rapidas\/#primaryimage"},"thumbnailUrl":"https:\/\/sit.com.mt\/wp-content\/uploads\/2020\/04\/red-and-black-wooden-chest-on-white-sand-1252907-min-scaled.jpg","datePublished":"2020-01-15T13:54:49+00:00","dateModified":"2021-03-30T06:38:20+00:00","breadcrumb":{"@id":"https:\/\/sit.com.mt\/es\/portafolio\/busqueda-del-tesoro-en-lanchas-rapidas\/#breadcrumb"},"inLanguage":"es","potentialAction":[{"@type":"ReadAction","target":["https:\/\/sit.com.mt\/es\/portafolio\/busqueda-del-tesoro-en-lanchas-rapidas\/"]}]},{"@type":"ImageObject","inLanguage":"es","@id":"https:\/\/sit.com.mt\/es\/portafolio\/busqueda-del-tesoro-en-lanchas-rapidas\/#primaryimage","url":"https:\/\/sit.com.mt\/wp-content\/uploads\/2020\/04\/red-and-black-wooden-chest-on-white-sand-1252907-min-scaled.jpg","contentUrl":"https:\/\/sit.com.mt\/wp-content\/uploads\/2020\/04\/red-and-black-wooden-chest-on-white-sand-1252907-min-scaled.jpg","width":2560,"height":1505,"caption":"Chest"},{"@type":"BreadcrumbList","@id":"https:\/\/sit.com.mt\/es\/portafolio\/busqueda-del-tesoro-en-lanchas-rapidas\/#breadcrumb","itemListElement":[{"@type":"ListItem","position":1,"name":"Home","item":"https:\/\/sit.com.mt\/es\/"},{"@type":"ListItem","position":2,"name":"Portafolio","item":"https:\/\/sit.com.mt\/es\/portafolio\/"},{"@type":"ListItem","position":3,"name":"B\u00fasqueda Del Tesoro En Lanchas R\u00e1pidas"}]},{"@type":"WebSite","@id":"https:\/\/sit.com.mt\/#website","url":"https:\/\/sit.com.mt\/","name":"SIT Malta","description":"Unique Travel Programs","publisher":{"@id":"https:\/\/sit.com.mt\/#organization"},"potentialAction":[{"@type":"SearchAction","target":{"@type":"EntryPoint","urlTemplate":"https:\/\/sit.com.mt\/?s={search_term_string}"},"query-input":{"@type":"PropertyValueSpecification","valueRequired":true,"valueName":"search_term_string"}}],"inLanguage":"es"},{"@type":"Organization","@id":"https:\/\/sit.com.mt\/#organization","name":"SIT Mailta","url":"https:\/\/sit.com.mt\/","logo":{"@type":"ImageObject","inLanguage":"es","@id":"https:\/\/sit.com.mt\/#\/schema\/logo\/image\/","url":"https:\/\/sit.com.mt\/wp-content\/uploads\/2020\/01\/main-logo-new.svg","contentUrl":"https:\/\/sit.com.mt\/wp-content\/uploads\/2020\/01\/main-logo-new.svg","width":1,"height":1,"caption":"SIT Mailta"},"image":{"@id":"https:\/\/sit.com.mt\/#\/schema\/logo\/image\/"}}]}},"_links":{"self":[{"href":"https:\/\/sit.com.mt\/es\/wp-json\/wp\/v2\/pages\/5825","targetHints":{"allow":["GET"]}}],"collection":[{"href":"https:\/\/sit.com.mt\/es\/wp-json\/wp\/v2\/pages"}],"about":[{"href":"https:\/\/sit.com.mt\/es\/wp-json\/wp\/v2\/types\/page"}],"author":[{"embeddable":true,"href":"https:\/\/sit.com.mt\/es\/wp-json\/wp\/v2\/users\/6"}],"replies":[{"embeddable":true,"href":"https:\/\/sit.com.mt\/es\/wp-json\/wp\/v2\/comments?post=5825"}],"version-history":[{"count":0,"href":"https:\/\/sit.com.mt\/es\/wp-json\/wp\/v2\/pages\/5825\/revisions"}],"up":[{"embeddable":true,"href":"https:\/\/sit.com.mt\/es\/wp-json\/wp\/v2\/pages\/5744"}],"wp:featuredmedia":[{"embeddable":true,"href":"https:\/\/sit.com.mt\/es\/wp-json\/wp\/v2\/media\/2531"}],"wp:attachment":[{"href":"https:\/\/sit.com.mt\/es\/wp-json\/wp\/v2\/media?parent=5825"}],"wp:term":[{"taxonomy":"category","embeddable":true,"href":"https:\/\/sit.com.mt\/es\/wp-json\/wp\/v2\/categories?post=5825"}],"curies":[{"name":"wp","href":"https:\/\/api.w.org\/{rel}","templated":true}]}}