{"id":5841,"date":"2020-01-16T08:39:56","date_gmt":"2020-01-16T08:39:56","guid":{"rendered":"https:\/\/sit.com.mt\/services\/"},"modified":"2021-10-31T09:04:06","modified_gmt":"2021-10-31T09:04:06","slug":"servicios","status":"publish","type":"page","link":"https:\/\/sit.com.mt\/es\/servicios\/","title":{"rendered":"Servicios"},"content":{"rendered":"<div class=\"landing-banner-block\">\n    <div class=\"landing-banner-wrap inline-bg-image lazyload\" style=\"background-image:inherit;\" data-bg-image=\"url(https:\/\/sit.com.mt\/wp-content\/uploads\/2020\/05\/services-scaled.jpg)\">\n        \n            <div class=\"content-box\" data-aos=\"fade-up\">\n                                    <h1 class=\"h1\">Servicios DMC <\/h1>\n                                                    <p class=\"para\">La calidad nunca pasa de moda &#8230; perm\u00edtenos superar tus expectativas &#8230;          !Compru\u00e9balo!<\/p>\n                            <\/div>\n            \n                    <\/div>\n        \n    <\/div>\n\n<div class=\"main-services-block\">\n    <div class=\"main-services-wrap light-bg includes-bg-text\">\n        <div class=\"inner\">\n\n            <div class=\"services\">\n                                        \n                                        \n                    \n                    \n                        \n                        <a href=\"https:\/\/sit.com.mt\/es\/servicios\/conferencias\/\" class=\"link-wrap\">\n                            <div class=\"service inline-bg-image lazyload\" style=\"background-image:inherit;\" data-aos=\"fade-up\" data-bg-image=\"url(https:\/\/sit.com.mt\/wp-content\/uploads\/2019\/12\/conferences.png)\">\n\n                                <div class=\"narrow-column\">\n                                    <div class=\"v-align\">\n                                        <div class=\"service-title\">Conferencias<\/div>\n                                    <\/div>\n                                    <div class=\"num\">01<\/div>\n                                <\/div>\n\n                                <div class=\"full-column\">\n                                    <div class=\"v-align\">\n                                        <div>\n                                            <p class=\"excerpt\">\u00bfEst\u00e1 listo para ponerse manos a la obra y comenzar a evento? \u00a1El equipo preplanificar su pr\u00f3xima mier de SIT est\u00e1 aqu\u00ed para ayudarlo a lograr sus objetivos al brindar las mejores experiencias locales WOW  para impresionar a sus invitados!\n<\/p>\n                                            <p class=\"link-text\">Leer m\u00e1s<\/p>\n                                        <\/div>\n                                    <\/div>\n                                <\/div>\n                            <\/div>\n                        <\/a>\n\n                    \n                \n                                        \n                    \n                    \n                        \n                        <a href=\"https:\/\/sit.com.mt\/es\/servicios\/incentivos\/\" class=\"link-wrap\">\n                            <div class=\"service inline-bg-image lazyload\" style=\"background-image:inherit;\" data-aos=\"fade-up\" data-bg-image=\"url(https:\/\/sit.com.mt\/wp-content\/uploads\/2020\/05\/Iconic-View-e1589282465307.jpg)\">\n\n                                <div class=\"narrow-column\">\n                                    <div class=\"v-align\">\n                                        <div class=\"service-title\">Incentivos<\/div>\n                                    <\/div>\n                                    <div class=\"num\">02<\/div>\n                                <\/div>\n\n                                <div class=\"full-column\">\n                                    <div class=\"v-align\">\n                                        <div>\n                                            <p class=\"excerpt\">Nada dice mejor \u201cque a\u00f1o\u201d o \u201c valoramos su negocio\u201d como un programa de incentivo. \nLeer mas\nIncentivos\nNada dice mejor \u201cque ano\u201d o \u201c valoramos su negocio\u201d como un programa de incentivo. Deje que SIT le ayude a crearlo, personalizarlo y entregar experiencias que representen su aprecio<\/p>\n                                            <p class=\"link-text\">Leer m\u00e1s<\/p>\n                                        <\/div>\n                                    <\/div>\n                                <\/div>\n                            <\/div>\n                        <\/a>\n\n                    \n                \n                                        \n                    \n                    \n                        \n                        <a href=\"https:\/\/sit.com.mt\/es\/servicios\/grupos-de-interes-especial\/\" class=\"link-wrap\">\n                            <div class=\"service inline-bg-image lazyload\" style=\"background-image:inherit;\" data-aos=\"fade-up\" data-bg-image=\"url(https:\/\/sit.com.mt\/wp-content\/uploads\/2020\/05\/bg-change-otherleisure-scaled.jpg)\">\n\n                                <div class=\"narrow-column\">\n                                    <div class=\"v-align\">\n                                        <div class=\"service-title\">Grupos de Inter\u00e9s Especial<\/div>\n                                    <\/div>\n                                    <div class=\"num\">03<\/div>\n                                <\/div>\n\n                                <div class=\"full-column\">\n                                    <div class=\"v-align\">\n                                        <div>\n                                            <p class=\"excerpt\">SIT aporta experiencia y conocimientos en todos los aspectos de la realizaci\u00f3n del evento perfecto, desde una propuesta inicial personalizada, un programa de incentivos hasta la gesti\u00f3n y coordinaci\u00f3n de todos los aspectos, \u00a1lo hacemos posible!<\/p>\n                                            <p class=\"link-text\">Leer m\u00e1s<\/p>\n                                        <\/div>\n                                    <\/div>\n                                <\/div>\n                            <\/div>\n                        <\/a>\n\n                    \n                \n                                        \n                    \n                    \n                                        <\/div>\n\n        <\/div>\n\n        <div class=\"bg-text\" data-aos=\"fade-up\">Nuestros Servicios  DMC<\/div>\n    <\/div>\n\n    <\/div>","protected":false},"excerpt":{"rendered":"","protected":false},"author":6,"featured_media":0,"parent":0,"menu_order":0,"comment_status":"closed","ping_status":"closed","template":"","meta":{"footnotes":""},"categories":[],"class_list":["post-5841","page","type-page","status-publish","hentry"],"acf":[],"yoast_head":"<!-- This site is optimized with the Yoast SEO plugin v25.3 - https:\/\/yoast.com\/wordpress\/plugins\/seo\/ -->\n<title>Servicios DMC: reuniones, conferencias, incentivos y ocio | SIT Malta<\/title>\n<meta name=\"description\" content=\"Nuestros servicios DMC operan en varios mercados, que incluyen tanto los sectores de ocio como de MICE. \u00a1Perm\u00edtenos superar tus expectativas!\" \/>\n<meta name=\"robots\" content=\"index, follow, max-snippet:-1, max-image-preview:large, max-video-preview:-1\" \/>\n<link rel=\"canonical\" href=\"https:\/\/sit.com.mt\/es\/servicios\/\" \/>\n<meta property=\"og:locale\" content=\"es_ES\" \/>\n<meta property=\"og:type\" content=\"article\" \/>\n<meta property=\"og:title\" content=\"Servicios DMC: reuniones, conferencias, incentivos y ocio | SIT Malta\" \/>\n<meta property=\"og:description\" content=\"Nuestros servicios DMC operan en varios mercados, que incluyen tanto los sectores de ocio como de MICE. \u00a1Perm\u00edtenos superar tus expectativas!\" \/>\n<meta property=\"og:url\" content=\"https:\/\/sit.com.mt\/es\/servicios\/\" \/>\n<meta property=\"og:site_name\" content=\"SIT Malta\" \/>\n<meta property=\"article:modified_time\" content=\"2021-10-31T09:04:06+00:00\" \/>\n<meta name=\"twitter:card\" content=\"summary_large_image\" \/>\n<script type=\"application\/ld+json\" class=\"yoast-schema-graph\">{\"@context\":\"https:\/\/schema.org\",\"@graph\":[{\"@type\":\"WebPage\",\"@id\":\"https:\/\/sit.com.mt\/es\/servicios\/\",\"url\":\"https:\/\/sit.com.mt\/es\/servicios\/\",\"name\":\"Servicios DMC: reuniones, conferencias, incentivos y ocio | SIT Malta\",\"isPartOf\":{\"@id\":\"https:\/\/sit.com.mt\/#website\"},\"datePublished\":\"2020-01-16T08:39:56+00:00\",\"dateModified\":\"2021-10-31T09:04:06+00:00\",\"description\":\"Nuestros servicios DMC operan en varios mercados, que incluyen tanto los sectores de ocio como de MICE. \u00a1Perm\u00edtenos superar tus expectativas!\",\"breadcrumb\":{\"@id\":\"https:\/\/sit.com.mt\/es\/servicios\/#breadcrumb\"},\"inLanguage\":\"es\",\"potentialAction\":[{\"@type\":\"ReadAction\",\"target\":[\"https:\/\/sit.com.mt\/es\/servicios\/\"]}]},{\"@type\":\"BreadcrumbList\",\"@id\":\"https:\/\/sit.com.mt\/es\/servicios\/#breadcrumb\",\"itemListElement\":[{\"@type\":\"ListItem\",\"position\":1,\"name\":\"Home\",\"item\":\"https:\/\/sit.com.mt\/es\/\"},{\"@type\":\"ListItem\",\"position\":2,\"name\":\"Servicios\"}]},{\"@type\":\"WebSite\",\"@id\":\"https:\/\/sit.com.mt\/#website\",\"url\":\"https:\/\/sit.com.mt\/\",\"name\":\"SIT Malta\",\"description\":\"Unique Travel Programs\",\"publisher\":{\"@id\":\"https:\/\/sit.com.mt\/#organization\"},\"potentialAction\":[{\"@type\":\"SearchAction\",\"target\":{\"@type\":\"EntryPoint\",\"urlTemplate\":\"https:\/\/sit.com.mt\/?s={search_term_string}\"},\"query-input\":{\"@type\":\"PropertyValueSpecification\",\"valueRequired\":true,\"valueName\":\"search_term_string\"}}],\"inLanguage\":\"es\"},{\"@type\":\"Organization\",\"@id\":\"https:\/\/sit.com.mt\/#organization\",\"name\":\"SIT Mailta\",\"url\":\"https:\/\/sit.com.mt\/\",\"logo\":{\"@type\":\"ImageObject\",\"inLanguage\":\"es\",\"@id\":\"https:\/\/sit.com.mt\/#\/schema\/logo\/image\/\",\"url\":\"https:\/\/sit.com.mt\/wp-content\/uploads\/2020\/01\/main-logo-new.svg\",\"contentUrl\":\"https:\/\/sit.com.mt\/wp-content\/uploads\/2020\/01\/main-logo-new.svg\",\"width\":1,\"height\":1,\"caption\":\"SIT Mailta\"},\"image\":{\"@id\":\"https:\/\/sit.com.mt\/#\/schema\/logo\/image\/\"}}]}<\/script>\n<!-- \/ Yoast SEO plugin. -->","yoast_head_json":{"title":"Servicios DMC: reuniones, conferencias, incentivos y ocio | SIT Malta","description":"Nuestros servicios DMC operan en varios mercados, que incluyen tanto los sectores de ocio como de MICE. \u00a1Perm\u00edtenos superar tus expectativas!","robots":{"index":"index","follow":"follow","max-snippet":"max-snippet:-1","max-image-preview":"max-image-preview:large","max-video-preview":"max-video-preview:-1"},"canonical":"https:\/\/sit.com.mt\/es\/servicios\/","og_locale":"es_ES","og_type":"article","og_title":"Servicios DMC: reuniones, conferencias, incentivos y ocio | SIT Malta","og_description":"Nuestros servicios DMC operan en varios mercados, que incluyen tanto los sectores de ocio como de MICE. \u00a1Perm\u00edtenos superar tus expectativas!","og_url":"https:\/\/sit.com.mt\/es\/servicios\/","og_site_name":"SIT Malta","article_modified_time":"2021-10-31T09:04:06+00:00","twitter_card":"summary_large_image","schema":{"@context":"https:\/\/schema.org","@graph":[{"@type":"WebPage","@id":"https:\/\/sit.com.mt\/es\/servicios\/","url":"https:\/\/sit.com.mt\/es\/servicios\/","name":"Servicios DMC: reuniones, conferencias, incentivos y ocio | SIT Malta","isPartOf":{"@id":"https:\/\/sit.com.mt\/#website"},"datePublished":"2020-01-16T08:39:56+00:00","dateModified":"2021-10-31T09:04:06+00:00","description":"Nuestros servicios DMC operan en varios mercados, que incluyen tanto los sectores de ocio como de MICE. \u00a1Perm\u00edtenos superar tus expectativas!","breadcrumb":{"@id":"https:\/\/sit.com.mt\/es\/servicios\/#breadcrumb"},"inLanguage":"es","potentialAction":[{"@type":"ReadAction","target":["https:\/\/sit.com.mt\/es\/servicios\/"]}]},{"@type":"BreadcrumbList","@id":"https:\/\/sit.com.mt\/es\/servicios\/#breadcrumb","itemListElement":[{"@type":"ListItem","position":1,"name":"Home","item":"https:\/\/sit.com.mt\/es\/"},{"@type":"ListItem","position":2,"name":"Servicios"}]},{"@type":"WebSite","@id":"https:\/\/sit.com.mt\/#website","url":"https:\/\/sit.com.mt\/","name":"SIT Malta","description":"Unique Travel Programs","publisher":{"@id":"https:\/\/sit.com.mt\/#organization"},"potentialAction":[{"@type":"SearchAction","target":{"@type":"EntryPoint","urlTemplate":"https:\/\/sit.com.mt\/?s={search_term_string}"},"query-input":{"@type":"PropertyValueSpecification","valueRequired":true,"valueName":"search_term_string"}}],"inLanguage":"es"},{"@type":"Organization","@id":"https:\/\/sit.com.mt\/#organization","name":"SIT Mailta","url":"https:\/\/sit.com.mt\/","logo":{"@type":"ImageObject","inLanguage":"es","@id":"https:\/\/sit.com.mt\/#\/schema\/logo\/image\/","url":"https:\/\/sit.com.mt\/wp-content\/uploads\/2020\/01\/main-logo-new.svg","contentUrl":"https:\/\/sit.com.mt\/wp-content\/uploads\/2020\/01\/main-logo-new.svg","width":1,"height":1,"caption":"SIT Mailta"},"image":{"@id":"https:\/\/sit.com.mt\/#\/schema\/logo\/image\/"}}]}},"_links":{"self":[{"href":"https:\/\/sit.com.mt\/es\/wp-json\/wp\/v2\/pages\/5841","targetHints":{"allow":["GET"]}}],"collection":[{"href":"https:\/\/sit.com.mt\/es\/wp-json\/wp\/v2\/pages"}],"about":[{"href":"https:\/\/sit.com.mt\/es\/wp-json\/wp\/v2\/types\/page"}],"author":[{"embeddable":true,"href":"https:\/\/sit.com.mt\/es\/wp-json\/wp\/v2\/users\/6"}],"replies":[{"embeddable":true,"href":"https:\/\/sit.com.mt\/es\/wp-json\/wp\/v2\/comments?post=5841"}],"version-history":[{"count":1,"href":"https:\/\/sit.com.mt\/es\/wp-json\/wp\/v2\/pages\/5841\/revisions"}],"predecessor-version":[{"id":8432,"href":"https:\/\/sit.com.mt\/es\/wp-json\/wp\/v2\/pages\/5841\/revisions\/8432"}],"wp:attachment":[{"href":"https:\/\/sit.com.mt\/es\/wp-json\/wp\/v2\/media?parent=5841"}],"wp:term":[{"taxonomy":"category","embeddable":true,"href":"https:\/\/sit.com.mt\/es\/wp-json\/wp\/v2\/categories?post=5841"}],"curies":[{"name":"wp","href":"https:\/\/api.w.org\/{rel}","templated":true}]}}