{"id":5967,"date":"2020-01-15T10:04:07","date_gmt":"2020-01-15T10:04:07","guid":{"rendered":"https:\/\/sit.com.mt\/french-leisure\/"},"modified":"2021-01-29T08:12:41","modified_gmt":"2021-01-29T08:12:41","slug":"french-leisure","status":"publish","type":"page","link":"https:\/\/sit.com.mt\/es\/servicios\/french-leisure\/","title":{"rendered":"French Leisure"},"content":{"rendered":"<div class=\"landing-banner-block\">\n    <div class=\"landing-banner-wrap inline-bg-image lazyload\" style=\"background-image:inherit;\" data-bg-image=\"url(https:\/\/sit.com.mt\/wp-content\/uploads\/2020\/05\/marsaxlokk-seaside.jpg)\">\n        \n            <div class=\"content-box\" data-aos=\"fade-up\">\n                                    <h1 class=\"h1\">Loisirs Fran\u00e7ais<\/h1>\n                                                    <p class=\"para\">Vous recherchez le d\u00e9paysement le temps d\u2019un week end, \u00eates passionn\u00e9s d\u2019histoire, d\u2019arch\u00e9ologie, d\u2019architecture ou de religion. Vous ne voulez pas d\u2019un long trajet. Alors Malte est pour vous! <\/p>\n                            <\/div>\n            \n                    <\/div>\n        \n    <\/div>\n\n<div class=\"image-desc-large-blocks-block\">\n    <div class=\"image-desc-large-blocks-wrap\">\n            <div class=\"img-desc-large-box\" data-aos=\"fade-up\" tabindex=\"1\">\n\n                        <div class=\"img inline-bg-image lazyload\" role=\"img\" aria-label=\"\" style=\"background-image:inherit;\" data-bg-image=\"url(https:\/\/sit.com.mt\/wp-content\/uploads\/2020\/05\/mike-nahlii-qk10uRxzRTc-unsplash.jpg)\"><\/div>\n\n            <div class=\"block-title\">\n                <div class=\"v-align\">\n                    <div class=\"title\">CULTUREL<\/div>\n                <\/div>\n            <\/div>\n\n            <div class=\"block-content\">\n                <div class=\"title\">CULTUREL<\/div>\n                <div class=\"para\"><p>\u2014<\/p>\n<p>&nbsp;<\/p>\n<p>7000 ans d\u2019histoire vous attendent \u00e0 Malte. Des sites arch\u00e9ologiques aux Chevaliers de L\u2019ordre de St Jean , Malte offre un patrimoine culturel et architectural impressionnant . La capitale La Valette est class\u00e9e au patrimoine mondial de l\u2019Unesco ainsi que de nombreux temples.<\/p>\n<p>&nbsp;<\/p>\n<p><a href=\"\/french-leisure\/cultural\/\">FIND OUT MORE<\/a><\/p>\n<\/div>\n            <\/div>\n\n        <\/div>\n            <div class=\"img-desc-large-box\" data-aos=\"fade-up\" tabindex=\"1\">\n\n                        <div class=\"img inline-bg-image lazyload\" role=\"img\" aria-label=\"Turkish Gullets Berthed at Blue Lagoon\" style=\"background-image:inherit;\" data-bg-image=\"url(https:\/\/sit.com.mt\/wp-content\/uploads\/2020\/07\/turkish-gullets-comino-scaled.jpg)\"><\/div>\n\n            <div class=\"block-title\">\n                <div class=\"v-align\">\n                    <div class=\"title\">COMITES D\u2019ENTREPRISE  <\/div>\n                <\/div>\n            <\/div>\n\n            <div class=\"block-content\">\n                <div class=\"title\">COMITES D\u2019ENTREPRISE  <\/div>\n                <div class=\"para\"><p>\u2014<\/p>\n<p>&nbsp;<\/p>\n<p>Les sites historiques ne sont pas votre priorit\u00e9. Alors venez vous relaxer dans l\u2019un des h\u00f4tels que nous proposons et profiter de nos d\u00e9couvertes moins culturelles: l\u2019ile de Gozo en jeep et speed boat, des activit\u00e9s agro touristiques, des d\u00e9gustations de vin.<\/p>\n<p>&nbsp;<\/p>\n<p><a href=\"\/french-leisure\/associations\/\">FIND OUT MORE<\/a><\/p>\n<\/div>\n            <\/div>\n\n        <\/div>\n            <div class=\"img-desc-large-box\" data-aos=\"fade-up\" tabindex=\"1\">\n\n                        <div class=\"img inline-bg-image lazyload\" role=\"img\" aria-label=\"Hiking tour\" style=\"background-image:inherit;\" data-bg-image=\"url(https:\/\/sit.com.mt\/wp-content\/uploads\/2020\/01\/activity-adults-adventure-1246955.png)\"><\/div>\n\n            <div class=\"block-title\">\n                <div class=\"v-align\">\n                    <div class=\"title\">RANDONNEES<\/div>\n                <\/div>\n            <\/div>\n\n            <div class=\"block-content\">\n                <div class=\"title\">RANDONNEES<\/div>\n                <div class=\"para\"><p>\u2014<\/p>\n<p>&nbsp;<\/p>\n<p>L&#8217;automne, l&#8217;hiver et le printemps sont les p\u00e9riodes de l&#8217;ann\u00e9e que pr\u00e9f\u00e8rent les randonneurs en raison du climat doux et d\u2019une lumi\u00e8re extraordinaire. Avec plus de 250 km de c\u00f4tes et de magnifiques paysages m\u00e9diterran\u00e9ens, les sentiers c\u00f4tiers et les routes de campagne \u00e9troites offrent aux randonneurs de superbes vues sur la mer, criques et petites vall\u00e9es.<\/p>\n<p>&nbsp;<\/p>\n<p><a href=\"\/french-leisure\/walking\/\">FIND OUT MORE<\/a><\/p>\n<\/div>\n            <\/div>\n\n        <\/div>\n            <div class=\"img-desc-large-box\" data-aos=\"fade-up\" tabindex=\"1\">\n\n                        <div class=\"img inline-bg-image lazyload\" role=\"img\" aria-label=\"Indoor church\" style=\"background-image:inherit;\" data-bg-image=\"url(https:\/\/sit.com.mt\/wp-content\/uploads\/2020\/01\/129498_Malta_Valletta_St-Johns-Co-Cathedral_shutterstock_49914979.png)\"><\/div>\n\n            <div class=\"block-title\">\n                <div class=\"v-align\">\n                    <div class=\"title\">RELIGIEUX<\/div>\n                <\/div>\n            <\/div>\n\n            <div class=\"block-content\">\n                <div class=\"title\">RELIGIEUX<\/div>\n                <div class=\"para\"><p>\u2014<\/p>\n<p>&nbsp;<\/p>\n<p>St Paul fit naufrage \u00e0 Malte en l\u2019An 60 et a christianis\u00e9 le pays qui est toujours majoritairement catholique et pratiquant. Vous pourrez y d\u00e9couvrir des catacombes, la grotte de St Paul et de nombreuses \u00e9glises richement d\u00e9cor\u00e9es, sans oublier la magnifique co-cath\u00e9drale St Jean \u00e0 La Valette, un chef d\u2019oeuvre de l\u2019art baroque.<\/p>\n<p>&nbsp;<\/p>\n<p><a href=\"\/french-leisure\/religious\/\">FIND OUT MORE<\/a><\/p>\n<\/div>\n            <\/div>\n\n        <\/div>\n    <\/div><\/div>\n\n<div class=\"team-contact-block\">\n    <div class=\"team-contact-wrap light-bg includes-bg-text\">\n        <div class=\"inner\">\n\n            <h2 class=\"h2\" data-aos=\"fade-up\">CONTACTEZ NOUS<\/h2>\n            <h4 class=\"h4\" data-aos=\"fade-up\">CONTACTEZ UN DE NOS MEMBRES DE L\u2019EQUIPE CI-DESSOUS<\/h4>\n\n            <div class=\"contains-team\">\n                                                            <a href=\"mailto:ppingrieux@sit.com.mt\" class=\"person\" data-aos=\"fade-up\">\n\n                                                        <div class=\"img inline-bg-image lazyload\" role=\"img\" aria-label=\"Pascale\" style=\"background-image:inherit;\" data-bg-image=\"url(https:\/\/sit.com.mt\/wp-content\/uploads\/2020\/02\/Pascale-min-scaled-e1581431778362.jpg)\"><\/div>\n\n                            <div class=\"name\">Pascale Pingrieux<\/div>\n                            <div class=\"role\">French Groups Executive<\/div>\n                            <div class=\"subtitle\"><\/div>\n\n                        <\/a>\n                                            <a href=\"mailto:smasson@sit.com.mt\" class=\"person\" data-aos=\"fade-up\">\n\n                                                        <div class=\"img inline-bg-image lazyload\" role=\"img\" aria-label=\"Sandrine\" style=\"background-image:inherit;\" data-bg-image=\"url(https:\/\/sit.com.mt\/wp-content\/uploads\/2020\/02\/Sandrine-min-scaled-e1581431450877.jpg)\"><\/div>\n\n                            <div class=\"name\">Sandrine Masson<\/div>\n                            <div class=\"role\">French Groups Coordinator<\/div>\n                            <div class=\"subtitle\"><\/div>\n\n                        <\/a>\n                                                <\/div>\n        <\/div>\n        <div class=\"bg-text\" data-aos=\"fade-up\">Exclusive<\/div>\n    <\/div>\n    <\/div>\n\n<div class=\"more-services-block\">\n    <div class=\"more-services-wrap\">\n        <div class=\"inner clearfix\">\n\n            <div class=\"left\">\n                <div class=\"v-align\">\n                    <div data-aos=\"fade-right\">\n                        <h2 class=\"h2\">You might also be interested in<\/h2>\n                        <h4 class=\"h4\">We always deliver                            <span class=\"full-arrow is-right no-margin long\"><\/span>\n                        <\/h4>\n\n                                                                            <a href=\"\/services\/\" class=\"button hide-m\" target=\"\">View all our services<\/a>\n                                            <\/div>\n                <\/div>\n            <\/div>\n\n            <div class=\"right services\">\n                                    \n                                                \n                        \n                        \n                            \n                            <a href=\"https:\/\/sit.com.mt\/es\/servicios\/conferencias\/\" class=\"link-wrap\" data-aos=\"fade-up\" data-aos-offset=\"50\">\n                                <div class=\"service inline-bg-image lazyload\" style=\"background-image:inherit;\" data-bg-image=\"url(https:\/\/sit.com.mt\/wp-content\/uploads\/2019\/12\/conferences.png)\">\n\n                                    <div class=\"narrow-column\">\n                                        <div class=\"v-align\">\n                                            <div class=\"service-title\">Conferencias<\/div>\n                                        <\/div>\n                                    <\/div>\n\n                                <\/div>\n                            <\/a>\n\n                        \n                    \n                                                \n                        \n                        \n                            \n                            <a href=\"https:\/\/sit.com.mt\/es\/servicios\/incentivos\/\" class=\"link-wrap\" data-aos=\"fade-up\" data-aos-offset=\"50\">\n                                <div class=\"service inline-bg-image lazyload\" style=\"background-image:inherit;\" data-bg-image=\"url(https:\/\/sit.com.mt\/wp-content\/uploads\/2020\/05\/Iconic-View-e1589282465307.jpg)\">\n\n                                    <div class=\"narrow-column\">\n                                        <div class=\"v-align\">\n                                            <div class=\"service-title\">Incentivos<\/div>\n                                        <\/div>\n                                    <\/div>\n\n                                <\/div>\n                            <\/a>\n\n                        \n                                                <\/div>\n\n                                        <a href=\"\/services\/\" class=\"button hide-d\" target=\"\" data-aos=\"fade-up\">View all our services<\/a>\n                    <\/div>\n    <\/div>\n\n    <\/div>","protected":false},"excerpt":{"rendered":"<p>Vous recherchez le d\u00e9paysement le temps d\u2019un week end, \u00eates passionn\u00e9s d\u2019histoire, d\u2019arch\u00e9ologie, d\u2019architecture ou de religion. Vous ne voulez pas d\u2019un long trajet. Alors Malte est pour vous! <\/p>\n","protected":false},"author":6,"featured_media":1112,"parent":5841,"menu_order":0,"comment_status":"closed","ping_status":"closed","template":"","meta":{"footnotes":""},"categories":[67],"class_list":["post-5967","page","type-page","status-publish","has-post-thumbnail","hentry","category-services-es"],"acf":[],"yoast_head":"<!-- This site is optimized with the Yoast SEO plugin v25.3 - https:\/\/yoast.com\/wordpress\/plugins\/seo\/ -->\n<title>French Leisure Travel | SIT Malta<\/title>\n<meta name=\"description\" content=\"Voyages \u00e0 Malte pour groupes loisirs , culturels et \u00e0 th\u00e8me, d\u00e9paysement, proche de la France et climat doux toute l\u2019ann\u00e9e. S\u00e9jours 3 a 7 nuits\" \/>\n<meta name=\"robots\" content=\"index, follow, max-snippet:-1, max-image-preview:large, max-video-preview:-1\" \/>\n<link rel=\"canonical\" href=\"https:\/\/sit.com.mt\/es\/servicios\/french-leisure\/\" \/>\n<meta property=\"og:locale\" content=\"es_ES\" \/>\n<meta property=\"og:type\" content=\"article\" \/>\n<meta property=\"og:title\" content=\"French Leisure Travel | SIT Malta\" \/>\n<meta property=\"og:description\" content=\"Voyages \u00e0 Malte pour groupes loisirs , culturels et \u00e0 th\u00e8me, d\u00e9paysement, proche de la France et climat doux toute l\u2019ann\u00e9e. S\u00e9jours 3 a 7 nuits\" \/>\n<meta property=\"og:url\" content=\"https:\/\/sit.com.mt\/es\/servicios\/french-leisure\/\" \/>\n<meta property=\"og:site_name\" content=\"SIT Malta\" \/>\n<meta property=\"article:modified_time\" content=\"2021-01-29T08:12:41+00:00\" \/>\n<meta property=\"og:image\" content=\"https:\/\/sit.com.mt\/wp-content\/uploads\/2020\/01\/Sunset-photo-of-city-of-Valletta-from-the-shore-Malta.png\" \/>\n\t<meta property=\"og:image:width\" content=\"182\" \/>\n\t<meta property=\"og:image:height\" content=\"480\" \/>\n\t<meta property=\"og:image:type\" content=\"image\/png\" \/>\n<meta name=\"twitter:card\" content=\"summary_large_image\" \/>\n<script type=\"application\/ld+json\" class=\"yoast-schema-graph\">{\"@context\":\"https:\/\/schema.org\",\"@graph\":[{\"@type\":\"WebPage\",\"@id\":\"https:\/\/sit.com.mt\/es\/servicios\/french-leisure\/\",\"url\":\"https:\/\/sit.com.mt\/es\/servicios\/french-leisure\/\",\"name\":\"French Leisure Travel | SIT Malta\",\"isPartOf\":{\"@id\":\"https:\/\/sit.com.mt\/#website\"},\"primaryImageOfPage\":{\"@id\":\"https:\/\/sit.com.mt\/es\/servicios\/french-leisure\/#primaryimage\"},\"image\":{\"@id\":\"https:\/\/sit.com.mt\/es\/servicios\/french-leisure\/#primaryimage\"},\"thumbnailUrl\":\"https:\/\/sit.com.mt\/wp-content\/uploads\/2020\/01\/Sunset-photo-of-city-of-Valletta-from-the-shore-Malta.png\",\"datePublished\":\"2020-01-15T10:04:07+00:00\",\"dateModified\":\"2021-01-29T08:12:41+00:00\",\"description\":\"Voyages \u00e0 Malte pour groupes loisirs , culturels et \u00e0 th\u00e8me, d\u00e9paysement, proche de la France et climat doux toute l\u2019ann\u00e9e. S\u00e9jours 3 a 7 nuits\",\"breadcrumb\":{\"@id\":\"https:\/\/sit.com.mt\/es\/servicios\/french-leisure\/#breadcrumb\"},\"inLanguage\":\"es\",\"potentialAction\":[{\"@type\":\"ReadAction\",\"target\":[\"https:\/\/sit.com.mt\/es\/servicios\/french-leisure\/\"]}]},{\"@type\":\"ImageObject\",\"inLanguage\":\"es\",\"@id\":\"https:\/\/sit.com.mt\/es\/servicios\/french-leisure\/#primaryimage\",\"url\":\"https:\/\/sit.com.mt\/wp-content\/uploads\/2020\/01\/Sunset-photo-of-city-of-Valletta-from-the-shore-Malta.png\",\"contentUrl\":\"https:\/\/sit.com.mt\/wp-content\/uploads\/2020\/01\/Sunset-photo-of-city-of-Valletta-from-the-shore-Malta.png\",\"width\":182,\"height\":480,\"caption\":\"Valletta\"},{\"@type\":\"BreadcrumbList\",\"@id\":\"https:\/\/sit.com.mt\/es\/servicios\/french-leisure\/#breadcrumb\",\"itemListElement\":[{\"@type\":\"ListItem\",\"position\":1,\"name\":\"Home\",\"item\":\"https:\/\/sit.com.mt\/es\/\"},{\"@type\":\"ListItem\",\"position\":2,\"name\":\"Servicios\",\"item\":\"https:\/\/sit.com.mt\/es\/servicios\/\"},{\"@type\":\"ListItem\",\"position\":3,\"name\":\"French Leisure\"}]},{\"@type\":\"WebSite\",\"@id\":\"https:\/\/sit.com.mt\/#website\",\"url\":\"https:\/\/sit.com.mt\/\",\"name\":\"SIT Malta\",\"description\":\"Unique Travel Programs\",\"publisher\":{\"@id\":\"https:\/\/sit.com.mt\/#organization\"},\"potentialAction\":[{\"@type\":\"SearchAction\",\"target\":{\"@type\":\"EntryPoint\",\"urlTemplate\":\"https:\/\/sit.com.mt\/?s={search_term_string}\"},\"query-input\":{\"@type\":\"PropertyValueSpecification\",\"valueRequired\":true,\"valueName\":\"search_term_string\"}}],\"inLanguage\":\"es\"},{\"@type\":\"Organization\",\"@id\":\"https:\/\/sit.com.mt\/#organization\",\"name\":\"SIT Mailta\",\"url\":\"https:\/\/sit.com.mt\/\",\"logo\":{\"@type\":\"ImageObject\",\"inLanguage\":\"es\",\"@id\":\"https:\/\/sit.com.mt\/#\/schema\/logo\/image\/\",\"url\":\"https:\/\/sit.com.mt\/wp-content\/uploads\/2020\/01\/main-logo-new.svg\",\"contentUrl\":\"https:\/\/sit.com.mt\/wp-content\/uploads\/2020\/01\/main-logo-new.svg\",\"width\":1,\"height\":1,\"caption\":\"SIT Mailta\"},\"image\":{\"@id\":\"https:\/\/sit.com.mt\/#\/schema\/logo\/image\/\"}}]}<\/script>\n<!-- \/ Yoast SEO plugin. -->","yoast_head_json":{"title":"French Leisure Travel | SIT Malta","description":"Voyages \u00e0 Malte pour groupes loisirs , culturels et \u00e0 th\u00e8me, d\u00e9paysement, proche de la France et climat doux toute l\u2019ann\u00e9e. S\u00e9jours 3 a 7 nuits","robots":{"index":"index","follow":"follow","max-snippet":"max-snippet:-1","max-image-preview":"max-image-preview:large","max-video-preview":"max-video-preview:-1"},"canonical":"https:\/\/sit.com.mt\/es\/servicios\/french-leisure\/","og_locale":"es_ES","og_type":"article","og_title":"French Leisure Travel | SIT Malta","og_description":"Voyages \u00e0 Malte pour groupes loisirs , culturels et \u00e0 th\u00e8me, d\u00e9paysement, proche de la France et climat doux toute l\u2019ann\u00e9e. S\u00e9jours 3 a 7 nuits","og_url":"https:\/\/sit.com.mt\/es\/servicios\/french-leisure\/","og_site_name":"SIT Malta","article_modified_time":"2021-01-29T08:12:41+00:00","og_image":[{"width":182,"height":480,"url":"https:\/\/sit.com.mt\/wp-content\/uploads\/2020\/01\/Sunset-photo-of-city-of-Valletta-from-the-shore-Malta.png","type":"image\/png"}],"twitter_card":"summary_large_image","schema":{"@context":"https:\/\/schema.org","@graph":[{"@type":"WebPage","@id":"https:\/\/sit.com.mt\/es\/servicios\/french-leisure\/","url":"https:\/\/sit.com.mt\/es\/servicios\/french-leisure\/","name":"French Leisure Travel | SIT Malta","isPartOf":{"@id":"https:\/\/sit.com.mt\/#website"},"primaryImageOfPage":{"@id":"https:\/\/sit.com.mt\/es\/servicios\/french-leisure\/#primaryimage"},"image":{"@id":"https:\/\/sit.com.mt\/es\/servicios\/french-leisure\/#primaryimage"},"thumbnailUrl":"https:\/\/sit.com.mt\/wp-content\/uploads\/2020\/01\/Sunset-photo-of-city-of-Valletta-from-the-shore-Malta.png","datePublished":"2020-01-15T10:04:07+00:00","dateModified":"2021-01-29T08:12:41+00:00","description":"Voyages \u00e0 Malte pour groupes loisirs , culturels et \u00e0 th\u00e8me, d\u00e9paysement, proche de la France et climat doux toute l\u2019ann\u00e9e. S\u00e9jours 3 a 7 nuits","breadcrumb":{"@id":"https:\/\/sit.com.mt\/es\/servicios\/french-leisure\/#breadcrumb"},"inLanguage":"es","potentialAction":[{"@type":"ReadAction","target":["https:\/\/sit.com.mt\/es\/servicios\/french-leisure\/"]}]},{"@type":"ImageObject","inLanguage":"es","@id":"https:\/\/sit.com.mt\/es\/servicios\/french-leisure\/#primaryimage","url":"https:\/\/sit.com.mt\/wp-content\/uploads\/2020\/01\/Sunset-photo-of-city-of-Valletta-from-the-shore-Malta.png","contentUrl":"https:\/\/sit.com.mt\/wp-content\/uploads\/2020\/01\/Sunset-photo-of-city-of-Valletta-from-the-shore-Malta.png","width":182,"height":480,"caption":"Valletta"},{"@type":"BreadcrumbList","@id":"https:\/\/sit.com.mt\/es\/servicios\/french-leisure\/#breadcrumb","itemListElement":[{"@type":"ListItem","position":1,"name":"Home","item":"https:\/\/sit.com.mt\/es\/"},{"@type":"ListItem","position":2,"name":"Servicios","item":"https:\/\/sit.com.mt\/es\/servicios\/"},{"@type":"ListItem","position":3,"name":"French Leisure"}]},{"@type":"WebSite","@id":"https:\/\/sit.com.mt\/#website","url":"https:\/\/sit.com.mt\/","name":"SIT Malta","description":"Unique Travel Programs","publisher":{"@id":"https:\/\/sit.com.mt\/#organization"},"potentialAction":[{"@type":"SearchAction","target":{"@type":"EntryPoint","urlTemplate":"https:\/\/sit.com.mt\/?s={search_term_string}"},"query-input":{"@type":"PropertyValueSpecification","valueRequired":true,"valueName":"search_term_string"}}],"inLanguage":"es"},{"@type":"Organization","@id":"https:\/\/sit.com.mt\/#organization","name":"SIT Mailta","url":"https:\/\/sit.com.mt\/","logo":{"@type":"ImageObject","inLanguage":"es","@id":"https:\/\/sit.com.mt\/#\/schema\/logo\/image\/","url":"https:\/\/sit.com.mt\/wp-content\/uploads\/2020\/01\/main-logo-new.svg","contentUrl":"https:\/\/sit.com.mt\/wp-content\/uploads\/2020\/01\/main-logo-new.svg","width":1,"height":1,"caption":"SIT Mailta"},"image":{"@id":"https:\/\/sit.com.mt\/#\/schema\/logo\/image\/"}}]}},"_links":{"self":[{"href":"https:\/\/sit.com.mt\/es\/wp-json\/wp\/v2\/pages\/5967","targetHints":{"allow":["GET"]}}],"collection":[{"href":"https:\/\/sit.com.mt\/es\/wp-json\/wp\/v2\/pages"}],"about":[{"href":"https:\/\/sit.com.mt\/es\/wp-json\/wp\/v2\/types\/page"}],"author":[{"embeddable":true,"href":"https:\/\/sit.com.mt\/es\/wp-json\/wp\/v2\/users\/6"}],"replies":[{"embeddable":true,"href":"https:\/\/sit.com.mt\/es\/wp-json\/wp\/v2\/comments?post=5967"}],"version-history":[{"count":0,"href":"https:\/\/sit.com.mt\/es\/wp-json\/wp\/v2\/pages\/5967\/revisions"}],"up":[{"embeddable":true,"href":"https:\/\/sit.com.mt\/es\/wp-json\/wp\/v2\/pages\/5841"}],"wp:featuredmedia":[{"embeddable":true,"href":"https:\/\/sit.com.mt\/es\/wp-json\/wp\/v2\/media\/1112"}],"wp:attachment":[{"href":"https:\/\/sit.com.mt\/es\/wp-json\/wp\/v2\/media?parent=5967"}],"wp:term":[{"taxonomy":"category","embeddable":true,"href":"https:\/\/sit.com.mt\/es\/wp-json\/wp\/v2\/categories?post=5967"}],"curies":[{"name":"wp","href":"https:\/\/api.w.org\/{rel}","templated":true}]}}