{"id":6225,"date":"2021-02-07T16:18:53","date_gmt":"2021-02-07T16:18:53","guid":{"rendered":"https:\/\/sit.com.mt\/9-reasons-gozo-is-worth-visiting\/wellness-retreat\/"},"modified":"2021-03-24T18:06:20","modified_gmt":"2021-03-24T18:06:20","slug":"bienestar","status":"publish","type":"page","link":"https:\/\/sit.com.mt\/es\/9-razones-vale-la-pena-visitar-gozo\/bienestar\/","title":{"rendered":"Wellness Retreat"},"content":{"rendered":"<div class=\"landing-banner-block\">\n    <div class=\"landing-banner-wrap inline-bg-image lazyload\" style=\"background-image:inherit;\" data-bg-image=\"url(https:\/\/sit.com.mt\/wp-content\/uploads\/2021\/02\/girl-4981766_1280.jpg)\">\n        \n            <div class=\"content-box\" data-aos=\"fade-up\">\n                                    <h1 class=\"h1\">Bienestar<\/h1>\n                                                    <p class=\"para\">Invest in the active pursuit of activities and choices that lead you to a state of holistic health and a higher sense of purpose<\/p>\n                            <\/div>\n            \n                    <\/div>\n        \n    <\/div>\n\n<div class=\"image-desc-large-blocks-block\">\n    <div class=\"image-desc-large-blocks-wrap\">\n            <div class=\"img-desc-large-box\" data-aos=\"fade-up\" tabindex=\"1\">\n\n                        <div class=\"img inline-bg-image lazyload\" role=\"img\" aria-label=\"\" style=\"background-image:inherit;\" data-bg-image=\"url(https:\/\/sit.com.mt\/wp-content\/uploads\/2021\/02\/katherine-hanlon-mod2s3-qFOc-unsplash-scaled.jpg)\"><\/div>\n\n            <div class=\"block-title\">\n                <div class=\"v-align\">\n                    <div class=\"title\">Tratamientos Ayurveda<\/div>\n                <\/div>\n            <\/div>\n\n            <div class=\"block-content\">\n                <div class=\"title\">Tratamientos Ayurveda<\/div>\n                <div class=\"para\"><p><span style=\"font-weight: 400;\">El bienestar f\u00edsico y mental es extremadamente importante para un estilo de vida saludable. De hecho, conocemos el lugar perfecto para que usted se relaje, descanse y obtenga una perspectiva m\u00e1s positiva de la vida, que cuenta con un incre\u00edble programa de bienestar con tratamientos ayurv\u00e9dicos. Ayurveda utiliza t\u00e9cnicas de curaci\u00f3n antiguas compuestas de hierbas y aceites medicinales. Para asegurarse de seleccionar el tratamiento correcto, primero tendr\u00e1 una consulta con el m\u00e9dico ayurv\u00e9dico que lo aconsejar\u00e1 la mejor terapia tradicional india para sus necesidades espec\u00edficas.\u00a0<\/span><\/p>\n<p><span style=\"font-weight: 400;\">Masajes, tratamientos: terapias y curas hol\u00edsticas; \u00a1Tienen lo que usted necesita! Incluso puede reservar paquetes de un d\u00eda o un retiro completo envuelto en bienestar.<\/span><\/p>\n<\/div>\n            <\/div>\n\n        <\/div>\n            <div class=\"img-desc-large-box\" data-aos=\"fade-up\" tabindex=\"1\">\n\n                        <div class=\"img inline-bg-image lazyload\" role=\"img\" aria-label=\"Fanal\" style=\"background-image:inherit;\" data-bg-image=\"url(https:\/\/sit.com.mt\/wp-content\/uploads\/2020\/01\/gozo-3105847_1920-min.jpg)\"><\/div>\n\n            <div class=\"block-title\">\n                <div class=\"v-align\">\n                    <div class=\"title\">Retiro de bienestar<\/div>\n                <\/div>\n            <\/div>\n\n            <div class=\"block-content\">\n                <div class=\"title\">Retiro de bienestar<\/div>\n                <div class=\"para\"><p><span style=\"font-weight: 400;\">\u00bfQu\u00e9 mejor manera de ayudar a su cuerpo, mente y alma a rejuvenecer, relajarse, deshacerse de sus toxinas y ayudarlo a encontrar el equilibrio que un retiro de salud y bienestar en un tranquilo oasis en Gozo? Este oasis ofrece una gama de tratamientos de spa y bienestar junto con los tratamientos ayurv\u00e9dicos Indios Tradicionales que tambi\u00e9n incluyen Curas y Terapias Hol\u00edsticas. Las clases de yoga, mindfulness ( estar aqu\u00ed y ahora),\u00a0 preparaciones culinarias saludables y otros pueden ser parte de su\u00a0 bien merecido retiro de bienestar.<\/span><\/p>\n<\/div>\n            <\/div>\n\n        <\/div>\n            <div class=\"img-desc-large-box\" data-aos=\"fade-up\" tabindex=\"1\">\n\n                        <div class=\"img inline-bg-image lazyload\" role=\"img\" aria-label=\"\" style=\"background-image:inherit;\" data-bg-image=\"url(https:\/\/sit.com.mt\/wp-content\/uploads\/2020\/11\/IMG_9480-scaled.jpg)\"><\/div>\n\n            <div class=\"block-title\">\n                <div class=\"v-align\">\n                    <div class=\"title\">Yoga<\/div>\n                <\/div>\n            <\/div>\n\n            <div class=\"block-content\">\n                <div class=\"title\">Yoga<\/div>\n                <div class=\"para\"><p><span style=\"font-weight: 400;\">Comience o termine el d\u00eda saludando al sol con una clase de yoga, en una excelente ubicaci\u00f3n. Puede ser en un jard\u00edn impresionante, en un lugar asombroso junto al mar o en una tabla de surf en el mar. La mayor\u00eda de las posturas de yoga, como la &#8216;inclinaci\u00f3n hacia adelante&#8217;, la &#8216;postura del gato&#8217;, la &#8216;postura del ni\u00f1o&#8217;, la &#8216;postura del perro boca abajo&#8217; y muchas otras, son muy beneficiosas para la espalda y el cuerpo, ya que ayudan a lograr una mejor postura y liberar el dolor. Entonces, \u00bfpor qu\u00e9 no probarlo? P\u00f3ngase en contacto con nosotros para m\u00e1s informaci\u00f3n.<\/span><\/p>\n<\/div>\n            <\/div>\n\n        <\/div>\n            <div class=\"img-desc-large-box\" data-aos=\"fade-up\" tabindex=\"1\">\n\n                        <div class=\"img inline-bg-image lazyload\" role=\"img\" aria-label=\"\" style=\"background-image:inherit;\" data-bg-image=\"url(https:\/\/sit.com.mt\/wp-content\/uploads\/2021\/02\/nature-3289812_640.jpg)\"><\/div>\n\n            <div class=\"block-title\">\n                <div class=\"v-align\">\n                    <div class=\"title\">Sustentabilidad<\/div>\n                <\/div>\n            <\/div>\n\n            <div class=\"block-content\">\n                <div class=\"title\">Sustentabilidad<\/div>\n                <div class=\"para\"><p><span style=\"font-weight: 400;\">La sustentabilidad es clave para un futuro mejor, ayudaremos a preservar el medio ambiente permitiendo que las generaciones futuras sigan disfrutando de su belleza. Las islas maltesas brindan muchas oportunidades para actividades sostenibles, ya que puede plantar \u00e1rboles, ayudar a limpiar el medio ambiente, ayudar a los locales con sus productos y mucho m\u00e1s. Esto tambi\u00e9n lo ayudar\u00e1 a estar en armon\u00eda con el entorno que lo rodea, ya que la exposici\u00f3n al aire libre lo tentar\u00e1 a realizar actividades como la meditaci\u00f3n y aumentar\u00e1 su bienestar mental y f\u00edsico.<\/span><\/p>\n<\/div>\n            <\/div>\n\n        <\/div>\n            <div class=\"img-desc-large-box\" data-aos=\"fade-up\" tabindex=\"1\">\n\n                        <div class=\"img inline-bg-image lazyload\" role=\"img\" aria-label=\"people preparing to the tree planting\" style=\"background-image:inherit;\" data-bg-image=\"url(https:\/\/sit.com.mt\/wp-content\/uploads\/2019\/12\/incentives-1.png)\"><\/div>\n\n            <div class=\"block-title\">\n                <div class=\"v-align\">\n                    <div class=\"title\">Plantar \u00e1rboles<\/div>\n                <\/div>\n            <\/div>\n\n            <div class=\"block-content\">\n                <div class=\"title\">Plantar \u00e1rboles<\/div>\n                <div class=\"para\"><p><span style=\"font-weight: 400;\">\u00bfLe gustar\u00eda ser parte de un evento que ayude a dejar su huella en el mundo? \u00a1Podemos ayudarlo a que eso suceda! En Malta, existe una organizaci\u00f3n cuyo objetivo es \u00absembrar y plantar un mill\u00f3n de \u00e1rboles y arbustos del genotipo nativo y rehabilitar reservas ecol\u00f3gicas, terrenos p\u00fablicos y terrenos privados\u00bb. \u00bfQu\u00e9 es mejor que ayudarlos a que esto suceda aceptando su oferta y ayud\u00e1ndoles a preparar macetas, sembrar semillas y plantar \u00e1rboles, ya sea por su cuenta o en grupos? Tambi\u00e9n le ofrecen la oportunidad de ayudar a identificar y preparar la tierra para la forestaci\u00f3n limpiando los desechos y erradicando y monitoreando las especies ex\u00f3ticas, para despu\u00e9s plantar \u00e1rboles.<\/span><\/p>\n<p><span style=\"font-weight: 400;\">Impresionante, \u00bfno? Estas experiencias pr\u00e1cticas seguramente lo dejar\u00e1n sinti\u00e9ndose satisfecho y realizado despu\u00e9s de ayudar a sanar el medio ambiente y construir un futuro m\u00e1s sostenible para las generaciones futuras<\/span><span style=\"font-weight: 400;\">.<\/span><\/p>\n<\/div>\n            <\/div>\n\n        <\/div>\n            <div class=\"img-desc-large-box\" data-aos=\"fade-up\" tabindex=\"1\">\n\n                        <div class=\"img inline-bg-image lazyload\" role=\"img\" aria-label=\"\" style=\"background-image:inherit;\" data-bg-image=\"url(https:\/\/sit.com.mt\/wp-content\/uploads\/2021\/02\/ocean-cleanup-group-EPPS6W5LdXs-unsplash-scaled.jpg)\"><\/div>\n\n            <div class=\"block-title\">\n                <div class=\"v-align\">\n                    <div class=\"title\">Limpieza ambiental (tierras y playas)<\/div>\n                <\/div>\n            <\/div>\n\n            <div class=\"block-content\">\n                <div class=\"title\">Limpieza ambiental (tierras y playas)<\/div>\n                <div class=\"para\"><p><span style=\"font-weight: 400;\">\u00bfQu\u00e9 es mejor que ayudar al medio ambiente y salvar la naturaleza con orgullo? Nuestro Medio Ambiente es muy importante ya que es la ecolog\u00eda en la que vivimos. Solo tenemos uno y debemos cuidarlo para preservarlo para las generaciones futuras.<\/span><\/p>\n<p><span style=\"font-weight: 400;\">\u00danase a las diversas brigadas de limpiezas en Malta y Gozo, que incluyen escombros, jardines, \u00e1reas p\u00fablicas, playas y otros. Haga su parte para salvar el medio ambiente, lo cual le aseguramos que lo har\u00e1 sentir feliz y satisfecho.<\/span><\/p>\n<\/div>\n            <\/div>\n\n        <\/div>\n            <div class=\"img-desc-large-box\" data-aos=\"fade-up\" tabindex=\"1\">\n\n                        <div class=\"img inline-bg-image lazyload\" role=\"img\" aria-label=\"\" style=\"background-image:inherit;\" data-bg-image=\"url(https:\/\/sit.com.mt\/wp-content\/uploads\/2021\/02\/Sea-Salt-Collection-1-scaled.jpg)\"><\/div>\n\n            <div class=\"block-title\">\n                <div class=\"v-align\">\n                    <div class=\"title\">Cosecha de sal marina<\/div>\n                <\/div>\n            <\/div>\n\n            <div class=\"block-content\">\n                <div class=\"title\">Cosecha de sal marina<\/div>\n                <div class=\"para\"><p><span style=\"font-weight: 400;\">Redescubra uno de los oficios m\u00e1s aut\u00e9nticos y caracter\u00edsticos de Malta , sumergi\u00e9ndose en la recolecci\u00f3n de sal marina. En las Salinas de Xwejni en Gozo, rodeado de un panorama que parece salido de una pintura tienes la oportunidad de ver y probar con tus propias manos c\u00f3mo se realiza la recolecci\u00f3n de sal marina de la manera m\u00e1s tradicional y aut\u00e9ntica. La recolecci\u00f3n de sal marina puede ser no solo una experiencia cultural, sino tambi\u00e9n una actividad enriquecedora y divertida para familias y equipos. Adem\u00e1s de ayudar a los locales a recolectar sal, se ir\u00e1s con un poco de sal empaquetada como regalo de agradecimiento.<\/span><\/p>\n<\/div>\n            <\/div>\n\n        <\/div>\n    <\/div><\/div>\n\n<div class=\"tsdb-block\">\n    <div class=\"tsdb-wrap grey-bg includes-bg-text \">\n            <div class=\"inner\">\n\n                                \n                                \n                                \n                                                    <a href=\"\/contact\/\" class=\"button\" target=\"\" data-aos=\"fade-up\">Contact us<\/a>\n                                \n                \n            <\/div>\n\n                            <div class=\"bg-text\" data-aos=\"fade-up\">Luxury<\/div>\n                    <\/div>\n    \n    <\/div>\n\n<div class=\"more-services-block\">\n    <div class=\"more-services-wrap\">\n        <div class=\"inner clearfix\">\n\n            <div class=\"left\">\n                <div class=\"v-align\">\n                    <div data-aos=\"fade-right\">\n                        <h2 class=\"h2\">Usted tambi\u00e9n puede estar interesado en<\/h2>\n                        <h4 class=\"h4\">OTRO TIPO DE EVENTOS                            <span class=\"full-arrow is-right no-margin long\"><\/span>\n                        <\/h4>\n\n                                                                            <a href=\"\/services\/\" class=\"button hide-m\" target=\"\">View all our services<\/a>\n                                            <\/div>\n                <\/div>\n            <\/div>\n\n            <div class=\"right services\">\n                                    \n                                                \n                        \n                        \n                            \n                            <a href=\"https:\/\/sit.com.mt\/es\/servicios\/grupos-de-interes-especial\/\" class=\"link-wrap\" data-aos=\"fade-up\" data-aos-offset=\"50\">\n                                <div class=\"service inline-bg-image lazyload\" style=\"background-image:inherit;\" data-bg-image=\"url(https:\/\/sit.com.mt\/wp-content\/uploads\/2020\/05\/bg-change-otherleisure-scaled.jpg)\">\n\n                                    <div class=\"narrow-column\">\n                                        <div class=\"v-align\">\n                                            <div class=\"service-title\">Grupos de Inter\u00e9s Especial<\/div>\n                                        <\/div>\n                                    <\/div>\n\n                                <\/div>\n                            <\/a>\n\n                        \n                    \n                                                \n                        \n                        \n                                                <\/div>\n\n                                        <a href=\"\/services\/\" class=\"button hide-d\" target=\"\" data-aos=\"fade-up\">View all our services<\/a>\n                    <\/div>\n    <\/div>\n\n    <\/div>","protected":false},"excerpt":{"rendered":"<p>SIT brings experience and expertise in all aspects of staging the perfect event &#8211; from an initial tailor made proposal, incentive programme to management and co-ordination of all aspects \u2013 we make it happen!<\/p>\n","protected":false},"author":6,"featured_media":0,"parent":5756,"menu_order":0,"comment_status":"closed","ping_status":"closed","template":"","meta":{"footnotes":""},"categories":[2,67],"class_list":["post-6225","page","type-page","status-publish","hentry","category-services","category-services-es"],"acf":[],"yoast_head":"<!-- This site is optimized with the Yoast SEO plugin v25.3 - https:\/\/yoast.com\/wordpress\/plugins\/seo\/ -->\n<title>Wellness Retreat on Malta &amp; Gozo | SIT Malta<\/title>\n<meta name=\"robots\" content=\"index, follow, max-snippet:-1, max-image-preview:large, max-video-preview:-1\" \/>\n<link rel=\"canonical\" href=\"https:\/\/sit.com.mt\/es\/9-razones-vale-la-pena-visitar-gozo\/bienestar\/\" \/>\n<meta property=\"og:locale\" content=\"es_ES\" \/>\n<meta property=\"og:type\" content=\"article\" \/>\n<meta property=\"og:title\" content=\"Wellness Retreat on Malta &amp; Gozo | SIT Malta\" \/>\n<meta property=\"og:description\" content=\"SIT brings experience and expertise in all aspects of staging the perfect event - from an initial tailor made proposal, incentive programme to management and co-ordination of all aspects \u2013 we make it happen!\" \/>\n<meta property=\"og:url\" content=\"https:\/\/sit.com.mt\/es\/9-razones-vale-la-pena-visitar-gozo\/bienestar\/\" \/>\n<meta property=\"og:site_name\" content=\"SIT Malta\" \/>\n<meta property=\"article:modified_time\" content=\"2021-03-24T18:06:20+00:00\" \/>\n<meta name=\"twitter:card\" content=\"summary_large_image\" \/>\n<script type=\"application\/ld+json\" class=\"yoast-schema-graph\">{\"@context\":\"https:\/\/schema.org\",\"@graph\":[{\"@type\":\"WebPage\",\"@id\":\"https:\/\/sit.com.mt\/es\/9-razones-vale-la-pena-visitar-gozo\/bienestar\/\",\"url\":\"https:\/\/sit.com.mt\/es\/9-razones-vale-la-pena-visitar-gozo\/bienestar\/\",\"name\":\"Wellness Retreat on Malta & Gozo | SIT Malta\",\"isPartOf\":{\"@id\":\"https:\/\/sit.com.mt\/#website\"},\"datePublished\":\"2021-02-07T16:18:53+00:00\",\"dateModified\":\"2021-03-24T18:06:20+00:00\",\"breadcrumb\":{\"@id\":\"https:\/\/sit.com.mt\/es\/9-razones-vale-la-pena-visitar-gozo\/bienestar\/#breadcrumb\"},\"inLanguage\":\"es\",\"potentialAction\":[{\"@type\":\"ReadAction\",\"target\":[\"https:\/\/sit.com.mt\/es\/9-razones-vale-la-pena-visitar-gozo\/bienestar\/\"]}]},{\"@type\":\"BreadcrumbList\",\"@id\":\"https:\/\/sit.com.mt\/es\/9-razones-vale-la-pena-visitar-gozo\/bienestar\/#breadcrumb\",\"itemListElement\":[{\"@type\":\"ListItem\",\"position\":1,\"name\":\"Home\",\"item\":\"https:\/\/sit.com.mt\/es\/\"},{\"@type\":\"ListItem\",\"position\":2,\"name\":\"Gozo\",\"item\":\"https:\/\/sit.com.mt\/es\/9-razones-vale-la-pena-visitar-gozo\/\"},{\"@type\":\"ListItem\",\"position\":3,\"name\":\"Wellness Retreat\"}]},{\"@type\":\"WebSite\",\"@id\":\"https:\/\/sit.com.mt\/#website\",\"url\":\"https:\/\/sit.com.mt\/\",\"name\":\"SIT Malta\",\"description\":\"Unique Travel Programs\",\"publisher\":{\"@id\":\"https:\/\/sit.com.mt\/#organization\"},\"potentialAction\":[{\"@type\":\"SearchAction\",\"target\":{\"@type\":\"EntryPoint\",\"urlTemplate\":\"https:\/\/sit.com.mt\/?s={search_term_string}\"},\"query-input\":{\"@type\":\"PropertyValueSpecification\",\"valueRequired\":true,\"valueName\":\"search_term_string\"}}],\"inLanguage\":\"es\"},{\"@type\":\"Organization\",\"@id\":\"https:\/\/sit.com.mt\/#organization\",\"name\":\"SIT Mailta\",\"url\":\"https:\/\/sit.com.mt\/\",\"logo\":{\"@type\":\"ImageObject\",\"inLanguage\":\"es\",\"@id\":\"https:\/\/sit.com.mt\/#\/schema\/logo\/image\/\",\"url\":\"https:\/\/sit.com.mt\/wp-content\/uploads\/2020\/01\/main-logo-new.svg\",\"contentUrl\":\"https:\/\/sit.com.mt\/wp-content\/uploads\/2020\/01\/main-logo-new.svg\",\"width\":1,\"height\":1,\"caption\":\"SIT Mailta\"},\"image\":{\"@id\":\"https:\/\/sit.com.mt\/#\/schema\/logo\/image\/\"}}]}<\/script>\n<!-- \/ Yoast SEO plugin. -->","yoast_head_json":{"title":"Wellness Retreat on Malta & Gozo | SIT Malta","robots":{"index":"index","follow":"follow","max-snippet":"max-snippet:-1","max-image-preview":"max-image-preview:large","max-video-preview":"max-video-preview:-1"},"canonical":"https:\/\/sit.com.mt\/es\/9-razones-vale-la-pena-visitar-gozo\/bienestar\/","og_locale":"es_ES","og_type":"article","og_title":"Wellness Retreat on Malta & Gozo | SIT Malta","og_description":"SIT brings experience and expertise in all aspects of staging the perfect event - from an initial tailor made proposal, incentive programme to management and co-ordination of all aspects \u2013 we make it happen!","og_url":"https:\/\/sit.com.mt\/es\/9-razones-vale-la-pena-visitar-gozo\/bienestar\/","og_site_name":"SIT Malta","article_modified_time":"2021-03-24T18:06:20+00:00","twitter_card":"summary_large_image","schema":{"@context":"https:\/\/schema.org","@graph":[{"@type":"WebPage","@id":"https:\/\/sit.com.mt\/es\/9-razones-vale-la-pena-visitar-gozo\/bienestar\/","url":"https:\/\/sit.com.mt\/es\/9-razones-vale-la-pena-visitar-gozo\/bienestar\/","name":"Wellness Retreat on Malta & Gozo | SIT Malta","isPartOf":{"@id":"https:\/\/sit.com.mt\/#website"},"datePublished":"2021-02-07T16:18:53+00:00","dateModified":"2021-03-24T18:06:20+00:00","breadcrumb":{"@id":"https:\/\/sit.com.mt\/es\/9-razones-vale-la-pena-visitar-gozo\/bienestar\/#breadcrumb"},"inLanguage":"es","potentialAction":[{"@type":"ReadAction","target":["https:\/\/sit.com.mt\/es\/9-razones-vale-la-pena-visitar-gozo\/bienestar\/"]}]},{"@type":"BreadcrumbList","@id":"https:\/\/sit.com.mt\/es\/9-razones-vale-la-pena-visitar-gozo\/bienestar\/#breadcrumb","itemListElement":[{"@type":"ListItem","position":1,"name":"Home","item":"https:\/\/sit.com.mt\/es\/"},{"@type":"ListItem","position":2,"name":"Gozo","item":"https:\/\/sit.com.mt\/es\/9-razones-vale-la-pena-visitar-gozo\/"},{"@type":"ListItem","position":3,"name":"Wellness Retreat"}]},{"@type":"WebSite","@id":"https:\/\/sit.com.mt\/#website","url":"https:\/\/sit.com.mt\/","name":"SIT Malta","description":"Unique Travel Programs","publisher":{"@id":"https:\/\/sit.com.mt\/#organization"},"potentialAction":[{"@type":"SearchAction","target":{"@type":"EntryPoint","urlTemplate":"https:\/\/sit.com.mt\/?s={search_term_string}"},"query-input":{"@type":"PropertyValueSpecification","valueRequired":true,"valueName":"search_term_string"}}],"inLanguage":"es"},{"@type":"Organization","@id":"https:\/\/sit.com.mt\/#organization","name":"SIT Mailta","url":"https:\/\/sit.com.mt\/","logo":{"@type":"ImageObject","inLanguage":"es","@id":"https:\/\/sit.com.mt\/#\/schema\/logo\/image\/","url":"https:\/\/sit.com.mt\/wp-content\/uploads\/2020\/01\/main-logo-new.svg","contentUrl":"https:\/\/sit.com.mt\/wp-content\/uploads\/2020\/01\/main-logo-new.svg","width":1,"height":1,"caption":"SIT Mailta"},"image":{"@id":"https:\/\/sit.com.mt\/#\/schema\/logo\/image\/"}}]}},"_links":{"self":[{"href":"https:\/\/sit.com.mt\/es\/wp-json\/wp\/v2\/pages\/6225","targetHints":{"allow":["GET"]}}],"collection":[{"href":"https:\/\/sit.com.mt\/es\/wp-json\/wp\/v2\/pages"}],"about":[{"href":"https:\/\/sit.com.mt\/es\/wp-json\/wp\/v2\/types\/page"}],"author":[{"embeddable":true,"href":"https:\/\/sit.com.mt\/es\/wp-json\/wp\/v2\/users\/6"}],"replies":[{"embeddable":true,"href":"https:\/\/sit.com.mt\/es\/wp-json\/wp\/v2\/comments?post=6225"}],"version-history":[{"count":0,"href":"https:\/\/sit.com.mt\/es\/wp-json\/wp\/v2\/pages\/6225\/revisions"}],"up":[{"embeddable":true,"href":"https:\/\/sit.com.mt\/es\/wp-json\/wp\/v2\/pages\/5756"}],"wp:attachment":[{"href":"https:\/\/sit.com.mt\/es\/wp-json\/wp\/v2\/media?parent=6225"}],"wp:term":[{"taxonomy":"category","embeddable":true,"href":"https:\/\/sit.com.mt\/es\/wp-json\/wp\/v2\/categories?post=6225"}],"curies":[{"name":"wp","href":"https:\/\/api.w.org\/{rel}","templated":true}]}}