{"id":6802,"date":"2021-02-07T12:24:03","date_gmt":"2021-02-07T12:24:03","guid":{"rendered":"https:\/\/sit.com.mt\/servicios\/luxury-travel\/"},"modified":"2021-10-31T09:08:54","modified_gmt":"2021-10-31T09:08:54","slug":"viajes-de-lujo","status":"publish","type":"page","link":"https:\/\/sit.com.mt\/es\/servicios\/viajes-de-lujo\/","title":{"rendered":"VIAJES DE LUJO"},"content":{"rendered":"<div class=\"landing-banner-block\">\n    <div class=\"landing-banner-wrap inline-bg-image lazyload\" style=\"background-image:inherit;\" data-bg-image=\"url(https:\/\/sit.com.mt\/wp-content\/uploads\/2021\/02\/marina-boats-4718543_1280.jpg)\">\n        \n            <div class=\"content-box\" data-aos=\"fade-up\">\n                                    <h1 class=\"h1\">VIAJES DE LUJO<\/h1>\n                                                    <p class=\"para\">Los viajes de lujo son una industria en constante evoluci\u00f3n, var\u00eda seg\u00fan diferentes perspectivas. En SIT sabemos adaptarnos y estamos \u00e1vidos de innovaci\u00f3n y originalidad. Somos expertos en dise\u00f1ar y ejecutar experiencias memorables.\r\n<\/p>\n                            <\/div>\n            \n                    <\/div>\n        \n    <\/div>\n\n<div class=\"image-desc-large-blocks-block\">\n    <div class=\"image-desc-large-blocks-wrap\">\n            <div class=\"img-desc-large-box\" data-aos=\"fade-up\" tabindex=\"1\">\n\n                        <div class=\"img inline-bg-image lazyload\" role=\"img\" aria-label=\"\" style=\"background-image:inherit;\" data-bg-image=\"url(https:\/\/sit.com.mt\/wp-content\/uploads\/2021\/03\/164495845_744572432892396_7078695853249743080_n.jpg)\"><\/div>\n\n            <div class=\"block-title\">\n                <div class=\"v-align\">\n                    <div class=\"title\">EXCLUSIVA EXPERIENCIA AROM\u00c1TICA <\/div>\n                <\/div>\n            <\/div>\n\n            <div class=\"block-content\">\n                <div class=\"title\">EXCLUSIVA EXPERIENCIA AROM\u00c1TICA <\/div>\n                <div class=\"para\"><p><span style=\"font-weight: 400;\">\u00a1Aprende la historia y las t\u00e9cnicas del arte del perfumista en un aclamado Atelier de Malta!<\/span><\/p>\n<p>&nbsp;<\/p>\n<p><span style=\"font-weight: 400;\">\u00bfQu\u00e9 mejor manera de expresar tu personalidad que creando tu propio perfume? \u00a1Una f\u00f3rmula \u00fanica que te llevar\u00e1s a casa! \u00a1Prep\u00e1rate para un verdadero viaje de tus sentidos! Disfruta, mientras un experto en perfumes te revela la magia de este delicado arte.<\/span><\/p>\n<\/div>\n            <\/div>\n\n        <\/div>\n            <div class=\"img-desc-large-box\" data-aos=\"fade-up\" tabindex=\"1\">\n\n                        <div class=\"img inline-bg-image lazyload\" role=\"img\" aria-label=\"\" style=\"background-image:inherit;\" data-bg-image=\"url(https:\/\/sit.com.mt\/wp-content\/uploads\/2020\/07\/1.jpg)\"><\/div>\n\n            <div class=\"block-title\">\n                <div class=\"v-align\">\n                    <div class=\"title\">SERVICIO DE CONDUCTOR EJECUTIVO<\/div>\n                <\/div>\n            <\/div>\n\n            <div class=\"block-content\">\n                <div class=\"title\">SERVICIO DE CONDUCTOR EJECUTIVO<\/div>\n                <div class=\"para\"><p><span style=\"font-weight: 400;\">Ofrecemos un servicio de transporte exclusivo, personalizado y de alta gama, con conductores profesionales que est\u00e1n siempre listos para recibirte con una sonrisa.<\/span><\/p>\n<\/div>\n            <\/div>\n\n        <\/div>\n            <div class=\"img-desc-large-box\" data-aos=\"fade-up\" tabindex=\"1\">\n\n                        <div class=\"img inline-bg-image lazyload\" role=\"img\" aria-label=\"\" style=\"background-image:inherit;\" data-bg-image=\"url(https:\/\/sit.com.mt\/wp-content\/uploads\/2020\/07\/3.jpg)\"><\/div>\n\n            <div class=\"block-title\">\n                <div class=\"v-align\">\n                    <div class=\"title\">COCHES ANTIGUOS con ESCOLTA POLICIAL <\/div>\n                <\/div>\n            <\/div>\n\n            <div class=\"block-content\">\n                <div class=\"title\">COCHES ANTIGUOS con ESCOLTA POLICIAL <\/div>\n                <div class=\"para\"><p><span style=\"font-weight: 400;\">Admira Malta con estilo, a bordo de los legendarios y fascinantes coches antiguos mientras evoca la admiraci\u00f3n de los transe\u00fantes mientras recorres triunfalmente las calles de Malta.<\/span><\/p>\n<\/div>\n            <\/div>\n\n        <\/div>\n            <div class=\"img-desc-large-box\" data-aos=\"fade-up\" tabindex=\"1\">\n\n                        <div class=\"img inline-bg-image lazyload\" role=\"img\" aria-label=\"\" style=\"background-image:inherit;\" data-bg-image=\"url(https:\/\/sit.com.mt\/wp-content\/uploads\/2021\/03\/lux-charters-1f1UtJIjkTs-unsplash-scaled.jpg)\"><\/div>\n\n            <div class=\"block-title\">\n                <div class=\"v-align\">\n                    <div class=\"title\">YATES DE LUJO<\/div>\n                <\/div>\n            <\/div>\n\n            <div class=\"block-content\">\n                <div class=\"title\">YATES DE LUJO<\/div>\n                <div class=\"para\"><p><span style=\"font-weight: 400;\">Est\u00e1 la buena vida y luego est\u00e1 la vida en un yate. Las islas maltesas son el lugar perfecto para la vida en yates. D\u00e9jate mimar por las suaves olas del mar Mediterr\u00e1neo y por los servicios de lujo dignos de un hotel de 5 estrellas.<\/span><\/p>\n<\/div>\n            <\/div>\n\n        <\/div>\n            <div class=\"img-desc-large-box\" data-aos=\"fade-up\" tabindex=\"1\">\n\n                        <div class=\"img inline-bg-image lazyload\" role=\"img\" aria-label=\"\" style=\"background-image:inherit;\" data-bg-image=\"url(https:\/\/sit.com.mt\/wp-content\/uploads\/2021\/02\/jennifer-griffin-osNl3-g9VoU-unsplash-1.jpg)\"><\/div>\n\n            <div class=\"block-title\">\n                <div class=\"v-align\">\n                    <div class=\"title\">RESTAURANTES MICHELIN<\/div>\n                <\/div>\n            <\/div>\n\n            <div class=\"block-content\">\n                <div class=\"title\">RESTAURANTES MICHELIN<\/div>\n                <div class=\"para\"><p><span style=\"font-weight: 400;\">Michelin es la gu\u00eda m\u00e1s reconocida para restaurantes a nivel mundial y, por primera vez en 2020, la gu\u00eda incluy\u00f3 26 restaurantes en Malta y Gozo. Adem\u00e1s, 3 de estos restaurantes fueron premiados, con una estrella Michelin: De Mondion, Under Grain y Noni.<\/span><\/p>\n<\/div>\n            <\/div>\n\n        <\/div>\n            <div class=\"img-desc-large-box\" data-aos=\"fade-up\" tabindex=\"1\">\n\n                        <div class=\"img inline-bg-image lazyload\" role=\"img\" aria-label=\"\" style=\"background-image:inherit;\" data-bg-image=\"url(https:\/\/sit.com.mt\/wp-content\/uploads\/2021\/03\/joshua-coleman-Ay0BrcBN7h8-unsplash-scaled.jpg)\"><\/div>\n\n            <div class=\"block-title\">\n                <div class=\"v-align\">\n                    <div class=\"title\">JETS PRIVADOS<\/div>\n                <\/div>\n            <\/div>\n\n            <div class=\"block-content\">\n                <div class=\"title\">JETS PRIVADOS<\/div>\n                <div class=\"para\"><p><span style=\"font-weight: 400;\">\u00bfQuieres viajar con lujo y estilo? \u00bfte gustar\u00eda evitar las colas en el aeropuerto y los largos registros de facturaci\u00f3n? El alquiler de jet privado es una forma exclusiva de transporte a\u00e9reo para viajes corporativos y de placer. Una experiencia memorable que seguramente te dejar\u00e1 boquiabierto con memorias inolvidable.<\/span><\/p>\n<\/div>\n            <\/div>\n\n        <\/div>\n            <div class=\"img-desc-large-box\" data-aos=\"fade-up\" tabindex=\"1\">\n\n                        <div class=\"img inline-bg-image lazyload\" role=\"img\" aria-label=\"\" style=\"background-image:inherit;\" data-bg-image=\"url(https:\/\/sit.com.mt\/wp-content\/uploads\/2021\/03\/MLA_73646_Corinthia_Palace_Hotel__Spa_1120_08.jpg)\"><\/div>\n\n            <div class=\"block-title\">\n                <div class=\"v-align\">\n                    <div class=\"title\">ALOJAMIENTO DE LUJO<\/div>\n                <\/div>\n            <\/div>\n\n            <div class=\"block-content\">\n                <div class=\"title\">ALOJAMIENTO DE LUJO<\/div>\n                <div class=\"para\"><p><span style=\"font-weight: 400;\">Habitaciones que parecen obras de arte, vistas espectaculares que encantar\u00e1n a cualquiera y servicios impecables. Esto es solo una muestra de lo que puede encontrar en los hoteles de lujo de Malta.<\/span><\/p>\n<\/div>\n            <\/div>\n\n        <\/div>\n    <\/div><\/div>\n\n<div class=\"team-contact-block\">\n    <div class=\"team-contact-wrap light-bg includes-bg-text\">\n        <div class=\"inner\">\n\n            <h2 class=\"h2\" data-aos=\"fade-up\">Cont\u00e1ctanos <\/h2>\n            <h4 class=\"h4\" data-aos=\"fade-up\">CONTACTA A UNO DE LOS MIEMBROS DE NUESTRO DEL EQUIPO A CONTINUACI\u00d3N<\/h4>\n\n            <div class=\"contains-team\">\n                                                            <a href=\"mailto:tnaudi@sit.com.mt\" class=\"person\" data-aos=\"fade-up\">\n\n                                                        <div class=\"img inline-bg-image lazyload\" role=\"img\" aria-label=\"\" style=\"background-image:inherit;\" data-bg-image=\"url(https:\/\/sit.com.mt\/wp-content\/uploads\/2023\/03\/ThomasNaudi.png)\"><\/div>\n\n                            <div class=\"name\">Thomas Naudi<\/div>\n                            <div class=\"role\">General Manager<\/div>\n                            <div class=\"subtitle\"><\/div>\n\n                        <\/a>\n                                            <a href=\"mailto:rgafa@sit.com.mt\" class=\"person\" data-aos=\"fade-up\">\n\n                                                        <div class=\"img inline-bg-image lazyload\" role=\"img\" aria-label=\"Roberta\" style=\"background-image:inherit;\" data-bg-image=\"url(https:\/\/sit.com.mt\/wp-content\/uploads\/2020\/02\/Roberta-Gafa-min-scaled-e1581431694485.jpg)\"><\/div>\n\n                            <div class=\"name\">Roberta Gafa<\/div>\n                            <div class=\"role\">Division Manager<\/div>\n                            <div class=\"subtitle\"><\/div>\n\n                        <\/a>\n                                                <\/div>\n        <\/div>\n        <div class=\"bg-text\" data-aos=\"fade-up\">Exclusivo<\/div>\n    <\/div>\n    <\/div>\n\n<div class=\"more-services-block\">\n    <div class=\"more-services-wrap\">\n        <div class=\"inner clearfix\">\n\n            <div class=\"left\">\n                <div class=\"v-align\">\n                    <div data-aos=\"fade-right\">\n                        <h2 class=\"h2\">Tambi\u00e9n puedes estar interesado en<\/h2>\n                        <h4 class=\"h4\">OTRO TIPO DE EVENTOS                             <span class=\"full-arrow is-right no-margin long\"><\/span>\n                        <\/h4>\n\n                                                                            <a href=\"\/es\/servicios\/\" class=\"button hide-m\" target=\"\">Ve nuestros servicios<\/a>\n                                            <\/div>\n                <\/div>\n            <\/div>\n\n            <div class=\"right services\">\n                                    \n                                                \n                        \n                        \n                    \n                                                \n                        \n                        \n                                                <\/div>\n\n                                        <a href=\"\/es\/servicios\/\" class=\"button hide-d\" target=\"\" data-aos=\"fade-up\">Ve nuestros servicios<\/a>\n                    <\/div>\n    <\/div>\n\n    <\/div>","protected":false},"excerpt":{"rendered":"<p>Los viajes de lujo son una industria en constante evoluci\u00f3n, var\u00eda seg\u00fan diferentes perspectivas. En SIT sabemos adaptarnos y estamos \u00e1vidos de innovaci\u00f3n y originalidad. Somos expertos en dise\u00f1ar y ejecutar experiencias memorables.<\/p>\n","protected":false},"author":6,"featured_media":6180,"parent":5841,"menu_order":0,"comment_status":"closed","ping_status":"closed","template":"","meta":{"footnotes":""},"categories":[67],"class_list":["post-6802","page","type-page","status-publish","has-post-thumbnail","hentry","category-services-es"],"acf":[],"yoast_head":"<!-- This site is optimized with the Yoast SEO plugin v25.3 - https:\/\/yoast.com\/wordpress\/plugins\/seo\/ -->\n<title>Viajes de Lujo con SIT Malta<\/title>\n<meta name=\"robots\" content=\"index, follow, max-snippet:-1, max-image-preview:large, max-video-preview:-1\" \/>\n<link rel=\"canonical\" href=\"https:\/\/sit.com.mt\/es\/servicios\/viajes-de-lujo\/\" \/>\n<meta property=\"og:locale\" content=\"es_ES\" \/>\n<meta property=\"og:type\" content=\"article\" \/>\n<meta property=\"og:title\" content=\"Viajes de Lujo con SIT Malta\" \/>\n<meta property=\"og:description\" content=\"Los viajes de lujo son una industria en constante evoluci\u00f3n, var\u00eda seg\u00fan diferentes perspectivas. En SIT sabemos adaptarnos y estamos \u00e1vidos de innovaci\u00f3n y originalidad. Somos expertos en dise\u00f1ar y ejecutar experiencias memorables.\" \/>\n<meta property=\"og:url\" content=\"https:\/\/sit.com.mt\/es\/servicios\/viajes-de-lujo\/\" \/>\n<meta property=\"og:site_name\" content=\"SIT Malta\" \/>\n<meta property=\"article:modified_time\" content=\"2021-10-31T09:08:54+00:00\" \/>\n<meta property=\"og:image\" content=\"https:\/\/sit.com.mt\/wp-content\/uploads\/2021\/02\/marina-boats-4718543_1280.jpg\" \/>\n\t<meta property=\"og:image:width\" content=\"1280\" \/>\n\t<meta property=\"og:image:height\" content=\"720\" \/>\n\t<meta property=\"og:image:type\" content=\"image\/jpeg\" \/>\n<meta name=\"twitter:card\" content=\"summary_large_image\" \/>\n<script type=\"application\/ld+json\" class=\"yoast-schema-graph\">{\"@context\":\"https:\/\/schema.org\",\"@graph\":[{\"@type\":\"WebPage\",\"@id\":\"https:\/\/sit.com.mt\/es\/servicios\/viajes-de-lujo\/\",\"url\":\"https:\/\/sit.com.mt\/es\/servicios\/viajes-de-lujo\/\",\"name\":\"Viajes de Lujo con SIT Malta\",\"isPartOf\":{\"@id\":\"https:\/\/sit.com.mt\/#website\"},\"primaryImageOfPage\":{\"@id\":\"https:\/\/sit.com.mt\/es\/servicios\/viajes-de-lujo\/#primaryimage\"},\"image\":{\"@id\":\"https:\/\/sit.com.mt\/es\/servicios\/viajes-de-lujo\/#primaryimage\"},\"thumbnailUrl\":\"https:\/\/sit.com.mt\/wp-content\/uploads\/2021\/02\/marina-boats-4718543_1280.jpg\",\"datePublished\":\"2021-02-07T12:24:03+00:00\",\"dateModified\":\"2021-10-31T09:08:54+00:00\",\"breadcrumb\":{\"@id\":\"https:\/\/sit.com.mt\/es\/servicios\/viajes-de-lujo\/#breadcrumb\"},\"inLanguage\":\"es\",\"potentialAction\":[{\"@type\":\"ReadAction\",\"target\":[\"https:\/\/sit.com.mt\/es\/servicios\/viajes-de-lujo\/\"]}]},{\"@type\":\"ImageObject\",\"inLanguage\":\"es\",\"@id\":\"https:\/\/sit.com.mt\/es\/servicios\/viajes-de-lujo\/#primaryimage\",\"url\":\"https:\/\/sit.com.mt\/wp-content\/uploads\/2021\/02\/marina-boats-4718543_1280.jpg\",\"contentUrl\":\"https:\/\/sit.com.mt\/wp-content\/uploads\/2021\/02\/marina-boats-4718543_1280.jpg\",\"width\":1280,\"height\":720},{\"@type\":\"BreadcrumbList\",\"@id\":\"https:\/\/sit.com.mt\/es\/servicios\/viajes-de-lujo\/#breadcrumb\",\"itemListElement\":[{\"@type\":\"ListItem\",\"position\":1,\"name\":\"Home\",\"item\":\"https:\/\/sit.com.mt\/es\/\"},{\"@type\":\"ListItem\",\"position\":2,\"name\":\"Servicios\",\"item\":\"https:\/\/sit.com.mt\/es\/servicios\/\"},{\"@type\":\"ListItem\",\"position\":3,\"name\":\"VIAJES DE LUJO\"}]},{\"@type\":\"WebSite\",\"@id\":\"https:\/\/sit.com.mt\/#website\",\"url\":\"https:\/\/sit.com.mt\/\",\"name\":\"SIT Malta\",\"description\":\"Unique Travel Programs\",\"publisher\":{\"@id\":\"https:\/\/sit.com.mt\/#organization\"},\"potentialAction\":[{\"@type\":\"SearchAction\",\"target\":{\"@type\":\"EntryPoint\",\"urlTemplate\":\"https:\/\/sit.com.mt\/?s={search_term_string}\"},\"query-input\":{\"@type\":\"PropertyValueSpecification\",\"valueRequired\":true,\"valueName\":\"search_term_string\"}}],\"inLanguage\":\"es\"},{\"@type\":\"Organization\",\"@id\":\"https:\/\/sit.com.mt\/#organization\",\"name\":\"SIT Mailta\",\"url\":\"https:\/\/sit.com.mt\/\",\"logo\":{\"@type\":\"ImageObject\",\"inLanguage\":\"es\",\"@id\":\"https:\/\/sit.com.mt\/#\/schema\/logo\/image\/\",\"url\":\"https:\/\/sit.com.mt\/wp-content\/uploads\/2020\/01\/main-logo-new.svg\",\"contentUrl\":\"https:\/\/sit.com.mt\/wp-content\/uploads\/2020\/01\/main-logo-new.svg\",\"width\":1,\"height\":1,\"caption\":\"SIT Mailta\"},\"image\":{\"@id\":\"https:\/\/sit.com.mt\/#\/schema\/logo\/image\/\"}}]}<\/script>\n<!-- \/ Yoast SEO plugin. -->","yoast_head_json":{"title":"Viajes de Lujo con SIT Malta","robots":{"index":"index","follow":"follow","max-snippet":"max-snippet:-1","max-image-preview":"max-image-preview:large","max-video-preview":"max-video-preview:-1"},"canonical":"https:\/\/sit.com.mt\/es\/servicios\/viajes-de-lujo\/","og_locale":"es_ES","og_type":"article","og_title":"Viajes de Lujo con SIT Malta","og_description":"Los viajes de lujo son una industria en constante evoluci\u00f3n, var\u00eda seg\u00fan diferentes perspectivas. En SIT sabemos adaptarnos y estamos \u00e1vidos de innovaci\u00f3n y originalidad. Somos expertos en dise\u00f1ar y ejecutar experiencias memorables.","og_url":"https:\/\/sit.com.mt\/es\/servicios\/viajes-de-lujo\/","og_site_name":"SIT Malta","article_modified_time":"2021-10-31T09:08:54+00:00","og_image":[{"width":1280,"height":720,"url":"https:\/\/sit.com.mt\/wp-content\/uploads\/2021\/02\/marina-boats-4718543_1280.jpg","type":"image\/jpeg"}],"twitter_card":"summary_large_image","schema":{"@context":"https:\/\/schema.org","@graph":[{"@type":"WebPage","@id":"https:\/\/sit.com.mt\/es\/servicios\/viajes-de-lujo\/","url":"https:\/\/sit.com.mt\/es\/servicios\/viajes-de-lujo\/","name":"Viajes de Lujo con SIT Malta","isPartOf":{"@id":"https:\/\/sit.com.mt\/#website"},"primaryImageOfPage":{"@id":"https:\/\/sit.com.mt\/es\/servicios\/viajes-de-lujo\/#primaryimage"},"image":{"@id":"https:\/\/sit.com.mt\/es\/servicios\/viajes-de-lujo\/#primaryimage"},"thumbnailUrl":"https:\/\/sit.com.mt\/wp-content\/uploads\/2021\/02\/marina-boats-4718543_1280.jpg","datePublished":"2021-02-07T12:24:03+00:00","dateModified":"2021-10-31T09:08:54+00:00","breadcrumb":{"@id":"https:\/\/sit.com.mt\/es\/servicios\/viajes-de-lujo\/#breadcrumb"},"inLanguage":"es","potentialAction":[{"@type":"ReadAction","target":["https:\/\/sit.com.mt\/es\/servicios\/viajes-de-lujo\/"]}]},{"@type":"ImageObject","inLanguage":"es","@id":"https:\/\/sit.com.mt\/es\/servicios\/viajes-de-lujo\/#primaryimage","url":"https:\/\/sit.com.mt\/wp-content\/uploads\/2021\/02\/marina-boats-4718543_1280.jpg","contentUrl":"https:\/\/sit.com.mt\/wp-content\/uploads\/2021\/02\/marina-boats-4718543_1280.jpg","width":1280,"height":720},{"@type":"BreadcrumbList","@id":"https:\/\/sit.com.mt\/es\/servicios\/viajes-de-lujo\/#breadcrumb","itemListElement":[{"@type":"ListItem","position":1,"name":"Home","item":"https:\/\/sit.com.mt\/es\/"},{"@type":"ListItem","position":2,"name":"Servicios","item":"https:\/\/sit.com.mt\/es\/servicios\/"},{"@type":"ListItem","position":3,"name":"VIAJES DE LUJO"}]},{"@type":"WebSite","@id":"https:\/\/sit.com.mt\/#website","url":"https:\/\/sit.com.mt\/","name":"SIT Malta","description":"Unique Travel Programs","publisher":{"@id":"https:\/\/sit.com.mt\/#organization"},"potentialAction":[{"@type":"SearchAction","target":{"@type":"EntryPoint","urlTemplate":"https:\/\/sit.com.mt\/?s={search_term_string}"},"query-input":{"@type":"PropertyValueSpecification","valueRequired":true,"valueName":"search_term_string"}}],"inLanguage":"es"},{"@type":"Organization","@id":"https:\/\/sit.com.mt\/#organization","name":"SIT Mailta","url":"https:\/\/sit.com.mt\/","logo":{"@type":"ImageObject","inLanguage":"es","@id":"https:\/\/sit.com.mt\/#\/schema\/logo\/image\/","url":"https:\/\/sit.com.mt\/wp-content\/uploads\/2020\/01\/main-logo-new.svg","contentUrl":"https:\/\/sit.com.mt\/wp-content\/uploads\/2020\/01\/main-logo-new.svg","width":1,"height":1,"caption":"SIT Mailta"},"image":{"@id":"https:\/\/sit.com.mt\/#\/schema\/logo\/image\/"}}]}},"_links":{"self":[{"href":"https:\/\/sit.com.mt\/es\/wp-json\/wp\/v2\/pages\/6802","targetHints":{"allow":["GET"]}}],"collection":[{"href":"https:\/\/sit.com.mt\/es\/wp-json\/wp\/v2\/pages"}],"about":[{"href":"https:\/\/sit.com.mt\/es\/wp-json\/wp\/v2\/types\/page"}],"author":[{"embeddable":true,"href":"https:\/\/sit.com.mt\/es\/wp-json\/wp\/v2\/users\/6"}],"replies":[{"embeddable":true,"href":"https:\/\/sit.com.mt\/es\/wp-json\/wp\/v2\/comments?post=6802"}],"version-history":[{"count":1,"href":"https:\/\/sit.com.mt\/es\/wp-json\/wp\/v2\/pages\/6802\/revisions"}],"predecessor-version":[{"id":8437,"href":"https:\/\/sit.com.mt\/es\/wp-json\/wp\/v2\/pages\/6802\/revisions\/8437"}],"up":[{"embeddable":true,"href":"https:\/\/sit.com.mt\/es\/wp-json\/wp\/v2\/pages\/5841"}],"wp:featuredmedia":[{"embeddable":true,"href":"https:\/\/sit.com.mt\/es\/wp-json\/wp\/v2\/media\/6180"}],"wp:attachment":[{"href":"https:\/\/sit.com.mt\/es\/wp-json\/wp\/v2\/media?parent=6802"}],"wp:term":[{"taxonomy":"category","embeddable":true,"href":"https:\/\/sit.com.mt\/es\/wp-json\/wp\/v2\/categories?post=6802"}],"curies":[{"name":"wp","href":"https:\/\/api.w.org\/{rel}","templated":true}]}}