{"id":5903,"date":"2019-12-23T15:08:56","date_gmt":"2019-12-23T15:08:56","guid":{"rendered":"https:\/\/sit.com.mt\/conferences\/association-meetings\/"},"modified":"2021-10-31T09:20:56","modified_gmt":"2021-10-31T09:20:56","slug":"reunions-dassociation","status":"publish","type":"page","link":"https:\/\/sit.com.mt\/fr\/services\/conferences\/reunions-dassociation\/","title":{"rendered":"Association Meetings"},"content":{"rendered":"<div class=\"landing-banner-block\">\n    <div class=\"landing-banner-wrap inline-bg-image lazyload\" style=\"background-image:inherit;\" data-bg-image=\"url(https:\/\/sit.com.mt\/wp-content\/uploads\/2020\/05\/associations-scaled.jpeg)\">\n        \n            <div class=\"content-box\" data-aos=\"fade-up\">\n                                    <h1 class=\"h1\">Les associations<\/h1>\n                                                    <p class=\"para\">Tout au long de ses 40 ans d&rsquo;histoire, SIT s&rsquo;est consacr\u00e9 \u00e0 la construction d&rsquo;un seul domaine d&rsquo;expertise: les r\u00e9unions d&rsquo;associations internationales. SIT vise \u00e0 fa\u00e7onner l&rsquo;avenir et la valeur des r\u00e9unions d&rsquo;associations internationales.<\/p>\n                            <\/div>\n            \n                    <\/div>\n        \n    <\/div>\n\n<div class=\"image-desc-large-blocks-block\">\n    <div class=\"image-desc-large-blocks-wrap\">\n            <div class=\"img-desc-large-box\" data-aos=\"fade-up\" tabindex=\"1\">\n\n                        <div class=\"img inline-bg-image lazyload\" role=\"img\" aria-label=\"people planning meeting\" style=\"background-image:inherit;\" data-bg-image=\"url(https:\/\/sit.com.mt\/wp-content\/uploads\/2020\/05\/financial-support-scaled.jpg)\"><\/div>\n\n            <div class=\"block-title\">\n                <div class=\"v-align\">\n                    <div class=\"title\">FINANCEMENT ET SOUTIEN FINANCIER<\/div>\n                <\/div>\n            <\/div>\n\n            <div class=\"block-content\">\n                <div class=\"title\">FINANCEMENT ET SOUTIEN FINANCIER<\/div>\n                <div class=\"para\"><p>\u2014<\/p>\n<p>&nbsp;<\/p>\n<p>Malte est un choix gagnant pour les r\u00e9unions d\u2019Association. La forte connectivit\u00e9 avec de nombreux a\u00e9roports et hubs europ\u00e9ens, le rapport qualit\u00e9-prix et le temps chaud et ensoleill\u00e9 n\u2019en sont que quelques raisons.<\/p>\n<p>&nbsp;<\/p>\n<p><a href=\"\/fr\/contact\/\">Contactez-nous pour les programmes de soutien<\/a><\/p>\n<\/div>\n            <\/div>\n\n        <\/div>\n            <div class=\"img-desc-large-box\" data-aos=\"fade-up\" tabindex=\"1\">\n\n                        <div class=\"img inline-bg-image lazyload\" role=\"img\" aria-label=\"Departure terminal at Malta Airport\" style=\"background-image:inherit;\" data-bg-image=\"url(https:\/\/sit.com.mt\/wp-content\/uploads\/2019\/12\/malta-airport.png)\"><\/div>\n\n            <div class=\"block-title\">\n                <div class=\"v-align\">\n                    <div class=\"title\">PROCESSUS D&rsquo;ARRIVEE<\/div>\n                <\/div>\n            <\/div>\n\n            <div class=\"block-content\">\n                <div class=\"title\">PROCESSUS D&rsquo;ARRIVEE<\/div>\n                <div class=\"para\"><p>\u2014<\/p>\n<p>&nbsp;<\/p>\n<p>Tous les d\u00e9l\u00e9gu\u00e9s arriveront \u00e0 l&rsquo;a\u00e9roport international de Malte et pourront \u00eatre accueillis par les assistants de conf\u00e9rence de Special Interest Travel Ltd.<\/p>\n<p>Pour les VIP, un assistant d\u00e9di\u00e9, le salon La Vallette du hall des arriv\u00e9es de l\u2019a\u00e9roport et une voiture de luxe priv\u00e9e avec chauffeur peuvent \u00eatre fournis, tandis qu&rsquo;un bureau d&rsquo;accueil de marque et des navettes peuvent \u00eatre organis\u00e9s pour les participants.<\/p>\n<\/div>\n            <\/div>\n\n        <\/div>\n            <div class=\"img-desc-large-box\" data-aos=\"fade-up\" tabindex=\"1\">\n\n                        <div class=\"img inline-bg-image lazyload\" role=\"img\" aria-label=\"hand filling the check-in form using pen\" style=\"background-image:inherit;\" data-bg-image=\"url(https:\/\/sit.com.mt\/wp-content\/uploads\/2019\/12\/filling-the-form.png)\"><\/div>\n\n            <div class=\"block-title\">\n                <div class=\"v-align\">\n                    <div class=\"title\">INSCRIPTIONS<\/div>\n                <\/div>\n            <\/div>\n\n            <div class=\"block-content\">\n                <div class=\"title\">INSCRIPTIONS<\/div>\n                <div class=\"para\"><p>\u2014<\/p>\n<p>L&rsquo;ensemble du processus d&rsquo;inscription peut \u00eatre g\u00e9r\u00e9 via le site Web de l&rsquo;\u00e9v\u00e9nement.<\/p>\n<p>Des sections distinctes peuvent \u00eatre cr\u00e9\u00e9es pour chaque type de participant (exposant, conf\u00e9rencier ou d\u00e9l\u00e9gu\u00e9), et l&rsquo;ensemble du processus, y compris les r\u00e9servations d&rsquo;h\u00f4tel et les paiements, peut \u00eatre automatis\u00e9 via le site.<\/p>\n<p>Alternativement, via nos bureaux<\/p>\n<p>L&rsquo;\u00e9quipe d&rsquo;inscription peut traiter chaque inscription et paiement individuellement.<\/p>\n<\/div>\n            <\/div>\n\n        <\/div>\n            <div class=\"img-desc-large-box\" data-aos=\"fade-up\" tabindex=\"1\">\n\n                        <div class=\"img inline-bg-image lazyload\" role=\"img\" aria-label=\"paper event project concept\" style=\"background-image:inherit;\" data-bg-image=\"url(https:\/\/sit.com.mt\/wp-content\/uploads\/2019\/12\/event-concept.png)\"><\/div>\n\n            <div class=\"block-title\">\n                <div class=\"v-align\">\n                    <div class=\"title\">MARKETING<\/div>\n                <\/div>\n            <\/div>\n\n            <div class=\"block-content\">\n                <div class=\"title\">MARKETING<\/div>\n                <div class=\"para\"><p>\u2014<\/p>\n<p>&nbsp;<\/p>\n<p>L&rsquo;\u00e9quipe de marketing exp\u00e9riment\u00e9e de SIT peut g\u00e9rer le processus de marketing du d\u00e9but \u00e0 la fin, notamment:<\/p>\n<ul>\n<li>Conception et cr\u00e9ation de supports marketing tels que le site Web de l&rsquo;\u00e9v\u00e9nement, l&rsquo;application \u00e9v\u00e9nementielle, les r\u00e9seaux sociaux et m\u00e9dias, les mod\u00e8les de mailshot, les articles de magazine, etc.<\/li>\n<li>Contact direct avec le public cibl\u00e9 par courrier et t\u00e9l\u00e9phone.<\/li>\n<\/ul>\n<\/div>\n            <\/div>\n\n        <\/div>\n            <div class=\"img-desc-large-box\" data-aos=\"fade-up\" tabindex=\"1\">\n\n                        <div class=\"img inline-bg-image lazyload\" role=\"img\" aria-label=\"\" style=\"background-image:inherit;\" data-bg-image=\"url(https:\/\/sit.com.mt\/wp-content\/uploads\/2019\/12\/ass-1.png)\"><\/div>\n\n            <div class=\"block-title\">\n                <div class=\"v-align\">\n                    <div class=\"title\">INTERVENANTS<\/div>\n                <\/div>\n            <\/div>\n\n            <div class=\"block-content\">\n                <div class=\"title\">INTERVENANTS<\/div>\n                <div class=\"para\"><p>\u2014<\/p>\n<p>&nbsp;<\/p>\n<p>Les bons conf\u00e9renciers sont la cl\u00e9 du succ\u00e8s de tout \u00e9v\u00e9nement et gr\u00e2ce \u00e0 nos affiliations avec le groupe d&rsquo;entreprises M. Demajo et nos 40 ans d&rsquo;exp\u00e9rience, Special Interest Travel Ltd. est en contact avec certains des meilleurs!<\/p>\n<p>Allant des personnalit\u00e9s politiques actuelles et pass\u00e9es aux experts sp\u00e9cialis\u00e9s, SIT peut trouver les meilleurs orateurs pour votre \u00e9v\u00e9nement.<\/p>\n<\/div>\n            <\/div>\n\n        <\/div>\n            <div class=\"img-desc-large-box\" data-aos=\"fade-up\" tabindex=\"1\">\n\n                        <div class=\"img inline-bg-image lazyload\" role=\"img\" aria-label=\"conference setup with event material on the table\" style=\"background-image:inherit;\" data-bg-image=\"url(https:\/\/sit.com.mt\/wp-content\/uploads\/2019\/12\/event-materials.png)\"><\/div>\n\n            <div class=\"block-title\">\n                <div class=\"v-align\">\n                    <div class=\"title\">MATERIEL DE CONFERENCE<\/div>\n                <\/div>\n            <\/div>\n\n            <div class=\"block-content\">\n                <div class=\"title\">MATERIEL DE CONFERENCE<\/div>\n                <div class=\"para\"><p>\u2014<\/p>\n<p>&nbsp;<\/p>\n<p>Tout le mat\u00e9riel de l&rsquo;\u00e9v\u00e9nement peut \u00eatre con\u00e7u et produit \u00e0 Malte. Des badges et programmes interactifs aux th\u00e8mes et cadeaux d&rsquo;\u00e9v\u00e9nements m\u00e9morables, Special Interest Travel Ltd. peut r\u00e9pondre \u00e0 toutes vos exigences de production.<\/p>\n<\/div>\n            <\/div>\n\n        <\/div>\n            <div class=\"img-desc-large-box\" data-aos=\"fade-up\" tabindex=\"1\">\n\n                        <div class=\"img inline-bg-image lazyload\" role=\"img\" aria-label=\"People shaking hands at the hotel's lobby\" style=\"background-image:inherit;\" data-bg-image=\"url(https:\/\/sit.com.mt\/wp-content\/uploads\/2019\/12\/shaking-hands.png)\"><\/div>\n\n            <div class=\"block-title\">\n                <div class=\"v-align\">\n                    <div class=\"title\">ENREGISTREMENT<\/div>\n                <\/div>\n            <\/div>\n\n            <div class=\"block-content\">\n                <div class=\"title\">ENREGISTREMENT<\/div>\n                <div class=\"para\"><p>\u2014<\/p>\n<p>&nbsp;<\/p>\n<p>Les exposants pourront retirer leurs badges aupr\u00e8s de nos assistants de conf\u00e9rence et installer leurs stands.<\/p>\n<p>Les intervenants pourront r\u00e9cup\u00e9rer leurs badges et r\u00e9p\u00e9ter leurs pr\u00e9sentations avec nos techniciens.<\/p>\n<\/div>\n            <\/div>\n\n        <\/div>\n    <\/div><\/div>\n\n<div class=\"team-contact-block\">\n    <div class=\"team-contact-wrap light-bg includes-bg-text\">\n        <div class=\"inner\">\n\n            <h2 class=\"h2\" data-aos=\"fade-up\">ENTRER EN CONTACT<\/h2>\n            <h4 class=\"h4\" data-aos=\"fade-up\">CONTACTEZ UN DE NOS MEMBRES DE L&rsquo;EQUIPE CI-DESSOUS<\/h4>\n\n            <div class=\"contains-team\">\n                                                            <a href=\"mailto:tnaudi@sit.com.mt\" class=\"person\" data-aos=\"fade-up\">\n\n                                                        <div class=\"img inline-bg-image lazyload\" role=\"img\" aria-label=\"\" style=\"background-image:inherit;\" data-bg-image=\"url(https:\/\/sit.com.mt\/wp-content\/uploads\/2023\/03\/ThomasNaudi.png)\"><\/div>\n\n                            <div class=\"name\">Thomas Naudi<\/div>\n                            <div class=\"role\">Directeur G\u00e9n\u00e9ral <\/div>\n                            <div class=\"subtitle\"><\/div>\n\n                        <\/a>\n                                            <a href=\"mailto:rgafa@sit.com.mt\" class=\"person\" data-aos=\"fade-up\">\n\n                                                        <div class=\"img inline-bg-image lazyload\" role=\"img\" aria-label=\"Roberta\" style=\"background-image:inherit;\" data-bg-image=\"url(https:\/\/sit.com.mt\/wp-content\/uploads\/2020\/02\/Roberta-Gafa-min-scaled-e1581431694485.jpg)\"><\/div>\n\n                            <div class=\"name\">Roberta Gafa<\/div>\n                            <div class=\"role\">Assistant General Manager<\/div>\n                            <div class=\"subtitle\"><\/div>\n\n                        <\/a>\n                                                <\/div>\n        <\/div>\n        <div class=\"bg-text\" data-aos=\"fade-up\">Exclusif<\/div>\n    <\/div>\n    <\/div>\n\n<div class=\"tsdb-block\">\n    <div class=\"tsdb-wrap grey-bg includes-bg-text \">\n            <div class=\"inner\">\n\n                                \n                                \n                                                    <div class=\"para\" data-aos=\"fade-up\"><p>Les dirigeants d&rsquo;associations internationales peuvent compter sur SIT pour trouver des solutions \u00e0 tous leurs objectifs d&rsquo;\u00e9v\u00e9nement: s\u00e9lection du lieu; conseils techniques; assistance au transport des d\u00e9l\u00e9gu\u00e9s; planification compl\u00e8te des congr\u00e8s ou services ad hoc.<\/p>\n<\/div>\n                \n                                                    <a href=\"\/fr\/contact\" class=\"button\" target=\"\" data-aos=\"fade-up\">CONTACTEZ NOUS<\/a>\n                                \n                \n            <\/div>\n\n                            <div class=\"bg-text\" data-aos=\"fade-up\">Reliable<\/div>\n                    <\/div>\n    \n    <\/div>\n\n<div class=\"image-desc-blocks-block\">\n    <div class=\"image-desc-blocks-wrap\">\n                    <a href=\"\/fr\/services\/conferences\" class=\"link-wrap\" target=\"\">\n            <div class=\"img-desc-box\" data-aos=\"fade-up\" data-aos-offset=\"50\">\n\n                                <div class=\"img inline-bg-image lazyload\" role=\"img\" aria-label=\"aluminum chairs in a conference room\" style=\"background-image:inherit;\" data-bg-image=\"url(https:\/\/sit.com.mt\/wp-content\/uploads\/2020\/01\/aluminum-chairs-conference-691485.png)\"><\/div>\n\n                <div class=\"block-title\">\n                    <div class=\"title\">CONFERENCES <\/div>\n                <\/div>\n\n                <div class=\"block-content\">\n                    <div class=\"title\">CONFERENCES <\/div>\n                    \n                    <p class=\"para\">Avez-vous besoin de conf\u00e9renciers locaux? Services d&rsquo;inscription en ligne ou sur place? De services audiovisuels \u00e0 la production de r\u00e9unions en passant par la r\u00e9daction de scripts et la coordination sur place, nous sommes l\u00e0 pour organiser votre \u00e9v\u00e8nement sans tracas et le rendre exceptionnel. <\/p>\n                    \n                                            <span class=\"more-link\">EN SAVOIR PLUS<\/span>\n                                    <\/div>\n\n            <\/div>\n        <\/a>\n                    <a href=\"\/fr\/conferences\/services\/\" class=\"link-wrap\" target=\"\">\n            <div class=\"img-desc-box\" data-aos=\"fade-up\" data-aos-offset=\"50\">\n\n                                <div class=\"img inline-bg-image lazyload\" role=\"img\" aria-label=\"\" style=\"background-image:inherit;\" data-bg-image=\"url(https:\/\/sit.com.mt\/wp-content\/uploads\/2019\/12\/conf-2.png)\"><\/div>\n\n                <div class=\"block-title\">\n                    <div class=\"title\">Services Pour Conferences<\/div>\n                <\/div>\n\n                <div class=\"block-content\">\n                    <div class=\"title\">Services Pour Conferences<\/div>\n                    \n                    <p class=\"para\">Professionnels de l&rsquo;\u00e9v\u00e9nementiel, comp\u00e9tents, multilingues, dynamiques et perfectionnistes, c&rsquo;est comme cela que nous aimons nous d\u00e9crire. Nous vous aidons \u00e0 organiser diff\u00e9rentes op\u00e9rations sp\u00e9ciales et nous pr\u00eatons attention \u00e0 vos attentes.<\/p>\n                    \n                                            <span class=\"more-link\">EN SAVOIR PLUS<\/span>\n                                    <\/div>\n\n            <\/div>\n        <\/a>\n                    <a href=\"\/fr\/portfolio\/#conferences\" class=\"link-wrap\" target=\"\">\n            <div class=\"img-desc-box\" data-aos=\"fade-up\" data-aos-offset=\"50\">\n\n                                <div class=\"img inline-bg-image lazyload\" role=\"img\" aria-label=\"\" style=\"background-image:inherit;\" data-bg-image=\"url(https:\/\/sit.com.mt\/wp-content\/uploads\/2019\/12\/conf-1.png)\"><\/div>\n\n                <div class=\"block-title\">\n                    <div class=\"title\">NOS REALISATIONS<\/div>\n                <\/div>\n\n                <div class=\"block-content\">\n                    <div class=\"title\">NOS REALISATIONS<\/div>\n                    \n                    <p class=\"para\">Professionnels de l&rsquo;\u00e9v\u00e9nementiel, comp\u00e9tents, multilingues, dynamiques et perfectionnistes, c&rsquo;est comme cela que nous aimons nous d\u00e9crire. Nous vous aidons \u00e0 organiser diff\u00e9rentes op\u00e9rations sp\u00e9ciales et nous pr\u00eatons attention \u00e0 vos attentes.<\/p>\n                    \n                                            <span class=\"more-link\">EN SAVOIR PLUS<\/span>\n                                    <\/div>\n\n            <\/div>\n        <\/a>\n    <\/div><\/div>","protected":false},"excerpt":{"rendered":"","protected":false},"author":6,"featured_media":0,"parent":5855,"menu_order":0,"comment_status":"closed","ping_status":"closed","template":"","meta":{"footnotes":""},"categories":[],"class_list":["post-5903","page","type-page","status-publish","hentry"],"acf":[],"yoast_head":"<!-- This site is optimized with the Yoast SEO plugin v25.3 - https:\/\/yoast.com\/wordpress\/plugins\/seo\/ -->\n<title>R\u00e9unions d&#039;association et r\u00e9unions d&#039;entreprise | SIT Malte<\/title>\n<meta name=\"description\" content=\"Les organisateurs des r\u00e9unions peuvent compter sur SIT pour trouver des solutions pour tous leurs objectifs : s\u00e9lection des lieux, conseils techniques et assistance en mati\u00e8re de transport.\" \/>\n<meta name=\"robots\" content=\"index, follow, max-snippet:-1, max-image-preview:large, max-video-preview:-1\" \/>\n<link rel=\"canonical\" href=\"https:\/\/sit.com.mt\/fr\/services\/conferences\/reunions-dassociation\/\" \/>\n<meta property=\"og:locale\" content=\"fr_FR\" \/>\n<meta property=\"og:type\" content=\"article\" \/>\n<meta property=\"og:title\" content=\"R\u00e9unions d&#039;association et r\u00e9unions d&#039;entreprise | SIT Malte\" \/>\n<meta property=\"og:description\" content=\"Les organisateurs des r\u00e9unions peuvent compter sur SIT pour trouver des solutions pour tous leurs objectifs : s\u00e9lection des lieux, conseils techniques et assistance en mati\u00e8re de transport.\" \/>\n<meta property=\"og:url\" content=\"https:\/\/sit.com.mt\/fr\/services\/conferences\/reunions-dassociation\/\" \/>\n<meta property=\"og:site_name\" content=\"SIT Malta\" \/>\n<meta property=\"article:modified_time\" content=\"2021-10-31T09:20:56+00:00\" \/>\n<meta name=\"twitter:card\" content=\"summary_large_image\" \/>\n<script type=\"application\/ld+json\" class=\"yoast-schema-graph\">{\"@context\":\"https:\/\/schema.org\",\"@graph\":[{\"@type\":\"WebPage\",\"@id\":\"https:\/\/sit.com.mt\/fr\/services\/conferences\/reunions-dassociation\/\",\"url\":\"https:\/\/sit.com.mt\/fr\/services\/conferences\/reunions-dassociation\/\",\"name\":\"R\u00e9unions d'association et r\u00e9unions d'entreprise | SIT Malte\",\"isPartOf\":{\"@id\":\"https:\/\/sit.com.mt\/#website\"},\"datePublished\":\"2019-12-23T15:08:56+00:00\",\"dateModified\":\"2021-10-31T09:20:56+00:00\",\"description\":\"Les organisateurs des r\u00e9unions peuvent compter sur SIT pour trouver des solutions pour tous leurs objectifs : s\u00e9lection des lieux, conseils techniques et assistance en mati\u00e8re de transport.\",\"breadcrumb\":{\"@id\":\"https:\/\/sit.com.mt\/fr\/services\/conferences\/reunions-dassociation\/#breadcrumb\"},\"inLanguage\":\"fr-FR\",\"potentialAction\":[{\"@type\":\"ReadAction\",\"target\":[\"https:\/\/sit.com.mt\/fr\/services\/conferences\/reunions-dassociation\/\"]}]},{\"@type\":\"BreadcrumbList\",\"@id\":\"https:\/\/sit.com.mt\/fr\/services\/conferences\/reunions-dassociation\/#breadcrumb\",\"itemListElement\":[{\"@type\":\"ListItem\",\"position\":1,\"name\":\"Home\",\"item\":\"https:\/\/sit.com.mt\/fr\/\"},{\"@type\":\"ListItem\",\"position\":2,\"name\":\"Services\",\"item\":\"https:\/\/sit.com.mt\/fr\/services\/\"},{\"@type\":\"ListItem\",\"position\":3,\"name\":\"CONFERENCES\",\"item\":\"https:\/\/sit.com.mt\/fr\/services\/conferences\/\"},{\"@type\":\"ListItem\",\"position\":4,\"name\":\"Association Meetings\"}]},{\"@type\":\"WebSite\",\"@id\":\"https:\/\/sit.com.mt\/#website\",\"url\":\"https:\/\/sit.com.mt\/\",\"name\":\"SIT Malta\",\"description\":\"Unique Travel Programs\",\"publisher\":{\"@id\":\"https:\/\/sit.com.mt\/#organization\"},\"potentialAction\":[{\"@type\":\"SearchAction\",\"target\":{\"@type\":\"EntryPoint\",\"urlTemplate\":\"https:\/\/sit.com.mt\/?s={search_term_string}\"},\"query-input\":{\"@type\":\"PropertyValueSpecification\",\"valueRequired\":true,\"valueName\":\"search_term_string\"}}],\"inLanguage\":\"fr-FR\"},{\"@type\":\"Organization\",\"@id\":\"https:\/\/sit.com.mt\/#organization\",\"name\":\"SIT Mailta\",\"url\":\"https:\/\/sit.com.mt\/\",\"logo\":{\"@type\":\"ImageObject\",\"inLanguage\":\"fr-FR\",\"@id\":\"https:\/\/sit.com.mt\/#\/schema\/logo\/image\/\",\"url\":\"https:\/\/sit.com.mt\/wp-content\/uploads\/2020\/01\/main-logo-new.svg\",\"contentUrl\":\"https:\/\/sit.com.mt\/wp-content\/uploads\/2020\/01\/main-logo-new.svg\",\"width\":1,\"height\":1,\"caption\":\"SIT Mailta\"},\"image\":{\"@id\":\"https:\/\/sit.com.mt\/#\/schema\/logo\/image\/\"}}]}<\/script>\n<!-- \/ Yoast SEO plugin. -->","yoast_head_json":{"title":"R\u00e9unions d'association et r\u00e9unions d'entreprise | SIT Malte","description":"Les organisateurs des r\u00e9unions peuvent compter sur SIT pour trouver des solutions pour tous leurs objectifs : s\u00e9lection des lieux, conseils techniques et assistance en mati\u00e8re de transport.","robots":{"index":"index","follow":"follow","max-snippet":"max-snippet:-1","max-image-preview":"max-image-preview:large","max-video-preview":"max-video-preview:-1"},"canonical":"https:\/\/sit.com.mt\/fr\/services\/conferences\/reunions-dassociation\/","og_locale":"fr_FR","og_type":"article","og_title":"R\u00e9unions d'association et r\u00e9unions d'entreprise | SIT Malte","og_description":"Les organisateurs des r\u00e9unions peuvent compter sur SIT pour trouver des solutions pour tous leurs objectifs : s\u00e9lection des lieux, conseils techniques et assistance en mati\u00e8re de transport.","og_url":"https:\/\/sit.com.mt\/fr\/services\/conferences\/reunions-dassociation\/","og_site_name":"SIT Malta","article_modified_time":"2021-10-31T09:20:56+00:00","twitter_card":"summary_large_image","schema":{"@context":"https:\/\/schema.org","@graph":[{"@type":"WebPage","@id":"https:\/\/sit.com.mt\/fr\/services\/conferences\/reunions-dassociation\/","url":"https:\/\/sit.com.mt\/fr\/services\/conferences\/reunions-dassociation\/","name":"R\u00e9unions d'association et r\u00e9unions d'entreprise | SIT Malte","isPartOf":{"@id":"https:\/\/sit.com.mt\/#website"},"datePublished":"2019-12-23T15:08:56+00:00","dateModified":"2021-10-31T09:20:56+00:00","description":"Les organisateurs des r\u00e9unions peuvent compter sur SIT pour trouver des solutions pour tous leurs objectifs : s\u00e9lection des lieux, conseils techniques et assistance en mati\u00e8re de transport.","breadcrumb":{"@id":"https:\/\/sit.com.mt\/fr\/services\/conferences\/reunions-dassociation\/#breadcrumb"},"inLanguage":"fr-FR","potentialAction":[{"@type":"ReadAction","target":["https:\/\/sit.com.mt\/fr\/services\/conferences\/reunions-dassociation\/"]}]},{"@type":"BreadcrumbList","@id":"https:\/\/sit.com.mt\/fr\/services\/conferences\/reunions-dassociation\/#breadcrumb","itemListElement":[{"@type":"ListItem","position":1,"name":"Home","item":"https:\/\/sit.com.mt\/fr\/"},{"@type":"ListItem","position":2,"name":"Services","item":"https:\/\/sit.com.mt\/fr\/services\/"},{"@type":"ListItem","position":3,"name":"CONFERENCES","item":"https:\/\/sit.com.mt\/fr\/services\/conferences\/"},{"@type":"ListItem","position":4,"name":"Association Meetings"}]},{"@type":"WebSite","@id":"https:\/\/sit.com.mt\/#website","url":"https:\/\/sit.com.mt\/","name":"SIT Malta","description":"Unique Travel Programs","publisher":{"@id":"https:\/\/sit.com.mt\/#organization"},"potentialAction":[{"@type":"SearchAction","target":{"@type":"EntryPoint","urlTemplate":"https:\/\/sit.com.mt\/?s={search_term_string}"},"query-input":{"@type":"PropertyValueSpecification","valueRequired":true,"valueName":"search_term_string"}}],"inLanguage":"fr-FR"},{"@type":"Organization","@id":"https:\/\/sit.com.mt\/#organization","name":"SIT Mailta","url":"https:\/\/sit.com.mt\/","logo":{"@type":"ImageObject","inLanguage":"fr-FR","@id":"https:\/\/sit.com.mt\/#\/schema\/logo\/image\/","url":"https:\/\/sit.com.mt\/wp-content\/uploads\/2020\/01\/main-logo-new.svg","contentUrl":"https:\/\/sit.com.mt\/wp-content\/uploads\/2020\/01\/main-logo-new.svg","width":1,"height":1,"caption":"SIT Mailta"},"image":{"@id":"https:\/\/sit.com.mt\/#\/schema\/logo\/image\/"}}]}},"_links":{"self":[{"href":"https:\/\/sit.com.mt\/fr\/wp-json\/wp\/v2\/pages\/5903","targetHints":{"allow":["GET"]}}],"collection":[{"href":"https:\/\/sit.com.mt\/fr\/wp-json\/wp\/v2\/pages"}],"about":[{"href":"https:\/\/sit.com.mt\/fr\/wp-json\/wp\/v2\/types\/page"}],"author":[{"embeddable":true,"href":"https:\/\/sit.com.mt\/fr\/wp-json\/wp\/v2\/users\/6"}],"replies":[{"embeddable":true,"href":"https:\/\/sit.com.mt\/fr\/wp-json\/wp\/v2\/comments?post=5903"}],"version-history":[{"count":1,"href":"https:\/\/sit.com.mt\/fr\/wp-json\/wp\/v2\/pages\/5903\/revisions"}],"predecessor-version":[{"id":8447,"href":"https:\/\/sit.com.mt\/fr\/wp-json\/wp\/v2\/pages\/5903\/revisions\/8447"}],"up":[{"embeddable":true,"href":"https:\/\/sit.com.mt\/fr\/wp-json\/wp\/v2\/pages\/5855"}],"wp:attachment":[{"href":"https:\/\/sit.com.mt\/fr\/wp-json\/wp\/v2\/media?parent=5903"}],"wp:term":[{"taxonomy":"category","embeddable":true,"href":"https:\/\/sit.com.mt\/fr\/wp-json\/wp\/v2\/categories?post=5903"}],"curies":[{"name":"wp","href":"https:\/\/api.w.org\/{rel}","templated":true}]}}