{"id":5908,"date":"2020-01-08T10:28:21","date_gmt":"2020-01-08T10:28:21","guid":{"rendered":"https:\/\/sit.com.mt\/portfolio\/"},"modified":"2021-10-31T09:16:16","modified_gmt":"2021-10-31T09:16:16","slug":"portfolio","status":"publish","type":"page","link":"https:\/\/sit.com.mt\/fr\/portfolio\/","title":{"rendered":"Portfolio"},"content":{"rendered":"<div class=\"landing-banner-block\">\n    <div class=\"landing-banner-wrap inline-bg-image lazyload\" style=\"background-image:inherit;\" data-bg-image=\"url(https:\/\/sit.com.mt\/wp-content\/uploads\/2020\/07\/74614091_1522323567907643_2912593550220722176_o.jpg)\">\n        \n            <div class=\"content-box\" data-aos=\"fade-up\">\n                                    <h1 class=\"h1\">Portfolio<\/h1>\n                                                    <p class=\"para\">Avec plus de 40 ans d&rsquo;exp\u00e9rience, nos succ\u00e8s parlent d&rsquo;eux-m\u00eames.<\/p>\n                            <\/div>\n            \n                    <\/div>\n        \n    <\/div>\n\n<div class=\"portfolio-block\">\n    <div class=\"portfolio-wrap light-bg includes-bg-text\">\n    <div class=\"inner\">\n\n        \n        <ul id=\"filter-categories\" class=\"portfolio-category-tabs\" data-aos=\"fade-up\">\n            \n                <li data-filter=\"*\" id=\"show-all\" class=\"category-tab selected recent-tab\">\n\n                    \n\n            <div class=\"cat-icon recent\" style=\"background: linear-gradient(to right, #f98408, #ffec00);\">\n                <img decoding=\"async\" data-src=\"https:\/\/sit.com.mt\/wp-content\/uploads\/2019\/12\/time.svg\" alt=\"\" src=\"data:image\/gif;base64,R0lGODlhAQABAAAAACH5BAEKAAEALAAAAAABAAEAAAICTAEAOw==\" class=\"lazyload\" \/>\n            <\/div>\n\n            \n                    <div class=\"term-title\" style=\"color: #f98408\">R\u00e9cent<\/div>\n                <\/li>\n\n            \n                <li data-filter=\".voyage-en-groupe\" class=\"category-tab  voyage-en-groupe-tab\">\n\n                    \n\n            <div class=\"cat-icon voyage-en-groupe\" style=\"background: linear-gradient(to right, #68ab30, #b7cb1a);\">\n                <img decoding=\"async\" data-src=\"https:\/\/sit.com.mt\/wp-content\/uploads\/2020\/01\/group-travel.svg\" alt=\"\" src=\"data:image\/gif;base64,R0lGODlhAQABAAAAACH5BAEKAAEALAAAAAABAAEAAAICTAEAOw==\" class=\"lazyload\" \/>\n            <\/div>\n\n            \n                    <div class=\"term-title\" style=\"color: #68ab30\">Voyage en groupe<\/div>\n                <\/li>\n\n            \n                <li data-filter=\".incentives\" class=\"category-tab  incentives-tab\">\n\n                    \n\n            <div class=\"cat-icon incentives\" style=\"background: linear-gradient(to right, #015dab, #009fea);\">\n                <img decoding=\"async\" data-src=\"https:\/\/sit.com.mt\/wp-content\/uploads\/2020\/01\/incentives.svg\" alt=\"\" src=\"data:image\/gif;base64,R0lGODlhAQABAAAAACH5BAEKAAEALAAAAAABAAEAAAICTAEAOw==\" class=\"lazyload\" \/>\n            <\/div>\n\n            \n                    <div class=\"term-title\" style=\"color: #015dab\">Incentives<\/div>\n                <\/li>\n\n            \n                <li data-filter=\".conferences\" class=\"category-tab  conferences-tab\">\n\n                    \n\n            <div class=\"cat-icon conferences\" style=\"background: linear-gradient(to right, #901816, #cb2b1c);\">\n                <img decoding=\"async\" data-src=\"https:\/\/sit.com.mt\/wp-content\/uploads\/2019\/12\/lamp.svg\" alt=\"\" src=\"data:image\/gif;base64,R0lGODlhAQABAAAAACH5BAEKAAEALAAAAAABAAEAAAICTAEAOw==\" class=\"lazyload\" \/>\n            <\/div>\n\n            \n                    <div class=\"term-title\" style=\"color: #901816\">Conf\u00e9rences<\/div>\n                <\/li>\n\n                    <\/ul>\n\n        <div class=\"portfolio-page-links\">\n            \n            <a href=\"https:\/\/sit.com.mt\/fr\/portfolio\/post-covid-group\/\" class=\"portfolio-link  incentives\">\n                <div class=\"portfolio inline-bg-image lazyload\" style=\"background-image:inherit;\" data-bg-image=\"url(https:\/\/sit.com.mt\/wp-content\/uploads\/2020\/11\/20201009_162157-scaled-e1630075692985.jpg)\">\n\n                    <div class=\"narrow-column\">\n                        <div class=\"v-align\">\n                            <div class=\"portfolio-title\">Post-Covid Group<\/div>\n                        <\/div>\n                    <\/div>\n\n                <\/div>\n            <\/a>\n\n            \n            <a href=\"https:\/\/sit.com.mt\/fr\/portfolio\/byk-incentive-trip\/\" class=\"portfolio-link  incentives recent\">\n                <div class=\"portfolio inline-bg-image lazyload\" style=\"background-image:inherit;\" data-bg-image=\"url(https:\/\/sit.com.mt\/wp-content\/uploads\/2020\/08\/72113654_515779652593991_8674156126125686784_n.jpg)\">\n\n                    <div class=\"narrow-column\">\n                        <div class=\"v-align\">\n                            <div class=\"portfolio-title\">BYK Incentive Trip<\/div>\n                        <\/div>\n                    <\/div>\n\n                <\/div>\n            <\/a>\n\n            \n            <a href=\"https:\/\/sit.com.mt\/fr\/portfolio\/construire-un-bateau\/\" class=\"portfolio-link  incentives\">\n                <div class=\"portfolio inline-bg-image lazyload\" style=\"background-image:inherit;\" data-bg-image=\"url(https:\/\/sit.com.mt\/wp-content\/uploads\/2020\/06\/teambuilding-malta.jpg)\">\n\n                    <div class=\"narrow-column\">\n                        <div class=\"v-align\">\n                            <div class=\"portfolio-title\">CONSTRUIRE UN BATEAU<\/div>\n                        <\/div>\n                    <\/div>\n\n                <\/div>\n            <\/a>\n\n            \n            <a href=\"https:\/\/sit.com.mt\/fr\/portfolio\/diner-de-gala-au-bord-de-la-mer\/\" class=\"portfolio-link  incentives\">\n                <div class=\"portfolio inline-bg-image lazyload\" style=\"background-image:inherit;\" data-bg-image=\"url(https:\/\/sit.com.mt\/wp-content\/uploads\/2020\/07\/IMGP2487-scaled-e1594731913735.jpg)\">\n\n                    <div class=\"narrow-column\">\n                        <div class=\"v-align\">\n                            <div class=\"portfolio-title\">DINER DE GALA AU BORD DE LA MER<\/div>\n                        <\/div>\n                    <\/div>\n\n                <\/div>\n            <\/a>\n\n            \n            <a href=\"https:\/\/sit.com.mt\/fr\/portfolio\/salles-de-reunion-en-plein-air\/\" class=\"portfolio-link  conferences\">\n                <div class=\"portfolio inline-bg-image lazyload\" style=\"background-image:inherit;\" data-bg-image=\"url(https:\/\/sit.com.mt\/wp-content\/uploads\/2020\/06\/IMG_3191-1-scaled-e1591887044394.jpg)\">\n\n                    <div class=\"narrow-column\">\n                        <div class=\"v-align\">\n                            <div class=\"portfolio-title\">SALLES DE REUNION EN PLEIN AIR<\/div>\n                        <\/div>\n                    <\/div>\n\n                <\/div>\n            <\/a>\n\n            \n            <a href=\"https:\/\/sit.com.mt\/fr\/portfolio\/malte-presidence-europeenne-2017\/\" class=\"portfolio-link  conferences\">\n                <div class=\"portfolio inline-bg-image lazyload\" style=\"background-image:inherit;\" data-bg-image=\"url(https:\/\/sit.com.mt\/wp-content\/uploads\/2021\/03\/517px-Logo_Maltese_EU_presidency_of_the_Council_of_the_European_Union_2017.svg-e1616440979391.png)\">\n\n                    <div class=\"narrow-column\">\n                        <div class=\"v-align\">\n                            <div class=\"portfolio-title\">MALTE, PRESIDENCE EUROPEENNE 2017<\/div>\n                        <\/div>\n                    <\/div>\n\n                <\/div>\n            <\/a>\n\n            \n            <a href=\"https:\/\/sit.com.mt\/fr\/portfolio\/diner-de-remise-de-prix-au-sein-dun-fort-historique\/\" class=\"portfolio-link  incentives\">\n                <div class=\"portfolio inline-bg-image lazyload\" style=\"background-image:inherit;\" data-bg-image=\"url(https:\/\/sit.com.mt\/wp-content\/uploads\/2020\/04\/wine-2373500_1920-min.jpg)\">\n\n                    <div class=\"narrow-column\">\n                        <div class=\"v-align\">\n                            <div class=\"portfolio-title\">DINER DE REMISE DE PRIX AU SEIN D\u2019UN FORT HISTORIQUE<\/div>\n                        <\/div>\n                    <\/div>\n\n                <\/div>\n            <\/a>\n\n            \n            <a href=\"https:\/\/sit.com.mt\/fr\/portfolio\/chasse-au-tresor-en-hors-bord\/\" class=\"portfolio-link  incentives\">\n                <div class=\"portfolio inline-bg-image lazyload\" style=\"background-image:inherit;\" data-bg-image=\"url(https:\/\/sit.com.mt\/wp-content\/uploads\/2020\/04\/red-and-black-wooden-chest-on-white-sand-1252907-min-scaled.jpg)\">\n\n                    <div class=\"narrow-column\">\n                        <div class=\"v-align\">\n                            <div class=\"portfolio-title\">CHASSE AU TRESOR EN HORS BORD<\/div>\n                        <\/div>\n                    <\/div>\n\n                <\/div>\n            <\/a>\n\n            \n            <a href=\"https:\/\/sit.com.mt\/fr\/portfolio\/champagne-surprise-sur-un-bateau\/\" class=\"portfolio-link  incentives\">\n                <div class=\"portfolio inline-bg-image lazyload\" style=\"background-image:inherit;\" data-bg-image=\"url(https:\/\/sit.com.mt\/wp-content\/uploads\/2020\/04\/drink-3615178_1920.jpg)\">\n\n                    <div class=\"narrow-column\">\n                        <div class=\"v-align\">\n                            <div class=\"portfolio-title\">Champagne Surprise sur un bateau<\/div>\n                        <\/div>\n                    <\/div>\n\n                <\/div>\n            <\/a>\n\n            \n            <a href=\"https:\/\/sit.com.mt\/fr\/portfolio\/produits-pharmaceutiques-russes-et-indiens\/\" class=\"portfolio-link  voyage-en-groupe\">\n                <div class=\"portfolio inline-bg-image lazyload\" style=\"background-image:inherit;\" data-bg-image=\"url(https:\/\/sit.com.mt\/wp-content\/uploads\/2019\/12\/ass-1.png)\">\n\n                    <div class=\"narrow-column\">\n                        <div class=\"v-align\">\n                            <div class=\"portfolio-title\">Produits pharmaceutiques russes et indiens<\/div>\n                        <\/div>\n                    <\/div>\n\n                <\/div>\n            <\/a>\n\n            \n            <a href=\"https:\/\/sit.com.mt\/fr\/portfolio\/chirurgie-dentaire-en-direct\/\" class=\"portfolio-link  conferences\">\n                <div class=\"portfolio inline-bg-image lazyload\" style=\"background-image:inherit;\" data-bg-image=\"url(https:\/\/sit.com.mt\/wp-content\/uploads\/2020\/04\/dental-2450751_1280-min.jpg)\">\n\n                    <div class=\"narrow-column\">\n                        <div class=\"v-align\">\n                            <div class=\"portfolio-title\">Chirurgie dentaire en direct<\/div>\n                        <\/div>\n                    <\/div>\n\n                <\/div>\n            <\/a>\n\n                    <\/div>\n\n                                    <button id=\"load-more\" class=\"button load-more\">TELECHARGER PLUS<\/button>\n                    \n    <\/div>\n                        <div class=\"bg-text\" data-aos=\"fade-up\">Inspiring<\/div>\n            <\/div><\/div>\n\n<div class=\"tsdb-block nbp\">\n    <div class=\"tsdb-wrap white-bg  \">\n            <div class=\"inner\">\n\n                                                    <h2 class=\"h2\" data-aos=\"fade-up\">D\u00e9couvrir plus<\/h2>\n                \n                                                    <h4 class=\"h4\" data-aos=\"fade-up\">LES EVENEMENTS MEMORABLES N\u2019ARRIVENT PAS SEULS . ILS SONT NOTRE METIER.<\/h4>\n                \n                                \n                                                \n                                    <span class=\"full-arrow is-bottom long\" data-aos=\"fade-down\"><\/span>\n                \n            <\/div>\n\n                    <\/div>\n    \n    <\/div>\n\n<div class=\"image-desc-blocks-block\">\n    <div class=\"image-desc-blocks-wrap\">\n                    <a href=\"\/fr\/services\/conferences\" class=\"link-wrap\" target=\"\">\n            <div class=\"img-desc-box\" data-aos=\"fade-up\" data-aos-offset=\"50\">\n\n                                <div class=\"img inline-bg-image lazyload\" role=\"img\" aria-label=\"aluminum chairs in a conference room\" style=\"background-image:inherit;\" data-bg-image=\"url(https:\/\/sit.com.mt\/wp-content\/uploads\/2020\/01\/aluminum-chairs-conference-691485.png)\"><\/div>\n\n                <div class=\"block-title\">\n                    <div class=\"title\">CONFERENCES<\/div>\n                <\/div>\n\n                <div class=\"block-content\">\n                    <div class=\"title\">CONFERENCES<\/div>\n                    \n                    <p class=\"para\">Avec 5 centres de conf\u00e9rence sp\u00e9cifiques sur l\u2019\u00eele, les lieux de conf\u00e9rence de Malte ont plus \u00e0 offrir que l\u2019eau min\u00e9rale omnipr\u00e9sente, la menthe fra\u00eeche et la lumi\u00e8re du jour.<\/p>\n                    \n                                            <span class=\"more-link\">EN SAVOIR PLUS<\/span>\n                                    <\/div>\n\n            <\/div>\n        <\/a>\n                    <a href=\"\/fr\/services\/incentives\" class=\"link-wrap\" target=\"\">\n            <div class=\"img-desc-box\" data-aos=\"fade-up\" data-aos-offset=\"50\">\n\n                                <div class=\"img inline-bg-image lazyload\" role=\"img\" aria-label=\"People Gathers For Private Event In Valletta's Gardens\" style=\"background-image:inherit;\" data-bg-image=\"url(https:\/\/sit.com.mt\/wp-content\/uploads\/2019\/12\/corporate-event-malta.png)\"><\/div>\n\n                <div class=\"block-title\">\n                    <div class=\"title\">INCENTIVES<\/div>\n                <\/div>\n\n                <div class=\"block-content\">\n                    <div class=\"title\">INCENTIVES<\/div>\n                    \n                    <p class=\"para\">Pour des incitations aussi uniques que vous. Nous travaillons. Vous vous amusez.<\/p>\n                    \n                                            <span class=\"more-link\">EN SAVOIR PLUS<\/span>\n                                    <\/div>\n\n            <\/div>\n        <\/a>\n                    <a href=\"\/fr\/services\/loisirs\/\" class=\"link-wrap\" target=\"\">\n            <div class=\"img-desc-box\" data-aos=\"fade-up\" data-aos-offset=\"50\">\n\n                                <div class=\"img inline-bg-image lazyload\" role=\"img\" aria-label=\"\" style=\"background-image:inherit;\" data-bg-image=\"url(https:\/\/sit.com.mt\/wp-content\/uploads\/2020\/05\/mike-nahlii-qk10uRxzRTc-unsplash.jpg)\"><\/div>\n\n                <div class=\"block-title\">\n                    <div class=\"title\">GROUPES LOISIRS   <\/div>\n                <\/div>\n\n                <div class=\"block-content\">\n                    <div class=\"title\">GROUPES LOISIRS   <\/div>\n                    \n                    <p class=\"para\">Une \u00e9quipe francophone enti\u00e8rement d\u00e9di\u00e9e au march\u00e9 fran\u00e7ais de groupes. Nous vous aiderons \u00e0 cr\u00e9er vos programmes selon vos besoins et vos centres d\u2019int\u00e9r\u00eats. Nous sommes \u00e0 votre \u00e9coute et \u00e0 votre service pour la r\u00e9ussite de votre projet. <\/p>\n                    \n                                            <span class=\"more-link\">EN SAVOIR PLUS<\/span>\n                                    <\/div>\n\n            <\/div>\n        <\/a>\n    <\/div><\/div>","protected":false},"excerpt":{"rendered":"","protected":false},"author":6,"featured_media":0,"parent":0,"menu_order":0,"comment_status":"closed","ping_status":"closed","template":"","meta":{"footnotes":""},"categories":[],"class_list":["post-5908","page","type-page","status-publish","hentry"],"acf":[],"yoast_head":"<!-- This site is optimized with the Yoast SEO plugin v25.3 - https:\/\/yoast.com\/wordpress\/plugins\/seo\/ -->\n<title>Portfolio d&#039;\u00e9v\u00e9nements | Voyage d&#039;int\u00e9r\u00eat sp\u00e9cial \u00e0 Malte<\/title>\n<meta name=\"description\" content=\"Ce ne sont pas seulement des \u00e9v\u00e9nements m\u00e9morables. Ce sont nos affaires.\" \/>\n<meta name=\"robots\" content=\"index, follow, max-snippet:-1, max-image-preview:large, max-video-preview:-1\" \/>\n<link rel=\"canonical\" href=\"https:\/\/sit.com.mt\/fr\/portfolio\/\" \/>\n<meta property=\"og:locale\" content=\"fr_FR\" \/>\n<meta property=\"og:type\" content=\"article\" \/>\n<meta property=\"og:title\" content=\"Portfolio d&#039;\u00e9v\u00e9nements | Voyage d&#039;int\u00e9r\u00eat sp\u00e9cial \u00e0 Malte\" \/>\n<meta property=\"og:description\" content=\"Ce ne sont pas seulement des \u00e9v\u00e9nements m\u00e9morables. Ce sont nos affaires.\" \/>\n<meta property=\"og:url\" content=\"https:\/\/sit.com.mt\/fr\/portfolio\/\" \/>\n<meta property=\"og:site_name\" content=\"SIT Malta\" \/>\n<meta property=\"article:modified_time\" content=\"2021-10-31T09:16:16+00:00\" \/>\n<meta name=\"twitter:card\" content=\"summary_large_image\" \/>\n<script type=\"application\/ld+json\" class=\"yoast-schema-graph\">{\"@context\":\"https:\/\/schema.org\",\"@graph\":[{\"@type\":\"WebPage\",\"@id\":\"https:\/\/sit.com.mt\/fr\/portfolio\/\",\"url\":\"https:\/\/sit.com.mt\/fr\/portfolio\/\",\"name\":\"Portfolio d'\u00e9v\u00e9nements | Voyage d'int\u00e9r\u00eat sp\u00e9cial \u00e0 Malte\",\"isPartOf\":{\"@id\":\"https:\/\/sit.com.mt\/#website\"},\"datePublished\":\"2020-01-08T10:28:21+00:00\",\"dateModified\":\"2021-10-31T09:16:16+00:00\",\"description\":\"Ce ne sont pas seulement des \u00e9v\u00e9nements m\u00e9morables. Ce sont nos affaires.\",\"breadcrumb\":{\"@id\":\"https:\/\/sit.com.mt\/fr\/portfolio\/#breadcrumb\"},\"inLanguage\":\"fr-FR\",\"potentialAction\":[{\"@type\":\"ReadAction\",\"target\":[\"https:\/\/sit.com.mt\/fr\/portfolio\/\"]}]},{\"@type\":\"BreadcrumbList\",\"@id\":\"https:\/\/sit.com.mt\/fr\/portfolio\/#breadcrumb\",\"itemListElement\":[{\"@type\":\"ListItem\",\"position\":1,\"name\":\"Home\",\"item\":\"https:\/\/sit.com.mt\/fr\/\"},{\"@type\":\"ListItem\",\"position\":2,\"name\":\"Portfolio\"}]},{\"@type\":\"WebSite\",\"@id\":\"https:\/\/sit.com.mt\/#website\",\"url\":\"https:\/\/sit.com.mt\/\",\"name\":\"SIT Malta\",\"description\":\"Unique Travel Programs\",\"publisher\":{\"@id\":\"https:\/\/sit.com.mt\/#organization\"},\"potentialAction\":[{\"@type\":\"SearchAction\",\"target\":{\"@type\":\"EntryPoint\",\"urlTemplate\":\"https:\/\/sit.com.mt\/?s={search_term_string}\"},\"query-input\":{\"@type\":\"PropertyValueSpecification\",\"valueRequired\":true,\"valueName\":\"search_term_string\"}}],\"inLanguage\":\"fr-FR\"},{\"@type\":\"Organization\",\"@id\":\"https:\/\/sit.com.mt\/#organization\",\"name\":\"SIT Mailta\",\"url\":\"https:\/\/sit.com.mt\/\",\"logo\":{\"@type\":\"ImageObject\",\"inLanguage\":\"fr-FR\",\"@id\":\"https:\/\/sit.com.mt\/#\/schema\/logo\/image\/\",\"url\":\"https:\/\/sit.com.mt\/wp-content\/uploads\/2020\/01\/main-logo-new.svg\",\"contentUrl\":\"https:\/\/sit.com.mt\/wp-content\/uploads\/2020\/01\/main-logo-new.svg\",\"width\":1,\"height\":1,\"caption\":\"SIT Mailta\"},\"image\":{\"@id\":\"https:\/\/sit.com.mt\/#\/schema\/logo\/image\/\"}}]}<\/script>\n<!-- \/ Yoast SEO plugin. -->","yoast_head_json":{"title":"Portfolio d'\u00e9v\u00e9nements | Voyage d'int\u00e9r\u00eat sp\u00e9cial \u00e0 Malte","description":"Ce ne sont pas seulement des \u00e9v\u00e9nements m\u00e9morables. Ce sont nos affaires.","robots":{"index":"index","follow":"follow","max-snippet":"max-snippet:-1","max-image-preview":"max-image-preview:large","max-video-preview":"max-video-preview:-1"},"canonical":"https:\/\/sit.com.mt\/fr\/portfolio\/","og_locale":"fr_FR","og_type":"article","og_title":"Portfolio d'\u00e9v\u00e9nements | Voyage d'int\u00e9r\u00eat sp\u00e9cial \u00e0 Malte","og_description":"Ce ne sont pas seulement des \u00e9v\u00e9nements m\u00e9morables. Ce sont nos affaires.","og_url":"https:\/\/sit.com.mt\/fr\/portfolio\/","og_site_name":"SIT Malta","article_modified_time":"2021-10-31T09:16:16+00:00","twitter_card":"summary_large_image","schema":{"@context":"https:\/\/schema.org","@graph":[{"@type":"WebPage","@id":"https:\/\/sit.com.mt\/fr\/portfolio\/","url":"https:\/\/sit.com.mt\/fr\/portfolio\/","name":"Portfolio d'\u00e9v\u00e9nements | Voyage d'int\u00e9r\u00eat sp\u00e9cial \u00e0 Malte","isPartOf":{"@id":"https:\/\/sit.com.mt\/#website"},"datePublished":"2020-01-08T10:28:21+00:00","dateModified":"2021-10-31T09:16:16+00:00","description":"Ce ne sont pas seulement des \u00e9v\u00e9nements m\u00e9morables. Ce sont nos affaires.","breadcrumb":{"@id":"https:\/\/sit.com.mt\/fr\/portfolio\/#breadcrumb"},"inLanguage":"fr-FR","potentialAction":[{"@type":"ReadAction","target":["https:\/\/sit.com.mt\/fr\/portfolio\/"]}]},{"@type":"BreadcrumbList","@id":"https:\/\/sit.com.mt\/fr\/portfolio\/#breadcrumb","itemListElement":[{"@type":"ListItem","position":1,"name":"Home","item":"https:\/\/sit.com.mt\/fr\/"},{"@type":"ListItem","position":2,"name":"Portfolio"}]},{"@type":"WebSite","@id":"https:\/\/sit.com.mt\/#website","url":"https:\/\/sit.com.mt\/","name":"SIT Malta","description":"Unique Travel Programs","publisher":{"@id":"https:\/\/sit.com.mt\/#organization"},"potentialAction":[{"@type":"SearchAction","target":{"@type":"EntryPoint","urlTemplate":"https:\/\/sit.com.mt\/?s={search_term_string}"},"query-input":{"@type":"PropertyValueSpecification","valueRequired":true,"valueName":"search_term_string"}}],"inLanguage":"fr-FR"},{"@type":"Organization","@id":"https:\/\/sit.com.mt\/#organization","name":"SIT Mailta","url":"https:\/\/sit.com.mt\/","logo":{"@type":"ImageObject","inLanguage":"fr-FR","@id":"https:\/\/sit.com.mt\/#\/schema\/logo\/image\/","url":"https:\/\/sit.com.mt\/wp-content\/uploads\/2020\/01\/main-logo-new.svg","contentUrl":"https:\/\/sit.com.mt\/wp-content\/uploads\/2020\/01\/main-logo-new.svg","width":1,"height":1,"caption":"SIT Mailta"},"image":{"@id":"https:\/\/sit.com.mt\/#\/schema\/logo\/image\/"}}]}},"_links":{"self":[{"href":"https:\/\/sit.com.mt\/fr\/wp-json\/wp\/v2\/pages\/5908","targetHints":{"allow":["GET"]}}],"collection":[{"href":"https:\/\/sit.com.mt\/fr\/wp-json\/wp\/v2\/pages"}],"about":[{"href":"https:\/\/sit.com.mt\/fr\/wp-json\/wp\/v2\/types\/page"}],"author":[{"embeddable":true,"href":"https:\/\/sit.com.mt\/fr\/wp-json\/wp\/v2\/users\/6"}],"replies":[{"embeddable":true,"href":"https:\/\/sit.com.mt\/fr\/wp-json\/wp\/v2\/comments?post=5908"}],"version-history":[{"count":1,"href":"https:\/\/sit.com.mt\/fr\/wp-json\/wp\/v2\/pages\/5908\/revisions"}],"predecessor-version":[{"id":8444,"href":"https:\/\/sit.com.mt\/fr\/wp-json\/wp\/v2\/pages\/5908\/revisions\/8444"}],"wp:attachment":[{"href":"https:\/\/sit.com.mt\/fr\/wp-json\/wp\/v2\/media?parent=5908"}],"wp:term":[{"taxonomy":"category","embeddable":true,"href":"https:\/\/sit.com.mt\/fr\/wp-json\/wp\/v2\/categories?post=5908"}],"curies":[{"name":"wp","href":"https:\/\/api.w.org\/{rel}","templated":true}]}}