{"id":5927,"date":"2020-01-15T08:24:55","date_gmt":"2020-01-15T08:24:55","guid":{"rendered":"https:\/\/sit.com.mt\/incentives\/services\/"},"modified":"2021-10-31T09:22:41","modified_gmt":"2021-10-31T09:22:41","slug":"services","status":"publish","type":"page","link":"https:\/\/sit.com.mt\/fr\/services\/incentives\/services\/","title":{"rendered":"Services"},"content":{"rendered":"<div class=\"landing-banner-block\">\n    <div class=\"landing-banner-wrap inline-bg-image lazyload\" style=\"background-image:inherit;\" data-bg-image=\"url(https:\/\/sit.com.mt\/wp-content\/uploads\/2020\/01\/517.png)\">\n        \n            <div class=\"content-box\" data-aos=\"fade-up\">\n                                    <h1 class=\"h1\">Nos Services<\/h1>\n                                                    <p class=\"para\">Nous cr\u00e9ons. Vous f\u00eatez. La vie est un \u00e9v\u00e9nement. Rendez-le m\u00e9morable.<\/p>\n                            <\/div>\n            \n                    <\/div>\n        \n    <\/div>\n\n<div class=\"image-desc-large-blocks-block\">\n    <div class=\"image-desc-large-blocks-wrap\">\n            <div class=\"img-desc-large-box\" data-aos=\"fade-up\" tabindex=\"1\">\n\n                        <div class=\"img inline-bg-image lazyload\" role=\"img\" aria-label=\"People Holding Blue Self-Built Boat\" style=\"background-image:inherit;\" data-bg-image=\"url(https:\/\/sit.com.mt\/wp-content\/uploads\/2020\/05\/men-in-blue-holding-blue-boat-977241-scaled.jpg)\"><\/div>\n\n            <div class=\"block-title\">\n                <div class=\"v-align\">\n                    <div class=\"title\">Team Building<\/div>\n                <\/div>\n            <\/div>\n\n            <div class=\"block-content\">\n                <div class=\"title\">Team Building<\/div>\n                <div class=\"para\"><p>\u2014<\/p>\n<p>&nbsp;<\/p>\n<p>Engagez, inspirez et unifiez votre groupe avec un puissant programme de consolidation d&rsquo;\u00e9quipe. Nous prenons le temps de d\u00e9couvrir votre groupe et vous proposons les meilleures activit\u00e9s avec une touche locale. Nous nous concentrons sur l&rsquo;am\u00e9lioration de la communication et le renforcement de la confiance au sein de votre \u00e9quipe en cr\u00e9ant un programme dynamique qui r\u00e9pond \u00e0 tous vos objectifs.<\/p>\n<p>&nbsp;<\/p>\n<\/div>\n            <\/div>\n\n        <\/div>\n            <div class=\"img-desc-large-box\" data-aos=\"fade-up\" tabindex=\"1\">\n\n                        <div class=\"img inline-bg-image lazyload\" role=\"img\" aria-label=\"Culture\" style=\"background-image:inherit;\" data-bg-image=\"url(https:\/\/sit.com.mt\/wp-content\/uploads\/2020\/01\/knight-116591_1920.png)\"><\/div>\n\n            <div class=\"block-title\">\n                <div class=\"v-align\">\n                    <div class=\"title\">CULTUREL<\/div>\n                <\/div>\n            <\/div>\n\n            <div class=\"block-content\">\n                <div class=\"title\">CULTUREL<\/div>\n                <div class=\"para\"><p>\u2014<\/p>\n<p>&nbsp;<\/p>\n<p>Offrons en cadeau \u00e0 vos participants \u00e9merveillement, authenticit\u00e9 et unicit\u00e9. Ensemble, nous pouvons leur montrer nos 7 000 ans d&rsquo;histoire; comprenant des temples et des mus\u00e9es admirables, une architecture \u00e0 couper le souffle et des fortifications spectaculaires; l\u2019ensemble d\u00e9montrant le fantastique m\u00e9lange d&rsquo;influences de plus de 14 nationalit\u00e9s qui ont influenc\u00e9 nos \u00eeles au fil des si\u00e8cles.<\/p>\n<\/div>\n            <\/div>\n\n        <\/div>\n            <div class=\"img-desc-large-box\" data-aos=\"fade-up\" tabindex=\"1\">\n\n                        <div class=\"img inline-bg-image lazyload\" role=\"img\" aria-label=\"Beautiful Gala Dinner Setup\" style=\"background-image:inherit;\" data-bg-image=\"url(https:\/\/sit.com.mt\/wp-content\/uploads\/2020\/05\/the-greatest-show.jpeg)\"><\/div>\n\n            <div class=\"block-title\">\n                <div class=\"v-align\">\n                    <div class=\"title\">DINER DE GALA ET RECOMPENSE<\/div>\n                <\/div>\n            <\/div>\n\n            <div class=\"block-content\">\n                <div class=\"title\">DINER DE GALA ET RECOMPENSE<\/div>\n                <div class=\"para\"><p>\u2014<\/p>\n<p>&nbsp;<\/p>\n<p>Que vous recherchiez un cocktail ou un d\u00e9jeuner historique; un gala , une c\u00e9r\u00e9monie de remise des prix ou un concert priv\u00e9, SIT peut le rendre tr\u00e8s sp\u00e9cial avec l&rsquo;un de nos lieux compl\u00e8tement inattendus. Sur une plage au coucher du soleil avec les vagues qui clapotent \u00e0 vos pieds ou dans un vieux fort construit par les chevaliers pour nous prot\u00e9ger des envahisseurs, avec SIT, toute l&rsquo;\u00eele est votre lieu de rendez-vous.<\/p>\n<\/div>\n            <\/div>\n\n        <\/div>\n            <div class=\"img-desc-large-box\" data-aos=\"fade-up\" tabindex=\"1\">\n\n                        <div class=\"img inline-bg-image lazyload\" role=\"img\" aria-label=\"Scuba diver in maltese waters\" style=\"background-image:inherit;\" data-bg-image=\"url(https:\/\/sit.com.mt\/wp-content\/uploads\/2020\/01\/scuba-diver-1049945_1920-1.png)\"><\/div>\n\n            <div class=\"block-title\">\n                <div class=\"v-align\">\n                    <div class=\"title\">AVENTURE<\/div>\n                <\/div>\n            <\/div>\n\n            <div class=\"block-content\">\n                <div class=\"title\">AVENTURE<\/div>\n                <div class=\"para\"><p>\u2014<\/p>\n<p>&nbsp;<\/p>\n<p>A SIT, nous sommes impatients de montrer les endroits que nous connaissons et aimons et ce, en garantissant les meilleures activit\u00e9s pour votre programme, y compris celles originales, telles que des visites dans les coulisses, des excursions sur et hors des sentiers battus, des aventures touristiques, randonn\u00e9es uniques \u00e0 v\u00e9lo, en bateau, \u00e0 cheval, en jeep, en Segway et m\u00eame \u00e0 pied.<\/p>\n<\/div>\n            <\/div>\n\n        <\/div>\n            <div class=\"img-desc-large-box\" data-aos=\"fade-up\" tabindex=\"1\">\n\n                        <div class=\"img inline-bg-image lazyload\" role=\"img\" aria-label=\"Growing Grapes For Wine\" style=\"background-image:inherit;\" data-bg-image=\"url(https:\/\/sit.com.mt\/wp-content\/uploads\/2020\/01\/berries-blur-blurry-39351.png)\"><\/div>\n\n            <div class=\"block-title\">\n                <div class=\"v-align\">\n                    <div class=\"title\">RESPECTUEUX DE LA NATURE<\/div>\n                <\/div>\n            <\/div>\n\n            <div class=\"block-content\">\n                <div class=\"title\">RESPECTUEUX DE LA NATURE<\/div>\n                <div class=\"para\"><p>\u2014<\/p>\n<p>&nbsp;<\/p>\n<p>Votre entreprise d\u00e9pend et affecte l&rsquo;environnement de plusieurs fa\u00e7ons. \u00catre respectueux de l&rsquo;environnement peut vous faire \u00e9conomiser de l&rsquo;argent, vous donner une bonne publicit\u00e9 et m\u00eame attirer de nouveaux clients. SIT peut offrir une gamme compl\u00e8te d\u2019id\u00e9es d\u2019incitations \u00e9cologiques pour votre \u00e9v\u00e9nement, vous aidant \u00e0 r\u00e9duire l\u2019empreinte carbone de votre compagnie.<\/p>\n<\/div>\n            <\/div>\n\n        <\/div>\n            <div class=\"img-desc-large-box\" data-aos=\"fade-up\" tabindex=\"1\">\n\n                        <div class=\"img inline-bg-image lazyload\" role=\"img\" aria-label=\"Stage Set For Private Event\" style=\"background-image:inherit;\" data-bg-image=\"url(https:\/\/sit.com.mt\/wp-content\/uploads\/2020\/05\/demajo-event-stage.jpeg)\"><\/div>\n\n            <div class=\"block-title\">\n                <div class=\"v-align\">\n                    <div class=\"title\">EVENEMENTS, FESTIVALS ET CONCERTS<\/div>\n                <\/div>\n            <\/div>\n\n            <div class=\"block-content\">\n                <div class=\"title\">EVENEMENTS, FESTIVALS ET CONCERTS<\/div>\n                <div class=\"para\"><p>\u2014<\/p>\n<p>&nbsp;<\/p>\n<p>Gr\u00e2ce \u00e0 une vision et des connexions incomparables, nous pouvons offrir \u00e0 votre groupe un acc\u00e8s sp\u00e9cial \u00e0 des inaugurations et \u00e0 des avant-premi\u00e8res en exclusivit\u00e9, \u00e0 des \u00e9v\u00e9nements en s\u00e9rie limit\u00e9e et \u00e0 des activit\u00e9s inattendues ou hyperlocales.<\/p>\n<\/div>\n            <\/div>\n\n        <\/div>\n    <\/div><\/div>\n\n<div class=\"tsdb-block\">\n    <div class=\"tsdb-wrap grey-bg includes-bg-text \">\n            <div class=\"inner\">\n\n                                \n                                \n                                                    <div class=\"para\" data-aos=\"fade-up\"><p>Laissez SIT vous aider \u00e0 cr\u00e9er, personnaliser et garantir des exp\u00e9riences vous repr\u00e9sentant \u00e0 votre juste valeur.<\/p>\n<\/div>\n                \n                                                    <a href=\"\/contact\/\" class=\"button\" target=\"\" data-aos=\"fade-up\">CONTACTEZ NOUS<\/a>\n                                \n                \n            <\/div>\n\n                            <div class=\"bg-text\" data-aos=\"fade-up\">Trustworthy<\/div>\n                    <\/div>\n    \n    <\/div>\n\n<div class=\"image-desc-blocks-block\">\n    <div class=\"image-desc-blocks-wrap\">\n                    <a href=\"\/fr\/portefeuille\/#incentives\" class=\"link-wrap\" target=\"\">\n            <div class=\"img-desc-box\" data-aos=\"fade-up\" data-aos-offset=\"50\">\n\n                                <div class=\"img inline-bg-image lazyload\" role=\"img\" aria-label=\"\" style=\"background-image:inherit;\" data-bg-image=\"url(https:\/\/sit.com.mt\/wp-content\/uploads\/2019\/12\/incentives-3.png)\"><\/div>\n\n                <div class=\"block-title\">\n                    <div class=\"title\">NOS REALISATIONS    <\/div>\n                <\/div>\n\n                <div class=\"block-content\">\n                    <div class=\"title\">NOS REALISATIONS    <\/div>\n                    \n                    <p class=\"para\">Nos r\u00e9ussites que nous sommes fiers de partager avec vous . <\/p>\n                    \n                                            <span class=\"more-link\">EN SAVOIR PLUS<\/span>\n                                    <\/div>\n\n            <\/div>\n        <\/a>\n                    <a href=\"\/fr\/services\/incentives\/responsabilite-societale-des-entreprises-malte\/\" class=\"link-wrap\" target=\"\">\n            <div class=\"img-desc-box\" data-aos=\"fade-up\" data-aos-offset=\"50\">\n\n                                <div class=\"img inline-bg-image lazyload\" role=\"img\" aria-label=\"people preparing to the tree planting\" style=\"background-image:inherit;\" data-bg-image=\"url(https:\/\/sit.com.mt\/wp-content\/uploads\/2019\/12\/incentives-1.png)\"><\/div>\n\n                <div class=\"block-title\">\n                    <div class=\"title\">RSE <\/div>\n                <\/div>\n\n                <div class=\"block-content\">\n                    <div class=\"title\">RSE <\/div>\n                    \n                    <p class=\"para\">Faites de votre mieux en prot\u00e9geant notre environnement . <\/p>\n                    \n                                            <span class=\"more-link\">EN SAVOIR PLUS<\/span>\n                                    <\/div>\n\n            <\/div>\n        <\/a>\n                    <a href=\"\/fr\/incentives\/sicily\/\" class=\"link-wrap\" target=\"\">\n            <div class=\"img-desc-box\" data-aos=\"fade-up\" data-aos-offset=\"50\">\n\n                                <div class=\"img inline-bg-image lazyload\" role=\"img\" aria-label=\"colorful Sicily's house with character\" style=\"background-image:inherit;\" data-bg-image=\"url(https:\/\/sit.com.mt\/wp-content\/uploads\/2019\/12\/sicily-house.png)\"><\/div>\n\n                <div class=\"block-title\">\n                    <div class=\"title\">SICILE<\/div>\n                <\/div>\n\n                <div class=\"block-content\">\n                    <div class=\"title\">SICILE<\/div>\n                    \n                    <p class=\"para\">En Sicile, les couleurs ne se retrouvent pas seulement dans vos yeux, elles p\u00e9n\u00e8trent dans vos veines et vos os &#8211; Fabrizio Caramagna.<\/p>\n                    \n                                            <span class=\"more-link\">EN SAVOIR PLUS<\/span>\n                                    <\/div>\n\n            <\/div>\n        <\/a>\n    <\/div><\/div>","protected":false},"excerpt":{"rendered":"","protected":false},"author":6,"featured_media":3185,"parent":5918,"menu_order":0,"comment_status":"closed","ping_status":"closed","template":"","meta":{"footnotes":""},"categories":[],"class_list":["post-5927","page","type-page","status-publish","has-post-thumbnail","hentry"],"acf":[],"yoast_head":"<!-- This site is optimized with the Yoast SEO plugin v25.3 - https:\/\/yoast.com\/wordpress\/plugins\/seo\/ -->\n<title>Organisateur d&#039;incentive Malte | SIT Malte<\/title>\n<meta name=\"description\" content=\"Qu\u2019il s\u2019agisse de voyages de motivation, de team-building ou de voyages d\u2019affaires. Nous sommes plus qu\u2019heureux de vous aider \u00e0 cr\u00e9er, personnaliser et offrir des exp\u00e9riences qui incarnent votre appr\u00e9ciation.\" \/>\n<meta name=\"robots\" content=\"index, follow, max-snippet:-1, max-image-preview:large, max-video-preview:-1\" \/>\n<link rel=\"canonical\" href=\"https:\/\/sit.com.mt\/fr\/services\/incentives\/services\/\" \/>\n<meta property=\"og:locale\" content=\"fr_FR\" \/>\n<meta property=\"og:type\" content=\"article\" \/>\n<meta property=\"og:title\" content=\"Organisateur d&#039;incentive Malte | SIT Malte\" \/>\n<meta property=\"og:description\" content=\"Qu\u2019il s\u2019agisse de voyages de motivation, de team-building ou de voyages d\u2019affaires. Nous sommes plus qu\u2019heureux de vous aider \u00e0 cr\u00e9er, personnaliser et offrir des exp\u00e9riences qui incarnent votre appr\u00e9ciation.\" \/>\n<meta property=\"og:url\" content=\"https:\/\/sit.com.mt\/fr\/services\/incentives\/services\/\" \/>\n<meta property=\"og:site_name\" content=\"SIT Malta\" \/>\n<meta property=\"article:modified_time\" content=\"2021-10-31T09:22:41+00:00\" \/>\n<meta property=\"og:image\" content=\"https:\/\/sit.com.mt\/wp-content\/uploads\/2020\/05\/Iconic-View-e1589282465307.jpg\" \/>\n\t<meta property=\"og:image:width\" content=\"1075\" \/>\n\t<meta property=\"og:image:height\" content=\"970\" \/>\n\t<meta property=\"og:image:type\" content=\"image\/jpeg\" \/>\n<meta name=\"twitter:card\" content=\"summary_large_image\" \/>\n<script type=\"application\/ld+json\" class=\"yoast-schema-graph\">{\"@context\":\"https:\/\/schema.org\",\"@graph\":[{\"@type\":\"WebPage\",\"@id\":\"https:\/\/sit.com.mt\/fr\/services\/incentives\/services\/\",\"url\":\"https:\/\/sit.com.mt\/fr\/services\/incentives\/services\/\",\"name\":\"Organisateur d'incentive Malte | SIT Malte\",\"isPartOf\":{\"@id\":\"https:\/\/sit.com.mt\/#website\"},\"primaryImageOfPage\":{\"@id\":\"https:\/\/sit.com.mt\/fr\/services\/incentives\/services\/#primaryimage\"},\"image\":{\"@id\":\"https:\/\/sit.com.mt\/fr\/services\/incentives\/services\/#primaryimage\"},\"thumbnailUrl\":\"https:\/\/sit.com.mt\/wp-content\/uploads\/2020\/05\/Iconic-View-e1589282465307.jpg\",\"datePublished\":\"2020-01-15T08:24:55+00:00\",\"dateModified\":\"2021-10-31T09:22:41+00:00\",\"description\":\"Qu\u2019il s\u2019agisse de voyages de motivation, de team-building ou de voyages d\u2019affaires. Nous sommes plus qu\u2019heureux de vous aider \u00e0 cr\u00e9er, personnaliser et offrir des exp\u00e9riences qui incarnent votre appr\u00e9ciation.\",\"breadcrumb\":{\"@id\":\"https:\/\/sit.com.mt\/fr\/services\/incentives\/services\/#breadcrumb\"},\"inLanguage\":\"fr-FR\",\"potentialAction\":[{\"@type\":\"ReadAction\",\"target\":[\"https:\/\/sit.com.mt\/fr\/services\/incentives\/services\/\"]}]},{\"@type\":\"ImageObject\",\"inLanguage\":\"fr-FR\",\"@id\":\"https:\/\/sit.com.mt\/fr\/services\/incentives\/services\/#primaryimage\",\"url\":\"https:\/\/sit.com.mt\/wp-content\/uploads\/2020\/05\/Iconic-View-e1589282465307.jpg\",\"contentUrl\":\"https:\/\/sit.com.mt\/wp-content\/uploads\/2020\/05\/Iconic-View-e1589282465307.jpg\",\"width\":1075,\"height\":970,\"caption\":\"rooftop venue for your incentive gala dinner or party\"},{\"@type\":\"BreadcrumbList\",\"@id\":\"https:\/\/sit.com.mt\/fr\/services\/incentives\/services\/#breadcrumb\",\"itemListElement\":[{\"@type\":\"ListItem\",\"position\":1,\"name\":\"Home\",\"item\":\"https:\/\/sit.com.mt\/fr\/\"},{\"@type\":\"ListItem\",\"position\":2,\"name\":\"Services\",\"item\":\"https:\/\/sit.com.mt\/fr\/services\/\"},{\"@type\":\"ListItem\",\"position\":3,\"name\":\"Incentives\",\"item\":\"https:\/\/sit.com.mt\/fr\/services\/incentives\/\"},{\"@type\":\"ListItem\",\"position\":4,\"name\":\"Services\"}]},{\"@type\":\"WebSite\",\"@id\":\"https:\/\/sit.com.mt\/#website\",\"url\":\"https:\/\/sit.com.mt\/\",\"name\":\"SIT Malta\",\"description\":\"Unique Travel Programs\",\"publisher\":{\"@id\":\"https:\/\/sit.com.mt\/#organization\"},\"potentialAction\":[{\"@type\":\"SearchAction\",\"target\":{\"@type\":\"EntryPoint\",\"urlTemplate\":\"https:\/\/sit.com.mt\/?s={search_term_string}\"},\"query-input\":{\"@type\":\"PropertyValueSpecification\",\"valueRequired\":true,\"valueName\":\"search_term_string\"}}],\"inLanguage\":\"fr-FR\"},{\"@type\":\"Organization\",\"@id\":\"https:\/\/sit.com.mt\/#organization\",\"name\":\"SIT Mailta\",\"url\":\"https:\/\/sit.com.mt\/\",\"logo\":{\"@type\":\"ImageObject\",\"inLanguage\":\"fr-FR\",\"@id\":\"https:\/\/sit.com.mt\/#\/schema\/logo\/image\/\",\"url\":\"https:\/\/sit.com.mt\/wp-content\/uploads\/2020\/01\/main-logo-new.svg\",\"contentUrl\":\"https:\/\/sit.com.mt\/wp-content\/uploads\/2020\/01\/main-logo-new.svg\",\"width\":1,\"height\":1,\"caption\":\"SIT Mailta\"},\"image\":{\"@id\":\"https:\/\/sit.com.mt\/#\/schema\/logo\/image\/\"}}]}<\/script>\n<!-- \/ Yoast SEO plugin. -->","yoast_head_json":{"title":"Organisateur d'incentive Malte | SIT Malte","description":"Qu\u2019il s\u2019agisse de voyages de motivation, de team-building ou de voyages d\u2019affaires. Nous sommes plus qu\u2019heureux de vous aider \u00e0 cr\u00e9er, personnaliser et offrir des exp\u00e9riences qui incarnent votre appr\u00e9ciation.","robots":{"index":"index","follow":"follow","max-snippet":"max-snippet:-1","max-image-preview":"max-image-preview:large","max-video-preview":"max-video-preview:-1"},"canonical":"https:\/\/sit.com.mt\/fr\/services\/incentives\/services\/","og_locale":"fr_FR","og_type":"article","og_title":"Organisateur d'incentive Malte | SIT Malte","og_description":"Qu\u2019il s\u2019agisse de voyages de motivation, de team-building ou de voyages d\u2019affaires. Nous sommes plus qu\u2019heureux de vous aider \u00e0 cr\u00e9er, personnaliser et offrir des exp\u00e9riences qui incarnent votre appr\u00e9ciation.","og_url":"https:\/\/sit.com.mt\/fr\/services\/incentives\/services\/","og_site_name":"SIT Malta","article_modified_time":"2021-10-31T09:22:41+00:00","og_image":[{"width":1075,"height":970,"url":"https:\/\/sit.com.mt\/wp-content\/uploads\/2020\/05\/Iconic-View-e1589282465307.jpg","type":"image\/jpeg"}],"twitter_card":"summary_large_image","schema":{"@context":"https:\/\/schema.org","@graph":[{"@type":"WebPage","@id":"https:\/\/sit.com.mt\/fr\/services\/incentives\/services\/","url":"https:\/\/sit.com.mt\/fr\/services\/incentives\/services\/","name":"Organisateur d'incentive Malte | SIT Malte","isPartOf":{"@id":"https:\/\/sit.com.mt\/#website"},"primaryImageOfPage":{"@id":"https:\/\/sit.com.mt\/fr\/services\/incentives\/services\/#primaryimage"},"image":{"@id":"https:\/\/sit.com.mt\/fr\/services\/incentives\/services\/#primaryimage"},"thumbnailUrl":"https:\/\/sit.com.mt\/wp-content\/uploads\/2020\/05\/Iconic-View-e1589282465307.jpg","datePublished":"2020-01-15T08:24:55+00:00","dateModified":"2021-10-31T09:22:41+00:00","description":"Qu\u2019il s\u2019agisse de voyages de motivation, de team-building ou de voyages d\u2019affaires. Nous sommes plus qu\u2019heureux de vous aider \u00e0 cr\u00e9er, personnaliser et offrir des exp\u00e9riences qui incarnent votre appr\u00e9ciation.","breadcrumb":{"@id":"https:\/\/sit.com.mt\/fr\/services\/incentives\/services\/#breadcrumb"},"inLanguage":"fr-FR","potentialAction":[{"@type":"ReadAction","target":["https:\/\/sit.com.mt\/fr\/services\/incentives\/services\/"]}]},{"@type":"ImageObject","inLanguage":"fr-FR","@id":"https:\/\/sit.com.mt\/fr\/services\/incentives\/services\/#primaryimage","url":"https:\/\/sit.com.mt\/wp-content\/uploads\/2020\/05\/Iconic-View-e1589282465307.jpg","contentUrl":"https:\/\/sit.com.mt\/wp-content\/uploads\/2020\/05\/Iconic-View-e1589282465307.jpg","width":1075,"height":970,"caption":"rooftop venue for your incentive gala dinner or party"},{"@type":"BreadcrumbList","@id":"https:\/\/sit.com.mt\/fr\/services\/incentives\/services\/#breadcrumb","itemListElement":[{"@type":"ListItem","position":1,"name":"Home","item":"https:\/\/sit.com.mt\/fr\/"},{"@type":"ListItem","position":2,"name":"Services","item":"https:\/\/sit.com.mt\/fr\/services\/"},{"@type":"ListItem","position":3,"name":"Incentives","item":"https:\/\/sit.com.mt\/fr\/services\/incentives\/"},{"@type":"ListItem","position":4,"name":"Services"}]},{"@type":"WebSite","@id":"https:\/\/sit.com.mt\/#website","url":"https:\/\/sit.com.mt\/","name":"SIT Malta","description":"Unique Travel Programs","publisher":{"@id":"https:\/\/sit.com.mt\/#organization"},"potentialAction":[{"@type":"SearchAction","target":{"@type":"EntryPoint","urlTemplate":"https:\/\/sit.com.mt\/?s={search_term_string}"},"query-input":{"@type":"PropertyValueSpecification","valueRequired":true,"valueName":"search_term_string"}}],"inLanguage":"fr-FR"},{"@type":"Organization","@id":"https:\/\/sit.com.mt\/#organization","name":"SIT Mailta","url":"https:\/\/sit.com.mt\/","logo":{"@type":"ImageObject","inLanguage":"fr-FR","@id":"https:\/\/sit.com.mt\/#\/schema\/logo\/image\/","url":"https:\/\/sit.com.mt\/wp-content\/uploads\/2020\/01\/main-logo-new.svg","contentUrl":"https:\/\/sit.com.mt\/wp-content\/uploads\/2020\/01\/main-logo-new.svg","width":1,"height":1,"caption":"SIT Mailta"},"image":{"@id":"https:\/\/sit.com.mt\/#\/schema\/logo\/image\/"}}]}},"_links":{"self":[{"href":"https:\/\/sit.com.mt\/fr\/wp-json\/wp\/v2\/pages\/5927","targetHints":{"allow":["GET"]}}],"collection":[{"href":"https:\/\/sit.com.mt\/fr\/wp-json\/wp\/v2\/pages"}],"about":[{"href":"https:\/\/sit.com.mt\/fr\/wp-json\/wp\/v2\/types\/page"}],"author":[{"embeddable":true,"href":"https:\/\/sit.com.mt\/fr\/wp-json\/wp\/v2\/users\/6"}],"replies":[{"embeddable":true,"href":"https:\/\/sit.com.mt\/fr\/wp-json\/wp\/v2\/comments?post=5927"}],"version-history":[{"count":1,"href":"https:\/\/sit.com.mt\/fr\/wp-json\/wp\/v2\/pages\/5927\/revisions"}],"predecessor-version":[{"id":8450,"href":"https:\/\/sit.com.mt\/fr\/wp-json\/wp\/v2\/pages\/5927\/revisions\/8450"}],"up":[{"embeddable":true,"href":"https:\/\/sit.com.mt\/fr\/wp-json\/wp\/v2\/pages\/5918"}],"wp:featuredmedia":[{"embeddable":true,"href":"https:\/\/sit.com.mt\/fr\/wp-json\/wp\/v2\/media\/3185"}],"wp:attachment":[{"href":"https:\/\/sit.com.mt\/fr\/wp-json\/wp\/v2\/media?parent=5927"}],"wp:term":[{"taxonomy":"category","embeddable":true,"href":"https:\/\/sit.com.mt\/fr\/wp-json\/wp\/v2\/categories?post=5927"}],"curies":[{"name":"wp","href":"https:\/\/api.w.org\/{rel}","templated":true}]}}