{"id":5933,"date":"2020-01-15T09:12:46","date_gmt":"2020-01-15T09:12:46","guid":{"rendered":"https:\/\/sit.com.mt\/incentives\/sicily\/"},"modified":"2021-03-02T11:37:28","modified_gmt":"2021-03-02T11:37:28","slug":"sicile","status":"publish","type":"page","link":"https:\/\/sit.com.mt\/fr\/services\/incentives\/sicile\/","title":{"rendered":"Sicily"},"content":{"rendered":"<div class=\"landing-banner-block\">\n    <div class=\"landing-banner-wrap inline-bg-image lazyload\" style=\"background-image:inherit;\" data-bg-image=\"url(https:\/\/sit.com.mt\/wp-content\/uploads\/2020\/05\/Sicily-seascape.jpg)\">\n        \n            <div class=\"content-box\" data-aos=\"fade-up\">\n                                    <h1 class=\"h1\">Sicile<\/h1>\n                                                    <p class=\"para\">Les Siciliens construisent des choses comme s&rsquo;ils allaient vivre \u00e9ternellement et mangent comme s&rsquo;il n&rsquo;y avait pas de lendemain et la meilleure chose est que nous pouvons vous y emmener en seulement 90 minutes!<\/p>\n                            <\/div>\n            \n                    <\/div>\n        \n    <\/div>\n\n<div class=\"image-desc-large-blocks-block\">\n    <div class=\"image-desc-large-blocks-wrap\">\n            <div class=\"img-desc-large-box\" data-aos=\"fade-up\" tabindex=\"1\">\n\n                        <div class=\"img inline-bg-image lazyload\" role=\"img\" aria-label=\"Sicily Virtu Ferry Arriving To Valletta\" style=\"background-image:inherit;\" data-bg-image=\"url(https:\/\/sit.com.mt\/wp-content\/uploads\/2020\/01\/sicily-ferry.png)\"><\/div>\n\n            <div class=\"block-title\">\n                <div class=\"v-align\">\n                    <div class=\"title\">90 MINUTES EN CATAMARAN  <\/div>\n                <\/div>\n            <\/div>\n\n            <div class=\"block-content\">\n                <div class=\"title\">90 MINUTES EN CATAMARAN  <\/div>\n                <div class=\"para\"><p>\u2014<\/p>\n<p>&nbsp;<\/p>\n<p>Oui, vous avez bien lu! Seulement 90 minutes de Malte \u00e0 la Sicile en utilisant notre catamaran public \u00e0 grande vitesse. Le Catamaran fait la navette entre La Valette et Pozzallo TOUS les jours, agissant comme un lien pratique entre nos \u00eeles. Alternativement, il y a toujours le vol de 40 minutes entre Malte et Catane.<\/p>\n<\/div>\n            <\/div>\n\n        <\/div>\n            <div class=\"img-desc-large-box\" data-aos=\"fade-up\" tabindex=\"1\">\n\n                        <div class=\"img inline-bg-image lazyload\" role=\"img\" aria-label=\"Magnificent Sicilian Landscape\" style=\"background-image:inherit;\" data-bg-image=\"url(https:\/\/sit.com.mt\/wp-content\/uploads\/2020\/01\/Sicilian-Landscape.png)\"><\/div>\n\n            <div class=\"block-title\">\n                <div class=\"v-align\">\n                    <div class=\"title\">CONFERENCES<\/div>\n                <\/div>\n            <\/div>\n\n            <div class=\"block-content\">\n                <div class=\"title\">CONFERENCES<\/div>\n                <div class=\"para\"><p>\u2014<\/p>\n<p>&nbsp;<\/p>\n<p>Des stations baln\u00e9aires pittoresques comme Taormina et Erice aux retraites baln\u00e9aires, ainsi que des villes anim\u00e9es comme Palerme et Catane, la Sicile offre des attractions et des divertissements int\u00e9ressants et une excellente infrastructure pour les conf\u00e9rences. Si vous songez \u00e0 un autre type de lieu pour votre prochaine conf\u00e9rence, pensez \u00e0 la Sicile!<\/p>\n<\/div>\n            <\/div>\n\n        <\/div>\n            <div class=\"img-desc-large-box\" data-aos=\"fade-up\" tabindex=\"1\">\n\n                        <div class=\"img inline-bg-image lazyload\" role=\"img\" aria-label=\"Woman Sitting On The Bench By The Sea\" style=\"background-image:inherit;\" data-bg-image=\"url(https:\/\/sit.com.mt\/wp-content\/uploads\/2020\/01\/women-on-the-bench.png)\"><\/div>\n\n            <div class=\"block-title\">\n                <div class=\"v-align\">\n                    <div class=\"title\">INCENTIVES<\/div>\n                <\/div>\n            <\/div>\n\n            <div class=\"block-content\">\n                <div class=\"title\">INCENTIVES<\/div>\n                <div class=\"para\"><p>\u2014<\/p>\n<p>&nbsp;<\/p>\n<p>Un voyage incitatif en Sicile signifie des possibilit\u00e9s infinies de combiner art, histoire, traditions, excellente cuisine m\u00e9diterran\u00e9enne, splendides paysages naturels et activit\u00e9s passionnantes sur l&rsquo;Etna, dans les splendides canyons d&rsquo;Alcantara et bien s\u00fbr sur la mer bleu cobalt qui entoure l&rsquo;\u00eele.<\/p>\n<\/div>\n            <\/div>\n\n        <\/div>\n            <div class=\"img-desc-large-box\" data-aos=\"fade-up\" tabindex=\"1\">\n\n                        <div class=\"img inline-bg-image lazyload\" role=\"img\" aria-label=\"Hand Holds Sicilian Pasta\" style=\"background-image:inherit;\" data-bg-image=\"url(https:\/\/sit.com.mt\/wp-content\/uploads\/2020\/01\/sicilian-pasta.png)\"><\/div>\n\n            <div class=\"block-title\">\n                <div class=\"v-align\">\n                    <div class=\"title\">GASTRONOMIE<\/div>\n                <\/div>\n            <\/div>\n\n            <div class=\"block-content\">\n                <div class=\"title\">GASTRONOMIE<\/div>\n                <div class=\"para\"><p>\u2014<\/p>\n<p>&nbsp;<\/p>\n<p>D\u00e9couvrez une vari\u00e9t\u00e9 de cuisines diff\u00e9rentes pr\u00e9par\u00e9es avec des ingr\u00e9dients locaux sains et simples, savamment m\u00e9lang\u00e9s par des chefs Michelin accompagn\u00e9s de certains des meilleurs vins d&rsquo;Europe.<\/p>\n<\/div>\n            <\/div>\n\n        <\/div>\n            <div class=\"img-desc-large-box\" data-aos=\"fade-up\" tabindex=\"1\">\n\n                        <div class=\"img inline-bg-image lazyload\" role=\"img\" aria-label=\"The View Of Mount Etna\" style=\"background-image:inherit;\" data-bg-image=\"url(https:\/\/sit.com.mt\/wp-content\/uploads\/2020\/01\/mount-etna.png)\"><\/div>\n\n            <div class=\"block-title\">\n                <div class=\"v-align\">\n                    <div class=\"title\">CULTURE ET VOLCANS<\/div>\n                <\/div>\n            <\/div>\n\n            <div class=\"block-content\">\n                <div class=\"title\">CULTURE ET VOLCANS<\/div>\n                <div class=\"para\"><p>\u2014<\/p>\n<p>&nbsp;<\/p>\n<p>D\u00e9couvrez des th\u00e9\u00e2tres romains grecs, des temples, des \u00e9glises baroques, des villages m\u00e9di\u00e9vaux et de l&rsquo;art de de quasiment toutes les \u00e9poques . Laissez-vous envo\u00fbter par l&rsquo;\u00e9nergie et la splendeur des volcans de Sicile (Etna, Stromboli, Vulcano), la mer M\u00e9diterran\u00e9e, les gorges d&rsquo;Alcantara et la magnifique campagne sicilienne.<\/p>\n<\/div>\n            <\/div>\n\n        <\/div>\n            <div class=\"img-desc-large-box\" data-aos=\"fade-up\" tabindex=\"1\">\n\n                        <div class=\"img inline-bg-image lazyload\" role=\"img\" aria-label=\"Marlon Brando Starts In A Scene From Godfather\" style=\"background-image:inherit;\" data-bg-image=\"url(https:\/\/sit.com.mt\/wp-content\/uploads\/2020\/01\/the-godfather-marlon-brando.png)\"><\/div>\n\n            <div class=\"block-title\">\n                <div class=\"v-align\">\n                    <div class=\"title\">&lsquo;LE PARRAIN&rsquo;<\/div>\n                <\/div>\n            <\/div>\n\n            <div class=\"block-content\">\n                <div class=\"title\">&lsquo;LE PARRAIN&rsquo;<\/div>\n                <div class=\"para\"><p>\u2014<\/p>\n<p>\u00ab\u00a0Il Padrino\u00a0\u00bb (Le Parrain), est largement consid\u00e9r\u00e9 comme l&rsquo;un des plus grands films du cin\u00e9ma mondial et comme l&rsquo;un des plus influents. Tourn\u00e9 en Sicile, ses sc\u00e8nes, lieux et musique m\u00e9morables en font un th\u00e8me facile \u00e0 ajouter \u00e0 n&rsquo;importe quel \u00e9v\u00e9nement<\/p>\n<\/div>\n            <\/div>\n\n        <\/div>\n    <\/div><\/div>\n\n<div class=\"tsdb-block\">\n    <div class=\"tsdb-wrap grey-bg includes-bg-text \">\n            <div class=\"inner\">\n\n                                \n                                \n                                                    <div class=\"para\" data-aos=\"fade-up\"><p>\u2018La vie est trop courte pour boire des vins m\u00e9diocres\u2019. Organisons cela pour vous.<\/p>\n<\/div>\n                \n                                                    <a href=\"\/fr\/contact\/\" class=\"button\" target=\"\" data-aos=\"fade-up\">CONTACTEZ NOUS<\/a>\n                                \n                \n            <\/div>\n\n                            <div class=\"bg-text\" data-aos=\"fade-up\">Positivos<\/div>\n                    <\/div>\n    \n    <\/div>\n\n<div class=\"image-desc-blocks-block\">\n    <div class=\"image-desc-blocks-wrap\">\n                    <a href=\"\/fr\/incentives\/services\/\" class=\"link-wrap\" target=\"\">\n            <div class=\"img-desc-box\" data-aos=\"fade-up\" data-aos-offset=\"50\">\n\n                                <div class=\"img inline-bg-image lazyload\" role=\"img\" aria-label=\"people raising their hands\" style=\"background-image:inherit;\" data-bg-image=\"url(https:\/\/sit.com.mt\/wp-content\/uploads\/2020\/05\/people-raising-their-hands-3453047-scaled.jpg)\"><\/div>\n\n                <div class=\"block-title\">\n                    <div class=\"title\">NOS SERVICES<\/div>\n                <\/div>\n\n                <div class=\"block-content\">\n                    <div class=\"title\">NOS SERVICES<\/div>\n                    \n                    <p class=\"para\">Faites b\u00e9n\u00e9ficier vos invit\u00e9s d&rsquo;un repr\u00e9sentant local. Nous sommes sp\u00e9cialistes dans la cr\u00e9ation d&rsquo;exp\u00e9riences et d&rsquo;activit\u00e9s uniques aux saveurs locales authentiques.<\/p>\n                    \n                                            <span class=\"more-link\">EN SAVOIR PLUS<\/span>\n                                    <\/div>\n\n            <\/div>\n        <\/a>\n                    <a href=\"\/fr\/portefeuille\/#incentives\" class=\"link-wrap\" target=\"\">\n            <div class=\"img-desc-box\" data-aos=\"fade-up\" data-aos-offset=\"50\">\n\n                                <div class=\"img inline-bg-image lazyload\" role=\"img\" aria-label=\"\" style=\"background-image:inherit;\" data-bg-image=\"url(https:\/\/sit.com.mt\/wp-content\/uploads\/2019\/12\/incentives-3.png)\"><\/div>\n\n                <div class=\"block-title\">\n                    <div class=\"title\">NOS REALISATIONS<\/div>\n                <\/div>\n\n                <div class=\"block-content\">\n                    <div class=\"title\">NOS REALISATIONS<\/div>\n                    \n                    <p class=\"para\">C&rsquo;est le vrai Nous. <\/p>\n                    \n                                            <span class=\"more-link\">EN SAVOIR PLUS<\/span>\n                                    <\/div>\n\n            <\/div>\n        <\/a>\n                    <a href=\"\/fr\/services\/incentives\/responsabilite-societale-des-entreprises-malte\/\" class=\"link-wrap\" target=\"\">\n            <div class=\"img-desc-box\" data-aos=\"fade-up\" data-aos-offset=\"50\">\n\n                                <div class=\"img inline-bg-image lazyload\" role=\"img\" aria-label=\"people preparing to the tree planting\" style=\"background-image:inherit;\" data-bg-image=\"url(https:\/\/sit.com.mt\/wp-content\/uploads\/2019\/12\/incentives-1.png)\"><\/div>\n\n                <div class=\"block-title\">\n                    <div class=\"title\">CSE<\/div>\n                <\/div>\n\n                <div class=\"block-content\">\n                    <div class=\"title\">CSE<\/div>\n                    \n                    <p class=\"para\">Contribuez aux initiatives qui profitent \u00e0 la communaut\u00e9<\/p>\n                    \n                                            <span class=\"more-link\">EN SAVOIR PLUS<\/span>\n                                    <\/div>\n\n            <\/div>\n        <\/a>\n    <\/div><\/div>","protected":false},"excerpt":{"rendered":"","protected":false},"author":6,"featured_media":0,"parent":5918,"menu_order":0,"comment_status":"closed","ping_status":"closed","template":"","meta":{"footnotes":""},"categories":[],"class_list":["post-5933","page","type-page","status-publish","hentry"],"acf":[],"yoast_head":"<!-- This site is optimized with the Yoast SEO plugin v25.3 - https:\/\/yoast.com\/wordpress\/plugins\/seo\/ -->\n<title>Incentive Sicily - Trip You Will Never Forget | SIT Malta<\/title>\n<meta name=\"description\" content=\"An Incentive to Sicily means endless possibilities to put together art, history, traditions, excellent Mediterranean Cuisine and exciting activities on Mt Etna.\" \/>\n<meta name=\"robots\" content=\"index, follow, max-snippet:-1, max-image-preview:large, max-video-preview:-1\" \/>\n<link rel=\"canonical\" href=\"https:\/\/sit.com.mt\/fr\/services\/incentives\/sicile\/\" \/>\n<meta property=\"og:locale\" content=\"fr_FR\" \/>\n<meta property=\"og:type\" content=\"article\" \/>\n<meta property=\"og:title\" content=\"Incentive Sicily - Trip You Will Never Forget | SIT Malta\" \/>\n<meta property=\"og:description\" content=\"An Incentive to Sicily means endless possibilities to put together art, history, traditions, excellent Mediterranean Cuisine and exciting activities on Mt Etna.\" \/>\n<meta property=\"og:url\" content=\"https:\/\/sit.com.mt\/fr\/services\/incentives\/sicile\/\" \/>\n<meta property=\"og:site_name\" content=\"SIT Malta\" \/>\n<meta property=\"article:modified_time\" content=\"2021-03-02T11:37:28+00:00\" \/>\n<meta name=\"twitter:card\" content=\"summary_large_image\" \/>\n<script type=\"application\/ld+json\" class=\"yoast-schema-graph\">{\"@context\":\"https:\/\/schema.org\",\"@graph\":[{\"@type\":\"WebPage\",\"@id\":\"https:\/\/sit.com.mt\/fr\/services\/incentives\/sicile\/\",\"url\":\"https:\/\/sit.com.mt\/fr\/services\/incentives\/sicile\/\",\"name\":\"Incentive Sicily - Trip You Will Never Forget | SIT Malta\",\"isPartOf\":{\"@id\":\"https:\/\/sit.com.mt\/#website\"},\"datePublished\":\"2020-01-15T09:12:46+00:00\",\"dateModified\":\"2021-03-02T11:37:28+00:00\",\"description\":\"An Incentive to Sicily means endless possibilities to put together art, history, traditions, excellent Mediterranean Cuisine and exciting activities on Mt Etna.\",\"breadcrumb\":{\"@id\":\"https:\/\/sit.com.mt\/fr\/services\/incentives\/sicile\/#breadcrumb\"},\"inLanguage\":\"fr-FR\",\"potentialAction\":[{\"@type\":\"ReadAction\",\"target\":[\"https:\/\/sit.com.mt\/fr\/services\/incentives\/sicile\/\"]}]},{\"@type\":\"BreadcrumbList\",\"@id\":\"https:\/\/sit.com.mt\/fr\/services\/incentives\/sicile\/#breadcrumb\",\"itemListElement\":[{\"@type\":\"ListItem\",\"position\":1,\"name\":\"Home\",\"item\":\"https:\/\/sit.com.mt\/fr\/\"},{\"@type\":\"ListItem\",\"position\":2,\"name\":\"Services\",\"item\":\"https:\/\/sit.com.mt\/fr\/services\/\"},{\"@type\":\"ListItem\",\"position\":3,\"name\":\"Incentives\",\"item\":\"https:\/\/sit.com.mt\/fr\/services\/incentives\/\"},{\"@type\":\"ListItem\",\"position\":4,\"name\":\"Sicily\"}]},{\"@type\":\"WebSite\",\"@id\":\"https:\/\/sit.com.mt\/#website\",\"url\":\"https:\/\/sit.com.mt\/\",\"name\":\"SIT Malta\",\"description\":\"Unique Travel Programs\",\"publisher\":{\"@id\":\"https:\/\/sit.com.mt\/#organization\"},\"potentialAction\":[{\"@type\":\"SearchAction\",\"target\":{\"@type\":\"EntryPoint\",\"urlTemplate\":\"https:\/\/sit.com.mt\/?s={search_term_string}\"},\"query-input\":{\"@type\":\"PropertyValueSpecification\",\"valueRequired\":true,\"valueName\":\"search_term_string\"}}],\"inLanguage\":\"fr-FR\"},{\"@type\":\"Organization\",\"@id\":\"https:\/\/sit.com.mt\/#organization\",\"name\":\"SIT Mailta\",\"url\":\"https:\/\/sit.com.mt\/\",\"logo\":{\"@type\":\"ImageObject\",\"inLanguage\":\"fr-FR\",\"@id\":\"https:\/\/sit.com.mt\/#\/schema\/logo\/image\/\",\"url\":\"https:\/\/sit.com.mt\/wp-content\/uploads\/2020\/01\/main-logo-new.svg\",\"contentUrl\":\"https:\/\/sit.com.mt\/wp-content\/uploads\/2020\/01\/main-logo-new.svg\",\"width\":1,\"height\":1,\"caption\":\"SIT Mailta\"},\"image\":{\"@id\":\"https:\/\/sit.com.mt\/#\/schema\/logo\/image\/\"}}]}<\/script>\n<!-- \/ Yoast SEO plugin. -->","yoast_head_json":{"title":"Incentive Sicily - Trip You Will Never Forget | SIT Malta","description":"An Incentive to Sicily means endless possibilities to put together art, history, traditions, excellent Mediterranean Cuisine and exciting activities on Mt Etna.","robots":{"index":"index","follow":"follow","max-snippet":"max-snippet:-1","max-image-preview":"max-image-preview:large","max-video-preview":"max-video-preview:-1"},"canonical":"https:\/\/sit.com.mt\/fr\/services\/incentives\/sicile\/","og_locale":"fr_FR","og_type":"article","og_title":"Incentive Sicily - Trip You Will Never Forget | SIT Malta","og_description":"An Incentive to Sicily means endless possibilities to put together art, history, traditions, excellent Mediterranean Cuisine and exciting activities on Mt Etna.","og_url":"https:\/\/sit.com.mt\/fr\/services\/incentives\/sicile\/","og_site_name":"SIT Malta","article_modified_time":"2021-03-02T11:37:28+00:00","twitter_card":"summary_large_image","schema":{"@context":"https:\/\/schema.org","@graph":[{"@type":"WebPage","@id":"https:\/\/sit.com.mt\/fr\/services\/incentives\/sicile\/","url":"https:\/\/sit.com.mt\/fr\/services\/incentives\/sicile\/","name":"Incentive Sicily - Trip You Will Never Forget | SIT Malta","isPartOf":{"@id":"https:\/\/sit.com.mt\/#website"},"datePublished":"2020-01-15T09:12:46+00:00","dateModified":"2021-03-02T11:37:28+00:00","description":"An Incentive to Sicily means endless possibilities to put together art, history, traditions, excellent Mediterranean Cuisine and exciting activities on Mt Etna.","breadcrumb":{"@id":"https:\/\/sit.com.mt\/fr\/services\/incentives\/sicile\/#breadcrumb"},"inLanguage":"fr-FR","potentialAction":[{"@type":"ReadAction","target":["https:\/\/sit.com.mt\/fr\/services\/incentives\/sicile\/"]}]},{"@type":"BreadcrumbList","@id":"https:\/\/sit.com.mt\/fr\/services\/incentives\/sicile\/#breadcrumb","itemListElement":[{"@type":"ListItem","position":1,"name":"Home","item":"https:\/\/sit.com.mt\/fr\/"},{"@type":"ListItem","position":2,"name":"Services","item":"https:\/\/sit.com.mt\/fr\/services\/"},{"@type":"ListItem","position":3,"name":"Incentives","item":"https:\/\/sit.com.mt\/fr\/services\/incentives\/"},{"@type":"ListItem","position":4,"name":"Sicily"}]},{"@type":"WebSite","@id":"https:\/\/sit.com.mt\/#website","url":"https:\/\/sit.com.mt\/","name":"SIT Malta","description":"Unique Travel Programs","publisher":{"@id":"https:\/\/sit.com.mt\/#organization"},"potentialAction":[{"@type":"SearchAction","target":{"@type":"EntryPoint","urlTemplate":"https:\/\/sit.com.mt\/?s={search_term_string}"},"query-input":{"@type":"PropertyValueSpecification","valueRequired":true,"valueName":"search_term_string"}}],"inLanguage":"fr-FR"},{"@type":"Organization","@id":"https:\/\/sit.com.mt\/#organization","name":"SIT Mailta","url":"https:\/\/sit.com.mt\/","logo":{"@type":"ImageObject","inLanguage":"fr-FR","@id":"https:\/\/sit.com.mt\/#\/schema\/logo\/image\/","url":"https:\/\/sit.com.mt\/wp-content\/uploads\/2020\/01\/main-logo-new.svg","contentUrl":"https:\/\/sit.com.mt\/wp-content\/uploads\/2020\/01\/main-logo-new.svg","width":1,"height":1,"caption":"SIT Mailta"},"image":{"@id":"https:\/\/sit.com.mt\/#\/schema\/logo\/image\/"}}]}},"_links":{"self":[{"href":"https:\/\/sit.com.mt\/fr\/wp-json\/wp\/v2\/pages\/5933","targetHints":{"allow":["GET"]}}],"collection":[{"href":"https:\/\/sit.com.mt\/fr\/wp-json\/wp\/v2\/pages"}],"about":[{"href":"https:\/\/sit.com.mt\/fr\/wp-json\/wp\/v2\/types\/page"}],"author":[{"embeddable":true,"href":"https:\/\/sit.com.mt\/fr\/wp-json\/wp\/v2\/users\/6"}],"replies":[{"embeddable":true,"href":"https:\/\/sit.com.mt\/fr\/wp-json\/wp\/v2\/comments?post=5933"}],"version-history":[{"count":0,"href":"https:\/\/sit.com.mt\/fr\/wp-json\/wp\/v2\/pages\/5933\/revisions"}],"up":[{"embeddable":true,"href":"https:\/\/sit.com.mt\/fr\/wp-json\/wp\/v2\/pages\/5918"}],"wp:attachment":[{"href":"https:\/\/sit.com.mt\/fr\/wp-json\/wp\/v2\/media?parent=5933"}],"wp:term":[{"taxonomy":"category","embeddable":true,"href":"https:\/\/sit.com.mt\/fr\/wp-json\/wp\/v2\/categories?post=5933"}],"curies":[{"name":"wp","href":"https:\/\/api.w.org\/{rel}","templated":true}]}}