{"id":5935,"date":"2020-01-15T08:55:34","date_gmt":"2020-01-15T08:55:34","guid":{"rendered":"https:\/\/sit.com.mt\/incentives\/corporate-social-responsibility-malta\/"},"modified":"2021-03-03T07:39:47","modified_gmt":"2021-03-03T07:39:47","slug":"responsabilite-societale-des-entreprises-malte","status":"publish","type":"page","link":"https:\/\/sit.com.mt\/fr\/services\/incentives\/responsabilite-societale-des-entreprises-malte\/","title":{"rendered":"Corporate Social Responsibility"},"content":{"rendered":"<div class=\"landing-banner-block\">\n    <div class=\"landing-banner-wrap inline-bg-image lazyload\" style=\"background-image:inherit;\" data-bg-image=\"url(https:\/\/sit.com.mt\/wp-content\/uploads\/2020\/05\/adventure-backlit-dawn-dusk-207896-scaled-e1588771443731.jpg)\">\n        \n            <div class=\"content-box\" data-aos=\"fade-up\">\n                                    <h1 class=\"h1\">Responsabilit\u00e9 sociale des entreprises<\/h1>\n                                                    <p class=\"para\">Nous sommes concern\u00e9s par la responsabilit\u00e9 sociale et environnementale ( RSE ) et cherchons \u00e0 l\u2019 int\u00e9grer dans les diff\u00e9rents aspects de notre activit\u00e9.<\/p>\n                            <\/div>\n            \n                    <\/div>\n        \n    <\/div>\n\n<div class=\"image-desc-large-blocks-block\">\n    <div class=\"image-desc-large-blocks-wrap\">\n            <div class=\"img-desc-large-box\" data-aos=\"fade-up\" tabindex=\"1\">\n\n                        <div class=\"img inline-bg-image lazyload\" role=\"img\" aria-label=\"People stack hands for csr teambuilding activity\" style=\"background-image:inherit;\" data-bg-image=\"url(https:\/\/sit.com.mt\/wp-content\/uploads\/2020\/01\/people-stack-hands.png)\"><\/div>\n\n            <div class=\"block-title\">\n                <div class=\"v-align\">\n                    <div class=\"title\">Team Building<\/div>\n                <\/div>\n            <\/div>\n\n            <div class=\"block-content\">\n                <div class=\"title\">Team Building<\/div>\n                <div class=\"para\"><p>\u2014<\/p>\n<p>&nbsp;<\/p>\n<p>Les \u00e9v\u00e9nements de team building avec une composante de responsabilit\u00e9 sociale d&rsquo;entreprise (RSE) aident les \u00e9quipes \u00e0 vivre vos valeurs et \u00e0 mettre en lumi\u00e8re votre marque.<\/p>\n<\/div>\n            <\/div>\n\n        <\/div>\n            <div class=\"img-desc-large-box\" data-aos=\"fade-up\" tabindex=\"1\">\n\n                        <div class=\"img inline-bg-image lazyload\" role=\"img\" aria-label=\"Giving Back\" style=\"background-image:inherit;\" data-bg-image=\"url(https:\/\/sit.com.mt\/wp-content\/uploads\/2020\/01\/action-adult-advice-1120344.png)\"><\/div>\n\n            <div class=\"block-title\">\n                <div class=\"v-align\">\n                    <div class=\"title\">DONNER EN RETOUR<\/div>\n                <\/div>\n            <\/div>\n\n            <div class=\"block-content\">\n                <div class=\"title\">DONNER EN RETOUR<\/div>\n                <div class=\"para\"><p>\u2014<\/p>\n<p>&nbsp;<\/p>\n<p>Une excellente occasion de donner \u00e0 la communaut\u00e9 et de soutenir vos objectifs de responsabilit\u00e9 sociale d&rsquo;entreprise. La r\u00e9novation d&rsquo;\u00e9coles ou d&rsquo;orphelinats en est un parfait exemple<\/p>\n<\/div>\n            <\/div>\n\n        <\/div>\n            <div class=\"img-desc-large-box\" data-aos=\"fade-up\" tabindex=\"1\">\n\n                        <div class=\"img inline-bg-image lazyload\" role=\"img\" aria-label=\"Team Morale\" style=\"background-image:inherit;\" data-bg-image=\"url(https:\/\/sit.com.mt\/wp-content\/uploads\/2020\/01\/2646517-e1579078105894.png)\"><\/div>\n\n            <div class=\"block-title\">\n                <div class=\"v-align\">\n                    <div class=\"title\">CONFIANCE DE L\u2019EQUIPE<\/div>\n                <\/div>\n            <\/div>\n\n            <div class=\"block-content\">\n                <div class=\"title\">CONFIANCE DE L\u2019EQUIPE<\/div>\n                <div class=\"para\"><p>\u2014<\/p>\n<p>&nbsp;<\/p>\n<p>Le sens commun de l&rsquo;objectif g\u00e9n\u00e9r\u00e9 par une activit\u00e9 RSE significative peut consid\u00e9rablement aider \u00e0 am\u00e9liorer le moral et l&rsquo;engagement de l&rsquo;\u00e9quipe. Des \u00e9tudes montrent que les entreprises qui prouvent qu&rsquo;elles veulent vraiment atteindre leurs objectifs de RSE sont plus susceptibles de conserver leurs employ\u00e9s.<\/p>\n<\/div>\n            <\/div>\n\n        <\/div>\n            <div class=\"img-desc-large-box\" data-aos=\"fade-up\" tabindex=\"1\">\n\n                        <div class=\"img inline-bg-image lazyload\" role=\"img\" aria-label=\"Business People In Suits Shaking Hand\" style=\"background-image:inherit;\" data-bg-image=\"url(https:\/\/sit.com.mt\/wp-content\/uploads\/2020\/01\/31214.png)\"><\/div>\n\n            <div class=\"block-title\">\n                <div class=\"v-align\">\n                    <div class=\"title\">RELATIONS D&rsquo;AFFAIRES<\/div>\n                <\/div>\n            <\/div>\n\n            <div class=\"block-content\">\n                <div class=\"title\">RELATIONS D&rsquo;AFFAIRES<\/div>\n                <div class=\"para\"><p>\u2014<\/p>\n<p>&nbsp;<\/p>\n<p>Les \u00e9v\u00e9nements RSE avec les clients sont \u00e9galement un moyen significatif de d\u00e9velopper vos relations commerciales. Vos clients verront l\u2019attention positive de votre entreprise \u00e0 donner et votre personnel sera en mesure de r\u00e9seauter avec vos clients dans un environnement d\u00e9tendu et informel.<\/p>\n<\/div>\n            <\/div>\n\n        <\/div>\n            <div class=\"img-desc-large-box\" data-aos=\"fade-up\" tabindex=\"1\">\n\n                        <div class=\"img inline-bg-image lazyload\" role=\"img\" aria-label=\"Girl with plant in the hand\" style=\"background-image:inherit;\" data-bg-image=\"url(https:\/\/sit.com.mt\/wp-content\/uploads\/2020\/01\/466663-PFX5MU-129.png)\"><\/div>\n\n            <div class=\"block-title\">\n                <div class=\"v-align\">\n                    <div class=\"title\">COMPENSER VOTRE EMPREINTE CARBONE<\/div>\n                <\/div>\n            <\/div>\n\n            <div class=\"block-content\">\n                <div class=\"title\">COMPENSER VOTRE EMPREINTE CARBONE<\/div>\n                <div class=\"para\"><p>\u2014<\/p>\n<p>&nbsp;<\/p>\n<p>Une activit\u00e9 RSE respectueuse de l&rsquo;environnement, comme la plantation d&rsquo;arbres, est un moyen fantastique de compenser l&#8217;empreinte carbone de votre entreprise, en particulier lorsqu&rsquo;elle est combin\u00e9e avec d&rsquo;autres activit\u00e9s respectueuses de l&rsquo;environnement tout au long de votre programme.<\/p>\n<\/div>\n            <\/div>\n\n        <\/div>\n            <div class=\"img-desc-large-box\" data-aos=\"fade-up\" tabindex=\"1\">\n\n                        <div class=\"img inline-bg-image lazyload\" role=\"img\" aria-label=\"Aearial Shot Of People During Charity-Swim\" style=\"background-image:inherit;\" data-bg-image=\"url(https:\/\/sit.com.mt\/wp-content\/uploads\/2020\/01\/action-aerial-shot-daylight-1936957.png)\"><\/div>\n\n            <div class=\"block-title\">\n                <div class=\"v-align\">\n                    <div class=\"title\">SANTE &#038; BIEN-ETRE<\/div>\n                <\/div>\n            <\/div>\n\n            <div class=\"block-content\">\n                <div class=\"title\">SANTE &#038; BIEN-ETRE<\/div>\n                <div class=\"para\"><p>\u2014<\/p>\n<p>&nbsp;<\/p>\n<p>Mettre en place une baignade de charit\u00e9 ou une course cycliste autour de Malte pour votre personnel peut non seulement permettre de collecter des fonds pour une bonne cause, mais peut \u00e9galement aider votre personnel \u00e0 adopter un style de vie plus sain et plus actif. Ceci en retour am\u00e9liore leur bien-\u00eatre et leur performance au travail.<\/p>\n<\/div>\n            <\/div>\n\n        <\/div>\n    <\/div><\/div>\n\n<div class=\"tsdb-block\">\n    <div class=\"tsdb-wrap grey-bg includes-bg-text \">\n            <div class=\"inner\">\n\n                                \n                                \n                                                    <div class=\"para\" data-aos=\"fade-up\"><p>Lib\u00e9rez tout le potentiel des individus et de la communaut\u00e9 pour fa\u00e7onner un avenir durable<\/p>\n<\/div>\n                \n                                                    <a href=\"\/fr\/contact\/\" class=\"button\" target=\"\" data-aos=\"fade-up\">Contactez nous <\/a>\n                                \n                \n            <\/div>\n\n                            <div class=\"bg-text\" data-aos=\"fade-up\">Sustainability<\/div>\n                    <\/div>\n    \n    <\/div>\n\n<div class=\"image-desc-blocks-block\">\n    <div class=\"image-desc-blocks-wrap\">\n                    <a href=\"\/fr\/services\/incentives\/services\/\" class=\"link-wrap\" target=\"\">\n            <div class=\"img-desc-box\" data-aos=\"fade-up\" data-aos-offset=\"50\">\n\n                                <div class=\"img inline-bg-image lazyload\" role=\"img\" aria-label=\"people raising their hands\" style=\"background-image:inherit;\" data-bg-image=\"url(https:\/\/sit.com.mt\/wp-content\/uploads\/2020\/05\/people-raising-their-hands-3453047-scaled.jpg)\"><\/div>\n\n                <div class=\"block-title\">\n                    <div class=\"title\">NOS SERVICES <\/div>\n                <\/div>\n\n                <div class=\"block-content\">\n                    <div class=\"title\">NOS SERVICES <\/div>\n                    \n                    <p class=\"para\">Pourquoi se contenter d\u2019autre chose quand vous pouvez tout avoir? En choisissant SIT, vous ouvrirez les portes \u00e0 d\u2019infinies possibilit\u00e9s .<\/p>\n                    \n                                            <span class=\"more-link\">EN SAVOIR PLUS<\/span>\n                                    <\/div>\n\n            <\/div>\n        <\/a>\n                    <a href=\"\/fr\/portefeuille\/#incentives\" class=\"link-wrap\" target=\"\">\n            <div class=\"img-desc-box\" data-aos=\"fade-up\" data-aos-offset=\"50\">\n\n                                <div class=\"img inline-bg-image lazyload\" role=\"img\" aria-label=\"\" style=\"background-image:inherit;\" data-bg-image=\"url(https:\/\/sit.com.mt\/wp-content\/uploads\/2019\/12\/incentives-3.png)\"><\/div>\n\n                <div class=\"block-title\">\n                    <div class=\"title\">NOS REALISATIONS<\/div>\n                <\/div>\n\n                <div class=\"block-content\">\n                    <div class=\"title\">NOS REALISATIONS<\/div>\n                    \n                    <p class=\"para\">Laissez-vous s\u00e9duire par notre travail.<\/p>\n                    \n                                            <span class=\"more-link\">EN SAVOIR PLUS<\/span>\n                                    <\/div>\n\n            <\/div>\n        <\/a>\n                    <a href=\"\/fr\/incentives\/sicile\/\" class=\"link-wrap\" target=\"\">\n            <div class=\"img-desc-box\" data-aos=\"fade-up\" data-aos-offset=\"50\">\n\n                                <div class=\"img inline-bg-image lazyload\" role=\"img\" aria-label=\"colorful Sicily's house with character\" style=\"background-image:inherit;\" data-bg-image=\"url(https:\/\/sit.com.mt\/wp-content\/uploads\/2019\/12\/sicily-house.png)\"><\/div>\n\n                <div class=\"block-title\">\n                    <div class=\"title\">SICILE <\/div>\n                <\/div>\n\n                <div class=\"block-content\">\n                    <div class=\"title\">SICILE <\/div>\n                    \n                    <p class=\"para\">\u2018 En Sicile on a tout . Il manque le reste \u2018 Pino Caruso. \r\n<\/p>\n                    \n                                            <span class=\"more-link\">EN SAVOIR PLUS<\/span>\n                                    <\/div>\n\n            <\/div>\n        <\/a>\n    <\/div><\/div>","protected":false},"excerpt":{"rendered":"","protected":false},"author":6,"featured_media":0,"parent":5918,"menu_order":0,"comment_status":"closed","ping_status":"closed","template":"","meta":{"footnotes":""},"categories":[],"class_list":["post-5935","page","type-page","status-publish","hentry"],"acf":[],"yoast_head":"<!-- This site is optimized with the Yoast SEO plugin v25.3 - https:\/\/yoast.com\/wordpress\/plugins\/seo\/ -->\n<title>Support Your Corporate Social Responsibility Goals | SIT Malta<\/title>\n<meta name=\"description\" content=\"We\u2019re serious about CSR in Malta and seeks to integrate social and environmental responsibility into the various aspects of our business.\" \/>\n<meta name=\"robots\" content=\"index, follow, max-snippet:-1, max-image-preview:large, max-video-preview:-1\" \/>\n<link rel=\"canonical\" href=\"https:\/\/sit.com.mt\/fr\/services\/incentives\/responsabilite-societale-des-entreprises-malte\/\" \/>\n<meta property=\"og:locale\" content=\"fr_FR\" \/>\n<meta property=\"og:type\" content=\"article\" \/>\n<meta property=\"og:title\" content=\"Support Your Corporate Social Responsibility Goals | SIT Malta\" \/>\n<meta property=\"og:description\" content=\"We\u2019re serious about CSR in Malta and seeks to integrate social and environmental responsibility into the various aspects of our business.\" \/>\n<meta property=\"og:url\" content=\"https:\/\/sit.com.mt\/fr\/services\/incentives\/responsabilite-societale-des-entreprises-malte\/\" \/>\n<meta property=\"og:site_name\" content=\"SIT Malta\" \/>\n<meta property=\"article:modified_time\" content=\"2021-03-03T07:39:47+00:00\" \/>\n<meta name=\"twitter:card\" content=\"summary_large_image\" \/>\n<script type=\"application\/ld+json\" class=\"yoast-schema-graph\">{\"@context\":\"https:\/\/schema.org\",\"@graph\":[{\"@type\":\"WebPage\",\"@id\":\"https:\/\/sit.com.mt\/fr\/services\/incentives\/responsabilite-societale-des-entreprises-malte\/\",\"url\":\"https:\/\/sit.com.mt\/fr\/services\/incentives\/responsabilite-societale-des-entreprises-malte\/\",\"name\":\"Support Your Corporate Social Responsibility Goals | SIT Malta\",\"isPartOf\":{\"@id\":\"https:\/\/sit.com.mt\/#website\"},\"datePublished\":\"2020-01-15T08:55:34+00:00\",\"dateModified\":\"2021-03-03T07:39:47+00:00\",\"description\":\"We\u2019re serious about CSR in Malta and seeks to integrate social and environmental responsibility into the various aspects of our business.\",\"breadcrumb\":{\"@id\":\"https:\/\/sit.com.mt\/fr\/services\/incentives\/responsabilite-societale-des-entreprises-malte\/#breadcrumb\"},\"inLanguage\":\"fr-FR\",\"potentialAction\":[{\"@type\":\"ReadAction\",\"target\":[\"https:\/\/sit.com.mt\/fr\/services\/incentives\/responsabilite-societale-des-entreprises-malte\/\"]}]},{\"@type\":\"BreadcrumbList\",\"@id\":\"https:\/\/sit.com.mt\/fr\/services\/incentives\/responsabilite-societale-des-entreprises-malte\/#breadcrumb\",\"itemListElement\":[{\"@type\":\"ListItem\",\"position\":1,\"name\":\"Home\",\"item\":\"https:\/\/sit.com.mt\/fr\/\"},{\"@type\":\"ListItem\",\"position\":2,\"name\":\"Services\",\"item\":\"https:\/\/sit.com.mt\/fr\/services\/\"},{\"@type\":\"ListItem\",\"position\":3,\"name\":\"Incentives\",\"item\":\"https:\/\/sit.com.mt\/fr\/services\/incentives\/\"},{\"@type\":\"ListItem\",\"position\":4,\"name\":\"Corporate Social Responsibility\"}]},{\"@type\":\"WebSite\",\"@id\":\"https:\/\/sit.com.mt\/#website\",\"url\":\"https:\/\/sit.com.mt\/\",\"name\":\"SIT Malta\",\"description\":\"Unique Travel Programs\",\"publisher\":{\"@id\":\"https:\/\/sit.com.mt\/#organization\"},\"potentialAction\":[{\"@type\":\"SearchAction\",\"target\":{\"@type\":\"EntryPoint\",\"urlTemplate\":\"https:\/\/sit.com.mt\/?s={search_term_string}\"},\"query-input\":{\"@type\":\"PropertyValueSpecification\",\"valueRequired\":true,\"valueName\":\"search_term_string\"}}],\"inLanguage\":\"fr-FR\"},{\"@type\":\"Organization\",\"@id\":\"https:\/\/sit.com.mt\/#organization\",\"name\":\"SIT Mailta\",\"url\":\"https:\/\/sit.com.mt\/\",\"logo\":{\"@type\":\"ImageObject\",\"inLanguage\":\"fr-FR\",\"@id\":\"https:\/\/sit.com.mt\/#\/schema\/logo\/image\/\",\"url\":\"https:\/\/sit.com.mt\/wp-content\/uploads\/2020\/01\/main-logo-new.svg\",\"contentUrl\":\"https:\/\/sit.com.mt\/wp-content\/uploads\/2020\/01\/main-logo-new.svg\",\"width\":1,\"height\":1,\"caption\":\"SIT Mailta\"},\"image\":{\"@id\":\"https:\/\/sit.com.mt\/#\/schema\/logo\/image\/\"}}]}<\/script>\n<!-- \/ Yoast SEO plugin. -->","yoast_head_json":{"title":"Support Your Corporate Social Responsibility Goals | SIT Malta","description":"We\u2019re serious about CSR in Malta and seeks to integrate social and environmental responsibility into the various aspects of our business.","robots":{"index":"index","follow":"follow","max-snippet":"max-snippet:-1","max-image-preview":"max-image-preview:large","max-video-preview":"max-video-preview:-1"},"canonical":"https:\/\/sit.com.mt\/fr\/services\/incentives\/responsabilite-societale-des-entreprises-malte\/","og_locale":"fr_FR","og_type":"article","og_title":"Support Your Corporate Social Responsibility Goals | SIT Malta","og_description":"We\u2019re serious about CSR in Malta and seeks to integrate social and environmental responsibility into the various aspects of our business.","og_url":"https:\/\/sit.com.mt\/fr\/services\/incentives\/responsabilite-societale-des-entreprises-malte\/","og_site_name":"SIT Malta","article_modified_time":"2021-03-03T07:39:47+00:00","twitter_card":"summary_large_image","schema":{"@context":"https:\/\/schema.org","@graph":[{"@type":"WebPage","@id":"https:\/\/sit.com.mt\/fr\/services\/incentives\/responsabilite-societale-des-entreprises-malte\/","url":"https:\/\/sit.com.mt\/fr\/services\/incentives\/responsabilite-societale-des-entreprises-malte\/","name":"Support Your Corporate Social Responsibility Goals | SIT Malta","isPartOf":{"@id":"https:\/\/sit.com.mt\/#website"},"datePublished":"2020-01-15T08:55:34+00:00","dateModified":"2021-03-03T07:39:47+00:00","description":"We\u2019re serious about CSR in Malta and seeks to integrate social and environmental responsibility into the various aspects of our business.","breadcrumb":{"@id":"https:\/\/sit.com.mt\/fr\/services\/incentives\/responsabilite-societale-des-entreprises-malte\/#breadcrumb"},"inLanguage":"fr-FR","potentialAction":[{"@type":"ReadAction","target":["https:\/\/sit.com.mt\/fr\/services\/incentives\/responsabilite-societale-des-entreprises-malte\/"]}]},{"@type":"BreadcrumbList","@id":"https:\/\/sit.com.mt\/fr\/services\/incentives\/responsabilite-societale-des-entreprises-malte\/#breadcrumb","itemListElement":[{"@type":"ListItem","position":1,"name":"Home","item":"https:\/\/sit.com.mt\/fr\/"},{"@type":"ListItem","position":2,"name":"Services","item":"https:\/\/sit.com.mt\/fr\/services\/"},{"@type":"ListItem","position":3,"name":"Incentives","item":"https:\/\/sit.com.mt\/fr\/services\/incentives\/"},{"@type":"ListItem","position":4,"name":"Corporate Social Responsibility"}]},{"@type":"WebSite","@id":"https:\/\/sit.com.mt\/#website","url":"https:\/\/sit.com.mt\/","name":"SIT Malta","description":"Unique Travel Programs","publisher":{"@id":"https:\/\/sit.com.mt\/#organization"},"potentialAction":[{"@type":"SearchAction","target":{"@type":"EntryPoint","urlTemplate":"https:\/\/sit.com.mt\/?s={search_term_string}"},"query-input":{"@type":"PropertyValueSpecification","valueRequired":true,"valueName":"search_term_string"}}],"inLanguage":"fr-FR"},{"@type":"Organization","@id":"https:\/\/sit.com.mt\/#organization","name":"SIT Mailta","url":"https:\/\/sit.com.mt\/","logo":{"@type":"ImageObject","inLanguage":"fr-FR","@id":"https:\/\/sit.com.mt\/#\/schema\/logo\/image\/","url":"https:\/\/sit.com.mt\/wp-content\/uploads\/2020\/01\/main-logo-new.svg","contentUrl":"https:\/\/sit.com.mt\/wp-content\/uploads\/2020\/01\/main-logo-new.svg","width":1,"height":1,"caption":"SIT Mailta"},"image":{"@id":"https:\/\/sit.com.mt\/#\/schema\/logo\/image\/"}}]}},"_links":{"self":[{"href":"https:\/\/sit.com.mt\/fr\/wp-json\/wp\/v2\/pages\/5935","targetHints":{"allow":["GET"]}}],"collection":[{"href":"https:\/\/sit.com.mt\/fr\/wp-json\/wp\/v2\/pages"}],"about":[{"href":"https:\/\/sit.com.mt\/fr\/wp-json\/wp\/v2\/types\/page"}],"author":[{"embeddable":true,"href":"https:\/\/sit.com.mt\/fr\/wp-json\/wp\/v2\/users\/6"}],"replies":[{"embeddable":true,"href":"https:\/\/sit.com.mt\/fr\/wp-json\/wp\/v2\/comments?post=5935"}],"version-history":[{"count":0,"href":"https:\/\/sit.com.mt\/fr\/wp-json\/wp\/v2\/pages\/5935\/revisions"}],"up":[{"embeddable":true,"href":"https:\/\/sit.com.mt\/fr\/wp-json\/wp\/v2\/pages\/5918"}],"wp:attachment":[{"href":"https:\/\/sit.com.mt\/fr\/wp-json\/wp\/v2\/media?parent=5935"}],"wp:term":[{"taxonomy":"category","embeddable":true,"href":"https:\/\/sit.com.mt\/fr\/wp-json\/wp\/v2\/categories?post=5935"}],"curies":[{"name":"wp","href":"https:\/\/api.w.org\/{rel}","templated":true}]}}