{"id":5965,"date":"2020-01-09T09:16:38","date_gmt":"2020-01-09T09:16:38","guid":{"rendered":"https:\/\/sit.com.mt\/news\/"},"modified":"2021-10-31T09:15:40","modified_gmt":"2021-10-31T09:15:40","slug":"nouvelles","status":"publish","type":"page","link":"https:\/\/sit.com.mt\/fr\/nouvelles\/","title":{"rendered":"Nouvelles"},"content":{"rendered":"<div class=\"landing-banner-block\">\n    <div class=\"landing-banner-wrap inline-bg-image lazyload\" style=\"background-image:inherit;\" data-bg-image=\"url(https:\/\/sit.com.mt\/wp-content\/uploads\/2020\/07\/kyrylo-balakleiets-tjGgXHlH-dY-unsplash-scaled.jpg)\">\n        \n            <div class=\"content-box\" data-aos=\"fade-up\">\n                                    <h1 class=\"h1\">Actualit\u00e9s<\/h1>\n                                                    <p class=\"para\">Avec nous d\u00e9couvrez l\u2019actualit\u00e9 touristique et de loisirs ! <\/p>\n                            <\/div>\n            \n                    <\/div>\n        \n    <\/div>\n\n<div class=\"categories-filter-block\">\n    <div class=\"categories-filter-wrap\">\n            <div class=\"inner\">\n\n                <ul class=\"categories-list\" data-aos=\"fade-up\" data-aos-offset=\"50\">\n\n                                    <li class=\"category selected\">\n                        <a href=\"https:\/\/sit.com.mt\/fr\/wp-json\/wp\/v2\/pages\/5965\">All<\/a>\n                    <\/li>\n                                <\/ul>\n\n                <span class=\"full-arrow is-bottom jumbo\" data-aos=\"fade-down\"><\/span>\n\n            <\/div>\n        <\/div>\n    \n<\/div>\n\n<div class=\"recent-posts-block\">\n    <div class=\"recent-posts-wrap light-bg includes-bg-text\">\n            <div class=\"inner\">\n        \n                                    \n                    <div class=\"post-box\" data-aos=\"fade-up\">\n\n                        <a href=\"https:\/\/sit.com.mt\/fr\/restrictions-de-voyage-covid-19-malte\/\">\n                            <div class=\"post-img inline-bg-image lazyload\" style=\"background-image:inherit;\" data-bg-image=\"url(https:\/\/sit.com.mt\/wp-content\/uploads\/2020\/11\/Air-Malta-13-scaled.jpg)\">\n                                <div class=\"post-date\">\n                                    <div class=\"v-align\">\n                                        <div class=\"date\">10 mai 2022<\/div>\n                                    <\/div>\n                                <\/div>\n                            <\/div>\n                        <\/a>\n\n                        <div class=\"post-content\">\n\n                            <a href=\"https:\/\/sit.com.mt\/fr\/restrictions-de-voyage-covid-19-malte\/\" class=\"link\">\n                                <div class=\"title\">Restrictions de voyage dans le contexte du Covid-19<\/div>\n                            <\/a>\n                            <p class=\"para\">The information below is provided by The Malta Tourism Authority (MTA), please contact the helpline by phoning on +356 21692447 or sending an email to tourismcovid-19helpline@visitmalta.com for more information.<\/p>\n\n                            <a href=\"https:\/\/sit.com.mt\/fr\/restrictions-de-voyage-covid-19-malte\/\" class=\"read-more link\">Read more <span class=\"full-arrow is-right no-margin shortest\"><\/span><\/a>\n                            \n                            <div class=\"categories\"><\/div>\n\n                        <\/div>\n\n                    <\/div>\n\n                                    \n                    <div class=\"post-box\" data-aos=\"fade-up\">\n\n                        <a href=\"https:\/\/sit.com.mt\/fr\/the-brewery-malta\/\">\n                            <div class=\"post-img inline-bg-image\" style=\"background-image: url();\">\n                                <div class=\"post-date\">\n                                    <div class=\"v-align\">\n                                        <div class=\"date\">1 mars 2022<\/div>\n                                    <\/div>\n                                <\/div>\n                            <\/div>\n                        <\/a>\n\n                        <div class=\"post-content\">\n\n                            <a href=\"https:\/\/sit.com.mt\/fr\/the-brewery-malta\/\" class=\"link\">\n                                <div class=\"title\">What\u2019s new in Malta: The Brewhouse<\/div>\n                            <\/a>\n                            <p class=\"para\">You can host different corporate and leisure events in this finest 20th Century industrial building transformed into a vibrant mixed-use development.<\/p>\n\n                            <a href=\"https:\/\/sit.com.mt\/fr\/the-brewery-malta\/\" class=\"read-more link\">Read more <span class=\"full-arrow is-right no-margin shortest\"><\/span><\/a>\n                            \n                            <div class=\"categories\"><\/div>\n\n                        <\/div>\n\n                    <\/div>\n\n                                    \n                    <div class=\"post-box\" data-aos=\"fade-up\">\n\n                        <a href=\"https:\/\/sit.com.mt\/fr\/christmas-in-malta\/\">\n                            <div class=\"post-img inline-bg-image lazyload\" style=\"background-image:inherit;\" data-bg-image=\"url(https:\/\/sit.com.mt\/wp-content\/uploads\/2021\/12\/christmasinmalta2021_.png)\">\n                                <div class=\"post-date\">\n                                    <div class=\"v-align\">\n                                        <div class=\"date\">15 d\u00e9cembre 2021<\/div>\n                                    <\/div>\n                                <\/div>\n                            <\/div>\n                        <\/a>\n\n                        <div class=\"post-content\">\n\n                            <a href=\"https:\/\/sit.com.mt\/fr\/christmas-in-malta\/\" class=\"link\">\n                                <div class=\"title\">Christmas in Malta<\/div>\n                            <\/a>\n                            <p class=\"para\">The Holiday season in Malta 2021\/2022 program is full of fun activities for kids, adults, lots of music, lights and more<\/p>\n\n                            <a href=\"https:\/\/sit.com.mt\/fr\/christmas-in-malta\/\" class=\"read-more link\">Read more <span class=\"full-arrow is-right no-margin shortest\"><\/span><\/a>\n                            \n                            <div class=\"categories\"> Culture<\/div>\n\n                        <\/div>\n\n                    <\/div>\n\n                \n            <\/div>\n            <div class=\"bg-text\" data-aos=\"fade-up\">Recent Stories<\/div>\n        <\/div>\n    \n<\/div>\n\n<div class=\"show-all-posts-block\">\n    <div class=\"show-all-posts-wrap\">\n            <div class=\"inner\">\n\n                \n                \n                 \n                        <div class=\"post-box\" data-aos=\"fade-up\">\n\n                            <a href=\"https:\/\/sit.com.mt\/fr\/christmas-in-malta\/\">\n                                <div class=\"post-img inline-bg-image lazyload\" style=\"background-image:inherit;\" data-bg-image=\"url(https:\/\/sit.com.mt\/wp-content\/uploads\/2021\/12\/christmasinmalta2021_.png)\">\n                                    <div class=\"post-date\">\n                                        <div class=\"v-align\">\n                                            <div class=\"date\">25 November 2021<\/div>\n                                        <\/div>\n                                    <\/div>\n                                <\/div>\n                            <\/a>\n    \n                            <div class=\"post-content\">\n    \n                                <a href=\"https:\/\/sit.com.mt\/fr\/christmas-in-malta\/\" class=\"link\">\n                                    <div class=\"title\">Christmas in Malta<\/div>\n                                <\/a>\n                                <p class=\"para\">The Holiday season in Malta 2021\/2022 program is full of fun activities for kids, adults, lots of music, lights and more<\/p>\n    \n                                <a href=\"https:\/\/sit.com.mt\/fr\/christmas-in-malta\/\" class=\"read-more link\">Read more <span class=\"full-arrow is-right no-margin shortest\"><\/span><\/a>\n                                \n                                <div class=\"categories\"><\/div>\n    \n                            <\/div>\n    \n                        <\/div>\n                \n                    <div class=\"pagination clearfix\">\n                        <span aria-current=\"page\" class=\"page-numbers current\">1<\/span>\n<a class=\"page-numbers\" href=\"https:\/\/sit.com.mt\/fr\/wp-json\/wp\/v2\/pages\/5965\/page\/2\/\">2<\/a>\n<a class=\"page-numbers\" href=\"https:\/\/sit.com.mt\/fr\/wp-json\/wp\/v2\/pages\/5965\/page\/3\/\">3<\/a>\n<a class=\"page-numbers\" href=\"https:\/\/sit.com.mt\/fr\/wp-json\/wp\/v2\/pages\/5965\/page\/4\/\">4<\/a>\n<a class=\"page-numbers\" href=\"https:\/\/sit.com.mt\/fr\/wp-json\/wp\/v2\/pages\/5965\/page\/5\/\">5<\/a>\n<span class=\"page-numbers dots\">\u2026<\/span>\n<a class=\"page-numbers\" href=\"https:\/\/sit.com.mt\/fr\/wp-json\/wp\/v2\/pages\/5965\/page\/11\/\">11<\/a>\n<a class=\"next page-numbers\" href=\"https:\/\/sit.com.mt\/fr\/wp-json\/wp\/v2\/pages\/5965\/page\/2\/\">><\/a>                    <\/div>\n\n                \n            <\/div>\n        <\/div>\n    <\/div>\n\n<div class=\"about-events-block\">\n    <div class=\"about-events-wrap\">\n\n                    \n                                <div class=\"about-section img inline-bg-image lazyload\" role=\"img\" aria-label=\"\" style=\"background-image:inherit; background-image: linear-gradient(rgba(0,0,0,.5), rgba(0,0,0,.5)),inherit;\" data-aos=\"fade-right\" data-bg-image=\"url(https:\/\/sit.com.mt\/wp-content\/uploads\/2019\/12\/about-sit.png)\">\n\n                    <div class=\"v-align\">\n                        <div>\n                            <h2 class=\"h2\">About SIT<\/h2>\n                            <p class=\"para\">Any DMC worth their salt knows the devil\u2019s in the details when it comes to executing flawless programs. With SITs\u2019 hands-on, highly defined processes, we leave nothing to chance. Behind the scenes lies the meticulous planning, safety precautions, and employee training that you may not see, but translate into big-time results for our clients.<\/p>\n                                                                                        <a href=\"\/malta\/\" class=\"button\" target=\"\">EXPLORE MALTA<\/a>\n                                                    <\/div>\n                    <\/div>\n\n                <\/div>\n                    \n                                    <div class=\"events-section\" data-aos=\"fade-left\">\n                    \n                    <div class=\"v-align\">\n                        <div>\n                            <h2 class=\"h2\">Events<\/h2>\n\n                                                        \n                            <div class=\"events-list\">\n                                  \n                                    <a href=\"https:\/\/sit.com.mt\/fr\/republic-day-malta\/\">\n                                        <div class=\"event clearfix\">\n                                            <div class=\"img inline-bg-image lazyload\" role=\"img\" style=\"background-image:inherit;\" data-bg-image=\"url(https:\/\/sit.com.mt\/wp-content\/uploads\/2021\/12\/republicdaymalta-e1652203757539.jpg)\"><\/div>\n                                            <div class=\"event-title\">Republic Day Malta<\/div>\n                                            <div class=\"event-date\">13 December 2021<\/div>\n                                            <div class=\"event-category\"><\/div>\n                                        <\/div>\n                                    <\/a>\n                                  \n                                    <a href=\"https:\/\/sit.com.mt\/fr\/from-november-30-i-will-be-at-ibtm-barcelona\/\">\n                                        <div class=\"event clearfix\">\n                                            <div class=\"img inline-bg-image lazyload\" role=\"img\" style=\"background-image:inherit;\" data-bg-image=\"url(https:\/\/sit.com.mt\/wp-content\/uploads\/2021\/11\/vamosIBTM.jpg)\"><\/div>\n                                            <div class=\"event-title\">SIT sera pr\u00e9sente \u00e0 IBTM Barcelone \u00e0 compter du 30 novembre 2021.<\/div>\n                                            <div class=\"event-date\">30 November 2021<\/div>\n                                            <div class=\"event-category\"><\/div>\n                                        <\/div>\n                                    <\/a>\n                                                            <\/div>\n\n                                                                                        <a href=\"\/events\/\" class=\"button\" target=\"\">DISCOVER MORE<\/a>\n                                                    <\/div>\n                    <\/div>\n\n                <\/div>\n                    \n    <\/div>\n        \n    <\/div>","protected":false},"excerpt":{"rendered":"","protected":false},"author":6,"featured_media":0,"parent":0,"menu_order":0,"comment_status":"closed","ping_status":"closed","template":"","meta":{"footnotes":""},"categories":[],"class_list":["post-5965","page","type-page","status-publish","hentry"],"acf":[],"yoast_head":"<!-- This site is optimized with the Yoast SEO plugin v25.3 - https:\/\/yoast.com\/wordpress\/plugins\/seo\/ -->\n<title>Quoi de neuf \u00e0 Malte? Malte Tourisme Nouvelles par SIT<\/title>\n<meta name=\"description\" content=\"Quoi de NOUVEAU \u00e0 Malte ? Actualit\u00e9s du Tourisme \u00e0 Malte pour les voyageurs et les professionnels du voyage!\" \/>\n<meta name=\"robots\" content=\"index, follow, max-snippet:-1, max-image-preview:large, max-video-preview:-1\" \/>\n<link rel=\"canonical\" href=\"https:\/\/sit.com.mt\/fr\/nouvelles\/\" \/>\n<meta property=\"og:locale\" content=\"fr_FR\" \/>\n<meta property=\"og:type\" content=\"article\" \/>\n<meta property=\"og:title\" content=\"Quoi de neuf \u00e0 Malte? Malte Tourisme Nouvelles par SIT\" \/>\n<meta property=\"og:description\" content=\"Quoi de NOUVEAU \u00e0 Malte ? Actualit\u00e9s du Tourisme \u00e0 Malte pour les voyageurs et les professionnels du voyage!\" \/>\n<meta property=\"og:url\" content=\"https:\/\/sit.com.mt\/fr\/nouvelles\/\" \/>\n<meta property=\"og:site_name\" content=\"SIT Malta\" \/>\n<meta property=\"article:modified_time\" content=\"2021-10-31T09:15:40+00:00\" \/>\n<meta name=\"twitter:card\" content=\"summary_large_image\" \/>\n<script type=\"application\/ld+json\" class=\"yoast-schema-graph\">{\"@context\":\"https:\/\/schema.org\",\"@graph\":[{\"@type\":\"WebPage\",\"@id\":\"https:\/\/sit.com.mt\/fr\/nouvelles\/\",\"url\":\"https:\/\/sit.com.mt\/fr\/nouvelles\/\",\"name\":\"Quoi de neuf \u00e0 Malte? Malte Tourisme Nouvelles par SIT\",\"isPartOf\":{\"@id\":\"https:\/\/sit.com.mt\/#website\"},\"datePublished\":\"2020-01-09T09:16:38+00:00\",\"dateModified\":\"2021-10-31T09:15:40+00:00\",\"description\":\"Quoi de NOUVEAU \u00e0 Malte ? Actualit\u00e9s du Tourisme \u00e0 Malte pour les voyageurs et les professionnels du voyage!\",\"breadcrumb\":{\"@id\":\"https:\/\/sit.com.mt\/fr\/nouvelles\/#breadcrumb\"},\"inLanguage\":\"fr-FR\",\"potentialAction\":[{\"@type\":\"ReadAction\",\"target\":[\"https:\/\/sit.com.mt\/fr\/nouvelles\/\"]}]},{\"@type\":\"BreadcrumbList\",\"@id\":\"https:\/\/sit.com.mt\/fr\/nouvelles\/#breadcrumb\",\"itemListElement\":[{\"@type\":\"ListItem\",\"position\":1,\"name\":\"Home\",\"item\":\"https:\/\/sit.com.mt\/fr\/\"},{\"@type\":\"ListItem\",\"position\":2,\"name\":\"Nouvelles\"}]},{\"@type\":\"WebSite\",\"@id\":\"https:\/\/sit.com.mt\/#website\",\"url\":\"https:\/\/sit.com.mt\/\",\"name\":\"SIT Malta\",\"description\":\"Unique Travel Programs\",\"publisher\":{\"@id\":\"https:\/\/sit.com.mt\/#organization\"},\"potentialAction\":[{\"@type\":\"SearchAction\",\"target\":{\"@type\":\"EntryPoint\",\"urlTemplate\":\"https:\/\/sit.com.mt\/?s={search_term_string}\"},\"query-input\":{\"@type\":\"PropertyValueSpecification\",\"valueRequired\":true,\"valueName\":\"search_term_string\"}}],\"inLanguage\":\"fr-FR\"},{\"@type\":\"Organization\",\"@id\":\"https:\/\/sit.com.mt\/#organization\",\"name\":\"SIT Mailta\",\"url\":\"https:\/\/sit.com.mt\/\",\"logo\":{\"@type\":\"ImageObject\",\"inLanguage\":\"fr-FR\",\"@id\":\"https:\/\/sit.com.mt\/#\/schema\/logo\/image\/\",\"url\":\"https:\/\/sit.com.mt\/wp-content\/uploads\/2020\/01\/main-logo-new.svg\",\"contentUrl\":\"https:\/\/sit.com.mt\/wp-content\/uploads\/2020\/01\/main-logo-new.svg\",\"width\":1,\"height\":1,\"caption\":\"SIT Mailta\"},\"image\":{\"@id\":\"https:\/\/sit.com.mt\/#\/schema\/logo\/image\/\"}}]}<\/script>\n<!-- \/ Yoast SEO plugin. -->","yoast_head_json":{"title":"Quoi de neuf \u00e0 Malte? Malte Tourisme Nouvelles par SIT","description":"Quoi de NOUVEAU \u00e0 Malte ? Actualit\u00e9s du Tourisme \u00e0 Malte pour les voyageurs et les professionnels du voyage!","robots":{"index":"index","follow":"follow","max-snippet":"max-snippet:-1","max-image-preview":"max-image-preview:large","max-video-preview":"max-video-preview:-1"},"canonical":"https:\/\/sit.com.mt\/fr\/nouvelles\/","og_locale":"fr_FR","og_type":"article","og_title":"Quoi de neuf \u00e0 Malte? Malte Tourisme Nouvelles par SIT","og_description":"Quoi de NOUVEAU \u00e0 Malte ? Actualit\u00e9s du Tourisme \u00e0 Malte pour les voyageurs et les professionnels du voyage!","og_url":"https:\/\/sit.com.mt\/fr\/nouvelles\/","og_site_name":"SIT Malta","article_modified_time":"2021-10-31T09:15:40+00:00","twitter_card":"summary_large_image","schema":{"@context":"https:\/\/schema.org","@graph":[{"@type":"WebPage","@id":"https:\/\/sit.com.mt\/fr\/nouvelles\/","url":"https:\/\/sit.com.mt\/fr\/nouvelles\/","name":"Quoi de neuf \u00e0 Malte? Malte Tourisme Nouvelles par SIT","isPartOf":{"@id":"https:\/\/sit.com.mt\/#website"},"datePublished":"2020-01-09T09:16:38+00:00","dateModified":"2021-10-31T09:15:40+00:00","description":"Quoi de NOUVEAU \u00e0 Malte ? Actualit\u00e9s du Tourisme \u00e0 Malte pour les voyageurs et les professionnels du voyage!","breadcrumb":{"@id":"https:\/\/sit.com.mt\/fr\/nouvelles\/#breadcrumb"},"inLanguage":"fr-FR","potentialAction":[{"@type":"ReadAction","target":["https:\/\/sit.com.mt\/fr\/nouvelles\/"]}]},{"@type":"BreadcrumbList","@id":"https:\/\/sit.com.mt\/fr\/nouvelles\/#breadcrumb","itemListElement":[{"@type":"ListItem","position":1,"name":"Home","item":"https:\/\/sit.com.mt\/fr\/"},{"@type":"ListItem","position":2,"name":"Nouvelles"}]},{"@type":"WebSite","@id":"https:\/\/sit.com.mt\/#website","url":"https:\/\/sit.com.mt\/","name":"SIT Malta","description":"Unique Travel Programs","publisher":{"@id":"https:\/\/sit.com.mt\/#organization"},"potentialAction":[{"@type":"SearchAction","target":{"@type":"EntryPoint","urlTemplate":"https:\/\/sit.com.mt\/?s={search_term_string}"},"query-input":{"@type":"PropertyValueSpecification","valueRequired":true,"valueName":"search_term_string"}}],"inLanguage":"fr-FR"},{"@type":"Organization","@id":"https:\/\/sit.com.mt\/#organization","name":"SIT Mailta","url":"https:\/\/sit.com.mt\/","logo":{"@type":"ImageObject","inLanguage":"fr-FR","@id":"https:\/\/sit.com.mt\/#\/schema\/logo\/image\/","url":"https:\/\/sit.com.mt\/wp-content\/uploads\/2020\/01\/main-logo-new.svg","contentUrl":"https:\/\/sit.com.mt\/wp-content\/uploads\/2020\/01\/main-logo-new.svg","width":1,"height":1,"caption":"SIT Mailta"},"image":{"@id":"https:\/\/sit.com.mt\/#\/schema\/logo\/image\/"}}]}},"_links":{"self":[{"href":"https:\/\/sit.com.mt\/fr\/wp-json\/wp\/v2\/pages\/5965","targetHints":{"allow":["GET"]}}],"collection":[{"href":"https:\/\/sit.com.mt\/fr\/wp-json\/wp\/v2\/pages"}],"about":[{"href":"https:\/\/sit.com.mt\/fr\/wp-json\/wp\/v2\/types\/page"}],"author":[{"embeddable":true,"href":"https:\/\/sit.com.mt\/fr\/wp-json\/wp\/v2\/users\/6"}],"replies":[{"embeddable":true,"href":"https:\/\/sit.com.mt\/fr\/wp-json\/wp\/v2\/comments?post=5965"}],"version-history":[{"count":1,"href":"https:\/\/sit.com.mt\/fr\/wp-json\/wp\/v2\/pages\/5965\/revisions"}],"predecessor-version":[{"id":8443,"href":"https:\/\/sit.com.mt\/fr\/wp-json\/wp\/v2\/pages\/5965\/revisions\/8443"}],"wp:attachment":[{"href":"https:\/\/sit.com.mt\/fr\/wp-json\/wp\/v2\/media?parent=5965"}],"wp:term":[{"taxonomy":"category","embeddable":true,"href":"https:\/\/sit.com.mt\/fr\/wp-json\/wp\/v2\/categories?post=5965"}],"curies":[{"name":"wp","href":"https:\/\/api.w.org\/{rel}","templated":true}]}}