{"id":6105,"date":"2020-01-15T13:58:02","date_gmt":"2020-01-15T13:58:02","guid":{"rendered":"https:\/\/sit.com.mt\/portfolio\/award-dinner\/"},"modified":"2021-08-31T17:50:03","modified_gmt":"2021-08-31T17:50:03","slug":"diner-de-remise-de-prix-au-sein-dun-fort-historique","status":"publish","type":"page","link":"https:\/\/sit.com.mt\/fr\/portfolio\/diner-de-remise-de-prix-au-sein-dun-fort-historique\/","title":{"rendered":"DINER DE REMISE DE PRIX AU SEIN D\u2019UN FORT HISTORIQUE"},"content":{"rendered":"<div class=\"landing-banner-block\">\n    <div class=\"landing-banner-wrap inline-bg-image lazyload\" style=\"background-image:inherit;\" data-bg-image=\"url(https:\/\/sit.com.mt\/wp-content\/uploads\/2020\/04\/wine-2373500_1920-min.jpg)\">\n        \n            <div class=\"content-box\" data-aos=\"fade-up\">\n                <div class=\"v-align\">                    <h1 class=\"h1\">DINER DE REMISE DE PRIX AU SEIN D\u2019UN FORT HISTORIQUE <\/h1>\n                <\/div>                            <\/div>\n            \n                    <\/div>\n        \n    <\/div>\n\n<div class=\"portfolio-details-block\">\n    <div class=\"portfolio-details-wrap\">\n    <div class=\"inner\">\n                    \n                <div class=\"portfolio-detail\" data-aos=\"fade-up\" data-aos-offset=\"50\">\n\n                                                                <img decoding=\"async\" data-src=\"https:\/\/sit.com.mt\/wp-content\/uploads\/2020\/01\/flag.svg\" class=\"icon lazyload\" alt=\"\" src=\"data:image\/gif;base64,R0lGODlhAQABAAAAACH5BAEKAAEALAAAAAABAAEAAAICTAEAOw==\" \/>\n                    \n                    <div class=\"type\">TYPE<\/div>\n                    <h3 class=\"data\">LOISIRS<\/h3>\n                    <p class=\"para\"><\/p>\n\n                <\/div>\n            \n                <div class=\"portfolio-detail\" data-aos=\"fade-up\" data-aos-offset=\"50\">\n\n                                                                <img decoding=\"async\" data-src=\"https:\/\/sit.com.mt\/wp-content\/uploads\/2020\/01\/team.svg\" class=\"icon lazyload\" alt=\"\" src=\"data:image\/gif;base64,R0lGODlhAQABAAAAACH5BAEKAAEALAAAAAABAAEAAAICTAEAOw==\" \/>\n                    \n                    <div class=\"type\">NOMBRE DE PARTICIPANTS<\/div>\n                    <h3 class=\"data\">240<\/h3>\n                    <p class=\"para\">Avec diner, c\u00e9r\u00e9monie de remise de prix et soir\u00e9e dansante.\r\n<\/p>\n\n                <\/div>\n                        <\/div>\n<\/div><\/div>\n\n<div class=\"portfolio-info-block\">\n    <div class=\"portfolio-info-wrap dark-bg\">\n    <div class=\"inner\">\n                    \n                <div class=\"portfolio-info\" data-aos=\"fade-up\">\n\n                    <h3 class=\"title\"> Le D\u00e9fi <\/h3>\n\n                                                                <img decoding=\"async\" data-src=\"https:\/\/sit.com.mt\/wp-content\/uploads\/2020\/01\/tiny-logo.svg\" class=\"icon lazyload\" alt=\"\" src=\"data:image\/gif;base64,R0lGODlhAQABAAAAACH5BAEKAAEALAAAAAABAAEAAAICTAEAOw==\" \/>\n                    \n                    <div class=\"para\"><p>En raison de probl\u00e8mes de disponibilit\u00e9, nous n&rsquo;avons eu qu&rsquo;un jour \u00e0 tout configurer! En plus de cela, le lieu lui-m\u00eame avait un \u00e9tage qui n&rsquo;\u00e9tait pas \u00e0 niveau, ni eau ni \u00e9lectricit\u00e9 ET c&rsquo;\u00e9tait un site patrimonial prot\u00e9g\u00e9, donc nous ne pouvions pas amener de v\u00e9hicules devant la porte principale.<\/p>\n<\/div>\n\n                                                        <\/div>\n\n            \n                <div class=\"portfolio-info\" data-aos=\"fade-up\">\n\n                    <h3 class=\"title\">Notre Solution<\/h3>\n\n                                                                <img decoding=\"async\" data-src=\"https:\/\/sit.com.mt\/wp-content\/uploads\/2020\/01\/tiny-logo.svg\" class=\"icon lazyload\" alt=\"\" src=\"data:image\/gif;base64,R0lGODlhAQABAAAAACH5BAEKAAEALAAAAAABAAEAAAICTAEAOw==\" \/>\n                    \n                    <div class=\"para\"><p>Nous avons install\u00e9 un syst\u00e8me de bande transporteuse de la porte principale \u00e0 la salle \u00e0 manger. Ce syst\u00e8me \u00e9tait un \u00e9l\u00e9ment crucial de notre solution, car il garantissait que toutes les pi\u00e8ces de la plate-forme de 160 m\u00e8tres carr\u00e9s (pour niveler le sol), la sc\u00e8ne avec son arri\u00e8re-plan de 12 m\u00e8tres, toutes les fermes, l&rsquo;\u00e9quipement A \/ V, les tables, les chaises etc\u2026 , pourraient \u00eatre transf\u00e9r\u00e9s rapidement et facilement sans aucun risque d&rsquo;endommager le Fort et sans nous priver de notre pr\u00e9cieux temps d&rsquo;installation.<\/p>\n<\/div>\n\n                                                        <\/div>\n\n            \n                <div class=\"portfolio-info\" data-aos=\"fade-up\">\n\n                    <h3 class=\"title\"> Le R\u00e9sultat <\/h3>\n\n                                                                <img decoding=\"async\" data-src=\"https:\/\/sit.com.mt\/wp-content\/uploads\/2020\/01\/tiny-logo.svg\" class=\"icon lazyload\" alt=\"\" src=\"data:image\/gif;base64,R0lGODlhAQABAAAAACH5BAEKAAEALAAAAAABAAEAAAICTAEAOw==\" \/>\n                    \n                    <div class=\"para\"><p>Notre syst\u00e8me a connu un tel succ\u00e8s que nous l&rsquo;avons depuis utilis\u00e9 sur plus de 10 autres \u00e9v\u00e9nements. Pour notre cliente, ce syst\u00e8me a \u00e9t\u00e9 une b\u00e9n\u00e9diction car il a permis d&rsquo;\u00e9conomiser beaucoup de main-d&rsquo;\u0153uvre suppl\u00e9mentaire, en maintenant ses co\u00fbts aussi bas que possible.<\/p>\n<\/div>\n\n                                                        <\/div>\n\n                        <\/div>\n<\/div><\/div>\n\n<div class=\"image-slider-block\">\n    <div class=\"image-slider-wrap\">\n\n    <div class=\"slider-container no-padding\" data-aos=\"fade-up\">\n        <div class=\"image-slider\">\n                                    \n                                \n                    <div>\n                        <div class=\"img inline-bg-image lazyload\" role=\"img\" aria-label=\"Wine\" style=\"background-image:inherit;\" data-bg-image=\"url(https:\/\/sit.com.mt\/wp-content\/uploads\/2020\/04\/wine-2373500_1920-min.jpg)\"><\/div>\n                    <\/div>\n\n                                        \n                            \n                                \n                    <div>\n                        <div class=\"img inline-bg-image lazyload\" role=\"img\" aria-label=\"St Angelo\" style=\"background-image:inherit;\" data-bg-image=\"url(https:\/\/sit.com.mt\/wp-content\/uploads\/2020\/04\/fort-st-angelo-3009523_1920-min.jpg)\"><\/div>\n                    <\/div>\n\n                                        \n                            \n                                                        \n                            <\/div>\n        <span class=\"prevBtn\" tabindex=\"1\">\n            <span class=\"full-arrow is-left short white\"><\/span>\n        <\/span>\n        <span class=\"nextBtn\" tabindex=\"1\">\n            <span class=\"full-arrow is-right short white\"><\/span>\n        <\/span>\n    <\/div>\n<\/div><\/div>\n\n<div class=\"more-portfolio-block\">\n    <div class=\"more-portfolio-wrap\">\n\n        <h2 class=\"h2\" data-aos=\"fade-up\">En d\u00e9couvrir plus<\/h2>\n        <h4 class=\"h4\" data-aos=\"fade-up\"><\/h4>\n        <span class=\"full-arrow is-bottom long\" data-aos=\"fade-down\"><\/span>\n\n        <div class=\"light-bg\">\n            <div class=\"inner\">\n                \n                <div class=\"slider-container negative-padding\" data-aos=\"fade-up\">\n                    <div class=\"more-portfolios-slider\">\n                    \n                        \n                            <div>\n                                <a href=\"https:\/\/sit.com.mt\/fr\/portfolio\/post-covid-group\/\" class=\"portfolio-link\">\n                                    <div class=\"portfolio inline-bg-image lazyload\" style=\"background-image:inherit;\" data-bg-image=\"url(https:\/\/sit.com.mt\/wp-content\/uploads\/2020\/11\/20201009_162157-scaled-e1630075692985.jpg)\">\n    \n                                        <div class=\"narrow-column\">\n                                            <div class=\"v-align\">\n                                                <div class=\"portfolio-title\">Post-Covid Group<\/div>\n                                            <\/div>\n                                        <\/div>\n    \n                                    <\/div>\n                                <\/a>\n                            <\/div>\n\n                        \n                            <div>\n                                <a href=\"https:\/\/sit.com.mt\/fr\/portfolio\/byk-incentive-trip\/\" class=\"portfolio-link\">\n                                    <div class=\"portfolio inline-bg-image lazyload\" style=\"background-image:inherit;\" data-bg-image=\"url(https:\/\/sit.com.mt\/wp-content\/uploads\/2020\/08\/72113654_515779652593991_8674156126125686784_n.jpg)\">\n    \n                                        <div class=\"narrow-column\">\n                                            <div class=\"v-align\">\n                                                <div class=\"portfolio-title\">BYK Incentive Trip<\/div>\n                                            <\/div>\n                                        <\/div>\n    \n                                    <\/div>\n                                <\/a>\n                            <\/div>\n\n                        \n                            <div>\n                                <a href=\"https:\/\/sit.com.mt\/fr\/portfolio\/construire-un-bateau\/\" class=\"portfolio-link\">\n                                    <div class=\"portfolio inline-bg-image lazyload\" style=\"background-image:inherit;\" data-bg-image=\"url(https:\/\/sit.com.mt\/wp-content\/uploads\/2020\/06\/teambuilding-malta.jpg)\">\n    \n                                        <div class=\"narrow-column\">\n                                            <div class=\"v-align\">\n                                                <div class=\"portfolio-title\">CONSTRUIRE UN BATEAU<\/div>\n                                            <\/div>\n                                        <\/div>\n    \n                                    <\/div>\n                                <\/a>\n                            <\/div>\n\n                        \n                            <div>\n                                <a href=\"https:\/\/sit.com.mt\/fr\/portfolio\/diner-de-gala-au-bord-de-la-mer\/\" class=\"portfolio-link\">\n                                    <div class=\"portfolio inline-bg-image lazyload\" style=\"background-image:inherit;\" data-bg-image=\"url(https:\/\/sit.com.mt\/wp-content\/uploads\/2020\/07\/IMGP2487-scaled-e1594731913735.jpg)\">\n    \n                                        <div class=\"narrow-column\">\n                                            <div class=\"v-align\">\n                                                <div class=\"portfolio-title\">DINER DE GALA AU BORD DE LA MER<\/div>\n                                            <\/div>\n                                        <\/div>\n    \n                                    <\/div>\n                                <\/a>\n                            <\/div>\n\n                        \n                            <div>\n                                <a href=\"https:\/\/sit.com.mt\/fr\/portfolio\/salles-de-reunion-en-plein-air\/\" class=\"portfolio-link\">\n                                    <div class=\"portfolio inline-bg-image lazyload\" style=\"background-image:inherit;\" data-bg-image=\"url(https:\/\/sit.com.mt\/wp-content\/uploads\/2020\/06\/IMG_3191-1-scaled-e1591887044394.jpg)\">\n    \n                                        <div class=\"narrow-column\">\n                                            <div class=\"v-align\">\n                                                <div class=\"portfolio-title\">SALLES DE REUNION EN PLEIN AIR<\/div>\n                                            <\/div>\n                                        <\/div>\n    \n                                    <\/div>\n                                <\/a>\n                            <\/div>\n\n                        \n                            <div>\n                                <a href=\"https:\/\/sit.com.mt\/fr\/portfolio\/malte-presidence-europeenne-2017\/\" class=\"portfolio-link\">\n                                    <div class=\"portfolio inline-bg-image lazyload\" style=\"background-image:inherit;\" data-bg-image=\"url(https:\/\/sit.com.mt\/wp-content\/uploads\/2021\/03\/517px-Logo_Maltese_EU_presidency_of_the_Council_of_the_European_Union_2017.svg-e1616440979391.png)\">\n    \n                                        <div class=\"narrow-column\">\n                                            <div class=\"v-align\">\n                                                <div class=\"portfolio-title\">MALTE, PRESIDENCE EUROPEENNE 2017<\/div>\n                                            <\/div>\n                                        <\/div>\n    \n                                    <\/div>\n                                <\/a>\n                            <\/div>\n\n                        \n                    <\/div>\n                    <span class=\"prevBtn\" tabindex=\"1\">\n                        <span class=\"full-arrow is-left white short\"><\/span>\n                    <\/span>\n                    <span class=\"nextBtn\" tabindex=\"1\">\n                        <span class=\"full-arrow is-right white short\"><\/span>\n                    <\/span>\n                <\/div>\n\n                                                    <a href=\"\/fr\/portfolio\" class=\"button\" target=\"\" data-aos=\"fade-up\">VOIR NOTRE PORTFOLIO<\/a>\n                                \n            <\/div>\n        <\/div>\n\n    <\/div>\n    <\/div>\n\n<div class=\"testimonials-block ntbp\">\n    <div class=\"testimonials-wrap\">\n\n                        \n        \n                <div class=\"inline-bg-image lazyload\" style=\"background-image:inherit;\" data-bg-image=\"url(https:\/\/sit.com.mt\/wp-content\/uploads\/2019\/12\/testimonials.png)\">\n            <div class=\"slider-container\" data-aos=\"fade-up\">\n                <div class=\"slider\">\n                                            \n                            <div>\n                                                                    <img decoding=\"async\" data-src=\"https:\/\/sit.com.mt\/wp-content\/uploads\/2019\/12\/quote.svg\" class=\"quote-icon lazyload\" alt=\"\" src=\"data:image\/gif;base64,R0lGODlhAQABAAAAACH5BAEKAAEALAAAAAABAAEAAAICTAEAOw==\" \/>\n                                                                <div class=\"para\"><p>You did a wonderful job in the organization of the Rotary Club Annual Event and the locations and logistics of it all really impressed my group of usually pampered Germans. Everybody was amazed at the efficiency and perfection of the organization and timing of every part of this trip.<\/p>\n<\/div>\n                                <span class=\"reviewer\">Mark (Germany)<\/span>\n                            <\/div>\n\n                        \n                            <div>\n                                                                    <img decoding=\"async\" data-src=\"https:\/\/sit.com.mt\/wp-content\/uploads\/2019\/12\/quote.svg\" class=\"quote-icon lazyload\" alt=\"\" src=\"data:image\/gif;base64,R0lGODlhAQABAAAAACH5BAEKAAEALAAAAAABAAEAAAICTAEAOw==\" \/>\n                                                                <div class=\"para\"><p>You did a wonderful job in the organization of the Rotary Club Annual Event and the locations and logistics of it all really impressed my group of usually pampered Germans. Everybody was amazed at the efficiency and perfection of the organization and timing of every part of this trip.<\/p>\n<\/div>\n                                <span class=\"reviewer\">Jimmy (Austria)<\/span>\n                            <\/div>\n\n                                                            <\/div>\n                <span class=\"prevBtn\" tabindex=\"1\">\n                    <span class=\"full-arrow is-left short\"><\/span>\n                <\/span>\n                <span class=\"nextBtn\" tabindex=\"1\">\n                    <span class=\"full-arrow is-right short\"><\/span>\n                <\/span>\n            <\/div>\n        <\/div>\n\n    <\/div>\n    <\/div>","protected":false},"excerpt":{"rendered":"<p>DINER DE REMISE DE PRIX AU SEIN D\u2019UN FORT HISTORIQUE <\/p>\n","protected":false},"author":6,"featured_media":2503,"parent":5908,"menu_order":0,"comment_status":"closed","ping_status":"closed","template":"","meta":{"footnotes":""},"categories":[115],"class_list":["post-6105","page","type-page","status-publish","has-post-thumbnail","hentry","category-incentives"],"acf":[],"yoast_head":"<!-- This site is optimized with the Yoast SEO plugin v25.3 - https:\/\/yoast.com\/wordpress\/plugins\/seo\/ -->\n<title>DINER DE REMISE DE PRIX AU SEIN D\u2019UN FORT HISTORIQUE - SIT Malta<\/title>\n<meta name=\"robots\" content=\"index, follow, max-snippet:-1, max-image-preview:large, max-video-preview:-1\" \/>\n<link rel=\"canonical\" href=\"https:\/\/sit.com.mt\/fr\/portfolio\/diner-de-remise-de-prix-au-sein-dun-fort-historique\/\" \/>\n<meta property=\"og:locale\" content=\"fr_FR\" \/>\n<meta property=\"og:type\" content=\"article\" \/>\n<meta property=\"og:title\" content=\"DINER DE REMISE DE PRIX AU SEIN D\u2019UN FORT HISTORIQUE - SIT Malta\" \/>\n<meta property=\"og:description\" content=\"DINER DE REMISE DE PRIX AU SEIN D\u2019UN FORT HISTORIQUE\" \/>\n<meta property=\"og:url\" content=\"https:\/\/sit.com.mt\/fr\/portfolio\/diner-de-remise-de-prix-au-sein-dun-fort-historique\/\" \/>\n<meta property=\"og:site_name\" content=\"SIT Malta\" \/>\n<meta property=\"article:modified_time\" content=\"2021-08-31T17:50:03+00:00\" \/>\n<meta property=\"og:image\" content=\"https:\/\/sit.com.mt\/wp-content\/uploads\/2020\/04\/wine-2373500_1920-min.jpg\" \/>\n\t<meta property=\"og:image:width\" content=\"1920\" \/>\n\t<meta property=\"og:image:height\" content=\"1474\" \/>\n\t<meta property=\"og:image:type\" content=\"image\/jpeg\" \/>\n<meta name=\"twitter:card\" content=\"summary_large_image\" \/>\n<script type=\"application\/ld+json\" class=\"yoast-schema-graph\">{\"@context\":\"https:\/\/schema.org\",\"@graph\":[{\"@type\":\"WebPage\",\"@id\":\"https:\/\/sit.com.mt\/fr\/portfolio\/diner-de-remise-de-prix-au-sein-dun-fort-historique\/\",\"url\":\"https:\/\/sit.com.mt\/fr\/portfolio\/diner-de-remise-de-prix-au-sein-dun-fort-historique\/\",\"name\":\"DINER DE REMISE DE PRIX AU SEIN D\u2019UN FORT HISTORIQUE - SIT Malta\",\"isPartOf\":{\"@id\":\"https:\/\/sit.com.mt\/#website\"},\"primaryImageOfPage\":{\"@id\":\"https:\/\/sit.com.mt\/fr\/portfolio\/diner-de-remise-de-prix-au-sein-dun-fort-historique\/#primaryimage\"},\"image\":{\"@id\":\"https:\/\/sit.com.mt\/fr\/portfolio\/diner-de-remise-de-prix-au-sein-dun-fort-historique\/#primaryimage\"},\"thumbnailUrl\":\"https:\/\/sit.com.mt\/wp-content\/uploads\/2020\/04\/wine-2373500_1920-min.jpg\",\"datePublished\":\"2020-01-15T13:58:02+00:00\",\"dateModified\":\"2021-08-31T17:50:03+00:00\",\"breadcrumb\":{\"@id\":\"https:\/\/sit.com.mt\/fr\/portfolio\/diner-de-remise-de-prix-au-sein-dun-fort-historique\/#breadcrumb\"},\"inLanguage\":\"fr-FR\",\"potentialAction\":[{\"@type\":\"ReadAction\",\"target\":[\"https:\/\/sit.com.mt\/fr\/portfolio\/diner-de-remise-de-prix-au-sein-dun-fort-historique\/\"]}]},{\"@type\":\"ImageObject\",\"inLanguage\":\"fr-FR\",\"@id\":\"https:\/\/sit.com.mt\/fr\/portfolio\/diner-de-remise-de-prix-au-sein-dun-fort-historique\/#primaryimage\",\"url\":\"https:\/\/sit.com.mt\/wp-content\/uploads\/2020\/04\/wine-2373500_1920-min.jpg\",\"contentUrl\":\"https:\/\/sit.com.mt\/wp-content\/uploads\/2020\/04\/wine-2373500_1920-min.jpg\",\"width\":1920,\"height\":1474,\"caption\":\"Wine\"},{\"@type\":\"BreadcrumbList\",\"@id\":\"https:\/\/sit.com.mt\/fr\/portfolio\/diner-de-remise-de-prix-au-sein-dun-fort-historique\/#breadcrumb\",\"itemListElement\":[{\"@type\":\"ListItem\",\"position\":1,\"name\":\"Home\",\"item\":\"https:\/\/sit.com.mt\/fr\/\"},{\"@type\":\"ListItem\",\"position\":2,\"name\":\"Portfolio\",\"item\":\"https:\/\/sit.com.mt\/fr\/portfolio\/\"},{\"@type\":\"ListItem\",\"position\":3,\"name\":\"DINER DE REMISE DE PRIX AU SEIN D\u2019UN FORT HISTORIQUE\"}]},{\"@type\":\"WebSite\",\"@id\":\"https:\/\/sit.com.mt\/#website\",\"url\":\"https:\/\/sit.com.mt\/\",\"name\":\"SIT Malta\",\"description\":\"Unique Travel Programs\",\"publisher\":{\"@id\":\"https:\/\/sit.com.mt\/#organization\"},\"potentialAction\":[{\"@type\":\"SearchAction\",\"target\":{\"@type\":\"EntryPoint\",\"urlTemplate\":\"https:\/\/sit.com.mt\/?s={search_term_string}\"},\"query-input\":{\"@type\":\"PropertyValueSpecification\",\"valueRequired\":true,\"valueName\":\"search_term_string\"}}],\"inLanguage\":\"fr-FR\"},{\"@type\":\"Organization\",\"@id\":\"https:\/\/sit.com.mt\/#organization\",\"name\":\"SIT Mailta\",\"url\":\"https:\/\/sit.com.mt\/\",\"logo\":{\"@type\":\"ImageObject\",\"inLanguage\":\"fr-FR\",\"@id\":\"https:\/\/sit.com.mt\/#\/schema\/logo\/image\/\",\"url\":\"https:\/\/sit.com.mt\/wp-content\/uploads\/2020\/01\/main-logo-new.svg\",\"contentUrl\":\"https:\/\/sit.com.mt\/wp-content\/uploads\/2020\/01\/main-logo-new.svg\",\"width\":1,\"height\":1,\"caption\":\"SIT Mailta\"},\"image\":{\"@id\":\"https:\/\/sit.com.mt\/#\/schema\/logo\/image\/\"}}]}<\/script>\n<!-- \/ Yoast SEO plugin. -->","yoast_head_json":{"title":"DINER DE REMISE DE PRIX AU SEIN D\u2019UN FORT HISTORIQUE - SIT Malta","robots":{"index":"index","follow":"follow","max-snippet":"max-snippet:-1","max-image-preview":"max-image-preview:large","max-video-preview":"max-video-preview:-1"},"canonical":"https:\/\/sit.com.mt\/fr\/portfolio\/diner-de-remise-de-prix-au-sein-dun-fort-historique\/","og_locale":"fr_FR","og_type":"article","og_title":"DINER DE REMISE DE PRIX AU SEIN D\u2019UN FORT HISTORIQUE - SIT Malta","og_description":"DINER DE REMISE DE PRIX AU SEIN D\u2019UN FORT HISTORIQUE","og_url":"https:\/\/sit.com.mt\/fr\/portfolio\/diner-de-remise-de-prix-au-sein-dun-fort-historique\/","og_site_name":"SIT Malta","article_modified_time":"2021-08-31T17:50:03+00:00","og_image":[{"width":1920,"height":1474,"url":"https:\/\/sit.com.mt\/wp-content\/uploads\/2020\/04\/wine-2373500_1920-min.jpg","type":"image\/jpeg"}],"twitter_card":"summary_large_image","schema":{"@context":"https:\/\/schema.org","@graph":[{"@type":"WebPage","@id":"https:\/\/sit.com.mt\/fr\/portfolio\/diner-de-remise-de-prix-au-sein-dun-fort-historique\/","url":"https:\/\/sit.com.mt\/fr\/portfolio\/diner-de-remise-de-prix-au-sein-dun-fort-historique\/","name":"DINER DE REMISE DE PRIX AU SEIN D\u2019UN FORT HISTORIQUE - SIT Malta","isPartOf":{"@id":"https:\/\/sit.com.mt\/#website"},"primaryImageOfPage":{"@id":"https:\/\/sit.com.mt\/fr\/portfolio\/diner-de-remise-de-prix-au-sein-dun-fort-historique\/#primaryimage"},"image":{"@id":"https:\/\/sit.com.mt\/fr\/portfolio\/diner-de-remise-de-prix-au-sein-dun-fort-historique\/#primaryimage"},"thumbnailUrl":"https:\/\/sit.com.mt\/wp-content\/uploads\/2020\/04\/wine-2373500_1920-min.jpg","datePublished":"2020-01-15T13:58:02+00:00","dateModified":"2021-08-31T17:50:03+00:00","breadcrumb":{"@id":"https:\/\/sit.com.mt\/fr\/portfolio\/diner-de-remise-de-prix-au-sein-dun-fort-historique\/#breadcrumb"},"inLanguage":"fr-FR","potentialAction":[{"@type":"ReadAction","target":["https:\/\/sit.com.mt\/fr\/portfolio\/diner-de-remise-de-prix-au-sein-dun-fort-historique\/"]}]},{"@type":"ImageObject","inLanguage":"fr-FR","@id":"https:\/\/sit.com.mt\/fr\/portfolio\/diner-de-remise-de-prix-au-sein-dun-fort-historique\/#primaryimage","url":"https:\/\/sit.com.mt\/wp-content\/uploads\/2020\/04\/wine-2373500_1920-min.jpg","contentUrl":"https:\/\/sit.com.mt\/wp-content\/uploads\/2020\/04\/wine-2373500_1920-min.jpg","width":1920,"height":1474,"caption":"Wine"},{"@type":"BreadcrumbList","@id":"https:\/\/sit.com.mt\/fr\/portfolio\/diner-de-remise-de-prix-au-sein-dun-fort-historique\/#breadcrumb","itemListElement":[{"@type":"ListItem","position":1,"name":"Home","item":"https:\/\/sit.com.mt\/fr\/"},{"@type":"ListItem","position":2,"name":"Portfolio","item":"https:\/\/sit.com.mt\/fr\/portfolio\/"},{"@type":"ListItem","position":3,"name":"DINER DE REMISE DE PRIX AU SEIN D\u2019UN FORT HISTORIQUE"}]},{"@type":"WebSite","@id":"https:\/\/sit.com.mt\/#website","url":"https:\/\/sit.com.mt\/","name":"SIT Malta","description":"Unique Travel Programs","publisher":{"@id":"https:\/\/sit.com.mt\/#organization"},"potentialAction":[{"@type":"SearchAction","target":{"@type":"EntryPoint","urlTemplate":"https:\/\/sit.com.mt\/?s={search_term_string}"},"query-input":{"@type":"PropertyValueSpecification","valueRequired":true,"valueName":"search_term_string"}}],"inLanguage":"fr-FR"},{"@type":"Organization","@id":"https:\/\/sit.com.mt\/#organization","name":"SIT Mailta","url":"https:\/\/sit.com.mt\/","logo":{"@type":"ImageObject","inLanguage":"fr-FR","@id":"https:\/\/sit.com.mt\/#\/schema\/logo\/image\/","url":"https:\/\/sit.com.mt\/wp-content\/uploads\/2020\/01\/main-logo-new.svg","contentUrl":"https:\/\/sit.com.mt\/wp-content\/uploads\/2020\/01\/main-logo-new.svg","width":1,"height":1,"caption":"SIT Mailta"},"image":{"@id":"https:\/\/sit.com.mt\/#\/schema\/logo\/image\/"}}]}},"_links":{"self":[{"href":"https:\/\/sit.com.mt\/fr\/wp-json\/wp\/v2\/pages\/6105","targetHints":{"allow":["GET"]}}],"collection":[{"href":"https:\/\/sit.com.mt\/fr\/wp-json\/wp\/v2\/pages"}],"about":[{"href":"https:\/\/sit.com.mt\/fr\/wp-json\/wp\/v2\/types\/page"}],"author":[{"embeddable":true,"href":"https:\/\/sit.com.mt\/fr\/wp-json\/wp\/v2\/users\/6"}],"replies":[{"embeddable":true,"href":"https:\/\/sit.com.mt\/fr\/wp-json\/wp\/v2\/comments?post=6105"}],"version-history":[{"count":0,"href":"https:\/\/sit.com.mt\/fr\/wp-json\/wp\/v2\/pages\/6105\/revisions"}],"up":[{"embeddable":true,"href":"https:\/\/sit.com.mt\/fr\/wp-json\/wp\/v2\/pages\/5908"}],"wp:featuredmedia":[{"embeddable":true,"href":"https:\/\/sit.com.mt\/fr\/wp-json\/wp\/v2\/media\/2503"}],"wp:attachment":[{"href":"https:\/\/sit.com.mt\/fr\/wp-json\/wp\/v2\/media?parent=6105"}],"wp:term":[{"taxonomy":"category","embeddable":true,"href":"https:\/\/sit.com.mt\/fr\/wp-json\/wp\/v2\/categories?post=6105"}],"curies":[{"name":"wp","href":"https:\/\/api.w.org\/{rel}","templated":true}]}}