{"id":6108,"date":"2020-01-08T15:50:06","date_gmt":"2020-01-08T15:50:06","guid":{"rendered":"https:\/\/sit.com.mt\/portfolio\/eu-presidency\/"},"modified":"2021-03-03T07:56:06","modified_gmt":"2021-03-03T07:56:06","slug":"champagne-surprise-sur-un-bateau","status":"publish","type":"page","link":"https:\/\/sit.com.mt\/fr\/portfolio\/champagne-surprise-sur-un-bateau\/","title":{"rendered":"Champagne Surprise sur un bateau"},"content":{"rendered":"<div class=\"landing-banner-block\">\n    <div class=\"landing-banner-wrap inline-bg-image lazyload\" style=\"background-image:inherit;\" data-bg-image=\"url(https:\/\/sit.com.mt\/wp-content\/uploads\/2020\/04\/drink-3615178_1920.jpg)\">\n        \n            <div class=\"content-box\" data-aos=\"fade-up\">\n                <div class=\"v-align\">                    <h1 class=\"h1\">Champagne Surprise sur un bateau<\/h1>\n                <\/div>                            <\/div>\n            \n                    <\/div>\n        \n    <\/div>\n\n<div class=\"portfolio-details-block\">\n    <div class=\"portfolio-details-wrap\">\n    <div class=\"inner\">\n                    \n                <div class=\"portfolio-detail\" data-aos=\"fade-up\" data-aos-offset=\"50\">\n\n                                                                <img decoding=\"async\" data-src=\"https:\/\/sit.com.mt\/wp-content\/uploads\/2020\/01\/flag.svg\" class=\"icon lazyload\" alt=\"\" src=\"data:image\/gif;base64,R0lGODlhAQABAAAAACH5BAEKAAEALAAAAAABAAEAAAICTAEAOw==\" \/>\n                    \n                    <div class=\"type\">TYPE <\/div>\n                    <h3 class=\"data\">LOISIRS <\/h3>\n                    <p class=\"para\"><\/p>\n\n                <\/div>\n            \n                <div class=\"portfolio-detail\" data-aos=\"fade-up\" data-aos-offset=\"50\">\n\n                                                                <img decoding=\"async\" data-src=\"https:\/\/sit.com.mt\/wp-content\/uploads\/2020\/01\/team.svg\" class=\"icon lazyload\" alt=\"\" src=\"data:image\/gif;base64,R0lGODlhAQABAAAAACH5BAEKAAEALAAAAAABAAEAAAICTAEAOw==\" \/>\n                    \n                    <div class=\"type\">NOMBRE DE PARTICIPANTS<\/div>\n                    <h3 class=\"data\">50<\/h3>\n                    <p class=\"para\">sur 1 catamaran\r\n<\/p>\n\n                <\/div>\n                        <\/div>\n<\/div><\/div>\n\n<div class=\"portfolio-info-block\">\n    <div class=\"portfolio-info-wrap dark-bg\">\n    <div class=\"inner\">\n                    \n                <div class=\"portfolio-info\" data-aos=\"fade-up\">\n\n                    <h3 class=\"title\">Le D\u00e9fi<\/h3>\n\n                                                                <img decoding=\"async\" data-src=\"https:\/\/sit.com.mt\/wp-content\/uploads\/2020\/01\/tiny-logo.svg\" class=\"icon lazyload\" alt=\"\" src=\"data:image\/gif;base64,R0lGODlhAQABAAAAACH5BAEKAAEALAAAAAABAAEAAAICTAEAOw==\" \/>\n                    \n                    <div class=\"para\"><p>Le mandat du client \u00e9tait de \u00absurprendre les d\u00e9l\u00e9gu\u00e9s avec une boisson au champagne de l&rsquo;EXTERIEUR du bateau, de la mani\u00e8re la plus cr\u00e9ative possible\u00bb. Le client ne voulait absolument pas que le champagne soit d\u00e9j\u00e0 sur le bateau, nous avons donc d\u00fb trouver un moyen de le faire monter \u00e0 bord. Nous avons \u00e9galement eu le probl\u00e8me de distraire et de divertir les d\u00e9l\u00e9gu\u00e9s le temps que le champagne soit soulev\u00e9 sur le bateau et servi.<\/p>\n<\/div>\n\n                                                        <\/div>\n\n            \n                <div class=\"portfolio-info\" data-aos=\"fade-up\">\n\n                    <h3 class=\"title\">Notre Solution <\/h3>\n\n                                                                <img decoding=\"async\" data-src=\"https:\/\/sit.com.mt\/wp-content\/uploads\/2020\/01\/tiny-logo.svg\" class=\"icon lazyload\" alt=\"\" src=\"data:image\/gif;base64,R0lGODlhAQABAAAAACH5BAEKAAEALAAAAAABAAEAAAICTAEAOw==\" \/>\n                    \n                    <div class=\"para\"><p>Nous avons divis\u00e9 la solution en 2 parties. La partie 1 gardait les d\u00e9l\u00e9gu\u00e9s distraits tandis que la partie 2 satisfaisait la demande du client. Pour la distraction, nous avons cr\u00e9\u00e9 une performance de sir\u00e8ne chantante. Le catamaran se rendant sur la magnifique \u00eele de Comino ,nous avions l&rsquo;une des meilleures sopranos de Malte habill\u00e9e en sir\u00e8ne, assise sur un rocher, chantant avec son micro-casque connect\u00e9 sans fil au syst\u00e8me de haut-parleurs du bateau pour minimiser toute interf\u00e9rence sonore. Pendant qu&rsquo;elle chantait et que tous les yeux \u00e9taient tourn\u00e9s vers elle, nous avons deux plongeurs qui sont sortis de l&rsquo;eau et se sont positionn\u00e9s sur les escaliers du bateau. Soudain, la musique a chang\u00e9 pour la bande originale de Mission Impossible, les plongeurs ont saut\u00e9 sur les escaliers, retir\u00e9 leurs combinaisons \u00e9tanches, r\u00e9v\u00e9lant leurs smokings en dessous, sorti chacun une bouteille de champagne de leurs sacs \u00e0 dos et fait sauter les bouchons. Les serveuses se sont pr\u00e9cipit\u00e9 avec des plateaux de fl\u00fbtes \u00e0 champagne vides que les plongeurs remplissaient en marchant autour du bateau.<\/p>\n<\/div>\n\n                                                        <\/div>\n\n            \n                <div class=\"portfolio-info\" data-aos=\"fade-up\">\n\n                    <h3 class=\"title\">Le R\u00e9sultat <\/h3>\n\n                                                                <img decoding=\"async\" data-src=\"https:\/\/sit.com.mt\/wp-content\/uploads\/2020\/01\/tiny-logo.svg\" class=\"icon lazyload\" alt=\"\" src=\"data:image\/gif;base64,R0lGODlhAQABAAAAACH5BAEKAAEALAAAAAABAAEAAAICTAEAOw==\" \/>\n                    \n                    <div class=\"para\"><p>Une de nos surprises incitatives pr\u00e9f\u00e9r\u00e9es de tous les temps! Notre client l&rsquo;a tellement aim\u00e9 que l&rsquo;ann\u00e9e suivante nous l&rsquo;avons fait \u00e0 nouveau mais au lieu de plongeurs venant de la mer, nous avons eu des grimpeurs descendant des falaises!<\/p>\n<\/div>\n\n                                                        <\/div>\n\n                        <\/div>\n<\/div><\/div>\n\n<div class=\"image-slider-block\">\n    <div class=\"image-slider-wrap\">\n\n    <div class=\"slider-container no-padding\" data-aos=\"fade-up\">\n        <div class=\"image-slider\">\n                                    \n                                \n                    <div>\n                        <div class=\"img inline-bg-image lazyload\" role=\"img\" aria-label=\"Luxury Dinner\" style=\"background-image:inherit;\" data-bg-image=\"url(https:\/\/sit.com.mt\/wp-content\/uploads\/2020\/01\/boat-chair-couch-deck-271681-min-scaled.jpg)\"><\/div>\n                    <\/div>\n\n                                        \n                            \n                                \n                    <div>\n                        <div class=\"img inline-bg-image lazyload\" role=\"img\" aria-label=\"luxury yacht\" style=\"background-image:inherit;\" data-bg-image=\"url(https:\/\/sit.com.mt\/wp-content\/uploads\/2020\/04\/boat-3480914_1920-min.jpg)\"><\/div>\n                    <\/div>\n\n                                        \n                            \n                                \n                    <div>\n                        <div class=\"img inline-bg-image lazyload\" role=\"img\" aria-label=\"champagne bucket\" style=\"background-image:inherit;\" data-bg-image=\"url(https:\/\/sit.com.mt\/wp-content\/uploads\/2020\/04\/alcoholic-alcoholic-beverages-beverage-bottleneck-373067-min-scaled.jpg)\"><\/div>\n                    <\/div>\n\n                                        \n                            <\/div>\n        <span class=\"prevBtn\" tabindex=\"1\">\n            <span class=\"full-arrow is-left short white\"><\/span>\n        <\/span>\n        <span class=\"nextBtn\" tabindex=\"1\">\n            <span class=\"full-arrow is-right short white\"><\/span>\n        <\/span>\n    <\/div>\n<\/div><\/div>\n\n<div class=\"more-portfolio-block\">\n    <div class=\"more-portfolio-wrap\">\n\n        <h2 class=\"h2\" data-aos=\"fade-up\">En d\u00e9couvrir plus<\/h2>\n        <h4 class=\"h4\" data-aos=\"fade-up\"><\/h4>\n        <span class=\"full-arrow is-bottom long\" data-aos=\"fade-down\"><\/span>\n\n        <div class=\"light-bg\">\n            <div class=\"inner\">\n                \n                <div class=\"slider-container negative-padding\" data-aos=\"fade-up\">\n                    <div class=\"more-portfolios-slider\">\n                    \n                        \n                            <div>\n                                <a href=\"https:\/\/sit.com.mt\/fr\/portfolio\/post-covid-group\/\" class=\"portfolio-link\">\n                                    <div class=\"portfolio inline-bg-image lazyload\" style=\"background-image:inherit;\" data-bg-image=\"url(https:\/\/sit.com.mt\/wp-content\/uploads\/2020\/11\/20201009_162157-scaled-e1630075692985.jpg)\">\n    \n                                        <div class=\"narrow-column\">\n                                            <div class=\"v-align\">\n                                                <div class=\"portfolio-title\">Post-Covid Group<\/div>\n                                            <\/div>\n                                        <\/div>\n    \n                                    <\/div>\n                                <\/a>\n                            <\/div>\n\n                        \n                            <div>\n                                <a href=\"https:\/\/sit.com.mt\/fr\/portfolio\/byk-incentive-trip\/\" class=\"portfolio-link\">\n                                    <div class=\"portfolio inline-bg-image lazyload\" style=\"background-image:inherit;\" data-bg-image=\"url(https:\/\/sit.com.mt\/wp-content\/uploads\/2020\/08\/72113654_515779652593991_8674156126125686784_n.jpg)\">\n    \n                                        <div class=\"narrow-column\">\n                                            <div class=\"v-align\">\n                                                <div class=\"portfolio-title\">BYK Incentive Trip<\/div>\n                                            <\/div>\n                                        <\/div>\n    \n                                    <\/div>\n                                <\/a>\n                            <\/div>\n\n                        \n                            <div>\n                                <a href=\"https:\/\/sit.com.mt\/fr\/portfolio\/construire-un-bateau\/\" class=\"portfolio-link\">\n                                    <div class=\"portfolio inline-bg-image lazyload\" style=\"background-image:inherit;\" data-bg-image=\"url(https:\/\/sit.com.mt\/wp-content\/uploads\/2020\/06\/teambuilding-malta.jpg)\">\n    \n                                        <div class=\"narrow-column\">\n                                            <div class=\"v-align\">\n                                                <div class=\"portfolio-title\">CONSTRUIRE UN BATEAU<\/div>\n                                            <\/div>\n                                        <\/div>\n    \n                                    <\/div>\n                                <\/a>\n                            <\/div>\n\n                        \n                            <div>\n                                <a href=\"https:\/\/sit.com.mt\/fr\/portfolio\/diner-de-gala-au-bord-de-la-mer\/\" class=\"portfolio-link\">\n                                    <div class=\"portfolio inline-bg-image lazyload\" style=\"background-image:inherit;\" data-bg-image=\"url(https:\/\/sit.com.mt\/wp-content\/uploads\/2020\/07\/IMGP2487-scaled-e1594731913735.jpg)\">\n    \n                                        <div class=\"narrow-column\">\n                                            <div class=\"v-align\">\n                                                <div class=\"portfolio-title\">DINER DE GALA AU BORD DE LA MER<\/div>\n                                            <\/div>\n                                        <\/div>\n    \n                                    <\/div>\n                                <\/a>\n                            <\/div>\n\n                        \n                            <div>\n                                <a href=\"https:\/\/sit.com.mt\/fr\/portfolio\/salles-de-reunion-en-plein-air\/\" class=\"portfolio-link\">\n                                    <div class=\"portfolio inline-bg-image lazyload\" style=\"background-image:inherit;\" data-bg-image=\"url(https:\/\/sit.com.mt\/wp-content\/uploads\/2020\/06\/IMG_3191-1-scaled-e1591887044394.jpg)\">\n    \n                                        <div class=\"narrow-column\">\n                                            <div class=\"v-align\">\n                                                <div class=\"portfolio-title\">SALLES DE REUNION EN PLEIN AIR<\/div>\n                                            <\/div>\n                                        <\/div>\n    \n                                    <\/div>\n                                <\/a>\n                            <\/div>\n\n                        \n                            <div>\n                                <a href=\"https:\/\/sit.com.mt\/fr\/portfolio\/malte-presidence-europeenne-2017\/\" class=\"portfolio-link\">\n                                    <div class=\"portfolio inline-bg-image lazyload\" style=\"background-image:inherit;\" data-bg-image=\"url(https:\/\/sit.com.mt\/wp-content\/uploads\/2021\/03\/517px-Logo_Maltese_EU_presidency_of_the_Council_of_the_European_Union_2017.svg-e1616440979391.png)\">\n    \n                                        <div class=\"narrow-column\">\n                                            <div class=\"v-align\">\n                                                <div class=\"portfolio-title\">MALTE, PRESIDENCE EUROPEENNE 2017<\/div>\n                                            <\/div>\n                                        <\/div>\n    \n                                    <\/div>\n                                <\/a>\n                            <\/div>\n\n                        \n                    <\/div>\n                    <span class=\"prevBtn\" tabindex=\"1\">\n                        <span class=\"full-arrow is-left white short\"><\/span>\n                    <\/span>\n                    <span class=\"nextBtn\" tabindex=\"1\">\n                        <span class=\"full-arrow is-right white short\"><\/span>\n                    <\/span>\n                <\/div>\n\n                                                    <a href=\"\/fr\/portfolio\" class=\"button\" target=\"\" data-aos=\"fade-up\">VOIR NOTRE PORTFOLIO<\/a>\n                                \n            <\/div>\n        <\/div>\n\n    <\/div>\n    <\/div>\n\n<div class=\"testimonials-block ntbp\">\n    <div class=\"testimonials-wrap\">\n\n                        \n        \n                <div class=\"inline-bg-image lazyload\" style=\"background-image:inherit;\" data-bg-image=\"url(https:\/\/sit.com.mt\/wp-content\/uploads\/2019\/12\/testimonials.png)\">\n            <div class=\"slider-container\" data-aos=\"fade-up\">\n                <div class=\"slider\">\n                                            \n                            <div>\n                                                                    <img decoding=\"async\" data-src=\"https:\/\/sit.com.mt\/wp-content\/uploads\/2019\/12\/quote.svg\" class=\"quote-icon lazyload\" alt=\"\" src=\"data:image\/gif;base64,R0lGODlhAQABAAAAACH5BAEKAAEALAAAAAABAAEAAAICTAEAOw==\" \/>\n                                                                <div class=\"para\"><p>You did a wonderful job in the organization of the Rotary Club Annual Event and the locations and logistics of it all really impressed my group of usually pampered Germans. Everybody was amazed at the efficiency and perfection of the organization and timing of every part of this trip.<\/p>\n<\/div>\n                                <span class=\"reviewer\">Mark (Germany)<\/span>\n                            <\/div>\n\n                        \n                            <div>\n                                                                    <img decoding=\"async\" data-src=\"https:\/\/sit.com.mt\/wp-content\/uploads\/2019\/12\/quote.svg\" class=\"quote-icon lazyload\" alt=\"\" src=\"data:image\/gif;base64,R0lGODlhAQABAAAAACH5BAEKAAEALAAAAAABAAEAAAICTAEAOw==\" \/>\n                                                                <div class=\"para\"><p>You did a wonderful job in the organization of the Rotary Club Annual Event and the locations and logistics of it all really impressed my group of usually pampered Germans. Everybody was amazed at the efficiency and perfection of the organization and timing of every part of this trip.<\/p>\n<\/div>\n                                <span class=\"reviewer\">Jimmy (Austria)<\/span>\n                            <\/div>\n\n                                                            <\/div>\n                <span class=\"prevBtn\" tabindex=\"1\">\n                    <span class=\"full-arrow is-left short\"><\/span>\n                <\/span>\n                <span class=\"nextBtn\" tabindex=\"1\">\n                    <span class=\"full-arrow is-right short\"><\/span>\n                <\/span>\n            <\/div>\n        <\/div>\n\n    <\/div>\n    <\/div>","protected":false},"excerpt":{"rendered":"","protected":false},"author":6,"featured_media":2511,"parent":5908,"menu_order":0,"comment_status":"closed","ping_status":"closed","template":"","meta":{"footnotes":""},"categories":[115],"class_list":["post-6108","page","type-page","status-publish","has-post-thumbnail","hentry","category-incentives"],"acf":[],"yoast_head":"<!-- This site is optimized with the Yoast SEO plugin v25.3 - https:\/\/yoast.com\/wordpress\/plugins\/seo\/ -->\n<title>Champagne Surprise sur un bateau - SIT Malta<\/title>\n<meta name=\"robots\" content=\"index, follow, max-snippet:-1, max-image-preview:large, max-video-preview:-1\" \/>\n<link rel=\"canonical\" href=\"https:\/\/sit.com.mt\/fr\/portfolio\/champagne-surprise-sur-un-bateau\/\" \/>\n<meta property=\"og:locale\" content=\"fr_FR\" \/>\n<meta property=\"og:type\" content=\"article\" \/>\n<meta property=\"og:title\" content=\"Champagne Surprise sur un bateau - SIT Malta\" \/>\n<meta property=\"og:url\" content=\"https:\/\/sit.com.mt\/fr\/portfolio\/champagne-surprise-sur-un-bateau\/\" \/>\n<meta property=\"og:site_name\" content=\"SIT Malta\" \/>\n<meta property=\"article:modified_time\" content=\"2021-03-03T07:56:06+00:00\" \/>\n<meta property=\"og:image\" content=\"https:\/\/sit.com.mt\/wp-content\/uploads\/2020\/04\/drink-3615178_1920.jpg\" \/>\n\t<meta property=\"og:image:width\" content=\"1920\" \/>\n\t<meta property=\"og:image:height\" content=\"960\" \/>\n\t<meta property=\"og:image:type\" content=\"image\/jpeg\" \/>\n<meta name=\"twitter:card\" content=\"summary_large_image\" \/>\n<script type=\"application\/ld+json\" class=\"yoast-schema-graph\">{\"@context\":\"https:\/\/schema.org\",\"@graph\":[{\"@type\":\"WebPage\",\"@id\":\"https:\/\/sit.com.mt\/fr\/portfolio\/champagne-surprise-sur-un-bateau\/\",\"url\":\"https:\/\/sit.com.mt\/fr\/portfolio\/champagne-surprise-sur-un-bateau\/\",\"name\":\"Champagne Surprise sur un bateau - SIT Malta\",\"isPartOf\":{\"@id\":\"https:\/\/sit.com.mt\/#website\"},\"primaryImageOfPage\":{\"@id\":\"https:\/\/sit.com.mt\/fr\/portfolio\/champagne-surprise-sur-un-bateau\/#primaryimage\"},\"image\":{\"@id\":\"https:\/\/sit.com.mt\/fr\/portfolio\/champagne-surprise-sur-un-bateau\/#primaryimage\"},\"thumbnailUrl\":\"https:\/\/sit.com.mt\/wp-content\/uploads\/2020\/04\/drink-3615178_1920.jpg\",\"datePublished\":\"2020-01-08T15:50:06+00:00\",\"dateModified\":\"2021-03-03T07:56:06+00:00\",\"breadcrumb\":{\"@id\":\"https:\/\/sit.com.mt\/fr\/portfolio\/champagne-surprise-sur-un-bateau\/#breadcrumb\"},\"inLanguage\":\"fr-FR\",\"potentialAction\":[{\"@type\":\"ReadAction\",\"target\":[\"https:\/\/sit.com.mt\/fr\/portfolio\/champagne-surprise-sur-un-bateau\/\"]}]},{\"@type\":\"ImageObject\",\"inLanguage\":\"fr-FR\",\"@id\":\"https:\/\/sit.com.mt\/fr\/portfolio\/champagne-surprise-sur-un-bateau\/#primaryimage\",\"url\":\"https:\/\/sit.com.mt\/wp-content\/uploads\/2020\/04\/drink-3615178_1920.jpg\",\"contentUrl\":\"https:\/\/sit.com.mt\/wp-content\/uploads\/2020\/04\/drink-3615178_1920.jpg\",\"width\":1920,\"height\":960,\"caption\":\"Champagne glasses\"},{\"@type\":\"BreadcrumbList\",\"@id\":\"https:\/\/sit.com.mt\/fr\/portfolio\/champagne-surprise-sur-un-bateau\/#breadcrumb\",\"itemListElement\":[{\"@type\":\"ListItem\",\"position\":1,\"name\":\"Home\",\"item\":\"https:\/\/sit.com.mt\/fr\/\"},{\"@type\":\"ListItem\",\"position\":2,\"name\":\"Portfolio\",\"item\":\"https:\/\/sit.com.mt\/fr\/portfolio\/\"},{\"@type\":\"ListItem\",\"position\":3,\"name\":\"Champagne Surprise sur un bateau\"}]},{\"@type\":\"WebSite\",\"@id\":\"https:\/\/sit.com.mt\/#website\",\"url\":\"https:\/\/sit.com.mt\/\",\"name\":\"SIT Malta\",\"description\":\"Unique Travel Programs\",\"publisher\":{\"@id\":\"https:\/\/sit.com.mt\/#organization\"},\"potentialAction\":[{\"@type\":\"SearchAction\",\"target\":{\"@type\":\"EntryPoint\",\"urlTemplate\":\"https:\/\/sit.com.mt\/?s={search_term_string}\"},\"query-input\":{\"@type\":\"PropertyValueSpecification\",\"valueRequired\":true,\"valueName\":\"search_term_string\"}}],\"inLanguage\":\"fr-FR\"},{\"@type\":\"Organization\",\"@id\":\"https:\/\/sit.com.mt\/#organization\",\"name\":\"SIT Mailta\",\"url\":\"https:\/\/sit.com.mt\/\",\"logo\":{\"@type\":\"ImageObject\",\"inLanguage\":\"fr-FR\",\"@id\":\"https:\/\/sit.com.mt\/#\/schema\/logo\/image\/\",\"url\":\"https:\/\/sit.com.mt\/wp-content\/uploads\/2020\/01\/main-logo-new.svg\",\"contentUrl\":\"https:\/\/sit.com.mt\/wp-content\/uploads\/2020\/01\/main-logo-new.svg\",\"width\":1,\"height\":1,\"caption\":\"SIT Mailta\"},\"image\":{\"@id\":\"https:\/\/sit.com.mt\/#\/schema\/logo\/image\/\"}}]}<\/script>\n<!-- \/ Yoast SEO plugin. -->","yoast_head_json":{"title":"Champagne Surprise sur un bateau - SIT Malta","robots":{"index":"index","follow":"follow","max-snippet":"max-snippet:-1","max-image-preview":"max-image-preview:large","max-video-preview":"max-video-preview:-1"},"canonical":"https:\/\/sit.com.mt\/fr\/portfolio\/champagne-surprise-sur-un-bateau\/","og_locale":"fr_FR","og_type":"article","og_title":"Champagne Surprise sur un bateau - SIT Malta","og_url":"https:\/\/sit.com.mt\/fr\/portfolio\/champagne-surprise-sur-un-bateau\/","og_site_name":"SIT Malta","article_modified_time":"2021-03-03T07:56:06+00:00","og_image":[{"width":1920,"height":960,"url":"https:\/\/sit.com.mt\/wp-content\/uploads\/2020\/04\/drink-3615178_1920.jpg","type":"image\/jpeg"}],"twitter_card":"summary_large_image","schema":{"@context":"https:\/\/schema.org","@graph":[{"@type":"WebPage","@id":"https:\/\/sit.com.mt\/fr\/portfolio\/champagne-surprise-sur-un-bateau\/","url":"https:\/\/sit.com.mt\/fr\/portfolio\/champagne-surprise-sur-un-bateau\/","name":"Champagne Surprise sur un bateau - SIT Malta","isPartOf":{"@id":"https:\/\/sit.com.mt\/#website"},"primaryImageOfPage":{"@id":"https:\/\/sit.com.mt\/fr\/portfolio\/champagne-surprise-sur-un-bateau\/#primaryimage"},"image":{"@id":"https:\/\/sit.com.mt\/fr\/portfolio\/champagne-surprise-sur-un-bateau\/#primaryimage"},"thumbnailUrl":"https:\/\/sit.com.mt\/wp-content\/uploads\/2020\/04\/drink-3615178_1920.jpg","datePublished":"2020-01-08T15:50:06+00:00","dateModified":"2021-03-03T07:56:06+00:00","breadcrumb":{"@id":"https:\/\/sit.com.mt\/fr\/portfolio\/champagne-surprise-sur-un-bateau\/#breadcrumb"},"inLanguage":"fr-FR","potentialAction":[{"@type":"ReadAction","target":["https:\/\/sit.com.mt\/fr\/portfolio\/champagne-surprise-sur-un-bateau\/"]}]},{"@type":"ImageObject","inLanguage":"fr-FR","@id":"https:\/\/sit.com.mt\/fr\/portfolio\/champagne-surprise-sur-un-bateau\/#primaryimage","url":"https:\/\/sit.com.mt\/wp-content\/uploads\/2020\/04\/drink-3615178_1920.jpg","contentUrl":"https:\/\/sit.com.mt\/wp-content\/uploads\/2020\/04\/drink-3615178_1920.jpg","width":1920,"height":960,"caption":"Champagne glasses"},{"@type":"BreadcrumbList","@id":"https:\/\/sit.com.mt\/fr\/portfolio\/champagne-surprise-sur-un-bateau\/#breadcrumb","itemListElement":[{"@type":"ListItem","position":1,"name":"Home","item":"https:\/\/sit.com.mt\/fr\/"},{"@type":"ListItem","position":2,"name":"Portfolio","item":"https:\/\/sit.com.mt\/fr\/portfolio\/"},{"@type":"ListItem","position":3,"name":"Champagne Surprise sur un bateau"}]},{"@type":"WebSite","@id":"https:\/\/sit.com.mt\/#website","url":"https:\/\/sit.com.mt\/","name":"SIT Malta","description":"Unique Travel Programs","publisher":{"@id":"https:\/\/sit.com.mt\/#organization"},"potentialAction":[{"@type":"SearchAction","target":{"@type":"EntryPoint","urlTemplate":"https:\/\/sit.com.mt\/?s={search_term_string}"},"query-input":{"@type":"PropertyValueSpecification","valueRequired":true,"valueName":"search_term_string"}}],"inLanguage":"fr-FR"},{"@type":"Organization","@id":"https:\/\/sit.com.mt\/#organization","name":"SIT Mailta","url":"https:\/\/sit.com.mt\/","logo":{"@type":"ImageObject","inLanguage":"fr-FR","@id":"https:\/\/sit.com.mt\/#\/schema\/logo\/image\/","url":"https:\/\/sit.com.mt\/wp-content\/uploads\/2020\/01\/main-logo-new.svg","contentUrl":"https:\/\/sit.com.mt\/wp-content\/uploads\/2020\/01\/main-logo-new.svg","width":1,"height":1,"caption":"SIT Mailta"},"image":{"@id":"https:\/\/sit.com.mt\/#\/schema\/logo\/image\/"}}]}},"_links":{"self":[{"href":"https:\/\/sit.com.mt\/fr\/wp-json\/wp\/v2\/pages\/6108","targetHints":{"allow":["GET"]}}],"collection":[{"href":"https:\/\/sit.com.mt\/fr\/wp-json\/wp\/v2\/pages"}],"about":[{"href":"https:\/\/sit.com.mt\/fr\/wp-json\/wp\/v2\/types\/page"}],"author":[{"embeddable":true,"href":"https:\/\/sit.com.mt\/fr\/wp-json\/wp\/v2\/users\/6"}],"replies":[{"embeddable":true,"href":"https:\/\/sit.com.mt\/fr\/wp-json\/wp\/v2\/comments?post=6108"}],"version-history":[{"count":0,"href":"https:\/\/sit.com.mt\/fr\/wp-json\/wp\/v2\/pages\/6108\/revisions"}],"up":[{"embeddable":true,"href":"https:\/\/sit.com.mt\/fr\/wp-json\/wp\/v2\/pages\/5908"}],"wp:featuredmedia":[{"embeddable":true,"href":"https:\/\/sit.com.mt\/fr\/wp-json\/wp\/v2\/media\/2511"}],"wp:attachment":[{"href":"https:\/\/sit.com.mt\/fr\/wp-json\/wp\/v2\/media?parent=6108"}],"wp:term":[{"taxonomy":"category","embeddable":true,"href":"https:\/\/sit.com.mt\/fr\/wp-json\/wp\/v2\/categories?post=6108"}],"curies":[{"name":"wp","href":"https:\/\/api.w.org\/{rel}","templated":true}]}}