{"id":6113,"date":"2020-06-11T15:30:21","date_gmt":"2020-06-11T15:30:21","guid":{"rendered":"https:\/\/sit.com.mt\/portfolio\/gala-dinner-by-the-sea\/"},"modified":"2021-08-31T18:25:44","modified_gmt":"2021-08-31T18:25:44","slug":"diner-de-gala-au-bord-de-la-mer","status":"publish","type":"page","link":"https:\/\/sit.com.mt\/fr\/portfolio\/diner-de-gala-au-bord-de-la-mer\/","title":{"rendered":"DINER DE GALA AU BORD DE LA MER"},"content":{"rendered":"<div class=\"landing-banner-block\">\n    <div class=\"landing-banner-wrap inline-bg-image lazyload\" style=\"background-image:inherit;\" data-bg-image=\"url(https:\/\/sit.com.mt\/wp-content\/uploads\/2020\/07\/IMGP2487-scaled-e1594731913735.jpg)\">\n        \n            <div class=\"content-box\" data-aos=\"fade-up\">\n                <div class=\"v-align\">                    <h1 class=\"h1\">DINER DE GALA AU BORD DE LA MER<\/h1>\n                <\/div>                            <\/div>\n            \n                    <\/div>\n        \n    <\/div>\n\n<div class=\"portfolio-details-block\">\n    <div class=\"portfolio-details-wrap\">\n    <div class=\"inner\">\n                    \n                <div class=\"portfolio-detail\" data-aos=\"fade-up\" data-aos-offset=\"50\">\n\n                                                                <img decoding=\"async\" data-src=\"https:\/\/sit.com.mt\/wp-content\/uploads\/2020\/01\/flag.svg\" class=\"icon lazyload\" alt=\"\" src=\"data:image\/gif;base64,R0lGODlhAQABAAAAACH5BAEKAAEALAAAAAABAAEAAAICTAEAOw==\" \/>\n                    \n                    <div class=\"type\">TYPE <\/div>\n                    <h3 class=\"data\">LOISIRS <\/h3>\n                    <p class=\"para\"><\/p>\n\n                <\/div>\n            \n                <div class=\"portfolio-detail\" data-aos=\"fade-up\" data-aos-offset=\"50\">\n\n                                                                <img decoding=\"async\" data-src=\"https:\/\/sit.com.mt\/wp-content\/uploads\/2020\/01\/team.svg\" class=\"icon lazyload\" alt=\"\" src=\"data:image\/gif;base64,R0lGODlhAQABAAAAACH5BAEKAAEALAAAAAABAAEAAAICTAEAOw==\" \/>\n                    \n                    <div class=\"type\">NOMBRE DE PARTICIPANTS<\/div>\n                    <h3 class=\"data\">250<\/h3>\n                    <p class=\"para\"><\/p>\n\n                <\/div>\n                        <\/div>\n<\/div><\/div>\n\n<div class=\"portfolio-info-block\">\n    <div class=\"portfolio-info-wrap dark-bg\">\n    <div class=\"inner\">\n                    \n                <div class=\"portfolio-info\" data-aos=\"fade-up\">\n\n                    <h3 class=\"title\">Le D\u00e9fi <\/h3>\n\n                                                                <img decoding=\"async\" data-src=\"https:\/\/sit.com.mt\/wp-content\/uploads\/2020\/01\/tiny-logo.svg\" class=\"icon lazyload\" alt=\"\" src=\"data:image\/gif;base64,R0lGODlhAQABAAAAACH5BAEKAAEALAAAAAABAAEAAAICTAEAOw==\" \/>\n                    \n                    <div class=\"para\"><p>Organiser un d\u00eener de gala en bord de mer dans un lieu exclusif et historique , \u00e0 15 minutes maximum de distance de l&rsquo;h\u00f4tel situ\u00e9 \u00e0 La Valette et devant surprendre tous les participants.<\/p>\n<\/div>\n\n                                                        <\/div>\n\n            \n                <div class=\"portfolio-info\" data-aos=\"fade-up\">\n\n                    <h3 class=\"title\">Notre Solution<\/h3>\n\n                                                                <img decoding=\"async\" data-src=\"https:\/\/sit.com.mt\/wp-content\/uploads\/2020\/01\/tiny-logo.svg\" class=\"icon lazyload\" alt=\"\" src=\"data:image\/gif;base64,R0lGODlhAQABAAAAACH5BAEKAAEALAAAAAABAAEAAAICTAEAOw==\" \/>\n                    \n                    <div class=\"para\"><p>Nous avons privatis\u00e9 les forts de l&rsquo;\u00eele Manoel dans le port juste en face de la capitale La Valette et de l&rsquo;h\u00f4tel o\u00f9 nos clients s\u00e9journaient.<br \/>\nComme moyen de transport, nous avons organis\u00e9 une croisi\u00e8re dans le port  \u00e0 bord de go\u00e9lettes turques qui ont pris les invit\u00e9s directement sur la jet\u00e9e de l&rsquo;h\u00f4tel et au cours de laquelle un ap\u00e9ritif leur a \u00e9t\u00e9 servi.<br \/>\nLes d\u00e9l\u00e9gu\u00e9s ont d\u00e9barqu\u00e9 dans un endroit o\u00f9 ils n&rsquo;ont pas pu d\u00e9couvrir imm\u00e9diatement le lieu. Cela a cr\u00e9\u00e9 un effet WAOUH  encore plus grand.<br \/>\nUn \u00e9cran avec le logo de l&rsquo;entreprise et des informations a \u00e9t\u00e9 affich\u00e9 et diff\u00e9rents divertissements ont \u00e9t\u00e9 organis\u00e9s tout au long de la soir\u00e9e, y compris des danseurs, un DJ, un avaleur d&rsquo;\u00e9p\u00e9e, un cracheur de feu, etc.. La derni\u00e8re surprise fut un feu d&rsquo;artifice exclusif lanc\u00e9 sur le port.<\/p>\n<\/div>\n\n                                                        <\/div>\n\n            \n                <div class=\"portfolio-info\" data-aos=\"fade-up\">\n\n                    <h3 class=\"title\">Le r\u00e9sultat <\/h3>\n\n                                                                <img decoding=\"async\" data-src=\"https:\/\/sit.com.mt\/wp-content\/uploads\/2020\/01\/tiny-logo.svg\" class=\"icon lazyload\" alt=\"\" src=\"data:image\/gif;base64,R0lGODlhAQABAAAAACH5BAEKAAEALAAAAAABAAEAAAICTAEAOw==\" \/>\n                    \n                    <div class=\"para\"><p>Une grande et somptueuse soir\u00e9e qui restera dans les m\u00e9moires de tous les participants.<\/p>\n<\/div>\n\n                                                        <\/div>\n\n                        <\/div>\n<\/div><\/div>\n\n<div class=\"more-portfolio-block\">\n    <div class=\"more-portfolio-wrap\">\n\n        <h2 class=\"h2\" data-aos=\"fade-up\"> En d\u00e9couvrir plus<\/h2>\n        <h4 class=\"h4\" data-aos=\"fade-up\"><\/h4>\n        <span class=\"full-arrow is-bottom long\" data-aos=\"fade-down\"><\/span>\n\n        <div class=\"light-bg\">\n            <div class=\"inner\">\n                \n                <div class=\"slider-container negative-padding\" data-aos=\"fade-up\">\n                    <div class=\"more-portfolios-slider\">\n                    \n                        \n                            <div>\n                                <a href=\"https:\/\/sit.com.mt\/fr\/portfolio\/post-covid-group\/\" class=\"portfolio-link\">\n                                    <div class=\"portfolio inline-bg-image lazyload\" style=\"background-image:inherit;\" data-bg-image=\"url(https:\/\/sit.com.mt\/wp-content\/uploads\/2020\/11\/20201009_162157-scaled-e1630075692985.jpg)\">\n    \n                                        <div class=\"narrow-column\">\n                                            <div class=\"v-align\">\n                                                <div class=\"portfolio-title\">Post-Covid Group<\/div>\n                                            <\/div>\n                                        <\/div>\n    \n                                    <\/div>\n                                <\/a>\n                            <\/div>\n\n                        \n                            <div>\n                                <a href=\"https:\/\/sit.com.mt\/fr\/portfolio\/byk-incentive-trip\/\" class=\"portfolio-link\">\n                                    <div class=\"portfolio inline-bg-image lazyload\" style=\"background-image:inherit;\" data-bg-image=\"url(https:\/\/sit.com.mt\/wp-content\/uploads\/2020\/08\/72113654_515779652593991_8674156126125686784_n.jpg)\">\n    \n                                        <div class=\"narrow-column\">\n                                            <div class=\"v-align\">\n                                                <div class=\"portfolio-title\">BYK Incentive Trip<\/div>\n                                            <\/div>\n                                        <\/div>\n    \n                                    <\/div>\n                                <\/a>\n                            <\/div>\n\n                        \n                            <div>\n                                <a href=\"https:\/\/sit.com.mt\/fr\/portfolio\/construire-un-bateau\/\" class=\"portfolio-link\">\n                                    <div class=\"portfolio inline-bg-image lazyload\" style=\"background-image:inherit;\" data-bg-image=\"url(https:\/\/sit.com.mt\/wp-content\/uploads\/2020\/06\/teambuilding-malta.jpg)\">\n    \n                                        <div class=\"narrow-column\">\n                                            <div class=\"v-align\">\n                                                <div class=\"portfolio-title\">CONSTRUIRE UN BATEAU<\/div>\n                                            <\/div>\n                                        <\/div>\n    \n                                    <\/div>\n                                <\/a>\n                            <\/div>\n\n                        \n                            <div>\n                                <a href=\"https:\/\/sit.com.mt\/fr\/portfolio\/salles-de-reunion-en-plein-air\/\" class=\"portfolio-link\">\n                                    <div class=\"portfolio inline-bg-image lazyload\" style=\"background-image:inherit;\" data-bg-image=\"url(https:\/\/sit.com.mt\/wp-content\/uploads\/2020\/06\/IMG_3191-1-scaled-e1591887044394.jpg)\">\n    \n                                        <div class=\"narrow-column\">\n                                            <div class=\"v-align\">\n                                                <div class=\"portfolio-title\">SALLES DE REUNION EN PLEIN AIR<\/div>\n                                            <\/div>\n                                        <\/div>\n    \n                                    <\/div>\n                                <\/a>\n                            <\/div>\n\n                        \n                            <div>\n                                <a href=\"https:\/\/sit.com.mt\/fr\/portfolio\/malte-presidence-europeenne-2017\/\" class=\"portfolio-link\">\n                                    <div class=\"portfolio inline-bg-image lazyload\" style=\"background-image:inherit;\" data-bg-image=\"url(https:\/\/sit.com.mt\/wp-content\/uploads\/2021\/03\/517px-Logo_Maltese_EU_presidency_of_the_Council_of_the_European_Union_2017.svg-e1616440979391.png)\">\n    \n                                        <div class=\"narrow-column\">\n                                            <div class=\"v-align\">\n                                                <div class=\"portfolio-title\">MALTE, PRESIDENCE EUROPEENNE 2017<\/div>\n                                            <\/div>\n                                        <\/div>\n    \n                                    <\/div>\n                                <\/a>\n                            <\/div>\n\n                        \n                            <div>\n                                <a href=\"https:\/\/sit.com.mt\/fr\/portfolio\/diner-de-remise-de-prix-au-sein-dun-fort-historique\/\" class=\"portfolio-link\">\n                                    <div class=\"portfolio inline-bg-image lazyload\" style=\"background-image:inherit;\" data-bg-image=\"url(https:\/\/sit.com.mt\/wp-content\/uploads\/2020\/04\/wine-2373500_1920-min.jpg)\">\n    \n                                        <div class=\"narrow-column\">\n                                            <div class=\"v-align\">\n                                                <div class=\"portfolio-title\">DINER DE REMISE DE PRIX AU SEIN D\u2019UN FORT HISTORIQUE<\/div>\n                                            <\/div>\n                                        <\/div>\n    \n                                    <\/div>\n                                <\/a>\n                            <\/div>\n\n                        \n                    <\/div>\n                    <span class=\"prevBtn\" tabindex=\"1\">\n                        <span class=\"full-arrow is-left white short\"><\/span>\n                    <\/span>\n                    <span class=\"nextBtn\" tabindex=\"1\">\n                        <span class=\"full-arrow is-right white short\"><\/span>\n                    <\/span>\n                <\/div>\n\n                                                    <a href=\"\/fr\/portfolio\" class=\"button\" target=\"\" data-aos=\"fade-up\">VOIR NOTRE PORTFOLIO<\/a>\n                                \n            <\/div>\n        <\/div>\n\n    <\/div>\n    <\/div>","protected":false},"excerpt":{"rendered":"","protected":false},"author":6,"featured_media":3810,"parent":5908,"menu_order":0,"comment_status":"closed","ping_status":"closed","template":"","meta":{"footnotes":""},"categories":[115],"class_list":["post-6113","page","type-page","status-publish","has-post-thumbnail","hentry","category-incentives"],"acf":[],"yoast_head":"<!-- This site is optimized with the Yoast SEO plugin v25.3 - https:\/\/yoast.com\/wordpress\/plugins\/seo\/ -->\n<title>DINER DE GALA AU BORD DE LA MER - SIT Malta<\/title>\n<meta name=\"robots\" content=\"index, follow, max-snippet:-1, max-image-preview:large, max-video-preview:-1\" \/>\n<link rel=\"canonical\" href=\"https:\/\/sit.com.mt\/fr\/portfolio\/diner-de-gala-au-bord-de-la-mer\/\" \/>\n<meta property=\"og:locale\" content=\"fr_FR\" \/>\n<meta property=\"og:type\" content=\"article\" \/>\n<meta property=\"og:title\" content=\"DINER DE GALA AU BORD DE LA MER - SIT Malta\" \/>\n<meta property=\"og:url\" content=\"https:\/\/sit.com.mt\/fr\/portfolio\/diner-de-gala-au-bord-de-la-mer\/\" \/>\n<meta property=\"og:site_name\" content=\"SIT Malta\" \/>\n<meta property=\"article:modified_time\" content=\"2021-08-31T18:25:44+00:00\" \/>\n<meta property=\"og:image\" content=\"https:\/\/sit.com.mt\/wp-content\/uploads\/2020\/07\/IMGP2487-scaled-e1594731913735.jpg\" \/>\n\t<meta property=\"og:image:width\" content=\"2560\" \/>\n\t<meta property=\"og:image:height\" content=\"1536\" \/>\n\t<meta property=\"og:image:type\" content=\"image\/jpeg\" \/>\n<meta name=\"twitter:card\" content=\"summary_large_image\" \/>\n<script type=\"application\/ld+json\" class=\"yoast-schema-graph\">{\"@context\":\"https:\/\/schema.org\",\"@graph\":[{\"@type\":\"WebPage\",\"@id\":\"https:\/\/sit.com.mt\/fr\/portfolio\/diner-de-gala-au-bord-de-la-mer\/\",\"url\":\"https:\/\/sit.com.mt\/fr\/portfolio\/diner-de-gala-au-bord-de-la-mer\/\",\"name\":\"DINER DE GALA AU BORD DE LA MER - SIT Malta\",\"isPartOf\":{\"@id\":\"https:\/\/sit.com.mt\/#website\"},\"primaryImageOfPage\":{\"@id\":\"https:\/\/sit.com.mt\/fr\/portfolio\/diner-de-gala-au-bord-de-la-mer\/#primaryimage\"},\"image\":{\"@id\":\"https:\/\/sit.com.mt\/fr\/portfolio\/diner-de-gala-au-bord-de-la-mer\/#primaryimage\"},\"thumbnailUrl\":\"https:\/\/sit.com.mt\/wp-content\/uploads\/2020\/07\/IMGP2487-scaled-e1594731913735.jpg\",\"datePublished\":\"2020-06-11T15:30:21+00:00\",\"dateModified\":\"2021-08-31T18:25:44+00:00\",\"breadcrumb\":{\"@id\":\"https:\/\/sit.com.mt\/fr\/portfolio\/diner-de-gala-au-bord-de-la-mer\/#breadcrumb\"},\"inLanguage\":\"fr-FR\",\"potentialAction\":[{\"@type\":\"ReadAction\",\"target\":[\"https:\/\/sit.com.mt\/fr\/portfolio\/diner-de-gala-au-bord-de-la-mer\/\"]}]},{\"@type\":\"ImageObject\",\"inLanguage\":\"fr-FR\",\"@id\":\"https:\/\/sit.com.mt\/fr\/portfolio\/diner-de-gala-au-bord-de-la-mer\/#primaryimage\",\"url\":\"https:\/\/sit.com.mt\/wp-content\/uploads\/2020\/07\/IMGP2487-scaled-e1594731913735.jpg\",\"contentUrl\":\"https:\/\/sit.com.mt\/wp-content\/uploads\/2020\/07\/IMGP2487-scaled-e1594731913735.jpg\",\"width\":2560,\"height\":1536},{\"@type\":\"BreadcrumbList\",\"@id\":\"https:\/\/sit.com.mt\/fr\/portfolio\/diner-de-gala-au-bord-de-la-mer\/#breadcrumb\",\"itemListElement\":[{\"@type\":\"ListItem\",\"position\":1,\"name\":\"Home\",\"item\":\"https:\/\/sit.com.mt\/fr\/\"},{\"@type\":\"ListItem\",\"position\":2,\"name\":\"Portfolio\",\"item\":\"https:\/\/sit.com.mt\/fr\/portfolio\/\"},{\"@type\":\"ListItem\",\"position\":3,\"name\":\"DINER DE GALA AU BORD DE LA MER\"}]},{\"@type\":\"WebSite\",\"@id\":\"https:\/\/sit.com.mt\/#website\",\"url\":\"https:\/\/sit.com.mt\/\",\"name\":\"SIT Malta\",\"description\":\"Unique Travel Programs\",\"publisher\":{\"@id\":\"https:\/\/sit.com.mt\/#organization\"},\"potentialAction\":[{\"@type\":\"SearchAction\",\"target\":{\"@type\":\"EntryPoint\",\"urlTemplate\":\"https:\/\/sit.com.mt\/?s={search_term_string}\"},\"query-input\":{\"@type\":\"PropertyValueSpecification\",\"valueRequired\":true,\"valueName\":\"search_term_string\"}}],\"inLanguage\":\"fr-FR\"},{\"@type\":\"Organization\",\"@id\":\"https:\/\/sit.com.mt\/#organization\",\"name\":\"SIT Mailta\",\"url\":\"https:\/\/sit.com.mt\/\",\"logo\":{\"@type\":\"ImageObject\",\"inLanguage\":\"fr-FR\",\"@id\":\"https:\/\/sit.com.mt\/#\/schema\/logo\/image\/\",\"url\":\"https:\/\/sit.com.mt\/wp-content\/uploads\/2020\/01\/main-logo-new.svg\",\"contentUrl\":\"https:\/\/sit.com.mt\/wp-content\/uploads\/2020\/01\/main-logo-new.svg\",\"width\":1,\"height\":1,\"caption\":\"SIT Mailta\"},\"image\":{\"@id\":\"https:\/\/sit.com.mt\/#\/schema\/logo\/image\/\"}}]}<\/script>\n<!-- \/ Yoast SEO plugin. -->","yoast_head_json":{"title":"DINER DE GALA AU BORD DE LA MER - SIT Malta","robots":{"index":"index","follow":"follow","max-snippet":"max-snippet:-1","max-image-preview":"max-image-preview:large","max-video-preview":"max-video-preview:-1"},"canonical":"https:\/\/sit.com.mt\/fr\/portfolio\/diner-de-gala-au-bord-de-la-mer\/","og_locale":"fr_FR","og_type":"article","og_title":"DINER DE GALA AU BORD DE LA MER - SIT Malta","og_url":"https:\/\/sit.com.mt\/fr\/portfolio\/diner-de-gala-au-bord-de-la-mer\/","og_site_name":"SIT Malta","article_modified_time":"2021-08-31T18:25:44+00:00","og_image":[{"width":2560,"height":1536,"url":"https:\/\/sit.com.mt\/wp-content\/uploads\/2020\/07\/IMGP2487-scaled-e1594731913735.jpg","type":"image\/jpeg"}],"twitter_card":"summary_large_image","schema":{"@context":"https:\/\/schema.org","@graph":[{"@type":"WebPage","@id":"https:\/\/sit.com.mt\/fr\/portfolio\/diner-de-gala-au-bord-de-la-mer\/","url":"https:\/\/sit.com.mt\/fr\/portfolio\/diner-de-gala-au-bord-de-la-mer\/","name":"DINER DE GALA AU BORD DE LA MER - SIT Malta","isPartOf":{"@id":"https:\/\/sit.com.mt\/#website"},"primaryImageOfPage":{"@id":"https:\/\/sit.com.mt\/fr\/portfolio\/diner-de-gala-au-bord-de-la-mer\/#primaryimage"},"image":{"@id":"https:\/\/sit.com.mt\/fr\/portfolio\/diner-de-gala-au-bord-de-la-mer\/#primaryimage"},"thumbnailUrl":"https:\/\/sit.com.mt\/wp-content\/uploads\/2020\/07\/IMGP2487-scaled-e1594731913735.jpg","datePublished":"2020-06-11T15:30:21+00:00","dateModified":"2021-08-31T18:25:44+00:00","breadcrumb":{"@id":"https:\/\/sit.com.mt\/fr\/portfolio\/diner-de-gala-au-bord-de-la-mer\/#breadcrumb"},"inLanguage":"fr-FR","potentialAction":[{"@type":"ReadAction","target":["https:\/\/sit.com.mt\/fr\/portfolio\/diner-de-gala-au-bord-de-la-mer\/"]}]},{"@type":"ImageObject","inLanguage":"fr-FR","@id":"https:\/\/sit.com.mt\/fr\/portfolio\/diner-de-gala-au-bord-de-la-mer\/#primaryimage","url":"https:\/\/sit.com.mt\/wp-content\/uploads\/2020\/07\/IMGP2487-scaled-e1594731913735.jpg","contentUrl":"https:\/\/sit.com.mt\/wp-content\/uploads\/2020\/07\/IMGP2487-scaled-e1594731913735.jpg","width":2560,"height":1536},{"@type":"BreadcrumbList","@id":"https:\/\/sit.com.mt\/fr\/portfolio\/diner-de-gala-au-bord-de-la-mer\/#breadcrumb","itemListElement":[{"@type":"ListItem","position":1,"name":"Home","item":"https:\/\/sit.com.mt\/fr\/"},{"@type":"ListItem","position":2,"name":"Portfolio","item":"https:\/\/sit.com.mt\/fr\/portfolio\/"},{"@type":"ListItem","position":3,"name":"DINER DE GALA AU BORD DE LA MER"}]},{"@type":"WebSite","@id":"https:\/\/sit.com.mt\/#website","url":"https:\/\/sit.com.mt\/","name":"SIT Malta","description":"Unique Travel Programs","publisher":{"@id":"https:\/\/sit.com.mt\/#organization"},"potentialAction":[{"@type":"SearchAction","target":{"@type":"EntryPoint","urlTemplate":"https:\/\/sit.com.mt\/?s={search_term_string}"},"query-input":{"@type":"PropertyValueSpecification","valueRequired":true,"valueName":"search_term_string"}}],"inLanguage":"fr-FR"},{"@type":"Organization","@id":"https:\/\/sit.com.mt\/#organization","name":"SIT Mailta","url":"https:\/\/sit.com.mt\/","logo":{"@type":"ImageObject","inLanguage":"fr-FR","@id":"https:\/\/sit.com.mt\/#\/schema\/logo\/image\/","url":"https:\/\/sit.com.mt\/wp-content\/uploads\/2020\/01\/main-logo-new.svg","contentUrl":"https:\/\/sit.com.mt\/wp-content\/uploads\/2020\/01\/main-logo-new.svg","width":1,"height":1,"caption":"SIT Mailta"},"image":{"@id":"https:\/\/sit.com.mt\/#\/schema\/logo\/image\/"}}]}},"_links":{"self":[{"href":"https:\/\/sit.com.mt\/fr\/wp-json\/wp\/v2\/pages\/6113","targetHints":{"allow":["GET"]}}],"collection":[{"href":"https:\/\/sit.com.mt\/fr\/wp-json\/wp\/v2\/pages"}],"about":[{"href":"https:\/\/sit.com.mt\/fr\/wp-json\/wp\/v2\/types\/page"}],"author":[{"embeddable":true,"href":"https:\/\/sit.com.mt\/fr\/wp-json\/wp\/v2\/users\/6"}],"replies":[{"embeddable":true,"href":"https:\/\/sit.com.mt\/fr\/wp-json\/wp\/v2\/comments?post=6113"}],"version-history":[{"count":0,"href":"https:\/\/sit.com.mt\/fr\/wp-json\/wp\/v2\/pages\/6113\/revisions"}],"up":[{"embeddable":true,"href":"https:\/\/sit.com.mt\/fr\/wp-json\/wp\/v2\/pages\/5908"}],"wp:featuredmedia":[{"embeddable":true,"href":"https:\/\/sit.com.mt\/fr\/wp-json\/wp\/v2\/media\/3810"}],"wp:attachment":[{"href":"https:\/\/sit.com.mt\/fr\/wp-json\/wp\/v2\/media?parent=6113"}],"wp:term":[{"taxonomy":"category","embeddable":true,"href":"https:\/\/sit.com.mt\/fr\/wp-json\/wp\/v2\/categories?post=6113"}],"curies":[{"name":"wp","href":"https:\/\/api.w.org\/{rel}","templated":true}]}}