{"id":6223,"date":"2021-02-07T16:18:53","date_gmt":"2021-02-07T16:18:53","guid":{"rendered":"https:\/\/sit.com.mt\/9-reasons-gozo-is-worth-visiting\/wellness-retreat\/"},"modified":"2021-03-24T18:05:31","modified_gmt":"2021-03-24T18:05:31","slug":"wellness-retreat","status":"publish","type":"page","link":"https:\/\/sit.com.mt\/fr\/9-raisons-pour-lesquelles-gozo-vaut-le-detour\/wellness-retreat\/","title":{"rendered":"Wellness Retreat"},"content":{"rendered":"<div class=\"landing-banner-block\">\n    <div class=\"landing-banner-wrap inline-bg-image lazyload\" style=\"background-image:inherit;\" data-bg-image=\"url(https:\/\/sit.com.mt\/wp-content\/uploads\/2021\/02\/girl-4981766_1280.jpg)\">\n        \n            <div class=\"content-box\" data-aos=\"fade-up\">\n                                    <h1 class=\"h1\">Bien-\u00eatre<\/h1>\n                                                    <p class=\"para\">Invest in the active pursuit of activities and choices that lead you to a state of holistic health and a higher sense of purpose.<\/p>\n                            <\/div>\n            \n                    <\/div>\n        \n    <\/div>\n\n<div class=\"image-desc-large-blocks-block\">\n    <div class=\"image-desc-large-blocks-wrap\">\n            <div class=\"img-desc-large-box\" data-aos=\"fade-up\" tabindex=\"1\">\n\n                        <div class=\"img inline-bg-image lazyload\" role=\"img\" aria-label=\"\" style=\"background-image:inherit;\" data-bg-image=\"url(https:\/\/sit.com.mt\/wp-content\/uploads\/2021\/02\/katherine-hanlon-mod2s3-qFOc-unsplash-scaled.jpg)\"><\/div>\n\n            <div class=\"block-title\">\n                <div class=\"v-align\">\n                    <div class=\"title\">Traitements Ayurveda <\/div>\n                <\/div>\n            <\/div>\n\n            <div class=\"block-content\">\n                <div class=\"title\">Traitements Ayurveda <\/div>\n                <div class=\"para\"><p><span style=\"font-weight: 400;\">Le bien-\u00eatre physique et mental est extr\u00eamement important pour un mode de vie sain. En fait, nous connaissons l\u2019endroit ideal pour vous d\u00e9tendre et avoir une vision plus positive de la vie gr\u00e2ce \u00e0 un programme de bien-\u00eatre incroyable utilisant des traitements ayurv\u00e9diques. L\u2019Ayurveda utilise d\u2019anciennes techniques de gu\u00e9rison compos\u00e9es d\u2019herbes et d\u2019huiles m\u00e9dicinales, et pour vous aider \u00e0 choisir le bon traitement; vous aurez d\u2019abord une consultation avec le m\u00e9decin ayurv\u00e9dique afin qu\u2019il puisse vous conseiller sur la meilleure th\u00e9rapie traditionnelle indienne pour vos besoins sp\u00e9cifiques. Massages; traitements; th\u00e9rapies et rem\u00e8des holistiques; vous le nommez, ils l\u2019ont! Vous pouvez m\u00eame r\u00e9server des forfaits d\u2019une journ\u00e9e ou toute une retraite autour du bien-\u00eatre.<\/span><\/p>\n<\/div>\n            <\/div>\n\n        <\/div>\n            <div class=\"img-desc-large-box\" data-aos=\"fade-up\" tabindex=\"1\">\n\n                        <div class=\"img inline-bg-image lazyload\" role=\"img\" aria-label=\"Fanal\" style=\"background-image:inherit;\" data-bg-image=\"url(https:\/\/sit.com.mt\/wp-content\/uploads\/2020\/01\/gozo-3105847_1920-min.jpg)\"><\/div>\n\n            <div class=\"block-title\">\n                <div class=\"v-align\">\n                    <div class=\"title\">Retraite de bien-\u00eatre<\/div>\n                <\/div>\n            <\/div>\n\n            <div class=\"block-content\">\n                <div class=\"title\">Retraite de bien-\u00eatre<\/div>\n                <div class=\"para\"><p><span style=\"font-weight: 400;\">Quelle meilleure fa\u00e7on d\u2019aider votre corps, votre esprit et votre \u00e2me \u00e0 rajeunir, \u00e0 se d\u00e9tendre, \u00e0 se d\u00e9barrasser de ses toxines et \u00e0 l\u2019aider \u00e0 trouver son \u00e9quilibre, puis une retraite de sant\u00e9 et de bien-\u00eatre dans une oasis de verdure tranquille \u00e0 Gozo? Cette oasis verte propose une gamme de soins SPA et de bien-\u00eatre ainsi que les traitements ayurv\u00e9diques tranditionnels indiens qui comprennent \u00e9galement des th\u00e9rapies et des cures holistiques. Des cours de yoga, de la pleine conscience, des plats et des collations sains, etc. peuvent faire partie de votre retraite de bien-\u00eatre incroyablement bien m\u00e9rit\u00e9e et bien n\u00e9cessaire.<\/span><\/p>\n<\/div>\n            <\/div>\n\n        <\/div>\n            <div class=\"img-desc-large-box\" data-aos=\"fade-up\" tabindex=\"1\">\n\n                        <div class=\"img inline-bg-image lazyload\" role=\"img\" aria-label=\"\" style=\"background-image:inherit;\" data-bg-image=\"url(https:\/\/sit.com.mt\/wp-content\/uploads\/2020\/11\/IMG_9480-scaled.jpg)\"><\/div>\n\n            <div class=\"block-title\">\n                <div class=\"v-align\">\n                    <div class=\"title\">Yoga<\/div>\n                <\/div>\n            <\/div>\n\n            <div class=\"block-content\">\n                <div class=\"title\">Yoga<\/div>\n                <div class=\"para\"><p><span style=\"font-weight: 400;\">Commencez ou terminez la journ\u00e9e en saluant le soleil avec un cours de yoga dans un excellent emplacement. Cela peut \u00eatre dans un jardin impressionnant, dans un endroit \u00e0 couper le souffle au bord de la mer ou sur un SUP dans la mer. La plupart des postures de yoga, telles que \u2018l\u2019\u00e9tirement de l\u2019ouest\u2019, \u2018la posture du chat\u2019, \u2018la posture de l\u2019enfant\u2019, \u2018la posture du chien t\u00eate en bas\u2019 et bien d\u2019autres sont tr\u00e8s b\u00e9n\u00e9fiques pour votre dos et votre corps car elles vous aident \u00e0 am\u00e9liorer votre posture et a vous soulager d\u2019une certaine douleur. Alors pourquoi ne pas l\u2019essayer par vous-m\u00eame? Contactez-nous pour plus d\u2019informations.<\/span><\/p>\n<\/div>\n            <\/div>\n\n        <\/div>\n            <div class=\"img-desc-large-box\" data-aos=\"fade-up\" tabindex=\"1\">\n\n                        <div class=\"img inline-bg-image lazyload\" role=\"img\" aria-label=\"\" style=\"background-image:inherit;\" data-bg-image=\"url(https:\/\/sit.com.mt\/wp-content\/uploads\/2021\/02\/nature-3289812_640.jpg)\"><\/div>\n\n            <div class=\"block-title\">\n                <div class=\"v-align\">\n                    <div class=\"title\">Durabilit\u00e9<\/div>\n                <\/div>\n            <\/div>\n\n            <div class=\"block-content\">\n                <div class=\"title\">Durabilit\u00e9<\/div>\n                <div class=\"para\"><p><span style=\"font-weight: 400;\">La durabilit\u00e9 est la cl\u00e9 d\u2019un avenir meilleur, un avenir qui nous aidera \u00e0 pr\u00e9server l\u2019environnement et permettra aux g\u00e9n\u00e9rations futures de se pr\u00e9lasser encore dans la beaut\u00e9. Les \u00eeles maltaises offrent de nombreuses opportunit\u00e9s d\u2019activit\u00e9s durables car vous pouvez planter des arbres, aider \u00e0 nettoyer l\u2019environnement, aider les habitants avec leurs produits, et bien plus encore. Cela vous aidera \u00e9galement \u00e0 devenir plus harmonieux avec vous-m\u00eame et l\u2019environnement qui vous entoure, car l\u2019exposition \u00e0 l\u2019ext\u00e9rieur vous incitera \u00e0 faire du yoga ou de la m\u00e9ditation, augmentant notre bien-\u00eatre mental et physique.<\/span><\/p>\n<\/div>\n            <\/div>\n\n        <\/div>\n            <div class=\"img-desc-large-box\" data-aos=\"fade-up\" tabindex=\"1\">\n\n                        <div class=\"img inline-bg-image lazyload\" role=\"img\" aria-label=\"people preparing to the tree planting\" style=\"background-image:inherit;\" data-bg-image=\"url(https:\/\/sit.com.mt\/wp-content\/uploads\/2019\/12\/incentives-1.png)\"><\/div>\n\n            <div class=\"block-title\">\n                <div class=\"v-align\">\n                    <div class=\"title\">Activit\u00e9s RSE \/ Plantation d\u2019arbres<\/div>\n                <\/div>\n            <\/div>\n\n            <div class=\"block-content\">\n                <div class=\"title\">Activit\u00e9s RSE \/ Plantation d\u2019arbres<\/div>\n                <div class=\"para\"><p><span style=\"font-weight: 400;\">Souhaitez-vous faire partie d\u2019un \u00e9v\u00e9nement qui change le monde et qui aide \u00e0 laisser votre empreinte sur nos \u00eeles pour toujours? Nous pouvons vous aider \u00e0 y parvenir! \u00c0 Malte, il existe une organisation dont l\u2019objectif est de &lt;&lt;semer et planter un million d\u2019arbres et d\u2019arbustes du g\u00e9notype indig\u00e8ne et de r\u00e9habiliter les r\u00e9serves \u00e9cologiques, les terres publiques et les terres priv\u00e9es&gt;&gt;. Quoi de mieux que de les aider \u00e0 y parvenir en acceptant leur offre et en aidant \u00e0 pr\u00e9parer des pots, \u00e0 semer des graines et \u00e0 planter des arbres seuls ou en groupe? Ils vous offrent \u00e9galement l\u2019opportunit\u00e9 d\u2019aider \u00e0 identifier et pr\u00e9parer le terrain pour le boisement en nettoyant les d\u00e9chets, en \u00e9radiquant et en surveillant les esp\u00e8ces exotiques, ce qui conduira ensuite \u00e0 la plantation d\u2019arbres!<\/span><\/p>\n<\/div>\n            <\/div>\n\n        <\/div>\n            <div class=\"img-desc-large-box\" data-aos=\"fade-up\" tabindex=\"1\">\n\n                        <div class=\"img inline-bg-image lazyload\" role=\"img\" aria-label=\"\" style=\"background-image:inherit;\" data-bg-image=\"url(https:\/\/sit.com.mt\/wp-content\/uploads\/2021\/02\/ocean-cleanup-group-EPPS6W5LdXs-unsplash-scaled.jpg)\"><\/div>\n\n            <div class=\"block-title\">\n                <div class=\"v-align\">\n                    <div class=\"title\">Nettoyage environnemental (terres et plages)<\/div>\n                <\/div>\n            <\/div>\n\n            <div class=\"block-content\">\n                <div class=\"title\">Nettoyage environnemental (terres et plages)<\/div>\n                <div class=\"para\"><p><span style=\"font-weight: 400;\">Quoi de mieux que d\u2019aider l\u2019environnement et de sauver la nature avec fiert\u00e9? Notre environnement est tr\u00e8s important car c\u2019est l\u2019\u00e9cologie dans laquelle nous vivons. Nous n\u2019en avons qu\u2019un et nous devons en prendre soin afin de la pr\u00e9server pour les g\u00e9n\u00e9rations futures.<\/span><\/p>\n<p><span style=\"font-weight: 400;\">Rejoignez les diff\u00e9rents nettoyages de Malte et de Gozo, y compris les murs de gravats, les jardins, les espaces publics, les plages et autres, et faites votre part pour sauver l\u2019environnement, ce qui, nous vous assurons, vous fera vous sentir heureux et satisfait!<\/span><\/p>\n<\/div>\n            <\/div>\n\n        <\/div>\n            <div class=\"img-desc-large-box\" data-aos=\"fade-up\" tabindex=\"1\">\n\n                        <div class=\"img inline-bg-image lazyload\" role=\"img\" aria-label=\"\" style=\"background-image:inherit;\" data-bg-image=\"url(https:\/\/sit.com.mt\/wp-content\/uploads\/2021\/02\/Sea-Salt-Collection-1-scaled.jpg)\"><\/div>\n\n            <div class=\"block-title\">\n                <div class=\"v-align\">\n                    <div class=\"title\">R\u00e9colte du sel de mer<\/div>\n                <\/div>\n            <\/div>\n\n            <div class=\"block-content\">\n                <div class=\"title\">R\u00e9colte du sel de mer<\/div>\n                <div class=\"para\"><p><span style=\"font-weight: 400;\">Red\u00e9couvrez l\u2019un des m\u00e9tiers les plus authentiques et les plus caract\u00e9ristiques en vous plongest dans la r\u00e9colte du sel de mer. Aux marais salants de Xwejni \u00e0 Gozo, entour\u00e9s d\u2019un panorama qui semble sortir d\u2019un tableau, vous avez l\u2019occasion de voir et d\u2019essayer de vos propres mains comment la r\u00e9colte du sel de mer se fait de la mani\u00e8re la plus traditionnelle et la plus authentique. La r\u00e9colte du sel de mer peut \u00eatre non seulement une exp\u00e9rience culturelle, mais aussi une activit\u00e9 enrichissante et amusante pour les familles et les groups. En plus d\u2019aider les habitants \u00e0 collecter le sel, vous repartirez avec du sel emball\u00e9 en guise de cadeau de remarciement.<\/span><\/p>\n<\/div>\n            <\/div>\n\n        <\/div>\n    <\/div><\/div>\n\n<div class=\"tsdb-block\">\n    <div class=\"tsdb-wrap grey-bg includes-bg-text \">\n            <div class=\"inner\">\n\n                                \n                                \n                                \n                                                    <a href=\"\/fr\/contact\/\" class=\"button\" target=\"\" data-aos=\"fade-up\">Contact us<\/a>\n                                \n                \n            <\/div>\n\n                            <div class=\"bg-text\" data-aos=\"fade-up\">Luxury<\/div>\n                    <\/div>\n    \n    <\/div>\n\n<div class=\"more-services-block\">\n    <div class=\"more-services-wrap\">\n        <div class=\"inner clearfix\">\n\n            <div class=\"left\">\n                <div class=\"v-align\">\n                    <div data-aos=\"fade-right\">\n                        <h2 class=\"h2\">Vous pourriez aussi \u00eatre int\u00e9ress\u00e9 par<\/h2>\n                        <h4 class=\"h4\">NOUS OFFRONS TOUJOURS                            <span class=\"full-arrow is-right no-margin long\"><\/span>\n                        <\/h4>\n\n                                                                            <a href=\"\/fr\/services\/\" class=\"button hide-m\" target=\"\">VOIR TOUS NOS SERVICES<\/a>\n                                            <\/div>\n                <\/div>\n            <\/div>\n\n            <div class=\"right services\">\n                                    \n                                                \n                        \n                        \n                            \n                            <a href=\"https:\/\/sit.com.mt\/services\/special-interest-groups\/\" class=\"link-wrap\" data-aos=\"fade-up\" data-aos-offset=\"50\">\n                                <div class=\"service inline-bg-image lazyload\" style=\"background-image:inherit;\" data-bg-image=\"url(https:\/\/sit.com.mt\/wp-content\/uploads\/2020\/05\/bg-change-otherleisure-scaled.jpg)\">\n\n                                    <div class=\"narrow-column\">\n                                        <div class=\"v-align\">\n                                            <div class=\"service-title\">Special Interest Groups<\/div>\n                                        <\/div>\n                                    <\/div>\n\n                                <\/div>\n                            <\/a>\n\n                        \n                    \n                                                \n                        \n                        \n                                                <\/div>\n\n                                        <a href=\"\/fr\/services\/\" class=\"button hide-d\" target=\"\" data-aos=\"fade-up\">VOIR TOUS NOS SERVICES<\/a>\n                    <\/div>\n    <\/div>\n\n    <\/div>","protected":false},"excerpt":{"rendered":"<p>SIT brings experience and expertise in all aspects of staging the perfect event &#8211; from an initial tailor made proposal, incentive programme to management and co-ordination of all aspects \u2013 we make it happen!<\/p>\n","protected":false},"author":6,"featured_media":0,"parent":5949,"menu_order":0,"comment_status":"closed","ping_status":"closed","template":"","meta":{"footnotes":""},"categories":[82],"class_list":["post-6223","page","type-page","status-publish","hentry","category-services"],"acf":[],"yoast_head":"<!-- This site is optimized with the Yoast SEO plugin v25.3 - https:\/\/yoast.com\/wordpress\/plugins\/seo\/ -->\n<title>Wellness Retreat on Malta &amp; Gozo | SIT Malta<\/title>\n<meta name=\"robots\" content=\"index, follow, max-snippet:-1, max-image-preview:large, max-video-preview:-1\" \/>\n<link rel=\"canonical\" href=\"https:\/\/sit.com.mt\/fr\/9-raisons-pour-lesquelles-gozo-vaut-le-detour\/wellness-retreat\/\" \/>\n<meta property=\"og:locale\" content=\"fr_FR\" \/>\n<meta property=\"og:type\" content=\"article\" \/>\n<meta property=\"og:title\" content=\"Wellness Retreat on Malta &amp; Gozo | SIT Malta\" \/>\n<meta property=\"og:description\" content=\"SIT brings experience and expertise in all aspects of staging the perfect event - from an initial tailor made proposal, incentive programme to management and co-ordination of all aspects \u2013 we make it happen!\" \/>\n<meta property=\"og:url\" content=\"https:\/\/sit.com.mt\/fr\/9-raisons-pour-lesquelles-gozo-vaut-le-detour\/wellness-retreat\/\" \/>\n<meta property=\"og:site_name\" content=\"SIT Malta\" \/>\n<meta property=\"article:modified_time\" content=\"2021-03-24T18:05:31+00:00\" \/>\n<meta name=\"twitter:card\" content=\"summary_large_image\" \/>\n<script type=\"application\/ld+json\" class=\"yoast-schema-graph\">{\"@context\":\"https:\/\/schema.org\",\"@graph\":[{\"@type\":\"WebPage\",\"@id\":\"https:\/\/sit.com.mt\/fr\/9-raisons-pour-lesquelles-gozo-vaut-le-detour\/wellness-retreat\/\",\"url\":\"https:\/\/sit.com.mt\/fr\/9-raisons-pour-lesquelles-gozo-vaut-le-detour\/wellness-retreat\/\",\"name\":\"Wellness Retreat on Malta & Gozo | SIT Malta\",\"isPartOf\":{\"@id\":\"https:\/\/sit.com.mt\/#website\"},\"datePublished\":\"2021-02-07T16:18:53+00:00\",\"dateModified\":\"2021-03-24T18:05:31+00:00\",\"breadcrumb\":{\"@id\":\"https:\/\/sit.com.mt\/fr\/9-raisons-pour-lesquelles-gozo-vaut-le-detour\/wellness-retreat\/#breadcrumb\"},\"inLanguage\":\"fr-FR\",\"potentialAction\":[{\"@type\":\"ReadAction\",\"target\":[\"https:\/\/sit.com.mt\/fr\/9-raisons-pour-lesquelles-gozo-vaut-le-detour\/wellness-retreat\/\"]}]},{\"@type\":\"BreadcrumbList\",\"@id\":\"https:\/\/sit.com.mt\/fr\/9-raisons-pour-lesquelles-gozo-vaut-le-detour\/wellness-retreat\/#breadcrumb\",\"itemListElement\":[{\"@type\":\"ListItem\",\"position\":1,\"name\":\"Home\",\"item\":\"https:\/\/sit.com.mt\/fr\/\"},{\"@type\":\"ListItem\",\"position\":2,\"name\":\"Gozo\",\"item\":\"https:\/\/sit.com.mt\/fr\/9-raisons-pour-lesquelles-gozo-vaut-le-detour\/\"},{\"@type\":\"ListItem\",\"position\":3,\"name\":\"Wellness Retreat\"}]},{\"@type\":\"WebSite\",\"@id\":\"https:\/\/sit.com.mt\/#website\",\"url\":\"https:\/\/sit.com.mt\/\",\"name\":\"SIT Malta\",\"description\":\"Unique Travel Programs\",\"publisher\":{\"@id\":\"https:\/\/sit.com.mt\/#organization\"},\"potentialAction\":[{\"@type\":\"SearchAction\",\"target\":{\"@type\":\"EntryPoint\",\"urlTemplate\":\"https:\/\/sit.com.mt\/?s={search_term_string}\"},\"query-input\":{\"@type\":\"PropertyValueSpecification\",\"valueRequired\":true,\"valueName\":\"search_term_string\"}}],\"inLanguage\":\"fr-FR\"},{\"@type\":\"Organization\",\"@id\":\"https:\/\/sit.com.mt\/#organization\",\"name\":\"SIT Mailta\",\"url\":\"https:\/\/sit.com.mt\/\",\"logo\":{\"@type\":\"ImageObject\",\"inLanguage\":\"fr-FR\",\"@id\":\"https:\/\/sit.com.mt\/#\/schema\/logo\/image\/\",\"url\":\"https:\/\/sit.com.mt\/wp-content\/uploads\/2020\/01\/main-logo-new.svg\",\"contentUrl\":\"https:\/\/sit.com.mt\/wp-content\/uploads\/2020\/01\/main-logo-new.svg\",\"width\":1,\"height\":1,\"caption\":\"SIT Mailta\"},\"image\":{\"@id\":\"https:\/\/sit.com.mt\/#\/schema\/logo\/image\/\"}}]}<\/script>\n<!-- \/ Yoast SEO plugin. -->","yoast_head_json":{"title":"Wellness Retreat on Malta & Gozo | SIT Malta","robots":{"index":"index","follow":"follow","max-snippet":"max-snippet:-1","max-image-preview":"max-image-preview:large","max-video-preview":"max-video-preview:-1"},"canonical":"https:\/\/sit.com.mt\/fr\/9-raisons-pour-lesquelles-gozo-vaut-le-detour\/wellness-retreat\/","og_locale":"fr_FR","og_type":"article","og_title":"Wellness Retreat on Malta & Gozo | SIT Malta","og_description":"SIT brings experience and expertise in all aspects of staging the perfect event - from an initial tailor made proposal, incentive programme to management and co-ordination of all aspects \u2013 we make it happen!","og_url":"https:\/\/sit.com.mt\/fr\/9-raisons-pour-lesquelles-gozo-vaut-le-detour\/wellness-retreat\/","og_site_name":"SIT Malta","article_modified_time":"2021-03-24T18:05:31+00:00","twitter_card":"summary_large_image","schema":{"@context":"https:\/\/schema.org","@graph":[{"@type":"WebPage","@id":"https:\/\/sit.com.mt\/fr\/9-raisons-pour-lesquelles-gozo-vaut-le-detour\/wellness-retreat\/","url":"https:\/\/sit.com.mt\/fr\/9-raisons-pour-lesquelles-gozo-vaut-le-detour\/wellness-retreat\/","name":"Wellness Retreat on Malta & Gozo | SIT Malta","isPartOf":{"@id":"https:\/\/sit.com.mt\/#website"},"datePublished":"2021-02-07T16:18:53+00:00","dateModified":"2021-03-24T18:05:31+00:00","breadcrumb":{"@id":"https:\/\/sit.com.mt\/fr\/9-raisons-pour-lesquelles-gozo-vaut-le-detour\/wellness-retreat\/#breadcrumb"},"inLanguage":"fr-FR","potentialAction":[{"@type":"ReadAction","target":["https:\/\/sit.com.mt\/fr\/9-raisons-pour-lesquelles-gozo-vaut-le-detour\/wellness-retreat\/"]}]},{"@type":"BreadcrumbList","@id":"https:\/\/sit.com.mt\/fr\/9-raisons-pour-lesquelles-gozo-vaut-le-detour\/wellness-retreat\/#breadcrumb","itemListElement":[{"@type":"ListItem","position":1,"name":"Home","item":"https:\/\/sit.com.mt\/fr\/"},{"@type":"ListItem","position":2,"name":"Gozo","item":"https:\/\/sit.com.mt\/fr\/9-raisons-pour-lesquelles-gozo-vaut-le-detour\/"},{"@type":"ListItem","position":3,"name":"Wellness Retreat"}]},{"@type":"WebSite","@id":"https:\/\/sit.com.mt\/#website","url":"https:\/\/sit.com.mt\/","name":"SIT Malta","description":"Unique Travel Programs","publisher":{"@id":"https:\/\/sit.com.mt\/#organization"},"potentialAction":[{"@type":"SearchAction","target":{"@type":"EntryPoint","urlTemplate":"https:\/\/sit.com.mt\/?s={search_term_string}"},"query-input":{"@type":"PropertyValueSpecification","valueRequired":true,"valueName":"search_term_string"}}],"inLanguage":"fr-FR"},{"@type":"Organization","@id":"https:\/\/sit.com.mt\/#organization","name":"SIT Mailta","url":"https:\/\/sit.com.mt\/","logo":{"@type":"ImageObject","inLanguage":"fr-FR","@id":"https:\/\/sit.com.mt\/#\/schema\/logo\/image\/","url":"https:\/\/sit.com.mt\/wp-content\/uploads\/2020\/01\/main-logo-new.svg","contentUrl":"https:\/\/sit.com.mt\/wp-content\/uploads\/2020\/01\/main-logo-new.svg","width":1,"height":1,"caption":"SIT Mailta"},"image":{"@id":"https:\/\/sit.com.mt\/#\/schema\/logo\/image\/"}}]}},"_links":{"self":[{"href":"https:\/\/sit.com.mt\/fr\/wp-json\/wp\/v2\/pages\/6223","targetHints":{"allow":["GET"]}}],"collection":[{"href":"https:\/\/sit.com.mt\/fr\/wp-json\/wp\/v2\/pages"}],"about":[{"href":"https:\/\/sit.com.mt\/fr\/wp-json\/wp\/v2\/types\/page"}],"author":[{"embeddable":true,"href":"https:\/\/sit.com.mt\/fr\/wp-json\/wp\/v2\/users\/6"}],"replies":[{"embeddable":true,"href":"https:\/\/sit.com.mt\/fr\/wp-json\/wp\/v2\/comments?post=6223"}],"version-history":[{"count":0,"href":"https:\/\/sit.com.mt\/fr\/wp-json\/wp\/v2\/pages\/6223\/revisions"}],"up":[{"embeddable":true,"href":"https:\/\/sit.com.mt\/fr\/wp-json\/wp\/v2\/pages\/5949"}],"wp:attachment":[{"href":"https:\/\/sit.com.mt\/fr\/wp-json\/wp\/v2\/media?parent=6223"}],"wp:term":[{"taxonomy":"category","embeddable":true,"href":"https:\/\/sit.com.mt\/fr\/wp-json\/wp\/v2\/categories?post=6223"}],"curies":[{"name":"wp","href":"https:\/\/api.w.org\/{rel}","templated":true}]}}