{"id":6936,"date":"2021-02-07T12:24:03","date_gmt":"2021-02-07T12:24:03","guid":{"rendered":"https:\/\/sit.com.mt\/services\/luxury-travel\/"},"modified":"2021-10-31T09:25:01","modified_gmt":"2021-10-31T09:25:01","slug":"voyages-de-luxe","status":"publish","type":"page","link":"https:\/\/sit.com.mt\/fr\/services\/voyages-de-luxe\/","title":{"rendered":"Voyages De Luxe"},"content":{"rendered":"<div class=\"landing-banner-block\">\n    <div class=\"landing-banner-wrap inline-bg-image lazyload\" style=\"background-image:inherit;\" data-bg-image=\"url(https:\/\/sit.com.mt\/wp-content\/uploads\/2021\/02\/marina-boats-4718543_1280.jpg)\">\n        \n            <div class=\"content-box\" data-aos=\"fade-up\">\n                                    <h1 class=\"h1\">Voyages De Luxe<\/h1>\n                                                    <p class=\"para\">Le voyage de luxe est en constante \u00e9volution. Chez SIT, nous savons nous adapter et avons soif d&rsquo;innovation et d&rsquo;originalit\u00e9. Nous sommes des experts dans la conception et la r\u00e9alisation d&rsquo;exp\u00e9riences m\u00e9morables.\r\n<\/p>\n                            <\/div>\n            \n                    <\/div>\n        \n    <\/div>\n\n<div class=\"image-desc-large-blocks-block\">\n    <div class=\"image-desc-large-blocks-wrap\">\n            <div class=\"img-desc-large-box\" data-aos=\"fade-up\" tabindex=\"1\">\n\n                        <div class=\"img inline-bg-image lazyload\" role=\"img\" aria-label=\"\" style=\"background-image:inherit;\" data-bg-image=\"url(https:\/\/sit.com.mt\/wp-content\/uploads\/2021\/03\/164495845_744572432892396_7078695853249743080_n.jpg)\"><\/div>\n\n            <div class=\"block-title\">\n                <div class=\"v-align\">\n                    <div class=\"title\">EXPERIENCE AROMATIQUE EXCLUSIVE<\/div>\n                <\/div>\n            <\/div>\n\n            <div class=\"block-content\">\n                <div class=\"title\">EXPERIENCE AROMATIQUE EXCLUSIVE<\/div>\n                <div class=\"para\"><p>Apprenez l\u2019histoire et les techniques de l\u2019art du parfumeur dans un atelier de renomm\u00e9e maltaise!<\/p>\n<p>&nbsp;<\/p>\n<p>Quelle meilleure fa\u00e7on d&rsquo;exprimer votre personnalit\u00e9 qu&rsquo;en cr\u00e9ant votre propre parfum? Une formule unique que vous garderez avec vous! Pr\u00e9parez-vous pour un v\u00e9ritable voyage sensoriel ! Profitez d&rsquo;une activit\u00e9 accompagn\u00e9e d&rsquo;un expert en parfums qui vous d\u00e9voilera la magie de cet art d\u00e9licat.<\/p>\n<\/div>\n            <\/div>\n\n        <\/div>\n            <div class=\"img-desc-large-box\" data-aos=\"fade-up\" tabindex=\"1\">\n\n                        <div class=\"img inline-bg-image lazyload\" role=\"img\" aria-label=\"\" style=\"background-image:inherit;\" data-bg-image=\"url(https:\/\/sit.com.mt\/wp-content\/uploads\/2020\/07\/1.jpg)\"><\/div>\n\n            <div class=\"block-title\">\n                <div class=\"v-align\">\n                    <div class=\"title\">SERVICES DE CHAUFFEUR EXECUTIF<\/div>\n                <\/div>\n            <\/div>\n\n            <div class=\"block-content\">\n                <div class=\"title\">SERVICES DE CHAUFFEUR EXECUTIF<\/div>\n                <div class=\"para\"><p>Nous offrons un service de chauffeur priv\u00e9 haut de gamme exclusif et personnalis\u00e9 avec des chauffeurs professionnels styl\u00e9s et toujours pr\u00eats \u00e0 vous accueillir avec le sourire.<\/p>\n<\/div>\n            <\/div>\n\n        <\/div>\n            <div class=\"img-desc-large-box\" data-aos=\"fade-up\" tabindex=\"1\">\n\n                        <div class=\"img inline-bg-image lazyload\" role=\"img\" aria-label=\"\" style=\"background-image:inherit;\" data-bg-image=\"url(https:\/\/sit.com.mt\/wp-content\/uploads\/2020\/07\/3.jpg)\"><\/div>\n\n            <div class=\"block-title\">\n                <div class=\"v-align\">\n                    <div class=\"title\">VOITURES ANCIENNES AVEC ESCORTE DE POLICE <\/div>\n                <\/div>\n            <\/div>\n\n            <div class=\"block-content\">\n                <div class=\"title\">VOITURES ANCIENNES AVEC ESCORTE DE POLICE <\/div>\n                <div class=\"para\"><p>Admirez Malte avec style \u00e0 bord des l\u00e9gendaires et fascinantes voitures anciennes tout en provoquant l&rsquo;admiration des passants dans les rues de Malte!<\/p>\n<p>&nbsp;<\/p>\n<\/div>\n            <\/div>\n\n        <\/div>\n            <div class=\"img-desc-large-box\" data-aos=\"fade-up\" tabindex=\"1\">\n\n                        <div class=\"img inline-bg-image lazyload\" role=\"img\" aria-label=\"\" style=\"background-image:inherit;\" data-bg-image=\"url(https:\/\/sit.com.mt\/wp-content\/uploads\/2021\/03\/lux-charters-1f1UtJIjkTs-unsplash-scaled.jpg)\"><\/div>\n\n            <div class=\"block-title\">\n                <div class=\"v-align\">\n                    <div class=\"title\">YACHTS DE LUXE<\/div>\n                <\/div>\n            <\/div>\n\n            <div class=\"block-content\">\n                <div class=\"title\">YACHTS DE LUXE<\/div>\n                <div class=\"para\"><p>Il y a la belle vie, puis il y a la vie de yacht. Les \u00eeles maltaises sont l&rsquo;endroit id\u00e9al pour la vie de yacht. Laissez-vous bercer par les douces vagues de la mer M\u00e9diterran\u00e9e et dorloter par les prestations de luxe dignes d&rsquo;un h\u00f4tel 5 \u00e9toiles.<\/p>\n<\/div>\n            <\/div>\n\n        <\/div>\n            <div class=\"img-desc-large-box\" data-aos=\"fade-up\" tabindex=\"1\">\n\n                        <div class=\"img inline-bg-image lazyload\" role=\"img\" aria-label=\"\" style=\"background-image:inherit;\" data-bg-image=\"url(https:\/\/sit.com.mt\/wp-content\/uploads\/2021\/02\/jennifer-griffin-osNl3-g9VoU-unsplash-1.jpg)\"><\/div>\n\n            <div class=\"block-title\">\n                <div class=\"v-align\">\n                    <div class=\"title\">RESTAURANTS MICHELIN<\/div>\n                <\/div>\n            <\/div>\n\n            <div class=\"block-content\">\n                <div class=\"title\">RESTAURANTS MICHELIN<\/div>\n                <div class=\"para\"><p><span style=\"font-weight: 400;\">Michelin est le guide le plus r\u00e9put\u00e9 pour les restaurants dans le monde et pour la premi\u00e8re fois en 2020, le guide comprenait 26 restaurants \u00e0 Malte et \u00e0 Gozo. De plus, 5 de ces restaurants ont \u00e9t\u00e9 r\u00e9compens\u00e9s, avec une \u00e9toile Michelin: De Mondion, Under Grain, Noni, ION The Harbour et Bahia.<\/span><\/p>\n<\/div>\n            <\/div>\n\n        <\/div>\n            <div class=\"img-desc-large-box\" data-aos=\"fade-up\" tabindex=\"1\">\n\n                        <div class=\"img inline-bg-image lazyload\" role=\"img\" aria-label=\"\" style=\"background-image:inherit;\" data-bg-image=\"url(https:\/\/sit.com.mt\/wp-content\/uploads\/2021\/03\/joshua-coleman-Ay0BrcBN7h8-unsplash-scaled.jpg)\"><\/div>\n\n            <div class=\"block-title\">\n                <div class=\"v-align\">\n                    <div class=\"title\">JETS PRIVES<\/div>\n                <\/div>\n            <\/div>\n\n            <div class=\"block-content\">\n                <div class=\"title\">JETS PRIVES<\/div>\n                <div class=\"para\"><p>Envie de voyager dans le luxe et le style? Souhaitez-vous \u00e9viter les files d&rsquo;attente \u00e0 l&rsquo;a\u00e9roport et les longs enregistrements? Privatiser un jet est un moyen exclusif de transport a\u00e9rien pour les voyages d&rsquo;affaires et d&rsquo;agr\u00e9ment. Une exp\u00e9rience m\u00e9morable qui ne manquera pas de vous laisser un souvenir inoubliable.<\/p>\n<\/div>\n            <\/div>\n\n        <\/div>\n            <div class=\"img-desc-large-box\" data-aos=\"fade-up\" tabindex=\"1\">\n\n                        <div class=\"img inline-bg-image lazyload\" role=\"img\" aria-label=\"\" style=\"background-image:inherit;\" data-bg-image=\"url(https:\/\/sit.com.mt\/wp-content\/uploads\/2021\/03\/MLA_73646_Corinthia_Palace_Hotel__Spa_1120_08.jpg)\"><\/div>\n\n            <div class=\"block-title\">\n                <div class=\"v-align\">\n                    <div class=\"title\">HEBERGEMENT DE LUXE<\/div>\n                <\/div>\n            <\/div>\n\n            <div class=\"block-content\">\n                <div class=\"title\">HEBERGEMENT DE LUXE<\/div>\n                <div class=\"para\"><p>Des chambres qui ressemblent \u00e0 des \u0153uvres d&rsquo;art, des vues spectaculaires qui pourraient enchanter tout le monde et des services impeccables. Ceci est juste un avant-go\u00fbt de ce que vous pouvez trouver dans les h\u00f4tels de luxe maltais.<\/p>\n<p><span style=\"font-weight: 400;\">.<\/span><\/p>\n<\/div>\n            <\/div>\n\n        <\/div>\n    <\/div><\/div>\n\n<div class=\"team-contact-block\">\n    <div class=\"team-contact-wrap light-bg includes-bg-text\">\n        <div class=\"inner\">\n\n            <h2 class=\"h2\" data-aos=\"fade-up\">CONTACTEZ NOUS<\/h2>\n            <h4 class=\"h4\" data-aos=\"fade-up\">CONTACTEZ UN DE NOS MEMBRES DE L\u2019EQUIPE CI-DESSOUS<\/h4>\n\n            <div class=\"contains-team\">\n                                                            <a href=\"mailto:ppingrieux@sit.com.mt\" class=\"person\" data-aos=\"fade-up\">\n\n                                                        <div class=\"img inline-bg-image lazyload\" role=\"img\" aria-label=\"Pascale\" style=\"background-image:inherit;\" data-bg-image=\"url(https:\/\/sit.com.mt\/wp-content\/uploads\/2020\/02\/Pascale-min-scaled-e1581431778362.jpg)\"><\/div>\n\n                            <div class=\"name\">Pascale Pingrieux<\/div>\n                            <div class=\"role\">French Groups Executive<\/div>\n                            <div class=\"subtitle\"><\/div>\n\n                        <\/a>\n                                            <a href=\"mailto:smasson@sit.com.mt\" class=\"person\" data-aos=\"fade-up\">\n\n                                                        <div class=\"img inline-bg-image lazyload\" role=\"img\" aria-label=\"Sandrine\" style=\"background-image:inherit;\" data-bg-image=\"url(https:\/\/sit.com.mt\/wp-content\/uploads\/2020\/02\/Sandrine-min-scaled-e1581431450877.jpg)\"><\/div>\n\n                            <div class=\"name\">Sandrine Masson<\/div>\n                            <div class=\"role\">French Groups Coordinator<\/div>\n                            <div class=\"subtitle\"><\/div>\n\n                        <\/a>\n                                                <\/div>\n        <\/div>\n        <div class=\"bg-text\" data-aos=\"fade-up\">Exclusive<\/div>\n    <\/div>\n    <\/div>\n\n<div class=\"more-services-block\">\n    <div class=\"more-services-wrap\">\n        <div class=\"inner clearfix\">\n\n            <div class=\"left\">\n                <div class=\"v-align\">\n                    <div data-aos=\"fade-right\">\n                        <h2 class=\"h2\">Vous pourriez aussi \u00eatre int\u00e9ress\u00e9 par <\/h2>\n                        <h4 class=\"h4\">AUTRES THEMES DE SEJOUR                            <span class=\"full-arrow is-right no-margin long\"><\/span>\n                        <\/h4>\n\n                                                                            <a href=\"\/services\/\" class=\"button hide-m\" target=\"\">VOIR TOUS NOS SERVICES<\/a>\n                                            <\/div>\n                <\/div>\n            <\/div>\n\n            <div class=\"right services\">\n                                    \n                                                \n                        \n                        \n                            \n                            <a href=\"https:\/\/sit.com.mt\/fr\/services\/loisirs\/\" class=\"link-wrap\" data-aos=\"fade-up\" data-aos-offset=\"50\">\n                                <div class=\"service inline-bg-image lazyload\" style=\"background-image:inherit;\" data-bg-image=\"url(https:\/\/sit.com.mt\/wp-content\/uploads\/2020\/01\/Sunset-photo-of-city-of-Valletta-from-the-shore-Malta.png)\">\n\n                                    <div class=\"narrow-column\">\n                                        <div class=\"v-align\">\n                                            <div class=\"service-title\">Loisirs<\/div>\n                                        <\/div>\n                                    <\/div>\n\n                                <\/div>\n                            <\/a>\n\n                        \n                    \n                                                \n                        \n                        \n                            \n                            <a href=\"https:\/\/sit.com.mt\/fr\/services\/incentives\/\" class=\"link-wrap\" data-aos=\"fade-up\" data-aos-offset=\"50\">\n                                <div class=\"service inline-bg-image lazyload\" style=\"background-image:inherit;\" data-bg-image=\"url(https:\/\/sit.com.mt\/wp-content\/uploads\/2020\/05\/Iconic-View-e1589282465307.jpg)\">\n\n                                    <div class=\"narrow-column\">\n                                        <div class=\"v-align\">\n                                            <div class=\"service-title\">Incentives<\/div>\n                                        <\/div>\n                                    <\/div>\n\n                                <\/div>\n                            <\/a>\n\n                        \n                                                <\/div>\n\n                                        <a href=\"\/services\/\" class=\"button hide-d\" target=\"\" data-aos=\"fade-up\">VOIR TOUS NOS SERVICES<\/a>\n                    <\/div>\n    <\/div>\n\n    <\/div>","protected":false},"excerpt":{"rendered":"<p>SIT apporte son exp\u00e9rience et son expertise dans l&rsquo;organisation de l&rsquo;\u00e9v\u00e9nement parfait &#8211; de la proposition initiale sur mesure \u00e0 la gestion et \u00e0 la coordination &#8211; nous y arrivons!<\/p>\n","protected":false},"author":6,"featured_media":6180,"parent":5917,"menu_order":0,"comment_status":"closed","ping_status":"closed","template":"","meta":{"footnotes":""},"categories":[82],"class_list":["post-6936","page","type-page","status-publish","has-post-thumbnail","hentry","category-services"],"acf":[],"yoast_head":"<!-- This site is optimized with the Yoast SEO plugin v25.3 - https:\/\/yoast.com\/wordpress\/plugins\/seo\/ -->\n<title>Voyages De Luxe | SIT Malte<\/title>\n<meta name=\"robots\" content=\"index, follow, max-snippet:-1, max-image-preview:large, max-video-preview:-1\" \/>\n<link rel=\"canonical\" href=\"https:\/\/sit.com.mt\/fr\/services\/voyages-de-luxe\/\" \/>\n<meta property=\"og:locale\" content=\"fr_FR\" \/>\n<meta property=\"og:type\" content=\"article\" \/>\n<meta property=\"og:title\" content=\"Voyages De Luxe | SIT Malte\" \/>\n<meta property=\"og:description\" content=\"SIT apporte son exp\u00e9rience et son expertise dans l&#039;organisation de l&#039;\u00e9v\u00e9nement parfait - de la proposition initiale sur mesure \u00e0 la gestion et \u00e0 la coordination - nous y arrivons!\" \/>\n<meta property=\"og:url\" content=\"https:\/\/sit.com.mt\/fr\/services\/voyages-de-luxe\/\" \/>\n<meta property=\"og:site_name\" content=\"SIT Malta\" \/>\n<meta property=\"article:modified_time\" content=\"2021-10-31T09:25:01+00:00\" \/>\n<meta property=\"og:image\" content=\"https:\/\/sit.com.mt\/wp-content\/uploads\/2021\/02\/marina-boats-4718543_1280.jpg\" \/>\n\t<meta property=\"og:image:width\" content=\"1280\" \/>\n\t<meta property=\"og:image:height\" content=\"720\" \/>\n\t<meta property=\"og:image:type\" content=\"image\/jpeg\" \/>\n<meta name=\"twitter:card\" content=\"summary_large_image\" \/>\n<script type=\"application\/ld+json\" class=\"yoast-schema-graph\">{\"@context\":\"https:\/\/schema.org\",\"@graph\":[{\"@type\":\"WebPage\",\"@id\":\"https:\/\/sit.com.mt\/fr\/services\/voyages-de-luxe\/\",\"url\":\"https:\/\/sit.com.mt\/fr\/services\/voyages-de-luxe\/\",\"name\":\"Voyages De Luxe | SIT Malte\",\"isPartOf\":{\"@id\":\"https:\/\/sit.com.mt\/#website\"},\"primaryImageOfPage\":{\"@id\":\"https:\/\/sit.com.mt\/fr\/services\/voyages-de-luxe\/#primaryimage\"},\"image\":{\"@id\":\"https:\/\/sit.com.mt\/fr\/services\/voyages-de-luxe\/#primaryimage\"},\"thumbnailUrl\":\"https:\/\/sit.com.mt\/wp-content\/uploads\/2021\/02\/marina-boats-4718543_1280.jpg\",\"datePublished\":\"2021-02-07T12:24:03+00:00\",\"dateModified\":\"2021-10-31T09:25:01+00:00\",\"breadcrumb\":{\"@id\":\"https:\/\/sit.com.mt\/fr\/services\/voyages-de-luxe\/#breadcrumb\"},\"inLanguage\":\"fr-FR\",\"potentialAction\":[{\"@type\":\"ReadAction\",\"target\":[\"https:\/\/sit.com.mt\/fr\/services\/voyages-de-luxe\/\"]}]},{\"@type\":\"ImageObject\",\"inLanguage\":\"fr-FR\",\"@id\":\"https:\/\/sit.com.mt\/fr\/services\/voyages-de-luxe\/#primaryimage\",\"url\":\"https:\/\/sit.com.mt\/wp-content\/uploads\/2021\/02\/marina-boats-4718543_1280.jpg\",\"contentUrl\":\"https:\/\/sit.com.mt\/wp-content\/uploads\/2021\/02\/marina-boats-4718543_1280.jpg\",\"width\":1280,\"height\":720},{\"@type\":\"BreadcrumbList\",\"@id\":\"https:\/\/sit.com.mt\/fr\/services\/voyages-de-luxe\/#breadcrumb\",\"itemListElement\":[{\"@type\":\"ListItem\",\"position\":1,\"name\":\"Home\",\"item\":\"https:\/\/sit.com.mt\/fr\/\"},{\"@type\":\"ListItem\",\"position\":2,\"name\":\"Services\",\"item\":\"https:\/\/sit.com.mt\/fr\/services\/\"},{\"@type\":\"ListItem\",\"position\":3,\"name\":\"Voyages De Luxe\"}]},{\"@type\":\"WebSite\",\"@id\":\"https:\/\/sit.com.mt\/#website\",\"url\":\"https:\/\/sit.com.mt\/\",\"name\":\"SIT Malta\",\"description\":\"Unique Travel Programs\",\"publisher\":{\"@id\":\"https:\/\/sit.com.mt\/#organization\"},\"potentialAction\":[{\"@type\":\"SearchAction\",\"target\":{\"@type\":\"EntryPoint\",\"urlTemplate\":\"https:\/\/sit.com.mt\/?s={search_term_string}\"},\"query-input\":{\"@type\":\"PropertyValueSpecification\",\"valueRequired\":true,\"valueName\":\"search_term_string\"}}],\"inLanguage\":\"fr-FR\"},{\"@type\":\"Organization\",\"@id\":\"https:\/\/sit.com.mt\/#organization\",\"name\":\"SIT Mailta\",\"url\":\"https:\/\/sit.com.mt\/\",\"logo\":{\"@type\":\"ImageObject\",\"inLanguage\":\"fr-FR\",\"@id\":\"https:\/\/sit.com.mt\/#\/schema\/logo\/image\/\",\"url\":\"https:\/\/sit.com.mt\/wp-content\/uploads\/2020\/01\/main-logo-new.svg\",\"contentUrl\":\"https:\/\/sit.com.mt\/wp-content\/uploads\/2020\/01\/main-logo-new.svg\",\"width\":1,\"height\":1,\"caption\":\"SIT Mailta\"},\"image\":{\"@id\":\"https:\/\/sit.com.mt\/#\/schema\/logo\/image\/\"}}]}<\/script>\n<!-- \/ Yoast SEO plugin. -->","yoast_head_json":{"title":"Voyages De Luxe | SIT Malte","robots":{"index":"index","follow":"follow","max-snippet":"max-snippet:-1","max-image-preview":"max-image-preview:large","max-video-preview":"max-video-preview:-1"},"canonical":"https:\/\/sit.com.mt\/fr\/services\/voyages-de-luxe\/","og_locale":"fr_FR","og_type":"article","og_title":"Voyages De Luxe | SIT Malte","og_description":"SIT apporte son exp\u00e9rience et son expertise dans l'organisation de l'\u00e9v\u00e9nement parfait - de la proposition initiale sur mesure \u00e0 la gestion et \u00e0 la coordination - nous y arrivons!","og_url":"https:\/\/sit.com.mt\/fr\/services\/voyages-de-luxe\/","og_site_name":"SIT Malta","article_modified_time":"2021-10-31T09:25:01+00:00","og_image":[{"width":1280,"height":720,"url":"https:\/\/sit.com.mt\/wp-content\/uploads\/2021\/02\/marina-boats-4718543_1280.jpg","type":"image\/jpeg"}],"twitter_card":"summary_large_image","schema":{"@context":"https:\/\/schema.org","@graph":[{"@type":"WebPage","@id":"https:\/\/sit.com.mt\/fr\/services\/voyages-de-luxe\/","url":"https:\/\/sit.com.mt\/fr\/services\/voyages-de-luxe\/","name":"Voyages De Luxe | SIT Malte","isPartOf":{"@id":"https:\/\/sit.com.mt\/#website"},"primaryImageOfPage":{"@id":"https:\/\/sit.com.mt\/fr\/services\/voyages-de-luxe\/#primaryimage"},"image":{"@id":"https:\/\/sit.com.mt\/fr\/services\/voyages-de-luxe\/#primaryimage"},"thumbnailUrl":"https:\/\/sit.com.mt\/wp-content\/uploads\/2021\/02\/marina-boats-4718543_1280.jpg","datePublished":"2021-02-07T12:24:03+00:00","dateModified":"2021-10-31T09:25:01+00:00","breadcrumb":{"@id":"https:\/\/sit.com.mt\/fr\/services\/voyages-de-luxe\/#breadcrumb"},"inLanguage":"fr-FR","potentialAction":[{"@type":"ReadAction","target":["https:\/\/sit.com.mt\/fr\/services\/voyages-de-luxe\/"]}]},{"@type":"ImageObject","inLanguage":"fr-FR","@id":"https:\/\/sit.com.mt\/fr\/services\/voyages-de-luxe\/#primaryimage","url":"https:\/\/sit.com.mt\/wp-content\/uploads\/2021\/02\/marina-boats-4718543_1280.jpg","contentUrl":"https:\/\/sit.com.mt\/wp-content\/uploads\/2021\/02\/marina-boats-4718543_1280.jpg","width":1280,"height":720},{"@type":"BreadcrumbList","@id":"https:\/\/sit.com.mt\/fr\/services\/voyages-de-luxe\/#breadcrumb","itemListElement":[{"@type":"ListItem","position":1,"name":"Home","item":"https:\/\/sit.com.mt\/fr\/"},{"@type":"ListItem","position":2,"name":"Services","item":"https:\/\/sit.com.mt\/fr\/services\/"},{"@type":"ListItem","position":3,"name":"Voyages De Luxe"}]},{"@type":"WebSite","@id":"https:\/\/sit.com.mt\/#website","url":"https:\/\/sit.com.mt\/","name":"SIT Malta","description":"Unique Travel Programs","publisher":{"@id":"https:\/\/sit.com.mt\/#organization"},"potentialAction":[{"@type":"SearchAction","target":{"@type":"EntryPoint","urlTemplate":"https:\/\/sit.com.mt\/?s={search_term_string}"},"query-input":{"@type":"PropertyValueSpecification","valueRequired":true,"valueName":"search_term_string"}}],"inLanguage":"fr-FR"},{"@type":"Organization","@id":"https:\/\/sit.com.mt\/#organization","name":"SIT Mailta","url":"https:\/\/sit.com.mt\/","logo":{"@type":"ImageObject","inLanguage":"fr-FR","@id":"https:\/\/sit.com.mt\/#\/schema\/logo\/image\/","url":"https:\/\/sit.com.mt\/wp-content\/uploads\/2020\/01\/main-logo-new.svg","contentUrl":"https:\/\/sit.com.mt\/wp-content\/uploads\/2020\/01\/main-logo-new.svg","width":1,"height":1,"caption":"SIT Mailta"},"image":{"@id":"https:\/\/sit.com.mt\/#\/schema\/logo\/image\/"}}]}},"_links":{"self":[{"href":"https:\/\/sit.com.mt\/fr\/wp-json\/wp\/v2\/pages\/6936","targetHints":{"allow":["GET"]}}],"collection":[{"href":"https:\/\/sit.com.mt\/fr\/wp-json\/wp\/v2\/pages"}],"about":[{"href":"https:\/\/sit.com.mt\/fr\/wp-json\/wp\/v2\/types\/page"}],"author":[{"embeddable":true,"href":"https:\/\/sit.com.mt\/fr\/wp-json\/wp\/v2\/users\/6"}],"replies":[{"embeddable":true,"href":"https:\/\/sit.com.mt\/fr\/wp-json\/wp\/v2\/comments?post=6936"}],"version-history":[{"count":1,"href":"https:\/\/sit.com.mt\/fr\/wp-json\/wp\/v2\/pages\/6936\/revisions"}],"predecessor-version":[{"id":8452,"href":"https:\/\/sit.com.mt\/fr\/wp-json\/wp\/v2\/pages\/6936\/revisions\/8452"}],"up":[{"embeddable":true,"href":"https:\/\/sit.com.mt\/fr\/wp-json\/wp\/v2\/pages\/5917"}],"wp:featuredmedia":[{"embeddable":true,"href":"https:\/\/sit.com.mt\/fr\/wp-json\/wp\/v2\/media\/6180"}],"wp:attachment":[{"href":"https:\/\/sit.com.mt\/fr\/wp-json\/wp\/v2\/media?parent=6936"}],"wp:term":[{"taxonomy":"category","embeddable":true,"href":"https:\/\/sit.com.mt\/fr\/wp-json\/wp\/v2\/categories?post=6936"}],"curies":[{"name":"wp","href":"https:\/\/api.w.org\/{rel}","templated":true}]}}