{"id":4572,"date":"2019-12-23T15:08:56","date_gmt":"2019-12-23T15:08:56","guid":{"rendered":"https:\/\/sit.com.mt\/conferences\/associations\/"},"modified":"2021-09-03T11:49:01","modified_gmt":"2021-09-03T11:49:01","slug":"associazioni","status":"publish","type":"page","link":"https:\/\/sit.com.mt\/it\/servizi\/conferenze\/associazioni\/","title":{"rendered":"Associazioni"},"content":{"rendered":"<div class=\"landing-banner-block\">\n    <div class=\"landing-banner-wrap inline-bg-image lazyload\" style=\"background-image:inherit;\" data-bg-image=\"url(https:\/\/sit.com.mt\/wp-content\/uploads\/2020\/05\/associations-scaled.jpeg)\">\n        \n            <div class=\"content-box\" data-aos=\"fade-up\">\n                                    <h1 class=\"h1\">MEETING DI ASSOCIAZIONI<\/h1>\n                                                    <p class=\"para\">Nel corso dei suoi 40 anni di storia, SIT \u00e8 stata dedicata alla costruzione di una singola area di competenza: le riunioni delle associazioni internazionali. SIT mira a modellare il futuro e il valore degli incontri delle associazioni internazionali.<\/p>\n                            <\/div>\n            \n                    <\/div>\n        \n    <\/div>\n\n<div class=\"image-desc-large-blocks-block\">\n    <div class=\"image-desc-large-blocks-wrap\">\n            <div class=\"img-desc-large-box\" data-aos=\"fade-up\" tabindex=\"1\">\n\n                        <div class=\"img inline-bg-image lazyload\" role=\"img\" aria-label=\"people planning meeting\" style=\"background-image:inherit;\" data-bg-image=\"url(https:\/\/sit.com.mt\/wp-content\/uploads\/2020\/05\/financial-support-scaled.jpg)\"><\/div>\n\n            <div class=\"block-title\">\n                <div class=\"v-align\">\n                    <div class=\"title\">SUPPORTO FINANZIARIO<\/div>\n                <\/div>\n            <\/div>\n\n            <div class=\"block-content\">\n                <div class=\"title\">SUPPORTO FINANZIARIO<\/div>\n                <div class=\"para\"><p>\u2014<\/p>\n<p>&nbsp;<\/p>\n<p>Malta \u00e8 una scelta vincente per le riunioni delle Associazioni. La grande connettivit\u00e0 con molti porti ed aeroporti europei, rapporto qualit\u00e0-prezzo e un clima clado e soleggiato, sono solo alcun ragioni.<\/p>\n<p>&nbsp;<\/p>\n<div>\n<div><a href=\"https:\/\/sit.com.mt\/it\/contattaci\/\">Contattaci per schemi di supporto<\/a><\/div>\n<\/div>\n<\/div>\n            <\/div>\n\n        <\/div>\n            <div class=\"img-desc-large-box\" data-aos=\"fade-up\" tabindex=\"1\">\n\n                        <div class=\"img inline-bg-image lazyload\" role=\"img\" aria-label=\"Departure terminal at Malta Airport\" style=\"background-image:inherit;\" data-bg-image=\"url(https:\/\/sit.com.mt\/wp-content\/uploads\/2019\/12\/malta-airport.png)\"><\/div>\n\n            <div class=\"block-title\">\n                <div class=\"v-align\">\n                    <div class=\"title\">PROCESSO D\u2019ARRIVO<\/div>\n                <\/div>\n            <\/div>\n\n            <div class=\"block-content\">\n                <div class=\"title\">PROCESSO D\u2019ARRIVO<\/div>\n                <div class=\"para\"><p>\u2014<\/p>\n<p>&nbsp;<\/p>\n<p>Tutti i delegati che arriveranno all\u2019Aeroporto Intrnazionale di Malta saranno accolti da un Assistente di Special Interest Travel Ltd.<\/p>\n<p>Per i VIP, \u00e8 possibile avere un Assistente dedicato, la Valletta Arrival Lounge e un&#8217;auto di lusso privata guidata da autista, mentre per i delegati \u00e8 possibile organizzare un Welcome Desk con marchio e Coach Shuttle.<\/p>\n<\/div>\n            <\/div>\n\n        <\/div>\n            <div class=\"img-desc-large-box\" data-aos=\"fade-up\" tabindex=\"1\">\n\n                        <div class=\"img inline-bg-image lazyload\" role=\"img\" aria-label=\"hand filling the check-in form using pen\" style=\"background-image:inherit;\" data-bg-image=\"url(https:\/\/sit.com.mt\/wp-content\/uploads\/2019\/12\/filling-the-form.png)\"><\/div>\n\n            <div class=\"block-title\">\n                <div class=\"v-align\">\n                    <div class=\"title\">CHECK-IN<\/div>\n                <\/div>\n            <\/div>\n\n            <div class=\"block-content\">\n                <div class=\"title\">CHECK-IN<\/div>\n                <div class=\"para\"><p>\u2014<\/p>\n<p>L&#8217;intero processo di registrazione pu\u00f2 essere gestito tramite il sito Web dell&#8217;evento. Possono essere create separate sezioni per ogni tipo di partecipante (espositore, relatore o delegato), e l\u2019intero processo, inclusa la prenotazione e pagamento dell\u2019hotel, pu\u00f2 essere fatta attraverso il sito. In alternativa, il nostro team di registrazione interno pu\u00f2 elaborare ogni registrazione e pagamento singolarmente.<\/p>\n<\/div>\n            <\/div>\n\n        <\/div>\n            <div class=\"img-desc-large-box\" data-aos=\"fade-up\" tabindex=\"1\">\n\n                        <div class=\"img inline-bg-image lazyload\" role=\"img\" aria-label=\"paper event project concept\" style=\"background-image:inherit;\" data-bg-image=\"url(https:\/\/sit.com.mt\/wp-content\/uploads\/2019\/12\/event-concept.png)\"><\/div>\n\n            <div class=\"block-title\">\n                <div class=\"v-align\">\n                    <div class=\"title\">MARKETING<\/div>\n                <\/div>\n            <\/div>\n\n            <div class=\"block-content\">\n                <div class=\"title\">MARKETING<\/div>\n                <div class=\"para\"><p>\u2014<\/p>\n<p>&nbsp;<\/p>\n<p>L&#8217;esperto team di marketing interno di SIT pu\u00f2 gestire il processo di marketing dall&#8217;inizio alla fine, tra cui:<\/p>\n<p>&#8211; Progettazione e creazione di materiali di marketing come il sito Web dell&#8217;evento, l&#8217;app per eventi, le pagine dei social media, i modelli di posta elettronica, gli articoli di riviste ecc..<\/p>\n<p>&#8211; Contatto diretto con il pubblico target per posta e telefono.<\/p>\n<\/div>\n            <\/div>\n\n        <\/div>\n            <div class=\"img-desc-large-box\" data-aos=\"fade-up\" tabindex=\"1\">\n\n                        <div class=\"img inline-bg-image lazyload\" role=\"img\" aria-label=\"\" style=\"background-image:inherit;\" data-bg-image=\"url(https:\/\/sit.com.mt\/wp-content\/uploads\/2019\/12\/ass-1.png)\"><\/div>\n\n            <div class=\"block-title\">\n                <div class=\"v-align\">\n                    <div class=\"title\">RELATORI<\/div>\n                <\/div>\n            <\/div>\n\n            <div class=\"block-content\">\n                <div class=\"title\">RELATORI<\/div>\n                <div class=\"para\"><p>\u2014<\/p>\n<p>&nbsp;<\/p>\n<p>I buoni oratori sono la chiave del successo di qualsiasi evento e attraverso le nostre affiliazioni con il gruppo di aziende M. Demajo e la nostra esperienza di 40 anni, Special Interest Travel Ltd. \u00e8 in contatto con alcuni dei migliori!<\/p>\n<p>Dalle figure politiche attuali e passate agli esperti specializzati in materia, SIT pu\u00f2 reperire i migliori oratori per il tuo evento.<\/p>\n<\/div>\n            <\/div>\n\n        <\/div>\n            <div class=\"img-desc-large-box\" data-aos=\"fade-up\" tabindex=\"1\">\n\n                        <div class=\"img inline-bg-image lazyload\" role=\"img\" aria-label=\"conference setup with event material on the table\" style=\"background-image:inherit;\" data-bg-image=\"url(https:\/\/sit.com.mt\/wp-content\/uploads\/2019\/12\/event-materials.png)\"><\/div>\n\n            <div class=\"block-title\">\n                <div class=\"v-align\">\n                    <div class=\"title\">MATERIALE PER EVENTI<\/div>\n                <\/div>\n            <\/div>\n\n            <div class=\"block-content\">\n                <div class=\"title\">MATERIALE PER EVENTI<\/div>\n                <div class=\"para\"><p>\u2014<\/p>\n<p>&nbsp;<\/p>\n<p>Tutto il materiale per eventi pu\u00f2 essere progettato e prodotto a Malta.<\/p>\n<p>Da badge e programmi interattivi a temi e regali memorabili, Special Interest Travel Ltd. pu\u00f2 soddisfare tutte le vostre esigenze di produzione.<\/p>\n<\/div>\n            <\/div>\n\n        <\/div>\n            <div class=\"img-desc-large-box\" data-aos=\"fade-up\" tabindex=\"1\">\n\n                        <div class=\"img inline-bg-image lazyload\" role=\"img\" aria-label=\"People shaking hands at the hotel's lobby\" style=\"background-image:inherit;\" data-bg-image=\"url(https:\/\/sit.com.mt\/wp-content\/uploads\/2019\/12\/shaking-hands.png)\"><\/div>\n\n            <div class=\"block-title\">\n                <div class=\"v-align\">\n                    <div class=\"title\">REGISTRAZIONE<\/div>\n                <\/div>\n            <\/div>\n\n            <div class=\"block-content\">\n                <div class=\"title\">REGISTRAZIONE<\/div>\n                <div class=\"para\"><p>\u2014<\/p>\n<p>&nbsp;<\/p>\n<p>Gli espositori potranno ritirare il loro Badge dagli Assistenti Conferenze e preparare il loro stand.<\/p>\n<p>Gli oratori potranno ritirare il loro Badge dagli Assistenti Conferenze e provare la loro presentazione con i nostri tecnici.<\/p>\n<\/div>\n            <\/div>\n\n        <\/div>\n    <\/div><\/div>\n\n<div class=\"team-contact-block\">\n    <div class=\"team-contact-wrap light-bg includes-bg-text\">\n        <div class=\"inner\">\n\n            <h2 class=\"h2\" data-aos=\"fade-up\">Contattaci<\/h2>\n            <h4 class=\"h4\" data-aos=\"fade-up\">CONTATTA UNO DEI MEMBRI DEL NOSTRO TEAM <\/h4>\n\n            <div class=\"contains-team\">\n                                                            <a href=\"mailto:jcaruana@sit.com.mt\" class=\"person\" data-aos=\"fade-up\">\n\n                                                        <div class=\"img inline-bg-image lazyload\" role=\"img\" aria-label=\"Jason Caruana, General Manager\" style=\"background-image:inherit;\" data-bg-image=\"url(https:\/\/sit.com.mt\/wp-content\/uploads\/2020\/02\/Jason-min-scaled-e1581090973433.jpg)\"><\/div>\n\n                            <div class=\"name\">Jason Caruana<\/div>\n                            <div class=\"role\">General Manager<\/div>\n                            <div class=\"subtitle\"><\/div>\n\n                        <\/a>\n                                                <\/div>\n        <\/div>\n        <div class=\"bg-text\" data-aos=\"fade-up\">Exclusive<\/div>\n    <\/div>\n    <\/div>\n\n<div class=\"tsdb-block\">\n    <div class=\"tsdb-wrap grey-bg includes-bg-text \">\n            <div class=\"inner\">\n\n                                \n                                \n                                                    <div class=\"para\" data-aos=\"fade-up\"><p>I dirigenti di associazioni internazionali possono affidarsi a SIT per trovare soluzioni a tutti gli obiettivi del loro evento: selezione della sede; Consiglio tecnico; assistenza nel trasporto dei delegati; pianificazione completa della convenzione o servizi ad hoc.<\/p>\n<\/div>\n                \n                                                    <a href=\"\/it\/contattaci\/\" class=\"button\" target=\"\" data-aos=\"fade-up\">CONTATTACI<\/a>\n                                \n                \n            <\/div>\n\n                            <div class=\"bg-text\" data-aos=\"fade-up\">Reliable<\/div>\n                    <\/div>\n    \n    <\/div>\n\n<div class=\"image-desc-blocks-block\">\n    <div class=\"image-desc-blocks-wrap\">\n                    <a href=\"\/it\/servizi\/conferenze\/\" class=\"link-wrap\" target=\"\">\n            <div class=\"img-desc-box\" data-aos=\"fade-up\" data-aos-offset=\"50\">\n\n                                <div class=\"img inline-bg-image lazyload\" role=\"img\" aria-label=\"aluminum chairs in a conference room\" style=\"background-image:inherit;\" data-bg-image=\"url(https:\/\/sit.com.mt\/wp-content\/uploads\/2020\/01\/aluminum-chairs-conference-691485.png)\"><\/div>\n\n                <div class=\"block-title\">\n                    <div class=\"title\">CONFERENZE<\/div>\n                <\/div>\n\n                <div class=\"block-content\">\n                    <div class=\"title\">CONFERENZE<\/div>\n                    \n                    <p class=\"para\">Stai pensando di organizzare una conferenza internazionale o un congresso a pi\u00f9 livelli o un classico forum annuale \u2013 riposa la tua mente, supereremo ogni tua pi\u00f9 alta aspettativa.<\/p>\n                    \n                                            <span class=\"more-link\">SCOPRI DI PI\u00d9<\/span>\n                                    <\/div>\n\n            <\/div>\n        <\/a>\n                    <a href=\"\/it\/conferenze\/i-nostri-servizi\/\" class=\"link-wrap\" target=\"\">\n            <div class=\"img-desc-box\" data-aos=\"fade-up\" data-aos-offset=\"50\">\n\n                                <div class=\"img inline-bg-image lazyload\" role=\"img\" aria-label=\"\" style=\"background-image:inherit;\" data-bg-image=\"url(https:\/\/sit.com.mt\/wp-content\/uploads\/2019\/12\/conf-2.png)\"><\/div>\n\n                <div class=\"block-title\">\n                    <div class=\"title\">I NOSTRI SERVIZI<\/div>\n                <\/div>\n\n                <div class=\"block-content\">\n                    <div class=\"title\">I NOSTRI SERVIZI<\/div>\n                    \n                    <p class=\"para\">Hai bisogno di un oratore locale? Servizio di registrazione online o in loco? Dai servizi audiovisivi e l&#8217;organizzazione di riunioni all\u2019operazione e coordinamento in loco, siamo qui per rendere il tuo evento eccezionale e senza problemi. \r\n\r\n<\/p>\n                    \n                                            <span class=\"more-link\">SCOPRI DI PI\u00d9<\/span>\n                                    <\/div>\n\n            <\/div>\n        <\/a>\n                    <a href=\"\/it\/portfolio\/#conferenze\" class=\"link-wrap\" target=\"\">\n            <div class=\"img-desc-box\" data-aos=\"fade-up\" data-aos-offset=\"50\">\n\n                                <div class=\"img inline-bg-image lazyload\" role=\"img\" aria-label=\"\" style=\"background-image:inherit;\" data-bg-image=\"url(https:\/\/sit.com.mt\/wp-content\/uploads\/2019\/12\/conf-1.png)\"><\/div>\n\n                <div class=\"block-title\">\n                    <div class=\"title\">CASI DI STUDIO<\/div>\n                <\/div>\n\n                <div class=\"block-content\">\n                    <div class=\"title\">CASI DI STUDIO<\/div>\n                    \n                    <p class=\"para\">Il nostro lavoro: Fatti ispirare dal nostro lavoro.<\/p>\n                    \n                                            <span class=\"more-link\">SCOPRI DI PI\u00d9<\/span>\n                                    <\/div>\n\n            <\/div>\n        <\/a>\n    <\/div><\/div>\n\n\n<p><\/p>\n","protected":false},"excerpt":{"rendered":"","protected":false},"author":6,"featured_media":0,"parent":4561,"menu_order":0,"comment_status":"closed","ping_status":"closed","template":"","meta":{"footnotes":""},"categories":[],"class_list":["post-4572","page","type-page","status-publish","hentry"],"acf":[],"yoast_head":"<!-- This site is optimized with the Yoast SEO plugin v25.3 - https:\/\/yoast.com\/wordpress\/plugins\/seo\/ -->\n<title>Associazioni - SIT Malta<\/title>\n<meta name=\"robots\" content=\"index, follow, max-snippet:-1, max-image-preview:large, max-video-preview:-1\" \/>\n<link rel=\"canonical\" href=\"https:\/\/sit.com.mt\/it\/servizi\/conferenze\/associazioni\/\" \/>\n<meta property=\"og:locale\" content=\"it_IT\" \/>\n<meta property=\"og:type\" content=\"article\" \/>\n<meta property=\"og:title\" content=\"Associazioni - SIT Malta\" \/>\n<meta property=\"og:url\" content=\"https:\/\/sit.com.mt\/it\/servizi\/conferenze\/associazioni\/\" \/>\n<meta property=\"og:site_name\" content=\"SIT Malta\" \/>\n<meta property=\"article:modified_time\" content=\"2021-09-03T11:49:01+00:00\" \/>\n<meta name=\"twitter:card\" content=\"summary_large_image\" \/>\n<script type=\"application\/ld+json\" class=\"yoast-schema-graph\">{\"@context\":\"https:\/\/schema.org\",\"@graph\":[{\"@type\":\"WebPage\",\"@id\":\"https:\/\/sit.com.mt\/it\/servizi\/conferenze\/associazioni\/\",\"url\":\"https:\/\/sit.com.mt\/it\/servizi\/conferenze\/associazioni\/\",\"name\":\"Associazioni - SIT Malta\",\"isPartOf\":{\"@id\":\"https:\/\/sit.com.mt\/#website\"},\"datePublished\":\"2019-12-23T15:08:56+00:00\",\"dateModified\":\"2021-09-03T11:49:01+00:00\",\"breadcrumb\":{\"@id\":\"https:\/\/sit.com.mt\/it\/servizi\/conferenze\/associazioni\/#breadcrumb\"},\"inLanguage\":\"it-IT\",\"potentialAction\":[{\"@type\":\"ReadAction\",\"target\":[\"https:\/\/sit.com.mt\/it\/servizi\/conferenze\/associazioni\/\"]}]},{\"@type\":\"BreadcrumbList\",\"@id\":\"https:\/\/sit.com.mt\/it\/servizi\/conferenze\/associazioni\/#breadcrumb\",\"itemListElement\":[{\"@type\":\"ListItem\",\"position\":1,\"name\":\"Home\",\"item\":\"https:\/\/sit.com.mt\/it\/\"},{\"@type\":\"ListItem\",\"position\":2,\"name\":\"Servizi\",\"item\":\"https:\/\/sit.com.mt\/it\/servizi\/\"},{\"@type\":\"ListItem\",\"position\":3,\"name\":\"Conferenze\",\"item\":\"https:\/\/sit.com.mt\/it\/servizi\/conferenze\/\"},{\"@type\":\"ListItem\",\"position\":4,\"name\":\"Associazioni\"}]},{\"@type\":\"WebSite\",\"@id\":\"https:\/\/sit.com.mt\/#website\",\"url\":\"https:\/\/sit.com.mt\/\",\"name\":\"SIT Malta\",\"description\":\"Unique Travel Programs\",\"publisher\":{\"@id\":\"https:\/\/sit.com.mt\/#organization\"},\"potentialAction\":[{\"@type\":\"SearchAction\",\"target\":{\"@type\":\"EntryPoint\",\"urlTemplate\":\"https:\/\/sit.com.mt\/?s={search_term_string}\"},\"query-input\":{\"@type\":\"PropertyValueSpecification\",\"valueRequired\":true,\"valueName\":\"search_term_string\"}}],\"inLanguage\":\"it-IT\"},{\"@type\":\"Organization\",\"@id\":\"https:\/\/sit.com.mt\/#organization\",\"name\":\"SIT Mailta\",\"url\":\"https:\/\/sit.com.mt\/\",\"logo\":{\"@type\":\"ImageObject\",\"inLanguage\":\"it-IT\",\"@id\":\"https:\/\/sit.com.mt\/#\/schema\/logo\/image\/\",\"url\":\"https:\/\/sit.com.mt\/wp-content\/uploads\/2020\/01\/main-logo-new.svg\",\"contentUrl\":\"https:\/\/sit.com.mt\/wp-content\/uploads\/2020\/01\/main-logo-new.svg\",\"width\":1,\"height\":1,\"caption\":\"SIT Mailta\"},\"image\":{\"@id\":\"https:\/\/sit.com.mt\/#\/schema\/logo\/image\/\"}}]}<\/script>\n<!-- \/ Yoast SEO plugin. -->","yoast_head_json":{"title":"Associazioni - SIT Malta","robots":{"index":"index","follow":"follow","max-snippet":"max-snippet:-1","max-image-preview":"max-image-preview:large","max-video-preview":"max-video-preview:-1"},"canonical":"https:\/\/sit.com.mt\/it\/servizi\/conferenze\/associazioni\/","og_locale":"it_IT","og_type":"article","og_title":"Associazioni - SIT Malta","og_url":"https:\/\/sit.com.mt\/it\/servizi\/conferenze\/associazioni\/","og_site_name":"SIT Malta","article_modified_time":"2021-09-03T11:49:01+00:00","twitter_card":"summary_large_image","schema":{"@context":"https:\/\/schema.org","@graph":[{"@type":"WebPage","@id":"https:\/\/sit.com.mt\/it\/servizi\/conferenze\/associazioni\/","url":"https:\/\/sit.com.mt\/it\/servizi\/conferenze\/associazioni\/","name":"Associazioni - SIT Malta","isPartOf":{"@id":"https:\/\/sit.com.mt\/#website"},"datePublished":"2019-12-23T15:08:56+00:00","dateModified":"2021-09-03T11:49:01+00:00","breadcrumb":{"@id":"https:\/\/sit.com.mt\/it\/servizi\/conferenze\/associazioni\/#breadcrumb"},"inLanguage":"it-IT","potentialAction":[{"@type":"ReadAction","target":["https:\/\/sit.com.mt\/it\/servizi\/conferenze\/associazioni\/"]}]},{"@type":"BreadcrumbList","@id":"https:\/\/sit.com.mt\/it\/servizi\/conferenze\/associazioni\/#breadcrumb","itemListElement":[{"@type":"ListItem","position":1,"name":"Home","item":"https:\/\/sit.com.mt\/it\/"},{"@type":"ListItem","position":2,"name":"Servizi","item":"https:\/\/sit.com.mt\/it\/servizi\/"},{"@type":"ListItem","position":3,"name":"Conferenze","item":"https:\/\/sit.com.mt\/it\/servizi\/conferenze\/"},{"@type":"ListItem","position":4,"name":"Associazioni"}]},{"@type":"WebSite","@id":"https:\/\/sit.com.mt\/#website","url":"https:\/\/sit.com.mt\/","name":"SIT Malta","description":"Unique Travel Programs","publisher":{"@id":"https:\/\/sit.com.mt\/#organization"},"potentialAction":[{"@type":"SearchAction","target":{"@type":"EntryPoint","urlTemplate":"https:\/\/sit.com.mt\/?s={search_term_string}"},"query-input":{"@type":"PropertyValueSpecification","valueRequired":true,"valueName":"search_term_string"}}],"inLanguage":"it-IT"},{"@type":"Organization","@id":"https:\/\/sit.com.mt\/#organization","name":"SIT Mailta","url":"https:\/\/sit.com.mt\/","logo":{"@type":"ImageObject","inLanguage":"it-IT","@id":"https:\/\/sit.com.mt\/#\/schema\/logo\/image\/","url":"https:\/\/sit.com.mt\/wp-content\/uploads\/2020\/01\/main-logo-new.svg","contentUrl":"https:\/\/sit.com.mt\/wp-content\/uploads\/2020\/01\/main-logo-new.svg","width":1,"height":1,"caption":"SIT Mailta"},"image":{"@id":"https:\/\/sit.com.mt\/#\/schema\/logo\/image\/"}}]}},"_links":{"self":[{"href":"https:\/\/sit.com.mt\/it\/wp-json\/wp\/v2\/pages\/4572","targetHints":{"allow":["GET"]}}],"collection":[{"href":"https:\/\/sit.com.mt\/it\/wp-json\/wp\/v2\/pages"}],"about":[{"href":"https:\/\/sit.com.mt\/it\/wp-json\/wp\/v2\/types\/page"}],"author":[{"embeddable":true,"href":"https:\/\/sit.com.mt\/it\/wp-json\/wp\/v2\/users\/6"}],"replies":[{"embeddable":true,"href":"https:\/\/sit.com.mt\/it\/wp-json\/wp\/v2\/comments?post=4572"}],"version-history":[{"count":0,"href":"https:\/\/sit.com.mt\/it\/wp-json\/wp\/v2\/pages\/4572\/revisions"}],"up":[{"embeddable":true,"href":"https:\/\/sit.com.mt\/it\/wp-json\/wp\/v2\/pages\/4561"}],"wp:attachment":[{"href":"https:\/\/sit.com.mt\/it\/wp-json\/wp\/v2\/media?parent=4572"}],"wp:term":[{"taxonomy":"category","embeddable":true,"href":"https:\/\/sit.com.mt\/it\/wp-json\/wp\/v2\/categories?post=4572"}],"curies":[{"name":"wp","href":"https:\/\/api.w.org\/{rel}","templated":true}]}}