{"id":4587,"date":"2020-01-15T08:55:34","date_gmt":"2020-01-15T08:55:34","guid":{"rendered":"https:\/\/sit.com.mt\/incentives\/csr\/"},"modified":"2021-02-07T11:20:26","modified_gmt":"2021-02-07T11:20:26","slug":"responsabilita-sociale-dimpresa-malta","status":"publish","type":"page","link":"https:\/\/sit.com.mt\/it\/servizi\/incentive\/responsabilita-sociale-dimpresa-malta\/","title":{"rendered":"Responsabilit\u00e0 Sociale d\u2019Impresa"},"content":{"rendered":"<div class=\"landing-banner-block\">\n    <div class=\"landing-banner-wrap inline-bg-image lazyload\" style=\"background-image:inherit;\" data-bg-image=\"url(https:\/\/sit.com.mt\/wp-content\/uploads\/2020\/05\/adventure-backlit-dawn-dusk-207896-scaled-e1588771443731.jpg)\">\n        \n            <div class=\"content-box\" data-aos=\"fade-up\">\n                                    <h1 class=\"h1\">Responsabilit\u00e0 Sociale d\u2019Impresa<\/h1>\n                                                    <p class=\"para\">Siamo seri riguardo alla responsabilit\u00e0 sociale e cerchiamo di integrare la responsabilit\u00e0 sociale e ambientale nei vari aspetti della nostra attivit\u00e0.<\/p>\n                            <\/div>\n            \n                    <\/div>\n        \n    <\/div>\n\n<div class=\"image-desc-large-blocks-block\">\n    <div class=\"image-desc-large-blocks-wrap\">\n            <div class=\"img-desc-large-box\" data-aos=\"fade-up\" tabindex=\"1\">\n\n                        <div class=\"img inline-bg-image lazyload\" role=\"img\" aria-label=\"People stack hands for csr teambuilding activity\" style=\"background-image:inherit;\" data-bg-image=\"url(https:\/\/sit.com.mt\/wp-content\/uploads\/2020\/01\/people-stack-hands.png)\"><\/div>\n\n            <div class=\"block-title\">\n                <div class=\"v-align\">\n                    <div class=\"title\">Team Building<\/div>\n                <\/div>\n            <\/div>\n\n            <div class=\"block-content\">\n                <div class=\"title\">Team Building<\/div>\n                <div class=\"para\"><p>\u2014<\/p>\n<p>&nbsp;<\/p>\n<p>Gli eventi di team building con una componente di responsabilit\u00e0 sociale d&#8217;impresa (CSR) aiutano i team a vivere i tuoi valori e a far luce sul tuo marchio.<\/p>\n<\/div>\n            <\/div>\n\n        <\/div>\n            <div class=\"img-desc-large-box\" data-aos=\"fade-up\" tabindex=\"1\">\n\n                        <div class=\"img inline-bg-image lazyload\" role=\"img\" aria-label=\"Giving Back\" style=\"background-image:inherit;\" data-bg-image=\"url(https:\/\/sit.com.mt\/wp-content\/uploads\/2020\/01\/action-adult-advice-1120344.png)\"><\/div>\n\n            <div class=\"block-title\">\n                <div class=\"v-align\">\n                    <div class=\"title\">RIDARE<\/div>\n                <\/div>\n            <\/div>\n\n            <div class=\"block-content\">\n                <div class=\"title\">RIDARE<\/div>\n                <div class=\"para\"><p>\u2014<\/p>\n<p>&nbsp;<\/p>\n<p>Un&#8217;ottima opportunit\u00e0 per restituire alla comunit\u00e0 e supportare i tuoi obiettivi di responsabilit\u00e0 sociale d&#8217;impresa. Il rinnovamento di scuole o orfanotrofi ne \u00e8 un perfetto esempio.<\/p>\n<\/div>\n            <\/div>\n\n        <\/div>\n            <div class=\"img-desc-large-box\" data-aos=\"fade-up\" tabindex=\"1\">\n\n                        <div class=\"img inline-bg-image lazyload\" role=\"img\" aria-label=\"Team Morale\" style=\"background-image:inherit;\" data-bg-image=\"url(https:\/\/sit.com.mt\/wp-content\/uploads\/2020\/01\/2646517-e1579078105894.png)\"><\/div>\n\n            <div class=\"block-title\">\n                <div class=\"v-align\">\n                    <div class=\"title\">Team Morale<\/div>\n                <\/div>\n            <\/div>\n\n            <div class=\"block-content\">\n                <div class=\"title\">Team Morale<\/div>\n                <div class=\"para\"><p>\u2014<\/p>\n<p>&nbsp;<\/p>\n<p>Il senso condiviso dello scopo generato da una significativa attivit\u00e0 di CSR pu\u00f2 aiutare seriamente a migliorare il morale e l&#8217;impegno della squadra. Gli studi mostrano che le aziende che dimostrano di essere seriamente intenzionate a raggiungere i propri obiettivi di CSR hanno maggiori probabilit\u00e0 di trattenere i dipendenti.<\/p>\n<\/div>\n            <\/div>\n\n        <\/div>\n            <div class=\"img-desc-large-box\" data-aos=\"fade-up\" tabindex=\"1\">\n\n                        <div class=\"img inline-bg-image lazyload\" role=\"img\" aria-label=\"Business People In Suits Shaking Hand\" style=\"background-image:inherit;\" data-bg-image=\"url(https:\/\/sit.com.mt\/wp-content\/uploads\/2020\/01\/31214.png)\"><\/div>\n\n            <div class=\"block-title\">\n                <div class=\"v-align\">\n                    <div class=\"title\">RAPPORTI COMMERCAILI<\/div>\n                <\/div>\n            <\/div>\n\n            <div class=\"block-content\">\n                <div class=\"title\">RAPPORTI COMMERCAILI<\/div>\n                <div class=\"para\"><p>\u2014<\/p>\n<p>&nbsp;<\/p>\n<p>Gli eventi CSR con i clienti sono anche un modo significativo per far crescere le tue relazioni commerciali. I tuoi clienti vedranno l&#8217;attenzione positiva della tua azienda sul dare e il tuo personale sar\u00e0 in grado di fare rete con i tuoi clienti in un ambiente rilassato e informale.<\/p>\n<\/div>\n            <\/div>\n\n        <\/div>\n            <div class=\"img-desc-large-box\" data-aos=\"fade-up\" tabindex=\"1\">\n\n                        <div class=\"img inline-bg-image lazyload\" role=\"img\" aria-label=\"Girl with plant in the hand\" style=\"background-image:inherit;\" data-bg-image=\"url(https:\/\/sit.com.mt\/wp-content\/uploads\/2020\/01\/466663-PFX5MU-129.png)\"><\/div>\n\n            <div class=\"block-title\">\n                <div class=\"v-align\">\n                    <div class=\"title\">COMPENSA LA TUA IMPRONTA DI CARBONIO<\/div>\n                <\/div>\n            <\/div>\n\n            <div class=\"block-content\">\n                <div class=\"title\">COMPENSA LA TUA IMPRONTA DI CARBONIO<\/div>\n                <div class=\"para\"><p>\u2014<\/p>\n<p>&nbsp;<\/p>\n<p>Un&#8217;attivit\u00e0 di CSR eco-compatibile, come piantare alberi, \u00e8 un modo fantastico per compensare l&#8217;impronta di carbonio delle aziende, soprattutto se combinato con altre attivit\u00e0 eco-compatibili durante il programma.<\/p>\n<\/div>\n            <\/div>\n\n        <\/div>\n            <div class=\"img-desc-large-box\" data-aos=\"fade-up\" tabindex=\"1\">\n\n                        <div class=\"img inline-bg-image lazyload\" role=\"img\" aria-label=\"Aearial Shot Of People During Charity-Swim\" style=\"background-image:inherit;\" data-bg-image=\"url(https:\/\/sit.com.mt\/wp-content\/uploads\/2020\/01\/action-aerial-shot-daylight-1936957.png)\"><\/div>\n\n            <div class=\"block-title\">\n                <div class=\"v-align\">\n                    <div class=\"title\">SALUTE E BENNESERE<\/div>\n                <\/div>\n            <\/div>\n\n            <div class=\"block-content\">\n                <div class=\"title\">SALUTE E BENNESERE<\/div>\n                <div class=\"para\"><p>\u2014<\/p>\n<p>&nbsp;<\/p>\n<p>Organizzare una nuotata benefica o un un giro in bici a Malta per il tuo personale non solo pu\u00f2 raccogliere fondi per una buona causa, ma pu\u00f2 anche aiutare il tuo personale ad abbracciare uno stile di vita pi\u00f9 sano e pi\u00f9 attivo. Questo a sua volta, quindi aumenta il loro benessere e le prestazioni lavorative.<\/p>\n<\/div>\n            <\/div>\n\n        <\/div>\n    <\/div><\/div>\n\n<div class=\"tsdb-block\">\n    <div class=\"tsdb-wrap grey-bg includes-bg-text \">\n            <div class=\"inner\">\n\n                                \n                                \n                                                    <div class=\"para\" data-aos=\"fade-up\"><p>Libera il pieno potenziale degli individui e della comunit\u00e0 per modellare un futuro sostenibile<\/p>\n<\/div>\n                \n                                                    <a href=\"\/it\/contattaci\/\" class=\"button\" target=\"\" data-aos=\"fade-up\">CONTATTACI<\/a>\n                                \n                \n            <\/div>\n\n                            <div class=\"bg-text\" data-aos=\"fade-up\">Positivity<\/div>\n                    <\/div>\n    \n    <\/div>\n\n<div class=\"image-desc-blocks-block\">\n    <div class=\"image-desc-blocks-wrap\">\n                    <a href=\"\/it\/incentive\/i-nostri-servizi\/\" class=\"link-wrap\" target=\"\">\n            <div class=\"img-desc-box\" data-aos=\"fade-up\" data-aos-offset=\"50\">\n\n                                <div class=\"img inline-bg-image lazyload\" role=\"img\" aria-label=\"people raising their hands\" style=\"background-image:inherit;\" data-bg-image=\"url(https:\/\/sit.com.mt\/wp-content\/uploads\/2020\/05\/people-raising-their-hands-3453047-scaled.jpg)\"><\/div>\n\n                <div class=\"block-title\">\n                    <div class=\"title\">I nostri servizi<\/div>\n                <\/div>\n\n                <div class=\"block-content\">\n                    <div class=\"title\">I nostri servizi<\/div>\n                    \n                    <p class=\"para\">Perch\u00e9 accontentarsi di qualcosa, quando puoi avere tutto? Scegliendo SIT aprirai le porte ad infinte possibilit\u00e0. \r\n<\/p>\n                    \n                                            <span class=\"more-link\">SCOPRI DI PI\u00d9<\/span>\n                                    <\/div>\n\n            <\/div>\n        <\/a>\n                    <a href=\"\/it\/portfolio\/#incentive\" class=\"link-wrap\" target=\"\">\n            <div class=\"img-desc-box\" data-aos=\"fade-up\" data-aos-offset=\"50\">\n\n                                <div class=\"img inline-bg-image lazyload\" role=\"img\" aria-label=\"\" style=\"background-image:inherit;\" data-bg-image=\"url(https:\/\/sit.com.mt\/wp-content\/uploads\/2019\/12\/incentives-3.png)\"><\/div>\n\n                <div class=\"block-title\">\n                    <div class=\"title\">Esempi<\/div>\n                <\/div>\n\n                <div class=\"block-content\">\n                    <div class=\"title\">Esempi<\/div>\n                    \n                    <p class=\"para\">Fatti persuadere dal nostro lavoro<\/p>\n                    \n                                            <span class=\"more-link\">Find out more<\/span>\n                                    <\/div>\n\n            <\/div>\n        <\/a>\n                    <a href=\"\/it\/incentive\/sicilia\" class=\"link-wrap\" target=\"\">\n            <div class=\"img-desc-box\" data-aos=\"fade-up\" data-aos-offset=\"50\">\n\n                                <div class=\"img inline-bg-image lazyload\" role=\"img\" aria-label=\"colorful Sicily's house with character\" style=\"background-image:inherit;\" data-bg-image=\"url(https:\/\/sit.com.mt\/wp-content\/uploads\/2019\/12\/sicily-house.png)\"><\/div>\n\n                <div class=\"block-title\">\n                    <div class=\"title\">Sicilia<\/div>\n                <\/div>\n\n                <div class=\"block-content\">\n                    <div class=\"title\">Sicilia<\/div>\n                    \n                    <p class=\"para\">\u201cIn Sicilia abbiamo tutto. Ci manca il resto.\u201d \u2013 Pino Caruso <\/p>\n                    \n                                            <span class=\"more-link\">SCOPRI DI PI\u00d9<\/span>\n                                    <\/div>\n\n            <\/div>\n        <\/a>\n    <\/div><\/div>","protected":false},"excerpt":{"rendered":"","protected":false},"author":6,"featured_media":0,"parent":4576,"menu_order":0,"comment_status":"closed","ping_status":"closed","template":"","meta":{"footnotes":""},"categories":[],"class_list":["post-4587","page","type-page","status-publish","hentry"],"acf":[],"yoast_head":"<!-- This site is optimized with the Yoast SEO plugin v25.3 - https:\/\/yoast.com\/wordpress\/plugins\/seo\/ -->\n<title>Responsabilit\u00e0 Sociale d\u2019Impresa - SIT Malta<\/title>\n<meta name=\"robots\" content=\"index, follow, max-snippet:-1, max-image-preview:large, max-video-preview:-1\" \/>\n<link rel=\"canonical\" href=\"https:\/\/sit.com.mt\/it\/servizi\/incentive\/responsabilita-sociale-dimpresa-malta\/\" \/>\n<meta property=\"og:locale\" content=\"it_IT\" \/>\n<meta property=\"og:type\" content=\"article\" \/>\n<meta property=\"og:title\" content=\"Responsabilit\u00e0 Sociale d\u2019Impresa - SIT Malta\" \/>\n<meta property=\"og:url\" content=\"https:\/\/sit.com.mt\/it\/servizi\/incentive\/responsabilita-sociale-dimpresa-malta\/\" \/>\n<meta property=\"og:site_name\" content=\"SIT Malta\" \/>\n<meta property=\"article:modified_time\" content=\"2021-02-07T11:20:26+00:00\" \/>\n<meta name=\"twitter:card\" content=\"summary_large_image\" \/>\n<script type=\"application\/ld+json\" class=\"yoast-schema-graph\">{\"@context\":\"https:\/\/schema.org\",\"@graph\":[{\"@type\":\"WebPage\",\"@id\":\"https:\/\/sit.com.mt\/it\/servizi\/incentive\/responsabilita-sociale-dimpresa-malta\/\",\"url\":\"https:\/\/sit.com.mt\/it\/servizi\/incentive\/responsabilita-sociale-dimpresa-malta\/\",\"name\":\"Responsabilit\u00e0 Sociale d\u2019Impresa - SIT Malta\",\"isPartOf\":{\"@id\":\"https:\/\/sit.com.mt\/#website\"},\"datePublished\":\"2020-01-15T08:55:34+00:00\",\"dateModified\":\"2021-02-07T11:20:26+00:00\",\"breadcrumb\":{\"@id\":\"https:\/\/sit.com.mt\/it\/servizi\/incentive\/responsabilita-sociale-dimpresa-malta\/#breadcrumb\"},\"inLanguage\":\"it-IT\",\"potentialAction\":[{\"@type\":\"ReadAction\",\"target\":[\"https:\/\/sit.com.mt\/it\/servizi\/incentive\/responsabilita-sociale-dimpresa-malta\/\"]}]},{\"@type\":\"BreadcrumbList\",\"@id\":\"https:\/\/sit.com.mt\/it\/servizi\/incentive\/responsabilita-sociale-dimpresa-malta\/#breadcrumb\",\"itemListElement\":[{\"@type\":\"ListItem\",\"position\":1,\"name\":\"Home\",\"item\":\"https:\/\/sit.com.mt\/it\/\"},{\"@type\":\"ListItem\",\"position\":2,\"name\":\"Servizi\",\"item\":\"https:\/\/sit.com.mt\/it\/servizi\/\"},{\"@type\":\"ListItem\",\"position\":3,\"name\":\"Incentive\",\"item\":\"https:\/\/sit.com.mt\/it\/servizi\/incentive\/\"},{\"@type\":\"ListItem\",\"position\":4,\"name\":\"Responsabilit\u00e0 Sociale d\u2019Impresa\"}]},{\"@type\":\"WebSite\",\"@id\":\"https:\/\/sit.com.mt\/#website\",\"url\":\"https:\/\/sit.com.mt\/\",\"name\":\"SIT Malta\",\"description\":\"Unique Travel Programs\",\"publisher\":{\"@id\":\"https:\/\/sit.com.mt\/#organization\"},\"potentialAction\":[{\"@type\":\"SearchAction\",\"target\":{\"@type\":\"EntryPoint\",\"urlTemplate\":\"https:\/\/sit.com.mt\/?s={search_term_string}\"},\"query-input\":{\"@type\":\"PropertyValueSpecification\",\"valueRequired\":true,\"valueName\":\"search_term_string\"}}],\"inLanguage\":\"it-IT\"},{\"@type\":\"Organization\",\"@id\":\"https:\/\/sit.com.mt\/#organization\",\"name\":\"SIT Mailta\",\"url\":\"https:\/\/sit.com.mt\/\",\"logo\":{\"@type\":\"ImageObject\",\"inLanguage\":\"it-IT\",\"@id\":\"https:\/\/sit.com.mt\/#\/schema\/logo\/image\/\",\"url\":\"https:\/\/sit.com.mt\/wp-content\/uploads\/2020\/01\/main-logo-new.svg\",\"contentUrl\":\"https:\/\/sit.com.mt\/wp-content\/uploads\/2020\/01\/main-logo-new.svg\",\"width\":1,\"height\":1,\"caption\":\"SIT Mailta\"},\"image\":{\"@id\":\"https:\/\/sit.com.mt\/#\/schema\/logo\/image\/\"}}]}<\/script>\n<!-- \/ Yoast SEO plugin. -->","yoast_head_json":{"title":"Responsabilit\u00e0 Sociale d\u2019Impresa - SIT Malta","robots":{"index":"index","follow":"follow","max-snippet":"max-snippet:-1","max-image-preview":"max-image-preview:large","max-video-preview":"max-video-preview:-1"},"canonical":"https:\/\/sit.com.mt\/it\/servizi\/incentive\/responsabilita-sociale-dimpresa-malta\/","og_locale":"it_IT","og_type":"article","og_title":"Responsabilit\u00e0 Sociale d\u2019Impresa - SIT Malta","og_url":"https:\/\/sit.com.mt\/it\/servizi\/incentive\/responsabilita-sociale-dimpresa-malta\/","og_site_name":"SIT Malta","article_modified_time":"2021-02-07T11:20:26+00:00","twitter_card":"summary_large_image","schema":{"@context":"https:\/\/schema.org","@graph":[{"@type":"WebPage","@id":"https:\/\/sit.com.mt\/it\/servizi\/incentive\/responsabilita-sociale-dimpresa-malta\/","url":"https:\/\/sit.com.mt\/it\/servizi\/incentive\/responsabilita-sociale-dimpresa-malta\/","name":"Responsabilit\u00e0 Sociale d\u2019Impresa - SIT Malta","isPartOf":{"@id":"https:\/\/sit.com.mt\/#website"},"datePublished":"2020-01-15T08:55:34+00:00","dateModified":"2021-02-07T11:20:26+00:00","breadcrumb":{"@id":"https:\/\/sit.com.mt\/it\/servizi\/incentive\/responsabilita-sociale-dimpresa-malta\/#breadcrumb"},"inLanguage":"it-IT","potentialAction":[{"@type":"ReadAction","target":["https:\/\/sit.com.mt\/it\/servizi\/incentive\/responsabilita-sociale-dimpresa-malta\/"]}]},{"@type":"BreadcrumbList","@id":"https:\/\/sit.com.mt\/it\/servizi\/incentive\/responsabilita-sociale-dimpresa-malta\/#breadcrumb","itemListElement":[{"@type":"ListItem","position":1,"name":"Home","item":"https:\/\/sit.com.mt\/it\/"},{"@type":"ListItem","position":2,"name":"Servizi","item":"https:\/\/sit.com.mt\/it\/servizi\/"},{"@type":"ListItem","position":3,"name":"Incentive","item":"https:\/\/sit.com.mt\/it\/servizi\/incentive\/"},{"@type":"ListItem","position":4,"name":"Responsabilit\u00e0 Sociale d\u2019Impresa"}]},{"@type":"WebSite","@id":"https:\/\/sit.com.mt\/#website","url":"https:\/\/sit.com.mt\/","name":"SIT Malta","description":"Unique Travel Programs","publisher":{"@id":"https:\/\/sit.com.mt\/#organization"},"potentialAction":[{"@type":"SearchAction","target":{"@type":"EntryPoint","urlTemplate":"https:\/\/sit.com.mt\/?s={search_term_string}"},"query-input":{"@type":"PropertyValueSpecification","valueRequired":true,"valueName":"search_term_string"}}],"inLanguage":"it-IT"},{"@type":"Organization","@id":"https:\/\/sit.com.mt\/#organization","name":"SIT Mailta","url":"https:\/\/sit.com.mt\/","logo":{"@type":"ImageObject","inLanguage":"it-IT","@id":"https:\/\/sit.com.mt\/#\/schema\/logo\/image\/","url":"https:\/\/sit.com.mt\/wp-content\/uploads\/2020\/01\/main-logo-new.svg","contentUrl":"https:\/\/sit.com.mt\/wp-content\/uploads\/2020\/01\/main-logo-new.svg","width":1,"height":1,"caption":"SIT Mailta"},"image":{"@id":"https:\/\/sit.com.mt\/#\/schema\/logo\/image\/"}}]}},"_links":{"self":[{"href":"https:\/\/sit.com.mt\/it\/wp-json\/wp\/v2\/pages\/4587","targetHints":{"allow":["GET"]}}],"collection":[{"href":"https:\/\/sit.com.mt\/it\/wp-json\/wp\/v2\/pages"}],"about":[{"href":"https:\/\/sit.com.mt\/it\/wp-json\/wp\/v2\/types\/page"}],"author":[{"embeddable":true,"href":"https:\/\/sit.com.mt\/it\/wp-json\/wp\/v2\/users\/6"}],"replies":[{"embeddable":true,"href":"https:\/\/sit.com.mt\/it\/wp-json\/wp\/v2\/comments?post=4587"}],"version-history":[{"count":0,"href":"https:\/\/sit.com.mt\/it\/wp-json\/wp\/v2\/pages\/4587\/revisions"}],"up":[{"embeddable":true,"href":"https:\/\/sit.com.mt\/it\/wp-json\/wp\/v2\/pages\/4576"}],"wp:attachment":[{"href":"https:\/\/sit.com.mt\/it\/wp-json\/wp\/v2\/media?parent=4587"}],"wp:term":[{"taxonomy":"category","embeddable":true,"href":"https:\/\/sit.com.mt\/it\/wp-json\/wp\/v2\/categories?post=4587"}],"curies":[{"name":"wp","href":"https:\/\/api.w.org\/{rel}","templated":true}]}}