{"id":4613,"date":"2020-02-03T13:42:55","date_gmt":"2020-02-03T13:42:55","guid":{"rendered":"https:\/\/sit.com.mt\/special-interest-groups\/food-wine-tours\/"},"modified":"2021-09-06T14:39:12","modified_gmt":"2021-09-06T14:39:12","slug":"tour-enogastronomici","status":"publish","type":"page","link":"https:\/\/sit.com.mt\/it\/servizi\/special-interest-groups\/tour-enogastronomici\/","title":{"rendered":"Tour Enogastronomici"},"content":{"rendered":"<div class=\"landing-banner-block\">\n    <div class=\"landing-banner-wrap inline-bg-image lazyload\" style=\"background-image:inherit;\" data-bg-image=\"url(https:\/\/sit.com.mt\/wp-content\/uploads\/2020\/05\/farm-land-during-sunset-51947-e1592563518402.jpg)\">\n        \n            <div class=\"content-box\" data-aos=\"fade-up\">\n                                    <h1 class=\"h1\">Tour Enogastronomici<\/h1>\n                                                    <p class=\"para\">La storia della civilt\u00e0 maltese risale al 5000 a. C. e da allora ha subito numerose influenze, non solo nella cultura ma anche nella gastronomia. Tutti coloro che hanno conquistato Malta, hanno lasciato qui il loro segno: i romani, gli arabi e i cavalieri per cominciare. La cucina maltese \u00e8 il risultato di una lunga amicizia tra gli isolani e i numerosi coloni che nel corso degli anni hanno invaso le isole di Malta.\r\n<\/p>\n                            <\/div>\n            \n                    <\/div>\n        \n    <\/div>\n\n<div class=\"tsdb-block\">\n    <div class=\"tsdb-wrap grey-bg  no-bottom-padding\">\n            <div class=\"inner\">\n\n                                \n                                \n                                                    <div class=\"para\" data-aos=\"fade-up\"><p>Esplora la Malta rurale, incontra la gente del posto e assaggia le prelibatezze appena sfornate durante questo tour di un\u2019intera giornata fuori dai sentieri battuti. Condividerai questo tour con un gruppo molto piccolo di altri ospiti. Una guida locale metter\u00e0 in evidenza luoghi panoramici unici con affascinante importanza storica, culturale ed ecologica. Potrai sperimentare nuclei di villaggio e soprattutto visitare luoghi che non sono accessibili al turista normale \u2026 e nemmeno alla gente del posto!<\/p>\n<\/div>\n                \n                                                \n                                    <span class=\"full-arrow is-bottom long\" data-aos=\"fade-down\"><\/span>\n                \n            <\/div>\n\n                    <\/div>\n    \n    <\/div>\n\n<div class=\"tab-title-desc-block\">\n    <div class=\"tab-title-desc-wrap\">\n    <div class=\"inner clearfix\">\n\n        <ul id=\"tabs-nav\" class=\"tabs-nav\" data-aos=\"fade-right\">\n                                            \n                <li>\n                    <a href=\"#tabs-content\" data-tab=\"#tab1\" class=\"tab-nav\">\n                        <span class=\"step-title\">Giorno 1<\/span>\n                        <span class=\"tab-title\">ARRIVO CON ASSISTENZA<\/span>\n                        <span class=\"full-arrow is-right no-margin shortest\"><\/span>\n                    <\/a>\n                <\/li>\n\n                            \n                <li>\n                    <a href=\"#tabs-content\" data-tab=\"#tab2\" class=\"tab-nav\">\n                        <span class=\"step-title\">Giorno 2<\/span>\n                        <span class=\"tab-title\">GIORNATA INTERA A GOZO<\/span>\n                        <span class=\"full-arrow is-right no-margin shortest\"><\/span>\n                    <\/a>\n                <\/li>\n\n                            \n                <li>\n                    <a href=\"#tabs-content\" data-tab=\"#tab3\" class=\"tab-nav\">\n                        <span class=\"step-title\">Giorno 3<\/span>\n                        <span class=\"tab-title\">VALLETTA &#038; MDINA<\/span>\n                        <span class=\"full-arrow is-right no-margin shortest\"><\/span>\n                    <\/a>\n                <\/li>\n\n                            \n                <li>\n                    <a href=\"#tabs-content\" data-tab=\"#tab4\" class=\"tab-nav\">\n                        <span class=\"step-title\">Giorno 4<\/span>\n                        <span class=\"tab-title\">LE 3 CITT\u00c0 <\/span>\n                        <span class=\"full-arrow is-right no-margin shortest\"><\/span>\n                    <\/a>\n                <\/li>\n\n                            <\/ul>\n\n        <div id=\"tabs-content\" class=\"tabs-content\" data-aos=\"fade-left\">\n                                                            \n                <div id=\"tab1\" class=\"para tab-content\">\n                    <p>Durante la tua prima serata a Malta, vivi il miglior Folklore Dinner Show dell&#8217;isola, una serata di prelibatezze locali e balli tradizionali.<\/p>\n                <\/div>\n\n                                            \n                <div id=\"tab2\" class=\"para tab-content\">\n                    <p>Goditi un&#8217;avventura culinaria di un&#8217;intera giornata sull&#8217;isola di Gozo, sorella di Malta. Qui avrai una visita guidata di un uliveto, una passeggiata nel vigneto e un&#8217;esperienza interattiva con gli animali della fattoria. Durante questi tour sarai in grado di assaggiare il vino e il cibo locale dell&#8217;isola in ogni luogo. Per finire, avrai la straordinaria esperienza di Masterclass di Focaccia Baking da non perdere.<\/p>\n                <\/div>\n\n                                            \n                <div id=\"tab3\" class=\"para tab-content\">\n                    <p>Durante questo tour di un&#8217;intera giornata, avrai il privilegio di visitare l&#8217;attuale capitale di Malta, La Valletta; e la vecchia capitale, Mdina, conosciuta anche come la citt\u00e0 silenziosa. A queste visite seguir\u00e0 poi una squisita degustazione di formaggi e vini che sicuramente ti far\u00e0 desiderare di pi\u00f9.<\/p>\n                <\/div>\n\n                                            \n                <div id=\"tab4\" class=\"para tab-content\">\n                    <p>Durante il tuo ultimo giorno, ti godrai un tour di mezza giornata del &#8220;Limestone Heritage&#8221;, una vecchia cava trasformata in un&#8217;attrazione turistica. Qui, godrai di un pranzo a buffet contadino composto da prelibatezze maltesi.<\/p>\n<p>Partenza con assistenza.<\/p>\n                <\/div>\n\n                            <\/div>\n    <\/div>\n<\/div><\/div>\n\n<div class=\"image-slider-block\">\n    <div class=\"image-slider-wrap\">\n\n    <div class=\"slider-container no-padding\" data-aos=\"fade-up\">\n        <div class=\"image-slider\">\n                                    \n                                \n                    <div>\n                        <div class=\"img inline-bg-image lazyload\" role=\"img\" aria-label=\"Cheese\" style=\"background-image:inherit;\" data-bg-image=\"url(https:\/\/sit.com.mt\/wp-content\/uploads\/2020\/02\/1024px-Malta_Gbejniet-min.jpg)\"><\/div>\n                    <\/div>\n\n                                        \n                            \n                                \n                    <div>\n                        <div class=\"img inline-bg-image lazyload\" role=\"img\" aria-label=\"Maltese sweets\" style=\"background-image:inherit;\" data-bg-image=\"url(https:\/\/sit.com.mt\/wp-content\/uploads\/2020\/02\/cookies-1643790_1920-min.jpg)\"><\/div>\n                    <\/div>\n\n                                        \n                            \n                                \n                    <div>\n                        <div class=\"img inline-bg-image lazyload\" role=\"img\" aria-label=\"Honey rings\" style=\"background-image:inherit;\" data-bg-image=\"url(https:\/\/sit.com.mt\/wp-content\/uploads\/2020\/02\/malta-821188_1920-min.jpg)\"><\/div>\n                    <\/div>\n\n                                        \n                            \n                                \n                    <div>\n                        <div class=\"img inline-bg-image lazyload\" role=\"img\" aria-label=\"Wine glasses\" style=\"background-image:inherit;\" data-bg-image=\"url(https:\/\/sit.com.mt\/wp-content\/uploads\/2020\/02\/rose-table-holidays-tableware-min.jpg)\"><\/div>\n                    <\/div>\n\n                                        \n                            \n                                \n                    <div>\n                        <div class=\"img inline-bg-image lazyload\" role=\"img\" aria-label=\"Traditional sweets\" style=\"background-image:inherit;\" data-bg-image=\"url(https:\/\/sit.com.mt\/wp-content\/uploads\/2020\/02\/S\u00fc\u00dfigkeiten_auf_dem_Markt_von_Marsaxlokk_Nov_2014-min.jpg)\"><\/div>\n                    <\/div>\n\n                                        \n                            \n                                                        \n                            <\/div>\n        <span class=\"prevBtn\" tabindex=\"1\">\n            <span class=\"full-arrow is-left short white\"><\/span>\n        <\/span>\n        <span class=\"nextBtn\" tabindex=\"1\">\n            <span class=\"full-arrow is-right short white\"><\/span>\n        <\/span>\n    <\/div>\n<\/div><\/div>\n\n<div class=\"tsdb-block\">\n    <div class=\"tsdb-wrap grey-bg  \">\n            <div class=\"inner\">\n\n                                \n                                \n                                                    <div class=\"para\" data-aos=\"fade-up\"><p>Scopri di pi\u00f9 sulla storia della gastronomia maltese e celebra i tuoi sensi con campioni dei migliori prodotti di Malta.<\/p>\n<\/div>\n                \n                                                    <a href=\"\/it\/contattaci\/\" class=\"button\" target=\"\" data-aos=\"fade-up\">CONTATTACI<\/a>\n                                \n                \n            <\/div>\n\n                    <\/div>\n    \n    <\/div>\n\n<div class=\"image-desc-blocks-block\">\n    <div class=\"image-desc-blocks-wrap\">\n                    <a href=\"\/it\/special-interest-groups\/agriturismo\" class=\"link-wrap\" target=\"\">\n            <div class=\"img-desc-box\" data-aos=\"fade-up\" data-aos-offset=\"50\">\n\n                                <div class=\"img inline-bg-image lazyload\" role=\"img\" aria-label=\"Orange Trees At Maltese Gardens\" style=\"background-image:inherit;\" data-bg-image=\"url(https:\/\/sit.com.mt\/wp-content\/uploads\/2020\/02\/orange-tree.jpg)\"><\/div>\n\n                <div class=\"block-title\">\n                    <div class=\"title\">AGRITURISMO<\/div>\n                <\/div>\n\n                <div class=\"block-content\">\n                    <div class=\"title\">AGRITURISMO<\/div>\n                    \n                    <p class=\"para\">I nostri tour sono adatti a gruppi di tutte le et\u00e0, incoraggiano una crescita rurale sostenibile e forniscono esperienze reali.\r\n<\/p>\n                    \n                                            <span class=\"more-link\">SCOPRI DI PI\u00d9<\/span>\n                                    <\/div>\n\n            <\/div>\n        <\/a>\n                    <a href=\"\/it\/special-interest-groups\/tour-a-piedi\" class=\"link-wrap\" target=\"\">\n            <div class=\"img-desc-box\" data-aos=\"fade-up\" data-aos-offset=\"50\">\n\n                                <div class=\"img inline-bg-image lazyload\" role=\"img\" aria-label=\"Feet walking\" style=\"background-image:inherit;\" data-bg-image=\"url(https:\/\/sit.com.mt\/wp-content\/uploads\/2020\/01\/fashion-footwear-grass-outdoors-631986-scaled.jpg)\"><\/div>\n\n                <div class=\"block-title\">\n                    <div class=\"title\">TOUR A PIEDI<\/div>\n                <\/div>\n\n                <div class=\"block-content\">\n                    <div class=\"title\">TOUR A PIEDI<\/div>\n                    \n                    <p class=\"para\">Scopri la storia di Malta durante la Seconda Guerra Mondiale passeggiando per Valletta. Ammira i memoriali di guerra come il monumento RAF, la Porta Reale, Piazza del Teatro, Strada Stretta, Mishra San Geroge e il Victoria Gate.\r\n<\/p>\n                    \n                                            <span class=\"more-link\">SCOPRI DI PI\u00d9<\/span>\n                                    <\/div>\n\n            <\/div>\n        <\/a>\n                    <a href=\"\/it\/special-interest-groups\/culturale\" class=\"link-wrap\" target=\"\">\n            <div class=\"img-desc-box\" data-aos=\"fade-up\" data-aos-offset=\"50\">\n\n                                <div class=\"img inline-bg-image lazyload\" role=\"img\" aria-label=\"Mdina Entrance\" style=\"background-image:inherit;\" data-bg-image=\"url(https:\/\/sit.com.mt\/wp-content\/uploads\/2020\/02\/mdina-gate.jpg)\"><\/div>\n\n                <div class=\"block-title\">\n                    <div class=\"title\">CULTURALE<\/div>\n                <\/div>\n\n                <div class=\"block-content\">\n                    <div class=\"title\">CULTURALE<\/div>\n                    \n                    <p class=\"para\">Scopri gli antichi templi megalitici di Malta e i migliori siti archeologici con la loro storia affascinante. \r\n<\/p>\n                    \n                                            <span class=\"more-link\">SCOPRI DI PI\u00d9<\/span>\n                                    <\/div>\n\n            <\/div>\n        <\/a>\n    <\/div><\/div>","protected":false},"excerpt":{"rendered":"","protected":false},"author":6,"featured_media":0,"parent":4596,"menu_order":0,"comment_status":"closed","ping_status":"closed","template":"","meta":{"footnotes":""},"categories":[],"class_list":["post-4613","page","type-page","status-publish","hentry"],"acf":[],"yoast_head":"<!-- This site is optimized with the Yoast SEO plugin v25.3 - https:\/\/yoast.com\/wordpress\/plugins\/seo\/ -->\n<title>Tour Enogastronomici - SIT Malta<\/title>\n<meta name=\"description\" content=\"A journey into the Maltese cuisine and enjoy traditional food that Malta has to offer, from cheeses to savoury, from sweets and wines.\" \/>\n<meta name=\"robots\" content=\"index, follow, max-snippet:-1, max-image-preview:large, max-video-preview:-1\" \/>\n<link rel=\"canonical\" href=\"https:\/\/sit.com.mt\/it\/servizi\/special-interest-groups\/tour-enogastronomici\/\" \/>\n<meta property=\"og:locale\" content=\"it_IT\" \/>\n<meta property=\"og:type\" content=\"article\" \/>\n<meta property=\"og:title\" content=\"Tour Enogastronomici - SIT Malta\" \/>\n<meta property=\"og:description\" content=\"A journey into the Maltese cuisine and enjoy traditional food that Malta has to offer, from cheeses to savoury, from sweets and wines.\" \/>\n<meta property=\"og:url\" content=\"https:\/\/sit.com.mt\/it\/servizi\/special-interest-groups\/tour-enogastronomici\/\" \/>\n<meta property=\"og:site_name\" content=\"SIT Malta\" \/>\n<meta property=\"article:modified_time\" content=\"2021-09-06T14:39:12+00:00\" \/>\n<meta name=\"twitter:card\" content=\"summary_large_image\" \/>\n<script type=\"application\/ld+json\" class=\"yoast-schema-graph\">{\"@context\":\"https:\/\/schema.org\",\"@graph\":[{\"@type\":\"WebPage\",\"@id\":\"https:\/\/sit.com.mt\/it\/servizi\/special-interest-groups\/tour-enogastronomici\/\",\"url\":\"https:\/\/sit.com.mt\/it\/servizi\/special-interest-groups\/tour-enogastronomici\/\",\"name\":\"Tour Enogastronomici - SIT Malta\",\"isPartOf\":{\"@id\":\"https:\/\/sit.com.mt\/#website\"},\"datePublished\":\"2020-02-03T13:42:55+00:00\",\"dateModified\":\"2021-09-06T14:39:12+00:00\",\"description\":\"A journey into the Maltese cuisine and enjoy traditional food that Malta has to offer, from cheeses to savoury, from sweets and wines.\",\"breadcrumb\":{\"@id\":\"https:\/\/sit.com.mt\/it\/servizi\/special-interest-groups\/tour-enogastronomici\/#breadcrumb\"},\"inLanguage\":\"it-IT\",\"potentialAction\":[{\"@type\":\"ReadAction\",\"target\":[\"https:\/\/sit.com.mt\/it\/servizi\/special-interest-groups\/tour-enogastronomici\/\"]}]},{\"@type\":\"BreadcrumbList\",\"@id\":\"https:\/\/sit.com.mt\/it\/servizi\/special-interest-groups\/tour-enogastronomici\/#breadcrumb\",\"itemListElement\":[{\"@type\":\"ListItem\",\"position\":1,\"name\":\"Home\",\"item\":\"https:\/\/sit.com.mt\/it\/\"},{\"@type\":\"ListItem\",\"position\":2,\"name\":\"Servizi\",\"item\":\"https:\/\/sit.com.mt\/it\/servizi\/\"},{\"@type\":\"ListItem\",\"position\":3,\"name\":\"Special Interest Groups\",\"item\":\"https:\/\/sit.com.mt\/it\/servizi\/special-interest-groups\/\"},{\"@type\":\"ListItem\",\"position\":4,\"name\":\"Tour Enogastronomici\"}]},{\"@type\":\"WebSite\",\"@id\":\"https:\/\/sit.com.mt\/#website\",\"url\":\"https:\/\/sit.com.mt\/\",\"name\":\"SIT Malta\",\"description\":\"Unique Travel Programs\",\"publisher\":{\"@id\":\"https:\/\/sit.com.mt\/#organization\"},\"potentialAction\":[{\"@type\":\"SearchAction\",\"target\":{\"@type\":\"EntryPoint\",\"urlTemplate\":\"https:\/\/sit.com.mt\/?s={search_term_string}\"},\"query-input\":{\"@type\":\"PropertyValueSpecification\",\"valueRequired\":true,\"valueName\":\"search_term_string\"}}],\"inLanguage\":\"it-IT\"},{\"@type\":\"Organization\",\"@id\":\"https:\/\/sit.com.mt\/#organization\",\"name\":\"SIT Mailta\",\"url\":\"https:\/\/sit.com.mt\/\",\"logo\":{\"@type\":\"ImageObject\",\"inLanguage\":\"it-IT\",\"@id\":\"https:\/\/sit.com.mt\/#\/schema\/logo\/image\/\",\"url\":\"https:\/\/sit.com.mt\/wp-content\/uploads\/2020\/01\/main-logo-new.svg\",\"contentUrl\":\"https:\/\/sit.com.mt\/wp-content\/uploads\/2020\/01\/main-logo-new.svg\",\"width\":1,\"height\":1,\"caption\":\"SIT Mailta\"},\"image\":{\"@id\":\"https:\/\/sit.com.mt\/#\/schema\/logo\/image\/\"}}]}<\/script>\n<!-- \/ Yoast SEO plugin. -->","yoast_head_json":{"title":"Tour Enogastronomici - SIT Malta","description":"A journey into the Maltese cuisine and enjoy traditional food that Malta has to offer, from cheeses to savoury, from sweets and wines.","robots":{"index":"index","follow":"follow","max-snippet":"max-snippet:-1","max-image-preview":"max-image-preview:large","max-video-preview":"max-video-preview:-1"},"canonical":"https:\/\/sit.com.mt\/it\/servizi\/special-interest-groups\/tour-enogastronomici\/","og_locale":"it_IT","og_type":"article","og_title":"Tour Enogastronomici - SIT Malta","og_description":"A journey into the Maltese cuisine and enjoy traditional food that Malta has to offer, from cheeses to savoury, from sweets and wines.","og_url":"https:\/\/sit.com.mt\/it\/servizi\/special-interest-groups\/tour-enogastronomici\/","og_site_name":"SIT Malta","article_modified_time":"2021-09-06T14:39:12+00:00","twitter_card":"summary_large_image","schema":{"@context":"https:\/\/schema.org","@graph":[{"@type":"WebPage","@id":"https:\/\/sit.com.mt\/it\/servizi\/special-interest-groups\/tour-enogastronomici\/","url":"https:\/\/sit.com.mt\/it\/servizi\/special-interest-groups\/tour-enogastronomici\/","name":"Tour Enogastronomici - SIT Malta","isPartOf":{"@id":"https:\/\/sit.com.mt\/#website"},"datePublished":"2020-02-03T13:42:55+00:00","dateModified":"2021-09-06T14:39:12+00:00","description":"A journey into the Maltese cuisine and enjoy traditional food that Malta has to offer, from cheeses to savoury, from sweets and wines.","breadcrumb":{"@id":"https:\/\/sit.com.mt\/it\/servizi\/special-interest-groups\/tour-enogastronomici\/#breadcrumb"},"inLanguage":"it-IT","potentialAction":[{"@type":"ReadAction","target":["https:\/\/sit.com.mt\/it\/servizi\/special-interest-groups\/tour-enogastronomici\/"]}]},{"@type":"BreadcrumbList","@id":"https:\/\/sit.com.mt\/it\/servizi\/special-interest-groups\/tour-enogastronomici\/#breadcrumb","itemListElement":[{"@type":"ListItem","position":1,"name":"Home","item":"https:\/\/sit.com.mt\/it\/"},{"@type":"ListItem","position":2,"name":"Servizi","item":"https:\/\/sit.com.mt\/it\/servizi\/"},{"@type":"ListItem","position":3,"name":"Special Interest Groups","item":"https:\/\/sit.com.mt\/it\/servizi\/special-interest-groups\/"},{"@type":"ListItem","position":4,"name":"Tour Enogastronomici"}]},{"@type":"WebSite","@id":"https:\/\/sit.com.mt\/#website","url":"https:\/\/sit.com.mt\/","name":"SIT Malta","description":"Unique Travel Programs","publisher":{"@id":"https:\/\/sit.com.mt\/#organization"},"potentialAction":[{"@type":"SearchAction","target":{"@type":"EntryPoint","urlTemplate":"https:\/\/sit.com.mt\/?s={search_term_string}"},"query-input":{"@type":"PropertyValueSpecification","valueRequired":true,"valueName":"search_term_string"}}],"inLanguage":"it-IT"},{"@type":"Organization","@id":"https:\/\/sit.com.mt\/#organization","name":"SIT Mailta","url":"https:\/\/sit.com.mt\/","logo":{"@type":"ImageObject","inLanguage":"it-IT","@id":"https:\/\/sit.com.mt\/#\/schema\/logo\/image\/","url":"https:\/\/sit.com.mt\/wp-content\/uploads\/2020\/01\/main-logo-new.svg","contentUrl":"https:\/\/sit.com.mt\/wp-content\/uploads\/2020\/01\/main-logo-new.svg","width":1,"height":1,"caption":"SIT Mailta"},"image":{"@id":"https:\/\/sit.com.mt\/#\/schema\/logo\/image\/"}}]}},"_links":{"self":[{"href":"https:\/\/sit.com.mt\/it\/wp-json\/wp\/v2\/pages\/4613","targetHints":{"allow":["GET"]}}],"collection":[{"href":"https:\/\/sit.com.mt\/it\/wp-json\/wp\/v2\/pages"}],"about":[{"href":"https:\/\/sit.com.mt\/it\/wp-json\/wp\/v2\/types\/page"}],"author":[{"embeddable":true,"href":"https:\/\/sit.com.mt\/it\/wp-json\/wp\/v2\/users\/6"}],"replies":[{"embeddable":true,"href":"https:\/\/sit.com.mt\/it\/wp-json\/wp\/v2\/comments?post=4613"}],"version-history":[{"count":0,"href":"https:\/\/sit.com.mt\/it\/wp-json\/wp\/v2\/pages\/4613\/revisions"}],"up":[{"embeddable":true,"href":"https:\/\/sit.com.mt\/it\/wp-json\/wp\/v2\/pages\/4596"}],"wp:attachment":[{"href":"https:\/\/sit.com.mt\/it\/wp-json\/wp\/v2\/media?parent=4613"}],"wp:term":[{"taxonomy":"category","embeddable":true,"href":"https:\/\/sit.com.mt\/it\/wp-json\/wp\/v2\/categories?post=4613"}],"curies":[{"name":"wp","href":"https:\/\/api.w.org\/{rel}","templated":true}]}}