{"id":4618,"date":"2020-02-05T09:42:10","date_gmt":"2020-02-05T09:42:10","guid":{"rendered":"https:\/\/sit.com.mt\/special-interest-groups\/scuba-diving\/"},"modified":"2021-09-03T12:07:14","modified_gmt":"2021-09-03T12:07:14","slug":"immersioni","status":"publish","type":"page","link":"https:\/\/sit.com.mt\/it\/servizi\/special-interest-groups\/immersioni\/","title":{"rendered":"Immersioni"},"content":{"rendered":"<div class=\"landing-banner-block\">\n    <div class=\"landing-banner-wrap inline-bg-image lazyload\" style=\"background-image:inherit;\" data-bg-image=\"url(https:\/\/sit.com.mt\/wp-content\/uploads\/2020\/02\/cave-diving-palau-pacific-min.jpg)\">\n        \n            <div class=\"content-box\" data-aos=\"fade-up\">\n                                    <h1 class=\"h1\">Immersioni<\/h1>\n                                                    <p class=\"para\">Il mare maltese calmo e limpido offre un&#8217;eccellente visibilit\u00e0, mentre la possibilit\u00e0 di pesci pericolosi \u00e8 estremamente bassa e finalment vengono accontentati sia i sub professionisti che i principianti. Ci sono molte immersioni difficili tra cui scegliere per i subacquei pi\u00f9 esperti.\r\n<\/p>\n                            <\/div>\n            \n                    <\/div>\n        \n    <\/div>\n\n<div class=\"tsdb-block\">\n    <div class=\"tsdb-wrap grey-bg  no-bottom-padding\">\n            <div class=\"inner\">\n\n                                                    <h2 class=\"h2\" data-aos=\"fade-up\">Immersioni<\/h2>\n                \n                                \n                                                    <div class=\"para\" data-aos=\"fade-up\"><p>Il mare blu Mediterraneo delle isole maltese \u00e8 ideale per l&#8217;immersione dello scuba. queste tre isole offrono alcune opportunit\u00e0 di immersione incredibili con una abbondanza di grotte e relitti che fanno di questo posto uno dei pi\u00f9 affascinanti del Mediterraneo per le immersioni.<\/p>\n<\/div>\n                \n                                                \n                                    <span class=\"full-arrow is-bottom long\" data-aos=\"fade-down\"><\/span>\n                \n            <\/div>\n\n                    <\/div>\n    \n    <\/div>\n\n<div class=\"tab-title-desc-block\">\n    <div class=\"tab-title-desc-wrap\">\n    <div class=\"inner clearfix\">\n\n        <ul id=\"tabs-nav\" class=\"tabs-nav\" data-aos=\"fade-right\">\n                                            \n                <li>\n                    <a href=\"#tabs-content\" data-tab=\"#tab1\" class=\"tab-nav\">\n                        <span class=\"step-title\">Giorno 1<\/span>\n                        <span class=\"tab-title\">ARRIVO CON ASSISTENZA<\/span>\n                        <span class=\"full-arrow is-right no-margin shortest\"><\/span>\n                    <\/a>\n                <\/li>\n\n                            \n                <li>\n                    <a href=\"#tabs-content\" data-tab=\"#tab2\" class=\"tab-nav\">\n                        <span class=\"step-title\">Giorno 2<\/span>\n                        <span class=\"tab-title\">GIORNATA INTERA DI IMMERSIONI A MALTA<\/span>\n                        <span class=\"full-arrow is-right no-margin shortest\"><\/span>\n                    <\/a>\n                <\/li>\n\n                            \n                <li>\n                    <a href=\"#tabs-content\" data-tab=\"#tab3\" class=\"tab-nav\">\n                        <span class=\"step-title\">Giorno 3<\/span>\n                        <span class=\"tab-title\">GIORNATA INTERA DI IMMERSIONI A GOZO<\/span>\n                        <span class=\"full-arrow is-right no-margin shortest\"><\/span>\n                    <\/a>\n                <\/li>\n\n                            \n                <li>\n                    <a href=\"#tabs-content\" data-tab=\"#tab4\" class=\"tab-nav\">\n                        <span class=\"step-title\">Giorno 4<\/span>\n                        <span class=\"tab-title\">GIORNATA INTERA DI IMMERSIONI A COMINO<\/span>\n                        <span class=\"full-arrow is-right no-margin shortest\"><\/span>\n                    <\/a>\n                <\/li>\n\n                            \n                <li>\n                    <a href=\"#tabs-content\" data-tab=\"#tab5\" class=\"tab-nav\">\n                        <span class=\"step-title\">Giorno 5<\/span>\n                        <span class=\"tab-title\">PREPARARSI AL VOLO IN ANTICIPO<\/span>\n                        <span class=\"full-arrow is-right no-margin shortest\"><\/span>\n                    <\/a>\n                <\/li>\n\n                            \n                <li>\n                    <a href=\"#tabs-content\" data-tab=\"#tab6\" class=\"tab-nav\">\n                        <span class=\"step-title\">Giorno 6<\/span>\n                        <span class=\"tab-title\">PARTENZA <\/span>\n                        <span class=\"full-arrow is-right no-margin shortest\"><\/span>\n                    <\/a>\n                <\/li>\n\n                            <\/ul>\n\n        <div id=\"tabs-content\" class=\"tabs-content\" data-aos=\"fade-left\">\n                                                            \n                <div id=\"tab1\" class=\"para tab-content\">\n                    <p>Il giorno dell&#8217;arrivo, godrai di una rilassante mezza giornata di immersioni subacquee a Fortizza Reef, adatta a tutti i livelli di esperienza. Questa zona ha molte caverne, tunnel, archi e molte altre aree da esplorare, tra cui una sorprendente quantit\u00e0 di vita marina.<\/p>\n                <\/div>\n\n                                            \n                <div id=\"tab2\" class=\"para tab-content\">\n                    <p>Il secondo giorno, sarai in grado di esplorare completamente le aree di immersione di Malta, tra cui le Grotte di Marfa Point, Ghar Lapsi e il sud-ovest di Wied iz-Zurrieq, dove \u00e8 possibile esplorare il relitto UM-EL-Faroud. Per rendere questa giornata pi\u00f9 interessante, viaggerai in jeep per ogni posizione.<\/p>\n                <\/div>\n\n                                            \n                <div id=\"tab3\" class=\"para tab-content\">\n                    <p>L&#8217;isola gemella di Gozo, a Malta, \u00e8 anche un paradiso per le immersioni, con luoghi come Coral Cave, Double Arch Reef e Mgarr ix-Xini. AncheIn durante questa giornata ti sposterai in jeep, che ti consentir\u00e0 di apprezzare la bellezza unica di Gozo.<\/p>\n                <\/div>\n\n                                            \n                <div id=\"tab4\" class=\"para tab-content\">\n                    <p>Comino \u00e8 un&#8217;altra isola dell&#8217;arcipelago maltese e si trova tra Malta e Gozo. Su questa piccola isola, imparerai a conoscere il Lantern Point, il Cominotto Rock e la sua barriera corallina e esplorerai anche le Grotte di Santa Marija. Un&#8217;esperienza da non perdere!<\/p>\n                <\/div>\n\n                                            \n                <div id=\"tab5\" class=\"para tab-content\">\n                    <p>Preparati per il volo in anticipo ed espelli l&#8217;azoto con una giornata avventurosa senza immersioni. Prova l&#8217;attraversamento a livello del mare che ti consente di provare l&#8217;arrampicata su roccia, ma con l&#8217;ulteriore vantaggio di una caduta in mare molto breve se non dovessi essere in grado di continuare il percorso prescelto.<\/p>\n                <\/div>\n\n                                            \n                <div id=\"tab6\" class=\"para tab-content\">\n                    <p>Partenza con assisstenza<\/p>\n                <\/div>\n\n                            <\/div>\n    <\/div>\n<\/div><\/div>\n\n<div class=\"image-slider-block\">\n    <div class=\"image-slider-wrap\">\n\n    <div class=\"slider-container no-padding\" data-aos=\"fade-up\">\n        <div class=\"image-slider\">\n                                    \n                                \n                    <div>\n                        <div class=\"img inline-bg-image lazyload\" role=\"img\" aria-label=\"Scuba Diving\" style=\"background-image:inherit;\" data-bg-image=\"url(https:\/\/sit.com.mt\/wp-content\/uploads\/2020\/02\/scuba-diver-1049945_1920-min.jpg)\"><\/div>\n                    <\/div>\n\n                                        \n                            \n                                \n                    <div>\n                        <div class=\"img inline-bg-image lazyload\" role=\"img\" aria-label=\"Diving\" style=\"background-image:inherit;\" data-bg-image=\"url(https:\/\/sit.com.mt\/wp-content\/uploads\/2020\/02\/diving-underwater-sea-scuba-min.jpg)\"><\/div>\n                    <\/div>\n\n                                        \n                            \n                                \n                    <div>\n                        <div class=\"img inline-bg-image lazyload\" role=\"img\" aria-label=\"Diving cave\" style=\"background-image:inherit;\" data-bg-image=\"url(https:\/\/sit.com.mt\/wp-content\/uploads\/2020\/02\/diving-1151577_1280-min.jpg)\"><\/div>\n                    <\/div>\n\n                                        \n                            \n                                \n                    <div>\n                        <div class=\"img inline-bg-image lazyload\" role=\"img\" aria-label=\"Diving\" style=\"background-image:inherit;\" data-bg-image=\"url(https:\/\/sit.com.mt\/wp-content\/uploads\/2020\/02\/cave-diving-palau-pacific-min.jpg)\"><\/div>\n                    <\/div>\n\n                                        \n                            \n                                \n                    <div>\n                        <div class=\"img inline-bg-image lazyload\" role=\"img\" aria-label=\"Diving wreck\" style=\"background-image:inherit;\" data-bg-image=\"url(https:\/\/sit.com.mt\/wp-content\/uploads\/2020\/02\/14925300645_5baeb552c4_c-min.jpg)\"><\/div>\n                    <\/div>\n\n                                        \n                            <\/div>\n        <span class=\"prevBtn\" tabindex=\"1\">\n            <span class=\"full-arrow is-left short white\"><\/span>\n        <\/span>\n        <span class=\"nextBtn\" tabindex=\"1\">\n            <span class=\"full-arrow is-right short white\"><\/span>\n        <\/span>\n    <\/div>\n<\/div><\/div>\n\n<div class=\"tsdb-block\">\n    <div class=\"tsdb-wrap grey-bg includes-bg-text \">\n            <div class=\"inner\">\n\n                                \n                                \n                                                    <div class=\"para\" data-aos=\"fade-up\"><p>Se vuoi semplicemente immergerti a Malta, ci sono cos\u00ec tanti siti di immersione tra cui scegliere. Non \u00e8 nemmeno rilevante se non hai un partner, lascia che uno dei nostri istruttori professionisti ti guidi in alcune delle migliori immersioni del Mediterraneo.<\/p>\n<\/div>\n                \n                                                    <a href=\"\/contattaci\/?lang=it\" class=\"button\" target=\"\" data-aos=\"fade-up\">CONTATTACI<\/a>\n                                \n                \n            <\/div>\n\n                            <div class=\"bg-text\" data-aos=\"fade-up\">Tranquility<\/div>\n                    <\/div>\n    \n    <\/div>\n\n","protected":false},"excerpt":{"rendered":"","protected":false},"author":6,"featured_media":0,"parent":4596,"menu_order":0,"comment_status":"closed","ping_status":"closed","template":"","meta":{"footnotes":""},"categories":[],"class_list":["post-4618","page","type-page","status-publish","hentry"],"acf":[],"yoast_head":"<!-- This site is optimized with the Yoast SEO plugin v25.3 - https:\/\/yoast.com\/wordpress\/plugins\/seo\/ -->\n<title>Immersioni - SIT Malta<\/title>\n<meta name=\"description\" content=\"Dive into the deep blue sea and explore the hidden treasures and sea life found in the Maltese waters with a full programme organised by SIT.\" \/>\n<meta name=\"robots\" content=\"index, follow, max-snippet:-1, max-image-preview:large, max-video-preview:-1\" \/>\n<link rel=\"canonical\" href=\"https:\/\/sit.com.mt\/it\/servizi\/special-interest-groups\/immersioni\/\" \/>\n<meta property=\"og:locale\" content=\"it_IT\" \/>\n<meta property=\"og:type\" content=\"article\" \/>\n<meta property=\"og:title\" content=\"Immersioni - SIT Malta\" \/>\n<meta property=\"og:description\" content=\"Dive into the deep blue sea and explore the hidden treasures and sea life found in the Maltese waters with a full programme organised by SIT.\" \/>\n<meta property=\"og:url\" content=\"https:\/\/sit.com.mt\/it\/servizi\/special-interest-groups\/immersioni\/\" \/>\n<meta property=\"og:site_name\" content=\"SIT Malta\" \/>\n<meta property=\"article:modified_time\" content=\"2021-09-03T12:07:14+00:00\" \/>\n<meta name=\"twitter:card\" content=\"summary_large_image\" \/>\n<script type=\"application\/ld+json\" class=\"yoast-schema-graph\">{\"@context\":\"https:\/\/schema.org\",\"@graph\":[{\"@type\":\"WebPage\",\"@id\":\"https:\/\/sit.com.mt\/it\/servizi\/special-interest-groups\/immersioni\/\",\"url\":\"https:\/\/sit.com.mt\/it\/servizi\/special-interest-groups\/immersioni\/\",\"name\":\"Immersioni - SIT Malta\",\"isPartOf\":{\"@id\":\"https:\/\/sit.com.mt\/#website\"},\"datePublished\":\"2020-02-05T09:42:10+00:00\",\"dateModified\":\"2021-09-03T12:07:14+00:00\",\"description\":\"Dive into the deep blue sea and explore the hidden treasures and sea life found in the Maltese waters with a full programme organised by SIT.\",\"breadcrumb\":{\"@id\":\"https:\/\/sit.com.mt\/it\/servizi\/special-interest-groups\/immersioni\/#breadcrumb\"},\"inLanguage\":\"it-IT\",\"potentialAction\":[{\"@type\":\"ReadAction\",\"target\":[\"https:\/\/sit.com.mt\/it\/servizi\/special-interest-groups\/immersioni\/\"]}]},{\"@type\":\"BreadcrumbList\",\"@id\":\"https:\/\/sit.com.mt\/it\/servizi\/special-interest-groups\/immersioni\/#breadcrumb\",\"itemListElement\":[{\"@type\":\"ListItem\",\"position\":1,\"name\":\"Home\",\"item\":\"https:\/\/sit.com.mt\/it\/\"},{\"@type\":\"ListItem\",\"position\":2,\"name\":\"Servizi\",\"item\":\"https:\/\/sit.com.mt\/it\/servizi\/\"},{\"@type\":\"ListItem\",\"position\":3,\"name\":\"Special Interest Groups\",\"item\":\"https:\/\/sit.com.mt\/it\/servizi\/special-interest-groups\/\"},{\"@type\":\"ListItem\",\"position\":4,\"name\":\"Immersioni\"}]},{\"@type\":\"WebSite\",\"@id\":\"https:\/\/sit.com.mt\/#website\",\"url\":\"https:\/\/sit.com.mt\/\",\"name\":\"SIT Malta\",\"description\":\"Unique Travel Programs\",\"publisher\":{\"@id\":\"https:\/\/sit.com.mt\/#organization\"},\"potentialAction\":[{\"@type\":\"SearchAction\",\"target\":{\"@type\":\"EntryPoint\",\"urlTemplate\":\"https:\/\/sit.com.mt\/?s={search_term_string}\"},\"query-input\":{\"@type\":\"PropertyValueSpecification\",\"valueRequired\":true,\"valueName\":\"search_term_string\"}}],\"inLanguage\":\"it-IT\"},{\"@type\":\"Organization\",\"@id\":\"https:\/\/sit.com.mt\/#organization\",\"name\":\"SIT Mailta\",\"url\":\"https:\/\/sit.com.mt\/\",\"logo\":{\"@type\":\"ImageObject\",\"inLanguage\":\"it-IT\",\"@id\":\"https:\/\/sit.com.mt\/#\/schema\/logo\/image\/\",\"url\":\"https:\/\/sit.com.mt\/wp-content\/uploads\/2020\/01\/main-logo-new.svg\",\"contentUrl\":\"https:\/\/sit.com.mt\/wp-content\/uploads\/2020\/01\/main-logo-new.svg\",\"width\":1,\"height\":1,\"caption\":\"SIT Mailta\"},\"image\":{\"@id\":\"https:\/\/sit.com.mt\/#\/schema\/logo\/image\/\"}}]}<\/script>\n<!-- \/ Yoast SEO plugin. -->","yoast_head_json":{"title":"Immersioni - SIT Malta","description":"Dive into the deep blue sea and explore the hidden treasures and sea life found in the Maltese waters with a full programme organised by SIT.","robots":{"index":"index","follow":"follow","max-snippet":"max-snippet:-1","max-image-preview":"max-image-preview:large","max-video-preview":"max-video-preview:-1"},"canonical":"https:\/\/sit.com.mt\/it\/servizi\/special-interest-groups\/immersioni\/","og_locale":"it_IT","og_type":"article","og_title":"Immersioni - SIT Malta","og_description":"Dive into the deep blue sea and explore the hidden treasures and sea life found in the Maltese waters with a full programme organised by SIT.","og_url":"https:\/\/sit.com.mt\/it\/servizi\/special-interest-groups\/immersioni\/","og_site_name":"SIT Malta","article_modified_time":"2021-09-03T12:07:14+00:00","twitter_card":"summary_large_image","schema":{"@context":"https:\/\/schema.org","@graph":[{"@type":"WebPage","@id":"https:\/\/sit.com.mt\/it\/servizi\/special-interest-groups\/immersioni\/","url":"https:\/\/sit.com.mt\/it\/servizi\/special-interest-groups\/immersioni\/","name":"Immersioni - SIT Malta","isPartOf":{"@id":"https:\/\/sit.com.mt\/#website"},"datePublished":"2020-02-05T09:42:10+00:00","dateModified":"2021-09-03T12:07:14+00:00","description":"Dive into the deep blue sea and explore the hidden treasures and sea life found in the Maltese waters with a full programme organised by SIT.","breadcrumb":{"@id":"https:\/\/sit.com.mt\/it\/servizi\/special-interest-groups\/immersioni\/#breadcrumb"},"inLanguage":"it-IT","potentialAction":[{"@type":"ReadAction","target":["https:\/\/sit.com.mt\/it\/servizi\/special-interest-groups\/immersioni\/"]}]},{"@type":"BreadcrumbList","@id":"https:\/\/sit.com.mt\/it\/servizi\/special-interest-groups\/immersioni\/#breadcrumb","itemListElement":[{"@type":"ListItem","position":1,"name":"Home","item":"https:\/\/sit.com.mt\/it\/"},{"@type":"ListItem","position":2,"name":"Servizi","item":"https:\/\/sit.com.mt\/it\/servizi\/"},{"@type":"ListItem","position":3,"name":"Special Interest Groups","item":"https:\/\/sit.com.mt\/it\/servizi\/special-interest-groups\/"},{"@type":"ListItem","position":4,"name":"Immersioni"}]},{"@type":"WebSite","@id":"https:\/\/sit.com.mt\/#website","url":"https:\/\/sit.com.mt\/","name":"SIT Malta","description":"Unique Travel Programs","publisher":{"@id":"https:\/\/sit.com.mt\/#organization"},"potentialAction":[{"@type":"SearchAction","target":{"@type":"EntryPoint","urlTemplate":"https:\/\/sit.com.mt\/?s={search_term_string}"},"query-input":{"@type":"PropertyValueSpecification","valueRequired":true,"valueName":"search_term_string"}}],"inLanguage":"it-IT"},{"@type":"Organization","@id":"https:\/\/sit.com.mt\/#organization","name":"SIT Mailta","url":"https:\/\/sit.com.mt\/","logo":{"@type":"ImageObject","inLanguage":"it-IT","@id":"https:\/\/sit.com.mt\/#\/schema\/logo\/image\/","url":"https:\/\/sit.com.mt\/wp-content\/uploads\/2020\/01\/main-logo-new.svg","contentUrl":"https:\/\/sit.com.mt\/wp-content\/uploads\/2020\/01\/main-logo-new.svg","width":1,"height":1,"caption":"SIT Mailta"},"image":{"@id":"https:\/\/sit.com.mt\/#\/schema\/logo\/image\/"}}]}},"_links":{"self":[{"href":"https:\/\/sit.com.mt\/it\/wp-json\/wp\/v2\/pages\/4618","targetHints":{"allow":["GET"]}}],"collection":[{"href":"https:\/\/sit.com.mt\/it\/wp-json\/wp\/v2\/pages"}],"about":[{"href":"https:\/\/sit.com.mt\/it\/wp-json\/wp\/v2\/types\/page"}],"author":[{"embeddable":true,"href":"https:\/\/sit.com.mt\/it\/wp-json\/wp\/v2\/users\/6"}],"replies":[{"embeddable":true,"href":"https:\/\/sit.com.mt\/it\/wp-json\/wp\/v2\/comments?post=4618"}],"version-history":[{"count":0,"href":"https:\/\/sit.com.mt\/it\/wp-json\/wp\/v2\/pages\/4618\/revisions"}],"up":[{"embeddable":true,"href":"https:\/\/sit.com.mt\/it\/wp-json\/wp\/v2\/pages\/4596"}],"wp:attachment":[{"href":"https:\/\/sit.com.mt\/it\/wp-json\/wp\/v2\/media?parent=4618"}],"wp:term":[{"taxonomy":"category","embeddable":true,"href":"https:\/\/sit.com.mt\/it\/wp-json\/wp\/v2\/categories?post=4618"}],"curies":[{"name":"wp","href":"https:\/\/api.w.org\/{rel}","templated":true}]}}