{"id":4626,"date":"2020-02-05T15:37:20","date_gmt":"2020-02-05T15:37:20","guid":{"rendered":"https:\/\/sit.com.mt\/special-interest-groups\/cruises\/"},"modified":"2021-09-06T14:47:02","modified_gmt":"2021-09-06T14:47:02","slug":"crociere","status":"publish","type":"page","link":"https:\/\/sit.com.mt\/it\/servizi\/special-interest-groups\/crociere\/","title":{"rendered":"Crociere"},"content":{"rendered":"<div class=\"landing-banner-block\">\n    <div class=\"landing-banner-wrap inline-bg-image lazyload\" style=\"background-image:inherit;\" data-bg-image=\"url(https:\/\/sit.com.mt\/wp-content\/uploads\/2020\/06\/Malta-Comino-1498526_1920-e1594728386255.jpg)\">\n        \n            <div class=\"content-box\" data-aos=\"fade-up\">\n                                    <h1 class=\"h1\">Crociere<\/h1>\n                                                    <p class=\"para\">Tutte le crociere sono appositamente progettate per godere al massimo l&#8217;indimenticabile costa di Malta, acque cristalline e panorami magici. La Valletta e le Tre Citt\u00e0, con le loro formidabili fortificazioni, le aspre scogliere e le baie isolate intorno a Malta, Gozo e Comino &#8230; sembrano tutte molto diverse dal mazzo. Quindi sali su una crociera sul porto o fai una crociera sull&#8217;isola pi\u00f9 lontana e vivi Malta da una prospettiva diversa.\r\n<\/p>\n                            <\/div>\n            \n                    <\/div>\n        \n    <\/div>\n\n<div class=\"tsdb-block\">\n    <div class=\"tsdb-wrap grey-bg  no-bottom-padding\">\n            <div class=\"inner\">\n\n                                                    <h2 class=\"h2\" data-aos=\"fade-up\">Crociere<\/h2>\n                \n                                \n                                                    <div class=\"para\" data-aos=\"fade-up\"><p>Avrai l&#8217;opportunit\u00e0 di catturare incredibili fotografie e goderti fantastiche vedute di La Valletta e le Tre Citt\u00e0 viste dal mare. Tutte accompagnate da un commento dettagliato durante la crociera, che ti illumina con i fatti importanti del Grande Assedio del 1565 e della Seconda Guerra Mondiale, episodi che hanno arricchito notevolmente la bellezza del Grand Harbour.<\/p>\n<\/div>\n                \n                                                \n                                    <span class=\"full-arrow is-bottom long\" data-aos=\"fade-down\"><\/span>\n                \n            <\/div>\n\n                    <\/div>\n    \n    <\/div>\n\n<div class=\"tab-title-desc-block\">\n    <div class=\"tab-title-desc-wrap\">\n    <div class=\"inner clearfix\">\n\n        <ul id=\"tabs-nav\" class=\"tabs-nav\" data-aos=\"fade-right\">\n                                            \n                <li>\n                    <a href=\"#tabs-content\" data-tab=\"#tab1\" class=\"tab-nav\">\n                        <span class=\"step-title\">Giorno 1<\/span>\n                        <span class=\"tab-title\">CROCIERA DEL PORTO<\/span>\n                        <span class=\"full-arrow is-right no-margin shortest\"><\/span>\n                    <\/a>\n                <\/li>\n\n                            \n                <li>\n                    <a href=\"#tabs-content\" data-tab=\"#tab2\" class=\"tab-nav\">\n                        <span class=\"step-title\">Giorno 2<\/span>\n                        <span class=\"tab-title\">CROCIERA DELLE 3 CITT\u00c0 <\/span>\n                        <span class=\"full-arrow is-right no-margin shortest\"><\/span>\n                    <\/a>\n                <\/li>\n\n                            \n                <li>\n                    <a href=\"#tabs-content\" data-tab=\"#tab3\" class=\"tab-nav\">\n                        <span class=\"step-title\">Giorno 3<\/span>\n                        <span class=\"tab-title\">CROCIERA INTORNO A MALTA<\/span>\n                        <span class=\"full-arrow is-right no-margin shortest\"><\/span>\n                    <\/a>\n                <\/li>\n\n                            \n                <li>\n                    <a href=\"#tabs-content\" data-tab=\"#tab4\" class=\"tab-nav\">\n                        <span class=\"step-title\">Giorno 4<\/span>\n                        <span class=\"tab-title\">CROCIERA A COMINO E LA LAGUNA BLU<\/span>\n                        <span class=\"full-arrow is-right no-margin shortest\"><\/span>\n                    <\/a>\n                <\/li>\n\n                            \n                <li>\n                    <a href=\"#tabs-content\" data-tab=\"#tab5\" class=\"tab-nav\">\n                        <span class=\"step-title\">Giorno 5<\/span>\n                        <span class=\"tab-title\">CROCIERA A GOZO E COMINO<\/span>\n                        <span class=\"full-arrow is-right no-margin shortest\"><\/span>\n                    <\/a>\n                <\/li>\n\n                            \n                <li>\n                    <a href=\"#tabs-content\" data-tab=\"#tab6\" class=\"tab-nav\">\n                        <span class=\"step-title\">Giorno 6<\/span>\n                        <span class=\"tab-title\">CROCIERA AL TRAMONTO<\/span>\n                        <span class=\"full-arrow is-right no-margin shortest\"><\/span>\n                    <\/a>\n                <\/li>\n\n                            <\/ul>\n\n        <div id=\"tabs-content\" class=\"tabs-content\" data-aos=\"fade-left\">\n                                                            \n                <div id=\"tab1\" class=\"para tab-content\">\n                    <p>Se desideri saperne di pi\u00f9 sul Grand Harbour di Malta, sul Porto di Marsamxett e sulla sua storia, questa \u00e8 la crociera che fa per te! Durante questa crociera visiterai entrambi i porti e vedrai forti storici, merli e le dieci insenature del mare. Un commento dettagliato su ci\u00f2 che stai vedendo sar\u00e0 fatto al momento durante la crociera.<\/p>\n                <\/div>\n\n                                            \n                <div id=\"tab2\" class=\"para tab-content\">\n                                    <\/div>\n\n                                            \n                <div id=\"tab3\" class=\"para tab-content\">\n                    <p>Questa memorabile gita di un&#8217;intera giornata ti mostrer\u00e0 in cosa consiste la costa di Malta. Iniziando e terminando a Sliema, lo yacht godr\u00e0 di una vista panoramica di Malta, restando vicino alla riva in modo da poter intravedere le impressionanti scogliere e altre bellezze naturali. Si diriger\u00e0 quindi verso Comino e vi attraccer\u00e0 in modo da poter esplorare l&#8217;isola, nuotare e rilassarsi sulla sua baia.<\/p>\n                <\/div>\n\n                                            \n                <div id=\"tab4\" class=\"para tab-content\">\n                    <p>Se hai voglia di passare la giornata rilassandoti, abbronzandoti al sole, nuotando e facendo snorkeling nelle acque cristalline della Laguna Blu, allora questa \u00e8 la crociera che fa per te. Questa crociera ti porta direttamente a Comino, dove puoi fare tutto questo e molto altro! La barca rimarr\u00e0 ancorata alla Laguna Blu e potrai utilizzare tutte le sue strutture, incluso il bar ben fornito.<\/p>\n                <\/div>\n\n                                            \n                <div id=\"tab5\" class=\"para tab-content\">\n                    <p>Questa crociera ti porter\u00e0 alla scoperta della costa settentrionale di Malta, Gozo e Comino. Una volta arrivato a Gozo, sbarcherai e sperimenterai un giro turistico dell&#8217;isola. Subito dopo ti imbarcherai nuovamente sulla barca che salper\u00e0 verso Comino e ormegger\u00e0 alla Laguna Blu dove si pu\u00f2 trascorrere del tempo rilassandosi, nuotando, facendo snorkeling e altro nelle sue acque cristalline.<\/p>\n                <\/div>\n\n                                            \n                <div id=\"tab6\" class=\"para tab-content\">\n                    <p>Quale modo migliore per concludere la giornata se non sperimentare una crociera al tramonto? Questa crociera ti porta sull&#8217;isola di Comino, dove ormeggia alla Laguna Blu e ti consente di esplorare l&#8217;isola, nuotare, fare snorkeling, immersioni subacquee o semplicemente rilassarti sulla spiaggia mentre guardi il tramonto pi\u00f9 mozzafiato di sempre. Durante il tuo soggiorno a Comino, avrai comunque accesso alla barca e a tutte le sue strutture tra cui bar, bagno, doccia e altro ancora.<\/p>\n                <\/div>\n\n                            <\/div>\n    <\/div>\n<\/div><\/div>\n\n<div class=\"image-slider-block\">\n    <div class=\"image-slider-wrap\">\n\n    <div class=\"slider-container no-padding\" data-aos=\"fade-up\">\n        <div class=\"image-slider\">\n                                    \n                                \n                    <div>\n                        <div class=\"img inline-bg-image lazyload\" role=\"img\" aria-label=\"\" style=\"background-image:inherit;\" data-bg-image=\"url(https:\/\/sit.com.mt\/wp-content\/uploads\/2020\/07\/malta-4991391_1920.jpg)\"><\/div>\n                    <\/div>\n\n                                        \n                            \n                                \n                    <div>\n                        <div class=\"img inline-bg-image lazyload\" role=\"img\" aria-label=\"Open boat\" style=\"background-image:inherit;\" data-bg-image=\"url(https:\/\/sit.com.mt\/wp-content\/uploads\/2020\/02\/blue-84563_1920-min-e1594202196122.jpg)\"><\/div>\n                    <\/div>\n\n                                        \n                            \n                                \n                    <div>\n                        <div class=\"img inline-bg-image lazyload\" role=\"img\" aria-label=\"Anchored boat\" style=\"background-image:inherit;\" data-bg-image=\"url(https:\/\/sit.com.mt\/wp-content\/uploads\/2020\/02\/anchor-839346_1920-min.jpg)\"><\/div>\n                    <\/div>\n\n                                        \n                            \n                                \n                    <div>\n                        <div class=\"img inline-bg-image lazyload\" role=\"img\" aria-label=\"Valletta skyline\" style=\"background-image:inherit;\" data-bg-image=\"url(https:\/\/sit.com.mt\/wp-content\/uploads\/2020\/02\/31476891007_4e2431b0ee_c-min.jpg)\"><\/div>\n                    <\/div>\n\n                                        \n                            \n                                \n                    <div>\n                        <div class=\"img inline-bg-image lazyload\" role=\"img\" aria-label=\"Sail yacht\" style=\"background-image:inherit;\" data-bg-image=\"url(https:\/\/sit.com.mt\/wp-content\/uploads\/2020\/02\/sailing-boat-531704_1920-min.jpg)\"><\/div>\n                    <\/div>\n\n                                        \n                            \n                                \n                    <div>\n                        <div class=\"img inline-bg-image lazyload\" role=\"img\" aria-label=\"\" style=\"background-image:inherit;\" data-bg-image=\"url(https:\/\/sit.com.mt\/wp-content\/uploads\/2020\/07\/Comino-Drone-scaled.jpg)\"><\/div>\n                    <\/div>\n\n                                        \n                            \n                                \n                    <div>\n                        <div class=\"img inline-bg-image lazyload\" role=\"img\" aria-label=\"Turkish Gullets Berthed at Blue Lagoon\" style=\"background-image:inherit;\" data-bg-image=\"url(https:\/\/sit.com.mt\/wp-content\/uploads\/2020\/07\/turkish-gullets-comino-scaled.jpg)\"><\/div>\n                    <\/div>\n\n                                        \n                            <\/div>\n        <span class=\"prevBtn\" tabindex=\"1\">\n            <span class=\"full-arrow is-left short white\"><\/span>\n        <\/span>\n        <span class=\"nextBtn\" tabindex=\"1\">\n            <span class=\"full-arrow is-right short white\"><\/span>\n        <\/span>\n    <\/div>\n<\/div><\/div>\n\n<div class=\"tsdb-block\">\n    <div class=\"tsdb-wrap grey-bg includes-bg-text \">\n            <div class=\"inner\">\n\n                                \n                                \n                                                    <div class=\"para\" data-aos=\"fade-up\"><p>Impressionanti viste panoramiche, brezza leggera e limpidi mari ciano sar\u00e0 il trattramento che ti verr\u00e0 riservato durante la tua Crociera intorno a Malta.<\/p>\n<\/div>\n                \n                                                    <a href=\"\/it\/contattaci\/\" class=\"button\" target=\"\" data-aos=\"fade-up\">CONTATTACI<\/a>\n                                \n                \n            <\/div>\n\n                            <div class=\"bg-text\" data-aos=\"fade-up\">Magical<\/div>\n                    <\/div>\n    \n    <\/div>\n\n<div class=\"image-desc-blocks-block\">\n    <div class=\"image-desc-blocks-wrap\">\n                    <a href=\"\/it\/servizi\/special-interest-groups\/tour-in-barca-a-vela\/\" class=\"link-wrap\" target=\"\">\n            <div class=\"img-desc-box\" data-aos=\"fade-up\" data-aos-offset=\"50\">\n\n                                <div class=\"img inline-bg-image lazyload\" role=\"img\" aria-label=\"Sailing Yacht At The Entrance To Valletta Grand Harbour\" style=\"background-image:inherit;\" data-bg-image=\"url(https:\/\/sit.com.mt\/wp-content\/uploads\/2020\/02\/sailing-yacht.jpg)\"><\/div>\n\n                <div class=\"block-title\">\n                    <div class=\"title\">VELA<\/div>\n                <\/div>\n\n                <div class=\"block-content\">\n                    <div class=\"title\">VELA<\/div>\n                    \n                    <p class=\"para\">Prova l\u2019esperienza di una tranquilla e lussuosa barca a vela.\r\n<\/p>\n                    \n                                            <span class=\"more-link\">SCOPRI DI PI\u00d9<\/span>\n                                    <\/div>\n\n            <\/div>\n        <\/a>\n                    <a href=\"\/it\/special-interest-groups\/immersioni\" class=\"link-wrap\" target=\"\">\n            <div class=\"img-desc-box\" data-aos=\"fade-up\" data-aos-offset=\"50\">\n\n                                <div class=\"img inline-bg-image lazyload\" role=\"img\" aria-label=\"Diving\" style=\"background-image:inherit;\" data-bg-image=\"url(https:\/\/sit.com.mt\/wp-content\/uploads\/2020\/02\/cave-diving-palau-pacific-min.jpg)\"><\/div>\n\n                <div class=\"block-title\">\n                    <div class=\"title\">IMMERSIONI<\/div>\n                <\/div>\n\n                <div class=\"block-content\">\n                    <div class=\"title\">IMMERSIONI<\/div>\n                    \n                    <p class=\"para\">L\u2019isola di Malta viene considerata come uno dei migliori posti per immersioni in Europa.\r\n<\/p>\n                    \n                                            <span class=\"more-link\">SCOPRI DI PI\u00d9<\/span>\n                                    <\/div>\n\n            <\/div>\n        <\/a>\n                    <a href=\"\/it\/special-interest-groups\/tour-sportivi\" class=\"link-wrap\" target=\"\">\n            <div class=\"img-desc-box\" data-aos=\"fade-up\" data-aos-offset=\"50\">\n\n                                <div class=\"img inline-bg-image lazyload\" role=\"img\" aria-label=\"National stadium\" style=\"background-image:inherit;\" data-bg-image=\"url(https:\/\/sit.com.mt\/wp-content\/uploads\/2020\/02\/stadium-min.jpg)\"><\/div>\n\n                <div class=\"block-title\">\n                    <div class=\"title\">TOUR SPORTIVI<\/div>\n                <\/div>\n\n                <div class=\"block-content\">\n                    <div class=\"title\">TOUR SPORTIVI<\/div>\n                    \n                    <p class=\"para\">Malta \u00e8 un piccolo paese pieno di sport, mare, coste spettaoclari e splendide architetture.  \r\n<\/p>\n                    \n                                            <span class=\"more-link\">SCOPRI DI PI\u00d9<\/span>\n                                    <\/div>\n\n            <\/div>\n        <\/a>\n    <\/div><\/div>","protected":false},"excerpt":{"rendered":"","protected":false},"author":6,"featured_media":0,"parent":4596,"menu_order":0,"comment_status":"closed","ping_status":"closed","template":"","meta":{"footnotes":""},"categories":[],"class_list":["post-4626","page","type-page","status-publish","hentry"],"acf":[],"yoast_head":"<!-- This site is optimized with the Yoast SEO plugin v25.3 - https:\/\/yoast.com\/wordpress\/plugins\/seo\/ -->\n<title>Crociere -<\/title>\n<meta name=\"description\" content=\"Get on board of one of SIT cruises to experience the unforgettable coastline, Malta&#039;s clear blue waters, and magical views.\" \/>\n<meta name=\"robots\" content=\"index, follow, max-snippet:-1, max-image-preview:large, max-video-preview:-1\" \/>\n<link rel=\"canonical\" href=\"https:\/\/sit.com.mt\/it\/servizi\/special-interest-groups\/crociere\/\" \/>\n<meta property=\"og:locale\" content=\"it_IT\" \/>\n<meta property=\"og:type\" content=\"article\" \/>\n<meta property=\"og:title\" content=\"Crociere -\" \/>\n<meta property=\"og:description\" content=\"Get on board of one of SIT cruises to experience the unforgettable coastline, Malta&#039;s clear blue waters, and magical views.\" \/>\n<meta property=\"og:url\" content=\"https:\/\/sit.com.mt\/it\/servizi\/special-interest-groups\/crociere\/\" \/>\n<meta property=\"og:site_name\" content=\"SIT Malta\" \/>\n<meta property=\"article:modified_time\" content=\"2021-09-06T14:47:02+00:00\" \/>\n<meta name=\"twitter:card\" content=\"summary_large_image\" \/>\n<script type=\"application\/ld+json\" class=\"yoast-schema-graph\">{\"@context\":\"https:\/\/schema.org\",\"@graph\":[{\"@type\":\"WebPage\",\"@id\":\"https:\/\/sit.com.mt\/it\/servizi\/special-interest-groups\/crociere\/\",\"url\":\"https:\/\/sit.com.mt\/it\/servizi\/special-interest-groups\/crociere\/\",\"name\":\"Crociere -\",\"isPartOf\":{\"@id\":\"https:\/\/sit.com.mt\/#website\"},\"datePublished\":\"2020-02-05T15:37:20+00:00\",\"dateModified\":\"2021-09-06T14:47:02+00:00\",\"description\":\"Get on board of one of SIT cruises to experience the unforgettable coastline, Malta's clear blue waters, and magical views.\",\"breadcrumb\":{\"@id\":\"https:\/\/sit.com.mt\/it\/servizi\/special-interest-groups\/crociere\/#breadcrumb\"},\"inLanguage\":\"it-IT\",\"potentialAction\":[{\"@type\":\"ReadAction\",\"target\":[\"https:\/\/sit.com.mt\/it\/servizi\/special-interest-groups\/crociere\/\"]}]},{\"@type\":\"BreadcrumbList\",\"@id\":\"https:\/\/sit.com.mt\/it\/servizi\/special-interest-groups\/crociere\/#breadcrumb\",\"itemListElement\":[{\"@type\":\"ListItem\",\"position\":1,\"name\":\"Home\",\"item\":\"https:\/\/sit.com.mt\/it\/\"},{\"@type\":\"ListItem\",\"position\":2,\"name\":\"Servizi\",\"item\":\"https:\/\/sit.com.mt\/it\/servizi\/\"},{\"@type\":\"ListItem\",\"position\":3,\"name\":\"Special Interest Groups\",\"item\":\"https:\/\/sit.com.mt\/it\/servizi\/special-interest-groups\/\"},{\"@type\":\"ListItem\",\"position\":4,\"name\":\"Crociere\"}]},{\"@type\":\"WebSite\",\"@id\":\"https:\/\/sit.com.mt\/#website\",\"url\":\"https:\/\/sit.com.mt\/\",\"name\":\"SIT Malta\",\"description\":\"Unique Travel Programs\",\"publisher\":{\"@id\":\"https:\/\/sit.com.mt\/#organization\"},\"potentialAction\":[{\"@type\":\"SearchAction\",\"target\":{\"@type\":\"EntryPoint\",\"urlTemplate\":\"https:\/\/sit.com.mt\/?s={search_term_string}\"},\"query-input\":{\"@type\":\"PropertyValueSpecification\",\"valueRequired\":true,\"valueName\":\"search_term_string\"}}],\"inLanguage\":\"it-IT\"},{\"@type\":\"Organization\",\"@id\":\"https:\/\/sit.com.mt\/#organization\",\"name\":\"SIT Mailta\",\"url\":\"https:\/\/sit.com.mt\/\",\"logo\":{\"@type\":\"ImageObject\",\"inLanguage\":\"it-IT\",\"@id\":\"https:\/\/sit.com.mt\/#\/schema\/logo\/image\/\",\"url\":\"https:\/\/sit.com.mt\/wp-content\/uploads\/2020\/01\/main-logo-new.svg\",\"contentUrl\":\"https:\/\/sit.com.mt\/wp-content\/uploads\/2020\/01\/main-logo-new.svg\",\"width\":1,\"height\":1,\"caption\":\"SIT Mailta\"},\"image\":{\"@id\":\"https:\/\/sit.com.mt\/#\/schema\/logo\/image\/\"}}]}<\/script>\n<!-- \/ Yoast SEO plugin. -->","yoast_head_json":{"title":"Crociere -","description":"Get on board of one of SIT cruises to experience the unforgettable coastline, Malta's clear blue waters, and magical views.","robots":{"index":"index","follow":"follow","max-snippet":"max-snippet:-1","max-image-preview":"max-image-preview:large","max-video-preview":"max-video-preview:-1"},"canonical":"https:\/\/sit.com.mt\/it\/servizi\/special-interest-groups\/crociere\/","og_locale":"it_IT","og_type":"article","og_title":"Crociere -","og_description":"Get on board of one of SIT cruises to experience the unforgettable coastline, Malta's clear blue waters, and magical views.","og_url":"https:\/\/sit.com.mt\/it\/servizi\/special-interest-groups\/crociere\/","og_site_name":"SIT Malta","article_modified_time":"2021-09-06T14:47:02+00:00","twitter_card":"summary_large_image","schema":{"@context":"https:\/\/schema.org","@graph":[{"@type":"WebPage","@id":"https:\/\/sit.com.mt\/it\/servizi\/special-interest-groups\/crociere\/","url":"https:\/\/sit.com.mt\/it\/servizi\/special-interest-groups\/crociere\/","name":"Crociere -","isPartOf":{"@id":"https:\/\/sit.com.mt\/#website"},"datePublished":"2020-02-05T15:37:20+00:00","dateModified":"2021-09-06T14:47:02+00:00","description":"Get on board of one of SIT cruises to experience the unforgettable coastline, Malta's clear blue waters, and magical views.","breadcrumb":{"@id":"https:\/\/sit.com.mt\/it\/servizi\/special-interest-groups\/crociere\/#breadcrumb"},"inLanguage":"it-IT","potentialAction":[{"@type":"ReadAction","target":["https:\/\/sit.com.mt\/it\/servizi\/special-interest-groups\/crociere\/"]}]},{"@type":"BreadcrumbList","@id":"https:\/\/sit.com.mt\/it\/servizi\/special-interest-groups\/crociere\/#breadcrumb","itemListElement":[{"@type":"ListItem","position":1,"name":"Home","item":"https:\/\/sit.com.mt\/it\/"},{"@type":"ListItem","position":2,"name":"Servizi","item":"https:\/\/sit.com.mt\/it\/servizi\/"},{"@type":"ListItem","position":3,"name":"Special Interest Groups","item":"https:\/\/sit.com.mt\/it\/servizi\/special-interest-groups\/"},{"@type":"ListItem","position":4,"name":"Crociere"}]},{"@type":"WebSite","@id":"https:\/\/sit.com.mt\/#website","url":"https:\/\/sit.com.mt\/","name":"SIT Malta","description":"Unique Travel Programs","publisher":{"@id":"https:\/\/sit.com.mt\/#organization"},"potentialAction":[{"@type":"SearchAction","target":{"@type":"EntryPoint","urlTemplate":"https:\/\/sit.com.mt\/?s={search_term_string}"},"query-input":{"@type":"PropertyValueSpecification","valueRequired":true,"valueName":"search_term_string"}}],"inLanguage":"it-IT"},{"@type":"Organization","@id":"https:\/\/sit.com.mt\/#organization","name":"SIT Mailta","url":"https:\/\/sit.com.mt\/","logo":{"@type":"ImageObject","inLanguage":"it-IT","@id":"https:\/\/sit.com.mt\/#\/schema\/logo\/image\/","url":"https:\/\/sit.com.mt\/wp-content\/uploads\/2020\/01\/main-logo-new.svg","contentUrl":"https:\/\/sit.com.mt\/wp-content\/uploads\/2020\/01\/main-logo-new.svg","width":1,"height":1,"caption":"SIT Mailta"},"image":{"@id":"https:\/\/sit.com.mt\/#\/schema\/logo\/image\/"}}]}},"_links":{"self":[{"href":"https:\/\/sit.com.mt\/it\/wp-json\/wp\/v2\/pages\/4626","targetHints":{"allow":["GET"]}}],"collection":[{"href":"https:\/\/sit.com.mt\/it\/wp-json\/wp\/v2\/pages"}],"about":[{"href":"https:\/\/sit.com.mt\/it\/wp-json\/wp\/v2\/types\/page"}],"author":[{"embeddable":true,"href":"https:\/\/sit.com.mt\/it\/wp-json\/wp\/v2\/users\/6"}],"replies":[{"embeddable":true,"href":"https:\/\/sit.com.mt\/it\/wp-json\/wp\/v2\/comments?post=4626"}],"version-history":[{"count":0,"href":"https:\/\/sit.com.mt\/it\/wp-json\/wp\/v2\/pages\/4626\/revisions"}],"up":[{"embeddable":true,"href":"https:\/\/sit.com.mt\/it\/wp-json\/wp\/v2\/pages\/4596"}],"wp:attachment":[{"href":"https:\/\/sit.com.mt\/it\/wp-json\/wp\/v2\/media?parent=4626"}],"wp:term":[{"taxonomy":"category","embeddable":true,"href":"https:\/\/sit.com.mt\/it\/wp-json\/wp\/v2\/categories?post=4626"}],"curies":[{"name":"wp","href":"https:\/\/api.w.org\/{rel}","templated":true}]}}