{"id":4630,"date":"2020-02-03T14:08:45","date_gmt":"2020-02-03T14:08:45","guid":{"rendered":"https:\/\/sit.com.mt\/special-interest-groups\/agrotourism\/"},"modified":"2021-09-03T12:25:46","modified_gmt":"2021-09-03T12:25:46","slug":"agriturismo","status":"publish","type":"page","link":"https:\/\/sit.com.mt\/it\/servizi\/special-interest-groups\/agriturismo\/","title":{"rendered":"Agriturismo"},"content":{"rendered":"<div class=\"landing-banner-block\">\n    <div class=\"landing-banner-wrap inline-bg-image lazyload\" style=\"background-image:inherit;\" data-bg-image=\"url(https:\/\/sit.com.mt\/wp-content\/uploads\/2020\/02\/orange-tree.jpg)\">\n        \n            <div class=\"content-box\" data-aos=\"fade-up\">\n                                    <h1 class=\"h1\">Agriturismo<\/h1>\n                                                    <p class=\"para\">L&#8217;agricoltura maltese \u00e8 caratterizzata da aree relativamente pi\u00f9 piccole, a differenza dei paesi limitrofi del Mediterraneo e dell&#8217;Europa continentale. \u00c8 stato un fattore distintivo nello sviluppo dell&#8217;agricoltura maltese contemporanea in combinazione con i nostri terreni ricchi di clima e calcio.\r\n<\/p>\n                            <\/div>\n            \n                    <\/div>\n        \n    <\/div>\n\n<div class=\"tsdb-block\">\n    <div class=\"tsdb-wrap grey-bg  no-bottom-padding\">\n            <div class=\"inner\">\n\n                                                    <h2 class=\"h2\" data-aos=\"fade-up\">Agriturismo<\/h2>\n                \n                                \n                                                    <div class=\"para\" data-aos=\"fade-up\"><p>L&#8217;agriturismo a Malta e Gozo \u00e8 ancora un nuovo concetto, tuttavia poich\u00e9 le persone stanno diventando sempre pi\u00f9 interessate a come viene prodotto il loro cibo, l&#8217;agriturismo sta lentamente guadagnando il riconoscimento anche a Malta. Le fattorie agrituristiche a Malta offrono diversi tipi di tour per adulti e bambini. I bambini che visitano le fattorie possono vedere maiali, anatre, alberi da frutto e molto altro che li affascineranno e li terranno occupati. L&#8217;obiettivo di molte aziende agricole di Malta e Gozo \u00e8 quello di educare e promuovere lo sviluppo rurale sostenibile e offrire un&#8217;esperienza pratica, quindi se non riesci a soggiornare in una di queste aziende agricole, visitarle per un giorno \u00e8 comunque molto eccitante.<\/p>\n<\/div>\n                \n                                                \n                                    <span class=\"full-arrow is-bottom long\" data-aos=\"fade-down\"><\/span>\n                \n            <\/div>\n\n                    <\/div>\n    \n    <\/div>\n\n<div class=\"tab-title-desc-block\">\n    <div class=\"tab-title-desc-wrap\">\n    <div class=\"inner clearfix\">\n\n        <ul id=\"tabs-nav\" class=\"tabs-nav\" data-aos=\"fade-right\">\n                                            \n                <li>\n                    <a href=\"#tabs-content\" data-tab=\"#tab1\" class=\"tab-nav\">\n                        <span class=\"step-title\">Giorno 1<\/span>\n                        <span class=\"tab-title\">ARRIVO CON ASSISTENZA<\/span>\n                        <span class=\"full-arrow is-right no-margin shortest\"><\/span>\n                    <\/a>\n                <\/li>\n\n                            \n                <li>\n                    <a href=\"#tabs-content\" data-tab=\"#tab2\" class=\"tab-nav\">\n                        <span class=\"step-title\">Giorno 2<\/span>\n                        <span class=\"tab-title\">ESPERIENZA DI UNA GIORNATA INTERA A GOZO<\/span>\n                        <span class=\"full-arrow is-right no-margin shortest\"><\/span>\n                    <\/a>\n                <\/li>\n\n                            \n                <li>\n                    <a href=\"#tabs-content\" data-tab=\"#tab3\" class=\"tab-nav\">\n                        <span class=\"step-title\">Giorno 3<\/span>\n                        <span class=\"tab-title\">MALTA RURALE GIORNATA COMPLETA<\/span>\n                        <span class=\"full-arrow is-right no-margin shortest\"><\/span>\n                    <\/a>\n                <\/li>\n\n                            \n                <li>\n                    <a href=\"#tabs-content\" data-tab=\"#tab4\" class=\"tab-nav\">\n                        <span class=\"step-title\">Giorno 4<\/span>\n                        <span class=\"tab-title\">TAS-SALUT FRUTTETO<\/span>\n                        <span class=\"full-arrow is-right no-margin shortest\"><\/span>\n                    <\/a>\n                <\/li>\n\n                            <\/ul>\n\n        <div id=\"tabs-content\" class=\"tabs-content\" data-aos=\"fade-left\">\n                                                            \n                <div id=\"tab1\" class=\"para tab-content\">\n                    <p>All&#8217;arrivo, avrai un tour di mezza giornata del &#8220;Limestone Heritage&#8221;, una vecchia cava trasformata in un&#8217;attrazione turistica. Durante questa visita, sarai in grado di partecipare a varie attivit\u00e0 a tua scelta, come assaggio del limoncello o la scultura di pietra.<\/p>\n                <\/div>\n\n                                            \n                <div id=\"tab2\" class=\"para tab-content\">\n                    <p>Questa esperienza di Gozo di un&#8217;intera giornata ti far\u00e0 sicuramente rimanere colpito da tutto ci\u00f2 che quest&#8217;isola ha da offrire. Visiterai le saline dell&#8217;isola e visiterai la tenuta Ta \u2019Mena, che mette in mostra un frutteto, un uliveto, e vigneti, affaciandosi sulle pittoresche vedute di Marsalforn, la Cittadella e i suoi dintorni<\/p>\n                <\/div>\n\n                                            \n                <div id=\"tab3\" class=\"para tab-content\">\n                    <p>Trascorri la giornata esplorando la campagna di Malta, incontra la gente del posto e goditi le prelibatezze appena sfornate in un viaggio culinario fuori dai sentieri battuti! Oltre a questo, sperimenterai anche la raccolta del sale marino, la raccolta della frutta o la lavorazione manuale! Un&#8217;esperienza da non perdere!<\/p>\n                <\/div>\n\n                                            \n                <div id=\"tab4\" class=\"para tab-content\">\n                    <p>Questo frutteto a conduzione familiare si trova nella parte settentrionale di Malta. Qui avrai l&#8217;opportunit\u00e0 di passeggiare tra alberi da frutto e assaggiare i succhi, le marmellate e le conserve appena fatti.<br \/>\nPartenza con assistenza.<\/p>\n                <\/div>\n\n                            <\/div>\n    <\/div>\n<\/div><\/div>\n\n<div class=\"image-slider-block\">\n    <div class=\"image-slider-wrap\">\n\n    <div class=\"slider-container no-padding\" data-aos=\"fade-up\">\n        <div class=\"image-slider\">\n                                    \n                                \n                    <div>\n                        <div class=\"img inline-bg-image lazyload\" role=\"img\" aria-label=\"Salt pans\" style=\"background-image:inherit;\" data-bg-image=\"url(https:\/\/sit.com.mt\/wp-content\/uploads\/2020\/02\/marsalforn-2643634_1920-min.jpg)\"><\/div>\n                    <\/div>\n\n                                        \n                            \n                                \n                    <div>\n                        <div class=\"img inline-bg-image lazyload\" role=\"img\" aria-label=\"Orange Trees At Maltese Gardens\" style=\"background-image:inherit;\" data-bg-image=\"url(https:\/\/sit.com.mt\/wp-content\/uploads\/2020\/02\/orange-tree.jpg)\"><\/div>\n                    <\/div>\n\n                                        \n                            \n                                \n                    <div>\n                        <div class=\"img inline-bg-image lazyload\" role=\"img\" aria-label=\"harvested grapes\" style=\"background-image:inherit;\" data-bg-image=\"url(https:\/\/sit.com.mt\/wp-content\/uploads\/2020\/02\/pxfuel.com-grapes-min-scaled.jpg)\"><\/div>\n                    <\/div>\n\n                                        \n                            \n                                \n                    <div>\n                        <div class=\"img inline-bg-image lazyload\" role=\"img\" aria-label=\"Olives\" style=\"background-image:inherit;\" data-bg-image=\"url(https:\/\/sit.com.mt\/wp-content\/uploads\/2020\/02\/pxfuel.com-olives-min-scaled.jpg)\"><\/div>\n                    <\/div>\n\n                                        \n                            \n                                \n                    <div>\n                        <div class=\"img inline-bg-image lazyload\" role=\"img\" aria-label=\"Chicken\" style=\"background-image:inherit;\" data-bg-image=\"url(https:\/\/sit.com.mt\/wp-content\/uploads\/2020\/02\/pxfuel.com-rooster-min-scaled.jpg)\"><\/div>\n                    <\/div>\n\n                                        \n                            \n                                \n                    <div>\n                        <div class=\"img inline-bg-image lazyload\" role=\"img\" aria-label=\"Bizzilla\" style=\"background-image:inherit;\" data-bg-image=\"url(https:\/\/sit.com.mt\/wp-content\/uploads\/2020\/02\/pxfuel.com-min-scaled.jpg)\"><\/div>\n                    <\/div>\n\n                                        \n                            <\/div>\n        <span class=\"prevBtn\" tabindex=\"1\">\n            <span class=\"full-arrow is-left short white\"><\/span>\n        <\/span>\n        <span class=\"nextBtn\" tabindex=\"1\">\n            <span class=\"full-arrow is-right short white\"><\/span>\n        <\/span>\n    <\/div>\n<\/div><\/div>\n\n<div class=\"tsdb-block\">\n    <div class=\"tsdb-wrap grey-bg includes-bg-text \">\n            <div class=\"inner\">\n\n                                \n                                \n                                                    <div class=\"para\" data-aos=\"fade-up\"><p>Se stai pensando di trascorrere le tue vacanze a Malta ma stai cercando un&#8217;esperienza un po &#8216;pi\u00f9 organica, allora un&#8217;avventura a tema agrituristico potrebbe essere la tua strada.<\/p>\n<\/div>\n                \n                                                    <a href=\"\/it\/contattaci\/\" class=\"button\" target=\"\" data-aos=\"fade-up\">CONTATTACI<\/a>\n                                \n                \n            <\/div>\n\n                            <div class=\"bg-text\" data-aos=\"fade-up\">Rural<\/div>\n                    <\/div>\n    \n    <\/div>\n\n<div class=\"image-desc-blocks-block\">\n    <div class=\"image-desc-blocks-wrap\">\n                    <a href=\"\/it\/special-interest-groups\/culturale\/\" class=\"link-wrap\" target=\"\">\n            <div class=\"img-desc-box\" data-aos=\"fade-up\" data-aos-offset=\"50\">\n\n                                <div class=\"img inline-bg-image lazyload\" role=\"img\" aria-label=\"Mdina Entrance\" style=\"background-image:inherit;\" data-bg-image=\"url(https:\/\/sit.com.mt\/wp-content\/uploads\/2020\/02\/mdina-gate.jpg)\"><\/div>\n\n                <div class=\"block-title\">\n                    <div class=\"title\">TOUR CULTURALI<\/div>\n                <\/div>\n\n                <div class=\"block-content\">\n                    <div class=\"title\">TOUR CULTURALI<\/div>\n                    \n                    <p class=\"para\">Scopri l\u2019elegante e storico patrimonio di Valletta, l\u2019emblematica capitale costiera di Malta. Fai un tour personalizzato dei tuoi luoghi da non perdere. \r\n<\/p>\n                    \n                                            <span class=\"more-link\">SCOPRI DI PI\u00d9<\/span>\n                                    <\/div>\n\n            <\/div>\n        <\/a>\n                    <a href=\"\/it\/special-interest-groups\/tour-a-piedi\" class=\"link-wrap\" target=\"\">\n            <div class=\"img-desc-box\" data-aos=\"fade-up\" data-aos-offset=\"50\">\n\n                                <div class=\"img inline-bg-image lazyload\" role=\"img\" aria-label=\"Feet walking\" style=\"background-image:inherit;\" data-bg-image=\"url(https:\/\/sit.com.mt\/wp-content\/uploads\/2020\/01\/fashion-footwear-grass-outdoors-631986-scaled.jpg)\"><\/div>\n\n                <div class=\"block-title\">\n                    <div class=\"title\">TOUR A PIEDI<\/div>\n                <\/div>\n\n                <div class=\"block-content\">\n                    <div class=\"title\">TOUR A PIEDI<\/div>\n                    \n                    <p class=\"para\">Un dettagliato tour a piedi di una delle pi\u00f9 belle citt\u00e0 d\u2019Europa, la capitale di Malta: Valletta.\r\n<\/p>\n                    \n                                            <span class=\"more-link\">SCOPRI DI PI\u00d9<\/span>\n                                    <\/div>\n\n            <\/div>\n        <\/a>\n                    <a href=\"\/it\/special-interest-groups\/tour-enogastronomici\" class=\"link-wrap\" target=\"\">\n            <div class=\"img-desc-box\" data-aos=\"fade-up\" data-aos-offset=\"50\">\n\n                                <div class=\"img inline-bg-image lazyload\" role=\"img\" aria-label=\"Gozo Plater with maltese cheese\" style=\"background-image:inherit;\" data-bg-image=\"url(https:\/\/sit.com.mt\/wp-content\/uploads\/2020\/02\/Gozo-platter.jpg)\"><\/div>\n\n                <div class=\"block-title\">\n                    <div class=\"title\">TOUR ENOGASTRONOMICI<\/div>\n                <\/div>\n\n                <div class=\"block-content\">\n                    <div class=\"title\">TOUR ENOGASTRONOMICI<\/div>\n                    \n                    <p class=\"para\">Apprendi la storia della cucina Maltese e goditi un buon pasto a base di freschi prodotti locali.<\/p>\n                    \n                                            <span class=\"more-link\">SCOPRI DI PI\u00d9<\/span>\n                                    <\/div>\n\n            <\/div>\n        <\/a>\n    <\/div><\/div>","protected":false},"excerpt":{"rendered":"","protected":false},"author":6,"featured_media":0,"parent":4596,"menu_order":0,"comment_status":"closed","ping_status":"closed","template":"","meta":{"footnotes":""},"categories":[],"class_list":["post-4630","page","type-page","status-publish","hentry"],"acf":[],"yoast_head":"<!-- This site is optimized with the Yoast SEO plugin v25.3 - https:\/\/yoast.com\/wordpress\/plugins\/seo\/ -->\n<title>Agriturismo - SIT Malta<\/title>\n<meta name=\"description\" content=\"Explore the Maltese rural lifestyle and experience the artisinal and traditional activities that are still present on the island.\" \/>\n<meta name=\"robots\" content=\"index, follow, max-snippet:-1, max-image-preview:large, max-video-preview:-1\" \/>\n<link rel=\"canonical\" href=\"https:\/\/sit.com.mt\/it\/servizi\/special-interest-groups\/agriturismo\/\" \/>\n<meta property=\"og:locale\" content=\"it_IT\" \/>\n<meta property=\"og:type\" content=\"article\" \/>\n<meta property=\"og:title\" content=\"Agriturismo - SIT Malta\" \/>\n<meta property=\"og:description\" content=\"Explore the Maltese rural lifestyle and experience the artisinal and traditional activities that are still present on the island.\" \/>\n<meta property=\"og:url\" content=\"https:\/\/sit.com.mt\/it\/servizi\/special-interest-groups\/agriturismo\/\" \/>\n<meta property=\"og:site_name\" content=\"SIT Malta\" \/>\n<meta property=\"article:modified_time\" content=\"2021-09-03T12:25:46+00:00\" \/>\n<meta name=\"twitter:card\" content=\"summary_large_image\" \/>\n<script type=\"application\/ld+json\" class=\"yoast-schema-graph\">{\"@context\":\"https:\/\/schema.org\",\"@graph\":[{\"@type\":\"WebPage\",\"@id\":\"https:\/\/sit.com.mt\/it\/servizi\/special-interest-groups\/agriturismo\/\",\"url\":\"https:\/\/sit.com.mt\/it\/servizi\/special-interest-groups\/agriturismo\/\",\"name\":\"Agriturismo - SIT Malta\",\"isPartOf\":{\"@id\":\"https:\/\/sit.com.mt\/#website\"},\"datePublished\":\"2020-02-03T14:08:45+00:00\",\"dateModified\":\"2021-09-03T12:25:46+00:00\",\"description\":\"Explore the Maltese rural lifestyle and experience the artisinal and traditional activities that are still present on the island.\",\"breadcrumb\":{\"@id\":\"https:\/\/sit.com.mt\/it\/servizi\/special-interest-groups\/agriturismo\/#breadcrumb\"},\"inLanguage\":\"it-IT\",\"potentialAction\":[{\"@type\":\"ReadAction\",\"target\":[\"https:\/\/sit.com.mt\/it\/servizi\/special-interest-groups\/agriturismo\/\"]}]},{\"@type\":\"BreadcrumbList\",\"@id\":\"https:\/\/sit.com.mt\/it\/servizi\/special-interest-groups\/agriturismo\/#breadcrumb\",\"itemListElement\":[{\"@type\":\"ListItem\",\"position\":1,\"name\":\"Home\",\"item\":\"https:\/\/sit.com.mt\/it\/\"},{\"@type\":\"ListItem\",\"position\":2,\"name\":\"Servizi\",\"item\":\"https:\/\/sit.com.mt\/it\/servizi\/\"},{\"@type\":\"ListItem\",\"position\":3,\"name\":\"Special Interest Groups\",\"item\":\"https:\/\/sit.com.mt\/it\/servizi\/special-interest-groups\/\"},{\"@type\":\"ListItem\",\"position\":4,\"name\":\"Agriturismo\"}]},{\"@type\":\"WebSite\",\"@id\":\"https:\/\/sit.com.mt\/#website\",\"url\":\"https:\/\/sit.com.mt\/\",\"name\":\"SIT Malta\",\"description\":\"Unique Travel Programs\",\"publisher\":{\"@id\":\"https:\/\/sit.com.mt\/#organization\"},\"potentialAction\":[{\"@type\":\"SearchAction\",\"target\":{\"@type\":\"EntryPoint\",\"urlTemplate\":\"https:\/\/sit.com.mt\/?s={search_term_string}\"},\"query-input\":{\"@type\":\"PropertyValueSpecification\",\"valueRequired\":true,\"valueName\":\"search_term_string\"}}],\"inLanguage\":\"it-IT\"},{\"@type\":\"Organization\",\"@id\":\"https:\/\/sit.com.mt\/#organization\",\"name\":\"SIT Mailta\",\"url\":\"https:\/\/sit.com.mt\/\",\"logo\":{\"@type\":\"ImageObject\",\"inLanguage\":\"it-IT\",\"@id\":\"https:\/\/sit.com.mt\/#\/schema\/logo\/image\/\",\"url\":\"https:\/\/sit.com.mt\/wp-content\/uploads\/2020\/01\/main-logo-new.svg\",\"contentUrl\":\"https:\/\/sit.com.mt\/wp-content\/uploads\/2020\/01\/main-logo-new.svg\",\"width\":1,\"height\":1,\"caption\":\"SIT Mailta\"},\"image\":{\"@id\":\"https:\/\/sit.com.mt\/#\/schema\/logo\/image\/\"}}]}<\/script>\n<!-- \/ Yoast SEO plugin. -->","yoast_head_json":{"title":"Agriturismo - SIT Malta","description":"Explore the Maltese rural lifestyle and experience the artisinal and traditional activities that are still present on the island.","robots":{"index":"index","follow":"follow","max-snippet":"max-snippet:-1","max-image-preview":"max-image-preview:large","max-video-preview":"max-video-preview:-1"},"canonical":"https:\/\/sit.com.mt\/it\/servizi\/special-interest-groups\/agriturismo\/","og_locale":"it_IT","og_type":"article","og_title":"Agriturismo - SIT Malta","og_description":"Explore the Maltese rural lifestyle and experience the artisinal and traditional activities that are still present on the island.","og_url":"https:\/\/sit.com.mt\/it\/servizi\/special-interest-groups\/agriturismo\/","og_site_name":"SIT Malta","article_modified_time":"2021-09-03T12:25:46+00:00","twitter_card":"summary_large_image","schema":{"@context":"https:\/\/schema.org","@graph":[{"@type":"WebPage","@id":"https:\/\/sit.com.mt\/it\/servizi\/special-interest-groups\/agriturismo\/","url":"https:\/\/sit.com.mt\/it\/servizi\/special-interest-groups\/agriturismo\/","name":"Agriturismo - SIT Malta","isPartOf":{"@id":"https:\/\/sit.com.mt\/#website"},"datePublished":"2020-02-03T14:08:45+00:00","dateModified":"2021-09-03T12:25:46+00:00","description":"Explore the Maltese rural lifestyle and experience the artisinal and traditional activities that are still present on the island.","breadcrumb":{"@id":"https:\/\/sit.com.mt\/it\/servizi\/special-interest-groups\/agriturismo\/#breadcrumb"},"inLanguage":"it-IT","potentialAction":[{"@type":"ReadAction","target":["https:\/\/sit.com.mt\/it\/servizi\/special-interest-groups\/agriturismo\/"]}]},{"@type":"BreadcrumbList","@id":"https:\/\/sit.com.mt\/it\/servizi\/special-interest-groups\/agriturismo\/#breadcrumb","itemListElement":[{"@type":"ListItem","position":1,"name":"Home","item":"https:\/\/sit.com.mt\/it\/"},{"@type":"ListItem","position":2,"name":"Servizi","item":"https:\/\/sit.com.mt\/it\/servizi\/"},{"@type":"ListItem","position":3,"name":"Special Interest Groups","item":"https:\/\/sit.com.mt\/it\/servizi\/special-interest-groups\/"},{"@type":"ListItem","position":4,"name":"Agriturismo"}]},{"@type":"WebSite","@id":"https:\/\/sit.com.mt\/#website","url":"https:\/\/sit.com.mt\/","name":"SIT Malta","description":"Unique Travel Programs","publisher":{"@id":"https:\/\/sit.com.mt\/#organization"},"potentialAction":[{"@type":"SearchAction","target":{"@type":"EntryPoint","urlTemplate":"https:\/\/sit.com.mt\/?s={search_term_string}"},"query-input":{"@type":"PropertyValueSpecification","valueRequired":true,"valueName":"search_term_string"}}],"inLanguage":"it-IT"},{"@type":"Organization","@id":"https:\/\/sit.com.mt\/#organization","name":"SIT Mailta","url":"https:\/\/sit.com.mt\/","logo":{"@type":"ImageObject","inLanguage":"it-IT","@id":"https:\/\/sit.com.mt\/#\/schema\/logo\/image\/","url":"https:\/\/sit.com.mt\/wp-content\/uploads\/2020\/01\/main-logo-new.svg","contentUrl":"https:\/\/sit.com.mt\/wp-content\/uploads\/2020\/01\/main-logo-new.svg","width":1,"height":1,"caption":"SIT Mailta"},"image":{"@id":"https:\/\/sit.com.mt\/#\/schema\/logo\/image\/"}}]}},"_links":{"self":[{"href":"https:\/\/sit.com.mt\/it\/wp-json\/wp\/v2\/pages\/4630","targetHints":{"allow":["GET"]}}],"collection":[{"href":"https:\/\/sit.com.mt\/it\/wp-json\/wp\/v2\/pages"}],"about":[{"href":"https:\/\/sit.com.mt\/it\/wp-json\/wp\/v2\/types\/page"}],"author":[{"embeddable":true,"href":"https:\/\/sit.com.mt\/it\/wp-json\/wp\/v2\/users\/6"}],"replies":[{"embeddable":true,"href":"https:\/\/sit.com.mt\/it\/wp-json\/wp\/v2\/comments?post=4630"}],"version-history":[{"count":0,"href":"https:\/\/sit.com.mt\/it\/wp-json\/wp\/v2\/pages\/4630\/revisions"}],"up":[{"embeddable":true,"href":"https:\/\/sit.com.mt\/it\/wp-json\/wp\/v2\/pages\/4596"}],"wp:attachment":[{"href":"https:\/\/sit.com.mt\/it\/wp-json\/wp\/v2\/media?parent=4630"}],"wp:term":[{"taxonomy":"category","embeddable":true,"href":"https:\/\/sit.com.mt\/it\/wp-json\/wp\/v2\/categories?post=4630"}],"curies":[{"name":"wp","href":"https:\/\/api.w.org\/{rel}","templated":true}]}}