{"id":4633,"date":"2020-02-03T14:41:29","date_gmt":"2020-02-03T14:41:29","guid":{"rendered":"https:\/\/sit.com.mt\/special-interest-groups\/walking-tour\/"},"modified":"2021-09-06T14:41:00","modified_gmt":"2021-09-06T14:41:00","slug":"tour-a-piedi","status":"publish","type":"page","link":"https:\/\/sit.com.mt\/it\/servizi\/special-interest-groups\/tour-a-piedi\/","title":{"rendered":"Tour a Piedi"},"content":{"rendered":"<div class=\"landing-banner-block\">\n    <div class=\"landing-banner-wrap inline-bg-image lazyload\" style=\"background-image:inherit;\" data-bg-image=\"url(https:\/\/sit.com.mt\/wp-content\/uploads\/2020\/06\/diogo-tavares-rcngqAAfYK0-unsplash-scaled-e1592561556944.jpg)\">\n        \n            <div class=\"content-box\" data-aos=\"fade-up\">\n                                    <h1 class=\"h1\">Tour a Piedi<\/h1>\n                                                    <p class=\"para\">Le isole offrono alcune delle viste pi\u00f9 spettacolari del Mediterraneo. La prima cosa che devi fare \u00e8 determinare quale tipo di vista preferisci: scogliere a picco sul mare, aspre, o segrete vallate verdi. Sulla strada, incontrerai antiche rovine preistoriche, cappelle rupestri e gli antichi palazzi dei Cavalieri.\r\n<\/p>\n                            <\/div>\n            \n                    <\/div>\n        \n    <\/div>\n\n<div class=\"tsdb-block\">\n    <div class=\"tsdb-wrap grey-bg  no-bottom-padding\">\n            <div class=\"inner\">\n\n                                \n                                \n                                                    <div class=\"para\" data-aos=\"fade-up\"><p>Da met\u00e0 novembre a met\u00e0 maggio le isole maltesi sono verdi e lussureggianti. I campi sono pieni di verdure e i bordi delle strade sono tappezzati di finocchio, trifoglio, iris selvatico e mirto. Ogni passeggiata \u00e8 di lunghezza moderata e la maggior parte pu\u00f2 essere estesa o accorciata per soddisfare i gusti individuali, portandoti attraverso una variet\u00e0 di paesaggi e caratteristiche di interesse storico, ambientale e culturale, \u00e8 descritta in dettaglio ed \u00e8 accompagnata da una mappa chiara ed \u00e8 supportata da una sezione di contesto che offre una panoramica della storia, della geologia, delle piante e della fauna selvatica di Malta e Gozo in modo da ottenere una comprensione e un apprezzamento pi\u00f9 completi delle molte affascinanti caratteristiche del suo ambiente e cultura.<\/p>\n<\/div>\n                \n                                                \n                                    <span class=\"full-arrow is-bottom long\" data-aos=\"fade-down\"><\/span>\n                \n            <\/div>\n\n                    <\/div>\n    \n    <\/div>\n\n<div class=\"tab-title-desc-block\">\n    <div class=\"tab-title-desc-wrap\">\n    <div class=\"inner clearfix\">\n\n        <ul id=\"tabs-nav\" class=\"tabs-nav\" data-aos=\"fade-right\">\n                                            \n                <li>\n                    <a href=\"#tabs-content\" data-tab=\"#tab1\" class=\"tab-nav\">\n                        <span class=\"step-title\">Giorno 1<\/span>\n                        <span class=\"tab-title\">ARRIVO CON ASSISTENZA<\/span>\n                        <span class=\"full-arrow is-right no-margin shortest\"><\/span>\n                    <\/a>\n                <\/li>\n\n                            \n                <li>\n                    <a href=\"#tabs-content\" data-tab=\"#tab2\" class=\"tab-nav\">\n                        <span class=\"step-title\">Giorno 2<\/span>\n                        <span class=\"tab-title\">ESPERIENZA DI UNA GIORNATA INTERA A GOZO<\/span>\n                        <span class=\"full-arrow is-right no-margin shortest\"><\/span>\n                    <\/a>\n                <\/li>\n\n                            \n                <li>\n                    <a href=\"#tabs-content\" data-tab=\"#tab3\" class=\"tab-nav\">\n                        <span class=\"step-title\">Giorno 3<\/span>\n                        <span class=\"tab-title\">MALTA RURALE GIORNATA COMPLETA<\/span>\n                        <span class=\"full-arrow is-right no-margin shortest\"><\/span>\n                    <\/a>\n                <\/li>\n\n                            \n                <li>\n                    <a href=\"#tabs-content\" data-tab=\"#tab4\" class=\"tab-nav\">\n                        <span class=\"step-title\">Giorno 4<\/span>\n                        <span class=\"tab-title\">TAS-SALUT FRUTTETO<\/span>\n                        <span class=\"full-arrow is-right no-margin shortest\"><\/span>\n                    <\/a>\n                <\/li>\n\n                            \n                <li>\n                    <a href=\"#tabs-content\" data-tab=\"#tab5\" class=\"tab-nav\">\n                        <span class=\"step-title\">Giorno 5<\/span>\n                        <span class=\"tab-title\">Esplora Comino<\/span>\n                        <span class=\"full-arrow is-right no-margin shortest\"><\/span>\n                    <\/a>\n                <\/li>\n\n                            \n                <li>\n                    <a href=\"#tabs-content\" data-tab=\"#tab6\" class=\"tab-nav\">\n                        <span class=\"step-title\">Giorno 6<\/span>\n                        <span class=\"tab-title\">Partenza<\/span>\n                        <span class=\"full-arrow is-right no-margin shortest\"><\/span>\n                    <\/a>\n                <\/li>\n\n                            <\/ul>\n\n        <div id=\"tabs-content\" class=\"tabs-content\" data-aos=\"fade-left\">\n                                                            \n                <div id=\"tab1\" class=\"para tab-content\">\n                    <p>All&#8217;arrivo, avrai un tour di mezza giornata del &#8220;Limestone Heritage&#8221;, una vecchia cava trasformata in un&#8217;attrazione turistica. Durante questa visita, sarai in grado di partecipare a varie attivit\u00e0 a tua scelta, come assaggio del limoncello o la scultura di pietra.<\/p>\n                <\/div>\n\n                                            \n                <div id=\"tab2\" class=\"para tab-content\">\n                    <p>Questa esperienza di Gozo di un&#8217;intera giornata ti far\u00e0 sicuramente rimanere colpito da tutto ci\u00f2 che quest&#8217;isola ha da offrire. Visiterai le saline dell&#8217;isola e visiterai la tenuta Ta \u2019Mena, che mette in mostra un frutteto, un uliveto, e vigneti, affaciandosi sulle pittoresche vedute di Marsalforn, la Cittadella e i suoi dintorni<\/p>\n                <\/div>\n\n                                            \n                <div id=\"tab3\" class=\"para tab-content\">\n                    <p>Trascorri la giornata esplorando la campagna di Malta, incontra la gente del posto e goditi le prelibatezze appena sfornate in un viaggio culinario fuori dai sentieri battuti! Oltre a questo, sperimenterai anche la raccolta del sale marino, la raccolta della frutta o la lavorazione manuale! Un&#8217;esperienza da non perdere!<\/p>\n                <\/div>\n\n                                            \n                <div id=\"tab4\" class=\"para tab-content\">\n                    <p>Questo frutteto a conduzione familiare si trova nella parte settentrionale di Malta. Qui avrai l&#8217;opportunit\u00e0 di passeggiare tra alberi da frutto e assaggiare i succhi, le marmellate e le conserve appena fatti.<br \/>\nPartenza con assistenza.<\/p>\n                <\/div>\n\n                                            \n                <div id=\"tab5\" class=\"para tab-content\">\n                    <p>Comino, l&#8217;isola sorella minore di Malta, \u00e8 anche un paradiso per le passeggiate! Questo percorso circolare intorno all&#8217;isola inizia e finisce alla Laguna Blu e mentre cammini, puoi sbirciare dalle scogliere selvagge e annusare le erbe selvatiche. Poich\u00e9 questa \u00e8 un&#8217;area altamente protetta di poco meno di 3 km\u00b2, \u00e8 anche un paradiso per gli uccelli e la tranquillit\u00e0. Davvero una bella passeggiata!<\/p>\n                <\/div>\n\n                                            \n                <div id=\"tab6\" class=\"para tab-content\">\n                    <p>Partenza con assistenza.<\/p>\n                <\/div>\n\n                            <\/div>\n    <\/div>\n<\/div><\/div>\n\n<div class=\"image-slider-block\">\n    <div class=\"image-slider-wrap\">\n\n    <div class=\"slider-container no-padding\" data-aos=\"fade-up\">\n        <div class=\"image-slider\">\n                                    \n                                \n                    <div>\n                        <div class=\"img inline-bg-image lazyload\" role=\"img\" aria-label=\"Malta coast\" style=\"background-image:inherit;\" data-bg-image=\"url(https:\/\/sit.com.mt\/wp-content\/uploads\/2020\/02\/pikrepo.com-min-scaled.jpg)\"><\/div>\n                    <\/div>\n\n                                        \n                            \n                                \n                    <div>\n                        <div class=\"img inline-bg-image lazyload\" role=\"img\" aria-label=\"Walking Tour\" style=\"background-image:inherit;\" data-bg-image=\"url(https:\/\/sit.com.mt\/wp-content\/uploads\/2020\/02\/people-1988285_1920-min.jpg)\"><\/div>\n                    <\/div>\n\n                                        \n                            \n                                \n                    <div>\n                        <div class=\"img inline-bg-image lazyload\" role=\"img\" aria-label=\"Salvatur\" style=\"background-image:inherit;\" data-bg-image=\"url(https:\/\/sit.com.mt\/wp-content\/uploads\/2020\/02\/hill-3981177_1920-min.jpg)\"><\/div>\n                    <\/div>\n\n                                        \n                            \n                                \n                    <div>\n                        <div class=\"img inline-bg-image lazyload\" role=\"img\" aria-label=\"Hiking\" style=\"background-image:inherit;\" data-bg-image=\"url(https:\/\/sit.com.mt\/wp-content\/uploads\/2020\/02\/pxfuel.com-min-1-scaled.jpg)\"><\/div>\n                    <\/div>\n\n                                        \n                            \n                                \n                    <div>\n                        <div class=\"img inline-bg-image lazyload\" role=\"img\" aria-label=\"\" style=\"background-image:inherit;\" data-bg-image=\"url(https:\/\/sit.com.mt\/wp-content\/uploads\/2020\/07\/Cittadella-Gozo-scaled.jpg)\"><\/div>\n                    <\/div>\n\n                                        \n                            \n                                \n                    <div>\n                        <div class=\"img inline-bg-image lazyload\" role=\"img\" aria-label=\"\" style=\"background-image:inherit;\" data-bg-image=\"url(https:\/\/sit.com.mt\/wp-content\/uploads\/2020\/07\/luke-tanis-3QDrA2JLXk-unsplash-scaled.jpg)\"><\/div>\n                    <\/div>\n\n                                        \n                            <\/div>\n        <span class=\"prevBtn\" tabindex=\"1\">\n            <span class=\"full-arrow is-left short white\"><\/span>\n        <\/span>\n        <span class=\"nextBtn\" tabindex=\"1\">\n            <span class=\"full-arrow is-right short white\"><\/span>\n        <\/span>\n    <\/div>\n<\/div><\/div>\n\n<div class=\"tsdb-block\">\n    <div class=\"tsdb-wrap grey-bg includes-bg-text \">\n            <div class=\"inner\">\n\n                                \n                                \n                                                    <div class=\"para\" data-aos=\"fade-up\"><p>Se stai pensando di trascorrere le tue vacanze a Malta ma stai cercando un&#8217;esperienza un po &#8216;pi\u00f9 organica, allora un&#8217;avventura a tema agrituristico potrebbe essere la tua strada.<\/p>\n<\/div>\n                \n                                                    <a href=\"\/it\/contattaci\/\" class=\"button\" target=\"\" data-aos=\"fade-up\">CONTATTACI<\/a>\n                                \n                \n            <\/div>\n\n                            <div class=\"bg-text\" data-aos=\"fade-up\">Explora<\/div>\n                    <\/div>\n    \n    <\/div>\n\n<div class=\"image-desc-blocks-block\">\n    <div class=\"image-desc-blocks-wrap\">\n                    <a href=\"\/it\/special-interest-groups\/agriturismo\/\" class=\"link-wrap\" target=\"\">\n            <div class=\"img-desc-box\" data-aos=\"fade-up\" data-aos-offset=\"50\">\n\n                                <div class=\"img inline-bg-image lazyload\" role=\"img\" aria-label=\"Orange Trees At Maltese Gardens\" style=\"background-image:inherit;\" data-bg-image=\"url(https:\/\/sit.com.mt\/wp-content\/uploads\/2020\/02\/orange-tree.jpg)\"><\/div>\n\n                <div class=\"block-title\">\n                    <div class=\"title\">Agriturismo<\/div>\n                <\/div>\n\n                <div class=\"block-content\">\n                    <div class=\"title\">Agriturismo<\/div>\n                    \n                    <p class=\"para\">Durante i tour imparerai in prima persona come i contadini Maltesi in passato, cos\u00ec come oggi giorno, hanno adottato con successo metodi di lavoro che li hanno portati a produrre prodotti di alta qualit\u00e0. \r\n<\/p>\n                    \n                                            <span class=\"more-link\">SCOPRI DI PI\u00d9<\/span>\n                                    <\/div>\n\n            <\/div>\n        <\/a>\n                    <a href=\"\/it\/special-interest-groups\/immersioni\" class=\"link-wrap\" target=\"\">\n            <div class=\"img-desc-box\" data-aos=\"fade-up\" data-aos-offset=\"50\">\n\n                                <div class=\"img inline-bg-image lazyload\" role=\"img\" aria-label=\"Diving\" style=\"background-image:inherit;\" data-bg-image=\"url(https:\/\/sit.com.mt\/wp-content\/uploads\/2020\/02\/cave-diving-palau-pacific-min.jpg)\"><\/div>\n\n                <div class=\"block-title\">\n                    <div class=\"title\">Immersioni<\/div>\n                <\/div>\n\n                <div class=\"block-content\">\n                    <div class=\"title\">Immersioni<\/div>\n                    \n                    <p class=\"para\">Fare immerisioni in inverno a Malta ha un grande vantaggio: diverse specie di pesci infatti migrano verso la costa in acque meno profonde e leggermente pi\u00f9 calde. Questo d\u00e0 ai sub l&#8217;opportunit\u00e0 unica di esplorare e fotografare la vita marina. \r\n<\/p>\n                    \n                                            <span class=\"more-link\">SCOPRI DI PI\u00d9<\/span>\n                                    <\/div>\n\n            <\/div>\n        <\/a>\n                    <a href=\"\/it\/special-interest-groups\/crociere\/\" class=\"link-wrap\" target=\"\">\n            <div class=\"img-desc-box\" data-aos=\"fade-up\" data-aos-offset=\"50\">\n\n                                <div class=\"img inline-bg-image lazyload\" role=\"img\" aria-label=\"\" style=\"background-image:inherit;\" data-bg-image=\"url(https:\/\/sit.com.mt\/wp-content\/uploads\/2020\/06\/Malta-Comino-1498526_1920-e1594728386255.jpg)\"><\/div>\n\n                <div class=\"block-title\">\n                    <div class=\"title\">Crociere<\/div>\n                <\/div>\n\n                <div class=\"block-content\">\n                    <div class=\"title\">Crociere<\/div>\n                    \n                    <p class=\"para\">Immergiti nel blu del Mar Mediterraneo e nuota coi pesci. Salpando dal porto potrai dirigerti verso la Laguna Blu per fare il bagno e nuotare nelle sue acque cristalline, ma solamente dopo aver aiutato l\u2019equipaggio a navigare.\r\n<\/p>\n                    \n                                            <span class=\"more-link\">SCOPRI DI PI\u00d9<\/span>\n                                    <\/div>\n\n            <\/div>\n        <\/a>\n    <\/div><\/div>","protected":false},"excerpt":{"rendered":"","protected":false},"author":6,"featured_media":0,"parent":4596,"menu_order":0,"comment_status":"closed","ping_status":"closed","template":"","meta":{"footnotes":""},"categories":[],"class_list":["post-4633","page","type-page","status-publish","hentry"],"acf":[],"yoast_head":"<!-- This site is optimized with the Yoast SEO plugin v25.3 - https:\/\/yoast.com\/wordpress\/plugins\/seo\/ -->\n<title>Tour a Piedi - SIT Malta<\/title>\n<meta name=\"description\" content=\"Surround yourself with Malta&#039;s countryside and enjoy breathtakings views that one can enjoy with our tours taking place in Malta, Gozo &amp; Comino.\" \/>\n<meta name=\"robots\" content=\"index, follow, max-snippet:-1, max-image-preview:large, max-video-preview:-1\" \/>\n<link rel=\"canonical\" href=\"https:\/\/sit.com.mt\/it\/servizi\/special-interest-groups\/tour-a-piedi\/\" \/>\n<meta property=\"og:locale\" content=\"it_IT\" \/>\n<meta property=\"og:type\" content=\"article\" \/>\n<meta property=\"og:title\" content=\"Tour a Piedi - SIT Malta\" \/>\n<meta property=\"og:description\" content=\"Surround yourself with Malta&#039;s countryside and enjoy breathtakings views that one can enjoy with our tours taking place in Malta, Gozo &amp; Comino.\" \/>\n<meta property=\"og:url\" content=\"https:\/\/sit.com.mt\/it\/servizi\/special-interest-groups\/tour-a-piedi\/\" \/>\n<meta property=\"og:site_name\" content=\"SIT Malta\" \/>\n<meta property=\"article:modified_time\" content=\"2021-09-06T14:41:00+00:00\" \/>\n<meta name=\"twitter:card\" content=\"summary_large_image\" \/>\n<script type=\"application\/ld+json\" class=\"yoast-schema-graph\">{\"@context\":\"https:\/\/schema.org\",\"@graph\":[{\"@type\":\"WebPage\",\"@id\":\"https:\/\/sit.com.mt\/it\/servizi\/special-interest-groups\/tour-a-piedi\/\",\"url\":\"https:\/\/sit.com.mt\/it\/servizi\/special-interest-groups\/tour-a-piedi\/\",\"name\":\"Tour a Piedi - SIT Malta\",\"isPartOf\":{\"@id\":\"https:\/\/sit.com.mt\/#website\"},\"datePublished\":\"2020-02-03T14:41:29+00:00\",\"dateModified\":\"2021-09-06T14:41:00+00:00\",\"description\":\"Surround yourself with Malta's countryside and enjoy breathtakings views that one can enjoy with our tours taking place in Malta, Gozo & Comino.\",\"breadcrumb\":{\"@id\":\"https:\/\/sit.com.mt\/it\/servizi\/special-interest-groups\/tour-a-piedi\/#breadcrumb\"},\"inLanguage\":\"it-IT\",\"potentialAction\":[{\"@type\":\"ReadAction\",\"target\":[\"https:\/\/sit.com.mt\/it\/servizi\/special-interest-groups\/tour-a-piedi\/\"]}]},{\"@type\":\"BreadcrumbList\",\"@id\":\"https:\/\/sit.com.mt\/it\/servizi\/special-interest-groups\/tour-a-piedi\/#breadcrumb\",\"itemListElement\":[{\"@type\":\"ListItem\",\"position\":1,\"name\":\"Home\",\"item\":\"https:\/\/sit.com.mt\/it\/\"},{\"@type\":\"ListItem\",\"position\":2,\"name\":\"Servizi\",\"item\":\"https:\/\/sit.com.mt\/it\/servizi\/\"},{\"@type\":\"ListItem\",\"position\":3,\"name\":\"Special Interest Groups\",\"item\":\"https:\/\/sit.com.mt\/it\/servizi\/special-interest-groups\/\"},{\"@type\":\"ListItem\",\"position\":4,\"name\":\"Tour a Piedi\"}]},{\"@type\":\"WebSite\",\"@id\":\"https:\/\/sit.com.mt\/#website\",\"url\":\"https:\/\/sit.com.mt\/\",\"name\":\"SIT Malta\",\"description\":\"Unique Travel Programs\",\"publisher\":{\"@id\":\"https:\/\/sit.com.mt\/#organization\"},\"potentialAction\":[{\"@type\":\"SearchAction\",\"target\":{\"@type\":\"EntryPoint\",\"urlTemplate\":\"https:\/\/sit.com.mt\/?s={search_term_string}\"},\"query-input\":{\"@type\":\"PropertyValueSpecification\",\"valueRequired\":true,\"valueName\":\"search_term_string\"}}],\"inLanguage\":\"it-IT\"},{\"@type\":\"Organization\",\"@id\":\"https:\/\/sit.com.mt\/#organization\",\"name\":\"SIT Mailta\",\"url\":\"https:\/\/sit.com.mt\/\",\"logo\":{\"@type\":\"ImageObject\",\"inLanguage\":\"it-IT\",\"@id\":\"https:\/\/sit.com.mt\/#\/schema\/logo\/image\/\",\"url\":\"https:\/\/sit.com.mt\/wp-content\/uploads\/2020\/01\/main-logo-new.svg\",\"contentUrl\":\"https:\/\/sit.com.mt\/wp-content\/uploads\/2020\/01\/main-logo-new.svg\",\"width\":1,\"height\":1,\"caption\":\"SIT Mailta\"},\"image\":{\"@id\":\"https:\/\/sit.com.mt\/#\/schema\/logo\/image\/\"}}]}<\/script>\n<!-- \/ Yoast SEO plugin. -->","yoast_head_json":{"title":"Tour a Piedi - SIT Malta","description":"Surround yourself with Malta's countryside and enjoy breathtakings views that one can enjoy with our tours taking place in Malta, Gozo & Comino.","robots":{"index":"index","follow":"follow","max-snippet":"max-snippet:-1","max-image-preview":"max-image-preview:large","max-video-preview":"max-video-preview:-1"},"canonical":"https:\/\/sit.com.mt\/it\/servizi\/special-interest-groups\/tour-a-piedi\/","og_locale":"it_IT","og_type":"article","og_title":"Tour a Piedi - SIT Malta","og_description":"Surround yourself with Malta's countryside and enjoy breathtakings views that one can enjoy with our tours taking place in Malta, Gozo & Comino.","og_url":"https:\/\/sit.com.mt\/it\/servizi\/special-interest-groups\/tour-a-piedi\/","og_site_name":"SIT Malta","article_modified_time":"2021-09-06T14:41:00+00:00","twitter_card":"summary_large_image","schema":{"@context":"https:\/\/schema.org","@graph":[{"@type":"WebPage","@id":"https:\/\/sit.com.mt\/it\/servizi\/special-interest-groups\/tour-a-piedi\/","url":"https:\/\/sit.com.mt\/it\/servizi\/special-interest-groups\/tour-a-piedi\/","name":"Tour a Piedi - SIT Malta","isPartOf":{"@id":"https:\/\/sit.com.mt\/#website"},"datePublished":"2020-02-03T14:41:29+00:00","dateModified":"2021-09-06T14:41:00+00:00","description":"Surround yourself with Malta's countryside and enjoy breathtakings views that one can enjoy with our tours taking place in Malta, Gozo & Comino.","breadcrumb":{"@id":"https:\/\/sit.com.mt\/it\/servizi\/special-interest-groups\/tour-a-piedi\/#breadcrumb"},"inLanguage":"it-IT","potentialAction":[{"@type":"ReadAction","target":["https:\/\/sit.com.mt\/it\/servizi\/special-interest-groups\/tour-a-piedi\/"]}]},{"@type":"BreadcrumbList","@id":"https:\/\/sit.com.mt\/it\/servizi\/special-interest-groups\/tour-a-piedi\/#breadcrumb","itemListElement":[{"@type":"ListItem","position":1,"name":"Home","item":"https:\/\/sit.com.mt\/it\/"},{"@type":"ListItem","position":2,"name":"Servizi","item":"https:\/\/sit.com.mt\/it\/servizi\/"},{"@type":"ListItem","position":3,"name":"Special Interest Groups","item":"https:\/\/sit.com.mt\/it\/servizi\/special-interest-groups\/"},{"@type":"ListItem","position":4,"name":"Tour a Piedi"}]},{"@type":"WebSite","@id":"https:\/\/sit.com.mt\/#website","url":"https:\/\/sit.com.mt\/","name":"SIT Malta","description":"Unique Travel Programs","publisher":{"@id":"https:\/\/sit.com.mt\/#organization"},"potentialAction":[{"@type":"SearchAction","target":{"@type":"EntryPoint","urlTemplate":"https:\/\/sit.com.mt\/?s={search_term_string}"},"query-input":{"@type":"PropertyValueSpecification","valueRequired":true,"valueName":"search_term_string"}}],"inLanguage":"it-IT"},{"@type":"Organization","@id":"https:\/\/sit.com.mt\/#organization","name":"SIT Mailta","url":"https:\/\/sit.com.mt\/","logo":{"@type":"ImageObject","inLanguage":"it-IT","@id":"https:\/\/sit.com.mt\/#\/schema\/logo\/image\/","url":"https:\/\/sit.com.mt\/wp-content\/uploads\/2020\/01\/main-logo-new.svg","contentUrl":"https:\/\/sit.com.mt\/wp-content\/uploads\/2020\/01\/main-logo-new.svg","width":1,"height":1,"caption":"SIT Mailta"},"image":{"@id":"https:\/\/sit.com.mt\/#\/schema\/logo\/image\/"}}]}},"_links":{"self":[{"href":"https:\/\/sit.com.mt\/it\/wp-json\/wp\/v2\/pages\/4633","targetHints":{"allow":["GET"]}}],"collection":[{"href":"https:\/\/sit.com.mt\/it\/wp-json\/wp\/v2\/pages"}],"about":[{"href":"https:\/\/sit.com.mt\/it\/wp-json\/wp\/v2\/types\/page"}],"author":[{"embeddable":true,"href":"https:\/\/sit.com.mt\/it\/wp-json\/wp\/v2\/users\/6"}],"replies":[{"embeddable":true,"href":"https:\/\/sit.com.mt\/it\/wp-json\/wp\/v2\/comments?post=4633"}],"version-history":[{"count":0,"href":"https:\/\/sit.com.mt\/it\/wp-json\/wp\/v2\/pages\/4633\/revisions"}],"up":[{"embeddable":true,"href":"https:\/\/sit.com.mt\/it\/wp-json\/wp\/v2\/pages\/4596"}],"wp:attachment":[{"href":"https:\/\/sit.com.mt\/it\/wp-json\/wp\/v2\/media?parent=4633"}],"wp:term":[{"taxonomy":"category","embeddable":true,"href":"https:\/\/sit.com.mt\/it\/wp-json\/wp\/v2\/categories?post=4633"}],"curies":[{"name":"wp","href":"https:\/\/api.w.org\/{rel}","templated":true}]}}