{"id":4637,"date":"2020-02-06T15:28:27","date_gmt":"2020-02-06T15:28:27","guid":{"rendered":"https:\/\/sit.com.mt\/special-interest-groups\/jeeps-quads-segways-bikes\/"},"modified":"2021-09-06T14:56:42","modified_gmt":"2021-09-06T14:56:42","slug":"jeeps-quads-segways-bikes","status":"publish","type":"page","link":"https:\/\/sit.com.mt\/it\/servizi\/special-interest-groups\/jeeps-quads-segways-bikes\/","title":{"rendered":"Jeeps, Quads, Segways, Bikes"},"content":{"rendered":"<div class=\"landing-banner-block\">\n    <div class=\"landing-banner-wrap inline-bg-image lazyload\" style=\"background-image:inherit;\" data-bg-image=\"url(https:\/\/sit.com.mt\/wp-content\/uploads\/2020\/07\/michal-ampula-o3-MdKfifnw-unsplash-scaled.jpg)\">\n        \n            <div class=\"content-box\" data-aos=\"fade-up\">\n                                    <h1 class=\"h1\">Jeeps, Quads, Segways, Bikes<\/h1>\n                                                    <p class=\"para\">Il Jeep Safari \/ Quad e Segway con il suo modo unico di esplorare Malta \u00e8 uno dei tour di maggior successo. Esplora le parti pi\u00f9 belle e remote della nostra isola che i turisti non visitano quasi mai e goditi spettacolari e pittoreschi paesaggi.\r\n<\/p>\n                            <\/div>\n            \n                    <\/div>\n        \n    <\/div>\n\n<div class=\"tsdb-block\">\n    <div class=\"tsdb-wrap grey-bg  no-bottom-padding\">\n            <div class=\"inner\">\n\n                                \n                                \n                                                    <div class=\"para\" data-aos=\"fade-up\"><p>Con jeep-quads-segway&#8217;s-bike e\u2019 possibile fare una grande variet\u00e0 di tour che ti danno un buona idea delle nostre isole malta, gozo e comino per rendere pi\u00f9 memorabile la tua vacanza. il nostro obiettivo con questi tour \u00e8 di mostrarti la maggior parte della nostra isola, soprattutto gli angoli nascosti pi\u00f9 belli di gozo.<\/p>\n<\/div>\n                \n                                                \n                                    <span class=\"full-arrow is-bottom long\" data-aos=\"fade-down\"><\/span>\n                \n            <\/div>\n\n                    <\/div>\n    \n    <\/div>\n\n<div class=\"tab-title-desc-block\">\n    <div class=\"tab-title-desc-wrap\">\n    <div class=\"inner clearfix\">\n\n        <ul id=\"tabs-nav\" class=\"tabs-nav\" data-aos=\"fade-right\">\n                                            \n                <li>\n                    <a href=\"#tabs-content\" data-tab=\"#tab1\" class=\"tab-nav\">\n                        <span class=\"step-title\">Giorno 1<\/span>\n                        <span class=\"tab-title\">RICERCA-PERCORSO PANORAMICO DI MEZZA GIORNATA<\/span>\n                        <span class=\"full-arrow is-right no-margin shortest\"><\/span>\n                    <\/a>\n                <\/li>\n\n                            \n                <li>\n                    <a href=\"#tabs-content\" data-tab=\"#tab2\" class=\"tab-nav\">\n                        <span class=\"step-title\">Giorno 2<\/span>\n                        <span class=\"tab-title\">GIORNATA INTERA A COMINO<\/span>\n                        <span class=\"full-arrow is-right no-margin shortest\"><\/span>\n                    <\/a>\n                <\/li>\n\n                            \n                <li>\n                    <a href=\"#tabs-content\" data-tab=\"#tab3\" class=\"tab-nav\">\n                        <span class=\"step-title\">Giorno 3<\/span>\n                        <span class=\"tab-title\">JEEP SAFARI, GIORNATA INTERA<\/span>\n                        <span class=\"full-arrow is-right no-margin shortest\"><\/span>\n                    <\/a>\n                <\/li>\n\n                            \n                <li>\n                    <a href=\"#tabs-content\" data-tab=\"#tab4\" class=\"tab-nav\">\n                        <span class=\"step-title\">Giorno 4<\/span>\n                        <span class=\"tab-title\">AVVENTURA IN MOUNTAINBIKE, MEZZA GIORNATA<\/span>\n                        <span class=\"full-arrow is-right no-margin shortest\"><\/span>\n                    <\/a>\n                <\/li>\n\n                            <\/ul>\n\n        <div id=\"tabs-content\" class=\"tabs-content\" data-aos=\"fade-left\">\n                                                            \n                <div id=\"tab1\" class=\"para tab-content\">\n                    <p>Questa missione molto intrigante ti far\u00e0 seguire percorsi diversi utilizzando un GPS per trovare la fermata successiva che ti porter\u00e0 a un checkpoint. Quando si arriva a ciascun checkpoint, \u00e8 necessario scambiare l&#8217;ultimo mezzo di trasporto con uno nuovo che sia una mountain bike, una quad, una jeep o persino un Segway. Un&#8217;esperienza avventurosa da non perdere!<\/p>\n                <\/div>\n\n                                            \n                <div id=\"tab2\" class=\"para tab-content\">\n                    <p>Durante questa esperienza a Comino, l&#8217;isola gemella pi\u00f9 piccola di Malta, potrai esplorare vaste aree di quest&#8217;isola: dalle grotte segrete alle fortificazioni medievali passando da una fermata all&#8217;altra. Mentre esplori Comino, sarai anche in grado di inalare la sua aria pulita ammirando il Mar Mediterraneo e guardando le altre isole maltesi su entrambi i lati.<\/p>\n                <\/div>\n\n                                            \n                <div id=\"tab3\" class=\"para tab-content\">\n                    <p>Un giro nei luoghi pi\u00f9 belli di Gozo, la seconda isola pi\u00f9 grande dell&#8217;arcipelago maltese. Chiese barocche e antiche case coloniche in pietra punteggiano la campagna. Il paesaggio aspro dell&#8217;isola e la costa spettacolare attendono di essere esplorate.<\/p>\n                <\/div>\n\n                                            \n                <div id=\"tab4\" class=\"para tab-content\">\n                    <p>Un&#8217;avventura nel paesaggio maltese. Malta ha molti sentieri tortuosi che sono fuori dalle strade battuti e ti premiano con splendide viste da punti di vista mozzafiato. I tour in bicicletta possono essere impegnativi o facili come desideri.<\/p>\n                <\/div>\n\n                            <\/div>\n    <\/div>\n<\/div><\/div>\n\n<div class=\"image-slider-block\">\n    <div class=\"image-slider-wrap\">\n\n    <div class=\"slider-container no-padding\" data-aos=\"fade-up\">\n        <div class=\"image-slider\">\n                                    \n                                \n                    <div>\n                        <div class=\"img inline-bg-image lazyload\" role=\"img\" aria-label=\"Safari\" style=\"background-image:inherit;\" data-bg-image=\"url(https:\/\/sit.com.mt\/wp-content\/uploads\/2020\/02\/buggy-2276755_1920-min-e1594202835583.jpg)\"><\/div>\n                    <\/div>\n\n                                        \n                            \n                                \n                    <div>\n                        <div class=\"img inline-bg-image lazyload\" role=\"img\" aria-label=\"Bikers Admire The View\" style=\"background-image:inherit;\" data-bg-image=\"url(https:\/\/sit.com.mt\/wp-content\/uploads\/2020\/02\/bike-adventure.jpg)\"><\/div>\n                    <\/div>\n\n                                        \n                            \n                                \n                    <div>\n                        <div class=\"img inline-bg-image lazyload\" role=\"img\" aria-label=\"jeep safary in Gozo\" style=\"background-image:inherit;\" data-bg-image=\"url(https:\/\/sit.com.mt\/wp-content\/uploads\/2020\/07\/Jeeps-scaled.jpg)\"><\/div>\n                    <\/div>\n\n                                        \n                            \n                                \n                    <div>\n                        <div class=\"img inline-bg-image lazyload\" role=\"img\" aria-label=\"\" style=\"background-image:inherit;\" data-bg-image=\"url(https:\/\/sit.com.mt\/wp-content\/uploads\/2020\/07\/Cycling-1-scaled-e1594202923950.jpg)\"><\/div>\n                    <\/div>\n\n                                        \n                            \n                                \n                    <div>\n                        <div class=\"img inline-bg-image lazyload\" role=\"img\" aria-label=\"Quad bikes\" style=\"background-image:inherit;\" data-bg-image=\"url(https:\/\/sit.com.mt\/wp-content\/uploads\/2020\/02\/87-1243174356Hzun-min.jpg)\"><\/div>\n                    <\/div>\n\n                                        \n                            \n                                \n                    <div>\n                        <div class=\"img inline-bg-image lazyload\" role=\"img\" aria-label=\"white jeeps parked side by side\" style=\"background-image:inherit;\" data-bg-image=\"url(https:\/\/sit.com.mt\/wp-content\/uploads\/2020\/05\/white-jeeps.jpg)\"><\/div>\n                    <\/div>\n\n                                        \n                            <\/div>\n        <span class=\"prevBtn\" tabindex=\"1\">\n            <span class=\"full-arrow is-left short white\"><\/span>\n        <\/span>\n        <span class=\"nextBtn\" tabindex=\"1\">\n            <span class=\"full-arrow is-right short white\"><\/span>\n        <\/span>\n    <\/div>\n<\/div><\/div>\n\n<div class=\"tsdb-block\">\n    <div class=\"tsdb-wrap grey-bg includes-bg-text \">\n            <div class=\"inner\">\n\n                                \n                                \n                                                    <div class=\"para\" data-aos=\"fade-up\"><p>Avere un partner di fiducia come SIT significa assicurarti di sfruttare al meglio la tua visita.<\/p>\n<\/div>\n                \n                                                    <a href=\"\/it\/contattaci\/\" class=\"button\" target=\"\" data-aos=\"fade-up\">CONTATTACI<\/a>\n                                \n                \n            <\/div>\n\n                            <div class=\"bg-text\" data-aos=\"fade-up\">Adventure<\/div>\n                    <\/div>\n    \n    <\/div>\n\n<div class=\"image-desc-blocks-block\">\n    <div class=\"image-desc-blocks-wrap\">\n                    <a href=\"\/it\/special-interest-groups\/tour-sportivi\/\" class=\"link-wrap\" target=\"\">\n            <div class=\"img-desc-box\" data-aos=\"fade-up\" data-aos-offset=\"50\">\n\n                                <div class=\"img inline-bg-image lazyload\" role=\"img\" aria-label=\"National stadium\" style=\"background-image:inherit;\" data-bg-image=\"url(https:\/\/sit.com.mt\/wp-content\/uploads\/2020\/02\/stadium-min.jpg)\"><\/div>\n\n                <div class=\"block-title\">\n                    <div class=\"title\">TOUR SPORTIVI<\/div>\n                <\/div>\n\n                <div class=\"block-content\">\n                    <div class=\"title\">TOUR SPORTIVI<\/div>\n                    \n                    <p class=\"para\">Lunghe estati e sole che splende quasi tutto l\u2019anno, sport acquatici ed altre attivit\u00e0 all\u2019aria aperta sono l\u2019occasione perfetta per godere al massimo della tua vacanza a Malta.\r\n<\/p>\n                    \n                                            <span class=\"more-link\">SCOPRI DI PI\u00d9<\/span>\n                                    <\/div>\n\n            <\/div>\n        <\/a>\n                    <a href=\"\/it\/servizi\/special-interest-groups\/tour-in-barca-a-vela\/\" class=\"link-wrap\" target=\"\">\n            <div class=\"img-desc-box\" data-aos=\"fade-up\" data-aos-offset=\"50\">\n\n                                <div class=\"img inline-bg-image lazyload\" role=\"img\" aria-label=\"Sailing Yacht At The Entrance To Valletta Grand Harbour\" style=\"background-image:inherit;\" data-bg-image=\"url(https:\/\/sit.com.mt\/wp-content\/uploads\/2020\/02\/sailing-yacht.jpg)\"><\/div>\n\n                <div class=\"block-title\">\n                    <div class=\"title\">VELA<\/div>\n                <\/div>\n\n                <div class=\"block-content\">\n                    <div class=\"title\">VELA<\/div>\n                    \n                    <p class=\"para\">Scopri le due isole minori di Malta: Gozo e Comino, in questa giornata in barca a vela. Percorri tutta la costa fino ad entrare nella scintillante Blue Lagoon con la sua acqua cristallina. \r\n<\/p>\n                    \n                                            <span class=\"more-link\">SCOPRI DI PI\u00d9<\/span>\n                                    <\/div>\n\n            <\/div>\n        <\/a>\n                    <a href=\"\/it\/special-interest-groups\/tour-a-piedi\/\" class=\"link-wrap\" target=\"\">\n            <div class=\"img-desc-box\" data-aos=\"fade-up\" data-aos-offset=\"50\">\n\n                                <div class=\"img inline-bg-image lazyload\" role=\"img\" aria-label=\"Feet walking\" style=\"background-image:inherit;\" data-bg-image=\"url(https:\/\/sit.com.mt\/wp-content\/uploads\/2020\/01\/fashion-footwear-grass-outdoors-631986-scaled.jpg)\"><\/div>\n\n                <div class=\"block-title\">\n                    <div class=\"title\">TOUR A PIEDI<\/div>\n                <\/div>\n\n                <div class=\"block-content\">\n                    <div class=\"title\">TOUR A PIEDI<\/div>\n                    \n                    <p class=\"para\">Le vacanze a piedi a Malta presentano un punto di vista completamente nuovo: il panorama lascia davvero senza fiato e alcuni viaggiatori hanno descritto l\u2019area nord-ovest dell\u2019isola come uno dei luoghi pi\u00f9 belli del mediterraneo. \r\n<\/p>\n                    \n                                            <span class=\"more-link\">SCOPRI DI PI\u00d9<\/span>\n                                    <\/div>\n\n            <\/div>\n        <\/a>\n    <\/div><\/div>","protected":false},"excerpt":{"rendered":"","protected":false},"author":6,"featured_media":0,"parent":4596,"menu_order":0,"comment_status":"closed","ping_status":"closed","template":"","meta":{"footnotes":""},"categories":[],"class_list":["post-4637","page","type-page","status-publish","hentry"],"acf":[],"yoast_head":"<!-- This site is optimized with the Yoast SEO plugin v25.3 - https:\/\/yoast.com\/wordpress\/plugins\/seo\/ -->\n<title>Jeeps, Quads, Segways, Bikes - SIT Malta<\/title>\n<meta name=\"description\" content=\"SIT has a programme specific for the adventureous, making jeeps, quads, segways and bikes to choose from for your special tours.\" \/>\n<meta name=\"robots\" content=\"index, follow, max-snippet:-1, max-image-preview:large, max-video-preview:-1\" \/>\n<link rel=\"canonical\" href=\"https:\/\/sit.com.mt\/it\/servizi\/special-interest-groups\/jeeps-quads-segways-bikes\/\" \/>\n<meta property=\"og:locale\" content=\"it_IT\" \/>\n<meta property=\"og:type\" content=\"article\" \/>\n<meta property=\"og:title\" content=\"Jeeps, Quads, Segways, Bikes - SIT Malta\" \/>\n<meta property=\"og:description\" content=\"SIT has a programme specific for the adventureous, making jeeps, quads, segways and bikes to choose from for your special tours.\" \/>\n<meta property=\"og:url\" content=\"https:\/\/sit.com.mt\/it\/servizi\/special-interest-groups\/jeeps-quads-segways-bikes\/\" \/>\n<meta property=\"og:site_name\" content=\"SIT Malta\" \/>\n<meta property=\"article:modified_time\" content=\"2021-09-06T14:56:42+00:00\" \/>\n<meta name=\"twitter:card\" content=\"summary_large_image\" \/>\n<script type=\"application\/ld+json\" class=\"yoast-schema-graph\">{\"@context\":\"https:\/\/schema.org\",\"@graph\":[{\"@type\":\"WebPage\",\"@id\":\"https:\/\/sit.com.mt\/it\/servizi\/special-interest-groups\/jeeps-quads-segways-bikes\/\",\"url\":\"https:\/\/sit.com.mt\/it\/servizi\/special-interest-groups\/jeeps-quads-segways-bikes\/\",\"name\":\"Jeeps, Quads, Segways, Bikes - SIT Malta\",\"isPartOf\":{\"@id\":\"https:\/\/sit.com.mt\/#website\"},\"datePublished\":\"2020-02-06T15:28:27+00:00\",\"dateModified\":\"2021-09-06T14:56:42+00:00\",\"description\":\"SIT has a programme specific for the adventureous, making jeeps, quads, segways and bikes to choose from for your special tours.\",\"breadcrumb\":{\"@id\":\"https:\/\/sit.com.mt\/it\/servizi\/special-interest-groups\/jeeps-quads-segways-bikes\/#breadcrumb\"},\"inLanguage\":\"it-IT\",\"potentialAction\":[{\"@type\":\"ReadAction\",\"target\":[\"https:\/\/sit.com.mt\/it\/servizi\/special-interest-groups\/jeeps-quads-segways-bikes\/\"]}]},{\"@type\":\"BreadcrumbList\",\"@id\":\"https:\/\/sit.com.mt\/it\/servizi\/special-interest-groups\/jeeps-quads-segways-bikes\/#breadcrumb\",\"itemListElement\":[{\"@type\":\"ListItem\",\"position\":1,\"name\":\"Home\",\"item\":\"https:\/\/sit.com.mt\/it\/\"},{\"@type\":\"ListItem\",\"position\":2,\"name\":\"Servizi\",\"item\":\"https:\/\/sit.com.mt\/it\/servizi\/\"},{\"@type\":\"ListItem\",\"position\":3,\"name\":\"Special Interest Groups\",\"item\":\"https:\/\/sit.com.mt\/it\/servizi\/special-interest-groups\/\"},{\"@type\":\"ListItem\",\"position\":4,\"name\":\"Jeeps, Quads, Segways, Bikes\"}]},{\"@type\":\"WebSite\",\"@id\":\"https:\/\/sit.com.mt\/#website\",\"url\":\"https:\/\/sit.com.mt\/\",\"name\":\"SIT Malta\",\"description\":\"Unique Travel Programs\",\"publisher\":{\"@id\":\"https:\/\/sit.com.mt\/#organization\"},\"potentialAction\":[{\"@type\":\"SearchAction\",\"target\":{\"@type\":\"EntryPoint\",\"urlTemplate\":\"https:\/\/sit.com.mt\/?s={search_term_string}\"},\"query-input\":{\"@type\":\"PropertyValueSpecification\",\"valueRequired\":true,\"valueName\":\"search_term_string\"}}],\"inLanguage\":\"it-IT\"},{\"@type\":\"Organization\",\"@id\":\"https:\/\/sit.com.mt\/#organization\",\"name\":\"SIT Mailta\",\"url\":\"https:\/\/sit.com.mt\/\",\"logo\":{\"@type\":\"ImageObject\",\"inLanguage\":\"it-IT\",\"@id\":\"https:\/\/sit.com.mt\/#\/schema\/logo\/image\/\",\"url\":\"https:\/\/sit.com.mt\/wp-content\/uploads\/2020\/01\/main-logo-new.svg\",\"contentUrl\":\"https:\/\/sit.com.mt\/wp-content\/uploads\/2020\/01\/main-logo-new.svg\",\"width\":1,\"height\":1,\"caption\":\"SIT Mailta\"},\"image\":{\"@id\":\"https:\/\/sit.com.mt\/#\/schema\/logo\/image\/\"}}]}<\/script>\n<!-- \/ Yoast SEO plugin. -->","yoast_head_json":{"title":"Jeeps, Quads, Segways, Bikes - SIT Malta","description":"SIT has a programme specific for the adventureous, making jeeps, quads, segways and bikes to choose from for your special tours.","robots":{"index":"index","follow":"follow","max-snippet":"max-snippet:-1","max-image-preview":"max-image-preview:large","max-video-preview":"max-video-preview:-1"},"canonical":"https:\/\/sit.com.mt\/it\/servizi\/special-interest-groups\/jeeps-quads-segways-bikes\/","og_locale":"it_IT","og_type":"article","og_title":"Jeeps, Quads, Segways, Bikes - SIT Malta","og_description":"SIT has a programme specific for the adventureous, making jeeps, quads, segways and bikes to choose from for your special tours.","og_url":"https:\/\/sit.com.mt\/it\/servizi\/special-interest-groups\/jeeps-quads-segways-bikes\/","og_site_name":"SIT Malta","article_modified_time":"2021-09-06T14:56:42+00:00","twitter_card":"summary_large_image","schema":{"@context":"https:\/\/schema.org","@graph":[{"@type":"WebPage","@id":"https:\/\/sit.com.mt\/it\/servizi\/special-interest-groups\/jeeps-quads-segways-bikes\/","url":"https:\/\/sit.com.mt\/it\/servizi\/special-interest-groups\/jeeps-quads-segways-bikes\/","name":"Jeeps, Quads, Segways, Bikes - SIT Malta","isPartOf":{"@id":"https:\/\/sit.com.mt\/#website"},"datePublished":"2020-02-06T15:28:27+00:00","dateModified":"2021-09-06T14:56:42+00:00","description":"SIT has a programme specific for the adventureous, making jeeps, quads, segways and bikes to choose from for your special tours.","breadcrumb":{"@id":"https:\/\/sit.com.mt\/it\/servizi\/special-interest-groups\/jeeps-quads-segways-bikes\/#breadcrumb"},"inLanguage":"it-IT","potentialAction":[{"@type":"ReadAction","target":["https:\/\/sit.com.mt\/it\/servizi\/special-interest-groups\/jeeps-quads-segways-bikes\/"]}]},{"@type":"BreadcrumbList","@id":"https:\/\/sit.com.mt\/it\/servizi\/special-interest-groups\/jeeps-quads-segways-bikes\/#breadcrumb","itemListElement":[{"@type":"ListItem","position":1,"name":"Home","item":"https:\/\/sit.com.mt\/it\/"},{"@type":"ListItem","position":2,"name":"Servizi","item":"https:\/\/sit.com.mt\/it\/servizi\/"},{"@type":"ListItem","position":3,"name":"Special Interest Groups","item":"https:\/\/sit.com.mt\/it\/servizi\/special-interest-groups\/"},{"@type":"ListItem","position":4,"name":"Jeeps, Quads, Segways, Bikes"}]},{"@type":"WebSite","@id":"https:\/\/sit.com.mt\/#website","url":"https:\/\/sit.com.mt\/","name":"SIT Malta","description":"Unique Travel Programs","publisher":{"@id":"https:\/\/sit.com.mt\/#organization"},"potentialAction":[{"@type":"SearchAction","target":{"@type":"EntryPoint","urlTemplate":"https:\/\/sit.com.mt\/?s={search_term_string}"},"query-input":{"@type":"PropertyValueSpecification","valueRequired":true,"valueName":"search_term_string"}}],"inLanguage":"it-IT"},{"@type":"Organization","@id":"https:\/\/sit.com.mt\/#organization","name":"SIT Mailta","url":"https:\/\/sit.com.mt\/","logo":{"@type":"ImageObject","inLanguage":"it-IT","@id":"https:\/\/sit.com.mt\/#\/schema\/logo\/image\/","url":"https:\/\/sit.com.mt\/wp-content\/uploads\/2020\/01\/main-logo-new.svg","contentUrl":"https:\/\/sit.com.mt\/wp-content\/uploads\/2020\/01\/main-logo-new.svg","width":1,"height":1,"caption":"SIT Mailta"},"image":{"@id":"https:\/\/sit.com.mt\/#\/schema\/logo\/image\/"}}]}},"_links":{"self":[{"href":"https:\/\/sit.com.mt\/it\/wp-json\/wp\/v2\/pages\/4637","targetHints":{"allow":["GET"]}}],"collection":[{"href":"https:\/\/sit.com.mt\/it\/wp-json\/wp\/v2\/pages"}],"about":[{"href":"https:\/\/sit.com.mt\/it\/wp-json\/wp\/v2\/types\/page"}],"author":[{"embeddable":true,"href":"https:\/\/sit.com.mt\/it\/wp-json\/wp\/v2\/users\/6"}],"replies":[{"embeddable":true,"href":"https:\/\/sit.com.mt\/it\/wp-json\/wp\/v2\/comments?post=4637"}],"version-history":[{"count":0,"href":"https:\/\/sit.com.mt\/it\/wp-json\/wp\/v2\/pages\/4637\/revisions"}],"up":[{"embeddable":true,"href":"https:\/\/sit.com.mt\/it\/wp-json\/wp\/v2\/pages\/4596"}],"wp:attachment":[{"href":"https:\/\/sit.com.mt\/it\/wp-json\/wp\/v2\/media?parent=4637"}],"wp:term":[{"taxonomy":"category","embeddable":true,"href":"https:\/\/sit.com.mt\/it\/wp-json\/wp\/v2\/categories?post=4637"}],"curies":[{"name":"wp","href":"https:\/\/api.w.org\/{rel}","templated":true}]}}