{"id":4641,"date":"2020-01-08T10:28:21","date_gmt":"2020-01-08T10:28:21","guid":{"rendered":"https:\/\/sit.com.mt\/portfolio\/"},"modified":"2021-02-18T09:34:58","modified_gmt":"2021-02-18T09:34:58","slug":"portfolio","status":"publish","type":"page","link":"https:\/\/sit.com.mt\/it\/portfolio\/","title":{"rendered":"Portfolio"},"content":{"rendered":"<div class=\"landing-banner-block\">\n    <div class=\"landing-banner-wrap inline-bg-image lazyload\" style=\"background-image:inherit;\" data-bg-image=\"url(https:\/\/sit.com.mt\/wp-content\/uploads\/2020\/07\/74614091_1522323567907643_2912593550220722176_o.jpg)\">\n        \n            <div class=\"content-box\" data-aos=\"fade-up\">\n                                    <h1 class=\"h1\">Portfolio<\/h1>\n                                                    <p class=\"para\">Con oltre 40 di esperienza nel business ci consideriamo degli OG e le nostre storie di successo parlano da sole.\r\n<\/p>\n                            <\/div>\n            \n                    <\/div>\n        \n    <\/div>\n\n<div class=\"portfolio-block\">\n    <div class=\"portfolio-wrap light-bg includes-bg-text\">\n    <div class=\"inner\">\n\n        \n        <ul id=\"filter-categories\" class=\"portfolio-category-tabs\" data-aos=\"fade-up\">\n            \n                <li data-filter=\"*\" id=\"show-all\" class=\"category-tab selected recenti-tab\">\n\n                    \n\n            <div class=\"cat-icon recenti\" style=\"background: linear-gradient(to right, #f98408, #ffec00);\">\n                <img decoding=\"async\" data-src=\"https:\/\/sit.com.mt\/wp-content\/uploads\/2019\/12\/time.svg\" alt=\"\" src=\"data:image\/gif;base64,R0lGODlhAQABAAAAACH5BAEKAAEALAAAAAABAAEAAAICTAEAOw==\" class=\"lazyload\" \/>\n            <\/div>\n\n            \n                    <div class=\"term-title\" style=\"color: #f98408\">Recenti<\/div>\n                <\/li>\n\n            \n                <li data-filter=\".viaggi-di-gruppo\" class=\"category-tab  viaggi-di-gruppo-tab\">\n\n                    \n\n            <div class=\"cat-icon viaggi-di-gruppo\" style=\"background: linear-gradient(to right, #68ab30, #b7cb1a);\">\n                <img decoding=\"async\" data-src=\"https:\/\/sit.com.mt\/wp-content\/uploads\/2020\/01\/group-travel.svg\" alt=\"\" src=\"data:image\/gif;base64,R0lGODlhAQABAAAAACH5BAEKAAEALAAAAAABAAEAAAICTAEAOw==\" class=\"lazyload\" \/>\n            <\/div>\n\n            \n                    <div class=\"term-title\" style=\"color: #68ab30\">Viaggi di gruppo<\/div>\n                <\/li>\n\n            \n                <li data-filter=\".incentive\" class=\"category-tab  incentive-tab\">\n\n                    \n\n            <div class=\"cat-icon incentive\" style=\"background: linear-gradient(to right, #015dab, #009fea);\">\n                <img decoding=\"async\" data-src=\"https:\/\/sit.com.mt\/wp-content\/uploads\/2020\/01\/incentives.svg\" alt=\"\" src=\"data:image\/gif;base64,R0lGODlhAQABAAAAACH5BAEKAAEALAAAAAABAAEAAAICTAEAOw==\" class=\"lazyload\" \/>\n            <\/div>\n\n            \n                    <div class=\"term-title\" style=\"color: #015dab\">Incentive<\/div>\n                <\/li>\n\n            \n                <li data-filter=\".conferenze\" class=\"category-tab  conferenze-tab\">\n\n                    \n\n            <div class=\"cat-icon conferenze\" style=\"background: linear-gradient(to right, #901816, #cb2b1c);\">\n                <img decoding=\"async\" data-src=\"https:\/\/sit.com.mt\/wp-content\/uploads\/2019\/12\/lamp.svg\" alt=\"\" src=\"data:image\/gif;base64,R0lGODlhAQABAAAAACH5BAEKAAEALAAAAAABAAEAAAICTAEAOw==\" class=\"lazyload\" \/>\n            <\/div>\n\n            \n                    <div class=\"term-title\" style=\"color: #901816\">Conferenze<\/div>\n                <\/li>\n\n                    <\/ul>\n\n        <div class=\"portfolio-page-links\">\n            \n            <a href=\"https:\/\/sit.com.mt\/it\/portfolio\/salt-post-covid-group\/\" class=\"portfolio-link  incentive\">\n                <div class=\"portfolio inline-bg-image lazyload\" style=\"background-image:inherit;\" data-bg-image=\"url(https:\/\/sit.com.mt\/wp-content\/uploads\/2020\/11\/20201009_162157-scaled-e1630075692985.jpg)\">\n\n                    <div class=\"narrow-column\">\n                        <div class=\"v-align\">\n                            <div class=\"portfolio-title\">Gruppo Post-Covid19<\/div>\n                        <\/div>\n                    <\/div>\n\n                <\/div>\n            <\/a>\n\n            \n            <a href=\"https:\/\/sit.com.mt\/it\/portfolio\/byk-incentive-trip\/\" class=\"portfolio-link  incentive recenti\">\n                <div class=\"portfolio inline-bg-image lazyload\" style=\"background-image:inherit;\" data-bg-image=\"url(https:\/\/sit.com.mt\/wp-content\/uploads\/2020\/08\/72113654_515779652593991_8674156126125686784_n.jpg)\">\n\n                    <div class=\"narrow-column\">\n                        <div class=\"v-align\">\n                            <div class=\"portfolio-title\">Viaggio Incentive BYK<\/div>\n                        <\/div>\n                    <\/div>\n\n                <\/div>\n            <\/a>\n\n            \n            <a href=\"https:\/\/sit.com.mt\/it\/portfolio\/building-a-boat\/\" class=\"portfolio-link  incentive\">\n                <div class=\"portfolio inline-bg-image lazyload\" style=\"background-image:inherit;\" data-bg-image=\"url(https:\/\/sit.com.mt\/wp-content\/uploads\/2020\/06\/teambuilding-malta.jpg)\">\n\n                    <div class=\"narrow-column\">\n                        <div class=\"v-align\">\n                            <div class=\"portfolio-title\">Costruisci Una Barca<\/div>\n                        <\/div>\n                    <\/div>\n\n                <\/div>\n            <\/a>\n\n            \n            <a href=\"https:\/\/sit.com.mt\/it\/portfolio\/gala-dinner-by-the-sea\/\" class=\"portfolio-link  incentive\">\n                <div class=\"portfolio inline-bg-image lazyload\" style=\"background-image:inherit;\" data-bg-image=\"url(https:\/\/sit.com.mt\/wp-content\/uploads\/2020\/07\/IMGP2487-scaled-e1594731913735.jpg)\">\n\n                    <div class=\"narrow-column\">\n                        <div class=\"v-align\">\n                            <div class=\"portfolio-title\">Cena di Gala sul Mare<\/div>\n                        <\/div>\n                    <\/div>\n\n                <\/div>\n            <\/a>\n\n            \n            <a href=\"https:\/\/sit.com.mt\/it\/portfolio\/maltese-presidency-of-the-eu-2\/\" class=\"portfolio-link  conferenze\">\n                <div class=\"portfolio inline-bg-image lazyload\" style=\"background-image:inherit;\" data-bg-image=\"url(https:\/\/sit.com.mt\/wp-content\/uploads\/2020\/06\/IMG_3191-1-1-scaled.jpg)\">\n\n                    <div class=\"narrow-column\">\n                        <div class=\"v-align\">\n                            <div class=\"portfolio-title\">Sale Breakout all\u2019Aperto<\/div>\n                        <\/div>\n                    <\/div>\n\n                <\/div>\n            <\/a>\n\n            \n            <a href=\"https:\/\/sit.com.mt\/it\/portfolio\/maltese-presidency-of-the-eu\/\" class=\"portfolio-link  conferenze\">\n                <div class=\"portfolio inline-bg-image lazyload\" style=\"background-image:inherit;\" data-bg-image=\"url(https:\/\/sit.com.mt\/wp-content\/uploads\/2021\/03\/517px-Logo_Maltese_EU_presidency_of_the_Council_of_the_European_Union_2017.svg-e1616440979391.png)\">\n\n                    <div class=\"narrow-column\">\n                        <div class=\"v-align\">\n                            <div class=\"portfolio-title\">Presidenza Maltese del Consiglio dell\u2019Unione Europea 2017<\/div>\n                        <\/div>\n                    <\/div>\n\n                <\/div>\n            <\/a>\n\n            \n            <a href=\"https:\/\/sit.com.mt\/it\/portfolio\/award-dinner\/\" class=\"portfolio-link  incentive\">\n                <div class=\"portfolio inline-bg-image lazyload\" style=\"background-image:inherit;\" data-bg-image=\"url(https:\/\/sit.com.mt\/wp-content\/uploads\/2020\/04\/wine-2373500_1920-min.jpg)\">\n\n                    <div class=\"narrow-column\">\n                        <div class=\"v-align\">\n                            <div class=\"portfolio-title\">Award Dinner in Un forte  Storico<\/div>\n                        <\/div>\n                    <\/div>\n\n                <\/div>\n            <\/a>\n\n            \n            <a href=\"https:\/\/sit.com.mt\/it\/portfolio\/speedboat-treasure-hunt\/\" class=\"portfolio-link  incentive\">\n                <div class=\"portfolio inline-bg-image lazyload\" style=\"background-image:inherit;\" data-bg-image=\"url(https:\/\/sit.com.mt\/wp-content\/uploads\/2020\/04\/red-and-black-wooden-chest-on-white-sand-1252907-min-scaled.jpg)\">\n\n                    <div class=\"narrow-column\">\n                        <div class=\"v-align\">\n                            <div class=\"portfolio-title\">Caccia al Tesoro in Speedboat<\/div>\n                        <\/div>\n                    <\/div>\n\n                <\/div>\n            <\/a>\n\n            \n            <a href=\"https:\/\/sit.com.mt\/it\/portfolio\/eu-presidency\/\" class=\"portfolio-link  incentive\">\n                <div class=\"portfolio inline-bg-image lazyload\" style=\"background-image:inherit;\" data-bg-image=\"url(https:\/\/sit.com.mt\/wp-content\/uploads\/2020\/04\/drink-3615178_1920.jpg)\">\n\n                    <div class=\"narrow-column\">\n                        <div class=\"v-align\">\n                            <div class=\"portfolio-title\">Sorpresa di Champagne su di una Barca<\/div>\n                        <\/div>\n                    <\/div>\n\n                <\/div>\n            <\/a>\n\n            \n            <a href=\"https:\/\/sit.com.mt\/it\/portfolio\/russian-indian-pharmaceutical\/\" class=\"portfolio-link  viaggi-di-gruppo\">\n                <div class=\"portfolio inline-bg-image lazyload\" style=\"background-image:inherit;\" data-bg-image=\"url(https:\/\/sit.com.mt\/wp-content\/uploads\/2019\/12\/ass-1.png)\">\n\n                    <div class=\"narrow-column\">\n                        <div class=\"v-align\">\n                            <div class=\"portfolio-title\">Industrie Farmaceutiche Russe &amp; Indiane<\/div>\n                        <\/div>\n                    <\/div>\n\n                <\/div>\n            <\/a>\n\n            \n            <a href=\"https:\/\/sit.com.mt\/it\/portfolio\/portfolio-example-1\/\" class=\"portfolio-link  conferenze\">\n                <div class=\"portfolio inline-bg-image lazyload\" style=\"background-image:inherit;\" data-bg-image=\"url(https:\/\/sit.com.mt\/wp-content\/uploads\/2020\/04\/dental-2450751_1280-min.jpg)\">\n\n                    <div class=\"narrow-column\">\n                        <div class=\"v-align\">\n                            <div class=\"portfolio-title\">Chirurgia Dentale dal Vivo<\/div>\n                        <\/div>\n                    <\/div>\n\n                <\/div>\n            <\/a>\n\n                    <\/div>\n\n                                    <button id=\"load-more\" class=\"button load-more\">Mostra di pi\u00f9&#8230;<\/button>\n                    \n    <\/div>\n                        <div class=\"bg-text\" data-aos=\"fade-up\">Inspiring<\/div>\n            <\/div><\/div>\n\n<div class=\"tsdb-block nbp\">\n    <div class=\"tsdb-wrap white-bg  \">\n            <div class=\"inner\">\n\n                                                    <h2 class=\"h2\" data-aos=\"fade-up\">Scopri di pi\u00f9 <\/h2>\n                \n                                                    <h4 class=\"h4\" data-aos=\"fade-up\">GLI EVENTI MEMORABILI NON SUCCEDONO SOLO. SUCCEDONO PER ESSERE IL NOSTRO BUSINNESS<\/h4>\n                \n                                \n                                                \n                                    <span class=\"full-arrow is-bottom long\" data-aos=\"fade-down\"><\/span>\n                \n            <\/div>\n\n                    <\/div>\n    \n    <\/div>\n\n<div class=\"image-desc-blocks-block\">\n    <div class=\"image-desc-blocks-wrap\">\n                    <a href=\"\/it\/servizi\/conferenze\/\" class=\"link-wrap\" target=\"\">\n            <div class=\"img-desc-box\" data-aos=\"fade-up\" data-aos-offset=\"50\">\n\n                                <div class=\"img inline-bg-image lazyload\" role=\"img\" aria-label=\"aluminum chairs in a conference room\" style=\"background-image:inherit;\" data-bg-image=\"url(https:\/\/sit.com.mt\/wp-content\/uploads\/2020\/01\/aluminum-chairs-conference-691485.png)\"><\/div>\n\n                <div class=\"block-title\">\n                    <div class=\"title\">CONFERENZE<\/div>\n                <\/div>\n\n                <div class=\"block-content\">\n                    <div class=\"title\">CONFERENZE<\/div>\n                    \n                    <p class=\"para\">Con 5 specifici Centri Conferenze sull\u2019isola, le location per le conferenze a Malta hanno molto di pi\u00f9 da offrire dell\u2019onnipresente acqua minerale, mentine e luce diurna.\r\n<\/p>\n                    \n                                            <span class=\"more-link\">SCOPRI DI PI\u00d9<\/span>\n                                    <\/div>\n\n            <\/div>\n        <\/a>\n                    <a href=\"\/it\/servizi\/incentive\" class=\"link-wrap\" target=\"\">\n            <div class=\"img-desc-box\" data-aos=\"fade-up\" data-aos-offset=\"50\">\n\n                                <div class=\"img inline-bg-image lazyload\" role=\"img\" aria-label=\"People Gathers For Private Event In Valletta's Gardens\" style=\"background-image:inherit;\" data-bg-image=\"url(https:\/\/sit.com.mt\/wp-content\/uploads\/2019\/12\/corporate-event-malta.png)\"><\/div>\n\n                <div class=\"block-title\">\n                    <div class=\"title\">Incentives<\/div>\n                <\/div>\n\n                <div class=\"block-content\">\n                    <div class=\"title\">Incentives<\/div>\n                    \n                    <p class=\"para\">Per viaggi d\u2019incentivazione unici come te. Noi facciamo il lavoro. Tu ti diverti.\r\n<\/p>\n                    \n                                            <span class=\"more-link\">SCOPRI DI PI\u00d9<\/span>\n                                    <\/div>\n\n            <\/div>\n        <\/a>\n                    <a href=\"\/it\/servizi\/french-leisure\" class=\"link-wrap\" target=\"\">\n            <div class=\"img-desc-box\" data-aos=\"fade-up\" data-aos-offset=\"50\">\n\n                                <div class=\"img inline-bg-image lazyload\" role=\"img\" aria-label=\"\" style=\"background-image:inherit;\" data-bg-image=\"url(https:\/\/sit.com.mt\/wp-content\/uploads\/2020\/05\/mike-nahlii-qk10uRxzRTc-unsplash.jpg)\"><\/div>\n\n                <div class=\"block-title\">\n                    <div class=\"title\">LEISURE FRANCESE<\/div>\n                <\/div>\n\n                <div class=\"block-content\">\n                    <div class=\"title\">LEISURE FRANCESE<\/div>\n                    \n                    <p class=\"para\">Une \u00e9quipe francophone enti\u00e8rement d\u00e9di\u00e9e au march\u00e9 fran\u00e7ais de groupes. Nous vous aiderons \u00e0 cr\u00e9er vos programmes selon vos besoins et vos centres d\u2019int\u00e9r\u00eats. Nous sommes \u00e0 votre \u00e9coute et \u00e0 votre service pour la r\u00e9ussite de votre projet. <\/p>\n                    \n                                            <span class=\"more-link\">SCOPRI DI PI\u00d9<\/span>\n                                    <\/div>\n\n            <\/div>\n        <\/a>\n    <\/div><\/div>","protected":false},"excerpt":{"rendered":"","protected":false},"author":6,"featured_media":0,"parent":0,"menu_order":0,"comment_status":"closed","ping_status":"closed","template":"","meta":{"footnotes":""},"categories":[],"class_list":["post-4641","page","type-page","status-publish","hentry"],"acf":[],"yoast_head":"<!-- This site is optimized with the Yoast SEO plugin v25.3 - https:\/\/yoast.com\/wordpress\/plugins\/seo\/ -->\n<title>Portfolio - SIT Malta<\/title>\n<meta name=\"robots\" content=\"index, follow, max-snippet:-1, max-image-preview:large, max-video-preview:-1\" \/>\n<link rel=\"canonical\" href=\"https:\/\/sit.com.mt\/it\/portfolio\/\" \/>\n<meta property=\"og:locale\" content=\"it_IT\" \/>\n<meta property=\"og:type\" content=\"article\" \/>\n<meta property=\"og:title\" content=\"Portfolio - SIT Malta\" \/>\n<meta property=\"og:url\" content=\"https:\/\/sit.com.mt\/it\/portfolio\/\" \/>\n<meta property=\"og:site_name\" content=\"SIT Malta\" \/>\n<meta property=\"article:modified_time\" content=\"2021-02-18T09:34:58+00:00\" \/>\n<meta name=\"twitter:card\" content=\"summary_large_image\" \/>\n<script type=\"application\/ld+json\" class=\"yoast-schema-graph\">{\"@context\":\"https:\/\/schema.org\",\"@graph\":[{\"@type\":\"WebPage\",\"@id\":\"https:\/\/sit.com.mt\/it\/portfolio\/\",\"url\":\"https:\/\/sit.com.mt\/it\/portfolio\/\",\"name\":\"Portfolio - SIT Malta\",\"isPartOf\":{\"@id\":\"https:\/\/sit.com.mt\/#website\"},\"datePublished\":\"2020-01-08T10:28:21+00:00\",\"dateModified\":\"2021-02-18T09:34:58+00:00\",\"breadcrumb\":{\"@id\":\"https:\/\/sit.com.mt\/it\/portfolio\/#breadcrumb\"},\"inLanguage\":\"it-IT\",\"potentialAction\":[{\"@type\":\"ReadAction\",\"target\":[\"https:\/\/sit.com.mt\/it\/portfolio\/\"]}]},{\"@type\":\"BreadcrumbList\",\"@id\":\"https:\/\/sit.com.mt\/it\/portfolio\/#breadcrumb\",\"itemListElement\":[{\"@type\":\"ListItem\",\"position\":1,\"name\":\"Home\",\"item\":\"https:\/\/sit.com.mt\/it\/\"},{\"@type\":\"ListItem\",\"position\":2,\"name\":\"Portfolio\"}]},{\"@type\":\"WebSite\",\"@id\":\"https:\/\/sit.com.mt\/#website\",\"url\":\"https:\/\/sit.com.mt\/\",\"name\":\"SIT Malta\",\"description\":\"Unique Travel Programs\",\"publisher\":{\"@id\":\"https:\/\/sit.com.mt\/#organization\"},\"potentialAction\":[{\"@type\":\"SearchAction\",\"target\":{\"@type\":\"EntryPoint\",\"urlTemplate\":\"https:\/\/sit.com.mt\/?s={search_term_string}\"},\"query-input\":{\"@type\":\"PropertyValueSpecification\",\"valueRequired\":true,\"valueName\":\"search_term_string\"}}],\"inLanguage\":\"it-IT\"},{\"@type\":\"Organization\",\"@id\":\"https:\/\/sit.com.mt\/#organization\",\"name\":\"SIT Mailta\",\"url\":\"https:\/\/sit.com.mt\/\",\"logo\":{\"@type\":\"ImageObject\",\"inLanguage\":\"it-IT\",\"@id\":\"https:\/\/sit.com.mt\/#\/schema\/logo\/image\/\",\"url\":\"https:\/\/sit.com.mt\/wp-content\/uploads\/2020\/01\/main-logo-new.svg\",\"contentUrl\":\"https:\/\/sit.com.mt\/wp-content\/uploads\/2020\/01\/main-logo-new.svg\",\"width\":1,\"height\":1,\"caption\":\"SIT Mailta\"},\"image\":{\"@id\":\"https:\/\/sit.com.mt\/#\/schema\/logo\/image\/\"}}]}<\/script>\n<!-- \/ Yoast SEO plugin. -->","yoast_head_json":{"title":"Portfolio - SIT Malta","robots":{"index":"index","follow":"follow","max-snippet":"max-snippet:-1","max-image-preview":"max-image-preview:large","max-video-preview":"max-video-preview:-1"},"canonical":"https:\/\/sit.com.mt\/it\/portfolio\/","og_locale":"it_IT","og_type":"article","og_title":"Portfolio - SIT Malta","og_url":"https:\/\/sit.com.mt\/it\/portfolio\/","og_site_name":"SIT Malta","article_modified_time":"2021-02-18T09:34:58+00:00","twitter_card":"summary_large_image","schema":{"@context":"https:\/\/schema.org","@graph":[{"@type":"WebPage","@id":"https:\/\/sit.com.mt\/it\/portfolio\/","url":"https:\/\/sit.com.mt\/it\/portfolio\/","name":"Portfolio - SIT Malta","isPartOf":{"@id":"https:\/\/sit.com.mt\/#website"},"datePublished":"2020-01-08T10:28:21+00:00","dateModified":"2021-02-18T09:34:58+00:00","breadcrumb":{"@id":"https:\/\/sit.com.mt\/it\/portfolio\/#breadcrumb"},"inLanguage":"it-IT","potentialAction":[{"@type":"ReadAction","target":["https:\/\/sit.com.mt\/it\/portfolio\/"]}]},{"@type":"BreadcrumbList","@id":"https:\/\/sit.com.mt\/it\/portfolio\/#breadcrumb","itemListElement":[{"@type":"ListItem","position":1,"name":"Home","item":"https:\/\/sit.com.mt\/it\/"},{"@type":"ListItem","position":2,"name":"Portfolio"}]},{"@type":"WebSite","@id":"https:\/\/sit.com.mt\/#website","url":"https:\/\/sit.com.mt\/","name":"SIT Malta","description":"Unique Travel Programs","publisher":{"@id":"https:\/\/sit.com.mt\/#organization"},"potentialAction":[{"@type":"SearchAction","target":{"@type":"EntryPoint","urlTemplate":"https:\/\/sit.com.mt\/?s={search_term_string}"},"query-input":{"@type":"PropertyValueSpecification","valueRequired":true,"valueName":"search_term_string"}}],"inLanguage":"it-IT"},{"@type":"Organization","@id":"https:\/\/sit.com.mt\/#organization","name":"SIT Mailta","url":"https:\/\/sit.com.mt\/","logo":{"@type":"ImageObject","inLanguage":"it-IT","@id":"https:\/\/sit.com.mt\/#\/schema\/logo\/image\/","url":"https:\/\/sit.com.mt\/wp-content\/uploads\/2020\/01\/main-logo-new.svg","contentUrl":"https:\/\/sit.com.mt\/wp-content\/uploads\/2020\/01\/main-logo-new.svg","width":1,"height":1,"caption":"SIT Mailta"},"image":{"@id":"https:\/\/sit.com.mt\/#\/schema\/logo\/image\/"}}]}},"_links":{"self":[{"href":"https:\/\/sit.com.mt\/it\/wp-json\/wp\/v2\/pages\/4641","targetHints":{"allow":["GET"]}}],"collection":[{"href":"https:\/\/sit.com.mt\/it\/wp-json\/wp\/v2\/pages"}],"about":[{"href":"https:\/\/sit.com.mt\/it\/wp-json\/wp\/v2\/types\/page"}],"author":[{"embeddable":true,"href":"https:\/\/sit.com.mt\/it\/wp-json\/wp\/v2\/users\/6"}],"replies":[{"embeddable":true,"href":"https:\/\/sit.com.mt\/it\/wp-json\/wp\/v2\/comments?post=4641"}],"version-history":[{"count":0,"href":"https:\/\/sit.com.mt\/it\/wp-json\/wp\/v2\/pages\/4641\/revisions"}],"wp:attachment":[{"href":"https:\/\/sit.com.mt\/it\/wp-json\/wp\/v2\/media?parent=4641"}],"wp:term":[{"taxonomy":"category","embeddable":true,"href":"https:\/\/sit.com.mt\/it\/wp-json\/wp\/v2\/categories?post=4641"}],"curies":[{"name":"wp","href":"https:\/\/api.w.org\/{rel}","templated":true}]}}