{"id":5526,"date":"2020-01-15T10:40:41","date_gmt":"2020-01-15T10:40:41","guid":{"rendered":"https:\/\/sit.com.mt\/french-leisure\/cultural\/"},"modified":"2021-01-13T12:27:13","modified_gmt":"2021-01-13T12:27:13","slug":"cultural","status":"publish","type":"page","link":"https:\/\/sit.com.mt\/it\/servizi\/french-leisure\/cultural\/","title":{"rendered":"Cultural"},"content":{"rendered":"<div class=\"landing-banner-block\">\n    <div class=\"landing-banner-wrap inline-bg-image lazyload\" style=\"background-image:inherit;\" data-bg-image=\"url(https:\/\/sit.com.mt\/wp-content\/uploads\/2020\/07\/vadim-korolchuk-2sThcWd2Qbg-unsplash-1-scaled-e1594201369406.jpg)\">\n        \n            <div class=\"content-box\" data-aos=\"fade-up\">\n                                    <h1 class=\"h1\">Loisirs Fran\u00e7ais<\/h1>\n                                                    <p class=\"para\">Notre \u00e9quipe 100% francophone est \u00e0 votre disposition pour r\u00e9pondre \u00e0 vos demandes quelque soit vos centres d\u2019int\u00e9r\u00eats .  <\/p>\n                            <\/div>\n            \n                    <\/div>\n        \n    <\/div>\n\n<div class=\"tsdb-block\">\n    <div class=\"tsdb-wrap grey-bg  no-bottom-padding\">\n            <div class=\"inner\">\n\n                                                    <h2 class=\"h2\" data-aos=\"fade-up\">Culturel<\/h2>\n                \n                                                    <h4 class=\"h4\" data-aos=\"fade-up\">Culture et histoire , une passion que nous vous invitons \u00e0 assouvir avec SIT \u00e0 Malte &#8230;<\/h4>\n                \n                                \n                                                \n                                    <span class=\"full-arrow is-bottom long\" data-aos=\"fade-down\"><\/span>\n                \n            <\/div>\n\n                    <\/div>\n    \n    <\/div>\n\n<div class=\"tab-title-desc-block\">\n    <div class=\"tab-title-desc-wrap\">\n    <div class=\"inner clearfix\">\n\n        <ul id=\"tabs-nav\" class=\"tabs-nav\" data-aos=\"fade-right\">\n                                            \n                <li>\n                    <a href=\"#tabs-content\" data-tab=\"#tab1\" class=\"tab-nav\">\n                        <span class=\"step-title\">JOUR 1<\/span>\n                        <span class=\"tab-title\">Arriv\u00e9e \u00e0 Malte<\/span>\n                        <span class=\"full-arrow is-right no-margin shortest\"><\/span>\n                    <\/a>\n                <\/li>\n\n                            \n                <li>\n                    <a href=\"#tabs-content\" data-tab=\"#tab2\" class=\"tab-nav\">\n                        <span class=\"step-title\">JOUR 2<\/span>\n                        <span class=\"tab-title\">Journ\u00e9e La Valette et Mdina<\/span>\n                        <span class=\"full-arrow is-right no-margin shortest\"><\/span>\n                    <\/a>\n                <\/li>\n\n                            \n                <li>\n                    <a href=\"#tabs-content\" data-tab=\"#tab3\" class=\"tab-nav\">\n                        <span class=\"step-title\">JOUR 3<\/span>\n                        <span class=\"tab-title\">Journ\u00e9e 3 Cit\u00e9s et temples<\/span>\n                        <span class=\"full-arrow is-right no-margin shortest\"><\/span>\n                    <\/a>\n                <\/li>\n\n                            \n                <li>\n                    <a href=\"#tabs-content\" data-tab=\"#tab4\" class=\"tab-nav\">\n                        <span class=\"step-title\">JOUR 4<\/span>\n                        <span class=\"tab-title\">Journ\u00e9e Gozo<\/span>\n                        <span class=\"full-arrow is-right no-margin shortest\"><\/span>\n                    <\/a>\n                <\/li>\n\n                            \n                <li>\n                    <a href=\"#tabs-content\" data-tab=\"#tab5\" class=\"tab-nav\">\n                        <span class=\"step-title\">JOUR 5<\/span>\n                        <span class=\"tab-title\">Depart<\/span>\n                        <span class=\"full-arrow is-right no-margin shortest\"><\/span>\n                    <\/a>\n                <\/li>\n\n                            <\/ul>\n\n        <div id=\"tabs-content\" class=\"tabs-content\" data-aos=\"fade-left\">\n                                                            \n                <div id=\"tab1\" class=\"para tab-content\">\n                    <p>Accueil francophone et transfert \u00e0 votre h\u00f4tel.<\/p>\n                <\/div>\n\n                                            \n                <div id=\"tab2\" class=\"para tab-content\">\n                    <p>La Valette, capitale de Malte, fut fond\u00e9e par le Grand Ma\u00eetre de l\u2019Ordre de Saint Jean, le fran\u00e7ais Jean Parisot de La Valette, en 1566. La ville est en pleine \u00e9volution alliant b\u00e2timents historiques \u00e0 des constructions modernes tel le nouveau parlement de Renzo Piano. La Valette appartient au Patrimoine Mondial de l\u2019Unesco et fut capitale Europ\u00e9enne de la Culture en 2018. Nous y visiterons les jardins de Upper Barracca o\u00f9 vous pourrez appr\u00e9cier la vue imprenable sur le Grand Port et les Trois Cit\u00e9s; la Co-Cath\u00e9drale Saint Jean, chef d\u2019\u0153uvre de l\u2019art baroque et son oratoire abritant les tableaux du Caravaggio; le Palais des Grands Ma\u00eetres aujourd\u2019hui bureau du Pr\u00e9sident, avec entre autres ses tapisseries des Gobelins. Durant notre visite, nous passerons devant les \u201cAuberges\u201d qui furent jadis les demeures des Chevaliers avec en particulier l\u2019Auberge de Castille, qui est aujourd\u2019hui bureau du Premier Ministre (de l\u2019ext\u00e9rieur).  L\u2019apr\u00e8s midi nous nous rendrons \u00e0 Mdina, ville m\u00e9di\u00e9vale unique construite par les Romains, occup\u00e9e par les Arabes, fortifi\u00e9e par les Chevaliers et habit\u00e9e par les nobles. Aujourd\u2019hui elle est connue comme la \u201cCit\u00e9 du Silence\u201d, avec une population de seulement 450 habitants. Elle fut capitale de Malte jusqu\u2019\u00e0 la construction de La Valette. Nous arpenterons les rues sinueuses entour\u00e9es de maisons ayant appartenues \u00e0 la noblesse de l\u2019\u00e9poque, de couvents et de palais et passerons devant la Cath\u00e9drale (de l\u2019ext\u00e9rieur) avant d\u2019atteindre les fortifications qui dominent la campagne maltaise et offrent une vue magnifique sur une grande partie de l\u2019\u00eele. <\/p>\n                <\/div>\n\n                                            \n                <div id=\"tab3\" class=\"para tab-content\">\n                    <p>En 1530, les Chevaliers de l\u2019Ordre de Saint Jean arriv\u00e8rent \u00e0 Malte et s\u2019install\u00e8rent dans le petit village de p\u00eacheurs de Birgu. Ils y ont construit des Palais, des couvents, des Auberges et des \u00e9glises. Les trois villes ont \u00e9t\u00e9 renomm\u00e9es par l\u2019ordre apr\u00e8s le Grand si\u00e8ge. Suite au d\u00e9part de l\u2019Ordre des Trois Cit\u00e9s, Vittoriosa est devenue la plus importante gr\u00e2ce au si\u00e8ge de l\u2019inquisiteur.  Nous visiterons Vittoriosa, Cospicua et Senglea. Nous passerons devant les premi\u00e8res demeures des Chevaliers puis visiterons le Palais de l\u2019Inquisiteur qui est aussi un mus\u00e9e d\u2019art et de traditions populaires et l\u2019\u00e9glise San Lawrenz. Nous terminerons avec la visite de l\u2019ensemble pr\u00e9historique de Tarxien datant de 3600 \u00e0 2500 av J.C. Cet emplacement est le plus complexe de tous les temples \u00e0 Malte et se compose de quatre structures m\u00e9galithiques. Les temples sont renomm\u00e9s pour le d\u00e9tail de leurs d\u00e9coupages, qui incluent des gravures d\u2019animaux domestiques, des autels, et des \u00e9crans d\u00e9cor\u00e9s de spirales et autres dessins.<\/p>\n                <\/div>\n\n                                            \n                <div id=\"tab4\" class=\"para tab-content\">\n                    <p>Vous serez transf\u00e9r\u00e9s \u00e0 Cirkewwa au nord de Malte pour embarquer sur le ferry \u00e0 destination de Gozo. Apr\u00e8s une travers\u00e9e de 30mn, vous d\u00e9couvrirez \u201dGhawdex\u201d, l\u2019\u00eele s\u0153ur de Malte \u00e0 6 Km, d\u2019une superficie de 66 km\u00b2.  La visite de Gozo commencera avec les Temples m\u00e9galithiques de Ggantija construits sur le haut plateau de Xaghra. Ils font partie des plus importants \u00e9difices arch\u00e9ologiques de Malte datant de 3600 \u2013 3200 avant J.C.  Vous visiterez la capitale Victoria avec sa Citadelle abritant la Cath\u00e9drale de Gozo (de l\u2019ext\u00e9rieur).   Pendant la journ\u00e9e nous vous arr\u00eaterons au village tr\u00e8s pittoresque de Xlendi, situ\u00e9 au fond d\u2019une vall\u00e9e. La journ\u00e9e se terminera au site de Dwejra. Malgr\u00e9 la disparition de la Fen\u00eatre d\u2019Azur le 8 mars 2017 lors d\u2019une temp\u00eate, vous pourrez y d\u00e9couvrir la mer int\u00e9rieure communiquant avec la haute mer par un long tunnel naturel sous les falaises et le Fungus Rock ou Rocher du G\u00e9n\u00e9ral o\u00f9 autrefois poussait une plante que les Chevaliers utilisaient comme traitement m\u00e9dical. Retour par le ferry \u00e0 Malte et transfert \u00e0 l\u2019h\u00f4tel.<\/p>\n                <\/div>\n\n                                            \n                <div id=\"tab5\" class=\"para tab-content\">\n                    <p>Transfert \u00e0 l\u2019a\u00e9roport<\/p>\n                <\/div>\n\n                            <\/div>\n    <\/div>\n<\/div><\/div>\n\n<div class=\"image-slider-block\">\n    <div class=\"image-slider-wrap\">\n\n    <div class=\"slider-container no-padding\" data-aos=\"fade-up\">\n        <div class=\"image-slider\">\n                                    \n                                \n                    <div>\n                        <div class=\"img inline-bg-image lazyload\" role=\"img\" aria-label=\"Religious church\" style=\"background-image:inherit;\" data-bg-image=\"url(https:\/\/sit.com.mt\/wp-content\/uploads\/2020\/01\/Church-Interior-19-min.jpg)\"><\/div>\n                    <\/div>\n\n                                        \n                            \n                                \n                    <div>\n                        <div class=\"img inline-bg-image lazyload\" role=\"img\" aria-label=\"Lower Barrakka\" style=\"background-image:inherit;\" data-bg-image=\"url(https:\/\/sit.com.mt\/wp-content\/uploads\/2020\/01\/malta-2521583_1920-min.jpg)\"><\/div>\n                    <\/div>\n\n                                        \n                            \n                                \n                    <div>\n                        <div class=\"img inline-bg-image lazyload\" role=\"img\" aria-label=\"Alley street\" style=\"background-image:inherit;\" data-bg-image=\"url(https:\/\/sit.com.mt\/wp-content\/uploads\/2020\/01\/malta-1362869_1920-min.jpg)\"><\/div>\n                    <\/div>\n\n                                        \n                            \n                                \n                    <div>\n                        <div class=\"img inline-bg-image lazyload\" role=\"img\" aria-label=\"Mdina\" style=\"background-image:inherit;\" data-bg-image=\"url(https:\/\/sit.com.mt\/wp-content\/uploads\/2020\/02\/1024px-Malta_Mdina_BW_2011-10-05_13-02-11_1-min.jpg)\"><\/div>\n                    <\/div>\n\n                                        \n                            \n                                \n                    <div>\n                        <div class=\"img inline-bg-image lazyload\" role=\"img\" aria-label=\"Upper Barrakka\" style=\"background-image:inherit;\" data-bg-image=\"url(https:\/\/sit.com.mt\/wp-content\/uploads\/2020\/02\/malta-1414534_1920-min.jpg)\"><\/div>\n                    <\/div>\n\n                                        \n                            \n                                \n                    <div>\n                        <div class=\"img inline-bg-image lazyload\" role=\"img\" aria-label=\"Hotel\" style=\"background-image:inherit;\" data-bg-image=\"url(https:\/\/sit.com.mt\/wp-content\/uploads\/2020\/02\/3399220564_7855fd7305_c-min.jpg)\"><\/div>\n                    <\/div>\n\n                                        \n                            <\/div>\n        <span class=\"prevBtn\" tabindex=\"1\">\n            <span class=\"full-arrow is-left short white\"><\/span>\n        <\/span>\n        <span class=\"nextBtn\" tabindex=\"1\">\n            <span class=\"full-arrow is-right short white\"><\/span>\n        <\/span>\n    <\/div>\n<\/div><\/div>\n\n<div class=\"tsdb-block\">\n    <div class=\"tsdb-wrap grey-bg includes-bg-text \">\n            <div class=\"inner\">\n\n                                \n                                \n                                                    <div class=\"para\" data-aos=\"fade-up\"><p>Notre \u00e9quipe vous propose des circuits adapt\u00e9s \u00e0 vos passions. Contactez nous!<\/p>\n<\/div>\n                \n                                                    <a href=\"\/contact\/\" class=\"button\" target=\"\" data-aos=\"fade-up\">Contact Us<\/a>\n                                \n                \n            <\/div>\n\n                            <div class=\"bg-text\" data-aos=\"fade-up\">Histoire<\/div>\n                    <\/div>\n    \n    <\/div>\n\n<div class=\"image-desc-blocks-block\">\n    <div class=\"image-desc-blocks-wrap\">\n                    <a href=\"\/it\/french-leisure\/associations\/\" class=\"link-wrap\" target=\"\">\n            <div class=\"img-desc-box\" data-aos=\"fade-up\" data-aos-offset=\"50\">\n\n                                <div class=\"img inline-bg-image lazyload\" role=\"img\" aria-label=\"Turkish Gullets Berthed at Blue Lagoon\" style=\"background-image:inherit;\" data-bg-image=\"url(https:\/\/sit.com.mt\/wp-content\/uploads\/2020\/07\/turkish-gullets-comino-scaled.jpg)\"><\/div>\n\n                <div class=\"block-title\">\n                    <div class=\"title\">COMITES D\u2019ENTREPRISE<\/div>\n                <\/div>\n\n                <div class=\"block-content\">\n                    <div class=\"title\">COMITES D\u2019ENTREPRISE<\/div>\n                    \n                    <p class=\"para\">Vous souhaitez un week end d\u00e9tente, vous amuser ou d\u00e9couvrir Malte en libert\u00e9 sans que l\u2019histoire ou la culture soient votre priorit\u00e9\u2026 Contactez nous pour votre s\u00e9jour.<\/p>\n                    \n                                            <span class=\"more-link\">Find out more <\/span>\n                                    <\/div>\n\n            <\/div>\n        <\/a>\n                    <a href=\"\/it\/french-leisure\/walking\/\" class=\"link-wrap\" target=\"\">\n            <div class=\"img-desc-box\" data-aos=\"fade-up\" data-aos-offset=\"50\">\n\n                                <div class=\"img inline-bg-image lazyload\" role=\"img\" aria-label=\"Hiking tour\" style=\"background-image:inherit;\" data-bg-image=\"url(https:\/\/sit.com.mt\/wp-content\/uploads\/2020\/01\/activity-adults-adventure-1246955.png)\"><\/div>\n\n                <div class=\"block-title\">\n                    <div class=\"title\">RANDONNEES<\/div>\n                <\/div>\n\n                <div class=\"block-content\">\n                    <div class=\"title\">RANDONNEES<\/div>\n                    \n                    <p class=\"para\">Nos magnifiques paysages m\u00e9diterran\u00e9ens et nos c\u00f4tes rocheuses parfois inaccessibles en voiture vous attendent pour d\u2019inoubliables randonn\u00e9es accompagn\u00e9es.<\/p>\n                    \n                                            <span class=\"more-link\">Find out more<\/span>\n                                    <\/div>\n\n            <\/div>\n        <\/a>\n                    <a href=\"\/it\/french-leisure\/religious\/\" class=\"link-wrap\" target=\"\">\n            <div class=\"img-desc-box\" data-aos=\"fade-up\" data-aos-offset=\"50\">\n\n                                <div class=\"img inline-bg-image lazyload\" role=\"img\" aria-label=\"Religious church\" style=\"background-image:inherit;\" data-bg-image=\"url(https:\/\/sit.com.mt\/wp-content\/uploads\/2020\/01\/Church-Interior-19-min.jpg)\"><\/div>\n\n                <div class=\"block-title\">\n                    <div class=\"title\">RELIGIEUX<\/div>\n                <\/div>\n\n                <div class=\"block-content\">\n                    <div class=\"title\">RELIGIEUX<\/div>\n                    \n                    <p class=\"para\">Avec 365 \u00e9glises, chapelles et cath\u00e9drales, nous vous offrons des programmes \u00e0 la d\u00e9couverte de la religion \u00e0 Malte et de la foi du peuple maltais. <\/p>\n                    \n                                            <span class=\"more-link\">Find out more<\/span>\n                                    <\/div>\n\n            <\/div>\n        <\/a>\n    <\/div><\/div>","protected":false},"excerpt":{"rendered":"","protected":false},"author":6,"featured_media":0,"parent":5524,"menu_order":0,"comment_status":"closed","ping_status":"closed","template":"","meta":{"footnotes":""},"categories":[],"class_list":["post-5526","page","type-page","status-publish","hentry"],"acf":[],"yoast_head":"<!-- This site is optimized with the Yoast SEO plugin v25.3 - https:\/\/yoast.com\/wordpress\/plugins\/seo\/ -->\n<title>Cultural - SIT Malta<\/title>\n<meta name=\"description\" content=\"Histoire, Culture et D\u00e9couverte de Malte de la pr\u00e9histoire aux Chevaliers de Malte. Sites class\u00e9s au patrimoine mondial de l\u2019Unesco\" \/>\n<meta name=\"robots\" content=\"index, follow, max-snippet:-1, max-image-preview:large, max-video-preview:-1\" \/>\n<link rel=\"canonical\" href=\"https:\/\/sit.com.mt\/it\/servizi\/french-leisure\/cultural\/\" \/>\n<meta property=\"og:locale\" content=\"it_IT\" \/>\n<meta property=\"og:type\" content=\"article\" \/>\n<meta property=\"og:title\" content=\"Cultural - SIT Malta\" \/>\n<meta property=\"og:description\" content=\"Histoire, Culture et D\u00e9couverte de Malte de la pr\u00e9histoire aux Chevaliers de Malte. Sites class\u00e9s au patrimoine mondial de l\u2019Unesco\" \/>\n<meta property=\"og:url\" content=\"https:\/\/sit.com.mt\/it\/servizi\/french-leisure\/cultural\/\" \/>\n<meta property=\"og:site_name\" content=\"SIT Malta\" \/>\n<meta property=\"article:modified_time\" content=\"2021-01-13T12:27:13+00:00\" \/>\n<meta name=\"twitter:card\" content=\"summary_large_image\" \/>\n<script type=\"application\/ld+json\" class=\"yoast-schema-graph\">{\"@context\":\"https:\/\/schema.org\",\"@graph\":[{\"@type\":\"WebPage\",\"@id\":\"https:\/\/sit.com.mt\/it\/servizi\/french-leisure\/cultural\/\",\"url\":\"https:\/\/sit.com.mt\/it\/servizi\/french-leisure\/cultural\/\",\"name\":\"Cultural - SIT Malta\",\"isPartOf\":{\"@id\":\"https:\/\/sit.com.mt\/#website\"},\"datePublished\":\"2020-01-15T10:40:41+00:00\",\"dateModified\":\"2021-01-13T12:27:13+00:00\",\"description\":\"Histoire, Culture et D\u00e9couverte de Malte de la pr\u00e9histoire aux Chevaliers de Malte. Sites class\u00e9s au patrimoine mondial de l\u2019Unesco\",\"breadcrumb\":{\"@id\":\"https:\/\/sit.com.mt\/it\/servizi\/french-leisure\/cultural\/#breadcrumb\"},\"inLanguage\":\"it-IT\",\"potentialAction\":[{\"@type\":\"ReadAction\",\"target\":[\"https:\/\/sit.com.mt\/it\/servizi\/french-leisure\/cultural\/\"]}]},{\"@type\":\"BreadcrumbList\",\"@id\":\"https:\/\/sit.com.mt\/it\/servizi\/french-leisure\/cultural\/#breadcrumb\",\"itemListElement\":[{\"@type\":\"ListItem\",\"position\":1,\"name\":\"Home\",\"item\":\"https:\/\/sit.com.mt\/it\/\"},{\"@type\":\"ListItem\",\"position\":2,\"name\":\"Servizi\",\"item\":\"https:\/\/sit.com.mt\/it\/servizi\/\"},{\"@type\":\"ListItem\",\"position\":3,\"name\":\"French Leisure\",\"item\":\"https:\/\/sit.com.mt\/it\/servizi\/french-leisure\/\"},{\"@type\":\"ListItem\",\"position\":4,\"name\":\"Cultural\"}]},{\"@type\":\"WebSite\",\"@id\":\"https:\/\/sit.com.mt\/#website\",\"url\":\"https:\/\/sit.com.mt\/\",\"name\":\"SIT Malta\",\"description\":\"Unique Travel Programs\",\"publisher\":{\"@id\":\"https:\/\/sit.com.mt\/#organization\"},\"potentialAction\":[{\"@type\":\"SearchAction\",\"target\":{\"@type\":\"EntryPoint\",\"urlTemplate\":\"https:\/\/sit.com.mt\/?s={search_term_string}\"},\"query-input\":{\"@type\":\"PropertyValueSpecification\",\"valueRequired\":true,\"valueName\":\"search_term_string\"}}],\"inLanguage\":\"it-IT\"},{\"@type\":\"Organization\",\"@id\":\"https:\/\/sit.com.mt\/#organization\",\"name\":\"SIT Mailta\",\"url\":\"https:\/\/sit.com.mt\/\",\"logo\":{\"@type\":\"ImageObject\",\"inLanguage\":\"it-IT\",\"@id\":\"https:\/\/sit.com.mt\/#\/schema\/logo\/image\/\",\"url\":\"https:\/\/sit.com.mt\/wp-content\/uploads\/2020\/01\/main-logo-new.svg\",\"contentUrl\":\"https:\/\/sit.com.mt\/wp-content\/uploads\/2020\/01\/main-logo-new.svg\",\"width\":1,\"height\":1,\"caption\":\"SIT Mailta\"},\"image\":{\"@id\":\"https:\/\/sit.com.mt\/#\/schema\/logo\/image\/\"}}]}<\/script>\n<!-- \/ Yoast SEO plugin. -->","yoast_head_json":{"title":"Cultural - SIT Malta","description":"Histoire, Culture et D\u00e9couverte de Malte de la pr\u00e9histoire aux Chevaliers de Malte. Sites class\u00e9s au patrimoine mondial de l\u2019Unesco","robots":{"index":"index","follow":"follow","max-snippet":"max-snippet:-1","max-image-preview":"max-image-preview:large","max-video-preview":"max-video-preview:-1"},"canonical":"https:\/\/sit.com.mt\/it\/servizi\/french-leisure\/cultural\/","og_locale":"it_IT","og_type":"article","og_title":"Cultural - SIT Malta","og_description":"Histoire, Culture et D\u00e9couverte de Malte de la pr\u00e9histoire aux Chevaliers de Malte. Sites class\u00e9s au patrimoine mondial de l\u2019Unesco","og_url":"https:\/\/sit.com.mt\/it\/servizi\/french-leisure\/cultural\/","og_site_name":"SIT Malta","article_modified_time":"2021-01-13T12:27:13+00:00","twitter_card":"summary_large_image","schema":{"@context":"https:\/\/schema.org","@graph":[{"@type":"WebPage","@id":"https:\/\/sit.com.mt\/it\/servizi\/french-leisure\/cultural\/","url":"https:\/\/sit.com.mt\/it\/servizi\/french-leisure\/cultural\/","name":"Cultural - SIT Malta","isPartOf":{"@id":"https:\/\/sit.com.mt\/#website"},"datePublished":"2020-01-15T10:40:41+00:00","dateModified":"2021-01-13T12:27:13+00:00","description":"Histoire, Culture et D\u00e9couverte de Malte de la pr\u00e9histoire aux Chevaliers de Malte. Sites class\u00e9s au patrimoine mondial de l\u2019Unesco","breadcrumb":{"@id":"https:\/\/sit.com.mt\/it\/servizi\/french-leisure\/cultural\/#breadcrumb"},"inLanguage":"it-IT","potentialAction":[{"@type":"ReadAction","target":["https:\/\/sit.com.mt\/it\/servizi\/french-leisure\/cultural\/"]}]},{"@type":"BreadcrumbList","@id":"https:\/\/sit.com.mt\/it\/servizi\/french-leisure\/cultural\/#breadcrumb","itemListElement":[{"@type":"ListItem","position":1,"name":"Home","item":"https:\/\/sit.com.mt\/it\/"},{"@type":"ListItem","position":2,"name":"Servizi","item":"https:\/\/sit.com.mt\/it\/servizi\/"},{"@type":"ListItem","position":3,"name":"French Leisure","item":"https:\/\/sit.com.mt\/it\/servizi\/french-leisure\/"},{"@type":"ListItem","position":4,"name":"Cultural"}]},{"@type":"WebSite","@id":"https:\/\/sit.com.mt\/#website","url":"https:\/\/sit.com.mt\/","name":"SIT Malta","description":"Unique Travel Programs","publisher":{"@id":"https:\/\/sit.com.mt\/#organization"},"potentialAction":[{"@type":"SearchAction","target":{"@type":"EntryPoint","urlTemplate":"https:\/\/sit.com.mt\/?s={search_term_string}"},"query-input":{"@type":"PropertyValueSpecification","valueRequired":true,"valueName":"search_term_string"}}],"inLanguage":"it-IT"},{"@type":"Organization","@id":"https:\/\/sit.com.mt\/#organization","name":"SIT Mailta","url":"https:\/\/sit.com.mt\/","logo":{"@type":"ImageObject","inLanguage":"it-IT","@id":"https:\/\/sit.com.mt\/#\/schema\/logo\/image\/","url":"https:\/\/sit.com.mt\/wp-content\/uploads\/2020\/01\/main-logo-new.svg","contentUrl":"https:\/\/sit.com.mt\/wp-content\/uploads\/2020\/01\/main-logo-new.svg","width":1,"height":1,"caption":"SIT Mailta"},"image":{"@id":"https:\/\/sit.com.mt\/#\/schema\/logo\/image\/"}}]}},"_links":{"self":[{"href":"https:\/\/sit.com.mt\/it\/wp-json\/wp\/v2\/pages\/5526","targetHints":{"allow":["GET"]}}],"collection":[{"href":"https:\/\/sit.com.mt\/it\/wp-json\/wp\/v2\/pages"}],"about":[{"href":"https:\/\/sit.com.mt\/it\/wp-json\/wp\/v2\/types\/page"}],"author":[{"embeddable":true,"href":"https:\/\/sit.com.mt\/it\/wp-json\/wp\/v2\/users\/6"}],"replies":[{"embeddable":true,"href":"https:\/\/sit.com.mt\/it\/wp-json\/wp\/v2\/comments?post=5526"}],"version-history":[{"count":0,"href":"https:\/\/sit.com.mt\/it\/wp-json\/wp\/v2\/pages\/5526\/revisions"}],"up":[{"embeddable":true,"href":"https:\/\/sit.com.mt\/it\/wp-json\/wp\/v2\/pages\/5524"}],"wp:attachment":[{"href":"https:\/\/sit.com.mt\/it\/wp-json\/wp\/v2\/media?parent=5526"}],"wp:term":[{"taxonomy":"category","embeddable":true,"href":"https:\/\/sit.com.mt\/it\/wp-json\/wp\/v2\/categories?post=5526"}],"curies":[{"name":"wp","href":"https:\/\/api.w.org\/{rel}","templated":true}]}}