{"id":5527,"date":"2020-01-07T14:03:40","date_gmt":"2020-01-07T14:03:40","guid":{"rendered":"https:\/\/sit.com.mt\/french-leisure\/associations\/"},"modified":"2021-01-13T12:25:50","modified_gmt":"2021-01-13T12:25:50","slug":"associations","status":"publish","type":"page","link":"https:\/\/sit.com.mt\/it\/servizi\/french-leisure\/associations\/","title":{"rendered":"Associations"},"content":{"rendered":"<div class=\"landing-banner-block\">\n    <div class=\"landing-banner-wrap inline-bg-image lazyload\" style=\"background-image:inherit;\" data-bg-image=\"url(https:\/\/sit.com.mt\/wp-content\/uploads\/2020\/07\/Blue-Lagoon-Comino-scaled-e1594201555597.jpg)\">\n        \n            <div class=\"content-box\" data-aos=\"fade-up\">\n                                    <h1 class=\"h1\">Loisirs Fran\u00e7ais<\/h1>\n                                                    <p class=\"para\">Groupes d\u2019amis, associations, clubs , comit\u00e9 d\u2019entreprises \u2026 Nous vous offrons tout un choix de visites organis\u00e9es, de visites ludiques ou tout simplement la possibili\u00e9 de d\u00e9couvrir Malte en libert\u00e9 . S\u00e9jour de 3 \u00e0 7 nuits ou plus que nous vous proposons d\u2019organiser selon vos envies. <\/p>\n                            <\/div>\n            \n                    <\/div>\n        \n    <\/div>\n\n<div class=\"tsdb-block\">\n    <div class=\"tsdb-wrap grey-bg  no-bottom-padding\">\n            <div class=\"inner\">\n\n                                                    <h2 class=\"h2\" data-aos=\"fade-up\">Comites d&#039;entreprise <\/h2>\n                \n                                                    <h4 class=\"h4\" data-aos=\"fade-up\">Envie de soleil et de d\u00e9paysement le temps d\u2019un voyage. Venez nous rejoindre \u00e0 Malte  ..  <\/h4>\n                \n                                \n                                                \n                                    <span class=\"full-arrow is-bottom long\" data-aos=\"fade-down\"><\/span>\n                \n            <\/div>\n\n                    <\/div>\n    \n    <\/div>\n\n<div class=\"tab-title-desc-block\">\n    <div class=\"tab-title-desc-wrap\">\n    <div class=\"inner clearfix\">\n\n        <ul id=\"tabs-nav\" class=\"tabs-nav\" data-aos=\"fade-right\">\n                                            \n                <li>\n                    <a href=\"#tabs-content\" data-tab=\"#tab1\" class=\"tab-nav\">\n                        <span class=\"step-title\">JOUR 1<\/span>\n                        <span class=\"tab-title\">JEEP SAFARI GOZO<\/span>\n                        <span class=\"full-arrow is-right no-margin shortest\"><\/span>\n                    <\/a>\n                <\/li>\n\n                            \n                <li>\n                    <a href=\"#tabs-content\" data-tab=\"#tab2\" class=\"tab-nav\">\n                        <span class=\"step-title\">JOUR 2<\/span>\n                        <span class=\"tab-title\">UN GOUT DES TRADITIONS MALTAISES<\/span>\n                        <span class=\"full-arrow is-right no-margin shortest\"><\/span>\n                    <\/a>\n                <\/li>\n\n                            \n                <li>\n                    <a href=\"#tabs-content\" data-tab=\"#tab3\" class=\"tab-nav\">\n                        <span class=\"step-title\">JOUR 3<\/span>\n                        <span class=\"tab-title\">LES 3 CITES ET LES CAVES DE MARSOVIN<\/span>\n                        <span class=\"full-arrow is-right no-margin shortest\"><\/span>\n                    <\/a>\n                <\/li>\n\n                            <\/ul>\n\n        <div id=\"tabs-content\" class=\"tabs-content\" data-aos=\"fade-left\">\n                                                            \n                <div id=\"tab1\" class=\"para tab-content\">\n                    <p>Les conducteurs devront \u00eatre en possession du permis de conduire. Les v\u00e9hicules sont des jeeps pouvant prendre 5 passagers et sont munis de b\u00e2ches pouvant ais\u00e9ment se retirer. La majeure partie du parcours se fera en empruntant des chemins escarp\u00e9s ou des routes tr\u00e8s peu fr\u00e9quent\u00e9es.<br \/>\nTransfert en autocar au port de Cirkewwa \u00e0 l\u2019extr\u00e9mit\u00e9 nord de l\u2019\u00eele de Malte puis travers\u00e9e en ferry d\u2019environ 25 mn. Prise en charge par les jeeps au port de Mgarr \u00e0 Gozo.<br \/>\nVous ferez alors route vers les petits villages de Nadur, Qala et la crique Dalhet Qorrot avant d\u2019arriver \u00e0 Ramla L-Hamra, plage de sable ocre, la plus grande de Gozo. De l\u00e0 vous atteindrez le village de Xaghra et Rabat la capitale. Route vers Marsalforn petit port et les salines de Qbajjar. Nous continuerons notre exp\u00e9dition vers Dwejra et la Mer int\u00e9rieure, l`endroit le plus spectaculaire de Gozo.<br \/>\nRetour \u00e0 Malte en speedboat en fonction des conditions m\u00e9t\u00e9orologiques avec un arr\u00eat au Lagon Bleu de Comino (15\/30 mn)<\/p>\n                <\/div>\n\n                                            \n                <div id=\"tab2\" class=\"para tab-content\">\n                    <p>Un hommage \u00e0 la fascinante histoire de Malte et \u00e0 son extraordinaire ressource, la pierre ! Depuis peu des ateliers sur la tradition maltaise ont \u00e9t\u00e9 mis en place dans ce lieu unique.<br \/>\nSitu\u00e9 dans le traditionnel village maltais de Siggiewi, cette ancienne carri\u00e8re g\u00e9r\u00e9e par une famille offre un moment de d\u00e9tente et d\u2019activit\u00e9s pour tous. Cette attraction agritouristique a re\u00e7u plusieurs distinctions en offrant un aper\u00e7u de l\u2019histoire et de la culture locale.<br \/>\nDans un premier temps vous y d\u00e9couvrirez l\u2019histoire de la c\u00e9l\u00e8bre pierre typique des iles maltaises et son histoire aux mille d\u00e9tours depuis 22 millions d\u2019ann\u00e9e.<br \/>\nAvec l\u2019aide d\u2019un sculpteur professionnel chacun pourra sculpter une petite pierre de Malte et la garder en souvenir. Cet atelier sera suivi par la cueillette de citrons (selon la saison) dans les jardins du site avant d\u2019en faire du Limoncello et de la limonade avec d\u00e9gustation.<\/p>\n                <\/div>\n\n                                            \n                <div id=\"tab3\" class=\"para tab-content\">\n                    <p>En 1530, les Chevaliers de l\u2019Ordre de Saint Jean arriv\u00e8rent \u00e0 Malte et s\u2019install\u00e8rent dans le petit village de p\u00eacheurs de Birgu. Ils y ont construit des Palais, des couvents, des Auberges et des \u00e9glises. Les trois villes ont \u00e9t\u00e9 renomm\u00e9es par l\u2019ordre apr\u00e8s le Grand si\u00e8ge. Suite au d\u00e9part de l\u2019Ordre des Trois Cit\u00e9s, Vittoriosa ( Birgu ) est devenue la plus importante gr\u00e2ce au si\u00e8ge de l\u2019inquisiteur.  Nous parcourerons les ruelles et passerons devant les premi\u00e8res demeures des Chevaliers avant d\u2019arriv\u00e9e \u00e0 la nouvelle marina o\u00f9 nous appr\u00e9cierons la vue sur La Valette. Nous visiterons le Palais de l\u2019Inquisiteur sur les d\u00e9votions populaires et les valeurs religieuses latentes dans l&#8217;identit\u00e9 et la culture ethnique de Malte jusqu&#8217;\u00e0 aujourd&#8217;hui.<br \/>\nNous poursuivrons notre route en direction du village typique de p\u00eacheurs de Marsaxlokk, o\u00f9 vous d\u00e9couvrirez le march\u00e9 de dentelles qui se tient tous les jours sur le port.<br \/>\nApr\u00e8s le d\u00e9jeuner, nous vous proposons de visiter les caves de Marsovin. En quittant Marsaxlokk nous longerons une partie de son vignoble \u00ab Marnisi \u00bb avant d\u2019atteindre Marsa o\u00f9 se trouvent les caves construites au 17e si\u00e8cle par les Chevaliers de Saint-Jean.  La visite d\u00e9bute par une introduction historique, suivie d&#8217;une explication sur la vinification locale.<br \/>\nLa visite des chais de vieillissement est une promenade dans les caves vieilles de 400 ans, authentiques et fid\u00e8les au patrimoine maltais. Vous y trouverez o\u00f9 les vins Premium Single Estate de Marsovin reposent et vieillissent pendant plus de 12 mois dans 220 barriques de ch\u00eane fran\u00e7ais. Dans les m\u00eames caves, vous pouvez voir la zone de production du vin mousseux de qualit\u00e9 Marsovin, produit dans la m\u00e9thode traditionnelle &#8211; l&#8217;unique et hautement acclam\u00e9 &#8220;Cassar De Malte&#8221;. La visite de la cave sera suivie d\u2019une d\u00e9gustation de 3 vins accompagn\u00e9e par une s\u00e9lection de galetti et fromages locaux.<\/p>\n                <\/div>\n\n                            <\/div>\n    <\/div>\n<\/div><\/div>\n\n<div class=\"image-slider-block\">\n    <div class=\"image-slider-wrap\">\n\n    <div class=\"slider-container no-padding\" data-aos=\"fade-up\">\n        <div class=\"image-slider\">\n                                    \n                                \n                    <div>\n                        <div class=\"img inline-bg-image lazyload\" role=\"img\" aria-label=\"jeep safary in Gozo\" style=\"background-image:inherit;\" data-bg-image=\"url(https:\/\/sit.com.mt\/wp-content\/uploads\/2020\/07\/Jeeps-scaled.jpg)\"><\/div>\n                    <\/div>\n\n                                        \n                            \n                                \n                    <div>\n                        <div class=\"img inline-bg-image lazyload\" role=\"img\" aria-label=\"\" style=\"background-image:inherit;\" data-bg-image=\"url(https:\/\/sit.com.mt\/wp-content\/uploads\/2020\/07\/Pastizzi-Cheese-Cakes-1.jpg)\"><\/div>\n                    <\/div>\n\n                                        \n                            \n                                \n                    <div>\n                        <div class=\"img inline-bg-image lazyload\" role=\"img\" aria-label=\"Salvatur\" style=\"background-image:inherit;\" data-bg-image=\"url(https:\/\/sit.com.mt\/wp-content\/uploads\/2020\/02\/hill-3981177_1920-min.jpg)\"><\/div>\n                    <\/div>\n\n                                        \n                            \n                                \n                    <div>\n                        <div class=\"img inline-bg-image lazyload\" role=\"img\" aria-label=\"Red White\" style=\"background-image:inherit;\" data-bg-image=\"url(https:\/\/sit.com.mt\/wp-content\/uploads\/2020\/01\/wine-1761613_1920-min.jpg)\"><\/div>\n                    <\/div>\n\n                                        \n                            \n                                \n                    <div>\n                        <div class=\"img inline-bg-image lazyload\" role=\"img\" aria-label=\"Parliament\" style=\"background-image:inherit;\" data-bg-image=\"url(https:\/\/sit.com.mt\/wp-content\/uploads\/2020\/01\/architecture-3891141_1920-min.jpg)\"><\/div>\n                    <\/div>\n\n                                        \n                            \n                                \n                    <div>\n                        <div class=\"img inline-bg-image lazyload\" role=\"img\" aria-label=\"Indoor church\" style=\"background-image:inherit;\" data-bg-image=\"url(https:\/\/sit.com.mt\/wp-content\/uploads\/2020\/01\/129498_Malta_Valletta_St-Johns-Co-Cathedral_shutterstock_49914979.png)\"><\/div>\n                    <\/div>\n\n                                        \n                            <\/div>\n        <span class=\"prevBtn\" tabindex=\"1\">\n            <span class=\"full-arrow is-left short white\"><\/span>\n        <\/span>\n        <span class=\"nextBtn\" tabindex=\"1\">\n            <span class=\"full-arrow is-right short white\"><\/span>\n        <\/span>\n    <\/div>\n<\/div><\/div>\n\n<div class=\"tsdb-block\">\n    <div class=\"tsdb-wrap grey-bg includes-bg-text \">\n            <div class=\"inner\">\n\n                                \n                                \n                                                    <div class=\"para\" data-aos=\"fade-up\"><p>S\u00e9jour en libert\u00e9 ou avec excursions. Nous sommes \u00e0 votre \u00e9coute!<\/p>\n<\/div>\n                \n                                                    <a href=\"\/contact\/\" class=\"button\" target=\"\" data-aos=\"fade-up\">Contact Us<\/a>\n                                \n                \n            <\/div>\n\n                            <div class=\"bg-text\" data-aos=\"fade-up\">Traditions<\/div>\n                    <\/div>\n    \n    <\/div>\n\n<div class=\"image-desc-blocks-block\">\n    <div class=\"image-desc-blocks-wrap\">\n                    <a href=\"\/it\/french-leisure\/cultural\/\" class=\"link-wrap\" target=\"\">\n            <div class=\"img-desc-box\" data-aos=\"fade-up\" data-aos-offset=\"50\">\n\n                                <div class=\"img inline-bg-image lazyload\" role=\"img\" aria-label=\"\" style=\"background-image:inherit;\" data-bg-image=\"url(https:\/\/sit.com.mt\/wp-content\/uploads\/2020\/05\/mike-nahlii-qk10uRxzRTc-unsplash.jpg)\"><\/div>\n\n                <div class=\"block-title\">\n                    <div class=\"title\">CULTUREL<\/div>\n                <\/div>\n\n                <div class=\"block-content\">\n                    <div class=\"title\">CULTUREL<\/div>\n                    \n                    <p class=\"para\">Un joyau au coeur de la M\u00e9diterran\u00e9e ! Malte est un mus\u00e9e dont on ne se lasse pas. Venez vite visiter les nombreux monuments qui ont fait l\u2019histoire de notre pays.<\/p>\n                    \n                                            <span class=\"more-link\">Find out more<\/span>\n                                    <\/div>\n\n            <\/div>\n        <\/a>\n                    <a href=\"\/it\/french-leisure\/walking\/\" class=\"link-wrap\" target=\"\">\n            <div class=\"img-desc-box\" data-aos=\"fade-up\" data-aos-offset=\"50\">\n\n                                <div class=\"img inline-bg-image lazyload\" role=\"img\" aria-label=\"Hiking tour\" style=\"background-image:inherit;\" data-bg-image=\"url(https:\/\/sit.com.mt\/wp-content\/uploads\/2020\/01\/activity-adults-adventure-1246955.png)\"><\/div>\n\n                <div class=\"block-title\">\n                    <div class=\"title\">RANDONNEES<\/div>\n                <\/div>\n\n                <div class=\"block-content\">\n                    <div class=\"title\">RANDONNEES<\/div>\n                    \n                    <p class=\"para\">Vous aimez la nature . Vous aimez marcher . Alors venez d\u00e9couvrir Malte en dehors des sentiers battus.<\/p>\n                    \n                                            <span class=\"more-link\">Find out more<\/span>\n                                    <\/div>\n\n            <\/div>\n        <\/a>\n                    <a href=\"\/it\/french-leisure\/religious\/\" class=\"link-wrap\" target=\"\">\n            <div class=\"img-desc-box\" data-aos=\"fade-up\" data-aos-offset=\"50\">\n\n                                <div class=\"img inline-bg-image lazyload\" role=\"img\" aria-label=\"Religious church\" style=\"background-image:inherit;\" data-bg-image=\"url(https:\/\/sit.com.mt\/wp-content\/uploads\/2020\/01\/Church-Interior-19-min.jpg)\"><\/div>\n\n                <div class=\"block-title\">\n                    <div class=\"title\">RELIGIEUX<\/div>\n                <\/div>\n\n                <div class=\"block-content\">\n                    <div class=\"title\">RELIGIEUX<\/div>\n                    \n                    <p class=\"para\">La religion est pour vous une fa\u00e7on de d\u00e9couvrir un pays. Malte , la catholique, vous attend pour votre prochain voyage.<\/p>\n                    \n                                            <span class=\"more-link\">Find out more<\/span>\n                                    <\/div>\n\n            <\/div>\n        <\/a>\n    <\/div><\/div>","protected":false},"excerpt":{"rendered":"","protected":false},"author":6,"featured_media":0,"parent":5524,"menu_order":0,"comment_status":"closed","ping_status":"closed","template":"","meta":{"footnotes":""},"categories":[],"class_list":["post-5527","page","type-page","status-publish","hentry"],"acf":[],"yoast_head":"<!-- This site is optimized with the Yoast SEO plugin v25.3 - https:\/\/yoast.com\/wordpress\/plugins\/seo\/ -->\n<title>Associations - SIT Malta<\/title>\n<meta name=\"description\" content=\"D\u00e9couvrir Malte en groupes amis, collectivit\u00e9s, associations pour week end ou plus. Visites culturelles, d\u00e9couvertes ludiques organis\u00e9es ou en libert\u00e9\" \/>\n<meta name=\"robots\" content=\"index, follow, max-snippet:-1, max-image-preview:large, max-video-preview:-1\" \/>\n<link rel=\"canonical\" href=\"https:\/\/sit.com.mt\/it\/servizi\/french-leisure\/associations\/\" \/>\n<meta property=\"og:locale\" content=\"it_IT\" \/>\n<meta property=\"og:type\" content=\"article\" \/>\n<meta property=\"og:title\" content=\"Associations - SIT Malta\" \/>\n<meta property=\"og:description\" content=\"D\u00e9couvrir Malte en groupes amis, collectivit\u00e9s, associations pour week end ou plus. Visites culturelles, d\u00e9couvertes ludiques organis\u00e9es ou en libert\u00e9\" \/>\n<meta property=\"og:url\" content=\"https:\/\/sit.com.mt\/it\/servizi\/french-leisure\/associations\/\" \/>\n<meta property=\"og:site_name\" content=\"SIT Malta\" \/>\n<meta property=\"article:modified_time\" content=\"2021-01-13T12:25:50+00:00\" \/>\n<meta name=\"twitter:card\" content=\"summary_large_image\" \/>\n<script type=\"application\/ld+json\" class=\"yoast-schema-graph\">{\"@context\":\"https:\/\/schema.org\",\"@graph\":[{\"@type\":\"WebPage\",\"@id\":\"https:\/\/sit.com.mt\/it\/servizi\/french-leisure\/associations\/\",\"url\":\"https:\/\/sit.com.mt\/it\/servizi\/french-leisure\/associations\/\",\"name\":\"Associations - SIT Malta\",\"isPartOf\":{\"@id\":\"https:\/\/sit.com.mt\/#website\"},\"datePublished\":\"2020-01-07T14:03:40+00:00\",\"dateModified\":\"2021-01-13T12:25:50+00:00\",\"description\":\"D\u00e9couvrir Malte en groupes amis, collectivit\u00e9s, associations pour week end ou plus. Visites culturelles, d\u00e9couvertes ludiques organis\u00e9es ou en libert\u00e9\",\"breadcrumb\":{\"@id\":\"https:\/\/sit.com.mt\/it\/servizi\/french-leisure\/associations\/#breadcrumb\"},\"inLanguage\":\"it-IT\",\"potentialAction\":[{\"@type\":\"ReadAction\",\"target\":[\"https:\/\/sit.com.mt\/it\/servizi\/french-leisure\/associations\/\"]}]},{\"@type\":\"BreadcrumbList\",\"@id\":\"https:\/\/sit.com.mt\/it\/servizi\/french-leisure\/associations\/#breadcrumb\",\"itemListElement\":[{\"@type\":\"ListItem\",\"position\":1,\"name\":\"Home\",\"item\":\"https:\/\/sit.com.mt\/it\/\"},{\"@type\":\"ListItem\",\"position\":2,\"name\":\"Servizi\",\"item\":\"https:\/\/sit.com.mt\/it\/servizi\/\"},{\"@type\":\"ListItem\",\"position\":3,\"name\":\"French Leisure\",\"item\":\"https:\/\/sit.com.mt\/it\/servizi\/french-leisure\/\"},{\"@type\":\"ListItem\",\"position\":4,\"name\":\"Associations\"}]},{\"@type\":\"WebSite\",\"@id\":\"https:\/\/sit.com.mt\/#website\",\"url\":\"https:\/\/sit.com.mt\/\",\"name\":\"SIT Malta\",\"description\":\"Unique Travel Programs\",\"publisher\":{\"@id\":\"https:\/\/sit.com.mt\/#organization\"},\"potentialAction\":[{\"@type\":\"SearchAction\",\"target\":{\"@type\":\"EntryPoint\",\"urlTemplate\":\"https:\/\/sit.com.mt\/?s={search_term_string}\"},\"query-input\":{\"@type\":\"PropertyValueSpecification\",\"valueRequired\":true,\"valueName\":\"search_term_string\"}}],\"inLanguage\":\"it-IT\"},{\"@type\":\"Organization\",\"@id\":\"https:\/\/sit.com.mt\/#organization\",\"name\":\"SIT Mailta\",\"url\":\"https:\/\/sit.com.mt\/\",\"logo\":{\"@type\":\"ImageObject\",\"inLanguage\":\"it-IT\",\"@id\":\"https:\/\/sit.com.mt\/#\/schema\/logo\/image\/\",\"url\":\"https:\/\/sit.com.mt\/wp-content\/uploads\/2020\/01\/main-logo-new.svg\",\"contentUrl\":\"https:\/\/sit.com.mt\/wp-content\/uploads\/2020\/01\/main-logo-new.svg\",\"width\":1,\"height\":1,\"caption\":\"SIT Mailta\"},\"image\":{\"@id\":\"https:\/\/sit.com.mt\/#\/schema\/logo\/image\/\"}}]}<\/script>\n<!-- \/ Yoast SEO plugin. -->","yoast_head_json":{"title":"Associations - SIT Malta","description":"D\u00e9couvrir Malte en groupes amis, collectivit\u00e9s, associations pour week end ou plus. Visites culturelles, d\u00e9couvertes ludiques organis\u00e9es ou en libert\u00e9","robots":{"index":"index","follow":"follow","max-snippet":"max-snippet:-1","max-image-preview":"max-image-preview:large","max-video-preview":"max-video-preview:-1"},"canonical":"https:\/\/sit.com.mt\/it\/servizi\/french-leisure\/associations\/","og_locale":"it_IT","og_type":"article","og_title":"Associations - SIT Malta","og_description":"D\u00e9couvrir Malte en groupes amis, collectivit\u00e9s, associations pour week end ou plus. Visites culturelles, d\u00e9couvertes ludiques organis\u00e9es ou en libert\u00e9","og_url":"https:\/\/sit.com.mt\/it\/servizi\/french-leisure\/associations\/","og_site_name":"SIT Malta","article_modified_time":"2021-01-13T12:25:50+00:00","twitter_card":"summary_large_image","schema":{"@context":"https:\/\/schema.org","@graph":[{"@type":"WebPage","@id":"https:\/\/sit.com.mt\/it\/servizi\/french-leisure\/associations\/","url":"https:\/\/sit.com.mt\/it\/servizi\/french-leisure\/associations\/","name":"Associations - SIT Malta","isPartOf":{"@id":"https:\/\/sit.com.mt\/#website"},"datePublished":"2020-01-07T14:03:40+00:00","dateModified":"2021-01-13T12:25:50+00:00","description":"D\u00e9couvrir Malte en groupes amis, collectivit\u00e9s, associations pour week end ou plus. Visites culturelles, d\u00e9couvertes ludiques organis\u00e9es ou en libert\u00e9","breadcrumb":{"@id":"https:\/\/sit.com.mt\/it\/servizi\/french-leisure\/associations\/#breadcrumb"},"inLanguage":"it-IT","potentialAction":[{"@type":"ReadAction","target":["https:\/\/sit.com.mt\/it\/servizi\/french-leisure\/associations\/"]}]},{"@type":"BreadcrumbList","@id":"https:\/\/sit.com.mt\/it\/servizi\/french-leisure\/associations\/#breadcrumb","itemListElement":[{"@type":"ListItem","position":1,"name":"Home","item":"https:\/\/sit.com.mt\/it\/"},{"@type":"ListItem","position":2,"name":"Servizi","item":"https:\/\/sit.com.mt\/it\/servizi\/"},{"@type":"ListItem","position":3,"name":"French Leisure","item":"https:\/\/sit.com.mt\/it\/servizi\/french-leisure\/"},{"@type":"ListItem","position":4,"name":"Associations"}]},{"@type":"WebSite","@id":"https:\/\/sit.com.mt\/#website","url":"https:\/\/sit.com.mt\/","name":"SIT Malta","description":"Unique Travel Programs","publisher":{"@id":"https:\/\/sit.com.mt\/#organization"},"potentialAction":[{"@type":"SearchAction","target":{"@type":"EntryPoint","urlTemplate":"https:\/\/sit.com.mt\/?s={search_term_string}"},"query-input":{"@type":"PropertyValueSpecification","valueRequired":true,"valueName":"search_term_string"}}],"inLanguage":"it-IT"},{"@type":"Organization","@id":"https:\/\/sit.com.mt\/#organization","name":"SIT Mailta","url":"https:\/\/sit.com.mt\/","logo":{"@type":"ImageObject","inLanguage":"it-IT","@id":"https:\/\/sit.com.mt\/#\/schema\/logo\/image\/","url":"https:\/\/sit.com.mt\/wp-content\/uploads\/2020\/01\/main-logo-new.svg","contentUrl":"https:\/\/sit.com.mt\/wp-content\/uploads\/2020\/01\/main-logo-new.svg","width":1,"height":1,"caption":"SIT Mailta"},"image":{"@id":"https:\/\/sit.com.mt\/#\/schema\/logo\/image\/"}}]}},"_links":{"self":[{"href":"https:\/\/sit.com.mt\/it\/wp-json\/wp\/v2\/pages\/5527","targetHints":{"allow":["GET"]}}],"collection":[{"href":"https:\/\/sit.com.mt\/it\/wp-json\/wp\/v2\/pages"}],"about":[{"href":"https:\/\/sit.com.mt\/it\/wp-json\/wp\/v2\/types\/page"}],"author":[{"embeddable":true,"href":"https:\/\/sit.com.mt\/it\/wp-json\/wp\/v2\/users\/6"}],"replies":[{"embeddable":true,"href":"https:\/\/sit.com.mt\/it\/wp-json\/wp\/v2\/comments?post=5527"}],"version-history":[{"count":0,"href":"https:\/\/sit.com.mt\/it\/wp-json\/wp\/v2\/pages\/5527\/revisions"}],"up":[{"embeddable":true,"href":"https:\/\/sit.com.mt\/it\/wp-json\/wp\/v2\/pages\/5524"}],"wp:attachment":[{"href":"https:\/\/sit.com.mt\/it\/wp-json\/wp\/v2\/media?parent=5527"}],"wp:term":[{"taxonomy":"category","embeddable":true,"href":"https:\/\/sit.com.mt\/it\/wp-json\/wp\/v2\/categories?post=5527"}],"curies":[{"name":"wp","href":"https:\/\/api.w.org\/{rel}","templated":true}]}}