{"id":5530,"date":"2020-01-15T11:01:16","date_gmt":"2020-01-15T11:01:16","guid":{"rendered":"https:\/\/sit.com.mt\/french-leisure\/religious\/"},"modified":"2021-01-13T12:27:49","modified_gmt":"2021-01-13T12:27:49","slug":"religious","status":"publish","type":"page","link":"https:\/\/sit.com.mt\/it\/servizi\/french-leisure\/religious\/","title":{"rendered":"Religious"},"content":{"rendered":"<div class=\"landing-banner-block\">\n    <div class=\"landing-banner-wrap inline-bg-image lazyload\" style=\"background-image:inherit;\" data-bg-image=\"url(https:\/\/sit.com.mt\/wp-content\/uploads\/2020\/01\/Church-Interior-19-min.jpg)\">\n        \n            <div class=\"content-box\" data-aos=\"fade-up\">\n                                    <h1 class=\"h1\">Loisirs Fran\u00e7ais<\/h1>\n                                                    <p class=\"para\">Malte la catholique! Venez d\u00e9couvrir l\u2019une de ses 365 \u00e9glises, ses cath\u00e9drales et ses catacombes.  Malte, l\u2019ile o\u00f9 St Paul fit naufrage en l\u2019an 60. Nous vous proposons des programmes sur les traces de St Paul avec messes et rencontres religieuses.<\/p>\n                            <\/div>\n            \n                    <\/div>\n        \n    <\/div>\n\n<div class=\"tsdb-block\">\n    <div class=\"tsdb-wrap grey-bg  no-bottom-padding\">\n            <div class=\"inner\">\n\n                                                    <h2 class=\"h2\" data-aos=\"fade-up\">Religieux<\/h2>\n                \n                                                    <h4 class=\"h4\" data-aos=\"fade-up\">Malte, un mariage religion et histoire que SIT vous fera d\u00e9couvrir lors de votre s\u00e9jour<\/h4>\n                \n                                \n                                                \n                                    <span class=\"full-arrow is-bottom long\" data-aos=\"fade-down\"><\/span>\n                \n            <\/div>\n\n                    <\/div>\n    \n    <\/div>\n\n<div class=\"tab-title-desc-block\">\n    <div class=\"tab-title-desc-wrap\">\n    <div class=\"inner clearfix\">\n\n        <ul id=\"tabs-nav\" class=\"tabs-nav\" data-aos=\"fade-right\">\n                                            \n                <li>\n                    <a href=\"#tabs-content\" data-tab=\"#tab1\" class=\"tab-nav\">\n                        <span class=\"step-title\">Jour 1<\/span>\n                        <span class=\"tab-title\">JOURNEE LA VALETTE<\/span>\n                        <span class=\"full-arrow is-right no-margin shortest\"><\/span>\n                    <\/a>\n                <\/li>\n\n                            \n                <li>\n                    <a href=\"#tabs-content\" data-tab=\"#tab2\" class=\"tab-nav\">\n                        <span class=\"step-title\">Jour 2<\/span>\n                        <span class=\"tab-title\">JOURNEE MDINA, RABAT, MOSTA<\/span>\n                        <span class=\"full-arrow is-right no-margin shortest\"><\/span>\n                    <\/a>\n                <\/li>\n\n                            \n                <li>\n                    <a href=\"#tabs-content\" data-tab=\"#tab3\" class=\"tab-nav\">\n                        <span class=\"step-title\">Jour 3<\/span>\n                        <span class=\"tab-title\">DEMI JOURNEE NORD DE MALTE<\/span>\n                        <span class=\"full-arrow is-right no-margin shortest\"><\/span>\n                    <\/a>\n                <\/li>\n\n                            <\/ul>\n\n        <div id=\"tabs-content\" class=\"tabs-content\" data-aos=\"fade-left\">\n                                                            \n                <div id=\"tab1\" class=\"para tab-content\">\n                    <p>La Valette, capitale de Malte, fut fond\u00e9e par le Grand Ma\u00eetre de l\u2019Ordre de Saint Jean, le fran\u00e7ais Jean Parisot de La Valette, en 1566. Nous visiterons les jardins de Upper Barracca d\u2019o\u00f9 vous aurez une vue imprenable sur le Grand Port et les Trois Cit\u00e9s ; Our Lady of Victory ( Notre Dame des Victoires ) la premi\u00e8re \u00e9glise construite \u00e0 La Valette \u00e0 l\u2019endroit m\u00eame o\u00f9 une c\u00e9r\u00e9monie religieuse eut lieu pour inaugurer la premi\u00e8re pierre de la nouvelle ville le 28 mars 1566. Elle comm\u00e9more la victoire sur les Turcs durant le Grand Si\u00e8ge de 1565. Le Grand Maitre Jean de La Valette fut enterr\u00e9 ici avant que ses restes soient transf\u00e9r\u00e9s \u00e0 la Co Cath\u00e9drale St Jean ; la Co-Cath\u00e9drale Saint Jean, chef d\u2019\u0153uvre de l\u2019art baroque et son oratoire abritant les tableaux de Caravaggio. Command\u00e9e en 1572 par le Grand Ma\u00eetre Jean de La Cassi\u00e8re comme l&#8217;\u00e9glise conventuelle de l&#8217;ordre des Chevaliers Hospitaliers de St Jean et con\u00e7ue par le c\u00e9l\u00e8bre architecte militaire maltais Gerolamo Cassar, la Co Cathedrale St Jean  est un monument unique d&#8217;importance internationale. L&#8217;\u00e9glise est d\u00e9di\u00e9e \u00e0 saint Jean-Baptiste, le saint patron de l&#8217;Ordre ;  L\u2019\u00e9glise St Paul le Naufrag\u00e9 , d\u00e9di\u00e9e \u00e0 St Paul et abritant des reliques de l\u2019ap\u00f4tre. Durant notre visite, nous passerons devant les \u201cAuberges\u201d qui furent jadis les demeures des Chevaliers avec en particulier l\u2019Auberge de Castille, aujourd\u2019hui bureau du Premier Ministre (de l\u2019ext\u00e9rieur) et devant le Palais des Grands Maitres.  <\/p>\n                <\/div>\n\n                                            \n                <div id=\"tab2\" class=\"para tab-content\">\n                    <p>Mdina, ville m\u00e9di\u00e9vale unique construite par les Romains, est aujourd\u2019hui connue comme la \u201cCit\u00e9 du Silence\u201d, avec une population de seulement 450 habitants. Elle fut capitale de Malte jusqu\u2019\u00e0 la construction de La Valette.<br \/>\nNous arpenterons les rues sinueuses entour\u00e9es de maisons ayant appartenues \u00e0 la noblesse de l\u2019\u00e9poque, des couvents et des palais et visiterons la cath\u00e9drale de Malte. La Cath\u00e9drale St Paul \u00e0 Mdina, fut contruite par l\u2019architecte Lorenzo Gafa. Sa fa\u00e7ade imposante surprend les visiteurs lorsqu\u2019ils sortent des rues \u00e9troites de la ville. Elle se situe sur le site de la maison du gouverneur Publius qui re\u00e7ut St Paul lors de son naufrage \u00e0 Malte.  Nous atteindrons ensuite les fortifications qui dominent la campagne maltaise et offrent une vue magnifique sur une grande partie de l\u2019\u00eele.<br \/>\nNous visiterons le Prieur\u00e9 des Carmelites. Les Carmes qui r\u00e9sident ici vous invitent \u00e0 d\u00e9couvrir \u00e0 la fois le spirituel et le mode de vie quotidien de leurs pr\u00e9d\u00e9cesseurs. Le Prieur\u00e9 des Carm\u00e9lites offre l&#8217;opportunit\u00e9 unique de visiter diff\u00e9rentes salles incluant un r\u00e9fectoire, une cuisine authentique, une cellule typique, ainsi qu\u2019un oratoire sobre. L&#8217;\u00e9glise impressionnante fait \u00e9galement partie de la m\u00eame visite.<br \/>\nNous nous rendrons \u00e0 pied \u00e0 Rabat, ville mitoyenne de Mdina pour y visiter les Catacombes de Saint Paul. Les \u00eeles Maltaises sont riches d\u2019emplacements souterrains de la fin de la p\u00e9riode Romaine et Byzantine.  Les catacombes de St Paul sont un complexe typique de cimeti\u00e8res reli\u00e9s ensemble et de souterrains romains qui \u00e9taient courants jusqu&#8217;au 4\u00e8me si\u00e8cle apr\u00e8s JC.<br \/>\nNous terminerons la journ\u00e9e au village de Mosta afin de visiter l\u2019\u00e9glise Sainte-Marie qui poss\u00e8de un des 3 plus grands d\u00f4mes non support\u00e9s d\u2019Europe.  <\/p>\n                <\/div>\n\n                                            \n                <div id=\"tab3\" class=\"para tab-content\">\n                    <p>Cette demi journ\u00e9e vous fera d\u00e9couvrir le nord de l\u2019Ile, plus rural avec le village de Mgarr, dont l\u2019\u00e9glise poss\u00e8de un d\u00f4me imitant celui de Mosta. Nous verrons de l\u2019ext\u00e9rieur les temples de Skorba et Ta Hagrat et nous rendrons au village de Mellieha. Son \u00e9glise domine la baie du m\u00eame nom et nous visiterons le Sanctuaire de Mary construit en dessous de l\u2019\u00e9glise paroissiale et abritant une fresque atttribu\u00e9e \u00e0 l\u2019ap\u00f4tre St Luc.<\/p>\n                <\/div>\n\n                            <\/div>\n    <\/div>\n<\/div><\/div>\n\n<div class=\"image-slider-block\">\n    <div class=\"image-slider-wrap\">\n\n    <div class=\"slider-container no-padding\" data-aos=\"fade-up\">\n        <div class=\"image-slider\">\n                                    \n                                \n                    <div>\n                        <div class=\"img inline-bg-image lazyload\" role=\"img\" aria-label=\"Ta' Pinu\" style=\"background-image:inherit;\" data-bg-image=\"url(https:\/\/sit.com.mt\/wp-content\/uploads\/2020\/02\/tapinu-2945279_1920-min.jpg)\"><\/div>\n                    <\/div>\n\n                                        \n                            \n                                \n                    <div>\n                        <div class=\"img inline-bg-image lazyload\" role=\"img\" aria-label=\"Church\" style=\"background-image:inherit;\" data-bg-image=\"url(https:\/\/sit.com.mt\/wp-content\/uploads\/2020\/02\/St_Johns_Co-cathedral_Valletta_Malta_2014_8-min.jpg)\"><\/div>\n                    <\/div>\n\n                                        \n                            \n                                \n                    <div>\n                        <div class=\"img inline-bg-image lazyload\" role=\"img\" aria-label=\"Cathedral\" style=\"background-image:inherit;\" data-bg-image=\"url(https:\/\/sit.com.mt\/wp-content\/uploads\/2020\/02\/piqsels.com-id-zhvey-min-scaled.jpg)\"><\/div>\n                    <\/div>\n\n                                        \n                            \n                                \n                    <div>\n                        <div class=\"img inline-bg-image lazyload\" role=\"img\" aria-label=\"Mellieha Church\" style=\"background-image:inherit;\" data-bg-image=\"url(https:\/\/sit.com.mt\/wp-content\/uploads\/2020\/02\/5929525747_72dc927b4a_c-min.jpg)\"><\/div>\n                    <\/div>\n\n                                        \n                            \n                                \n                    <div>\n                        <div class=\"img inline-bg-image lazyload\" role=\"img\" aria-label=\"Balluta Bay\" style=\"background-image:inherit;\" data-bg-image=\"url(https:\/\/sit.com.mt\/wp-content\/uploads\/2020\/02\/4023039990_b3d3c15e48_c-min.jpg)\"><\/div>\n                    <\/div>\n\n                                        \n                            \n                                \n                    <div>\n                        <div class=\"img inline-bg-image lazyload\" role=\"img\" aria-label=\"Mosta Dome\" style=\"background-image:inherit;\" data-bg-image=\"url(https:\/\/sit.com.mt\/wp-content\/uploads\/2020\/02\/3122452622_6cd2033702_c-min.jpg)\"><\/div>\n                    <\/div>\n\n                                        \n                            <\/div>\n        <span class=\"prevBtn\" tabindex=\"1\">\n            <span class=\"full-arrow is-left short white\"><\/span>\n        <\/span>\n        <span class=\"nextBtn\" tabindex=\"1\">\n            <span class=\"full-arrow is-right short white\"><\/span>\n        <\/span>\n    <\/div>\n<\/div><\/div>\n\n<div class=\"tsdb-block\">\n    <div class=\"tsdb-wrap grey-bg includes-bg-text \">\n            <div class=\"inner\">\n\n                                \n                                \n                                                    <div class=\"para\" data-aos=\"fade-up\"><p>Nos guides vous ferons vivre leur foi \u00e0 Malte. Nous restons \u00e0 votre disposition pour toute organisation de p\u00e9lerinage.<\/p>\n<\/div>\n                \n                                                    <a href=\"\/contact\/\" class=\"button\" target=\"\" data-aos=\"fade-up\">Contact Us<\/a>\n                                \n                \n            <\/div>\n\n                            <div class=\"bg-text\" data-aos=\"fade-up\">Des \u00e9glises<\/div>\n                    <\/div>\n    \n    <\/div>\n\n<div class=\"image-desc-blocks-block\">\n    <div class=\"image-desc-blocks-wrap\">\n                    <a href=\"\/it\/french-leisure\/cultural\/\" class=\"link-wrap\" target=\"\">\n            <div class=\"img-desc-box\" data-aos=\"fade-up\" data-aos-offset=\"50\">\n\n                                <div class=\"img inline-bg-image lazyload\" role=\"img\" aria-label=\"\" style=\"background-image:inherit;\" data-bg-image=\"url(https:\/\/sit.com.mt\/wp-content\/uploads\/2020\/05\/mike-nahlii-qk10uRxzRTc-unsplash.jpg)\"><\/div>\n\n                <div class=\"block-title\">\n                    <div class=\"title\">CULTUREL<\/div>\n                <\/div>\n\n                <div class=\"block-content\">\n                    <div class=\"title\">CULTUREL<\/div>\n                    \n                    <p class=\"para\">Une histoire mill\u00e9naire pour un petit pays au coeur de la M\u00e9diterran\u00e9e. Nos guides passionn\u00e9s vous feront d\u00e9couvrir les sites qui ont marqu\u00e9 le pays au fil des si\u00e8cles.<\/p>\n                    \n                                            <span class=\"more-link\">Find out more<\/span>\n                                    <\/div>\n\n            <\/div>\n        <\/a>\n                    <a href=\"\/it\/french-leisure\/walking\/\" class=\"link-wrap\" target=\"\">\n            <div class=\"img-desc-box\" data-aos=\"fade-up\" data-aos-offset=\"50\">\n\n                                <div class=\"img inline-bg-image lazyload\" role=\"img\" aria-label=\"Hiking tour\" style=\"background-image:inherit;\" data-bg-image=\"url(https:\/\/sit.com.mt\/wp-content\/uploads\/2020\/01\/activity-adults-adventure-1246955.png)\"><\/div>\n\n                <div class=\"block-title\">\n                    <div class=\"title\">RANDONNEES<\/div>\n                <\/div>\n\n                <div class=\"block-content\">\n                    <div class=\"title\">RANDONNEES<\/div>\n                    \n                    <p class=\"para\">Vous pr\u00e9f\u00e9rez d\u00e9couvrir un pays loin des plages touristiques dans un environnement plus authentique et vous aimez marcher. Nos randonn\u00e9es sont pour vous! <\/p>\n                    \n                                            <span class=\"more-link\">Find out more<\/span>\n                                    <\/div>\n\n            <\/div>\n        <\/a>\n                    <a href=\"\/it\/french-leisure\/associations\/\" class=\"link-wrap\" target=\"\">\n            <div class=\"img-desc-box\" data-aos=\"fade-up\" data-aos-offset=\"50\">\n\n                                <div class=\"img inline-bg-image lazyload\" role=\"img\" aria-label=\"Turkish Gullets Berthed at Blue Lagoon\" style=\"background-image:inherit;\" data-bg-image=\"url(https:\/\/sit.com.mt\/wp-content\/uploads\/2020\/07\/turkish-gullets-comino-scaled.jpg)\"><\/div>\n\n                <div class=\"block-title\">\n                    <div class=\"title\">COMITES D\u2019ENTREPRISE<\/div>\n                <\/div>\n\n                <div class=\"block-content\">\n                    <div class=\"title\">COMITES D\u2019ENTREPRISE<\/div>\n                    \n                    <p class=\"para\">Associations, groupes d\u2019amis, CE \u2026 n\u2019 h\u00e9sitez pas \u00e0 venir d\u00e9couvrir Malte. Nous vous guiderons dans votre d\u00e9couverte personnalis\u00e9e de l\u2019archipel maltais. <\/p>\n                    \n                                            <span class=\"more-link\">Find out more<\/span>\n                                    <\/div>\n\n            <\/div>\n        <\/a>\n    <\/div><\/div>","protected":false},"excerpt":{"rendered":"","protected":false},"author":6,"featured_media":0,"parent":5524,"menu_order":0,"comment_status":"closed","ping_status":"closed","template":"","meta":{"footnotes":""},"categories":[],"class_list":["post-5530","page","type-page","status-publish","hentry"],"acf":[],"yoast_head":"<!-- This site is optimized with the Yoast SEO plugin v25.3 - https:\/\/yoast.com\/wordpress\/plugins\/seo\/ -->\n<title>Religious - SIT Malta<\/title>\n<meta name=\"description\" content=\"Malte pays catholique id\u00e9al pour vos p\u00e9lerinages sur les traces de St Paul. Catacombes , chapelles , cath\u00e9drales qui relatent toute l\u2019histoire de Malte\" \/>\n<meta name=\"robots\" content=\"index, follow, max-snippet:-1, max-image-preview:large, max-video-preview:-1\" \/>\n<link rel=\"canonical\" href=\"https:\/\/sit.com.mt\/it\/servizi\/french-leisure\/religious\/\" \/>\n<meta property=\"og:locale\" content=\"it_IT\" \/>\n<meta property=\"og:type\" content=\"article\" \/>\n<meta property=\"og:title\" content=\"Religious - SIT Malta\" \/>\n<meta property=\"og:description\" content=\"Malte pays catholique id\u00e9al pour vos p\u00e9lerinages sur les traces de St Paul. Catacombes , chapelles , cath\u00e9drales qui relatent toute l\u2019histoire de Malte\" \/>\n<meta property=\"og:url\" content=\"https:\/\/sit.com.mt\/it\/servizi\/french-leisure\/religious\/\" \/>\n<meta property=\"og:site_name\" content=\"SIT Malta\" \/>\n<meta property=\"article:modified_time\" content=\"2021-01-13T12:27:49+00:00\" \/>\n<meta name=\"twitter:card\" content=\"summary_large_image\" \/>\n<script type=\"application\/ld+json\" class=\"yoast-schema-graph\">{\"@context\":\"https:\/\/schema.org\",\"@graph\":[{\"@type\":\"WebPage\",\"@id\":\"https:\/\/sit.com.mt\/it\/servizi\/french-leisure\/religious\/\",\"url\":\"https:\/\/sit.com.mt\/it\/servizi\/french-leisure\/religious\/\",\"name\":\"Religious - SIT Malta\",\"isPartOf\":{\"@id\":\"https:\/\/sit.com.mt\/#website\"},\"datePublished\":\"2020-01-15T11:01:16+00:00\",\"dateModified\":\"2021-01-13T12:27:49+00:00\",\"description\":\"Malte pays catholique id\u00e9al pour vos p\u00e9lerinages sur les traces de St Paul. Catacombes , chapelles , cath\u00e9drales qui relatent toute l\u2019histoire de Malte\",\"breadcrumb\":{\"@id\":\"https:\/\/sit.com.mt\/it\/servizi\/french-leisure\/religious\/#breadcrumb\"},\"inLanguage\":\"it-IT\",\"potentialAction\":[{\"@type\":\"ReadAction\",\"target\":[\"https:\/\/sit.com.mt\/it\/servizi\/french-leisure\/religious\/\"]}]},{\"@type\":\"BreadcrumbList\",\"@id\":\"https:\/\/sit.com.mt\/it\/servizi\/french-leisure\/religious\/#breadcrumb\",\"itemListElement\":[{\"@type\":\"ListItem\",\"position\":1,\"name\":\"Home\",\"item\":\"https:\/\/sit.com.mt\/it\/\"},{\"@type\":\"ListItem\",\"position\":2,\"name\":\"Servizi\",\"item\":\"https:\/\/sit.com.mt\/it\/servizi\/\"},{\"@type\":\"ListItem\",\"position\":3,\"name\":\"French Leisure\",\"item\":\"https:\/\/sit.com.mt\/it\/servizi\/french-leisure\/\"},{\"@type\":\"ListItem\",\"position\":4,\"name\":\"Religious\"}]},{\"@type\":\"WebSite\",\"@id\":\"https:\/\/sit.com.mt\/#website\",\"url\":\"https:\/\/sit.com.mt\/\",\"name\":\"SIT Malta\",\"description\":\"Unique Travel Programs\",\"publisher\":{\"@id\":\"https:\/\/sit.com.mt\/#organization\"},\"potentialAction\":[{\"@type\":\"SearchAction\",\"target\":{\"@type\":\"EntryPoint\",\"urlTemplate\":\"https:\/\/sit.com.mt\/?s={search_term_string}\"},\"query-input\":{\"@type\":\"PropertyValueSpecification\",\"valueRequired\":true,\"valueName\":\"search_term_string\"}}],\"inLanguage\":\"it-IT\"},{\"@type\":\"Organization\",\"@id\":\"https:\/\/sit.com.mt\/#organization\",\"name\":\"SIT Mailta\",\"url\":\"https:\/\/sit.com.mt\/\",\"logo\":{\"@type\":\"ImageObject\",\"inLanguage\":\"it-IT\",\"@id\":\"https:\/\/sit.com.mt\/#\/schema\/logo\/image\/\",\"url\":\"https:\/\/sit.com.mt\/wp-content\/uploads\/2020\/01\/main-logo-new.svg\",\"contentUrl\":\"https:\/\/sit.com.mt\/wp-content\/uploads\/2020\/01\/main-logo-new.svg\",\"width\":1,\"height\":1,\"caption\":\"SIT Mailta\"},\"image\":{\"@id\":\"https:\/\/sit.com.mt\/#\/schema\/logo\/image\/\"}}]}<\/script>\n<!-- \/ Yoast SEO plugin. -->","yoast_head_json":{"title":"Religious - SIT Malta","description":"Malte pays catholique id\u00e9al pour vos p\u00e9lerinages sur les traces de St Paul. Catacombes , chapelles , cath\u00e9drales qui relatent toute l\u2019histoire de Malte","robots":{"index":"index","follow":"follow","max-snippet":"max-snippet:-1","max-image-preview":"max-image-preview:large","max-video-preview":"max-video-preview:-1"},"canonical":"https:\/\/sit.com.mt\/it\/servizi\/french-leisure\/religious\/","og_locale":"it_IT","og_type":"article","og_title":"Religious - SIT Malta","og_description":"Malte pays catholique id\u00e9al pour vos p\u00e9lerinages sur les traces de St Paul. Catacombes , chapelles , cath\u00e9drales qui relatent toute l\u2019histoire de Malte","og_url":"https:\/\/sit.com.mt\/it\/servizi\/french-leisure\/religious\/","og_site_name":"SIT Malta","article_modified_time":"2021-01-13T12:27:49+00:00","twitter_card":"summary_large_image","schema":{"@context":"https:\/\/schema.org","@graph":[{"@type":"WebPage","@id":"https:\/\/sit.com.mt\/it\/servizi\/french-leisure\/religious\/","url":"https:\/\/sit.com.mt\/it\/servizi\/french-leisure\/religious\/","name":"Religious - SIT Malta","isPartOf":{"@id":"https:\/\/sit.com.mt\/#website"},"datePublished":"2020-01-15T11:01:16+00:00","dateModified":"2021-01-13T12:27:49+00:00","description":"Malte pays catholique id\u00e9al pour vos p\u00e9lerinages sur les traces de St Paul. Catacombes , chapelles , cath\u00e9drales qui relatent toute l\u2019histoire de Malte","breadcrumb":{"@id":"https:\/\/sit.com.mt\/it\/servizi\/french-leisure\/religious\/#breadcrumb"},"inLanguage":"it-IT","potentialAction":[{"@type":"ReadAction","target":["https:\/\/sit.com.mt\/it\/servizi\/french-leisure\/religious\/"]}]},{"@type":"BreadcrumbList","@id":"https:\/\/sit.com.mt\/it\/servizi\/french-leisure\/religious\/#breadcrumb","itemListElement":[{"@type":"ListItem","position":1,"name":"Home","item":"https:\/\/sit.com.mt\/it\/"},{"@type":"ListItem","position":2,"name":"Servizi","item":"https:\/\/sit.com.mt\/it\/servizi\/"},{"@type":"ListItem","position":3,"name":"French Leisure","item":"https:\/\/sit.com.mt\/it\/servizi\/french-leisure\/"},{"@type":"ListItem","position":4,"name":"Religious"}]},{"@type":"WebSite","@id":"https:\/\/sit.com.mt\/#website","url":"https:\/\/sit.com.mt\/","name":"SIT Malta","description":"Unique Travel Programs","publisher":{"@id":"https:\/\/sit.com.mt\/#organization"},"potentialAction":[{"@type":"SearchAction","target":{"@type":"EntryPoint","urlTemplate":"https:\/\/sit.com.mt\/?s={search_term_string}"},"query-input":{"@type":"PropertyValueSpecification","valueRequired":true,"valueName":"search_term_string"}}],"inLanguage":"it-IT"},{"@type":"Organization","@id":"https:\/\/sit.com.mt\/#organization","name":"SIT Mailta","url":"https:\/\/sit.com.mt\/","logo":{"@type":"ImageObject","inLanguage":"it-IT","@id":"https:\/\/sit.com.mt\/#\/schema\/logo\/image\/","url":"https:\/\/sit.com.mt\/wp-content\/uploads\/2020\/01\/main-logo-new.svg","contentUrl":"https:\/\/sit.com.mt\/wp-content\/uploads\/2020\/01\/main-logo-new.svg","width":1,"height":1,"caption":"SIT Mailta"},"image":{"@id":"https:\/\/sit.com.mt\/#\/schema\/logo\/image\/"}}]}},"_links":{"self":[{"href":"https:\/\/sit.com.mt\/it\/wp-json\/wp\/v2\/pages\/5530","targetHints":{"allow":["GET"]}}],"collection":[{"href":"https:\/\/sit.com.mt\/it\/wp-json\/wp\/v2\/pages"}],"about":[{"href":"https:\/\/sit.com.mt\/it\/wp-json\/wp\/v2\/types\/page"}],"author":[{"embeddable":true,"href":"https:\/\/sit.com.mt\/it\/wp-json\/wp\/v2\/users\/6"}],"replies":[{"embeddable":true,"href":"https:\/\/sit.com.mt\/it\/wp-json\/wp\/v2\/comments?post=5530"}],"version-history":[{"count":0,"href":"https:\/\/sit.com.mt\/it\/wp-json\/wp\/v2\/pages\/5530\/revisions"}],"up":[{"embeddable":true,"href":"https:\/\/sit.com.mt\/it\/wp-json\/wp\/v2\/pages\/5524"}],"wp:attachment":[{"href":"https:\/\/sit.com.mt\/it\/wp-json\/wp\/v2\/media?parent=5530"}],"wp:term":[{"taxonomy":"category","embeddable":true,"href":"https:\/\/sit.com.mt\/it\/wp-json\/wp\/v2\/categories?post=5530"}],"curies":[{"name":"wp","href":"https:\/\/api.w.org\/{rel}","templated":true}]}}