{"id":5531,"date":"2020-01-15T10:53:53","date_gmt":"2020-01-15T10:53:53","guid":{"rendered":"https:\/\/sit.com.mt\/french-leisure\/walking\/"},"modified":"2021-01-13T12:27:31","modified_gmt":"2021-01-13T12:27:31","slug":"walking","status":"publish","type":"page","link":"https:\/\/sit.com.mt\/it\/servizi\/french-leisure\/walking\/","title":{"rendered":"Walking"},"content":{"rendered":"<div class=\"landing-banner-block\">\n    <div class=\"landing-banner-wrap inline-bg-image lazyload\" style=\"background-image:inherit;\" data-bg-image=\"url(https:\/\/sit.com.mt\/wp-content\/uploads\/2020\/01\/fashion-footwear-grass-outdoors-631986-scaled.jpg)\">\n        \n            <div class=\"content-box\" data-aos=\"fade-up\">\n                                    <h1 class=\"h1\">Loisirs Fran\u00e7ais<\/h1>\n                                                    <p class=\"para\">Malte offre de magnifiques paysages que nous vous proposons de d\u00e9couvrir avec guide randonneur exp\u00e9riment\u00e9 hors des sentiers battus. Que ce soit une randonn\u00e9e d\u2019une journ\u00e9e en cours de s\u00e9jour culturel ou toute une semaine de randonn\u00e9es diverses avec pique-nique, chaque programme sera \u00e9tudi\u00e9 selon vos besoins. <\/p>\n                            <\/div>\n            \n                    <\/div>\n        \n    <\/div>\n\n<div class=\"tsdb-block\">\n    <div class=\"tsdb-wrap grey-bg  no-bottom-padding\">\n            <div class=\"inner\">\n\n                                                    <h2 class=\"h2\" data-aos=\"fade-up\">Randonnees<\/h2>\n                \n                                                    <h4 class=\"h4\" data-aos=\"fade-up\">Vous aimez la marche et r\u00eavez de d\u00e9couvrir des paysages m\u00e9diterran\u00e9ens inoubliables \u2026. Malte est pour vous!<\/h4>\n                \n                                \n                                                \n                                    <span class=\"full-arrow is-bottom long\" data-aos=\"fade-down\"><\/span>\n                \n            <\/div>\n\n                    <\/div>\n    \n    <\/div>\n\n<div class=\"tab-title-desc-block\">\n    <div class=\"tab-title-desc-wrap\">\n    <div class=\"inner clearfix\">\n\n        <ul id=\"tabs-nav\" class=\"tabs-nav\" data-aos=\"fade-right\">\n                                            \n                <li>\n                    <a href=\"#tabs-content\" data-tab=\"#tab1\" class=\"tab-nav\">\n                        <span class=\"step-title\">Rando 1<\/span>\n                        <span class=\"tab-title\">Le Nord ouest et Mdina <\/span>\n                        <span class=\"full-arrow is-right no-margin shortest\"><\/span>\n                    <\/a>\n                <\/li>\n\n                            \n                <li>\n                    <a href=\"#tabs-content\" data-tab=\"#tab2\" class=\"tab-nav\">\n                        <span class=\"step-title\">Rando 2<\/span>\n                        <span class=\"tab-title\">Autour de Dingli et la pierre de Malte<\/span>\n                        <span class=\"full-arrow is-right no-margin shortest\"><\/span>\n                    <\/a>\n                <\/li>\n\n                            \n                <li>\n                    <a href=\"#tabs-content\" data-tab=\"#tab3\" class=\"tab-nav\">\n                        <span class=\"step-title\">Rando 3<\/span>\n                        <span class=\"tab-title\">Petites criques et village de p\u00eacheurs <\/span>\n                        <span class=\"full-arrow is-right no-margin shortest\"><\/span>\n                    <\/a>\n                <\/li>\n\n                            <\/ul>\n\n        <div id=\"tabs-content\" class=\"tabs-content\" data-aos=\"fade-left\">\n                                                            \n                <div id=\"tab1\" class=\"para tab-content\">\n                    <p>Nous ferons route vers Mgarr pour commencer notre randonn\u00e9e avec le Park Majisstral sur la c\u00f4te ouest, zone largement domin\u00e9e par l\u2019argile, situ\u00e9e sous les calcaires coralliens sup\u00e9rieurs et inf\u00e9rieurs. Cela a donn\u00e9 naissance \u00e0 un habitat sp\u00e9cial pour la flore et cr\u00e9e des paysages \u00e0 couper le souffle . Le Nord-Ouest abrite en fait de nombreuses baies magnifiques comme Fomm ir-Rih \u00e0 Gnejna ou Ghajn Tuffieha toutes entour\u00e9es de vues magnifiques sur les pentes d&#8217;argile, les \u00e9boulis et les falaises. Divers \u00e9l\u00e9ments d\u2019int\u00e9r\u00eat culturel se trouvent dans les limites du parc : les orni\u00e8res de charrette, de longs murs en pierres s\u00e8ches, des fermes, de petites ruches, des tombeaux de l\u2019\u00e9poque classique, des grottes naturelles et de nombreuses huttes en pierre \u00e0 encorbellement (giren) situ\u00e9es \u00e0 l\u2019ext\u00e9rieur du parc. Une hutte en encorbellement rare de forme carr\u00e9e est particuli\u00e8rement int\u00e9ressante.  Dans l&#8217;apr\u00e8s-midi, nous passerons \u00e0 Bahrija avant d\u2019\u00eatre conduits \u00e0 Mdina &#8211; ancienne capitale de Malte, pour une visite culturelle de la cit\u00e9 m\u00e9di\u00e9vale. (Environ 8 km)<\/p>\n                <\/div>\n\n                                            \n                <div id=\"tab2\" class=\"para tab-content\">\n                    <p>\u00c9coutez les l\u00e9gendes sur les &#8220;orni\u00e8res de chariot&#8221; que l&#8217;on d\u00e9couvre au site de  \u201cClapham Junction\u201d \u00e0 Dingli apr\u00e8s avoir commenc\u00e9 notre randonn\u00e9e au jardins de Buskett la seule partie importante de l&#8217;\u00eele \u00e0 \u00eatre bois\u00e9e et ancienne  zone de loisirs d&#8217;\u00e9t\u00e9 du Grand Ma\u00eetre de Malte. D\u00e9couvrez Ghar il-Kbir &#8211; une grotte o\u00f9 une colonie a v\u00e9cu et est suppos\u00e9e \u00eatre la premi\u00e8re habitation de Malte. D\u00e9couvrez les anciennes carri\u00e8res de surface ainsi que quelques-unes des 1000 esp\u00e8ces de la flore qui couvrent ces \u00eeles. La v\u00e9g\u00e9tation varie de champignons aux orchid\u00e9es ainsi qu&#8217;une mosa\u00efque complexe d&#8217;\u00e9co-syst\u00e8mes. Dans l&#8217;apr\u00e8s-midi, nous terminerons  notre promenade dans le village de Siggiewi o\u00f9 nous visiterons le Limestone Heritage, mus\u00e9e de la pierre \u00e0 ciel ouvert dans une ancienne carri\u00e8re. (Environ 8,5 km)<\/p>\n                <\/div>\n\n                                            \n                <div id=\"tab3\" class=\"para tab-content\">\n                    <p>Notre marche du sud commence \u00e0 Marsascala \u00e0 la tour St Thomas et la petite baie du m\u00eame nom.  Nous continuerons jusqu\u2019au falaises blanches de Munxar avec une vue imprenable sur de nombreuses criques comme ce lles de Il-Hofra il-Kbira, Delimara et Peter\u2019s Pool, piscine naturelle dans la roche aux eaux cristallines. Nous passerons \u00e0 c\u00f4t\u00e9 d\u2019un des nombreux phares en activit\u00e9 \u00e0 Malte et du fort Delimara construit au 19 eme si\u00e8cle. Sur la prequ\u2019ile de Delimara nous d\u00e9couvrirons les marais salants avant de terminer \u00e0 Marsaxlokk un petit village de p\u00eacheurs (environ 9 km)<\/p>\n                <\/div>\n\n                            <\/div>\n    <\/div>\n<\/div><\/div>\n\n<div class=\"image-slider-block\">\n    <div class=\"image-slider-wrap\">\n\n    <div class=\"slider-container no-padding\" data-aos=\"fade-up\">\n        <div class=\"image-slider\">\n                                    \n                                \n                    <div>\n                        <div class=\"img inline-bg-image lazyload\" role=\"img\" aria-label=\"Presidential Palace\" style=\"background-image:inherit;\" data-bg-image=\"url(https:\/\/sit.com.mt\/wp-content\/uploads\/2020\/02\/41637543714_b4d1585dc0_c-min.jpg)\"><\/div>\n                    <\/div>\n\n                                        \n                            \n                                \n                    <div>\n                        <div class=\"img inline-bg-image lazyload\" role=\"img\" aria-label=\"Grand harbour\" style=\"background-image:inherit;\" data-bg-image=\"url(https:\/\/sit.com.mt\/wp-content\/uploads\/2020\/02\/piqsels.com-id-sucet-min-scaled.jpg)\"><\/div>\n                    <\/div>\n\n                                        \n                            \n                                \n                    <div>\n                        <div class=\"img inline-bg-image lazyload\" role=\"img\" aria-label=\"Mdina Entrance\" style=\"background-image:inherit;\" data-bg-image=\"url(https:\/\/sit.com.mt\/wp-content\/uploads\/2020\/02\/mdina-gate.jpg)\"><\/div>\n                    <\/div>\n\n                                        \n                            \n                                \n                    <div>\n                        <div class=\"img inline-bg-image lazyload\" role=\"img\" aria-label=\"Walking Tour\" style=\"background-image:inherit;\" data-bg-image=\"url(https:\/\/sit.com.mt\/wp-content\/uploads\/2020\/02\/people-1988285_1920-min.jpg)\"><\/div>\n                    <\/div>\n\n                                        \n                            \n                                \n                    <div>\n                        <div class=\"img inline-bg-image lazyload\" role=\"img\" aria-label=\"Sailing comino\" style=\"background-image:inherit;\" data-bg-image=\"url(https:\/\/sit.com.mt\/wp-content\/uploads\/2020\/02\/5704125992_c571a2ba42_c-min.jpg)\"><\/div>\n                    <\/div>\n\n                                        \n                            \n                                \n                    <div>\n                        <div class=\"img inline-bg-image lazyload\" role=\"img\" aria-label=\"Cathedral\" style=\"background-image:inherit;\" data-bg-image=\"url(https:\/\/sit.com.mt\/wp-content\/uploads\/2020\/02\/piqsels.com-id-zhvey-min-scaled.jpg)\"><\/div>\n                    <\/div>\n\n                                        \n                            <\/div>\n        <span class=\"prevBtn\" tabindex=\"1\">\n            <span class=\"full-arrow is-left short white\"><\/span>\n        <\/span>\n        <span class=\"nextBtn\" tabindex=\"1\">\n            <span class=\"full-arrow is-right short white\"><\/span>\n        <\/span>\n    <\/div>\n<\/div><\/div>\n\n<div class=\"tsdb-block\">\n    <div class=\"tsdb-wrap grey-bg includes-bg-text \">\n            <div class=\"inner\">\n\n                                \n                                \n                                                    <div class=\"para\" data-aos=\"fade-up\"><p>Nous vous offrons des randonn\u00e9es vari\u00e9es et vous attendons pour d\u00e9couvrir notre Ile. N\u2019h\u00e9sitez pas \u00e0 nous contacter.<\/p>\n<\/div>\n                \n                                                    <a href=\"\/contact\/\" class=\"button\" target=\"\" data-aos=\"fade-up\">Contact Us<\/a>\n                                \n                \n            <\/div>\n\n                            <div class=\"bg-text\" data-aos=\"fade-up\">La Nature<\/div>\n                    <\/div>\n    \n    <\/div>\n\n<div class=\"image-desc-blocks-block\">\n    <div class=\"image-desc-blocks-wrap\">\n                    <a href=\"\/it\/french-leisure\/cultural\/\" class=\"link-wrap\" target=\"\">\n            <div class=\"img-desc-box\" data-aos=\"fade-up\" data-aos-offset=\"50\">\n\n                                <div class=\"img inline-bg-image lazyload\" role=\"img\" aria-label=\"\" style=\"background-image:inherit;\" data-bg-image=\"url(https:\/\/sit.com.mt\/wp-content\/uploads\/2020\/05\/mike-nahlii-qk10uRxzRTc-unsplash.jpg)\"><\/div>\n\n                <div class=\"block-title\">\n                    <div class=\"title\">CULTUREL<\/div>\n                <\/div>\n\n                <div class=\"block-content\">\n                    <div class=\"title\">CULTUREL<\/div>\n                    \n                    <p class=\"para\">Des temples pr\u00e9historiques au Chevaliers de l\u2019ordre de St Jean, Malte vous offre 7000 ans d\u2019histoire. Venez vite d\u00e9couvrir notre patrimoine culturel et architectural inestimable!  <\/p>\n                    \n                                            <span class=\"more-link\">Find out more<\/span>\n                                    <\/div>\n\n            <\/div>\n        <\/a>\n                    <a href=\"\/it\/french-leisure\/associations\/\" class=\"link-wrap\" target=\"\">\n            <div class=\"img-desc-box\" data-aos=\"fade-up\" data-aos-offset=\"50\">\n\n                                <div class=\"img inline-bg-image lazyload\" role=\"img\" aria-label=\"Turkish Gullets Berthed at Blue Lagoon\" style=\"background-image:inherit;\" data-bg-image=\"url(https:\/\/sit.com.mt\/wp-content\/uploads\/2020\/07\/turkish-gullets-comino-scaled.jpg)\"><\/div>\n\n                <div class=\"block-title\">\n                    <div class=\"title\">COMITES D\u2019ENTREPRISE <\/div>\n                <\/div>\n\n                <div class=\"block-content\">\n                    <div class=\"title\">COMITES D\u2019ENTREPRISE <\/div>\n                    \n                    <p class=\"para\">Une envie de faire un break? Alors venez d\u00e9couvrir Malte! Nous vous proposons des s\u00e9jours combinant visites traditionnelles, activit\u00e9s ou tout simplement farniente tout en vous m\u00e9nageant du temps libre pour d\u00e9couvrir le pays par vous m\u00eame. <\/p>\n                    \n                                            <span class=\"more-link\">Find out more<\/span>\n                                    <\/div>\n\n            <\/div>\n        <\/a>\n                    <a href=\"\/it\/french-leisure\/religious\/\" class=\"link-wrap\" target=\"\">\n            <div class=\"img-desc-box\" data-aos=\"fade-up\" data-aos-offset=\"50\">\n\n                                <div class=\"img inline-bg-image lazyload\" role=\"img\" aria-label=\"Religious church\" style=\"background-image:inherit;\" data-bg-image=\"url(https:\/\/sit.com.mt\/wp-content\/uploads\/2020\/01\/Church-Interior-19-min.jpg)\"><\/div>\n\n                <div class=\"block-title\">\n                    <div class=\"title\">RELIGIEUX<\/div>\n                <\/div>\n\n                <div class=\"block-content\">\n                    <div class=\"title\">RELIGIEUX<\/div>\n                    \n                    <p class=\"para\">L\u2019histoire religieuse de Malte remonte au naufrage de St Paul sur l\u2019Ile en l\u2019an 60. Venez d\u00e9couvrir Malte sur les traces de St Paul.<\/p>\n                    \n                                            <span class=\"more-link\">Find out more<\/span>\n                                    <\/div>\n\n            <\/div>\n        <\/a>\n    <\/div><\/div>","protected":false},"excerpt":{"rendered":"","protected":false},"author":6,"featured_media":0,"parent":5524,"menu_order":0,"comment_status":"closed","ping_status":"closed","template":"","meta":{"footnotes":""},"categories":[],"class_list":["post-5531","page","type-page","status-publish","hentry"],"acf":[],"yoast_head":"<!-- This site is optimized with the Yoast SEO plugin v25.3 - https:\/\/yoast.com\/wordpress\/plugins\/seo\/ -->\n<title>Walking - SIT Malta<\/title>\n<meta name=\"description\" content=\"Randonn\u00e9e \u00e0 Malte et Gozo avec guide, d\u00e9couverte des paysages et de la flore. Programmes pour une journ\u00e9e ou une semaine.\" \/>\n<meta name=\"robots\" content=\"index, follow, max-snippet:-1, max-image-preview:large, max-video-preview:-1\" \/>\n<link rel=\"canonical\" href=\"https:\/\/sit.com.mt\/it\/servizi\/french-leisure\/walking\/\" \/>\n<meta property=\"og:locale\" content=\"it_IT\" \/>\n<meta property=\"og:type\" content=\"article\" \/>\n<meta property=\"og:title\" content=\"Walking - SIT Malta\" \/>\n<meta property=\"og:description\" content=\"Randonn\u00e9e \u00e0 Malte et Gozo avec guide, d\u00e9couverte des paysages et de la flore. Programmes pour une journ\u00e9e ou une semaine.\" \/>\n<meta property=\"og:url\" content=\"https:\/\/sit.com.mt\/it\/servizi\/french-leisure\/walking\/\" \/>\n<meta property=\"og:site_name\" content=\"SIT Malta\" \/>\n<meta property=\"article:modified_time\" content=\"2021-01-13T12:27:31+00:00\" \/>\n<meta name=\"twitter:card\" content=\"summary_large_image\" \/>\n<script type=\"application\/ld+json\" class=\"yoast-schema-graph\">{\"@context\":\"https:\/\/schema.org\",\"@graph\":[{\"@type\":\"WebPage\",\"@id\":\"https:\/\/sit.com.mt\/it\/servizi\/french-leisure\/walking\/\",\"url\":\"https:\/\/sit.com.mt\/it\/servizi\/french-leisure\/walking\/\",\"name\":\"Walking - SIT Malta\",\"isPartOf\":{\"@id\":\"https:\/\/sit.com.mt\/#website\"},\"datePublished\":\"2020-01-15T10:53:53+00:00\",\"dateModified\":\"2021-01-13T12:27:31+00:00\",\"description\":\"Randonn\u00e9e \u00e0 Malte et Gozo avec guide, d\u00e9couverte des paysages et de la flore. Programmes pour une journ\u00e9e ou une semaine.\",\"breadcrumb\":{\"@id\":\"https:\/\/sit.com.mt\/it\/servizi\/french-leisure\/walking\/#breadcrumb\"},\"inLanguage\":\"it-IT\",\"potentialAction\":[{\"@type\":\"ReadAction\",\"target\":[\"https:\/\/sit.com.mt\/it\/servizi\/french-leisure\/walking\/\"]}]},{\"@type\":\"BreadcrumbList\",\"@id\":\"https:\/\/sit.com.mt\/it\/servizi\/french-leisure\/walking\/#breadcrumb\",\"itemListElement\":[{\"@type\":\"ListItem\",\"position\":1,\"name\":\"Home\",\"item\":\"https:\/\/sit.com.mt\/it\/\"},{\"@type\":\"ListItem\",\"position\":2,\"name\":\"Servizi\",\"item\":\"https:\/\/sit.com.mt\/it\/servizi\/\"},{\"@type\":\"ListItem\",\"position\":3,\"name\":\"French Leisure\",\"item\":\"https:\/\/sit.com.mt\/it\/servizi\/french-leisure\/\"},{\"@type\":\"ListItem\",\"position\":4,\"name\":\"Walking\"}]},{\"@type\":\"WebSite\",\"@id\":\"https:\/\/sit.com.mt\/#website\",\"url\":\"https:\/\/sit.com.mt\/\",\"name\":\"SIT Malta\",\"description\":\"Unique Travel Programs\",\"publisher\":{\"@id\":\"https:\/\/sit.com.mt\/#organization\"},\"potentialAction\":[{\"@type\":\"SearchAction\",\"target\":{\"@type\":\"EntryPoint\",\"urlTemplate\":\"https:\/\/sit.com.mt\/?s={search_term_string}\"},\"query-input\":{\"@type\":\"PropertyValueSpecification\",\"valueRequired\":true,\"valueName\":\"search_term_string\"}}],\"inLanguage\":\"it-IT\"},{\"@type\":\"Organization\",\"@id\":\"https:\/\/sit.com.mt\/#organization\",\"name\":\"SIT Mailta\",\"url\":\"https:\/\/sit.com.mt\/\",\"logo\":{\"@type\":\"ImageObject\",\"inLanguage\":\"it-IT\",\"@id\":\"https:\/\/sit.com.mt\/#\/schema\/logo\/image\/\",\"url\":\"https:\/\/sit.com.mt\/wp-content\/uploads\/2020\/01\/main-logo-new.svg\",\"contentUrl\":\"https:\/\/sit.com.mt\/wp-content\/uploads\/2020\/01\/main-logo-new.svg\",\"width\":1,\"height\":1,\"caption\":\"SIT Mailta\"},\"image\":{\"@id\":\"https:\/\/sit.com.mt\/#\/schema\/logo\/image\/\"}}]}<\/script>\n<!-- \/ Yoast SEO plugin. -->","yoast_head_json":{"title":"Walking - SIT Malta","description":"Randonn\u00e9e \u00e0 Malte et Gozo avec guide, d\u00e9couverte des paysages et de la flore. Programmes pour une journ\u00e9e ou une semaine.","robots":{"index":"index","follow":"follow","max-snippet":"max-snippet:-1","max-image-preview":"max-image-preview:large","max-video-preview":"max-video-preview:-1"},"canonical":"https:\/\/sit.com.mt\/it\/servizi\/french-leisure\/walking\/","og_locale":"it_IT","og_type":"article","og_title":"Walking - SIT Malta","og_description":"Randonn\u00e9e \u00e0 Malte et Gozo avec guide, d\u00e9couverte des paysages et de la flore. Programmes pour une journ\u00e9e ou une semaine.","og_url":"https:\/\/sit.com.mt\/it\/servizi\/french-leisure\/walking\/","og_site_name":"SIT Malta","article_modified_time":"2021-01-13T12:27:31+00:00","twitter_card":"summary_large_image","schema":{"@context":"https:\/\/schema.org","@graph":[{"@type":"WebPage","@id":"https:\/\/sit.com.mt\/it\/servizi\/french-leisure\/walking\/","url":"https:\/\/sit.com.mt\/it\/servizi\/french-leisure\/walking\/","name":"Walking - SIT Malta","isPartOf":{"@id":"https:\/\/sit.com.mt\/#website"},"datePublished":"2020-01-15T10:53:53+00:00","dateModified":"2021-01-13T12:27:31+00:00","description":"Randonn\u00e9e \u00e0 Malte et Gozo avec guide, d\u00e9couverte des paysages et de la flore. Programmes pour une journ\u00e9e ou une semaine.","breadcrumb":{"@id":"https:\/\/sit.com.mt\/it\/servizi\/french-leisure\/walking\/#breadcrumb"},"inLanguage":"it-IT","potentialAction":[{"@type":"ReadAction","target":["https:\/\/sit.com.mt\/it\/servizi\/french-leisure\/walking\/"]}]},{"@type":"BreadcrumbList","@id":"https:\/\/sit.com.mt\/it\/servizi\/french-leisure\/walking\/#breadcrumb","itemListElement":[{"@type":"ListItem","position":1,"name":"Home","item":"https:\/\/sit.com.mt\/it\/"},{"@type":"ListItem","position":2,"name":"Servizi","item":"https:\/\/sit.com.mt\/it\/servizi\/"},{"@type":"ListItem","position":3,"name":"French Leisure","item":"https:\/\/sit.com.mt\/it\/servizi\/french-leisure\/"},{"@type":"ListItem","position":4,"name":"Walking"}]},{"@type":"WebSite","@id":"https:\/\/sit.com.mt\/#website","url":"https:\/\/sit.com.mt\/","name":"SIT Malta","description":"Unique Travel Programs","publisher":{"@id":"https:\/\/sit.com.mt\/#organization"},"potentialAction":[{"@type":"SearchAction","target":{"@type":"EntryPoint","urlTemplate":"https:\/\/sit.com.mt\/?s={search_term_string}"},"query-input":{"@type":"PropertyValueSpecification","valueRequired":true,"valueName":"search_term_string"}}],"inLanguage":"it-IT"},{"@type":"Organization","@id":"https:\/\/sit.com.mt\/#organization","name":"SIT Mailta","url":"https:\/\/sit.com.mt\/","logo":{"@type":"ImageObject","inLanguage":"it-IT","@id":"https:\/\/sit.com.mt\/#\/schema\/logo\/image\/","url":"https:\/\/sit.com.mt\/wp-content\/uploads\/2020\/01\/main-logo-new.svg","contentUrl":"https:\/\/sit.com.mt\/wp-content\/uploads\/2020\/01\/main-logo-new.svg","width":1,"height":1,"caption":"SIT Mailta"},"image":{"@id":"https:\/\/sit.com.mt\/#\/schema\/logo\/image\/"}}]}},"_links":{"self":[{"href":"https:\/\/sit.com.mt\/it\/wp-json\/wp\/v2\/pages\/5531","targetHints":{"allow":["GET"]}}],"collection":[{"href":"https:\/\/sit.com.mt\/it\/wp-json\/wp\/v2\/pages"}],"about":[{"href":"https:\/\/sit.com.mt\/it\/wp-json\/wp\/v2\/types\/page"}],"author":[{"embeddable":true,"href":"https:\/\/sit.com.mt\/it\/wp-json\/wp\/v2\/users\/6"}],"replies":[{"embeddable":true,"href":"https:\/\/sit.com.mt\/it\/wp-json\/wp\/v2\/comments?post=5531"}],"version-history":[{"count":0,"href":"https:\/\/sit.com.mt\/it\/wp-json\/wp\/v2\/pages\/5531\/revisions"}],"up":[{"embeddable":true,"href":"https:\/\/sit.com.mt\/it\/wp-json\/wp\/v2\/pages\/5524"}],"wp:attachment":[{"href":"https:\/\/sit.com.mt\/it\/wp-json\/wp\/v2\/media?parent=5531"}],"wp:term":[{"taxonomy":"category","embeddable":true,"href":"https:\/\/sit.com.mt\/it\/wp-json\/wp\/v2\/categories?post=5531"}],"curies":[{"name":"wp","href":"https:\/\/api.w.org\/{rel}","templated":true}]}}