{"id":6224,"date":"2021-02-07T16:18:53","date_gmt":"2021-02-07T16:18:53","guid":{"rendered":"https:\/\/sit.com.mt\/gozo\/wellness-retreat\/"},"modified":"2021-03-24T18:06:07","modified_gmt":"2021-03-24T18:06:07","slug":"benessere","status":"publish","type":"page","link":"https:\/\/sit.com.mt\/it\/gozo\/benessere\/","title":{"rendered":"Wellness Retreat"},"content":{"rendered":"<div class=\"landing-banner-block\">\n    <div class=\"landing-banner-wrap inline-bg-image lazyload\" style=\"background-image:inherit;\" data-bg-image=\"url(https:\/\/sit.com.mt\/wp-content\/uploads\/2021\/02\/girl-4981766_1280.jpg)\">\n        \n            <div class=\"content-box\" data-aos=\"fade-up\">\n                                    <h1 class=\"h1\">Benessere<\/h1>\n                                                    <p class=\"para\">Invest in the active pursuit of activities and choices that lead you to a state of holistic health and a higher sense of purpose<\/p>\n                            <\/div>\n            \n                    <\/div>\n        \n    <\/div>\n\n<div class=\"image-desc-large-blocks-block\">\n    <div class=\"image-desc-large-blocks-wrap\">\n            <div class=\"img-desc-large-box\" data-aos=\"fade-up\" tabindex=\"1\">\n\n                        <div class=\"img inline-bg-image lazyload\" role=\"img\" aria-label=\"\" style=\"background-image:inherit;\" data-bg-image=\"url(https:\/\/sit.com.mt\/wp-content\/uploads\/2021\/02\/katherine-hanlon-mod2s3-qFOc-unsplash-scaled.jpg)\"><\/div>\n\n            <div class=\"block-title\">\n                <div class=\"v-align\">\n                    <div class=\"title\">Trattamento Ayurveda<\/div>\n                <\/div>\n            <\/div>\n\n            <div class=\"block-content\">\n                <div class=\"title\">Trattamento Ayurveda<\/div>\n                <div class=\"para\"><p><span style=\"font-weight: 400;\">Il benessere mentale e fisico \u00e8 estremamente importante per avere uno stile di vita sano. Infatti, conosciamo il posto perfetto in cui potersi rilassare e avere una visione pi\u00f9 positiva della vita e che ha un fantastico percorso di benessere basato sui trattamenti Ayurveda. L\u2019Ayurveda utilizza antiche tecniche di guarigione composte da erbe, olii medicinali; per aiutarti a trovare il giusto trattamento innanzitutto consulterai un medico Ayurveda che sar\u00e0 in grado di consigliarti la migliore terapia Indiana tradizionale per le tue specifiche esigenze. Massaggi, trattamenti, terapie olistiche e cure, qualsiasi cosa chiedi, loro ce l\u2019hanno. Puoi anche prenotare pacchetti di un giorno o un intero ritiro all\u2019insegna del benessere.\u00a0<\/span><\/p>\n<\/div>\n            <\/div>\n\n        <\/div>\n            <div class=\"img-desc-large-box\" data-aos=\"fade-up\" tabindex=\"1\">\n\n                        <div class=\"img inline-bg-image lazyload\" role=\"img\" aria-label=\"Fanal\" style=\"background-image:inherit;\" data-bg-image=\"url(https:\/\/sit.com.mt\/wp-content\/uploads\/2020\/01\/gozo-3105847_1920-min.jpg)\"><\/div>\n\n            <div class=\"block-title\">\n                <div class=\"v-align\">\n                    <div class=\"title\">Ritiro di benessere<\/div>\n                <\/div>\n            <\/div>\n\n            <div class=\"block-content\">\n                <div class=\"title\">Ritiro di benessere<\/div>\n                <div class=\"para\"><p><span style=\"font-weight: 400;\">Che modo migliore di aiutare il tuo corpo, la tua mente e la tua anima a ringiovanire, rilassarsi, eliminare le tossine e trovare il giusto equilibrio se non un sano ritiro di benessere nella tranquilla e verde isola di Gozo? Questa oasi verde offre una gamma di SPA e trattamenti di benessere insieme con il Tradizionale Trattamento Ayurveda Indiano che include Terapie Olistiche e cure. Lezioni di yoga, consapevolezza, pasti e snack sani e tanto altro ancora pu\u00f2 essere parte del tuo fantastico, meritato e necessario ritiro di benessere.<\/span><\/p>\n<\/div>\n            <\/div>\n\n        <\/div>\n            <div class=\"img-desc-large-box\" data-aos=\"fade-up\" tabindex=\"1\">\n\n                        <div class=\"img inline-bg-image lazyload\" role=\"img\" aria-label=\"\" style=\"background-image:inherit;\" data-bg-image=\"url(https:\/\/sit.com.mt\/wp-content\/uploads\/2020\/11\/IMG_9480-scaled.jpg)\"><\/div>\n\n            <div class=\"block-title\">\n                <div class=\"v-align\">\n                    <div class=\"title\">Yoga<\/div>\n                <\/div>\n            <\/div>\n\n            <div class=\"block-content\">\n                <div class=\"title\">Yoga<\/div>\n                <div class=\"para\"><p><span style=\"font-weight: 400;\">Inizia o concludi la giornata salutando il sole con una lezione di Yoga in una location fantastica. Potrebbe essere in un bel giardino, in riva al mare o proprio in mezzo al mare su di un SUP. La maggior parte delle posizioni yoga (Asana) come il piegamento in avanti (Uttanasana), la posizione del gatto (Marjariasana), la posizione del bambino (Balasana), il cane a faccia in gi\u00f9 (Adho mukha svanasana) e molte altre sono veramente benefiche per la schiena ed il corpo dal momento che aiutano ad avere una migliore postura e ti liberano da alcuni dolori. Quindi perch\u00e8 non provare? Contattaci per maggiori informazioni.<\/span><\/p>\n<\/div>\n            <\/div>\n\n        <\/div>\n            <div class=\"img-desc-large-box\" data-aos=\"fade-up\" tabindex=\"1\">\n\n                        <div class=\"img inline-bg-image lazyload\" role=\"img\" aria-label=\"\" style=\"background-image:inherit;\" data-bg-image=\"url(https:\/\/sit.com.mt\/wp-content\/uploads\/2021\/02\/nature-3289812_640.jpg)\"><\/div>\n\n            <div class=\"block-title\">\n                <div class=\"v-align\">\n                    <div class=\"title\">Sostenibili\u00e0<\/div>\n                <\/div>\n            <\/div>\n\n            <div class=\"block-content\">\n                <div class=\"title\">Sostenibili\u00e0<\/div>\n                <div class=\"para\"><p><span style=\"font-weight: 400;\">La sostenibilit\u00e0 \u00e8 la chiave per un futuro migliore, che ci aiuter\u00e0 a preservare l&#8217;ambiente permettendo alle generazioni future di godere ancora della sua bellezza. Le Isole Maltesi offrono varie opportunit\u00e0 per svolgere attivit\u00e0 sostenibili come piantare alberi, pulire l\u2019ambiente, aiutare i locali con in loro prodotti e molto altro. Questo ti aiuter\u00e0 anche ad essere pi\u00f9 in armonia con te stesso e con l\u2019ambiente che ti circonda in quanto trascorrere del tempo all&#8217;aria aperta invoglia allo yoga o alla meditazione aumentando il nostro benessere mentale e fisico.<\/span><\/p>\n<\/div>\n            <\/div>\n\n        <\/div>\n            <div class=\"img-desc-large-box\" data-aos=\"fade-up\" tabindex=\"1\">\n\n                        <div class=\"img inline-bg-image lazyload\" role=\"img\" aria-label=\"people preparing to the tree planting\" style=\"background-image:inherit;\" data-bg-image=\"url(https:\/\/sit.com.mt\/wp-content\/uploads\/2019\/12\/incentives-1.png)\"><\/div>\n\n            <div class=\"block-title\">\n                <div class=\"v-align\">\n                    <div class=\"title\">Piantare alberi<\/div>\n                <\/div>\n            <\/div>\n\n            <div class=\"block-content\">\n                <div class=\"title\">Piantare alberi<\/div>\n                <div class=\"para\"><p><span style=\"font-weight: 400;\">Ti piacerebbe fare parte di un evento che pu\u00f2 cambiare il mondo e contribuire a lasciare la tua impronta nell\u2019isola per sempre? Possiamo aiutarti a realizzarlo! A Malta c\u2019\u00e8 un\u2019organizzazione il cuo scopo \u00e8 quello di seminare e piantare milioni di alberi e arbusti del genotipo nativo e riabilitare le riserve ecologiche, i terreni pubblici e quelli privati. Cosa c\u2019\u00e8 di meglio dell\u2019aiutarli a farlo assistendoli nel preparare vasi, seminare e piantare alberi da soli o in gruppo? C\u2019\u00e8 inoltre anche la possibilit\u00e0 di aiutare nell\u2019identificare e preparare il terreno per l\u2019imboschimento ripulendo dai rifiuti, estirpando e monitorando specie aliene che porteranno poi a piantare gli alberi.\u00a0<\/span><\/p>\n<p><span style=\"font-weight: 400;\">Fantastico no?! Questa esperienza ti lascer\u00e0 sicuramente soddisfatto e appagato per aver aiutato a migliorare l\u2019ambiente e costruire un futuro pi\u00f9 sostenibile per le prossime generazioni.\u00a0<\/span><\/p>\n<\/div>\n            <\/div>\n\n        <\/div>\n            <div class=\"img-desc-large-box\" data-aos=\"fade-up\" tabindex=\"1\">\n\n                        <div class=\"img inline-bg-image lazyload\" role=\"img\" aria-label=\"\" style=\"background-image:inherit;\" data-bg-image=\"url(https:\/\/sit.com.mt\/wp-content\/uploads\/2021\/02\/ocean-cleanup-group-EPPS6W5LdXs-unsplash-scaled.jpg)\"><\/div>\n\n            <div class=\"block-title\">\n                <div class=\"v-align\">\n                    <div class=\"title\">Ripulire l\u2019ambiente (terreni e spiagge)<\/div>\n                <\/div>\n            <\/div>\n\n            <div class=\"block-content\">\n                <div class=\"title\">Ripulire l\u2019ambiente (terreni e spiagge)<\/div>\n                <div class=\"para\"><p><span style=\"font-weight: 400;\">Cosa c&#8217;\u00e8 di meglio che aiutare l&#8217;ambiente e salvare la natura con orgoglio? Il nostro ambiente \u00e8 molto importante dato che \u00e8 l\u2019ecosistema in cui viviamo. Ne abbiamo solo uno e ce ne dobbiamo prendere cura, in modo da preservarlo per le generazioni future.\u00a0<\/span><\/p>\n<p><span style=\"font-weight: 400;\">Unisciti alle varie attivit\u00e0 di Malta e Gozo per ripulire aree che includono muri di pietre, giardini, aree pubbliche, spiagge e fai la tua parte nel salvaguardare l\u2019ambiente, ti assicuriamo che questo ti far\u00e0 sentire soddisfatto e pieno di gioia!<\/span><\/p>\n<\/div>\n            <\/div>\n\n        <\/div>\n            <div class=\"img-desc-large-box\" data-aos=\"fade-up\" tabindex=\"1\">\n\n                        <div class=\"img inline-bg-image lazyload\" role=\"img\" aria-label=\"\" style=\"background-image:inherit;\" data-bg-image=\"url(https:\/\/sit.com.mt\/wp-content\/uploads\/2021\/02\/Sea-Salt-Collection-1-scaled.jpg)\"><\/div>\n\n            <div class=\"block-title\">\n                <div class=\"v-align\">\n                    <div class=\"title\">Raccolta del sale marino <\/div>\n                <\/div>\n            <\/div>\n\n            <div class=\"block-content\">\n                <div class=\"title\">Raccolta del sale marino <\/div>\n                <div class=\"para\"><p><span style=\"font-weight: 400;\">Riscopri uno dei pi\u00f9 autentici e caratteristici mestieri facendoti coinvolgere nell\u2019attivit\u00e0 di raccolta del sale marino. A Xwejni Salt Pans a Gozo, circondati da un panorama che sembra essere uscito da un quadro, avrai l\u2019opportuni\u00e0 di vedere e provare con le tue mani come avviene la raccolta del sale marino nel modo pi\u00f9 tradizionale ed autentico. La raccolta del sale marino pu\u00f2 essere non solo un\u2019esperienza culturale, ma anche un\u2019attivit\u00e0 estremamente divertente per team e famiglie. Oltre ad aiutare la gente del posta a raccogliere il sale, potrai anche tornare a casa con un pacchetto di sale in regalo.<\/span><\/p>\n<\/div>\n            <\/div>\n\n        <\/div>\n    <\/div><\/div>\n\n<div class=\"tsdb-block\">\n    <div class=\"tsdb-wrap grey-bg includes-bg-text \">\n            <div class=\"inner\">\n\n                                \n                                \n                                \n                                                    <a href=\"\/it\/contattaci\/\" class=\"button\" target=\"\" data-aos=\"fade-up\">CONTATTACI<\/a>\n                                \n                \n            <\/div>\n\n                            <div class=\"bg-text\" data-aos=\"fade-up\">Retreat<\/div>\n                    <\/div>\n    \n    <\/div>\n\n<div class=\"more-services-block\">\n    <div class=\"more-services-wrap\">\n        <div class=\"inner clearfix\">\n\n            <div class=\"left\">\n                <div class=\"v-align\">\n                    <div data-aos=\"fade-right\">\n                        <h2 class=\"h2\">Potresti essere interessato anche a<\/h2>\n                        <h4 class=\"h4\">ARRIVIAMO SEMPRE AL PUNTO                            <span class=\"full-arrow is-right no-margin long\"><\/span>\n                        <\/h4>\n\n                                                                            <a href=\"\/it\/servizi\/\" class=\"button hide-m\" target=\"\">GUARDA TUTTI I NOSTRI<\/a>\n                                            <\/div>\n                <\/div>\n            <\/div>\n\n            <div class=\"right services\">\n                                    \n                                                \n                        \n                        \n                            \n                            <a href=\"https:\/\/sit.com.mt\/it\/servizi\/special-interest-groups\/\" class=\"link-wrap\" data-aos=\"fade-up\" data-aos-offset=\"50\">\n                                <div class=\"service inline-bg-image lazyload\" style=\"background-image:inherit;\" data-bg-image=\"url(https:\/\/sit.com.mt\/wp-content\/uploads\/2020\/05\/bg-change-otherleisure-scaled.jpg)\">\n\n                                    <div class=\"narrow-column\">\n                                        <div class=\"v-align\">\n                                            <div class=\"service-title\">Special Interest Groups<\/div>\n                                        <\/div>\n                                    <\/div>\n\n                                <\/div>\n                            <\/a>\n\n                        \n                    \n                                                \n                        \n                        \n                                                <\/div>\n\n                                        <a href=\"\/it\/servizi\/\" class=\"button hide-d\" target=\"\" data-aos=\"fade-up\">GUARDA TUTTI I NOSTRI<\/a>\n                    <\/div>\n    <\/div>\n\n    <\/div>","protected":false},"excerpt":{"rendered":"<p>SIT brings experience and expertise in all aspects of staging the perfect event &#8211; from an initial tailor made proposal, incentive programme to management and co-ordination of all aspects \u2013 we make it happen!<\/p>\n","protected":false},"author":6,"featured_media":0,"parent":4754,"menu_order":0,"comment_status":"closed","ping_status":"closed","template":"","meta":{"footnotes":""},"categories":[42],"class_list":["post-6224","page","type-page","status-publish","hentry","category-services-it-2"],"acf":[],"yoast_head":"<!-- This site is optimized with the Yoast SEO plugin v25.3 - https:\/\/yoast.com\/wordpress\/plugins\/seo\/ -->\n<title>Wellness Retreat on Malta &amp; Gozo | SIT Malta<\/title>\n<meta name=\"robots\" content=\"index, follow, max-snippet:-1, max-image-preview:large, max-video-preview:-1\" \/>\n<link rel=\"canonical\" href=\"https:\/\/sit.com.mt\/it\/gozo\/benessere\/\" \/>\n<meta property=\"og:locale\" content=\"it_IT\" \/>\n<meta property=\"og:type\" content=\"article\" \/>\n<meta property=\"og:title\" content=\"Wellness Retreat on Malta &amp; Gozo | SIT Malta\" \/>\n<meta property=\"og:description\" content=\"SIT brings experience and expertise in all aspects of staging the perfect event - from an initial tailor made proposal, incentive programme to management and co-ordination of all aspects \u2013 we make it happen!\" \/>\n<meta property=\"og:url\" content=\"https:\/\/sit.com.mt\/it\/gozo\/benessere\/\" \/>\n<meta property=\"og:site_name\" content=\"SIT Malta\" \/>\n<meta property=\"article:modified_time\" content=\"2021-03-24T18:06:07+00:00\" \/>\n<meta name=\"twitter:card\" content=\"summary_large_image\" \/>\n<script type=\"application\/ld+json\" class=\"yoast-schema-graph\">{\"@context\":\"https:\/\/schema.org\",\"@graph\":[{\"@type\":\"WebPage\",\"@id\":\"https:\/\/sit.com.mt\/it\/gozo\/benessere\/\",\"url\":\"https:\/\/sit.com.mt\/it\/gozo\/benessere\/\",\"name\":\"Wellness Retreat on Malta & Gozo | SIT Malta\",\"isPartOf\":{\"@id\":\"https:\/\/sit.com.mt\/#website\"},\"datePublished\":\"2021-02-07T16:18:53+00:00\",\"dateModified\":\"2021-03-24T18:06:07+00:00\",\"breadcrumb\":{\"@id\":\"https:\/\/sit.com.mt\/it\/gozo\/benessere\/#breadcrumb\"},\"inLanguage\":\"it-IT\",\"potentialAction\":[{\"@type\":\"ReadAction\",\"target\":[\"https:\/\/sit.com.mt\/it\/gozo\/benessere\/\"]}]},{\"@type\":\"BreadcrumbList\",\"@id\":\"https:\/\/sit.com.mt\/it\/gozo\/benessere\/#breadcrumb\",\"itemListElement\":[{\"@type\":\"ListItem\",\"position\":1,\"name\":\"Home\",\"item\":\"https:\/\/sit.com.mt\/it\/\"},{\"@type\":\"ListItem\",\"position\":2,\"name\":\"Gozo\",\"item\":\"https:\/\/sit.com.mt\/it\/gozo\/\"},{\"@type\":\"ListItem\",\"position\":3,\"name\":\"Wellness Retreat\"}]},{\"@type\":\"WebSite\",\"@id\":\"https:\/\/sit.com.mt\/#website\",\"url\":\"https:\/\/sit.com.mt\/\",\"name\":\"SIT Malta\",\"description\":\"Unique Travel Programs\",\"publisher\":{\"@id\":\"https:\/\/sit.com.mt\/#organization\"},\"potentialAction\":[{\"@type\":\"SearchAction\",\"target\":{\"@type\":\"EntryPoint\",\"urlTemplate\":\"https:\/\/sit.com.mt\/?s={search_term_string}\"},\"query-input\":{\"@type\":\"PropertyValueSpecification\",\"valueRequired\":true,\"valueName\":\"search_term_string\"}}],\"inLanguage\":\"it-IT\"},{\"@type\":\"Organization\",\"@id\":\"https:\/\/sit.com.mt\/#organization\",\"name\":\"SIT Mailta\",\"url\":\"https:\/\/sit.com.mt\/\",\"logo\":{\"@type\":\"ImageObject\",\"inLanguage\":\"it-IT\",\"@id\":\"https:\/\/sit.com.mt\/#\/schema\/logo\/image\/\",\"url\":\"https:\/\/sit.com.mt\/wp-content\/uploads\/2020\/01\/main-logo-new.svg\",\"contentUrl\":\"https:\/\/sit.com.mt\/wp-content\/uploads\/2020\/01\/main-logo-new.svg\",\"width\":1,\"height\":1,\"caption\":\"SIT Mailta\"},\"image\":{\"@id\":\"https:\/\/sit.com.mt\/#\/schema\/logo\/image\/\"}}]}<\/script>\n<!-- \/ Yoast SEO plugin. -->","yoast_head_json":{"title":"Wellness Retreat on Malta & Gozo | SIT Malta","robots":{"index":"index","follow":"follow","max-snippet":"max-snippet:-1","max-image-preview":"max-image-preview:large","max-video-preview":"max-video-preview:-1"},"canonical":"https:\/\/sit.com.mt\/it\/gozo\/benessere\/","og_locale":"it_IT","og_type":"article","og_title":"Wellness Retreat on Malta & Gozo | SIT Malta","og_description":"SIT brings experience and expertise in all aspects of staging the perfect event - from an initial tailor made proposal, incentive programme to management and co-ordination of all aspects \u2013 we make it happen!","og_url":"https:\/\/sit.com.mt\/it\/gozo\/benessere\/","og_site_name":"SIT Malta","article_modified_time":"2021-03-24T18:06:07+00:00","twitter_card":"summary_large_image","schema":{"@context":"https:\/\/schema.org","@graph":[{"@type":"WebPage","@id":"https:\/\/sit.com.mt\/it\/gozo\/benessere\/","url":"https:\/\/sit.com.mt\/it\/gozo\/benessere\/","name":"Wellness Retreat on Malta & Gozo | SIT Malta","isPartOf":{"@id":"https:\/\/sit.com.mt\/#website"},"datePublished":"2021-02-07T16:18:53+00:00","dateModified":"2021-03-24T18:06:07+00:00","breadcrumb":{"@id":"https:\/\/sit.com.mt\/it\/gozo\/benessere\/#breadcrumb"},"inLanguage":"it-IT","potentialAction":[{"@type":"ReadAction","target":["https:\/\/sit.com.mt\/it\/gozo\/benessere\/"]}]},{"@type":"BreadcrumbList","@id":"https:\/\/sit.com.mt\/it\/gozo\/benessere\/#breadcrumb","itemListElement":[{"@type":"ListItem","position":1,"name":"Home","item":"https:\/\/sit.com.mt\/it\/"},{"@type":"ListItem","position":2,"name":"Gozo","item":"https:\/\/sit.com.mt\/it\/gozo\/"},{"@type":"ListItem","position":3,"name":"Wellness Retreat"}]},{"@type":"WebSite","@id":"https:\/\/sit.com.mt\/#website","url":"https:\/\/sit.com.mt\/","name":"SIT Malta","description":"Unique Travel Programs","publisher":{"@id":"https:\/\/sit.com.mt\/#organization"},"potentialAction":[{"@type":"SearchAction","target":{"@type":"EntryPoint","urlTemplate":"https:\/\/sit.com.mt\/?s={search_term_string}"},"query-input":{"@type":"PropertyValueSpecification","valueRequired":true,"valueName":"search_term_string"}}],"inLanguage":"it-IT"},{"@type":"Organization","@id":"https:\/\/sit.com.mt\/#organization","name":"SIT Mailta","url":"https:\/\/sit.com.mt\/","logo":{"@type":"ImageObject","inLanguage":"it-IT","@id":"https:\/\/sit.com.mt\/#\/schema\/logo\/image\/","url":"https:\/\/sit.com.mt\/wp-content\/uploads\/2020\/01\/main-logo-new.svg","contentUrl":"https:\/\/sit.com.mt\/wp-content\/uploads\/2020\/01\/main-logo-new.svg","width":1,"height":1,"caption":"SIT Mailta"},"image":{"@id":"https:\/\/sit.com.mt\/#\/schema\/logo\/image\/"}}]}},"_links":{"self":[{"href":"https:\/\/sit.com.mt\/it\/wp-json\/wp\/v2\/pages\/6224","targetHints":{"allow":["GET"]}}],"collection":[{"href":"https:\/\/sit.com.mt\/it\/wp-json\/wp\/v2\/pages"}],"about":[{"href":"https:\/\/sit.com.mt\/it\/wp-json\/wp\/v2\/types\/page"}],"author":[{"embeddable":true,"href":"https:\/\/sit.com.mt\/it\/wp-json\/wp\/v2\/users\/6"}],"replies":[{"embeddable":true,"href":"https:\/\/sit.com.mt\/it\/wp-json\/wp\/v2\/comments?post=6224"}],"version-history":[{"count":0,"href":"https:\/\/sit.com.mt\/it\/wp-json\/wp\/v2\/pages\/6224\/revisions"}],"up":[{"embeddable":true,"href":"https:\/\/sit.com.mt\/it\/wp-json\/wp\/v2\/pages\/4754"}],"wp:attachment":[{"href":"https:\/\/sit.com.mt\/it\/wp-json\/wp\/v2\/media?parent=6224"}],"wp:term":[{"taxonomy":"category","embeddable":true,"href":"https:\/\/sit.com.mt\/it\/wp-json\/wp\/v2\/categories?post=6224"}],"curies":[{"name":"wp","href":"https:\/\/api.w.org\/{rel}","templated":true}]}}